{"id":5651,"date":"2022-02-22T03:22:57","date_gmt":"2022-02-22T03:22:57","guid":{"rendered":"https:\/\/medicinasinc.com\/it\/?post_type=product&#038;p=5651"},"modified":"2022-08-04T08:56:43","modified_gmt":"2022-08-04T08:56:43","slug":"comprare-ossicodone-polvere","status":"publish","type":"product","link":"https:\/\/medicinasinc.com\/it\/product\/comprare-ossicodone-polvere\/","title":{"rendered":"Acquista polvere di ossicodone"},"content":{"rendered":"<p>Puoi acquistare polvere di ossicodone di alta qualit\u00e0 da un sito Web come questo:<br \/>\nLa polvere di ossicodone in vendita pu\u00f2 aiutarti a porre fine al dolore e a guarire.<\/p>\n<p>L&#8217;ossicodone fa parte di un gruppo di medicinali chiamati analgesici narcotici. \u00c8 usato per trattare il dolore cronico che \u00e8 molto grave quando altri trattamenti non funzionano abbastanza bene. Le forme di prescrizione di questo farmaco hanno lo scopo di aiutare le persone che hanno l&#8217;artrite, il cancro o altri problemi fisici tutto il giorno. Il modo in cui funziona \u00e8 simile a come funzionano gli altri oppiacei. Si lega ai recettori nel cervello e cambia il modo in cui il cervello risponde al dolore.<\/p>\n<p>La polvere di ossicodone in vendita \u00e8 un ingrediente potente in una variet\u00e0 di antidolorifici disponibili in diverse forme e dimensioni. Di solito viene somministrato con ibuprofene e aspirina, ma pu\u00f2 anche essere somministrato da solo.<\/p>\n<p>La polvere di ossicodone pu\u00f2 essere acquistata online dal negozio pi\u00f9 noto degli Stati Uniti.<\/p>\n<p>Bestgoalmeds. com\u00a0Shop \u00e8 un&#8217;azienda orientata al valore che vende i migliori farmaci da oltre 15 anni. Nel nostro negozio puoi acquistare polvere di ossicodone la cui qualit\u00e0 \u00e8 stata controllata in un laboratorio autorizzato. Dagli Stati Uniti all&#8217;Asia, serviamo clienti da tutto il mondo. \u00c8 facile acquistare i nostri prodotti perch\u00e9 sono legali e non devi preoccuparti di nulla. Quando si tratta di noi, manteniamo tutto privato perch\u00e9 apprezziamo la tua privacy. Ti preghiamo di contattarci in caso di domande o dubbi!<\/p>\n","protected":false},"excerpt":{"rendered":"<div class=\"woocommerce-product-details__short-description\">\n<p>Acquista polvere di ossicodone nel Regno Unito e in Europa su medicinasinc.com, dove puoi ottenerlo rapidamente da tutto il mondo. \u00c8 qui che puoi acquistare la migliore polvere di ossicodone che puoi trovare.<\/p>\n<p>Puoi acquistare online polvere di ossicodone di alta qualit\u00e0 per il dolore da moderato a severo quando devi essere indolore tutto il giorno e la notte per molto tempo tempo.<\/p>\n<p>Puoi acquistare polvere di ossicodone su Internet al miglior prezzo. USpharma Shop \u00e8 una nota farmacia online che vende farmaci legali. Ordina online e risparmia tempo e denaro.<\/p>\n<p>L&#8217;ossicodone (sfuso) \u00e8 al 100% in polvere. Ossicodone \u00e8 il nome generico (alla rinfusa). Visualizza il coupon gratuito. In questa sezione imparerai come usarlo, cosa fa, cosa pu\u00f2 fare e come evitarlo.<\/p>\n<p>Uno dei tanti alcaloidi del papavero persiano si chiama tebaina e la polvere di ossicodone \u00e8 fatto da questo alcaloide. La polvere di ossicodone \u00e8 una polvere cristallina bianca, inodore, composta da questo alcaloide. L&#8217;ossicodone cloridrato si dissolve in acqua (1 g in 6-7 ml) ed \u00e8 un po&#8217; solubile in alcol, ma non molto (il coefficiente di ripartizione dell&#8217;acqua di ottanolo \u00e8 0,7).<\/p>\n<p>L&#8217;ossicodone cloridrato \u00e8 composto da 4 , 5a-epossi-14-idrossi-3-metossi-17-metilmorfinan-6-one cloridrato, che \u00e8 il nome chimico.<\/p>\n<p>Un analgesico oppioide semisintetico chiamato polvere di ossicodone \u00e8 usato per trattare da moderati a dolore intenso. La polvere di ossicodone viene solitamente utilizzata per trattare il dolore da moderato a grave. Quando l&#8217;ossicodone fu prodotto in Germania nel 1917, faceva parte di un gruppo di oppioidi semisintetici realizzati per migliorare gli oppioidi esistenti.<\/p>\n<\/div>\n","protected":false},"featured_media":5660,"comment_status":"open","ping_status":"closed","template":"","meta":[],"product_brand":[],"product_cat":[2014],"product_tag":[3416,3418,3415,3431,3419,3417,3428,3423,3422,3420,3421,3426,3427,3429,3424,3430,3425],"class_list":{"0":"post-5651","1":"product","2":"type-product","3":"status-publish","4":"has-post-thumbnail","6":"product_cat-compra-ricerca-prodotti-chimici","7":"product_tag-comprare-ossicodone-polvere","8":"product_tag-ossicodone-polvere-acquisto","9":"product_tag-best-place-to-buy-oxycodone-powder","10":"product_tag-dove-acquistare-la-polvere-di-ossicodone","11":"product_tag-ossicodone-effetto-polvere","12":"product_tag-order-oxycodone-powder","13":"product_tag-ossicodone-polvere-ordine-uk","14":"product_tag-ossicodone-polvere-germania","15":"product_tag-ossicodone-polvere-in-vendita-uk","16":"product_tag-oxycodone-powder-europe","17":"product_tag-oxycodone-powder-for-sale","18":"product_tag-oxycodone-powder-online","19":"product_tag-oxycodone-powder-order","20":"product_tag-ossicodone-polvere-reddit","21":"product_tag-posta-in-polvere-di-ossicodone","22":"product_tag-vendita-di-ossicodone-in-polvere","23":"product_tag-ossicodone-in-polvere-per-corrispondenza","25":"first","26":"instock","27":"shipping-taxable","28":"purchasable","29":"product-type-variable","30":"has-default-attributes"},"yoast_head":"<!-- This site is optimized with the Yoast SEO plugin v27.3 - https:\/\/yoast.com\/product\/yoast-seo-wordpress\/ -->\n<title>Acquista polvere di ossicodone - polvere di ossicodone - Best Global Meds<\/title>\n<meta name=\"description\" content=\"Acquista polvere di ossicodone nel Regno Unito, in Europa nel nostro negozio online medicinasinc.com con consegna veloce in tutto il mondo! La migliore polvere di ossicodone per l&#039;ordinazione la trovi qui!\" \/>\n<meta name=\"robots\" content=\"index, follow, max-snippet:-1, max-image-preview:large, max-video-preview:-1\" \/>\n<link rel=\"canonical\" href=\"https:\/\/medicinasinc.com\/it\/product\/comprare-ossicodone-polvere\/\" \/>\n<meta property=\"og:locale\" content=\"it_IT\" \/>\n<meta property=\"og:type\" content=\"article\" \/>\n<meta property=\"og:title\" content=\"Acquista polvere di ossicodone - polvere di ossicodone - Best Global Meds\" \/>\n<meta property=\"og:description\" content=\"Acquista polvere di ossicodone nel Regno Unito, in Europa nel nostro negozio online medicinasinc.com con consegna veloce in tutto il mondo! La migliore polvere di ossicodone per l&#039;ordinazione la trovi qui!\" \/>\n<meta property=\"og:url\" content=\"https:\/\/medicinasinc.com\/it\/product\/comprare-ossicodone-polvere\/\" \/>\n<meta property=\"og:site_name\" content=\"Medicinas Inc\" \/>\n<meta property=\"article:modified_time\" content=\"2022-08-04T08:56:43+00:00\" \/>\n<meta property=\"og:image\" content=\"https:\/\/medicinasinc.com\/it\/wp-content\/uploads\/sites\/4\/2022\/02\/Buy-oxycodone-powder.jpeg\" \/>\n\t<meta property=\"og:image:width\" content=\"510\" \/>\n\t<meta property=\"og:image:height\" content=\"389\" \/>\n\t<meta property=\"og:image:type\" content=\"image\/jpeg\" \/>\n<meta name=\"twitter:card\" content=\"summary_large_image\" \/>\n<meta name=\"twitter:label1\" content=\"Tempo di lettura stimato\" \/>\n\t<meta name=\"twitter:data1\" content=\"2 minuti\" \/>\n<script type=\"application\/ld+json\" class=\"yoast-schema-graph\">{\"@context\":\"https:\\\/\\\/schema.org\",\"@graph\":[{\"@type\":\"WebPage\",\"@id\":\"https:\\\/\\\/medicinasinc.com\\\/it\\\/product\\\/comprare-ossicodone-polvere\\\/\",\"url\":\"https:\\\/\\\/medicinasinc.com\\\/it\\\/product\\\/comprare-ossicodone-polvere\\\/\",\"name\":\"Acquista polvere di ossicodone - polvere di ossicodone - Best Global Meds\",\"isPartOf\":{\"@id\":\"https:\\\/\\\/medicinasinc.com\\\/it\\\/#website\"},\"primaryImageOfPage\":{\"@id\":\"https:\\\/\\\/medicinasinc.com\\\/it\\\/product\\\/comprare-ossicodone-polvere\\\/#primaryimage\"},\"image\":{\"@id\":\"https:\\\/\\\/medicinasinc.com\\\/it\\\/product\\\/comprare-ossicodone-polvere\\\/#primaryimage\"},\"thumbnailUrl\":\"https:\\\/\\\/medicinasinc.com\\\/it\\\/wp-content\\\/uploads\\\/sites\\\/4\\\/2022\\\/02\\\/Buy-oxycodone-powder.jpeg\",\"datePublished\":\"2022-02-22T03:22:57+00:00\",\"dateModified\":\"2022-08-04T08:56:43+00:00\",\"description\":\"Acquista polvere di ossicodone nel Regno Unito, in Europa nel nostro negozio online medicinasinc.com con consegna veloce in tutto il mondo! La migliore polvere di ossicodone per l'ordinazione la trovi qui!\",\"breadcrumb\":{\"@id\":\"https:\\\/\\\/medicinasinc.com\\\/it\\\/product\\\/comprare-ossicodone-polvere\\\/#breadcrumb\"},\"inLanguage\":\"it-IT\",\"potentialAction\":[{\"@type\":\"ReadAction\",\"target\":[\"https:\\\/\\\/medicinasinc.com\\\/it\\\/product\\\/comprare-ossicodone-polvere\\\/\"]}]},{\"@type\":\"ImageObject\",\"inLanguage\":\"it-IT\",\"@id\":\"https:\\\/\\\/medicinasinc.com\\\/it\\\/product\\\/comprare-ossicodone-polvere\\\/#primaryimage\",\"url\":\"https:\\\/\\\/medicinasinc.com\\\/it\\\/wp-content\\\/uploads\\\/sites\\\/4\\\/2022\\\/02\\\/Buy-oxycodone-powder.jpeg\",\"contentUrl\":\"https:\\\/\\\/medicinasinc.com\\\/it\\\/wp-content\\\/uploads\\\/sites\\\/4\\\/2022\\\/02\\\/Buy-oxycodone-powder.jpeg\",\"width\":510,\"height\":389},{\"@type\":\"BreadcrumbList\",\"@id\":\"https:\\\/\\\/medicinasinc.com\\\/it\\\/product\\\/comprare-ossicodone-polvere\\\/#breadcrumb\",\"itemListElement\":[{\"@type\":\"ListItem\",\"position\":1,\"name\":\"Negozio\",\"item\":\"https:\\\/\\\/medicinasinc.com\\\/it\\\/negozio\\\/\"},{\"@type\":\"ListItem\",\"position\":2,\"name\":\"Acquista polvere di ossicodone\"}]},{\"@type\":\"WebSite\",\"@id\":\"https:\\\/\\\/medicinasinc.com\\\/it\\\/#website\",\"url\":\"https:\\\/\\\/medicinasinc.com\\\/it\\\/\",\"name\":\"Medicinas Inc\",\"description\":\"Health Medical Clinic\",\"potentialAction\":[{\"@type\":\"SearchAction\",\"target\":{\"@type\":\"EntryPoint\",\"urlTemplate\":\"https:\\\/\\\/medicinasinc.com\\\/it\\\/?s={search_term_string}\"},\"query-input\":{\"@type\":\"PropertyValueSpecification\",\"valueRequired\":true,\"valueName\":\"search_term_string\"}}],\"inLanguage\":\"it-IT\"}]}<\/script>\n<!-- \/ Yoast SEO plugin. -->","yoast_head_json":{"title":"Acquista polvere di ossicodone - polvere di ossicodone - Best Global Meds","description":"Acquista polvere di ossicodone nel Regno Unito, in Europa nel nostro negozio online medicinasinc.com con consegna veloce in tutto il mondo! La migliore polvere di ossicodone per l'ordinazione la trovi qui!","robots":{"index":"index","follow":"follow","max-snippet":"max-snippet:-1","max-image-preview":"max-image-preview:large","max-video-preview":"max-video-preview:-1"},"canonical":"https:\/\/medicinasinc.com\/it\/product\/comprare-ossicodone-polvere\/","og_locale":"it_IT","og_type":"article","og_title":"Acquista polvere di ossicodone - polvere di ossicodone - Best Global Meds","og_description":"Acquista polvere di ossicodone nel Regno Unito, in Europa nel nostro negozio online medicinasinc.com con consegna veloce in tutto il mondo! La migliore polvere di ossicodone per l'ordinazione la trovi qui!","og_url":"https:\/\/medicinasinc.com\/it\/product\/comprare-ossicodone-polvere\/","og_site_name":"Medicinas Inc","article_modified_time":"2022-08-04T08:56:43+00:00","og_image":[{"width":510,"height":389,"url":"https:\/\/medicinasinc.com\/it\/wp-content\/uploads\/sites\/4\/2022\/02\/Buy-oxycodone-powder.jpeg","type":"image\/jpeg"}],"twitter_card":"summary_large_image","twitter_misc":{"Tempo di lettura stimato":"2 minuti"},"schema":{"@context":"https:\/\/schema.org","@graph":[{"@type":"WebPage","@id":"https:\/\/medicinasinc.com\/it\/product\/comprare-ossicodone-polvere\/","url":"https:\/\/medicinasinc.com\/it\/product\/comprare-ossicodone-polvere\/","name":"Acquista polvere di ossicodone - polvere di ossicodone - Best Global Meds","isPartOf":{"@id":"https:\/\/medicinasinc.com\/it\/#website"},"primaryImageOfPage":{"@id":"https:\/\/medicinasinc.com\/it\/product\/comprare-ossicodone-polvere\/#primaryimage"},"image":{"@id":"https:\/\/medicinasinc.com\/it\/product\/comprare-ossicodone-polvere\/#primaryimage"},"thumbnailUrl":"https:\/\/medicinasinc.com\/it\/wp-content\/uploads\/sites\/4\/2022\/02\/Buy-oxycodone-powder.jpeg","datePublished":"2022-02-22T03:22:57+00:00","dateModified":"2022-08-04T08:56:43+00:00","description":"Acquista polvere di ossicodone nel Regno Unito, in Europa nel nostro negozio online medicinasinc.com con consegna veloce in tutto il mondo! La migliore polvere di ossicodone per l'ordinazione la trovi qui!","breadcrumb":{"@id":"https:\/\/medicinasinc.com\/it\/product\/comprare-ossicodone-polvere\/#breadcrumb"},"inLanguage":"it-IT","potentialAction":[{"@type":"ReadAction","target":["https:\/\/medicinasinc.com\/it\/product\/comprare-ossicodone-polvere\/"]}]},{"@type":"ImageObject","inLanguage":"it-IT","@id":"https:\/\/medicinasinc.com\/it\/product\/comprare-ossicodone-polvere\/#primaryimage","url":"https:\/\/medicinasinc.com\/it\/wp-content\/uploads\/sites\/4\/2022\/02\/Buy-oxycodone-powder.jpeg","contentUrl":"https:\/\/medicinasinc.com\/it\/wp-content\/uploads\/sites\/4\/2022\/02\/Buy-oxycodone-powder.jpeg","width":510,"height":389},{"@type":"BreadcrumbList","@id":"https:\/\/medicinasinc.com\/it\/product\/comprare-ossicodone-polvere\/#breadcrumb","itemListElement":[{"@type":"ListItem","position":1,"name":"Negozio","item":"https:\/\/medicinasinc.com\/it\/negozio\/"},{"@type":"ListItem","position":2,"name":"Acquista polvere di ossicodone"}]},{"@type":"WebSite","@id":"https:\/\/medicinasinc.com\/it\/#website","url":"https:\/\/medicinasinc.com\/it\/","name":"Medicinas Inc","description":"Health Medical Clinic","potentialAction":[{"@type":"SearchAction","target":{"@type":"EntryPoint","urlTemplate":"https:\/\/medicinasinc.com\/it\/?s={search_term_string}"},"query-input":{"@type":"PropertyValueSpecification","valueRequired":true,"valueName":"search_term_string"}}],"inLanguage":"it-IT"}]}},"_links":{"self":[{"href":"https:\/\/medicinasinc.com\/it\/wp-json\/wp\/v2\/product\/5651","targetHints":{"allow":["GET"]}}],"collection":[{"href":"https:\/\/medicinasinc.com\/it\/wp-json\/wp\/v2\/product"}],"about":[{"href":"https:\/\/medicinasinc.com\/it\/wp-json\/wp\/v2\/types\/product"}],"replies":[{"embeddable":true,"href":"https:\/\/medicinasinc.com\/it\/wp-json\/wp\/v2\/comments?post=5651"}],"wp:featuredmedia":[{"embeddable":true,"href":"https:\/\/medicinasinc.com\/it\/wp-json\/wp\/v2\/media\/5660"}],"wp:attachment":[{"href":"https:\/\/medicinasinc.com\/it\/wp-json\/wp\/v2\/media?parent=5651"}],"wp:term":[{"taxonomy":"product_brand","embeddable":true,"href":"https:\/\/medicinasinc.com\/it\/wp-json\/wp\/v2\/product_brand?post=5651"},{"taxonomy":"product_cat","embeddable":true,"href":"https:\/\/medicinasinc.com\/it\/wp-json\/wp\/v2\/product_cat?post=5651"},{"taxonomy":"product_tag","embeddable":true,"href":"https:\/\/medicinasinc.com\/it\/wp-json\/wp\/v2\/product_tag?post=5651"}],"curies":[{"name":"wp","href":"https:\/\/api.w.org\/{rel}","templated":true}]}}