{"id":5638,"date":"2022-02-22T03:11:29","date_gmt":"2022-02-22T03:11:29","guid":{"rendered":"https:\/\/medicinasinc.com\/it\/?post_type=product&#038;p=5638"},"modified":"2022-08-04T08:42:24","modified_gmt":"2022-08-04T08:42:24","slug":"compra-sextacy-sale-da-bagno","status":"publish","type":"product","link":"https:\/\/medicinasinc.com\/it\/product\/compra-sextacy-sale-da-bagno\/","title":{"rendered":"Acquista il sale da bagno Sextacy"},"content":{"rendered":"<p>Acquista il sale da bagno Sextacy da un negozio online come questo:<br \/>\nAcquista alcuni sali da bagno Sextacy da utilizzare nella vasca da bagno.<\/p>\n<p>Questo \u00e8 un sale da bagno concentrato. Tuttavia, puoi ancora rilassarti e lasciare che Sextacy ti distragga dalle cose per un po&#8217;. Fai un bagno caldo e aggiungi il contenuto. Questo ammorbidir\u00e0 l&#8217;acqua in modo naturale, il che ti far\u00e0 sentire molto calmo e lenito.<\/p>\n<p>\u00c8 molto importante iniziare con una quantit\u00e0 molto piccola di sale da bagno Sextacy per vedere come reagisce il tuo corpo. Poich\u00e9 Sextacy Ultimate \u00e8 cos\u00ec forte, potresti aver bisogno di usarne di pi\u00f9 nella vasca da bagno per ottenere il pieno relax che desideri.<\/p>\n<p>Sextacy \u00e8 un grosso problema.<\/p>\n<p>Nel test MP , ecco cosa \u00e8 successo:<\/p>\n<p>Se Ivory Wave non \u00e8 abbastanza per te, questa \u00e8 la versione pi\u00f9 potente di un prodotto eccezionale e di fascia alta. \u00c8 molto simile a Ivory Wave, ma ha alcuni ingredienti extra che lo rendono ancora migliore. Tuttavia, ti rende molto molto eccitato e ti fa sentire come se fossi in un sogno nel mezzo del tuo bagno. Sar\u00e0 molto forte e dovresti stare attento quando lo usi. Render\u00e0 il tuo bagno molto veloce. Inizia con pochissimo. Per 6-9 ore, arriva in circa 10 minuti e dura cos\u00ec a lungo. Tuttavia, il sale da bagno Sextacy \u00e8 molto simile a Ivory Ultra, ma ha ancora il suo tocco magico LOL. Tuttavia, questo \u00e8 un ottimo prodotto, quindi lo consiglierei con cautela e manterr\u00f2 il feedback in arrivo! Un must!<\/p>\n<p>Bicarbonato di sodio, cloruro di sodio, sale marino profondo, minerali e altri oligoelementi naturali sono alcuni degli ingredienti.<\/p>\n<p>Legalit\u00e0: questo prodotto \u00e8 legale in ogni paese perch\u00e9 \u00e8 fatto con erbe aromatiche.<\/p>\n<p>In questo caso, i sali da bagno concentrati White Girl 500mg sono ci\u00f2 di cui hai bisogno.<br \/>\n500mg di sali da bagno White Lady<br \/>\nI sali da bagno concentrati Bliss hanno 500 mg di sale in ogni busta.<br \/>\nI sali da bagno Snow Leopard ne contengono 500 mg in ogni busta.<br \/>\n500 mg di sali da bagno extra da Lunar Wave. 500 mg di sale da bagno concentrato di White Horse.<br \/>\n500 mg di sali da bagno tonificanti<br \/>\n500 mg di sale da bagno Cloud 10<br \/>\nBlue Magic: sali da bagno 500 mg<br \/>\nIl sale da bagno con il nome Scarface ha 500 mg di esso.<br \/>\nAnche molte altre persone.<\/p>\n","protected":false},"excerpt":{"rendered":"<div class=\"woocommerce-product-details__short-description\">\n<p>\u00c8 facile acquistare il sale da bagno Sextacy online dal nostro negozio medicinasinc.com e riceverlo rapidamente a casa tua in Europa e nel Regno Unito. Il posto migliore per acquistare il sale da bagno Sextacy \u00e8 qui!<\/p>\n<p>Acquista 50 pacchetti di sale da bagno concentrato per sextacy su Internet. Sextacy concentrata: 10 pacchetti da 10 Acquista sextacy concentrata 20 pacchetti di sale da bagno su Internet.<\/p>\n<p>Ci sono molti siti Web in cui puoi acquistare molti sali da bagno per un sacco di soldi.<\/p>\n<p>Online, puoi acquistare sali da bagno per la sessualit\u00e0 da Global Medicine. Il sale da bagno Sextacy per i prezzi di vendita pu\u00f2 essere scoperto leggendo questo testo<\/p>\n<\/div>\n","protected":false},"featured_media":5650,"comment_status":"open","ping_status":"closed","template":"","meta":[],"product_brand":[],"product_cat":[2014],"product_tag":[3398,3399,3396,3397,3406,3413,3400,3401,3402,3404,3409,3410,3411,3403,3414,3405,3407,3412,3408],"class_list":{"0":"post-5638","1":"product","2":"type-product","3":"status-publish","4":"has-post-thumbnail","6":"product_cat-compra-ricerca-prodotti-chimici","7":"product_tag-compra-sextacy-sale-da-bagno","8":"product_tag-compra-sextacy-sali-da-bagno-uk","9":"product_tag-best-place-to-buy-sextacy-bath-salt","10":"product_tag-best-sextacy-bath-salt","11":"product_tag-sextacy-bagno-sale-effetto","12":"product_tag-sextacy-bagno-sale-fornitore","13":"product_tag-order-sextacy-bath-salt","14":"product_tag-rivendere-sextacy-sale-da-bagno","15":"product_tag-sextacy-sale-da-bagno","16":"product_tag-sextacy-bath-salt-buy","17":"product_tag-sextacy-bath-salt-online","18":"product_tag-sextacy-bath-salt-order","19":"product_tag-sextacy-bath-salt-reddit","20":"product_tag-sextacy-bagno-sale-alibaba","21":"product_tag-sextacy-bagno-sale-allingrosso","22":"product_tag-sextacy-bagno-sale-cina","23":"product_tag-sextacy-bagno-sale-europa","24":"product_tag-sextacy-sale-da-bagno-vendita","25":"product_tag-sextacy-sale-da-bagno-in-vendita","27":"first","28":"instock","29":"shipping-taxable","30":"purchasable","31":"product-type-variable"},"yoast_head":"<!-- This site is optimized with the Yoast SEO plugin v27.3 - https:\/\/yoast.com\/product\/yoast-seo-wordpress\/ -->\n<title>Acquista Sextacy Bath Salt - Sextacy Bath Salt - Best Global Meds<\/title>\n<meta name=\"description\" content=\"Acquista il sale da bagno Sextacy in vendita nel Regno Unito, in Europa nel nostro negozio online medicinasinc.com con consegna veloce in tutto il mondo! Troverai il miglior sale da bagno Sextacy per l&#039;ordinazione!\" \/>\n<meta name=\"robots\" content=\"index, follow, max-snippet:-1, max-image-preview:large, max-video-preview:-1\" \/>\n<link rel=\"canonical\" href=\"https:\/\/medicinasinc.com\/it\/product\/compra-sextacy-sale-da-bagno\/\" \/>\n<meta property=\"og:locale\" content=\"it_IT\" \/>\n<meta property=\"og:type\" content=\"article\" \/>\n<meta property=\"og:title\" content=\"Acquista Sextacy Bath Salt - Sextacy Bath Salt - Best Global Meds\" \/>\n<meta property=\"og:description\" content=\"Acquista il sale da bagno Sextacy in vendita nel Regno Unito, in Europa nel nostro negozio online medicinasinc.com con consegna veloce in tutto il mondo! Troverai il miglior sale da bagno Sextacy per l&#039;ordinazione!\" \/>\n<meta property=\"og:url\" content=\"https:\/\/medicinasinc.com\/it\/product\/compra-sextacy-sale-da-bagno\/\" \/>\n<meta property=\"og:site_name\" content=\"Medicinas Inc\" \/>\n<meta property=\"article:modified_time\" content=\"2022-08-04T08:42:24+00:00\" \/>\n<meta property=\"og:image\" content=\"https:\/\/medicinasinc.com\/it\/wp-content\/uploads\/sites\/4\/2022\/02\/Buy-Sextacy-Bath-Salt.jpg\" \/>\n\t<meta property=\"og:image:width\" content=\"600\" \/>\n\t<meta property=\"og:image:height\" content=\"600\" \/>\n\t<meta property=\"og:image:type\" content=\"image\/jpeg\" \/>\n<meta name=\"twitter:card\" content=\"summary_large_image\" \/>\n<meta name=\"twitter:label1\" content=\"Tempo di lettura stimato\" \/>\n\t<meta name=\"twitter:data1\" content=\"3 minuti\" \/>\n<script type=\"application\/ld+json\" class=\"yoast-schema-graph\">{\"@context\":\"https:\\\/\\\/schema.org\",\"@graph\":[{\"@type\":\"WebPage\",\"@id\":\"https:\\\/\\\/medicinasinc.com\\\/it\\\/product\\\/compra-sextacy-sale-da-bagno\\\/\",\"url\":\"https:\\\/\\\/medicinasinc.com\\\/it\\\/product\\\/compra-sextacy-sale-da-bagno\\\/\",\"name\":\"Acquista Sextacy Bath Salt - Sextacy Bath Salt - Best Global Meds\",\"isPartOf\":{\"@id\":\"https:\\\/\\\/medicinasinc.com\\\/it\\\/#website\"},\"primaryImageOfPage\":{\"@id\":\"https:\\\/\\\/medicinasinc.com\\\/it\\\/product\\\/compra-sextacy-sale-da-bagno\\\/#primaryimage\"},\"image\":{\"@id\":\"https:\\\/\\\/medicinasinc.com\\\/it\\\/product\\\/compra-sextacy-sale-da-bagno\\\/#primaryimage\"},\"thumbnailUrl\":\"https:\\\/\\\/medicinasinc.com\\\/it\\\/wp-content\\\/uploads\\\/sites\\\/4\\\/2022\\\/02\\\/Buy-Sextacy-Bath-Salt.jpg\",\"datePublished\":\"2022-02-22T03:11:29+00:00\",\"dateModified\":\"2022-08-04T08:42:24+00:00\",\"description\":\"Acquista il sale da bagno Sextacy in vendita nel Regno Unito, in Europa nel nostro negozio online medicinasinc.com con consegna veloce in tutto il mondo! Troverai il miglior sale da bagno Sextacy per l'ordinazione!\",\"breadcrumb\":{\"@id\":\"https:\\\/\\\/medicinasinc.com\\\/it\\\/product\\\/compra-sextacy-sale-da-bagno\\\/#breadcrumb\"},\"inLanguage\":\"it-IT\",\"potentialAction\":[{\"@type\":\"ReadAction\",\"target\":[\"https:\\\/\\\/medicinasinc.com\\\/it\\\/product\\\/compra-sextacy-sale-da-bagno\\\/\"]}]},{\"@type\":\"ImageObject\",\"inLanguage\":\"it-IT\",\"@id\":\"https:\\\/\\\/medicinasinc.com\\\/it\\\/product\\\/compra-sextacy-sale-da-bagno\\\/#primaryimage\",\"url\":\"https:\\\/\\\/medicinasinc.com\\\/it\\\/wp-content\\\/uploads\\\/sites\\\/4\\\/2022\\\/02\\\/Buy-Sextacy-Bath-Salt.jpg\",\"contentUrl\":\"https:\\\/\\\/medicinasinc.com\\\/it\\\/wp-content\\\/uploads\\\/sites\\\/4\\\/2022\\\/02\\\/Buy-Sextacy-Bath-Salt.jpg\",\"width\":600,\"height\":600},{\"@type\":\"BreadcrumbList\",\"@id\":\"https:\\\/\\\/medicinasinc.com\\\/it\\\/product\\\/compra-sextacy-sale-da-bagno\\\/#breadcrumb\",\"itemListElement\":[{\"@type\":\"ListItem\",\"position\":1,\"name\":\"Negozio\",\"item\":\"https:\\\/\\\/medicinasinc.com\\\/it\\\/negozio\\\/\"},{\"@type\":\"ListItem\",\"position\":2,\"name\":\"Acquista il sale da bagno Sextacy\"}]},{\"@type\":\"WebSite\",\"@id\":\"https:\\\/\\\/medicinasinc.com\\\/it\\\/#website\",\"url\":\"https:\\\/\\\/medicinasinc.com\\\/it\\\/\",\"name\":\"Medicinas Inc\",\"description\":\"Health Medical Clinic\",\"potentialAction\":[{\"@type\":\"SearchAction\",\"target\":{\"@type\":\"EntryPoint\",\"urlTemplate\":\"https:\\\/\\\/medicinasinc.com\\\/it\\\/?s={search_term_string}\"},\"query-input\":{\"@type\":\"PropertyValueSpecification\",\"valueRequired\":true,\"valueName\":\"search_term_string\"}}],\"inLanguage\":\"it-IT\"}]}<\/script>\n<!-- \/ Yoast SEO plugin. -->","yoast_head_json":{"title":"Acquista Sextacy Bath Salt - Sextacy Bath Salt - Best Global Meds","description":"Acquista il sale da bagno Sextacy in vendita nel Regno Unito, in Europa nel nostro negozio online medicinasinc.com con consegna veloce in tutto il mondo! Troverai il miglior sale da bagno Sextacy per l'ordinazione!","robots":{"index":"index","follow":"follow","max-snippet":"max-snippet:-1","max-image-preview":"max-image-preview:large","max-video-preview":"max-video-preview:-1"},"canonical":"https:\/\/medicinasinc.com\/it\/product\/compra-sextacy-sale-da-bagno\/","og_locale":"it_IT","og_type":"article","og_title":"Acquista Sextacy Bath Salt - Sextacy Bath Salt - Best Global Meds","og_description":"Acquista il sale da bagno Sextacy in vendita nel Regno Unito, in Europa nel nostro negozio online medicinasinc.com con consegna veloce in tutto il mondo! Troverai il miglior sale da bagno Sextacy per l'ordinazione!","og_url":"https:\/\/medicinasinc.com\/it\/product\/compra-sextacy-sale-da-bagno\/","og_site_name":"Medicinas Inc","article_modified_time":"2022-08-04T08:42:24+00:00","og_image":[{"width":600,"height":600,"url":"https:\/\/medicinasinc.com\/it\/wp-content\/uploads\/sites\/4\/2022\/02\/Buy-Sextacy-Bath-Salt.jpg","type":"image\/jpeg"}],"twitter_card":"summary_large_image","twitter_misc":{"Tempo di lettura stimato":"3 minuti"},"schema":{"@context":"https:\/\/schema.org","@graph":[{"@type":"WebPage","@id":"https:\/\/medicinasinc.com\/it\/product\/compra-sextacy-sale-da-bagno\/","url":"https:\/\/medicinasinc.com\/it\/product\/compra-sextacy-sale-da-bagno\/","name":"Acquista Sextacy Bath Salt - Sextacy Bath Salt - Best Global Meds","isPartOf":{"@id":"https:\/\/medicinasinc.com\/it\/#website"},"primaryImageOfPage":{"@id":"https:\/\/medicinasinc.com\/it\/product\/compra-sextacy-sale-da-bagno\/#primaryimage"},"image":{"@id":"https:\/\/medicinasinc.com\/it\/product\/compra-sextacy-sale-da-bagno\/#primaryimage"},"thumbnailUrl":"https:\/\/medicinasinc.com\/it\/wp-content\/uploads\/sites\/4\/2022\/02\/Buy-Sextacy-Bath-Salt.jpg","datePublished":"2022-02-22T03:11:29+00:00","dateModified":"2022-08-04T08:42:24+00:00","description":"Acquista il sale da bagno Sextacy in vendita nel Regno Unito, in Europa nel nostro negozio online medicinasinc.com con consegna veloce in tutto il mondo! Troverai il miglior sale da bagno Sextacy per l'ordinazione!","breadcrumb":{"@id":"https:\/\/medicinasinc.com\/it\/product\/compra-sextacy-sale-da-bagno\/#breadcrumb"},"inLanguage":"it-IT","potentialAction":[{"@type":"ReadAction","target":["https:\/\/medicinasinc.com\/it\/product\/compra-sextacy-sale-da-bagno\/"]}]},{"@type":"ImageObject","inLanguage":"it-IT","@id":"https:\/\/medicinasinc.com\/it\/product\/compra-sextacy-sale-da-bagno\/#primaryimage","url":"https:\/\/medicinasinc.com\/it\/wp-content\/uploads\/sites\/4\/2022\/02\/Buy-Sextacy-Bath-Salt.jpg","contentUrl":"https:\/\/medicinasinc.com\/it\/wp-content\/uploads\/sites\/4\/2022\/02\/Buy-Sextacy-Bath-Salt.jpg","width":600,"height":600},{"@type":"BreadcrumbList","@id":"https:\/\/medicinasinc.com\/it\/product\/compra-sextacy-sale-da-bagno\/#breadcrumb","itemListElement":[{"@type":"ListItem","position":1,"name":"Negozio","item":"https:\/\/medicinasinc.com\/it\/negozio\/"},{"@type":"ListItem","position":2,"name":"Acquista il sale da bagno Sextacy"}]},{"@type":"WebSite","@id":"https:\/\/medicinasinc.com\/it\/#website","url":"https:\/\/medicinasinc.com\/it\/","name":"Medicinas Inc","description":"Health Medical Clinic","potentialAction":[{"@type":"SearchAction","target":{"@type":"EntryPoint","urlTemplate":"https:\/\/medicinasinc.com\/it\/?s={search_term_string}"},"query-input":{"@type":"PropertyValueSpecification","valueRequired":true,"valueName":"search_term_string"}}],"inLanguage":"it-IT"}]}},"_links":{"self":[{"href":"https:\/\/medicinasinc.com\/it\/wp-json\/wp\/v2\/product\/5638","targetHints":{"allow":["GET"]}}],"collection":[{"href":"https:\/\/medicinasinc.com\/it\/wp-json\/wp\/v2\/product"}],"about":[{"href":"https:\/\/medicinasinc.com\/it\/wp-json\/wp\/v2\/types\/product"}],"replies":[{"embeddable":true,"href":"https:\/\/medicinasinc.com\/it\/wp-json\/wp\/v2\/comments?post=5638"}],"wp:featuredmedia":[{"embeddable":true,"href":"https:\/\/medicinasinc.com\/it\/wp-json\/wp\/v2\/media\/5650"}],"wp:attachment":[{"href":"https:\/\/medicinasinc.com\/it\/wp-json\/wp\/v2\/media?parent=5638"}],"wp:term":[{"taxonomy":"product_brand","embeddable":true,"href":"https:\/\/medicinasinc.com\/it\/wp-json\/wp\/v2\/product_brand?post=5638"},{"taxonomy":"product_cat","embeddable":true,"href":"https:\/\/medicinasinc.com\/it\/wp-json\/wp\/v2\/product_cat?post=5638"},{"taxonomy":"product_tag","embeddable":true,"href":"https:\/\/medicinasinc.com\/it\/wp-json\/wp\/v2\/product_tag?post=5638"}],"curies":[{"name":"wp","href":"https:\/\/api.w.org\/{rel}","templated":true}]}}