{"id":5637,"date":"2022-02-22T03:10:06","date_gmt":"2022-02-22T03:10:06","guid":{"rendered":"https:\/\/medicinasinc.com\/it\/?post_type=product&#038;p=5637"},"modified":"2022-03-17T00:09:24","modified_gmt":"2022-03-17T00:09:24","slug":"compra-scintilla-sale-da-bagno","status":"publish","type":"product","link":"https:\/\/medicinasinc.com\/it\/product\/compra-scintilla-sale-da-bagno\/","title":{"rendered":"Acquista il sale da bagno scintillante"},"content":{"rendered":"<p>Dettagli sul prodotto<\/p>\n<p>Quando usi i nostri SALI DA BAGNO SPUMANTI, puoi rendere pi\u00f9 piacevole il tuo tempo nella vasca. Questo additivo per il bagno premium contiene sali del Mar Morto e sali di Epsom che aiutano il corpo a liberarsi delle tossine. Latte di cocco in polvere, proteine \u200b\u200bdell&#8217;avena e argilla caolino ammorbidiscono e nutrono la pelle. Gli oli di eucalipto, ginepro e lavanda aiutano le persone a rilassarsi, dormire meglio e ad avere benefici dell&#8217;aromaterapia.<\/p>\n<p>I SALI DA BAGNO SPUMANTI sono disponibili in una caraffa di vetro da 10 once avvolta nell&#8217;erba marina. L&#8217;interno del coperchio serve per misurare i sali.<\/p>\n<p>La ZERO WASTE REFILL POUCH \u00e8 realizzata in carta che pu\u00f2 essere compostata in casa. \u00c8 la nostra risposta ai sacchetti di sale da bagno in plastica monouso che facevamo prima. Se un sacchetto ha la certificazione OK HOME dell&#8217;Austria, significa che si romper\u00e0 completamente nel cumulo di compost del tuo giardino. La busta ZERO WASTE REFILL contiene 10 once di sale.<\/p>\n<p>Come usarlo<\/p>\n<p>Versare da 2-3 a tre tappi in una tazza di acqua tiepida con il coperchio all&#8217;interno di lo scoop. Puoi dire quando \u00e8 il momento di far entrare il tuo corpo dalle bollicine delicate e da un po&#8217; di scintillio.<\/p>\n<p>Dopo il bagno, non \u00e8 necessario risciacquare. Puoi accarezzare il tuo corpo con un asciugamano. Continua con l&#8217;olio per il corpo per mantenere l&#8217;idratazione.<\/p>\n<p>Ingredienti<\/p>\n<p>Solfato di magnesio, estratto di Cocos Nucifera, argilla caolino, polvere di mica e sodio sodico sono alcuni degli ingredienti di Maris Sal , noto anche come sale del Mar Morto o sale marino.<\/p>\n<p>Proteine \u200b\u200bd&#8217;avena idratate (proteine \u200b\u200bd&#8217;avena) e bicarbonato<\/p>\n<p>POLVERE: argento colloidale, estratto di frutti di Vaccinium angustifolium (estratto di mirtillo), Coco-Glucoside, olio di foglie di Eucalyptus globulus, olio di fiori di Lavandula angustifolia, olio di legno di Juniperus communis e olio di fiori di Lavandula angustifolia (olio essenziale di ginepro)<\/p>\n<div class=\"product-next-previous\">\n<div class=\" product-prev\"><\/div><\/div>\n","protected":false},"excerpt":{"rendered":"<p>Puoi acquistare sale da bagno scintillante in vendita nel Regno Unito, nell&#8217;UE e in Australia. Le persone che acquistano da noi possono essere sicure che otterranno ci\u00f2 per cui pagano. Ai migliori prezzi, acquista ora il sale da bagno Sparkle!<\/p>\n<p>Assicurati di acquistare JENAM LIVE LOVE SPARKLE BATH SALT CUP al miglior prezzo online sia nei Paesi Bassi che negli Stati Uniti. Acquista subito qualcosa da Best Global Meds. Hanno ottimi prezzi!<\/p>\n<p>Sale da bagno concentrato delle migliori marche. Un must per ogni osservatore di stelle. Ti sentirai luminoso come le stelle.<\/p>\n","protected":false},"featured_media":5648,"comment_status":"open","ping_status":"closed","template":"","meta":[],"product_brand":[],"product_cat":[610,2014],"product_tag":[3382,3390,3380,3381,3394,3395,3385,3383,3388,3386,3387,3391,3384,3389,3393,3392],"class_list":{"0":"post-5637","1":"product","2":"type-product","3":"status-publish","4":"has-post-thumbnail","6":"product_cat-compra-hash-hashish","7":"product_cat-compra-ricerca-prodotti-chimici","8":"product_tag-buy-sparkle-bath-sale-uk","9":"product_tag-acquisto-di-sale-da-bagno-scintillante","10":"product_tag-buy-sparkle-bath-salt","11":"product_tag-buy-sparkle-bath-salt-europe","12":"product_tag-dove-acquistare-sale-da-bagno-scintillante","13":"product_tag-dove-ordinare-sale-da-bagno-scintillante","14":"product_tag-bagno-scintilla-effetto-sale","15":"product_tag-ordine-scintilla-sale-da-bagno","16":"product_tag-scintilla-bagno-sale-ordine","17":"product_tag-scintilla-bagno-sale-germania","18":"product_tag-sparkle-bagno-sale-online","19":"product_tag-sparkle-bagno-sale-reddit","20":"product_tag-sparkle-bath-salt-buy","21":"product_tag-scintilla-bagno-sale-polonia","22":"product_tag-sparkle-bath-salt-sweden","23":"product_tag-vendita-di-sale-da-bagno-scintillante","25":"first","26":"instock","27":"shipping-taxable","28":"purchasable","29":"product-type-variable","30":"has-default-attributes"},"yoast_head":"<!-- This site is optimized with the Yoast SEO plugin v27.3 - https:\/\/yoast.com\/product\/yoast-seo-wordpress\/ -->\n<title>Acquista Sale da bagno Sparkle - Sale da bagno Sparkle - Best Global Meds<\/title>\n<meta name=\"description\" content=\"Acquista il sale da bagno Sparkle in vendita nel Regno Unito, in Europa, AU. offriamo la transazione pi\u00f9 affidabile e vendiamo a prezzi molto convenienti. Ordina ora il sale da bagno Sparkle ai migliori prezzi\" \/>\n<meta name=\"robots\" content=\"index, follow, max-snippet:-1, max-image-preview:large, max-video-preview:-1\" \/>\n<link rel=\"canonical\" href=\"https:\/\/medicinasinc.com\/it\/product\/compra-scintilla-sale-da-bagno\/\" \/>\n<meta property=\"og:locale\" content=\"it_IT\" \/>\n<meta property=\"og:type\" content=\"article\" \/>\n<meta property=\"og:title\" content=\"Acquista Sale da bagno Sparkle - Sale da bagno Sparkle - Best Global Meds\" \/>\n<meta property=\"og:description\" content=\"Acquista il sale da bagno Sparkle in vendita nel Regno Unito, in Europa, AU. offriamo la transazione pi\u00f9 affidabile e vendiamo a prezzi molto convenienti. Ordina ora il sale da bagno Sparkle ai migliori prezzi\" \/>\n<meta property=\"og:url\" content=\"https:\/\/medicinasinc.com\/it\/product\/compra-scintilla-sale-da-bagno\/\" \/>\n<meta property=\"og:site_name\" content=\"Medicinas Inc\" \/>\n<meta property=\"article:modified_time\" content=\"2022-03-17T00:09:24+00:00\" \/>\n<meta property=\"og:image\" content=\"https:\/\/medicinasinc.com\/it\/wp-content\/uploads\/sites\/4\/2022\/02\/Buy-Sparkle-Bath-Salt.jpg\" \/>\n\t<meta property=\"og:image:width\" content=\"750\" \/>\n\t<meta property=\"og:image:height\" content=\"750\" \/>\n\t<meta property=\"og:image:type\" content=\"image\/jpeg\" \/>\n<meta name=\"twitter:card\" content=\"summary_large_image\" \/>\n<meta name=\"twitter:label1\" content=\"Tempo di lettura stimato\" \/>\n\t<meta name=\"twitter:data1\" content=\"2 minuti\" \/>\n<script type=\"application\/ld+json\" class=\"yoast-schema-graph\">{\"@context\":\"https:\\\/\\\/schema.org\",\"@graph\":[{\"@type\":\"WebPage\",\"@id\":\"https:\\\/\\\/medicinasinc.com\\\/it\\\/product\\\/compra-scintilla-sale-da-bagno\\\/\",\"url\":\"https:\\\/\\\/medicinasinc.com\\\/it\\\/product\\\/compra-scintilla-sale-da-bagno\\\/\",\"name\":\"Acquista Sale da bagno Sparkle - Sale da bagno Sparkle - Best Global Meds\",\"isPartOf\":{\"@id\":\"https:\\\/\\\/medicinasinc.com\\\/it\\\/#website\"},\"primaryImageOfPage\":{\"@id\":\"https:\\\/\\\/medicinasinc.com\\\/it\\\/product\\\/compra-scintilla-sale-da-bagno\\\/#primaryimage\"},\"image\":{\"@id\":\"https:\\\/\\\/medicinasinc.com\\\/it\\\/product\\\/compra-scintilla-sale-da-bagno\\\/#primaryimage\"},\"thumbnailUrl\":\"https:\\\/\\\/medicinasinc.com\\\/it\\\/wp-content\\\/uploads\\\/sites\\\/4\\\/2022\\\/02\\\/Buy-Sparkle-Bath-Salt.jpg\",\"datePublished\":\"2022-02-22T03:10:06+00:00\",\"dateModified\":\"2022-03-17T00:09:24+00:00\",\"description\":\"Acquista il sale da bagno Sparkle in vendita nel Regno Unito, in Europa, AU. offriamo la transazione pi\u00f9 affidabile e vendiamo a prezzi molto convenienti. Ordina ora il sale da bagno Sparkle ai migliori prezzi\",\"breadcrumb\":{\"@id\":\"https:\\\/\\\/medicinasinc.com\\\/it\\\/product\\\/compra-scintilla-sale-da-bagno\\\/#breadcrumb\"},\"inLanguage\":\"it-IT\",\"potentialAction\":[{\"@type\":\"ReadAction\",\"target\":[\"https:\\\/\\\/medicinasinc.com\\\/it\\\/product\\\/compra-scintilla-sale-da-bagno\\\/\"]}]},{\"@type\":\"ImageObject\",\"inLanguage\":\"it-IT\",\"@id\":\"https:\\\/\\\/medicinasinc.com\\\/it\\\/product\\\/compra-scintilla-sale-da-bagno\\\/#primaryimage\",\"url\":\"https:\\\/\\\/medicinasinc.com\\\/it\\\/wp-content\\\/uploads\\\/sites\\\/4\\\/2022\\\/02\\\/Buy-Sparkle-Bath-Salt.jpg\",\"contentUrl\":\"https:\\\/\\\/medicinasinc.com\\\/it\\\/wp-content\\\/uploads\\\/sites\\\/4\\\/2022\\\/02\\\/Buy-Sparkle-Bath-Salt.jpg\",\"width\":750,\"height\":750},{\"@type\":\"BreadcrumbList\",\"@id\":\"https:\\\/\\\/medicinasinc.com\\\/it\\\/product\\\/compra-scintilla-sale-da-bagno\\\/#breadcrumb\",\"itemListElement\":[{\"@type\":\"ListItem\",\"position\":1,\"name\":\"Negozio\",\"item\":\"https:\\\/\\\/medicinasinc.com\\\/it\\\/negozio\\\/\"},{\"@type\":\"ListItem\",\"position\":2,\"name\":\"Acquista il sale da bagno scintillante\"}]},{\"@type\":\"WebSite\",\"@id\":\"https:\\\/\\\/medicinasinc.com\\\/it\\\/#website\",\"url\":\"https:\\\/\\\/medicinasinc.com\\\/it\\\/\",\"name\":\"Medicinas Inc\",\"description\":\"Health Medical Clinic\",\"potentialAction\":[{\"@type\":\"SearchAction\",\"target\":{\"@type\":\"EntryPoint\",\"urlTemplate\":\"https:\\\/\\\/medicinasinc.com\\\/it\\\/?s={search_term_string}\"},\"query-input\":{\"@type\":\"PropertyValueSpecification\",\"valueRequired\":true,\"valueName\":\"search_term_string\"}}],\"inLanguage\":\"it-IT\"}]}<\/script>\n<!-- \/ Yoast SEO plugin. -->","yoast_head_json":{"title":"Acquista Sale da bagno Sparkle - Sale da bagno Sparkle - Best Global Meds","description":"Acquista il sale da bagno Sparkle in vendita nel Regno Unito, in Europa, AU. offriamo la transazione pi\u00f9 affidabile e vendiamo a prezzi molto convenienti. Ordina ora il sale da bagno Sparkle ai migliori prezzi","robots":{"index":"index","follow":"follow","max-snippet":"max-snippet:-1","max-image-preview":"max-image-preview:large","max-video-preview":"max-video-preview:-1"},"canonical":"https:\/\/medicinasinc.com\/it\/product\/compra-scintilla-sale-da-bagno\/","og_locale":"it_IT","og_type":"article","og_title":"Acquista Sale da bagno Sparkle - Sale da bagno Sparkle - Best Global Meds","og_description":"Acquista il sale da bagno Sparkle in vendita nel Regno Unito, in Europa, AU. offriamo la transazione pi\u00f9 affidabile e vendiamo a prezzi molto convenienti. Ordina ora il sale da bagno Sparkle ai migliori prezzi","og_url":"https:\/\/medicinasinc.com\/it\/product\/compra-scintilla-sale-da-bagno\/","og_site_name":"Medicinas Inc","article_modified_time":"2022-03-17T00:09:24+00:00","og_image":[{"width":750,"height":750,"url":"https:\/\/medicinasinc.com\/it\/wp-content\/uploads\/sites\/4\/2022\/02\/Buy-Sparkle-Bath-Salt.jpg","type":"image\/jpeg"}],"twitter_card":"summary_large_image","twitter_misc":{"Tempo di lettura stimato":"2 minuti"},"schema":{"@context":"https:\/\/schema.org","@graph":[{"@type":"WebPage","@id":"https:\/\/medicinasinc.com\/it\/product\/compra-scintilla-sale-da-bagno\/","url":"https:\/\/medicinasinc.com\/it\/product\/compra-scintilla-sale-da-bagno\/","name":"Acquista Sale da bagno Sparkle - Sale da bagno Sparkle - Best Global Meds","isPartOf":{"@id":"https:\/\/medicinasinc.com\/it\/#website"},"primaryImageOfPage":{"@id":"https:\/\/medicinasinc.com\/it\/product\/compra-scintilla-sale-da-bagno\/#primaryimage"},"image":{"@id":"https:\/\/medicinasinc.com\/it\/product\/compra-scintilla-sale-da-bagno\/#primaryimage"},"thumbnailUrl":"https:\/\/medicinasinc.com\/it\/wp-content\/uploads\/sites\/4\/2022\/02\/Buy-Sparkle-Bath-Salt.jpg","datePublished":"2022-02-22T03:10:06+00:00","dateModified":"2022-03-17T00:09:24+00:00","description":"Acquista il sale da bagno Sparkle in vendita nel Regno Unito, in Europa, AU. offriamo la transazione pi\u00f9 affidabile e vendiamo a prezzi molto convenienti. Ordina ora il sale da bagno Sparkle ai migliori prezzi","breadcrumb":{"@id":"https:\/\/medicinasinc.com\/it\/product\/compra-scintilla-sale-da-bagno\/#breadcrumb"},"inLanguage":"it-IT","potentialAction":[{"@type":"ReadAction","target":["https:\/\/medicinasinc.com\/it\/product\/compra-scintilla-sale-da-bagno\/"]}]},{"@type":"ImageObject","inLanguage":"it-IT","@id":"https:\/\/medicinasinc.com\/it\/product\/compra-scintilla-sale-da-bagno\/#primaryimage","url":"https:\/\/medicinasinc.com\/it\/wp-content\/uploads\/sites\/4\/2022\/02\/Buy-Sparkle-Bath-Salt.jpg","contentUrl":"https:\/\/medicinasinc.com\/it\/wp-content\/uploads\/sites\/4\/2022\/02\/Buy-Sparkle-Bath-Salt.jpg","width":750,"height":750},{"@type":"BreadcrumbList","@id":"https:\/\/medicinasinc.com\/it\/product\/compra-scintilla-sale-da-bagno\/#breadcrumb","itemListElement":[{"@type":"ListItem","position":1,"name":"Negozio","item":"https:\/\/medicinasinc.com\/it\/negozio\/"},{"@type":"ListItem","position":2,"name":"Acquista il sale da bagno scintillante"}]},{"@type":"WebSite","@id":"https:\/\/medicinasinc.com\/it\/#website","url":"https:\/\/medicinasinc.com\/it\/","name":"Medicinas Inc","description":"Health Medical Clinic","potentialAction":[{"@type":"SearchAction","target":{"@type":"EntryPoint","urlTemplate":"https:\/\/medicinasinc.com\/it\/?s={search_term_string}"},"query-input":{"@type":"PropertyValueSpecification","valueRequired":true,"valueName":"search_term_string"}}],"inLanguage":"it-IT"}]}},"_links":{"self":[{"href":"https:\/\/medicinasinc.com\/it\/wp-json\/wp\/v2\/product\/5637","targetHints":{"allow":["GET"]}}],"collection":[{"href":"https:\/\/medicinasinc.com\/it\/wp-json\/wp\/v2\/product"}],"about":[{"href":"https:\/\/medicinasinc.com\/it\/wp-json\/wp\/v2\/types\/product"}],"replies":[{"embeddable":true,"href":"https:\/\/medicinasinc.com\/it\/wp-json\/wp\/v2\/comments?post=5637"}],"wp:featuredmedia":[{"embeddable":true,"href":"https:\/\/medicinasinc.com\/it\/wp-json\/wp\/v2\/media\/5648"}],"wp:attachment":[{"href":"https:\/\/medicinasinc.com\/it\/wp-json\/wp\/v2\/media?parent=5637"}],"wp:term":[{"taxonomy":"product_brand","embeddable":true,"href":"https:\/\/medicinasinc.com\/it\/wp-json\/wp\/v2\/product_brand?post=5637"},{"taxonomy":"product_cat","embeddable":true,"href":"https:\/\/medicinasinc.com\/it\/wp-json\/wp\/v2\/product_cat?post=5637"},{"taxonomy":"product_tag","embeddable":true,"href":"https:\/\/medicinasinc.com\/it\/wp-json\/wp\/v2\/product_tag?post=5637"}],"curies":[{"name":"wp","href":"https:\/\/api.w.org\/{rel}","templated":true}]}}