{"id":5636,"date":"2022-02-22T03:08:33","date_gmt":"2022-02-22T03:08:33","guid":{"rendered":"https:\/\/medicinasinc.com\/it\/?post_type=product&#038;p=5636"},"modified":"2022-03-17T00:09:32","modified_gmt":"2022-03-17T00:09:32","slug":"comprare-sintacaina-polvere","status":"publish","type":"product","link":"https:\/\/medicinasinc.com\/it\/product\/comprare-sintacaina-polvere\/","title":{"rendered":"Acquista la polvere di sintacaina"},"content":{"rendered":"<p>ACQUISTA UNA POLVERE DI SINTACINA DA USARE<br \/> La polvere di sinthacaina \u00e8 una sostanza chimica di ricerca venduta da un grossista.<br \/> Al momento del pagamento, puoi scegliere di pagare con un bonifico bancario o con bitcoin.<br \/> \/&gt; Tieni presente che sei coperto solo in caso di smarrimento del pacco. Se utilizzi un servizio assicurato tracciabile e il tuo pacco \u00e8 smarrito, te lo rispediremo gratuitamente.<br \/> Verifica con le leggi del tuo paese sull&#8217;importazione di sostanze chimiche.<br \/> Ordini di bitcoin effettuati dal luned\u00ec al venerd\u00ec fino alle 15:30 verranno spediti lo stesso giorno in cui vengono inseriti.<\/p>\n<p>Quando la sinthacaina \u00e8 stata utilizzata per la prima volta nella ricerca, aveva una cattiva reputazione. Ci\u00f2 \u00e8 dovuto principalmente al fatto che molte aziende ne vendevano campioni di bassa qualit\u00e0. Non qui su Highstore.net, per\u00f2!<\/p>\n<p>Lavoriamo con un buon laboratorio per assicurarci che tutta la sintacaina che produciamo sia pura almeno al 98%. Non diamo la ricetta esatta per questo prodotto perch\u00e9 \u00e8 un mix segreto.<\/p>\n<p>C&#8217;\u00e8 una buona reputazione per la sintacaina Gr8 Research Chems. Siamo felici di dire che le nostre azioni provengono dalla stessa fonte.<\/p>\n<p>Ci sono ancora molte cose che non sappiamo su questa sostanza chimica, ma finora i test dimostrano che pu\u00f2 far sentire felici le persone molto rapidamente .<\/p>\n<p>Pu\u00f2 anche essere uno stimolante, quindi \u00e8 importante che i ricercatori prendano provvedimenti per tenersi alla larga e testarne solo due lotti alla volta.<\/p>\n<p>Le sostanze chimiche che vendiamo non sono approvati per nessun tipo di ricerca in vivo (cio\u00e8 non su esseri umani o animali) o studi clinici, quindi se vengono ingeriti accidentalmente, dovresti consultare immediatamente un medico. Questo vale per tutti i prodotti chimici che vendiamo. Si prega di seguire le regole di sicurezza standard del laboratorio, come indossare la giusta protezione della pelle, degli occhi e degli indumenti.<\/p>\n<p>Se lo mangi, dovresti consultare immediatamente un medico.<\/p>\n<p>Le persone possono acquistare questo prodotto in quantit\u00e0 da 500 mg e 1 grammo. Possono anche acquistarlo in quantit\u00e0 da 500 mg e 2 grammi.<\/p>\n<p>Deve avere pi\u00f9 di 18 anni e non essere mangiato dagli esseri umani.<\/p>\n","protected":false},"excerpt":{"rendered":"<div class=\"woocommerce-product-details__short-description\">\n<p>Puoi acquistare la polvere di sintacaina dal nostro negozio online Best Global Meds nel Regno Unito, Europa, Asia, Cina e riceverla rapidamente in tutto il mondo! \u00c8 qui che troverai la migliore sintacaina da acquistare.<\/p>\n<p> Polvere di sintacaina: acquista polvere di sintacaina, grossista di prodotti chimici per la ricerca di polvere di sintacaina. Al momento del check out, puoi scegliere di pagare con un bonifico bancario o con bitcoin.<\/p>\n<p>Synthacaine per acquistare online Synthacaine pu\u00f2 essere acquistato nei negozi di prodotti chimici online. Puoi trovarli. I negozi di prodotti chimici online sono il posto migliore per acquistare prodotti chimici per la ricerca, perch\u00e9 puoi trovarli l\u00ec.<\/p>\n<p>Cos&#8217;\u00e8 la sintacaina? Dove posso comprarlo? Best Global Meds \u00e8 uno dei posti migliori per acquistare Synthacaine online. In vendita: abbiamo in vendita Synthacaine di alta qualit\u00e0.<\/p>\n<p>Acquista Synthacaine Powder a basso prezzo online.<\/p>\n<p>Synthacaine \u00e8 pura al 99,8%. La sintacaina \u00e8 usata nella ricerca. A 100 mg, \u00e8 molto forte.<\/p>\n<\/p><\/div>\n","protected":false},"featured_media":5646,"comment_status":"open","ping_status":"closed","template":"","meta":[],"product_brand":[],"product_cat":[2014],"product_tag":[3360,3359,3369,3362,3370,3361,3379,3371,3363,3374,3368,3373,3375,3365,3366,3367,3364,3372,3376,3378,3377],"class_list":{"0":"post-5636","1":"product","2":"type-product","3":"status-publish","4":"has-post-thumbnail","6":"product_cat-compra-ricerca-prodotti-chimici","7":"product_tag-acquistare-ricerca-chimica-sintacaina-polvere-online","8":"product_tag-acquistare-ricerca-chimica-sintacaina-polvere","9":"product_tag-sintacaina-polvere-acquisto","10":"product_tag-buy-synthacaine-powder-uk","11":"product_tag-sintacaina-polvere-cina","12":"product_tag-comprare-sintacaina-polvere","13":"product_tag-dove-acquistare-la-polvere-di-sintacaina","14":"product_tag-effetto-polvere-di-sintacaina","15":"product_tag-ordine-sintacaina-polvere-europa","16":"product_tag-sintacaina-ordine-di-polvere","17":"product_tag-sintacaina-in-polvere","18":"product_tag-sintacaina-polvere-online","19":"product_tag-sintacaina-polvere-reddit","20":"product_tag-research-chemical-new-release-synthacaine-powder","21":"product_tag-research-chemical-synthacaine-powder","22":"product_tag-ricerca-chimica-in-linea","23":"product_tag-ricerca-chimica-sintacaina-polvere","24":"product_tag-sintacaina-polvere-in-vendita","25":"product_tag-sintacaina-polvere-ricerca-chimica","26":"product_tag-synthacaine-powder-wholesale","27":"product_tag-vendita-di-polvere-di-sintacaina","29":"first","30":"instock","31":"shipping-taxable","32":"purchasable","33":"product-type-variable","34":"has-default-attributes"},"yoast_head":"<!-- This site is optimized with the Yoast SEO plugin v27.3 - https:\/\/yoast.com\/product\/yoast-seo-wordpress\/ -->\n<title>Acquista Synthacaine Powder - Synthacaine Powder - Best Global Meds<\/title>\n<meta name=\"description\" content=\"Acquista Synthacaine Powder Regno Unito, Europa, Asia, Cina nel nostro negozio online Best Global Meds con consegna veloce in tutto il mondo! La migliore Synthacaine per l&#039;ordinazione la trovi qui!\" \/>\n<meta name=\"robots\" content=\"index, follow, max-snippet:-1, max-image-preview:large, max-video-preview:-1\" \/>\n<link rel=\"canonical\" href=\"https:\/\/medicinasinc.com\/it\/product\/comprare-sintacaina-polvere\/\" \/>\n<meta property=\"og:locale\" content=\"it_IT\" \/>\n<meta property=\"og:type\" content=\"article\" \/>\n<meta property=\"og:title\" content=\"Acquista Synthacaine Powder - Synthacaine Powder - Best Global Meds\" \/>\n<meta property=\"og:description\" content=\"Acquista Synthacaine Powder Regno Unito, Europa, Asia, Cina nel nostro negozio online Best Global Meds con consegna veloce in tutto il mondo! La migliore Synthacaine per l&#039;ordinazione la trovi qui!\" \/>\n<meta property=\"og:url\" content=\"https:\/\/medicinasinc.com\/it\/product\/comprare-sintacaina-polvere\/\" \/>\n<meta property=\"og:site_name\" content=\"Medicinas Inc\" \/>\n<meta property=\"article:modified_time\" content=\"2022-03-17T00:09:32+00:00\" \/>\n<meta property=\"og:image\" content=\"https:\/\/medicinasinc.com\/it\/wp-content\/uploads\/sites\/4\/2022\/02\/Buy-Synthacaine-Powder.jpg\" \/>\n\t<meta property=\"og:image:width\" content=\"600\" \/>\n\t<meta property=\"og:image:height\" content=\"600\" \/>\n\t<meta property=\"og:image:type\" content=\"image\/jpeg\" \/>\n<meta name=\"twitter:card\" content=\"summary_large_image\" \/>\n<meta name=\"twitter:label1\" content=\"Tempo di lettura stimato\" \/>\n\t<meta name=\"twitter:data1\" content=\"2 minuti\" \/>\n<script type=\"application\/ld+json\" class=\"yoast-schema-graph\">{\"@context\":\"https:\\\/\\\/schema.org\",\"@graph\":[{\"@type\":\"WebPage\",\"@id\":\"https:\\\/\\\/medicinasinc.com\\\/it\\\/product\\\/comprare-sintacaina-polvere\\\/\",\"url\":\"https:\\\/\\\/medicinasinc.com\\\/it\\\/product\\\/comprare-sintacaina-polvere\\\/\",\"name\":\"Acquista Synthacaine Powder - Synthacaine Powder - Best Global Meds\",\"isPartOf\":{\"@id\":\"https:\\\/\\\/medicinasinc.com\\\/it\\\/#website\"},\"primaryImageOfPage\":{\"@id\":\"https:\\\/\\\/medicinasinc.com\\\/it\\\/product\\\/comprare-sintacaina-polvere\\\/#primaryimage\"},\"image\":{\"@id\":\"https:\\\/\\\/medicinasinc.com\\\/it\\\/product\\\/comprare-sintacaina-polvere\\\/#primaryimage\"},\"thumbnailUrl\":\"https:\\\/\\\/medicinasinc.com\\\/it\\\/wp-content\\\/uploads\\\/sites\\\/4\\\/2022\\\/02\\\/Buy-Synthacaine-Powder.jpg\",\"datePublished\":\"2022-02-22T03:08:33+00:00\",\"dateModified\":\"2022-03-17T00:09:32+00:00\",\"description\":\"Acquista Synthacaine Powder Regno Unito, Europa, Asia, Cina nel nostro negozio online Best Global Meds con consegna veloce in tutto il mondo! La migliore Synthacaine per l'ordinazione la trovi qui!\",\"breadcrumb\":{\"@id\":\"https:\\\/\\\/medicinasinc.com\\\/it\\\/product\\\/comprare-sintacaina-polvere\\\/#breadcrumb\"},\"inLanguage\":\"it-IT\",\"potentialAction\":[{\"@type\":\"ReadAction\",\"target\":[\"https:\\\/\\\/medicinasinc.com\\\/it\\\/product\\\/comprare-sintacaina-polvere\\\/\"]}]},{\"@type\":\"ImageObject\",\"inLanguage\":\"it-IT\",\"@id\":\"https:\\\/\\\/medicinasinc.com\\\/it\\\/product\\\/comprare-sintacaina-polvere\\\/#primaryimage\",\"url\":\"https:\\\/\\\/medicinasinc.com\\\/it\\\/wp-content\\\/uploads\\\/sites\\\/4\\\/2022\\\/02\\\/Buy-Synthacaine-Powder.jpg\",\"contentUrl\":\"https:\\\/\\\/medicinasinc.com\\\/it\\\/wp-content\\\/uploads\\\/sites\\\/4\\\/2022\\\/02\\\/Buy-Synthacaine-Powder.jpg\",\"width\":600,\"height\":600},{\"@type\":\"BreadcrumbList\",\"@id\":\"https:\\\/\\\/medicinasinc.com\\\/it\\\/product\\\/comprare-sintacaina-polvere\\\/#breadcrumb\",\"itemListElement\":[{\"@type\":\"ListItem\",\"position\":1,\"name\":\"Negozio\",\"item\":\"https:\\\/\\\/medicinasinc.com\\\/it\\\/negozio\\\/\"},{\"@type\":\"ListItem\",\"position\":2,\"name\":\"Acquista la polvere di sintacaina\"}]},{\"@type\":\"WebSite\",\"@id\":\"https:\\\/\\\/medicinasinc.com\\\/it\\\/#website\",\"url\":\"https:\\\/\\\/medicinasinc.com\\\/it\\\/\",\"name\":\"Medicinas Inc\",\"description\":\"Health Medical Clinic\",\"potentialAction\":[{\"@type\":\"SearchAction\",\"target\":{\"@type\":\"EntryPoint\",\"urlTemplate\":\"https:\\\/\\\/medicinasinc.com\\\/it\\\/?s={search_term_string}\"},\"query-input\":{\"@type\":\"PropertyValueSpecification\",\"valueRequired\":true,\"valueName\":\"search_term_string\"}}],\"inLanguage\":\"it-IT\"}]}<\/script>\n<!-- \/ Yoast SEO plugin. -->","yoast_head_json":{"title":"Acquista Synthacaine Powder - Synthacaine Powder - Best Global Meds","description":"Acquista Synthacaine Powder Regno Unito, Europa, Asia, Cina nel nostro negozio online Best Global Meds con consegna veloce in tutto il mondo! La migliore Synthacaine per l'ordinazione la trovi qui!","robots":{"index":"index","follow":"follow","max-snippet":"max-snippet:-1","max-image-preview":"max-image-preview:large","max-video-preview":"max-video-preview:-1"},"canonical":"https:\/\/medicinasinc.com\/it\/product\/comprare-sintacaina-polvere\/","og_locale":"it_IT","og_type":"article","og_title":"Acquista Synthacaine Powder - Synthacaine Powder - Best Global Meds","og_description":"Acquista Synthacaine Powder Regno Unito, Europa, Asia, Cina nel nostro negozio online Best Global Meds con consegna veloce in tutto il mondo! La migliore Synthacaine per l'ordinazione la trovi qui!","og_url":"https:\/\/medicinasinc.com\/it\/product\/comprare-sintacaina-polvere\/","og_site_name":"Medicinas Inc","article_modified_time":"2022-03-17T00:09:32+00:00","og_image":[{"width":600,"height":600,"url":"https:\/\/medicinasinc.com\/it\/wp-content\/uploads\/sites\/4\/2022\/02\/Buy-Synthacaine-Powder.jpg","type":"image\/jpeg"}],"twitter_card":"summary_large_image","twitter_misc":{"Tempo di lettura stimato":"2 minuti"},"schema":{"@context":"https:\/\/schema.org","@graph":[{"@type":"WebPage","@id":"https:\/\/medicinasinc.com\/it\/product\/comprare-sintacaina-polvere\/","url":"https:\/\/medicinasinc.com\/it\/product\/comprare-sintacaina-polvere\/","name":"Acquista Synthacaine Powder - Synthacaine Powder - Best Global Meds","isPartOf":{"@id":"https:\/\/medicinasinc.com\/it\/#website"},"primaryImageOfPage":{"@id":"https:\/\/medicinasinc.com\/it\/product\/comprare-sintacaina-polvere\/#primaryimage"},"image":{"@id":"https:\/\/medicinasinc.com\/it\/product\/comprare-sintacaina-polvere\/#primaryimage"},"thumbnailUrl":"https:\/\/medicinasinc.com\/it\/wp-content\/uploads\/sites\/4\/2022\/02\/Buy-Synthacaine-Powder.jpg","datePublished":"2022-02-22T03:08:33+00:00","dateModified":"2022-03-17T00:09:32+00:00","description":"Acquista Synthacaine Powder Regno Unito, Europa, Asia, Cina nel nostro negozio online Best Global Meds con consegna veloce in tutto il mondo! La migliore Synthacaine per l'ordinazione la trovi qui!","breadcrumb":{"@id":"https:\/\/medicinasinc.com\/it\/product\/comprare-sintacaina-polvere\/#breadcrumb"},"inLanguage":"it-IT","potentialAction":[{"@type":"ReadAction","target":["https:\/\/medicinasinc.com\/it\/product\/comprare-sintacaina-polvere\/"]}]},{"@type":"ImageObject","inLanguage":"it-IT","@id":"https:\/\/medicinasinc.com\/it\/product\/comprare-sintacaina-polvere\/#primaryimage","url":"https:\/\/medicinasinc.com\/it\/wp-content\/uploads\/sites\/4\/2022\/02\/Buy-Synthacaine-Powder.jpg","contentUrl":"https:\/\/medicinasinc.com\/it\/wp-content\/uploads\/sites\/4\/2022\/02\/Buy-Synthacaine-Powder.jpg","width":600,"height":600},{"@type":"BreadcrumbList","@id":"https:\/\/medicinasinc.com\/it\/product\/comprare-sintacaina-polvere\/#breadcrumb","itemListElement":[{"@type":"ListItem","position":1,"name":"Negozio","item":"https:\/\/medicinasinc.com\/it\/negozio\/"},{"@type":"ListItem","position":2,"name":"Acquista la polvere di sintacaina"}]},{"@type":"WebSite","@id":"https:\/\/medicinasinc.com\/it\/#website","url":"https:\/\/medicinasinc.com\/it\/","name":"Medicinas Inc","description":"Health Medical Clinic","potentialAction":[{"@type":"SearchAction","target":{"@type":"EntryPoint","urlTemplate":"https:\/\/medicinasinc.com\/it\/?s={search_term_string}"},"query-input":{"@type":"PropertyValueSpecification","valueRequired":true,"valueName":"search_term_string"}}],"inLanguage":"it-IT"}]}},"_links":{"self":[{"href":"https:\/\/medicinasinc.com\/it\/wp-json\/wp\/v2\/product\/5636","targetHints":{"allow":["GET"]}}],"collection":[{"href":"https:\/\/medicinasinc.com\/it\/wp-json\/wp\/v2\/product"}],"about":[{"href":"https:\/\/medicinasinc.com\/it\/wp-json\/wp\/v2\/types\/product"}],"replies":[{"embeddable":true,"href":"https:\/\/medicinasinc.com\/it\/wp-json\/wp\/v2\/comments?post=5636"}],"wp:featuredmedia":[{"embeddable":true,"href":"https:\/\/medicinasinc.com\/it\/wp-json\/wp\/v2\/media\/5646"}],"wp:attachment":[{"href":"https:\/\/medicinasinc.com\/it\/wp-json\/wp\/v2\/media?parent=5636"}],"wp:term":[{"taxonomy":"product_brand","embeddable":true,"href":"https:\/\/medicinasinc.com\/it\/wp-json\/wp\/v2\/product_brand?post=5636"},{"taxonomy":"product_cat","embeddable":true,"href":"https:\/\/medicinasinc.com\/it\/wp-json\/wp\/v2\/product_cat?post=5636"},{"taxonomy":"product_tag","embeddable":true,"href":"https:\/\/medicinasinc.com\/it\/wp-json\/wp\/v2\/product_tag?post=5636"}],"curies":[{"name":"wp","href":"https:\/\/api.w.org\/{rel}","templated":true}]}}