{"id":5635,"date":"2022-02-22T03:07:02","date_gmt":"2022-02-22T03:07:02","guid":{"rendered":"https:\/\/medicinasinc.com\/it\/?post_type=product&#038;p=5635"},"modified":"2022-08-04T08:42:40","modified_gmt":"2022-08-04T08:42:40","slug":"compra-tranquillita-sale-da-bagno","status":"publish","type":"product","link":"https:\/\/medicinasinc.com\/it\/product\/compra-tranquillita-sale-da-bagno\/","title":{"rendered":"Acquista il sale da bagno Tranquility"},"content":{"rendered":"<p>Acquista i sali da bagno Tranquility online: come acquistarli?<\/p>\n<p>Best Best Global Meds vende sali da bagno di alta qualit\u00e0 che ti regaleranno un bagno liscio e sensuale che ti far\u00e0 sentire pulito.<\/p>\n<p>Quando &#8220;acquisti i sali da bagno tranquillit\u00e0 online&#8221; da noi, puoi essere certo che sono il meglio che puoi ottenere. Vendiamo e acquistiamo altri sali da bagno concentrati a buoni prezzi.<\/p>\n<p>I nostri sali da bagno hanno un forte odore.<\/p>\n<p>Stai cercando un posto dove acquistare sali da bagno tranquilli sul web? Chemicals Lab ti d\u00e0 la possibilit\u00e0 di acquistare online i sali da bagno della tranquillit\u00e0 senza dover affrontare problemi o imbarazzo. Lavoriamo 24 ore su 24 per assicurarci di risparmiare denaro ogni volta che acquisti i sali da bagno della tranquillit\u00e0 dal nostro drugstore online. Quando acquisti qualcosa da Chemicals Lab, vogliamo che paghi di meno e ottieni di pi\u00f9.<\/p>\n<div class=\"product-next-previous\">\n<div class=\"product-prev\"><\/div>\n<\/div>\n","protected":false},"excerpt":{"rendered":"<p>Nel nostro sito medicinasinc.com, puoi acquistare il sale da bagno Tranquility da Regno Unito, Europa, Asia e Cina e riceverlo rapidamente in tutto il mondo! Qui \u00e8 dove puoi acquistare il miglior sale da bagno Tranquility su ordinazione.<\/p>\n<p>I sali da bagno Tranquility possono essere acquistati online da un fornitore rispettabile. Vendiamo i migliori prodotti per il bagno, come i sali da bagno.<\/p>\n<p>Acquista ORA i sali da bagno Tranquility online! Abbiamo i migliori prodotti per il bagno, come i sali da bagno, da darti.<\/p>\n","protected":false},"featured_media":5644,"comment_status":"open","ping_status":"closed","template":"","meta":[],"product_brand":[],"product_cat":[2014],"product_tag":[3344,3346,3345,3358,3356,3352,3347,3348,3351,3353,3349,3354,3357,3355,3350],"class_list":{"0":"post-5635","1":"product","2":"type-product","3":"status-publish","4":"has-post-thumbnail","6":"product_cat-compra-ricerca-prodotti-chimici","7":"product_tag-compra-sali-da-bagno-tranquillit","8":"product_tag-compra-tranquillit-sali-da-bagno-uk","9":"product_tag-buy-tranquility-bath-salts-online","10":"product_tag-dove-acquistare-sali-da-bagno-tranquilliti","11":"product_tag-tranquillita-fornitore-sali-da-bagno","12":"product_tag-tranquillit-bagno-sali-ordine-europa","13":"product_tag-ordine-tranquillit-sali-da-bagno","14":"product_tag-ordine-tranquillit-sali-da-bagno-online","15":"product_tag-tranquillit-sali-da-bagno-online","16":"product_tag-tranquillit-sali-da-bagno-reddit","17":"product_tag-tranquillit-sali-da-bagno","18":"product_tag-tranquility-bath-salts-retailer","19":"product_tag-tranquillit-sali-bagno-allingrosso","20":"product_tag-tranquillit-sale-bagno-vendita","21":"product_tag-tranquillit-sali-da-bagno-in-vendita","23":"first","24":"instock","25":"shipping-taxable","26":"purchasable","27":"product-type-variable"},"yoast_head":"<!-- This site is optimized with the Yoast SEO plugin v27.3 - https:\/\/yoast.com\/product\/yoast-seo-wordpress\/ -->\n<title>Acquista Tranquility Bath Salt - Tranquility Bath Salt - Best Global Meds<\/title>\n<meta name=\"description\" content=\"Acquista il sale da bagno Tranquility Regno Unito, Europa, Asia, Cina nel nostro negozio online medicinasinc.com con consegna veloce in tutto il mondo! Il miglior Sale da bagno Tranquility per l&#039;ordinazione lo trovi qui!\" \/>\n<meta name=\"robots\" content=\"index, follow, max-snippet:-1, max-image-preview:large, max-video-preview:-1\" \/>\n<link rel=\"canonical\" href=\"https:\/\/medicinasinc.com\/it\/product\/compra-tranquillita-sale-da-bagno\/\" \/>\n<meta property=\"og:locale\" content=\"it_IT\" \/>\n<meta property=\"og:type\" content=\"article\" \/>\n<meta property=\"og:title\" content=\"Acquista Tranquility Bath Salt - Tranquility Bath Salt - Best Global Meds\" \/>\n<meta property=\"og:description\" content=\"Acquista il sale da bagno Tranquility Regno Unito, Europa, Asia, Cina nel nostro negozio online medicinasinc.com con consegna veloce in tutto il mondo! Il miglior Sale da bagno Tranquility per l&#039;ordinazione lo trovi qui!\" \/>\n<meta property=\"og:url\" content=\"https:\/\/medicinasinc.com\/it\/product\/compra-tranquillita-sale-da-bagno\/\" \/>\n<meta property=\"og:site_name\" content=\"Medicinas Inc\" \/>\n<meta property=\"article:modified_time\" content=\"2022-08-04T08:42:40+00:00\" \/>\n<meta property=\"og:image\" content=\"https:\/\/medicinasinc.com\/it\/wp-content\/uploads\/sites\/4\/2022\/02\/Buy-Tranquility-Bath-Salt.jpg\" \/>\n\t<meta property=\"og:image:width\" content=\"236\" \/>\n\t<meta property=\"og:image:height\" content=\"225\" \/>\n\t<meta property=\"og:image:type\" content=\"image\/jpeg\" \/>\n<meta name=\"twitter:card\" content=\"summary_large_image\" \/>\n<meta name=\"twitter:label1\" content=\"Tempo di lettura stimato\" \/>\n\t<meta name=\"twitter:data1\" content=\"1 minuto\" \/>\n<script type=\"application\/ld+json\" class=\"yoast-schema-graph\">{\"@context\":\"https:\\\/\\\/schema.org\",\"@graph\":[{\"@type\":\"WebPage\",\"@id\":\"https:\\\/\\\/medicinasinc.com\\\/it\\\/product\\\/compra-tranquillita-sale-da-bagno\\\/\",\"url\":\"https:\\\/\\\/medicinasinc.com\\\/it\\\/product\\\/compra-tranquillita-sale-da-bagno\\\/\",\"name\":\"Acquista Tranquility Bath Salt - Tranquility Bath Salt - Best Global Meds\",\"isPartOf\":{\"@id\":\"https:\\\/\\\/medicinasinc.com\\\/it\\\/#website\"},\"primaryImageOfPage\":{\"@id\":\"https:\\\/\\\/medicinasinc.com\\\/it\\\/product\\\/compra-tranquillita-sale-da-bagno\\\/#primaryimage\"},\"image\":{\"@id\":\"https:\\\/\\\/medicinasinc.com\\\/it\\\/product\\\/compra-tranquillita-sale-da-bagno\\\/#primaryimage\"},\"thumbnailUrl\":\"https:\\\/\\\/medicinasinc.com\\\/it\\\/wp-content\\\/uploads\\\/sites\\\/4\\\/2022\\\/02\\\/Buy-Tranquility-Bath-Salt.jpg\",\"datePublished\":\"2022-02-22T03:07:02+00:00\",\"dateModified\":\"2022-08-04T08:42:40+00:00\",\"description\":\"Acquista il sale da bagno Tranquility Regno Unito, Europa, Asia, Cina nel nostro negozio online medicinasinc.com con consegna veloce in tutto il mondo! Il miglior Sale da bagno Tranquility per l'ordinazione lo trovi qui!\",\"breadcrumb\":{\"@id\":\"https:\\\/\\\/medicinasinc.com\\\/it\\\/product\\\/compra-tranquillita-sale-da-bagno\\\/#breadcrumb\"},\"inLanguage\":\"it-IT\",\"potentialAction\":[{\"@type\":\"ReadAction\",\"target\":[\"https:\\\/\\\/medicinasinc.com\\\/it\\\/product\\\/compra-tranquillita-sale-da-bagno\\\/\"]}]},{\"@type\":\"ImageObject\",\"inLanguage\":\"it-IT\",\"@id\":\"https:\\\/\\\/medicinasinc.com\\\/it\\\/product\\\/compra-tranquillita-sale-da-bagno\\\/#primaryimage\",\"url\":\"https:\\\/\\\/medicinasinc.com\\\/it\\\/wp-content\\\/uploads\\\/sites\\\/4\\\/2022\\\/02\\\/Buy-Tranquility-Bath-Salt.jpg\",\"contentUrl\":\"https:\\\/\\\/medicinasinc.com\\\/it\\\/wp-content\\\/uploads\\\/sites\\\/4\\\/2022\\\/02\\\/Buy-Tranquility-Bath-Salt.jpg\",\"width\":236,\"height\":225},{\"@type\":\"BreadcrumbList\",\"@id\":\"https:\\\/\\\/medicinasinc.com\\\/it\\\/product\\\/compra-tranquillita-sale-da-bagno\\\/#breadcrumb\",\"itemListElement\":[{\"@type\":\"ListItem\",\"position\":1,\"name\":\"Negozio\",\"item\":\"https:\\\/\\\/medicinasinc.com\\\/it\\\/negozio\\\/\"},{\"@type\":\"ListItem\",\"position\":2,\"name\":\"Acquista il sale da bagno Tranquility\"}]},{\"@type\":\"WebSite\",\"@id\":\"https:\\\/\\\/medicinasinc.com\\\/it\\\/#website\",\"url\":\"https:\\\/\\\/medicinasinc.com\\\/it\\\/\",\"name\":\"Medicinas Inc\",\"description\":\"Health Medical Clinic\",\"potentialAction\":[{\"@type\":\"SearchAction\",\"target\":{\"@type\":\"EntryPoint\",\"urlTemplate\":\"https:\\\/\\\/medicinasinc.com\\\/it\\\/?s={search_term_string}\"},\"query-input\":{\"@type\":\"PropertyValueSpecification\",\"valueRequired\":true,\"valueName\":\"search_term_string\"}}],\"inLanguage\":\"it-IT\"}]}<\/script>\n<!-- \/ Yoast SEO plugin. -->","yoast_head_json":{"title":"Acquista Tranquility Bath Salt - Tranquility Bath Salt - Best Global Meds","description":"Acquista il sale da bagno Tranquility Regno Unito, Europa, Asia, Cina nel nostro negozio online medicinasinc.com con consegna veloce in tutto il mondo! Il miglior Sale da bagno Tranquility per l'ordinazione lo trovi qui!","robots":{"index":"index","follow":"follow","max-snippet":"max-snippet:-1","max-image-preview":"max-image-preview:large","max-video-preview":"max-video-preview:-1"},"canonical":"https:\/\/medicinasinc.com\/it\/product\/compra-tranquillita-sale-da-bagno\/","og_locale":"it_IT","og_type":"article","og_title":"Acquista Tranquility Bath Salt - Tranquility Bath Salt - Best Global Meds","og_description":"Acquista il sale da bagno Tranquility Regno Unito, Europa, Asia, Cina nel nostro negozio online medicinasinc.com con consegna veloce in tutto il mondo! Il miglior Sale da bagno Tranquility per l'ordinazione lo trovi qui!","og_url":"https:\/\/medicinasinc.com\/it\/product\/compra-tranquillita-sale-da-bagno\/","og_site_name":"Medicinas Inc","article_modified_time":"2022-08-04T08:42:40+00:00","og_image":[{"width":236,"height":225,"url":"https:\/\/medicinasinc.com\/it\/wp-content\/uploads\/sites\/4\/2022\/02\/Buy-Tranquility-Bath-Salt.jpg","type":"image\/jpeg"}],"twitter_card":"summary_large_image","twitter_misc":{"Tempo di lettura stimato":"1 minuto"},"schema":{"@context":"https:\/\/schema.org","@graph":[{"@type":"WebPage","@id":"https:\/\/medicinasinc.com\/it\/product\/compra-tranquillita-sale-da-bagno\/","url":"https:\/\/medicinasinc.com\/it\/product\/compra-tranquillita-sale-da-bagno\/","name":"Acquista Tranquility Bath Salt - Tranquility Bath Salt - Best Global Meds","isPartOf":{"@id":"https:\/\/medicinasinc.com\/it\/#website"},"primaryImageOfPage":{"@id":"https:\/\/medicinasinc.com\/it\/product\/compra-tranquillita-sale-da-bagno\/#primaryimage"},"image":{"@id":"https:\/\/medicinasinc.com\/it\/product\/compra-tranquillita-sale-da-bagno\/#primaryimage"},"thumbnailUrl":"https:\/\/medicinasinc.com\/it\/wp-content\/uploads\/sites\/4\/2022\/02\/Buy-Tranquility-Bath-Salt.jpg","datePublished":"2022-02-22T03:07:02+00:00","dateModified":"2022-08-04T08:42:40+00:00","description":"Acquista il sale da bagno Tranquility Regno Unito, Europa, Asia, Cina nel nostro negozio online medicinasinc.com con consegna veloce in tutto il mondo! Il miglior Sale da bagno Tranquility per l'ordinazione lo trovi qui!","breadcrumb":{"@id":"https:\/\/medicinasinc.com\/it\/product\/compra-tranquillita-sale-da-bagno\/#breadcrumb"},"inLanguage":"it-IT","potentialAction":[{"@type":"ReadAction","target":["https:\/\/medicinasinc.com\/it\/product\/compra-tranquillita-sale-da-bagno\/"]}]},{"@type":"ImageObject","inLanguage":"it-IT","@id":"https:\/\/medicinasinc.com\/it\/product\/compra-tranquillita-sale-da-bagno\/#primaryimage","url":"https:\/\/medicinasinc.com\/it\/wp-content\/uploads\/sites\/4\/2022\/02\/Buy-Tranquility-Bath-Salt.jpg","contentUrl":"https:\/\/medicinasinc.com\/it\/wp-content\/uploads\/sites\/4\/2022\/02\/Buy-Tranquility-Bath-Salt.jpg","width":236,"height":225},{"@type":"BreadcrumbList","@id":"https:\/\/medicinasinc.com\/it\/product\/compra-tranquillita-sale-da-bagno\/#breadcrumb","itemListElement":[{"@type":"ListItem","position":1,"name":"Negozio","item":"https:\/\/medicinasinc.com\/it\/negozio\/"},{"@type":"ListItem","position":2,"name":"Acquista il sale da bagno Tranquility"}]},{"@type":"WebSite","@id":"https:\/\/medicinasinc.com\/it\/#website","url":"https:\/\/medicinasinc.com\/it\/","name":"Medicinas Inc","description":"Health Medical Clinic","potentialAction":[{"@type":"SearchAction","target":{"@type":"EntryPoint","urlTemplate":"https:\/\/medicinasinc.com\/it\/?s={search_term_string}"},"query-input":{"@type":"PropertyValueSpecification","valueRequired":true,"valueName":"search_term_string"}}],"inLanguage":"it-IT"}]}},"_links":{"self":[{"href":"https:\/\/medicinasinc.com\/it\/wp-json\/wp\/v2\/product\/5635","targetHints":{"allow":["GET"]}}],"collection":[{"href":"https:\/\/medicinasinc.com\/it\/wp-json\/wp\/v2\/product"}],"about":[{"href":"https:\/\/medicinasinc.com\/it\/wp-json\/wp\/v2\/types\/product"}],"replies":[{"embeddable":true,"href":"https:\/\/medicinasinc.com\/it\/wp-json\/wp\/v2\/comments?post=5635"}],"wp:featuredmedia":[{"embeddable":true,"href":"https:\/\/medicinasinc.com\/it\/wp-json\/wp\/v2\/media\/5644"}],"wp:attachment":[{"href":"https:\/\/medicinasinc.com\/it\/wp-json\/wp\/v2\/media?parent=5635"}],"wp:term":[{"taxonomy":"product_brand","embeddable":true,"href":"https:\/\/medicinasinc.com\/it\/wp-json\/wp\/v2\/product_brand?post=5635"},{"taxonomy":"product_cat","embeddable":true,"href":"https:\/\/medicinasinc.com\/it\/wp-json\/wp\/v2\/product_cat?post=5635"},{"taxonomy":"product_tag","embeddable":true,"href":"https:\/\/medicinasinc.com\/it\/wp-json\/wp\/v2\/product_tag?post=5635"}],"curies":[{"name":"wp","href":"https:\/\/api.w.org\/{rel}","templated":true}]}}