{"id":5617,"date":"2022-02-22T02:48:56","date_gmt":"2022-02-22T02:48:56","guid":{"rendered":"https:\/\/medicinasinc.com\/it\/?post_type=product&#038;p=5617"},"modified":"2022-08-04T08:59:55","modified_gmt":"2022-08-04T08:59:55","slug":"buy-u-47700-polvere","status":"publish","type":"product","link":"https:\/\/medicinasinc.com\/it\/product\/buy-u-47700-polvere\/","title":{"rendered":"Acquista U-47700 Polvere"},"content":{"rendered":"<p>Online, puoi acquistare U-47700 in polvere a un prezzo molto basso.<\/p>\n<p>Acquista U-47700 da bestglobalmeds.com.<br \/>\nUn analgesico chiamato U-47700 fa parte dell&#8217;oppioide famiglia. \u00c8 stato realizzato per la prima volta da Upjohn circa 40 anni fa. \u00c8 stato prodotto da AH-7921, che \u00e8 un oppioide simile. L&#8217;U-47700 \u00e8 stato importante nello sviluppo di questa classe di oppioidi, ma non \u00e8 stato testato su esseri umani o animali.<\/p>\n<p>Farmacologia: l&#8217;U-47700 \u00e8 molto efficace nel prendere di mira il recettore degli oppioidi. Si ritiene che sia da 7 a 8 volte pi\u00f9 potente della dose per dose di morfina. Si pensa che sia un forte kappa agonista, il che significa che non dovrebbe causare molti disforia o altri problemi.<\/p>\n<p>Persone che producono lo stesso tipo di sostanze chimiche<\/p>\n<p>U-50488<br \/>\nAH-7921<br \/>\nU-69,593<br \/>\nLa Svezia ha vietato l&#8217;U-47700 da gennaio 2016, ma nessun altro grande paese ha fatto lo stesso.<\/p>\n<p>U-47700, come la maggior parte oppioidi e loro derivati, non \u00e8 sicuro da mangiare per le persone. Viene venduto solo a chimici di ricerca e persone che lavorano nei laboratori.<\/p>\n","protected":false},"excerpt":{"rendered":"<div class=\"woocommerce-product-details__short-description\">\n<p>\u00c8 facile acquistare la polvere U-47700 online dal nostro negozio medicinasinc.com e riceverla rapidamente in qualsiasi paese del mondo! La migliore polvere U-47700 che puoi acquistare \u00e8 qui!<\/p>\n<p>Acquista la polvere u-47700 online. Questa polvere marrone \u00e8 molto pura. Il 99,8% delle volte \u00e8 naturale.<\/p>\n<p>Online, puoi acquistare 30 ml di polvere U-47700 a buon mercato. Una dose tipica \u00e8 di pochi milligrammi. Scopri in cosa ti stai cacciando.<\/p>\n<div class=\"char\">SPECIFICA<\/div>\n<div class=\"specification\">\n<div class=\"sprow\"><span class=\"spname \">Nome prodotto:<\/span><span class=\"sptext\">U-47700<\/span><\/div>\n<div class=\"sprow\"><span class=\"spname\">Nome IUPAC:<\/span><span class=\"sptext\">trans-3,4-dicloro-N-(2-(dimetilammino)cicloesil)-N-metilbenzammide<\/span><\/div>\n<div class=\"sprow\"><span class=\"spname\">Altri nomi:<\/span><span class=\"sptext\">Pink, Pinky, U-47700<\/span><\/div>\n<div class=\"sprow\"><span class=\"spname\">Numero CAS:<\/span><span class=\"sptext\">121348-98-9<\/span><\/div>\n<div class=\"sprow\"><span class=\"spname\">Formula molecolare:<\/span><span class=\"sptext\">C16H22Cl2N2O<\/span><\/div>\n<div class=\"sprow\"><span class=\"spname\">Massa molare:<\/span><span class=\"sptext\"> 329,265 g\/mol<\/span><\/div>\n<div class=\"sprow\"><span class=\"spname\">Effetto:<\/span><span class=\"sptext\">sedativo<\/span><\/div>\n<div class=\"sprow\"><span class=\"spname\">Purezza della sostanza:<\/span><span class=\"sptext\"> 99,9%<\/span><\/div>\n<div class=\"sprow\"><span class=\"spname\">Propriet\u00e0 fisiche:<\/span><span class=\"sptext\">Polvere cristallina<\/span><\/div>\n<\/div>\n<\/div>\n","protected":false},"featured_media":5629,"comment_status":"open","ping_status":"closed","template":"","meta":[],"product_brand":[],"product_cat":[2014],"product_tag":[3323,3324,3325,3343,3342,3322,3326,3327,3330,3339,3329,3328,3331,3334,3335,3338,3332,3333,3336,3340,3337,3341],"class_list":{"0":"post-5617","1":"product","2":"type-product","3":"status-publish","4":"has-post-thumbnail","6":"product_cat-compra-ricerca-prodotti-chimici","7":"product_tag-buy-u-47700-polvere","8":"product_tag-buy-u-47700-powder-europe","9":"product_tag-buy-u-47700-powder-uk","10":"product_tag-wholesale-u-47700-polvere","11":"product_tag-dove-acquistare-u-47700-polvere","12":"product_tag-miglior-posto-per-comprare-u-47700-polvere","13":"product_tag-ordine-u-47700-polvere","14":"product_tag-retail-u-47700-powder","15":"product_tag-u-47700-effetto-polvere","16":"product_tag-u-47700-ordine-polvere","17":"product_tag-u-47700-polvere-compra-uk","18":"product_tag-u-47700-polvere-acquista","19":"product_tag-u-47700-polvere-europa","20":"product_tag-u-47700-polvere-germania","21":"product_tag-u-47700-polvere-google","22":"product_tag-u-47700-polvere-in-linea","23":"product_tag-u-47700-polvere-in-vendita","24":"product_tag-u-47700-polvere-in-vendita-online","25":"product_tag-u-47700-polvere-lituania","26":"product_tag-u-47700-polvere-reddit","27":"product_tag-u-47700-polvere-vicino-a-me","28":"product_tag-u-47700-vendita-polvere","30":"first","31":"instock","32":"shipping-taxable","33":"purchasable","34":"product-type-variable","35":"has-default-attributes"},"yoast_head":"<!-- This site is optimized with the Yoast SEO plugin v27.3 - https:\/\/yoast.com\/product\/yoast-seo-wordpress\/ -->\n<title>Acquista polvere U-47700 - Polvere U-47700 online - I migliori medicinali globali<\/title>\n<meta name=\"description\" content=\"Acquista U-47700 Polvere Regno Unito, Europa, Asia, Cina nel nostro negozio online medicinasinc.com con consegna veloce in tutto il mondo! La migliore polvere U-47700 per l&#039;ordinazione la trovi qui!\" \/>\n<meta name=\"robots\" content=\"index, follow, max-snippet:-1, max-image-preview:large, max-video-preview:-1\" \/>\n<link rel=\"canonical\" href=\"https:\/\/medicinasinc.com\/it\/product\/buy-u-47700-polvere\/\" \/>\n<meta property=\"og:locale\" content=\"it_IT\" \/>\n<meta property=\"og:type\" content=\"article\" \/>\n<meta property=\"og:title\" content=\"Acquista polvere U-47700 - Polvere U-47700 online - I migliori medicinali globali\" \/>\n<meta property=\"og:description\" content=\"Acquista U-47700 Polvere Regno Unito, Europa, Asia, Cina nel nostro negozio online medicinasinc.com con consegna veloce in tutto il mondo! La migliore polvere U-47700 per l&#039;ordinazione la trovi qui!\" \/>\n<meta property=\"og:url\" content=\"https:\/\/medicinasinc.com\/it\/product\/buy-u-47700-polvere\/\" \/>\n<meta property=\"og:site_name\" content=\"Medicinas Inc\" \/>\n<meta property=\"article:modified_time\" content=\"2022-08-04T08:59:55+00:00\" \/>\n<meta property=\"og:image\" content=\"https:\/\/medicinasinc.com\/it\/wp-content\/uploads\/sites\/4\/2022\/02\/Buy-U-47700-POWDER.jpg\" \/>\n\t<meta property=\"og:image:width\" content=\"600\" \/>\n\t<meta property=\"og:image:height\" content=\"600\" \/>\n\t<meta property=\"og:image:type\" content=\"image\/jpeg\" \/>\n<meta name=\"twitter:card\" content=\"summary_large_image\" \/>\n<meta name=\"twitter:label1\" content=\"Tempo di lettura stimato\" \/>\n\t<meta name=\"twitter:data1\" content=\"1 minuto\" \/>\n<script type=\"application\/ld+json\" class=\"yoast-schema-graph\">{\"@context\":\"https:\\\/\\\/schema.org\",\"@graph\":[{\"@type\":\"WebPage\",\"@id\":\"https:\\\/\\\/medicinasinc.com\\\/it\\\/product\\\/buy-u-47700-polvere\\\/\",\"url\":\"https:\\\/\\\/medicinasinc.com\\\/it\\\/product\\\/buy-u-47700-polvere\\\/\",\"name\":\"Acquista polvere U-47700 - Polvere U-47700 online - I migliori medicinali globali\",\"isPartOf\":{\"@id\":\"https:\\\/\\\/medicinasinc.com\\\/it\\\/#website\"},\"primaryImageOfPage\":{\"@id\":\"https:\\\/\\\/medicinasinc.com\\\/it\\\/product\\\/buy-u-47700-polvere\\\/#primaryimage\"},\"image\":{\"@id\":\"https:\\\/\\\/medicinasinc.com\\\/it\\\/product\\\/buy-u-47700-polvere\\\/#primaryimage\"},\"thumbnailUrl\":\"https:\\\/\\\/medicinasinc.com\\\/it\\\/wp-content\\\/uploads\\\/sites\\\/4\\\/2022\\\/02\\\/Buy-U-47700-POWDER.jpg\",\"datePublished\":\"2022-02-22T02:48:56+00:00\",\"dateModified\":\"2022-08-04T08:59:55+00:00\",\"description\":\"Acquista U-47700 Polvere Regno Unito, Europa, Asia, Cina nel nostro negozio online medicinasinc.com con consegna veloce in tutto il mondo! La migliore polvere U-47700 per l'ordinazione la trovi qui!\",\"breadcrumb\":{\"@id\":\"https:\\\/\\\/medicinasinc.com\\\/it\\\/product\\\/buy-u-47700-polvere\\\/#breadcrumb\"},\"inLanguage\":\"it-IT\",\"potentialAction\":[{\"@type\":\"ReadAction\",\"target\":[\"https:\\\/\\\/medicinasinc.com\\\/it\\\/product\\\/buy-u-47700-polvere\\\/\"]}]},{\"@type\":\"ImageObject\",\"inLanguage\":\"it-IT\",\"@id\":\"https:\\\/\\\/medicinasinc.com\\\/it\\\/product\\\/buy-u-47700-polvere\\\/#primaryimage\",\"url\":\"https:\\\/\\\/medicinasinc.com\\\/it\\\/wp-content\\\/uploads\\\/sites\\\/4\\\/2022\\\/02\\\/Buy-U-47700-POWDER.jpg\",\"contentUrl\":\"https:\\\/\\\/medicinasinc.com\\\/it\\\/wp-content\\\/uploads\\\/sites\\\/4\\\/2022\\\/02\\\/Buy-U-47700-POWDER.jpg\",\"width\":600,\"height\":600},{\"@type\":\"BreadcrumbList\",\"@id\":\"https:\\\/\\\/medicinasinc.com\\\/it\\\/product\\\/buy-u-47700-polvere\\\/#breadcrumb\",\"itemListElement\":[{\"@type\":\"ListItem\",\"position\":1,\"name\":\"Negozio\",\"item\":\"https:\\\/\\\/medicinasinc.com\\\/it\\\/negozio\\\/\"},{\"@type\":\"ListItem\",\"position\":2,\"name\":\"Acquista U-47700 Polvere\"}]},{\"@type\":\"WebSite\",\"@id\":\"https:\\\/\\\/medicinasinc.com\\\/it\\\/#website\",\"url\":\"https:\\\/\\\/medicinasinc.com\\\/it\\\/\",\"name\":\"Medicinas Inc\",\"description\":\"Health Medical Clinic\",\"potentialAction\":[{\"@type\":\"SearchAction\",\"target\":{\"@type\":\"EntryPoint\",\"urlTemplate\":\"https:\\\/\\\/medicinasinc.com\\\/it\\\/?s={search_term_string}\"},\"query-input\":{\"@type\":\"PropertyValueSpecification\",\"valueRequired\":true,\"valueName\":\"search_term_string\"}}],\"inLanguage\":\"it-IT\"}]}<\/script>\n<!-- \/ Yoast SEO plugin. -->","yoast_head_json":{"title":"Acquista polvere U-47700 - Polvere U-47700 online - I migliori medicinali globali","description":"Acquista U-47700 Polvere Regno Unito, Europa, Asia, Cina nel nostro negozio online medicinasinc.com con consegna veloce in tutto il mondo! La migliore polvere U-47700 per l'ordinazione la trovi qui!","robots":{"index":"index","follow":"follow","max-snippet":"max-snippet:-1","max-image-preview":"max-image-preview:large","max-video-preview":"max-video-preview:-1"},"canonical":"https:\/\/medicinasinc.com\/it\/product\/buy-u-47700-polvere\/","og_locale":"it_IT","og_type":"article","og_title":"Acquista polvere U-47700 - Polvere U-47700 online - I migliori medicinali globali","og_description":"Acquista U-47700 Polvere Regno Unito, Europa, Asia, Cina nel nostro negozio online medicinasinc.com con consegna veloce in tutto il mondo! La migliore polvere U-47700 per l'ordinazione la trovi qui!","og_url":"https:\/\/medicinasinc.com\/it\/product\/buy-u-47700-polvere\/","og_site_name":"Medicinas Inc","article_modified_time":"2022-08-04T08:59:55+00:00","og_image":[{"width":600,"height":600,"url":"https:\/\/medicinasinc.com\/it\/wp-content\/uploads\/sites\/4\/2022\/02\/Buy-U-47700-POWDER.jpg","type":"image\/jpeg"}],"twitter_card":"summary_large_image","twitter_misc":{"Tempo di lettura stimato":"1 minuto"},"schema":{"@context":"https:\/\/schema.org","@graph":[{"@type":"WebPage","@id":"https:\/\/medicinasinc.com\/it\/product\/buy-u-47700-polvere\/","url":"https:\/\/medicinasinc.com\/it\/product\/buy-u-47700-polvere\/","name":"Acquista polvere U-47700 - Polvere U-47700 online - I migliori medicinali globali","isPartOf":{"@id":"https:\/\/medicinasinc.com\/it\/#website"},"primaryImageOfPage":{"@id":"https:\/\/medicinasinc.com\/it\/product\/buy-u-47700-polvere\/#primaryimage"},"image":{"@id":"https:\/\/medicinasinc.com\/it\/product\/buy-u-47700-polvere\/#primaryimage"},"thumbnailUrl":"https:\/\/medicinasinc.com\/it\/wp-content\/uploads\/sites\/4\/2022\/02\/Buy-U-47700-POWDER.jpg","datePublished":"2022-02-22T02:48:56+00:00","dateModified":"2022-08-04T08:59:55+00:00","description":"Acquista U-47700 Polvere Regno Unito, Europa, Asia, Cina nel nostro negozio online medicinasinc.com con consegna veloce in tutto il mondo! La migliore polvere U-47700 per l'ordinazione la trovi qui!","breadcrumb":{"@id":"https:\/\/medicinasinc.com\/it\/product\/buy-u-47700-polvere\/#breadcrumb"},"inLanguage":"it-IT","potentialAction":[{"@type":"ReadAction","target":["https:\/\/medicinasinc.com\/it\/product\/buy-u-47700-polvere\/"]}]},{"@type":"ImageObject","inLanguage":"it-IT","@id":"https:\/\/medicinasinc.com\/it\/product\/buy-u-47700-polvere\/#primaryimage","url":"https:\/\/medicinasinc.com\/it\/wp-content\/uploads\/sites\/4\/2022\/02\/Buy-U-47700-POWDER.jpg","contentUrl":"https:\/\/medicinasinc.com\/it\/wp-content\/uploads\/sites\/4\/2022\/02\/Buy-U-47700-POWDER.jpg","width":600,"height":600},{"@type":"BreadcrumbList","@id":"https:\/\/medicinasinc.com\/it\/product\/buy-u-47700-polvere\/#breadcrumb","itemListElement":[{"@type":"ListItem","position":1,"name":"Negozio","item":"https:\/\/medicinasinc.com\/it\/negozio\/"},{"@type":"ListItem","position":2,"name":"Acquista U-47700 Polvere"}]},{"@type":"WebSite","@id":"https:\/\/medicinasinc.com\/it\/#website","url":"https:\/\/medicinasinc.com\/it\/","name":"Medicinas Inc","description":"Health Medical Clinic","potentialAction":[{"@type":"SearchAction","target":{"@type":"EntryPoint","urlTemplate":"https:\/\/medicinasinc.com\/it\/?s={search_term_string}"},"query-input":{"@type":"PropertyValueSpecification","valueRequired":true,"valueName":"search_term_string"}}],"inLanguage":"it-IT"}]}},"_links":{"self":[{"href":"https:\/\/medicinasinc.com\/it\/wp-json\/wp\/v2\/product\/5617","targetHints":{"allow":["GET"]}}],"collection":[{"href":"https:\/\/medicinasinc.com\/it\/wp-json\/wp\/v2\/product"}],"about":[{"href":"https:\/\/medicinasinc.com\/it\/wp-json\/wp\/v2\/types\/product"}],"replies":[{"embeddable":true,"href":"https:\/\/medicinasinc.com\/it\/wp-json\/wp\/v2\/comments?post=5617"}],"wp:featuredmedia":[{"embeddable":true,"href":"https:\/\/medicinasinc.com\/it\/wp-json\/wp\/v2\/media\/5629"}],"wp:attachment":[{"href":"https:\/\/medicinasinc.com\/it\/wp-json\/wp\/v2\/media?parent=5617"}],"wp:term":[{"taxonomy":"product_brand","embeddable":true,"href":"https:\/\/medicinasinc.com\/it\/wp-json\/wp\/v2\/product_brand?post=5617"},{"taxonomy":"product_cat","embeddable":true,"href":"https:\/\/medicinasinc.com\/it\/wp-json\/wp\/v2\/product_cat?post=5617"},{"taxonomy":"product_tag","embeddable":true,"href":"https:\/\/medicinasinc.com\/it\/wp-json\/wp\/v2\/product_tag?post=5617"}],"curies":[{"name":"wp","href":"https:\/\/api.w.org\/{rel}","templated":true}]}}