{"id":5616,"date":"2022-02-22T02:47:20","date_gmt":"2022-02-22T02:47:20","guid":{"rendered":"https:\/\/medicinasinc.com\/it\/?post_type=product&#038;p=5616"},"modified":"2022-03-17T00:10:00","modified_gmt":"2022-03-17T00:10:00","slug":"buy-w-18-pillole","status":"publish","type":"product","link":"https:\/\/medicinasinc.com\/it\/product\/buy-w-18-pillole\/","title":{"rendered":"Acquista le pillole W-18"},"content":{"rendered":"<p>Le pillole W-18 possono essere acquistate.<\/p>\n<p>Acquista le pillole W-18 qui. Questa \u00e8 una sostanza chimica non utilizzabile dalle persone.<\/p>\n<p>Caratteristiche<br \/> Questo articolo \u00e8 stato realizzato e testato per soddisfare gli standard ISO17025:2005 e Guide 34:2009.<br \/> Questo articolo \u00e8 destinato a essere utilizzato come standard di riferimento analitico.<br \/> C&#8217;\u00e8 molto materiale disponibile per la ricerca accademica in alcune istituzioni. Si prega di contattare il nostro reparto vendite per i prezzi.<br \/> W-18 (articolo n. 15480) \u00e8 un materiale che pu\u00f2 essere utilizzato per i test. Per questo motivo, pu\u00f2 essere molto efficace nell&#8217;alleviare il dolore. Nel test di contorsioni del fenilchinone del topo, \u00e8 stato riscontrato che \u00e8 molto efficace nell&#8217;alleviare il dolore. 1 Quando si tratta di esseri umani, non sappiamo come questa sostanza influenzi i loro corpi o come possa danneggiarli. Questo \u00e8 un prodotto che pu\u00f2 essere utilizzato per scopi forensi e di ricerca.<\/p>\n","protected":false},"excerpt":{"rendered":"<div class=\"woocommerce-product-details__short-description\">\n<p>Acquista W-18 Pills in vendita Regno Unito, Europa online I nostri costi di spedizione e consegna sono sicuri e convenienti al 100%. effettua l&#8217;ordine di pillole W-18 e ottieni una qualit\u00e0 straordinaria da noi<\/p>\n<p>W-18 in vendita | Acquista W-18 online | Dove acquistare online W-18- Dove acquistare pillole W-18 online. Questo prodotto \u00e8 stato fabbricato e testato per soddisfare le linee guida ISO17025:2005 e Guide 34:2009<\/p>\n<\/p><\/div>\n","protected":false},"featured_media":5627,"comment_status":"open","ping_status":"closed","template":"","meta":[],"product_brand":[],"product_cat":[1117],"product_tag":[3309,3317,3307,3308,3318,3313,3311,3312,3319,3316,3310,3315,3314,3320,3321],"class_list":{"0":"post-5616","1":"product","2":"type-product","3":"status-publish","4":"has-post-thumbnail","6":"product_cat-comprare-pillole-sesso-dolore-per-dormire","7":"product_tag-buy-w-18-pillole","8":"product_tag-w-18-pillole-compra","9":"product_tag-buy-w-18","10":"product_tag-comprare-w-18-farmaci","11":"product_tag-w-18-pillole-effetto","12":"product_tag-effetto-w-18","13":"product_tag-w-18-farmaci","14":"product_tag-w-18-farmaci-in-vendita","15":"product_tag-w-18-pillole-ordine","16":"product_tag-w-18-ordine","17":"product_tag-w-18-compra","18":"product_tag-w-18-in-linea","19":"product_tag-w-18-in-vendita","20":"product_tag-w-18-pillole-allingrosso","21":"product_tag-w-18-reddit","23":"first","24":"instock","25":"shipping-taxable","26":"purchasable","27":"product-type-variable"},"yoast_head":"<!-- This site is optimized with the Yoast SEO plugin v27.3 - https:\/\/yoast.com\/product\/yoast-seo-wordpress\/ -->\n<title>Acquista pillole W-18 - Pillole W-18 in vendita - Best Global Meds<\/title>\n<meta name=\"description\" content=\"Acquista pillole W-18 in vendita nel Regno Unito, in Europa online I nostri costi di spedizione e consegna sono sicuri e convenienti al 100%. effettua il tuo ordine per le pillole W-18 e ottieni una qualit\u00e0 straordinaria da noi\" \/>\n<meta name=\"robots\" content=\"index, follow, max-snippet:-1, max-image-preview:large, max-video-preview:-1\" \/>\n<link rel=\"canonical\" href=\"https:\/\/medicinasinc.com\/it\/product\/buy-w-18-pillole\/\" \/>\n<meta property=\"og:locale\" content=\"it_IT\" \/>\n<meta property=\"og:type\" content=\"article\" \/>\n<meta property=\"og:title\" content=\"Acquista pillole W-18 - Pillole W-18 in vendita - Best Global Meds\" \/>\n<meta property=\"og:description\" content=\"Acquista pillole W-18 in vendita nel Regno Unito, in Europa online I nostri costi di spedizione e consegna sono sicuri e convenienti al 100%. effettua il tuo ordine per le pillole W-18 e ottieni una qualit\u00e0 straordinaria da noi\" \/>\n<meta property=\"og:url\" content=\"https:\/\/medicinasinc.com\/it\/product\/buy-w-18-pillole\/\" \/>\n<meta property=\"og:site_name\" content=\"Medicinas Inc\" \/>\n<meta property=\"article:modified_time\" content=\"2022-03-17T00:10:00+00:00\" \/>\n<meta property=\"og:image\" content=\"https:\/\/medicinasinc.com\/it\/wp-content\/uploads\/sites\/4\/2022\/02\/Buy-W-18-Pills.jpg\" \/>\n\t<meta property=\"og:image:width\" content=\"840\" \/>\n\t<meta property=\"og:image:height\" content=\"781\" \/>\n\t<meta property=\"og:image:type\" content=\"image\/jpeg\" \/>\n<meta name=\"twitter:card\" content=\"summary_large_image\" \/>\n<meta name=\"twitter:label1\" content=\"Tempo di lettura stimato\" \/>\n\t<meta name=\"twitter:data1\" content=\"1 minuto\" \/>\n<script type=\"application\/ld+json\" class=\"yoast-schema-graph\">{\"@context\":\"https:\\\/\\\/schema.org\",\"@graph\":[{\"@type\":\"WebPage\",\"@id\":\"https:\\\/\\\/medicinasinc.com\\\/it\\\/product\\\/buy-w-18-pillole\\\/\",\"url\":\"https:\\\/\\\/medicinasinc.com\\\/it\\\/product\\\/buy-w-18-pillole\\\/\",\"name\":\"Acquista pillole W-18 - Pillole W-18 in vendita - Best Global Meds\",\"isPartOf\":{\"@id\":\"https:\\\/\\\/medicinasinc.com\\\/it\\\/#website\"},\"primaryImageOfPage\":{\"@id\":\"https:\\\/\\\/medicinasinc.com\\\/it\\\/product\\\/buy-w-18-pillole\\\/#primaryimage\"},\"image\":{\"@id\":\"https:\\\/\\\/medicinasinc.com\\\/it\\\/product\\\/buy-w-18-pillole\\\/#primaryimage\"},\"thumbnailUrl\":\"https:\\\/\\\/medicinasinc.com\\\/it\\\/wp-content\\\/uploads\\\/sites\\\/4\\\/2022\\\/02\\\/Buy-W-18-Pills.jpg\",\"datePublished\":\"2022-02-22T02:47:20+00:00\",\"dateModified\":\"2022-03-17T00:10:00+00:00\",\"description\":\"Acquista pillole W-18 in vendita nel Regno Unito, in Europa online I nostri costi di spedizione e consegna sono sicuri e convenienti al 100%. effettua il tuo ordine per le pillole W-18 e ottieni una qualit\u00e0 straordinaria da noi\",\"breadcrumb\":{\"@id\":\"https:\\\/\\\/medicinasinc.com\\\/it\\\/product\\\/buy-w-18-pillole\\\/#breadcrumb\"},\"inLanguage\":\"it-IT\",\"potentialAction\":[{\"@type\":\"ReadAction\",\"target\":[\"https:\\\/\\\/medicinasinc.com\\\/it\\\/product\\\/buy-w-18-pillole\\\/\"]}]},{\"@type\":\"ImageObject\",\"inLanguage\":\"it-IT\",\"@id\":\"https:\\\/\\\/medicinasinc.com\\\/it\\\/product\\\/buy-w-18-pillole\\\/#primaryimage\",\"url\":\"https:\\\/\\\/medicinasinc.com\\\/it\\\/wp-content\\\/uploads\\\/sites\\\/4\\\/2022\\\/02\\\/Buy-W-18-Pills.jpg\",\"contentUrl\":\"https:\\\/\\\/medicinasinc.com\\\/it\\\/wp-content\\\/uploads\\\/sites\\\/4\\\/2022\\\/02\\\/Buy-W-18-Pills.jpg\",\"width\":840,\"height\":781},{\"@type\":\"BreadcrumbList\",\"@id\":\"https:\\\/\\\/medicinasinc.com\\\/it\\\/product\\\/buy-w-18-pillole\\\/#breadcrumb\",\"itemListElement\":[{\"@type\":\"ListItem\",\"position\":1,\"name\":\"Negozio\",\"item\":\"https:\\\/\\\/medicinasinc.com\\\/it\\\/negozio\\\/\"},{\"@type\":\"ListItem\",\"position\":2,\"name\":\"Acquista le pillole W-18\"}]},{\"@type\":\"WebSite\",\"@id\":\"https:\\\/\\\/medicinasinc.com\\\/it\\\/#website\",\"url\":\"https:\\\/\\\/medicinasinc.com\\\/it\\\/\",\"name\":\"Medicinas Inc\",\"description\":\"Health Medical Clinic\",\"potentialAction\":[{\"@type\":\"SearchAction\",\"target\":{\"@type\":\"EntryPoint\",\"urlTemplate\":\"https:\\\/\\\/medicinasinc.com\\\/it\\\/?s={search_term_string}\"},\"query-input\":{\"@type\":\"PropertyValueSpecification\",\"valueRequired\":true,\"valueName\":\"search_term_string\"}}],\"inLanguage\":\"it-IT\"}]}<\/script>\n<!-- \/ Yoast SEO plugin. -->","yoast_head_json":{"title":"Acquista pillole W-18 - Pillole W-18 in vendita - Best Global Meds","description":"Acquista pillole W-18 in vendita nel Regno Unito, in Europa online I nostri costi di spedizione e consegna sono sicuri e convenienti al 100%. effettua il tuo ordine per le pillole W-18 e ottieni una qualit\u00e0 straordinaria da noi","robots":{"index":"index","follow":"follow","max-snippet":"max-snippet:-1","max-image-preview":"max-image-preview:large","max-video-preview":"max-video-preview:-1"},"canonical":"https:\/\/medicinasinc.com\/it\/product\/buy-w-18-pillole\/","og_locale":"it_IT","og_type":"article","og_title":"Acquista pillole W-18 - Pillole W-18 in vendita - Best Global Meds","og_description":"Acquista pillole W-18 in vendita nel Regno Unito, in Europa online I nostri costi di spedizione e consegna sono sicuri e convenienti al 100%. effettua il tuo ordine per le pillole W-18 e ottieni una qualit\u00e0 straordinaria da noi","og_url":"https:\/\/medicinasinc.com\/it\/product\/buy-w-18-pillole\/","og_site_name":"Medicinas Inc","article_modified_time":"2022-03-17T00:10:00+00:00","og_image":[{"width":840,"height":781,"url":"https:\/\/medicinasinc.com\/it\/wp-content\/uploads\/sites\/4\/2022\/02\/Buy-W-18-Pills.jpg","type":"image\/jpeg"}],"twitter_card":"summary_large_image","twitter_misc":{"Tempo di lettura stimato":"1 minuto"},"schema":{"@context":"https:\/\/schema.org","@graph":[{"@type":"WebPage","@id":"https:\/\/medicinasinc.com\/it\/product\/buy-w-18-pillole\/","url":"https:\/\/medicinasinc.com\/it\/product\/buy-w-18-pillole\/","name":"Acquista pillole W-18 - Pillole W-18 in vendita - Best Global Meds","isPartOf":{"@id":"https:\/\/medicinasinc.com\/it\/#website"},"primaryImageOfPage":{"@id":"https:\/\/medicinasinc.com\/it\/product\/buy-w-18-pillole\/#primaryimage"},"image":{"@id":"https:\/\/medicinasinc.com\/it\/product\/buy-w-18-pillole\/#primaryimage"},"thumbnailUrl":"https:\/\/medicinasinc.com\/it\/wp-content\/uploads\/sites\/4\/2022\/02\/Buy-W-18-Pills.jpg","datePublished":"2022-02-22T02:47:20+00:00","dateModified":"2022-03-17T00:10:00+00:00","description":"Acquista pillole W-18 in vendita nel Regno Unito, in Europa online I nostri costi di spedizione e consegna sono sicuri e convenienti al 100%. effettua il tuo ordine per le pillole W-18 e ottieni una qualit\u00e0 straordinaria da noi","breadcrumb":{"@id":"https:\/\/medicinasinc.com\/it\/product\/buy-w-18-pillole\/#breadcrumb"},"inLanguage":"it-IT","potentialAction":[{"@type":"ReadAction","target":["https:\/\/medicinasinc.com\/it\/product\/buy-w-18-pillole\/"]}]},{"@type":"ImageObject","inLanguage":"it-IT","@id":"https:\/\/medicinasinc.com\/it\/product\/buy-w-18-pillole\/#primaryimage","url":"https:\/\/medicinasinc.com\/it\/wp-content\/uploads\/sites\/4\/2022\/02\/Buy-W-18-Pills.jpg","contentUrl":"https:\/\/medicinasinc.com\/it\/wp-content\/uploads\/sites\/4\/2022\/02\/Buy-W-18-Pills.jpg","width":840,"height":781},{"@type":"BreadcrumbList","@id":"https:\/\/medicinasinc.com\/it\/product\/buy-w-18-pillole\/#breadcrumb","itemListElement":[{"@type":"ListItem","position":1,"name":"Negozio","item":"https:\/\/medicinasinc.com\/it\/negozio\/"},{"@type":"ListItem","position":2,"name":"Acquista le pillole W-18"}]},{"@type":"WebSite","@id":"https:\/\/medicinasinc.com\/it\/#website","url":"https:\/\/medicinasinc.com\/it\/","name":"Medicinas Inc","description":"Health Medical Clinic","potentialAction":[{"@type":"SearchAction","target":{"@type":"EntryPoint","urlTemplate":"https:\/\/medicinasinc.com\/it\/?s={search_term_string}"},"query-input":{"@type":"PropertyValueSpecification","valueRequired":true,"valueName":"search_term_string"}}],"inLanguage":"it-IT"}]}},"_links":{"self":[{"href":"https:\/\/medicinasinc.com\/it\/wp-json\/wp\/v2\/product\/5616","targetHints":{"allow":["GET"]}}],"collection":[{"href":"https:\/\/medicinasinc.com\/it\/wp-json\/wp\/v2\/product"}],"about":[{"href":"https:\/\/medicinasinc.com\/it\/wp-json\/wp\/v2\/types\/product"}],"replies":[{"embeddable":true,"href":"https:\/\/medicinasinc.com\/it\/wp-json\/wp\/v2\/comments?post=5616"}],"wp:featuredmedia":[{"embeddable":true,"href":"https:\/\/medicinasinc.com\/it\/wp-json\/wp\/v2\/media\/5627"}],"wp:attachment":[{"href":"https:\/\/medicinasinc.com\/it\/wp-json\/wp\/v2\/media?parent=5616"}],"wp:term":[{"taxonomy":"product_brand","embeddable":true,"href":"https:\/\/medicinasinc.com\/it\/wp-json\/wp\/v2\/product_brand?post=5616"},{"taxonomy":"product_cat","embeddable":true,"href":"https:\/\/medicinasinc.com\/it\/wp-json\/wp\/v2\/product_cat?post=5616"},{"taxonomy":"product_tag","embeddable":true,"href":"https:\/\/medicinasinc.com\/it\/wp-json\/wp\/v2\/product_tag?post=5616"}],"curies":[{"name":"wp","href":"https:\/\/api.w.org\/{rel}","templated":true}]}}