{"id":5615,"date":"2022-02-22T02:46:09","date_gmt":"2022-02-22T02:46:09","guid":{"rendered":"https:\/\/medicinasinc.com\/it\/?post_type=product&#038;p=5615"},"modified":"2022-08-04T08:42:57","modified_gmt":"2022-08-04T08:42:57","slug":"compra-sale-da-bagno-bianco-ragazza","status":"publish","type":"product","link":"https:\/\/medicinasinc.com\/it\/product\/compra-sale-da-bagno-bianco-ragazza\/","title":{"rendered":"Acquista il sale da bagno White Girl"},"content":{"rendered":"<p>Puoi acquistare il sale da bagno White Girl sul web.<br \/>\nI sali da bagno White Girl possono essere acquistati online. Come li compro?<\/p>\n<p>Dove vuoi acquistare i sali da bagno per ragazze bianche? Non ci sono problemi o imbarazzo quando acquisti sali da bagno per ragazze bianche da Best Global Meds. Per assicurarti di risparmiare denaro quando acquisti sali da bagno per ragazze bianche dal nostro drugstore online, lavoriamo sodo. Quando acquisti qualcosa da Chemicals Lab, vogliamo che paghi di meno e ottieni di pi\u00f9.<\/p>\n<p>Compra dei sali da bagno White Girl.<\/p>\n<p>Da una fonte legittima, puoi acquistare White Girl Bath Sali in linea. Vendiamo i migliori prodotti per il bagno, come i sali da bagno. I sali da bagno ti regaleranno un bagno liscio e sensuale che ti far\u00e0 sentire pulito dopo averli usati. Tuttavia, i nostri clienti possono essere certi che otterranno i migliori prodotti sul mercato. Tuttavia, vendiamo e acquistiamo anche altri sali da bagno concentrati a buoni prezzi.<\/p>\n<p>I nostri sali da bagno hanno un forte odore.<\/p>\n<p>Ci sono molti diversi tipi di sali da bagno White Girl, e hanno lo scopo di rendere la tua esperienza di bagno ancora migliore. Basta una piccola somma per fare una grande differenza. Puoi, tuttavia, aggiungerne una piccola quantit\u00e0 a un bagno caldo per addolcire naturalmente l&#8217;acqua, il che ti far\u00e0 sentire molto energico e felice dopo. Tuttavia, \u00e8 usato per assomigliare alle sorgenti termali naturali del mare greco. All&#8217;inizio, usa pochissimo del sale da bagno White Girl, perch\u00e9 troppo sporcher\u00e0 l&#8217;acqua del tuo bagno e ti render\u00e0 infelice. I sali da bagno White Girl, d&#8217;altra parte, possono aiutarti a raggiungere luoghi che pensavi fossero impossibili.<\/p>\n","protected":false},"excerpt":{"rendered":"<p>Il nostro negozio medicinasinc.com vende sale da bagno White Girl in vendita nel Regno Unito, in Europa e in tutto il mondo! Puoi acquistare il miglior sale da bagno White Girl qui!<\/p>\n<p>Il prezzo dei sali da bagno White Girl su Internet potrebbe essere troppo alto.<\/p>\n<p>Da Best global meds, puoi acquistare White Girl sali da bagno comodamente da casa tua. I sali da bagno White Girl sono in vendita.<\/p>\n<p>In questo caso, puoi acquistare sali da bagno su Internet White Girl 500mg Bath Salt<\/p>\n<p>Best Global Meds vende sali da bagno di alta qualit\u00e0 che lo faranno regalati un bagno liscio e sensuale che ti far\u00e0 sentire pulita.<\/p>\n<p>Quando acquisti online i sali da bagno per ragazze bianche da noi, puoi essere certo che saranno i migliori che puoi ottenere. Vendiamo e acquistiamo altri sali da bagno concentrati a buoni prezzi.<\/p>\n<p>I nostri sali da bagno hanno un forte odore.<\/p>\n<div class=\"product-next-previous\">\n<div class=\"product- precedente\"><\/div>\n<\/div>\n","protected":false},"featured_media":5625,"comment_status":"open","ping_status":"closed","template":"","meta":[],"product_brand":[],"product_cat":[2014],"product_tag":[3300,3299,3303,3302,3301,3305,3306,3304],"class_list":{"0":"post-5615","1":"product","2":"type-product","3":"status-publish","4":"has-post-thumbnail","6":"product_cat-compra-ricerca-prodotti-chimici","7":"product_tag-comprare-sali-da-bagno-bianco-ragazza-online","8":"product_tag-acquista-concentrato-white-girl-500mg-sale-da-bagno-online","9":"product_tag-dove-acquistare-sali-da-bagno-bianchi-ragazza","10":"product_tag-order-white-girl-bath-salts-online","11":"product_tag-concentrato-bianco-ragazza-500mg-sali-da-bagno","12":"product_tag-sale-da-bagno-bianco-ragazza","13":"product_tag-white-girl-sali-da-bagno-in-vendita","14":"product_tag-white-girl-500mg-sale-da-bagno-online","16":"first","17":"instock","18":"shipping-taxable","19":"purchasable","20":"product-type-variable","21":"has-default-attributes"},"yoast_head":"<!-- This site is optimized with the Yoast SEO plugin v27.3 - https:\/\/yoast.com\/product\/yoast-seo-wordpress\/ -->\n<title>Acquista Sale da bagno White Girl - Sale da bagno in vendita - Best Global Meds<\/title>\n<meta name=\"description\" content=\"sto cercando di acquistare White Girl Bath Salt in vendita nel Regno Unito, in Europa nel nostro negozio medicinasinc.com con spedizione veloce in tutto il mondo! Il miglior sale da bagno White Girl per l&#039;ordinazione lo trovi qui!\" \/>\n<meta name=\"robots\" content=\"index, follow, max-snippet:-1, max-image-preview:large, max-video-preview:-1\" \/>\n<link rel=\"canonical\" href=\"https:\/\/medicinasinc.com\/it\/product\/compra-sale-da-bagno-bianco-ragazza\/\" \/>\n<meta property=\"og:locale\" content=\"it_IT\" \/>\n<meta property=\"og:type\" content=\"article\" \/>\n<meta property=\"og:title\" content=\"Acquista Sale da bagno White Girl - Sale da bagno in vendita - Best Global Meds\" \/>\n<meta property=\"og:description\" content=\"sto cercando di acquistare White Girl Bath Salt in vendita nel Regno Unito, in Europa nel nostro negozio medicinasinc.com con spedizione veloce in tutto il mondo! Il miglior sale da bagno White Girl per l&#039;ordinazione lo trovi qui!\" \/>\n<meta property=\"og:url\" content=\"https:\/\/medicinasinc.com\/it\/product\/compra-sale-da-bagno-bianco-ragazza\/\" \/>\n<meta property=\"og:site_name\" content=\"Medicinas Inc\" \/>\n<meta property=\"article:modified_time\" content=\"2022-08-04T08:42:57+00:00\" \/>\n<meta property=\"og:image\" content=\"https:\/\/medicinasinc.com\/it\/wp-content\/uploads\/sites\/4\/2022\/02\/Buy-White-Girl-Bath-Salt.jpg\" \/>\n\t<meta property=\"og:image:width\" content=\"600\" \/>\n\t<meta property=\"og:image:height\" content=\"600\" \/>\n\t<meta property=\"og:image:type\" content=\"image\/jpeg\" \/>\n<meta name=\"twitter:card\" content=\"summary_large_image\" \/>\n<meta name=\"twitter:label1\" content=\"Tempo di lettura stimato\" \/>\n\t<meta name=\"twitter:data1\" content=\"2 minuti\" \/>\n<script type=\"application\/ld+json\" class=\"yoast-schema-graph\">{\"@context\":\"https:\\\/\\\/schema.org\",\"@graph\":[{\"@type\":\"WebPage\",\"@id\":\"https:\\\/\\\/medicinasinc.com\\\/it\\\/product\\\/compra-sale-da-bagno-bianco-ragazza\\\/\",\"url\":\"https:\\\/\\\/medicinasinc.com\\\/it\\\/product\\\/compra-sale-da-bagno-bianco-ragazza\\\/\",\"name\":\"Acquista Sale da bagno White Girl - Sale da bagno in vendita - Best Global Meds\",\"isPartOf\":{\"@id\":\"https:\\\/\\\/medicinasinc.com\\\/it\\\/#website\"},\"primaryImageOfPage\":{\"@id\":\"https:\\\/\\\/medicinasinc.com\\\/it\\\/product\\\/compra-sale-da-bagno-bianco-ragazza\\\/#primaryimage\"},\"image\":{\"@id\":\"https:\\\/\\\/medicinasinc.com\\\/it\\\/product\\\/compra-sale-da-bagno-bianco-ragazza\\\/#primaryimage\"},\"thumbnailUrl\":\"https:\\\/\\\/medicinasinc.com\\\/it\\\/wp-content\\\/uploads\\\/sites\\\/4\\\/2022\\\/02\\\/Buy-White-Girl-Bath-Salt.jpg\",\"datePublished\":\"2022-02-22T02:46:09+00:00\",\"dateModified\":\"2022-08-04T08:42:57+00:00\",\"description\":\"sto cercando di acquistare White Girl Bath Salt in vendita nel Regno Unito, in Europa nel nostro negozio medicinasinc.com con spedizione veloce in tutto il mondo! Il miglior sale da bagno White Girl per l'ordinazione lo trovi qui!\",\"breadcrumb\":{\"@id\":\"https:\\\/\\\/medicinasinc.com\\\/it\\\/product\\\/compra-sale-da-bagno-bianco-ragazza\\\/#breadcrumb\"},\"inLanguage\":\"it-IT\",\"potentialAction\":[{\"@type\":\"ReadAction\",\"target\":[\"https:\\\/\\\/medicinasinc.com\\\/it\\\/product\\\/compra-sale-da-bagno-bianco-ragazza\\\/\"]}]},{\"@type\":\"ImageObject\",\"inLanguage\":\"it-IT\",\"@id\":\"https:\\\/\\\/medicinasinc.com\\\/it\\\/product\\\/compra-sale-da-bagno-bianco-ragazza\\\/#primaryimage\",\"url\":\"https:\\\/\\\/medicinasinc.com\\\/it\\\/wp-content\\\/uploads\\\/sites\\\/4\\\/2022\\\/02\\\/Buy-White-Girl-Bath-Salt.jpg\",\"contentUrl\":\"https:\\\/\\\/medicinasinc.com\\\/it\\\/wp-content\\\/uploads\\\/sites\\\/4\\\/2022\\\/02\\\/Buy-White-Girl-Bath-Salt.jpg\",\"width\":600,\"height\":600},{\"@type\":\"BreadcrumbList\",\"@id\":\"https:\\\/\\\/medicinasinc.com\\\/it\\\/product\\\/compra-sale-da-bagno-bianco-ragazza\\\/#breadcrumb\",\"itemListElement\":[{\"@type\":\"ListItem\",\"position\":1,\"name\":\"Negozio\",\"item\":\"https:\\\/\\\/medicinasinc.com\\\/it\\\/negozio\\\/\"},{\"@type\":\"ListItem\",\"position\":2,\"name\":\"Acquista il sale da bagno White Girl\"}]},{\"@type\":\"WebSite\",\"@id\":\"https:\\\/\\\/medicinasinc.com\\\/it\\\/#website\",\"url\":\"https:\\\/\\\/medicinasinc.com\\\/it\\\/\",\"name\":\"Medicinas Inc\",\"description\":\"Health Medical Clinic\",\"potentialAction\":[{\"@type\":\"SearchAction\",\"target\":{\"@type\":\"EntryPoint\",\"urlTemplate\":\"https:\\\/\\\/medicinasinc.com\\\/it\\\/?s={search_term_string}\"},\"query-input\":{\"@type\":\"PropertyValueSpecification\",\"valueRequired\":true,\"valueName\":\"search_term_string\"}}],\"inLanguage\":\"it-IT\"}]}<\/script>\n<!-- \/ Yoast SEO plugin. -->","yoast_head_json":{"title":"Acquista Sale da bagno White Girl - Sale da bagno in vendita - Best Global Meds","description":"sto cercando di acquistare White Girl Bath Salt in vendita nel Regno Unito, in Europa nel nostro negozio medicinasinc.com con spedizione veloce in tutto il mondo! Il miglior sale da bagno White Girl per l'ordinazione lo trovi qui!","robots":{"index":"index","follow":"follow","max-snippet":"max-snippet:-1","max-image-preview":"max-image-preview:large","max-video-preview":"max-video-preview:-1"},"canonical":"https:\/\/medicinasinc.com\/it\/product\/compra-sale-da-bagno-bianco-ragazza\/","og_locale":"it_IT","og_type":"article","og_title":"Acquista Sale da bagno White Girl - Sale da bagno in vendita - Best Global Meds","og_description":"sto cercando di acquistare White Girl Bath Salt in vendita nel Regno Unito, in Europa nel nostro negozio medicinasinc.com con spedizione veloce in tutto il mondo! Il miglior sale da bagno White Girl per l'ordinazione lo trovi qui!","og_url":"https:\/\/medicinasinc.com\/it\/product\/compra-sale-da-bagno-bianco-ragazza\/","og_site_name":"Medicinas Inc","article_modified_time":"2022-08-04T08:42:57+00:00","og_image":[{"width":600,"height":600,"url":"https:\/\/medicinasinc.com\/it\/wp-content\/uploads\/sites\/4\/2022\/02\/Buy-White-Girl-Bath-Salt.jpg","type":"image\/jpeg"}],"twitter_card":"summary_large_image","twitter_misc":{"Tempo di lettura stimato":"2 minuti"},"schema":{"@context":"https:\/\/schema.org","@graph":[{"@type":"WebPage","@id":"https:\/\/medicinasinc.com\/it\/product\/compra-sale-da-bagno-bianco-ragazza\/","url":"https:\/\/medicinasinc.com\/it\/product\/compra-sale-da-bagno-bianco-ragazza\/","name":"Acquista Sale da bagno White Girl - Sale da bagno in vendita - Best Global Meds","isPartOf":{"@id":"https:\/\/medicinasinc.com\/it\/#website"},"primaryImageOfPage":{"@id":"https:\/\/medicinasinc.com\/it\/product\/compra-sale-da-bagno-bianco-ragazza\/#primaryimage"},"image":{"@id":"https:\/\/medicinasinc.com\/it\/product\/compra-sale-da-bagno-bianco-ragazza\/#primaryimage"},"thumbnailUrl":"https:\/\/medicinasinc.com\/it\/wp-content\/uploads\/sites\/4\/2022\/02\/Buy-White-Girl-Bath-Salt.jpg","datePublished":"2022-02-22T02:46:09+00:00","dateModified":"2022-08-04T08:42:57+00:00","description":"sto cercando di acquistare White Girl Bath Salt in vendita nel Regno Unito, in Europa nel nostro negozio medicinasinc.com con spedizione veloce in tutto il mondo! Il miglior sale da bagno White Girl per l'ordinazione lo trovi qui!","breadcrumb":{"@id":"https:\/\/medicinasinc.com\/it\/product\/compra-sale-da-bagno-bianco-ragazza\/#breadcrumb"},"inLanguage":"it-IT","potentialAction":[{"@type":"ReadAction","target":["https:\/\/medicinasinc.com\/it\/product\/compra-sale-da-bagno-bianco-ragazza\/"]}]},{"@type":"ImageObject","inLanguage":"it-IT","@id":"https:\/\/medicinasinc.com\/it\/product\/compra-sale-da-bagno-bianco-ragazza\/#primaryimage","url":"https:\/\/medicinasinc.com\/it\/wp-content\/uploads\/sites\/4\/2022\/02\/Buy-White-Girl-Bath-Salt.jpg","contentUrl":"https:\/\/medicinasinc.com\/it\/wp-content\/uploads\/sites\/4\/2022\/02\/Buy-White-Girl-Bath-Salt.jpg","width":600,"height":600},{"@type":"BreadcrumbList","@id":"https:\/\/medicinasinc.com\/it\/product\/compra-sale-da-bagno-bianco-ragazza\/#breadcrumb","itemListElement":[{"@type":"ListItem","position":1,"name":"Negozio","item":"https:\/\/medicinasinc.com\/it\/negozio\/"},{"@type":"ListItem","position":2,"name":"Acquista il sale da bagno White Girl"}]},{"@type":"WebSite","@id":"https:\/\/medicinasinc.com\/it\/#website","url":"https:\/\/medicinasinc.com\/it\/","name":"Medicinas Inc","description":"Health Medical Clinic","potentialAction":[{"@type":"SearchAction","target":{"@type":"EntryPoint","urlTemplate":"https:\/\/medicinasinc.com\/it\/?s={search_term_string}"},"query-input":{"@type":"PropertyValueSpecification","valueRequired":true,"valueName":"search_term_string"}}],"inLanguage":"it-IT"}]}},"_links":{"self":[{"href":"https:\/\/medicinasinc.com\/it\/wp-json\/wp\/v2\/product\/5615","targetHints":{"allow":["GET"]}}],"collection":[{"href":"https:\/\/medicinasinc.com\/it\/wp-json\/wp\/v2\/product"}],"about":[{"href":"https:\/\/medicinasinc.com\/it\/wp-json\/wp\/v2\/types\/product"}],"replies":[{"embeddable":true,"href":"https:\/\/medicinasinc.com\/it\/wp-json\/wp\/v2\/comments?post=5615"}],"wp:featuredmedia":[{"embeddable":true,"href":"https:\/\/medicinasinc.com\/it\/wp-json\/wp\/v2\/media\/5625"}],"wp:attachment":[{"href":"https:\/\/medicinasinc.com\/it\/wp-json\/wp\/v2\/media?parent=5615"}],"wp:term":[{"taxonomy":"product_brand","embeddable":true,"href":"https:\/\/medicinasinc.com\/it\/wp-json\/wp\/v2\/product_brand?post=5615"},{"taxonomy":"product_cat","embeddable":true,"href":"https:\/\/medicinasinc.com\/it\/wp-json\/wp\/v2\/product_cat?post=5615"},{"taxonomy":"product_tag","embeddable":true,"href":"https:\/\/medicinasinc.com\/it\/wp-json\/wp\/v2\/product_tag?post=5615"}],"curies":[{"name":"wp","href":"https:\/\/api.w.org\/{rel}","templated":true}]}}