{"id":5614,"date":"2022-02-22T02:44:39","date_gmt":"2022-02-22T02:44:39","guid":{"rendered":"https:\/\/medicinasinc.com\/it\/?post_type=product&#038;p=5614"},"modified":"2022-08-04T08:32:29","modified_gmt":"2022-08-04T08:32:29","slug":"buy-bk-ethyl-k-cristalli","status":"publish","type":"product","link":"https:\/\/medicinasinc.com\/it\/product\/buy-bk-ethyl-k-cristalli\/","title":{"rendered":"Acquista cristalli bk-Ethyl-K"},"content":{"rendered":"<p>Acquista bk-Ethyl-K Chemical online da un grossista.<\/p>\n<p>Bk-Ethyl-K Chemical pu\u00f2 essere acquistato all&#8217;ingrosso.<\/p>\n<p>BKK-ethyl-k<\/p>\n<p>\u00c8 anche conosciuto come Ethylone, che \u00e8 un energizzante entactogeno. Viene spesso chiamato 3,4-metilenediossi-N-etilcatinone, ma questo non \u00e8 sempre il nome corretto. L&#8217;etilone \u00e8 chiamato 1-(1,3-benzodioxol-5-il)-2-(metilammino)-1-propanone perch\u00e9 ha un nome utile. Formula: C12H15NO3 ha una massa normale di 221,251999 Da e una massa monoisotopica di 221,104996 Da. Questa \u00e8 la formula subnucleare. Il posto migliore per comprare l&#8217;etilene \u00e8 la Cina. L&#8217;etilene \u00e8 una pietra preziosa che pu\u00f2 essere acquistata. Acquista pietre di etile che sono preziose. Fornitore di etilone. Acquista etilene con uno sconto. sconto Ethylone<\/p>\n<p>Il nuovo stimolante bk-Ethyl-K \u00e8 un farmaco creato da un designer. \u00c8 un analogo dell&#8217;anfetamina. Non ci sono problemi alla dogana con la nuova formula.<\/p>\n<table class=\"t1\" cellspacing=\"0\" cellpadding=\"0\">\n<tbody>\n<tr>\n<td class=\"td1\" valign=\"top \">\n<p class=\"p3\"><span class=\"s1\"><b>Sinonimi<\/b><\/span><\/p>\n<\/td>\n<td class=\"td2\" valign=\"top\">\n<p class=\"p3\"><span class=\"s1\"> bk-Ethyl-K<\/span><\/p>\n<\/td>\n<\/tr>\n<tr>\n<td class=\"td3\" valign=\"top\">\n<p class=\"p3\"><span class=\"s1\"><b>IUPAC<\/b><\/span><\/p>\n<\/td>\n<td class=\"td4\" valign=\"top\">\n<p class=\"p3\"><span class=\"s1\">1-(benzo[d][1,3]diossol-5-il)-2-(etilammino)pentan-1-one<\/span><\/p>\n<\/td>\n<\/tr>\n<tr>\n<td class=\"td1\" valign=\"top\">\n<p class=\"p3\"><span class=\"s1\"><b>Formula<\/b><\/span><\/p>\n<\/td>\n<td class=\"td2\" valign=\"top\">\n<p class=\"p3\"><span class=\"s1\">No<\/span><\/p>\n<\/td>\n<\/tr>\n<tr>\n<td class=\"td3\" valign=\"top\">\n<p class=\"p3\"><span class=\"s1\"><b>Peso molecolare<\/b><\/span><\/p>\n<\/td>\n<td class=\"td4\" valign=\"top\">\n<p class=\"p3\"><span class=\"s1\">No <\/span><\/p>\n<\/td>\n<\/tr>\n<tr>\n<td class=\"td1\" valign=\"top\">\n<p class=\"p3\"><span class=\"s1\"><b>CAS<\/b><\/span><\/p>\n<\/td>\n<td class=\"td2\" valign=\"top\">\n<p class=\"p3\"><span class=\"s1\">No<\/span><\/p>\n<\/td>\n<\/tr>\n<tr>\n<td class=\"td3\" valign=\"top\">\n<p class=\"p3\"><span class=\"s1\"><b>Aspetto <\/b><\/span><\/p>\n<\/td>\n<td class=\"td4\" valign=\"top\">\n<p class=\"p3\"><span class=\"s1\">No<\/span><\/p>\n<\/td>\n<\/tr>\n<tr>\n<td class=\"td1\" valign=\"top\">\n<p class=\"p3\"><span class=\"s1\"><b>Purezza<\/b><\/span><\/p>\n<\/td>\n<td class=\"td2\" valign=\"top\">\n<p class=\"p3\"><span class=\"s1\">\u2265 99 %<\/span><\/p>\n<\/td>\n<\/tr>\n<\/tbody>\n<\/table>\n<p><img loading=\"lazy\" decoding=\"async\" class=\"alignnone wp-image-923 size-full lazyloaded\" style=\"border: 0px;vertical-align: medio\" src=\"https:\/\/i2.wp.com\/chemspro.com\/wp-content\/uploads\/sites\/4\/2017\/04\/bk-ethyl-k- e1570866136196.jpg?resize=260%2C185&amp;ssl=1\" alt=\"bk-Ethyl-K \" width=\"260\" height=\"185\" data-attachment-id=\"923\" data-permalink=\"https:\/ \/chemspro.com\/stimulants\/bk-ethyl-k-crystals.html \/attachment\/bk-ethyl-k\" data-orig-file=\"https:\/\/i2.wp.com\/chemspro.com\/wp-content\/uploads\/sites\/4\/2017\/04\/bk-ethyl-k- e1570866136196.jpg?fit=260%2C185&amp;ssl=1\" data-orig-size=\"260,185\" data-comments-opened=\"1\" data-image-meta=\"{&quot;aperture&quot;:&quot;0&quot;, &quot;credito&quot;:&quot;&quot;,&quot;fotocamera&quot;:&quot;&quot;,&quot;didascalia&quot;:&quot;&quot;,&quot;timestamp_creato&quot;:&quot;0&quot;,&quot;copyright&quot;:&quot;&quot;, &quot;focal_length&quot;:&quot;0&quot;,&quot;iso&quot;:&quot;0&quot;,&quot;shutter_speed&quot;:&quot;0&quot;,&quot;titolo&quot;:&quot;&quot;,&quot;orientamento&quot;:&quot;0&quot;} \" data-image-title=\"bk-ethyl-k\" data-image-description=\"&lt;p&gt;bk-Ethyl-K &lt;\/p&gt; \" data-image-caption=\"\" data-medium-file=\"https:\/\/i2.wp.com\/chemspro.com\/wp-content\/uploads\/sites\/4\/2017\/04\/bk-ethyl-k- e1570866136196.jpg?fit=300%2C213&amp;ssl=1\" data-large-file=\"https:\/\/i2.wp.com\/chemspro.com\/wp-content\/uploads\/sites\/4\/2017\/04\/bk -ethyl-k-e1570866136196.jpg?fit=260%2C185&amp;ssl=1\" data-recalc-dims=\"1\" data-src=\"https:\/\/i2.wp.com\/chemspro.com\/wp-content \/uploads\/sites\/4\/2017\/04\/bk-ethyl-k-e1570866136196.jpg?resize=260%2C185&amp;ssl=1\" \/><\/p>\n<p>Persone che acquistano Bk-Ethyl-K da questo sito dovrebbe usarlo per la ricerca e la scientifica. L&#8217;etil-K fa parte delle famiglie chimiche del catinone e dell&#8217;anfetamina. Questo \u00e8 il peso della formula: 285,8 g-mol<\/p>\n<p>Nessuno sa cosa ti succeder\u00e0 dopo aver preso bk-Ethyl-K, ma potrebbero essercene.<\/p>\n<p>Il pieno il nome chimico \u00e8 bk-Ethyl-K: 1- (benzo [d] [1,3] dioxol-5-yl) -2- (ethylamino) pentan-1-one \u00e8 il primo.<\/p>\n<p>Conservazione: in luogo fresco e asciutto. I termini bk-Ethyl-K possono durare fino a due anni se conservati nel modo corretto.<\/p>\n","protected":false},"excerpt":{"rendered":"<div class=\"woocommerce-product-details__short-description\">\n<p>Nel nostro negozio medicinasinc.com puoi acquistare cristalli bk-Ethyl-K economici in vendita nel Regno Unito, in Europa e in tutto il mondo! Qui \u00e8 dove puoi acquistare i migliori cristalli bk-Ethyl-K da ordinare.<\/p>\n<p>Acquista bk-Ethyl-K Chemical online da un grossista. prodotti chimici di ricerca economici che hanno la migliore purezza per la ricerca<\/p>\n<p>.<\/p>\n<\/div>\n","protected":false},"featured_media":5623,"comment_status":"open","ping_status":"closed","template":"","meta":[],"product_brand":[],"product_cat":[2014],"product_tag":[3293,3294,3289,3281,3283,3288,3284,3286,3285,3290,3291,3298,3287,3282,3296,3295,3297],"class_list":{"0":"post-5614","1":"product","2":"type-product","3":"status-publish","4":"has-post-thumbnail","6":"product_cat-compra-ricerca-prodotti-chimici","7":"product_tag-buy-bk-ethyl-k-crystals-europe","8":"product_tag-buy-bk-ethyl-k-crystals-uk","9":"product_tag-bk-etil-k-cristalli-skid","10":"product_tag-best-bk-ethyl-k-crystals-wholesale","11":"product_tag-best-place-to-buy-mxe","12":"product_tag-bk-ethyl-k-cristalli-in-vendita","13":"product_tag-bk-ethyl-k-crystals","14":"product_tag-bk-ethyl-k-crystals-buy-europe","15":"product_tag-bk-ethyl-k-crystals-buy","16":"product_tag-bk-ethyl-k-crystals-order","17":"product_tag-bk-ethyl-k-cristalli-reddit","18":"product_tag-allingrosso-bk-etil-k-cristalli","19":"product_tag-bk-ethyl-k-effetto-cristalli","20":"product_tag-il-miglior-posto-per-acquistare-i-cristalli-bk-ethyl-k","21":"product_tag-ordine-bk-ethyl-k-cristalli-uk","22":"product_tag-dmt-ordine","23":"product_tag-retail-bk-ethyl-k-crystals","25":"first","26":"instock","27":"shipping-taxable","28":"purchasable","29":"product-type-variable","30":"has-default-attributes"},"yoast_head":"<!-- This site is optimized with the Yoast SEO plugin v27.3 - https:\/\/yoast.com\/product\/yoast-seo-wordpress\/ -->\n<title>Acquista cristalli bk-Ethyl-K - bk-Ethyl-K Online- Best Global Meds<\/title>\n<meta name=\"description\" content=\"cercando di acquistare cristalli bk-Ethyl-K economici in vendita nel Regno Unito, in Europa nel nostro negozio medicinasinc.com con spedizione veloce in tutto il mondo! I migliori cristalli bk-Ethyl-K per l&#039;ordinazione li troverai qui!\" \/>\n<meta name=\"robots\" content=\"index, follow, max-snippet:-1, max-image-preview:large, max-video-preview:-1\" \/>\n<link rel=\"canonical\" href=\"https:\/\/medicinasinc.com\/it\/product\/buy-bk-ethyl-k-cristalli\/\" \/>\n<meta property=\"og:locale\" content=\"it_IT\" \/>\n<meta property=\"og:type\" content=\"article\" \/>\n<meta property=\"og:title\" content=\"Acquista cristalli bk-Ethyl-K - bk-Ethyl-K Online- Best Global Meds\" \/>\n<meta property=\"og:description\" content=\"cercando di acquistare cristalli bk-Ethyl-K economici in vendita nel Regno Unito, in Europa nel nostro negozio medicinasinc.com con spedizione veloce in tutto il mondo! I migliori cristalli bk-Ethyl-K per l&#039;ordinazione li troverai qui!\" \/>\n<meta property=\"og:url\" content=\"https:\/\/medicinasinc.com\/it\/product\/buy-bk-ethyl-k-cristalli\/\" \/>\n<meta property=\"og:site_name\" content=\"Medicinas Inc\" \/>\n<meta property=\"article:modified_time\" content=\"2022-08-04T08:32:29+00:00\" \/>\n<meta property=\"og:image\" content=\"https:\/\/medicinasinc.com\/it\/wp-content\/uploads\/sites\/4\/2022\/02\/Buy-bk-Ethyl-K-Crystals.jpg\" \/>\n\t<meta property=\"og:image:width\" content=\"600\" \/>\n\t<meta property=\"og:image:height\" content=\"600\" \/>\n\t<meta property=\"og:image:type\" content=\"image\/jpeg\" \/>\n<meta name=\"twitter:card\" content=\"summary_large_image\" \/>\n<meta name=\"twitter:label1\" content=\"Tempo di lettura stimato\" \/>\n\t<meta name=\"twitter:data1\" content=\"2 minuti\" \/>\n<script type=\"application\/ld+json\" class=\"yoast-schema-graph\">{\"@context\":\"https:\\\/\\\/schema.org\",\"@graph\":[{\"@type\":\"WebPage\",\"@id\":\"https:\\\/\\\/medicinasinc.com\\\/it\\\/product\\\/buy-bk-ethyl-k-cristalli\\\/\",\"url\":\"https:\\\/\\\/medicinasinc.com\\\/it\\\/product\\\/buy-bk-ethyl-k-cristalli\\\/\",\"name\":\"Acquista cristalli bk-Ethyl-K - bk-Ethyl-K Online- Best Global Meds\",\"isPartOf\":{\"@id\":\"https:\\\/\\\/medicinasinc.com\\\/it\\\/#website\"},\"primaryImageOfPage\":{\"@id\":\"https:\\\/\\\/medicinasinc.com\\\/it\\\/product\\\/buy-bk-ethyl-k-cristalli\\\/#primaryimage\"},\"image\":{\"@id\":\"https:\\\/\\\/medicinasinc.com\\\/it\\\/product\\\/buy-bk-ethyl-k-cristalli\\\/#primaryimage\"},\"thumbnailUrl\":\"https:\\\/\\\/medicinasinc.com\\\/it\\\/wp-content\\\/uploads\\\/sites\\\/4\\\/2022\\\/02\\\/Buy-bk-Ethyl-K-Crystals.jpg\",\"datePublished\":\"2022-02-22T02:44:39+00:00\",\"dateModified\":\"2022-08-04T08:32:29+00:00\",\"description\":\"cercando di acquistare cristalli bk-Ethyl-K economici in vendita nel Regno Unito, in Europa nel nostro negozio medicinasinc.com con spedizione veloce in tutto il mondo! I migliori cristalli bk-Ethyl-K per l'ordinazione li troverai qui!\",\"breadcrumb\":{\"@id\":\"https:\\\/\\\/medicinasinc.com\\\/it\\\/product\\\/buy-bk-ethyl-k-cristalli\\\/#breadcrumb\"},\"inLanguage\":\"it-IT\",\"potentialAction\":[{\"@type\":\"ReadAction\",\"target\":[\"https:\\\/\\\/medicinasinc.com\\\/it\\\/product\\\/buy-bk-ethyl-k-cristalli\\\/\"]}]},{\"@type\":\"ImageObject\",\"inLanguage\":\"it-IT\",\"@id\":\"https:\\\/\\\/medicinasinc.com\\\/it\\\/product\\\/buy-bk-ethyl-k-cristalli\\\/#primaryimage\",\"url\":\"https:\\\/\\\/medicinasinc.com\\\/it\\\/wp-content\\\/uploads\\\/sites\\\/4\\\/2022\\\/02\\\/Buy-bk-Ethyl-K-Crystals.jpg\",\"contentUrl\":\"https:\\\/\\\/medicinasinc.com\\\/it\\\/wp-content\\\/uploads\\\/sites\\\/4\\\/2022\\\/02\\\/Buy-bk-Ethyl-K-Crystals.jpg\",\"width\":600,\"height\":600},{\"@type\":\"BreadcrumbList\",\"@id\":\"https:\\\/\\\/medicinasinc.com\\\/it\\\/product\\\/buy-bk-ethyl-k-cristalli\\\/#breadcrumb\",\"itemListElement\":[{\"@type\":\"ListItem\",\"position\":1,\"name\":\"Negozio\",\"item\":\"https:\\\/\\\/medicinasinc.com\\\/it\\\/negozio\\\/\"},{\"@type\":\"ListItem\",\"position\":2,\"name\":\"Acquista cristalli bk-Ethyl-K\"}]},{\"@type\":\"WebSite\",\"@id\":\"https:\\\/\\\/medicinasinc.com\\\/it\\\/#website\",\"url\":\"https:\\\/\\\/medicinasinc.com\\\/it\\\/\",\"name\":\"Medicinas Inc\",\"description\":\"Health Medical Clinic\",\"potentialAction\":[{\"@type\":\"SearchAction\",\"target\":{\"@type\":\"EntryPoint\",\"urlTemplate\":\"https:\\\/\\\/medicinasinc.com\\\/it\\\/?s={search_term_string}\"},\"query-input\":{\"@type\":\"PropertyValueSpecification\",\"valueRequired\":true,\"valueName\":\"search_term_string\"}}],\"inLanguage\":\"it-IT\"}]}<\/script>\n<!-- \/ Yoast SEO plugin. -->","yoast_head_json":{"title":"Acquista cristalli bk-Ethyl-K - bk-Ethyl-K Online- Best Global Meds","description":"cercando di acquistare cristalli bk-Ethyl-K economici in vendita nel Regno Unito, in Europa nel nostro negozio medicinasinc.com con spedizione veloce in tutto il mondo! I migliori cristalli bk-Ethyl-K per l'ordinazione li troverai qui!","robots":{"index":"index","follow":"follow","max-snippet":"max-snippet:-1","max-image-preview":"max-image-preview:large","max-video-preview":"max-video-preview:-1"},"canonical":"https:\/\/medicinasinc.com\/it\/product\/buy-bk-ethyl-k-cristalli\/","og_locale":"it_IT","og_type":"article","og_title":"Acquista cristalli bk-Ethyl-K - bk-Ethyl-K Online- Best Global Meds","og_description":"cercando di acquistare cristalli bk-Ethyl-K economici in vendita nel Regno Unito, in Europa nel nostro negozio medicinasinc.com con spedizione veloce in tutto il mondo! I migliori cristalli bk-Ethyl-K per l'ordinazione li troverai qui!","og_url":"https:\/\/medicinasinc.com\/it\/product\/buy-bk-ethyl-k-cristalli\/","og_site_name":"Medicinas Inc","article_modified_time":"2022-08-04T08:32:29+00:00","og_image":[{"width":600,"height":600,"url":"https:\/\/medicinasinc.com\/it\/wp-content\/uploads\/sites\/4\/2022\/02\/Buy-bk-Ethyl-K-Crystals.jpg","type":"image\/jpeg"}],"twitter_card":"summary_large_image","twitter_misc":{"Tempo di lettura stimato":"2 minuti"},"schema":{"@context":"https:\/\/schema.org","@graph":[{"@type":"WebPage","@id":"https:\/\/medicinasinc.com\/it\/product\/buy-bk-ethyl-k-cristalli\/","url":"https:\/\/medicinasinc.com\/it\/product\/buy-bk-ethyl-k-cristalli\/","name":"Acquista cristalli bk-Ethyl-K - bk-Ethyl-K Online- Best Global Meds","isPartOf":{"@id":"https:\/\/medicinasinc.com\/it\/#website"},"primaryImageOfPage":{"@id":"https:\/\/medicinasinc.com\/it\/product\/buy-bk-ethyl-k-cristalli\/#primaryimage"},"image":{"@id":"https:\/\/medicinasinc.com\/it\/product\/buy-bk-ethyl-k-cristalli\/#primaryimage"},"thumbnailUrl":"https:\/\/medicinasinc.com\/it\/wp-content\/uploads\/sites\/4\/2022\/02\/Buy-bk-Ethyl-K-Crystals.jpg","datePublished":"2022-02-22T02:44:39+00:00","dateModified":"2022-08-04T08:32:29+00:00","description":"cercando di acquistare cristalli bk-Ethyl-K economici in vendita nel Regno Unito, in Europa nel nostro negozio medicinasinc.com con spedizione veloce in tutto il mondo! I migliori cristalli bk-Ethyl-K per l'ordinazione li troverai qui!","breadcrumb":{"@id":"https:\/\/medicinasinc.com\/it\/product\/buy-bk-ethyl-k-cristalli\/#breadcrumb"},"inLanguage":"it-IT","potentialAction":[{"@type":"ReadAction","target":["https:\/\/medicinasinc.com\/it\/product\/buy-bk-ethyl-k-cristalli\/"]}]},{"@type":"ImageObject","inLanguage":"it-IT","@id":"https:\/\/medicinasinc.com\/it\/product\/buy-bk-ethyl-k-cristalli\/#primaryimage","url":"https:\/\/medicinasinc.com\/it\/wp-content\/uploads\/sites\/4\/2022\/02\/Buy-bk-Ethyl-K-Crystals.jpg","contentUrl":"https:\/\/medicinasinc.com\/it\/wp-content\/uploads\/sites\/4\/2022\/02\/Buy-bk-Ethyl-K-Crystals.jpg","width":600,"height":600},{"@type":"BreadcrumbList","@id":"https:\/\/medicinasinc.com\/it\/product\/buy-bk-ethyl-k-cristalli\/#breadcrumb","itemListElement":[{"@type":"ListItem","position":1,"name":"Negozio","item":"https:\/\/medicinasinc.com\/it\/negozio\/"},{"@type":"ListItem","position":2,"name":"Acquista cristalli bk-Ethyl-K"}]},{"@type":"WebSite","@id":"https:\/\/medicinasinc.com\/it\/#website","url":"https:\/\/medicinasinc.com\/it\/","name":"Medicinas Inc","description":"Health Medical Clinic","potentialAction":[{"@type":"SearchAction","target":{"@type":"EntryPoint","urlTemplate":"https:\/\/medicinasinc.com\/it\/?s={search_term_string}"},"query-input":{"@type":"PropertyValueSpecification","valueRequired":true,"valueName":"search_term_string"}}],"inLanguage":"it-IT"}]}},"_links":{"self":[{"href":"https:\/\/medicinasinc.com\/it\/wp-json\/wp\/v2\/product\/5614","targetHints":{"allow":["GET"]}}],"collection":[{"href":"https:\/\/medicinasinc.com\/it\/wp-json\/wp\/v2\/product"}],"about":[{"href":"https:\/\/medicinasinc.com\/it\/wp-json\/wp\/v2\/types\/product"}],"replies":[{"embeddable":true,"href":"https:\/\/medicinasinc.com\/it\/wp-json\/wp\/v2\/comments?post=5614"}],"wp:featuredmedia":[{"embeddable":true,"href":"https:\/\/medicinasinc.com\/it\/wp-json\/wp\/v2\/media\/5623"}],"wp:attachment":[{"href":"https:\/\/medicinasinc.com\/it\/wp-json\/wp\/v2\/media?parent=5614"}],"wp:term":[{"taxonomy":"product_brand","embeddable":true,"href":"https:\/\/medicinasinc.com\/it\/wp-json\/wp\/v2\/product_brand?post=5614"},{"taxonomy":"product_cat","embeddable":true,"href":"https:\/\/medicinasinc.com\/it\/wp-json\/wp\/v2\/product_cat?post=5614"},{"taxonomy":"product_tag","embeddable":true,"href":"https:\/\/medicinasinc.com\/it\/wp-json\/wp\/v2\/product_tag?post=5614"}],"curies":[{"name":"wp","href":"https:\/\/api.w.org\/{rel}","templated":true}]}}