{"id":5592,"date":"2022-02-22T02:23:26","date_gmt":"2022-02-22T02:23:26","guid":{"rendered":"https:\/\/medicinasinc.com\/it\/?post_type=product&#038;p=5592"},"modified":"2022-08-04T08:35:36","modified_gmt":"2022-08-04T08:35:36","slug":"buy-eth-lad-powder","status":"publish","type":"product","link":"https:\/\/medicinasinc.com\/it\/product\/buy-eth-lad-powder\/","title":{"rendered":"Acquista ETH-LAD in polvere"},"content":{"rendered":"<p>Una fonte per ottenere polvere ETH-LAD, ETH-LAD in vendita<\/p>\n<p>Produttore di polvere ETH-LAD in Cina. Fornitori e grossisti di polvere ETH-LAD. Prodotti chimici di ricerca in Cina in vendita: ETH-LAD in polvere<\/p>\n<p>Ladd, noto anche come ETH-LAD, \u00e8 un tetraidroindolo ciclico (noto anche come ETH-LAD o ETH-LAD).<\/p>\n<p>Chinolina-9-carbossammide, membro della famiglia della lisergamide. ETH-LAD \u00e8 un analogo dell&#8217;LSD che \u00e8 stato disponibile solo di recente alla comunit\u00e0 di ricerca, aprendo una pletora di possibilit\u00e0 per studiarne gli effetti. Come dettagliato nel libro TiHKAL di Alexander Shulgin negli anni &#8217;70, ETH-LAD \u00e8 stato sintetizzato da un gruppo di ricerca giapponese negli anni &#8217;70.<\/p>\n<p>Descrizione del prodotto:<\/p>\n<p>Contee di origine: Cina; Olanda; Lituania; Stati Uniti d&#8217;America<br \/>\nETH-LAD Powder \u00e8 il nome ufficiale.<br \/>\nMF: Nessuno al momento.<br \/>\npurezza: maggiore o uguale al 99,5 percento<br \/>\nAspetto assorbente<br \/>\n\/&gt; Busta in plastica o alluminio per l&#8217;imballaggio<\/p>\n<p>Termini di pagamento:<\/p>\n<p>La quantit\u00e0 minima ordinabile \u00e8 di dieci unit\u00e0. Paga con Bitcoin, Money Gram, Bonifico Bancario o qualsiasi altro metodo tu preferisca.<\/p>\n<p>I campioni sono disponibili gratuitamente.<\/p>\n<p>I campioni bonus gratuiti sono sempre inclusi in ogni ordine. Cinque articoli distinti, ciascuno del peso di due grammi.<br \/>\nUn campione di 10 o pi\u00f9 articoli, del peso di 5-10 grammi ciascuno, costa $ 400 e include la consegna. Contattaci per effettuare un ordine.<\/p>\n<p>Termini di consegna e spedizione:<\/p>\n<p>Dopo aver ricevuto il pagamento, i prodotti verranno spediti entro un giorno lavorativo.<br \/>\nUPS, EMS, DHL, TNT o FEDEX verranno utilizzati per spedire gli articoli. Per ogni paese, selezioneremo per te il miglior corriere e il metodo di spedizione pi\u00f9 sicuro.<br \/>\n5.-14 giorni per i tempi di consegna EMS. 4-7 giorni per DHL, UPS e FedEx.<br \/>\nRussia, Australia e Canada hanno tutte severe normative doganali con cui possiamo aiutarti.<br \/>\nNella maggior parte dei casi, riceverai il tuo ordine entro quattro a sette giorni. Gli articoli verranno rispediti in caso di smarrimento o mancata ricezione per qualsiasi motivo.<\/p>\n<p>Contattaci se hai bisogno di altre informazioni.<\/p>\n<p>Nota:<\/p>\n<p>Noi ha una vasta base di clienti globale e non vede l&#8217;ora di lavorare con te a lungo termine. Per ulteriori informazioni, non esitate a contattarci. Faremo tutto il possibile per assisterti. Grazie mille!<\/p>\n","protected":false},"excerpt":{"rendered":"<div class=\"g\">\n<div data-hveid=\"CAUQAA\" data-ved=\"2ahUKEwiXmcfFl6nzAhVLQEEAHXkQAPMQFSgAegQIBRAA\">\n<div class=\"tF2Cxc\">\n<div class=\"IsZvec\">\n<div>\n<p>I nostri BestGlobalMeds online shop offre una consegna rapida in tutto il mondo di polvere ETH-LAD, prodotta in Europa e nel Regno Unito. Trova la migliore polvere ETH-LAD sul mercato proprio qui.<br \/>\nDistributore di prodotti farmaceutici intermedi e prodotti chimici di ricerca dal fornitore cinese di polvere ETH-LAD<br \/>\n\u00c8 possibile acquistare polvere ETH-LAD da questo sito.<br \/>\nFornitore europeo di polvere ETH-LAD.<br \/>\nUn analogo dell&#8217;LSD chiamato polvere ETH-LAD pu\u00f2 essere acquistato online.<br \/>\nSimile all&#8217;LSD, ETH-LAD \u00e8 una sostanza allucinogena.<\/p>\n<p>L&#8217;analogo dell&#8217;LSD ETH-LAD in polvere. La dose attiva di ETH-LAD, una droga psichedelica con una gamma di potenze comprese tra 20 e 150 microgrammi, \u00e8 paragonabile a quella dell&#8217;LSD.<\/p>\n<p>\u00c8 disponibile per l&#8217;acquisto la polvere di ETH-LAD.<\/p>\n<p>Dietilamide dell&#8217;acido 6-etil-6-nor-lisergico IUPAC \u00e8 polvere di ETH-LAD<\/p>\n<p>Gli ordini verranno spediti dai seguenti paesi: Francia, Germania, Regno Unito e Svezia.<\/p>\n<\/div>\n<\/div>\n<\/div>\n<\/div>\n<\/div>\n","protected":false},"featured_media":5604,"comment_status":"open","ping_status":"closed","template":"","meta":[],"product_brand":[],"product_cat":[2014],"product_tag":[3265,3263,3264,3280,3266,3278,3274,3271,3273,3269,3270,3275,3272,3276,3279,3267,3268,3277],"class_list":{"0":"post-5592","1":"product","2":"type-product","3":"status-publish","4":"has-post-thumbnail","6":"product_cat-compra-ricerca-prodotti-chimici","7":"product_tag-eth-lad-buy","8":"product_tag-buy-eth-lad-powder","9":"product_tag-buy-eth-lad-powder-uk","10":"product_tag-dove-comprare-eth-lad-powder","11":"product_tag-eth-lad-effetto","12":"product_tag-eth-lad-allingrosso","13":"product_tag-eth-lad-polvere-allingrosso","14":"product_tag-eth-lad-polvere-in-vendita","15":"product_tag-eth-lad-powder-uk","16":"product_tag-eth-lad-powder-effect","17":"product_tag-eth-lad-powder-europe","18":"product_tag-eth-lad-reddit","19":"product_tag-eth-lad-powder-retail","20":"product_tag-eth-lad-retails","21":"product_tag-order-eth-lad-powder","22":"product_tag-eth-lad-order","23":"product_tag-eth-lad-polvere","24":"product_tag-eth-lad-recensione","26":"first","27":"instock","28":"shipping-taxable","29":"purchasable","30":"product-type-variable","31":"has-default-attributes"},"yoast_head":"<!-- This site is optimized with the Yoast SEO plugin v27.2 - https:\/\/yoast.com\/product\/yoast-seo-wordpress\/ -->\n<title>Acquista polvere ETH-LAD - Polvere ETH-LAD online - Best Global Meds<\/title>\n<meta name=\"description\" content=\"Acquista polvere ETH-LAD Europa, Regno Unito online nel nostro negozio online medicinasinc.com con consegna veloce in tutto il mondo! La migliore polvere ETH-LAD per l&#039;ordinazione la trovi qui!\" \/>\n<meta name=\"robots\" content=\"index, follow, max-snippet:-1, max-image-preview:large, max-video-preview:-1\" \/>\n<link rel=\"canonical\" href=\"https:\/\/medicinasinc.com\/it\/product\/buy-eth-lad-powder\/\" \/>\n<meta property=\"og:locale\" content=\"it_IT\" \/>\n<meta property=\"og:type\" content=\"article\" \/>\n<meta property=\"og:title\" content=\"Acquista polvere ETH-LAD - Polvere ETH-LAD online - Best Global Meds\" \/>\n<meta property=\"og:description\" content=\"Acquista polvere ETH-LAD Europa, Regno Unito online nel nostro negozio online medicinasinc.com con consegna veloce in tutto il mondo! La migliore polvere ETH-LAD per l&#039;ordinazione la trovi qui!\" \/>\n<meta property=\"og:url\" content=\"https:\/\/medicinasinc.com\/it\/product\/buy-eth-lad-powder\/\" \/>\n<meta property=\"og:site_name\" content=\"Medicinas Inc\" \/>\n<meta property=\"article:modified_time\" content=\"2022-08-04T08:35:36+00:00\" \/>\n<meta property=\"og:image\" content=\"https:\/\/medicinasinc.com\/it\/wp-content\/uploads\/sites\/4\/2022\/02\/Buy-ETH-LAD-Powder.jpg\" \/>\n\t<meta property=\"og:image:width\" content=\"600\" \/>\n\t<meta property=\"og:image:height\" content=\"600\" \/>\n\t<meta property=\"og:image:type\" content=\"image\/jpeg\" \/>\n<meta name=\"twitter:card\" content=\"summary_large_image\" \/>\n<meta name=\"twitter:label1\" content=\"Tempo di lettura stimato\" \/>\n\t<meta name=\"twitter:data1\" content=\"2 minuti\" \/>\n<script type=\"application\/ld+json\" class=\"yoast-schema-graph\">{\"@context\":\"https:\/\/schema.org\",\"@graph\":[{\"@type\":\"WebPage\",\"@id\":\"https:\/\/medicinasinc.com\/it\/product\/buy-eth-lad-powder\/\",\"url\":\"https:\/\/medicinasinc.com\/it\/product\/buy-eth-lad-powder\/\",\"name\":\"Acquista polvere ETH-LAD - Polvere ETH-LAD online - Best Global Meds\",\"isPartOf\":{\"@id\":\"https:\/\/medicinasinc.com\/it\/#website\"},\"primaryImageOfPage\":{\"@id\":\"https:\/\/medicinasinc.com\/it\/product\/buy-eth-lad-powder\/#primaryimage\"},\"image\":{\"@id\":\"https:\/\/medicinasinc.com\/it\/product\/buy-eth-lad-powder\/#primaryimage\"},\"thumbnailUrl\":\"https:\/\/medicinasinc.com\/it\/wp-content\/uploads\/sites\/4\/2022\/02\/Buy-ETH-LAD-Powder.jpg\",\"datePublished\":\"2022-02-22T02:23:26+00:00\",\"dateModified\":\"2022-08-04T08:35:36+00:00\",\"description\":\"Acquista polvere ETH-LAD Europa, Regno Unito online nel nostro negozio online medicinasinc.com con consegna veloce in tutto il mondo! La migliore polvere ETH-LAD per l'ordinazione la trovi qui!\",\"breadcrumb\":{\"@id\":\"https:\/\/medicinasinc.com\/it\/product\/buy-eth-lad-powder\/#breadcrumb\"},\"inLanguage\":\"it-IT\",\"potentialAction\":[{\"@type\":\"ReadAction\",\"target\":[\"https:\/\/medicinasinc.com\/it\/product\/buy-eth-lad-powder\/\"]}]},{\"@type\":\"ImageObject\",\"inLanguage\":\"it-IT\",\"@id\":\"https:\/\/medicinasinc.com\/it\/product\/buy-eth-lad-powder\/#primaryimage\",\"url\":\"https:\/\/medicinasinc.com\/it\/wp-content\/uploads\/sites\/4\/2022\/02\/Buy-ETH-LAD-Powder.jpg\",\"contentUrl\":\"https:\/\/medicinasinc.com\/it\/wp-content\/uploads\/sites\/4\/2022\/02\/Buy-ETH-LAD-Powder.jpg\",\"width\":600,\"height\":600},{\"@type\":\"BreadcrumbList\",\"@id\":\"https:\/\/medicinasinc.com\/it\/product\/buy-eth-lad-powder\/#breadcrumb\",\"itemListElement\":[{\"@type\":\"ListItem\",\"position\":1,\"name\":\"Negozio\",\"item\":\"https:\/\/medicinasinc.com\/it\/negozio\/\"},{\"@type\":\"ListItem\",\"position\":2,\"name\":\"Acquista ETH-LAD in polvere\"}]},{\"@type\":\"WebSite\",\"@id\":\"https:\/\/medicinasinc.com\/it\/#website\",\"url\":\"https:\/\/medicinasinc.com\/it\/\",\"name\":\"Medicinas Inc\",\"description\":\"Health Medical Clinic\",\"potentialAction\":[{\"@type\":\"SearchAction\",\"target\":{\"@type\":\"EntryPoint\",\"urlTemplate\":\"https:\/\/medicinasinc.com\/it\/?s={search_term_string}\"},\"query-input\":{\"@type\":\"PropertyValueSpecification\",\"valueRequired\":true,\"valueName\":\"search_term_string\"}}],\"inLanguage\":\"it-IT\"}]}<\/script>\n<!-- \/ Yoast SEO plugin. -->","yoast_head_json":{"title":"Acquista polvere ETH-LAD - Polvere ETH-LAD online - Best Global Meds","description":"Acquista polvere ETH-LAD Europa, Regno Unito online nel nostro negozio online medicinasinc.com con consegna veloce in tutto il mondo! La migliore polvere ETH-LAD per l'ordinazione la trovi qui!","robots":{"index":"index","follow":"follow","max-snippet":"max-snippet:-1","max-image-preview":"max-image-preview:large","max-video-preview":"max-video-preview:-1"},"canonical":"https:\/\/medicinasinc.com\/it\/product\/buy-eth-lad-powder\/","og_locale":"it_IT","og_type":"article","og_title":"Acquista polvere ETH-LAD - Polvere ETH-LAD online - Best Global Meds","og_description":"Acquista polvere ETH-LAD Europa, Regno Unito online nel nostro negozio online medicinasinc.com con consegna veloce in tutto il mondo! La migliore polvere ETH-LAD per l'ordinazione la trovi qui!","og_url":"https:\/\/medicinasinc.com\/it\/product\/buy-eth-lad-powder\/","og_site_name":"Medicinas Inc","article_modified_time":"2022-08-04T08:35:36+00:00","og_image":[{"width":600,"height":600,"url":"https:\/\/medicinasinc.com\/it\/wp-content\/uploads\/sites\/4\/2022\/02\/Buy-ETH-LAD-Powder.jpg","type":"image\/jpeg"}],"twitter_card":"summary_large_image","twitter_misc":{"Tempo di lettura stimato":"2 minuti"},"schema":{"@context":"https:\/\/schema.org","@graph":[{"@type":"WebPage","@id":"https:\/\/medicinasinc.com\/it\/product\/buy-eth-lad-powder\/","url":"https:\/\/medicinasinc.com\/it\/product\/buy-eth-lad-powder\/","name":"Acquista polvere ETH-LAD - Polvere ETH-LAD online - Best Global Meds","isPartOf":{"@id":"https:\/\/medicinasinc.com\/it\/#website"},"primaryImageOfPage":{"@id":"https:\/\/medicinasinc.com\/it\/product\/buy-eth-lad-powder\/#primaryimage"},"image":{"@id":"https:\/\/medicinasinc.com\/it\/product\/buy-eth-lad-powder\/#primaryimage"},"thumbnailUrl":"https:\/\/medicinasinc.com\/it\/wp-content\/uploads\/sites\/4\/2022\/02\/Buy-ETH-LAD-Powder.jpg","datePublished":"2022-02-22T02:23:26+00:00","dateModified":"2022-08-04T08:35:36+00:00","description":"Acquista polvere ETH-LAD Europa, Regno Unito online nel nostro negozio online medicinasinc.com con consegna veloce in tutto il mondo! La migliore polvere ETH-LAD per l'ordinazione la trovi qui!","breadcrumb":{"@id":"https:\/\/medicinasinc.com\/it\/product\/buy-eth-lad-powder\/#breadcrumb"},"inLanguage":"it-IT","potentialAction":[{"@type":"ReadAction","target":["https:\/\/medicinasinc.com\/it\/product\/buy-eth-lad-powder\/"]}]},{"@type":"ImageObject","inLanguage":"it-IT","@id":"https:\/\/medicinasinc.com\/it\/product\/buy-eth-lad-powder\/#primaryimage","url":"https:\/\/medicinasinc.com\/it\/wp-content\/uploads\/sites\/4\/2022\/02\/Buy-ETH-LAD-Powder.jpg","contentUrl":"https:\/\/medicinasinc.com\/it\/wp-content\/uploads\/sites\/4\/2022\/02\/Buy-ETH-LAD-Powder.jpg","width":600,"height":600},{"@type":"BreadcrumbList","@id":"https:\/\/medicinasinc.com\/it\/product\/buy-eth-lad-powder\/#breadcrumb","itemListElement":[{"@type":"ListItem","position":1,"name":"Negozio","item":"https:\/\/medicinasinc.com\/it\/negozio\/"},{"@type":"ListItem","position":2,"name":"Acquista ETH-LAD in polvere"}]},{"@type":"WebSite","@id":"https:\/\/medicinasinc.com\/it\/#website","url":"https:\/\/medicinasinc.com\/it\/","name":"Medicinas Inc","description":"Health Medical Clinic","potentialAction":[{"@type":"SearchAction","target":{"@type":"EntryPoint","urlTemplate":"https:\/\/medicinasinc.com\/it\/?s={search_term_string}"},"query-input":{"@type":"PropertyValueSpecification","valueRequired":true,"valueName":"search_term_string"}}],"inLanguage":"it-IT"}]}},"_links":{"self":[{"href":"https:\/\/medicinasinc.com\/it\/wp-json\/wp\/v2\/product\/5592","targetHints":{"allow":["GET"]}}],"collection":[{"href":"https:\/\/medicinasinc.com\/it\/wp-json\/wp\/v2\/product"}],"about":[{"href":"https:\/\/medicinasinc.com\/it\/wp-json\/wp\/v2\/types\/product"}],"replies":[{"embeddable":true,"href":"https:\/\/medicinasinc.com\/it\/wp-json\/wp\/v2\/comments?post=5592"}],"wp:featuredmedia":[{"embeddable":true,"href":"https:\/\/medicinasinc.com\/it\/wp-json\/wp\/v2\/media\/5604"}],"wp:attachment":[{"href":"https:\/\/medicinasinc.com\/it\/wp-json\/wp\/v2\/media?parent=5592"}],"wp:term":[{"taxonomy":"product_brand","embeddable":true,"href":"https:\/\/medicinasinc.com\/it\/wp-json\/wp\/v2\/product_brand?post=5592"},{"taxonomy":"product_cat","embeddable":true,"href":"https:\/\/medicinasinc.com\/it\/wp-json\/wp\/v2\/product_cat?post=5592"},{"taxonomy":"product_tag","embeddable":true,"href":"https:\/\/medicinasinc.com\/it\/wp-json\/wp\/v2\/product_tag?post=5592"}],"curies":[{"name":"wp","href":"https:\/\/api.w.org\/{rel}","templated":true}]}}