{"id":5589,"date":"2022-02-22T02:18:17","date_gmt":"2022-02-22T02:18:17","guid":{"rendered":"https:\/\/medicinasinc.com\/it\/?post_type=product&#038;p=5589"},"modified":"2022-08-04T08:53:34","modified_gmt":"2022-08-04T08:53:34","slug":"acquistare-metizolam-2mg-pellets-online","status":"publish","type":"product","link":"https:\/\/medicinasinc.com\/it\/product\/acquistare-metizolam-2mg-pellets-online\/","title":{"rendered":"Acquista online il pellet di Metizolam 2mg"},"content":{"rendered":"<p>Il posto migliore per acquistare pellet di Metizolam 2mg \u00e8 online.<\/p>\n<p>Acquista pellet di Metizolam da 2 mg. Abbreviazione di 4-(2-clorofenil)-2-etil-6H-tieno. [3,2-f] [1,2,4] triazolo[4,3-a][1,4] Una diazepina, chiamata anche etizolam, ne \u00e8 la versione N-desmetil. per questo Acquista 2 mg di pellet di Metizolam. Il metizolam \u00e8 un modulatore allosterico per i recettori Gaba in laboratorio. la polvere di metizolam \u00e8 in vendita sul web.<\/p>\n<p>Abbiamo anche sostanze chimiche che non sono approvate per la ricerca in vivo Acquista i pellet di metizolam 2mg, quindi se qualcuno li ingerisce accidentalmente, dovrebbe andare immediatamente dal medico e fatti aiutare. Si prega di seguire le regole di sicurezza standard del laboratorio, come indossare la giusta protezione della pelle, degli occhi e degli indumenti.<\/p>\n<p>Acquista 2 mg di Metizolam. I pellet di metizolam possono essere acquistati in un negozio.<br \/>\nAcquista\u00a0Metizolam\u00a02 mg I pellet di clonazolam sono in vendita online.<br \/>\nla polvere di pirazolam pu\u00f2 essere acquistata online.<br \/>\nonline, puoi acquistare diclazepam per la ricerca.<br \/>\nacquista etizolam online<br \/>\n\u00c8 possibile acquistare fluclotizolam.<br \/>\nLa polvere di metizolam \u00e8 in vendita sul web.<br \/>\nLa polvere di metizolam \u00e8 in vendita sul web. Il metizolam, chiamato anche Desmetiletizolam, \u00e8 una tienodiazepina molto simile all&#8217;etizolam. Sono disponibili solo pellet da 2 mg di Metizolam. Per i ricercatori pi\u00f9 avanzati che vogliono creare la propria polvere, l&#8217;abbiamo anche in polvere pura. Il metizolam, come tutti i nostri altri prodotti, dovrebbe essere utilizzato in modo sicuro dai ricercatori. Questo prodotto \u00e8 venduto solo a centri di ricerca gi\u00e0 costituiti. la polvere di metizolam \u00e8 in vendita sul web.<\/p>\n<p>Etizolam \u00e8 il capostipite di Metizolam, che \u00e8 anche chiamato Desmetiletizolam.<\/p>\n<p>Sono venduti sotto forma di pellet. Solo per la ricerca! Bestglobalmeds non vuole che le persone utilizzino i prodotti chimici di ricerca per qualcosa di diverso dalla ricerca. Vendono Metizolam solo per uso di ricerca.<\/p>\n","protected":false},"excerpt":{"rendered":"<p>Il posto migliore per acquistare i pellet di Metizolam 2mg in vendita nel Regno Unito e in Europa \u00e8 medicinasinc.com. Abbiamo una consegna veloce in tutto il mondo. Qui puoi acquistare i migliori pellet di Metizolam da 2 mg in vendita.<\/p>\n<p>Palline da 2 mg di polvere di metizolam in vendita online. I pellet di clonazolam sono in stock e possono essere spediti in qualsiasi parte del mondo. Oggi puoi acquistare pellet di Clonazolam 0,5 mg dal negozio.<\/p>\n<p>Acquista ora pellet di Metizolam da 2 mg online. \u00c8 molto economico con la spedizione gratuita per gli ordini all&#8217;ingrosso. La qualit\u00e0 di prim&#8217;ordine \u00e8 scontata.<\/p>\n<p>Metizolam, noto anche come Desmetiletizolam, \u00e8 un depressivo sintetico della classe chimica delle tienodiazepine. Se assunto, si dice che abbia effetti simili all&#8217;etizolam come soppressione dell&#8217;ansia, disinibizione, sedazione, rilassamento muscolare e soppressione della memoria.<\/p>\n","protected":false},"featured_media":5598,"comment_status":"open","ping_status":"closed","template":"","meta":[],"product_brand":[],"product_cat":[2014],"product_tag":[3217,3221,3218,3214,3215,3216,3210,3211,3229,3212,3213,3219,3220,3222,3223,3226,3227,3228,3225,3230,3231,3224],"class_list":{"0":"post-5589","1":"product","2":"type-product","3":"status-publish","4":"has-post-thumbnail","6":"product_cat-compra-ricerca-prodotti-chimici","7":"product_tag-comprare-metizolam-polvere-online-usa","8":"product_tag-metizolam-2mg-pellets-acquista","9":"product_tag-acquistare-pirazolam-polvere-online","10":"product_tag-acquistare-metizolam-polvere-online-australia","11":"product_tag-acquistare-metizolam-polvere-online-canada","12":"product_tag-acquistare-metizolam-polvere-online-uk","13":"product_tag-compra-diclazepam-online","14":"product_tag-comprare-fluclotizolam","15":"product_tag-metizolam-acquista","16":"product_tag-comprare-metizolam-2mg-pellet","17":"product_tag-buy-metizolam-powder-online","18":"product_tag-clonazolam-in-vendita-online","19":"product_tag-etizolam-shop-online","20":"product_tag-metizolam-2mg-effetto-pellet","21":"product_tag-metizolam-2mg-pellet-europa","22":"product_tag-metizolam-2mg-pellets-reddit","23":"product_tag-metizolam-2mg-pellets-retail","24":"product_tag-metizolam-2mg-pellets-wholesale","25":"product_tag-metizolam-2mg-pellets-ordine","26":"product_tag-metizolam-polvere-in-vendita-online","27":"product_tag-ricerca-prodotti-chimici-in-vendita","28":"product_tag-metizolam-2mg-pellet-in-vendita","30":"first","31":"instock","32":"shipping-taxable","33":"purchasable","34":"product-type-variable"},"yoast_head":"<!-- This site is optimized with the Yoast SEO plugin v27.3 - https:\/\/yoast.com\/product\/yoast-seo-wordpress\/ -->\n<title>Acquista i pellet di Metizolam 2mg online - Best Global Meds<\/title>\n<meta name=\"description\" content=\"sto cercando di acquistare pellet Metizolam 2mg in vendita nel Regno Unito, in Europa nel nostro negozio medicinasinc.com con spedizione veloce in tutto il mondo! I migliori pellet di Metizolam 2mg per l&#039;ordinazione li trovi qui!\" \/>\n<meta name=\"robots\" content=\"index, follow, max-snippet:-1, max-image-preview:large, max-video-preview:-1\" \/>\n<link rel=\"canonical\" href=\"https:\/\/medicinasinc.com\/it\/product\/acquistare-metizolam-2mg-pellets-online\/\" \/>\n<meta property=\"og:locale\" content=\"it_IT\" \/>\n<meta property=\"og:type\" content=\"article\" \/>\n<meta property=\"og:title\" content=\"Acquista i pellet di Metizolam 2mg online - Best Global Meds\" \/>\n<meta property=\"og:description\" content=\"sto cercando di acquistare pellet Metizolam 2mg in vendita nel Regno Unito, in Europa nel nostro negozio medicinasinc.com con spedizione veloce in tutto il mondo! I migliori pellet di Metizolam 2mg per l&#039;ordinazione li trovi qui!\" \/>\n<meta property=\"og:url\" content=\"https:\/\/medicinasinc.com\/it\/product\/acquistare-metizolam-2mg-pellets-online\/\" \/>\n<meta property=\"og:site_name\" content=\"Medicinas Inc\" \/>\n<meta property=\"article:modified_time\" content=\"2022-08-04T08:53:34+00:00\" \/>\n<meta property=\"og:image\" content=\"https:\/\/medicinasinc.com\/it\/wp-content\/uploads\/sites\/4\/2022\/02\/Buy-Metizolam-2mg-Pellets.jpg\" \/>\n\t<meta property=\"og:image:width\" content=\"600\" \/>\n\t<meta property=\"og:image:height\" content=\"600\" \/>\n\t<meta property=\"og:image:type\" content=\"image\/jpeg\" \/>\n<meta name=\"twitter:card\" content=\"summary_large_image\" \/>\n<meta name=\"twitter:label1\" content=\"Tempo di lettura stimato\" \/>\n\t<meta name=\"twitter:data1\" content=\"2 minuti\" \/>\n<script type=\"application\/ld+json\" class=\"yoast-schema-graph\">{\"@context\":\"https:\\\/\\\/schema.org\",\"@graph\":[{\"@type\":\"WebPage\",\"@id\":\"https:\\\/\\\/medicinasinc.com\\\/it\\\/product\\\/acquistare-metizolam-2mg-pellets-online\\\/\",\"url\":\"https:\\\/\\\/medicinasinc.com\\\/it\\\/product\\\/acquistare-metizolam-2mg-pellets-online\\\/\",\"name\":\"Acquista i pellet di Metizolam 2mg online - Best Global Meds\",\"isPartOf\":{\"@id\":\"https:\\\/\\\/medicinasinc.com\\\/it\\\/#website\"},\"primaryImageOfPage\":{\"@id\":\"https:\\\/\\\/medicinasinc.com\\\/it\\\/product\\\/acquistare-metizolam-2mg-pellets-online\\\/#primaryimage\"},\"image\":{\"@id\":\"https:\\\/\\\/medicinasinc.com\\\/it\\\/product\\\/acquistare-metizolam-2mg-pellets-online\\\/#primaryimage\"},\"thumbnailUrl\":\"https:\\\/\\\/medicinasinc.com\\\/it\\\/wp-content\\\/uploads\\\/sites\\\/4\\\/2022\\\/02\\\/Buy-Metizolam-2mg-Pellets.jpg\",\"datePublished\":\"2022-02-22T02:18:17+00:00\",\"dateModified\":\"2022-08-04T08:53:34+00:00\",\"description\":\"sto cercando di acquistare pellet Metizolam 2mg in vendita nel Regno Unito, in Europa nel nostro negozio medicinasinc.com con spedizione veloce in tutto il mondo! I migliori pellet di Metizolam 2mg per l'ordinazione li trovi qui!\",\"breadcrumb\":{\"@id\":\"https:\\\/\\\/medicinasinc.com\\\/it\\\/product\\\/acquistare-metizolam-2mg-pellets-online\\\/#breadcrumb\"},\"inLanguage\":\"it-IT\",\"potentialAction\":[{\"@type\":\"ReadAction\",\"target\":[\"https:\\\/\\\/medicinasinc.com\\\/it\\\/product\\\/acquistare-metizolam-2mg-pellets-online\\\/\"]}]},{\"@type\":\"ImageObject\",\"inLanguage\":\"it-IT\",\"@id\":\"https:\\\/\\\/medicinasinc.com\\\/it\\\/product\\\/acquistare-metizolam-2mg-pellets-online\\\/#primaryimage\",\"url\":\"https:\\\/\\\/medicinasinc.com\\\/it\\\/wp-content\\\/uploads\\\/sites\\\/4\\\/2022\\\/02\\\/Buy-Metizolam-2mg-Pellets.jpg\",\"contentUrl\":\"https:\\\/\\\/medicinasinc.com\\\/it\\\/wp-content\\\/uploads\\\/sites\\\/4\\\/2022\\\/02\\\/Buy-Metizolam-2mg-Pellets.jpg\",\"width\":600,\"height\":600},{\"@type\":\"BreadcrumbList\",\"@id\":\"https:\\\/\\\/medicinasinc.com\\\/it\\\/product\\\/acquistare-metizolam-2mg-pellets-online\\\/#breadcrumb\",\"itemListElement\":[{\"@type\":\"ListItem\",\"position\":1,\"name\":\"Negozio\",\"item\":\"https:\\\/\\\/medicinasinc.com\\\/it\\\/negozio\\\/\"},{\"@type\":\"ListItem\",\"position\":2,\"name\":\"Acquista online il pellet di Metizolam 2mg\"}]},{\"@type\":\"WebSite\",\"@id\":\"https:\\\/\\\/medicinasinc.com\\\/it\\\/#website\",\"url\":\"https:\\\/\\\/medicinasinc.com\\\/it\\\/\",\"name\":\"Medicinas Inc\",\"description\":\"Health Medical Clinic\",\"potentialAction\":[{\"@type\":\"SearchAction\",\"target\":{\"@type\":\"EntryPoint\",\"urlTemplate\":\"https:\\\/\\\/medicinasinc.com\\\/it\\\/?s={search_term_string}\"},\"query-input\":{\"@type\":\"PropertyValueSpecification\",\"valueRequired\":true,\"valueName\":\"search_term_string\"}}],\"inLanguage\":\"it-IT\"}]}<\/script>\n<!-- \/ Yoast SEO plugin. -->","yoast_head_json":{"title":"Acquista i pellet di Metizolam 2mg online - Best Global Meds","description":"sto cercando di acquistare pellet Metizolam 2mg in vendita nel Regno Unito, in Europa nel nostro negozio medicinasinc.com con spedizione veloce in tutto il mondo! I migliori pellet di Metizolam 2mg per l'ordinazione li trovi qui!","robots":{"index":"index","follow":"follow","max-snippet":"max-snippet:-1","max-image-preview":"max-image-preview:large","max-video-preview":"max-video-preview:-1"},"canonical":"https:\/\/medicinasinc.com\/it\/product\/acquistare-metizolam-2mg-pellets-online\/","og_locale":"it_IT","og_type":"article","og_title":"Acquista i pellet di Metizolam 2mg online - Best Global Meds","og_description":"sto cercando di acquistare pellet Metizolam 2mg in vendita nel Regno Unito, in Europa nel nostro negozio medicinasinc.com con spedizione veloce in tutto il mondo! I migliori pellet di Metizolam 2mg per l'ordinazione li trovi qui!","og_url":"https:\/\/medicinasinc.com\/it\/product\/acquistare-metizolam-2mg-pellets-online\/","og_site_name":"Medicinas Inc","article_modified_time":"2022-08-04T08:53:34+00:00","og_image":[{"width":600,"height":600,"url":"https:\/\/medicinasinc.com\/it\/wp-content\/uploads\/sites\/4\/2022\/02\/Buy-Metizolam-2mg-Pellets.jpg","type":"image\/jpeg"}],"twitter_card":"summary_large_image","twitter_misc":{"Tempo di lettura stimato":"2 minuti"},"schema":{"@context":"https:\/\/schema.org","@graph":[{"@type":"WebPage","@id":"https:\/\/medicinasinc.com\/it\/product\/acquistare-metizolam-2mg-pellets-online\/","url":"https:\/\/medicinasinc.com\/it\/product\/acquistare-metizolam-2mg-pellets-online\/","name":"Acquista i pellet di Metizolam 2mg online - Best Global Meds","isPartOf":{"@id":"https:\/\/medicinasinc.com\/it\/#website"},"primaryImageOfPage":{"@id":"https:\/\/medicinasinc.com\/it\/product\/acquistare-metizolam-2mg-pellets-online\/#primaryimage"},"image":{"@id":"https:\/\/medicinasinc.com\/it\/product\/acquistare-metizolam-2mg-pellets-online\/#primaryimage"},"thumbnailUrl":"https:\/\/medicinasinc.com\/it\/wp-content\/uploads\/sites\/4\/2022\/02\/Buy-Metizolam-2mg-Pellets.jpg","datePublished":"2022-02-22T02:18:17+00:00","dateModified":"2022-08-04T08:53:34+00:00","description":"sto cercando di acquistare pellet Metizolam 2mg in vendita nel Regno Unito, in Europa nel nostro negozio medicinasinc.com con spedizione veloce in tutto il mondo! I migliori pellet di Metizolam 2mg per l'ordinazione li trovi qui!","breadcrumb":{"@id":"https:\/\/medicinasinc.com\/it\/product\/acquistare-metizolam-2mg-pellets-online\/#breadcrumb"},"inLanguage":"it-IT","potentialAction":[{"@type":"ReadAction","target":["https:\/\/medicinasinc.com\/it\/product\/acquistare-metizolam-2mg-pellets-online\/"]}]},{"@type":"ImageObject","inLanguage":"it-IT","@id":"https:\/\/medicinasinc.com\/it\/product\/acquistare-metizolam-2mg-pellets-online\/#primaryimage","url":"https:\/\/medicinasinc.com\/it\/wp-content\/uploads\/sites\/4\/2022\/02\/Buy-Metizolam-2mg-Pellets.jpg","contentUrl":"https:\/\/medicinasinc.com\/it\/wp-content\/uploads\/sites\/4\/2022\/02\/Buy-Metizolam-2mg-Pellets.jpg","width":600,"height":600},{"@type":"BreadcrumbList","@id":"https:\/\/medicinasinc.com\/it\/product\/acquistare-metizolam-2mg-pellets-online\/#breadcrumb","itemListElement":[{"@type":"ListItem","position":1,"name":"Negozio","item":"https:\/\/medicinasinc.com\/it\/negozio\/"},{"@type":"ListItem","position":2,"name":"Acquista online il pellet di Metizolam 2mg"}]},{"@type":"WebSite","@id":"https:\/\/medicinasinc.com\/it\/#website","url":"https:\/\/medicinasinc.com\/it\/","name":"Medicinas Inc","description":"Health Medical Clinic","potentialAction":[{"@type":"SearchAction","target":{"@type":"EntryPoint","urlTemplate":"https:\/\/medicinasinc.com\/it\/?s={search_term_string}"},"query-input":{"@type":"PropertyValueSpecification","valueRequired":true,"valueName":"search_term_string"}}],"inLanguage":"it-IT"}]}},"_links":{"self":[{"href":"https:\/\/medicinasinc.com\/it\/wp-json\/wp\/v2\/product\/5589","targetHints":{"allow":["GET"]}}],"collection":[{"href":"https:\/\/medicinasinc.com\/it\/wp-json\/wp\/v2\/product"}],"about":[{"href":"https:\/\/medicinasinc.com\/it\/wp-json\/wp\/v2\/types\/product"}],"replies":[{"embeddable":true,"href":"https:\/\/medicinasinc.com\/it\/wp-json\/wp\/v2\/comments?post=5589"}],"wp:featuredmedia":[{"embeddable":true,"href":"https:\/\/medicinasinc.com\/it\/wp-json\/wp\/v2\/media\/5598"}],"wp:attachment":[{"href":"https:\/\/medicinasinc.com\/it\/wp-json\/wp\/v2\/media?parent=5589"}],"wp:term":[{"taxonomy":"product_brand","embeddable":true,"href":"https:\/\/medicinasinc.com\/it\/wp-json\/wp\/v2\/product_brand?post=5589"},{"taxonomy":"product_cat","embeddable":true,"href":"https:\/\/medicinasinc.com\/it\/wp-json\/wp\/v2\/product_cat?post=5589"},{"taxonomy":"product_tag","embeddable":true,"href":"https:\/\/medicinasinc.com\/it\/wp-json\/wp\/v2\/product_tag?post=5589"}],"curies":[{"name":"wp","href":"https:\/\/api.w.org\/{rel}","templated":true}]}}