{"id":5564,"date":"2022-02-22T01:48:50","date_gmt":"2022-02-22T01:48:50","guid":{"rendered":"https:\/\/medicinasinc.com\/it\/?post_type=product&#038;p=5564"},"modified":"2022-03-17T00:11:30","modified_gmt":"2022-03-17T00:11:30","slug":"buy-mdai-cristallo-polvere","status":"publish","type":"product","link":"https:\/\/medicinasinc.com\/it\/product\/buy-mdai-cristallo-polvere\/","title":{"rendered":"Acquista MDAI Crystal &amp; Polvere"},"content":{"rendered":"<p>Acquista online per cristalli e polveri MDAI.<\/p>\n<p>Cristalli e polveri MDAI in vendita a prezzi scontati.<\/p>\n<p>Acquista MDAI da noi.<\/p>\n<p>Il nostro obiettivo principale \u00e8 fornire ai clienti informazioni all&#8217;avanguardia e servizi di prim&#8217;ordine. I gruppi di esplorazione e gli impianti di produzione su vasta scala possono trovare RC nelle quantit\u00e0 e nella qualit\u00e0 di cui hanno bisogno. Una panoramica di RC che soddisfa tutti i tuoi interessi e obiettivi pu\u00f2 essere trovata proprio qui. La nostra azienda propone i prodotti chimici di guida del mondo basati sui pi\u00f9 recenti progressi tecnologici. Tutti gli elementi di questo elenco non hanno un uso pratico per l&#8217;uomo.<\/p>\n<p>L&#8217;uso di farmaci in laboratorio, per scopi scientifici e di studio dovrebbe essere incoraggiato. Le sostanze chimiche registrate possono essere utilizzate solo per esplorazioni, prove e test. I pacchetti prodotti di recente dalle principali strutture di ricerca cinesi nel mercato RC sono ora disponibili.<\/p>\n<p>Se concludi subito un accordo, consegneremo il tuo pacco ovunque negli Stati Uniti, in Europa o nel mondo. Per soddisfare le tue esigenze, collaboriamo con una serie di laboratori leader a livello mondiale che intendono creare RC e la tua richiesta \u00e8 della massima importanza per la nostra azienda.<\/p>\n<p>Il nostro fornitore ha sede negli Stati Uniti e opera in tutto il mondo. Sul sito, i consumatori possono facilmente verificare la stima e l&#8217;accessibilit\u00e0 di RC per le proprie esigenze. I clienti. Contatta il nostro servizio clienti amichevole e multilingue per sapere come fare una richiesta Se sei interessato a cercare sostanze miscelate o scontate, contattaci per ulteriori informazioni. Se non trovi quello che cerchi sul nostro sito, non esitare a contattarci per ricevere assistenza. La qualit\u00e0 \u00e8 la considerazione pi\u00f9 importante quando si ottengono prodotti chimici per lo studio.<\/p>\n","protected":false},"excerpt":{"rendered":"<p>Acquista MDAI Crystal &amp; Polvere In vendita nel Regno Unito, Europa a buon mercato online. MDAI o 5,6-Methylenedioxy-2-aminoindaneAcquista MDAI o 5,6-Methylenedioxy-2-aminoindane .<\/p>\n","protected":false},"featured_media":5574,"comment_status":"open","ping_status":"closed","template":"","meta":[],"product_brand":[],"product_cat":[2014],"product_tag":[3093,2522,3101,3106,3096,3100,2530,3098,3105,3118,3102,3107,3094,2532,2525,3099,3104,3103,3097,3108,3135,3133,3109,3112,3110,3114,3115,3116,3111,3117,3113,517,2549,3123,3122,3124,3125,3126,3129,3130,3131,3128,3127,3132,3121,3120,3095,3119,3134],"class_list":{"0":"post-5564","1":"product","2":"type-product","3":"status-publish","4":"has-post-thumbnail","6":"product_cat-compra-ricerca-prodotti-chimici","7":"product_tag-4-mmc-in-vendita","8":"product_tag-compra-4-mmc","9":"product_tag-buy-mdai-cristallo","10":"product_tag-comprare-fenetilamina","11":"product_tag-velocit-di-acquisto-dellanfetamina","12":"product_tag-buy-mdai","13":"product_tag-compra-mefedrone-online","14":"product_tag-compra-cristallo-meth","15":"product_tag-buy-mkat","16":"product_tag-mdai-polvere-acquista","17":"product_tag-comprare-mdai-polvere","18":"product_tag-comprare-triptamina","19":"product_tag-anfetamina-in-vendita","20":"product_tag-buy-mephedrone-plant-food","21":"product_tag-compra-il-mefedrone","22":"product_tag-buy-lsd","23":"product_tag-compra-metilone","24":"product_tag-compra-miao-miao","25":"product_tag-compra-sali-da-bagno","26":"product_tag-crystal-meth-in-vendita","27":"product_tag-dove-acquistare-mdai-polvere","28":"product_tag-fenetilammina-in-vendita","29":"product_tag-lsd-in-vendita","30":"product_tag-mdai-cristallo-in-vendita","31":"product_tag-mdai-crystal-buy","32":"product_tag-mdai-crystal-reddit","33":"product_tag-mdai-crystal-retail","34":"product_tag-mdai-crystal-wholesale","35":"product_tag-mdai-effetto-cristallo","36":"product_tag-mdai-in-vendita","37":"product_tag-mdai-cristallo-ordine","38":"product_tag-mdma-in-vendita","39":"product_tag-mefedrone-in-vendita","40":"product_tag-methylone-for-sale","41":"product_tag-miao-miao-vendita","42":"product_tag-mkat-in-vendita","43":"product_tag-order-mdai-crystal","44":"product_tag-order-mdma","45":"product_tag-order-mephedrone-plant-food","46":"product_tag-order-meth-online","47":"product_tag-ordine-metilone","48":"product_tag-ordine-mefedrone","49":"product_tag-ordine-miagolio-miagolio","50":"product_tag-ordine-mkat","51":"product_tag-mdai-ordine-polvere","52":"product_tag-mdai-polvere-online","53":"product_tag-sali-da-bagno-in-vendita","54":"product_tag-mdai-polvere-in-vendita","55":"product_tag-triptamina-in-vendita","57":"first","58":"instock","59":"shipping-taxable","60":"purchasable","61":"product-type-variable","62":"has-default-attributes"},"yoast_head":"<!-- This site is optimized with the Yoast SEO plugin v27.3 - https:\/\/yoast.com\/product\/yoast-seo-wordpress\/ -->\n<title>Acquista MDAI Crystal &amp; Polvere a buon mercato online - I migliori farmaci globali<\/title>\n<meta name=\"description\" content=\"Acquista MDAI Crystal &amp; Polvere In vendita nel Regno Unito, Europa a buon mercato online. MDAI o 5,6-Methylenedioxy-2-aminoindaneAcquista MDAI o 5,6-Methylenedioxy-2-aminoindane .\" \/>\n<meta name=\"robots\" content=\"index, follow, max-snippet:-1, max-image-preview:large, max-video-preview:-1\" \/>\n<link rel=\"canonical\" href=\"https:\/\/medicinasinc.com\/it\/product\/buy-mdai-cristallo-polvere\/\" \/>\n<meta property=\"og:locale\" content=\"it_IT\" \/>\n<meta property=\"og:type\" content=\"article\" \/>\n<meta property=\"og:title\" content=\"Acquista MDAI Crystal &amp; Polvere a buon mercato online - I migliori farmaci globali\" \/>\n<meta property=\"og:description\" content=\"Acquista MDAI Crystal &amp; Polvere In vendita nel Regno Unito, Europa a buon mercato online. MDAI o 5,6-Methylenedioxy-2-aminoindaneAcquista MDAI o 5,6-Methylenedioxy-2-aminoindane .\" \/>\n<meta property=\"og:url\" content=\"https:\/\/medicinasinc.com\/it\/product\/buy-mdai-cristallo-polvere\/\" \/>\n<meta property=\"og:site_name\" content=\"Medicinas Inc\" \/>\n<meta property=\"article:modified_time\" content=\"2022-03-17T00:11:30+00:00\" \/>\n<meta property=\"og:image\" content=\"https:\/\/medicinasinc.com\/it\/wp-content\/uploads\/sites\/4\/2022\/02\/buy-mdai-crystal-powder-cheap-online.jpg\" \/>\n\t<meta property=\"og:image:width\" content=\"600\" \/>\n\t<meta property=\"og:image:height\" content=\"600\" \/>\n\t<meta property=\"og:image:type\" content=\"image\/jpeg\" \/>\n<meta name=\"twitter:card\" content=\"summary_large_image\" \/>\n<meta name=\"twitter:label1\" content=\"Tempo di lettura stimato\" \/>\n\t<meta name=\"twitter:data1\" content=\"2 minuti\" \/>\n<script type=\"application\/ld+json\" class=\"yoast-schema-graph\">{\"@context\":\"https:\\\/\\\/schema.org\",\"@graph\":[{\"@type\":\"WebPage\",\"@id\":\"https:\\\/\\\/medicinasinc.com\\\/it\\\/product\\\/buy-mdai-cristallo-polvere\\\/\",\"url\":\"https:\\\/\\\/medicinasinc.com\\\/it\\\/product\\\/buy-mdai-cristallo-polvere\\\/\",\"name\":\"Acquista MDAI Crystal &amp; Polvere a buon mercato online - I migliori farmaci globali\",\"isPartOf\":{\"@id\":\"https:\\\/\\\/medicinasinc.com\\\/it\\\/#website\"},\"primaryImageOfPage\":{\"@id\":\"https:\\\/\\\/medicinasinc.com\\\/it\\\/product\\\/buy-mdai-cristallo-polvere\\\/#primaryimage\"},\"image\":{\"@id\":\"https:\\\/\\\/medicinasinc.com\\\/it\\\/product\\\/buy-mdai-cristallo-polvere\\\/#primaryimage\"},\"thumbnailUrl\":\"https:\\\/\\\/medicinasinc.com\\\/it\\\/wp-content\\\/uploads\\\/sites\\\/4\\\/2022\\\/02\\\/buy-mdai-crystal-powder-cheap-online.jpg\",\"datePublished\":\"2022-02-22T01:48:50+00:00\",\"dateModified\":\"2022-03-17T00:11:30+00:00\",\"description\":\"Acquista MDAI Crystal &amp; Polvere In vendita nel Regno Unito, Europa a buon mercato online. MDAI o 5,6-Methylenedioxy-2-aminoindaneAcquista MDAI o 5,6-Methylenedioxy-2-aminoindane .\",\"breadcrumb\":{\"@id\":\"https:\\\/\\\/medicinasinc.com\\\/it\\\/product\\\/buy-mdai-cristallo-polvere\\\/#breadcrumb\"},\"inLanguage\":\"it-IT\",\"potentialAction\":[{\"@type\":\"ReadAction\",\"target\":[\"https:\\\/\\\/medicinasinc.com\\\/it\\\/product\\\/buy-mdai-cristallo-polvere\\\/\"]}]},{\"@type\":\"ImageObject\",\"inLanguage\":\"it-IT\",\"@id\":\"https:\\\/\\\/medicinasinc.com\\\/it\\\/product\\\/buy-mdai-cristallo-polvere\\\/#primaryimage\",\"url\":\"https:\\\/\\\/medicinasinc.com\\\/it\\\/wp-content\\\/uploads\\\/sites\\\/4\\\/2022\\\/02\\\/buy-mdai-crystal-powder-cheap-online.jpg\",\"contentUrl\":\"https:\\\/\\\/medicinasinc.com\\\/it\\\/wp-content\\\/uploads\\\/sites\\\/4\\\/2022\\\/02\\\/buy-mdai-crystal-powder-cheap-online.jpg\",\"width\":600,\"height\":600},{\"@type\":\"BreadcrumbList\",\"@id\":\"https:\\\/\\\/medicinasinc.com\\\/it\\\/product\\\/buy-mdai-cristallo-polvere\\\/#breadcrumb\",\"itemListElement\":[{\"@type\":\"ListItem\",\"position\":1,\"name\":\"Negozio\",\"item\":\"https:\\\/\\\/medicinasinc.com\\\/it\\\/negozio\\\/\"},{\"@type\":\"ListItem\",\"position\":2,\"name\":\"Acquista MDAI Crystal &amp; Polvere\"}]},{\"@type\":\"WebSite\",\"@id\":\"https:\\\/\\\/medicinasinc.com\\\/it\\\/#website\",\"url\":\"https:\\\/\\\/medicinasinc.com\\\/it\\\/\",\"name\":\"Medicinas Inc\",\"description\":\"Health Medical Clinic\",\"potentialAction\":[{\"@type\":\"SearchAction\",\"target\":{\"@type\":\"EntryPoint\",\"urlTemplate\":\"https:\\\/\\\/medicinasinc.com\\\/it\\\/?s={search_term_string}\"},\"query-input\":{\"@type\":\"PropertyValueSpecification\",\"valueRequired\":true,\"valueName\":\"search_term_string\"}}],\"inLanguage\":\"it-IT\"}]}<\/script>\n<!-- \/ Yoast SEO plugin. -->","yoast_head_json":{"title":"Acquista MDAI Crystal &amp; Polvere a buon mercato online - I migliori farmaci globali","description":"Acquista MDAI Crystal &amp; Polvere In vendita nel Regno Unito, Europa a buon mercato online. MDAI o 5,6-Methylenedioxy-2-aminoindaneAcquista MDAI o 5,6-Methylenedioxy-2-aminoindane .","robots":{"index":"index","follow":"follow","max-snippet":"max-snippet:-1","max-image-preview":"max-image-preview:large","max-video-preview":"max-video-preview:-1"},"canonical":"https:\/\/medicinasinc.com\/it\/product\/buy-mdai-cristallo-polvere\/","og_locale":"it_IT","og_type":"article","og_title":"Acquista MDAI Crystal &amp; Polvere a buon mercato online - I migliori farmaci globali","og_description":"Acquista MDAI Crystal &amp; Polvere In vendita nel Regno Unito, Europa a buon mercato online. MDAI o 5,6-Methylenedioxy-2-aminoindaneAcquista MDAI o 5,6-Methylenedioxy-2-aminoindane .","og_url":"https:\/\/medicinasinc.com\/it\/product\/buy-mdai-cristallo-polvere\/","og_site_name":"Medicinas Inc","article_modified_time":"2022-03-17T00:11:30+00:00","og_image":[{"width":600,"height":600,"url":"https:\/\/medicinasinc.com\/it\/wp-content\/uploads\/sites\/4\/2022\/02\/buy-mdai-crystal-powder-cheap-online.jpg","type":"image\/jpeg"}],"twitter_card":"summary_large_image","twitter_misc":{"Tempo di lettura stimato":"2 minuti"},"schema":{"@context":"https:\/\/schema.org","@graph":[{"@type":"WebPage","@id":"https:\/\/medicinasinc.com\/it\/product\/buy-mdai-cristallo-polvere\/","url":"https:\/\/medicinasinc.com\/it\/product\/buy-mdai-cristallo-polvere\/","name":"Acquista MDAI Crystal &amp; Polvere a buon mercato online - I migliori farmaci globali","isPartOf":{"@id":"https:\/\/medicinasinc.com\/it\/#website"},"primaryImageOfPage":{"@id":"https:\/\/medicinasinc.com\/it\/product\/buy-mdai-cristallo-polvere\/#primaryimage"},"image":{"@id":"https:\/\/medicinasinc.com\/it\/product\/buy-mdai-cristallo-polvere\/#primaryimage"},"thumbnailUrl":"https:\/\/medicinasinc.com\/it\/wp-content\/uploads\/sites\/4\/2022\/02\/buy-mdai-crystal-powder-cheap-online.jpg","datePublished":"2022-02-22T01:48:50+00:00","dateModified":"2022-03-17T00:11:30+00:00","description":"Acquista MDAI Crystal &amp; Polvere In vendita nel Regno Unito, Europa a buon mercato online. MDAI o 5,6-Methylenedioxy-2-aminoindaneAcquista MDAI o 5,6-Methylenedioxy-2-aminoindane .","breadcrumb":{"@id":"https:\/\/medicinasinc.com\/it\/product\/buy-mdai-cristallo-polvere\/#breadcrumb"},"inLanguage":"it-IT","potentialAction":[{"@type":"ReadAction","target":["https:\/\/medicinasinc.com\/it\/product\/buy-mdai-cristallo-polvere\/"]}]},{"@type":"ImageObject","inLanguage":"it-IT","@id":"https:\/\/medicinasinc.com\/it\/product\/buy-mdai-cristallo-polvere\/#primaryimage","url":"https:\/\/medicinasinc.com\/it\/wp-content\/uploads\/sites\/4\/2022\/02\/buy-mdai-crystal-powder-cheap-online.jpg","contentUrl":"https:\/\/medicinasinc.com\/it\/wp-content\/uploads\/sites\/4\/2022\/02\/buy-mdai-crystal-powder-cheap-online.jpg","width":600,"height":600},{"@type":"BreadcrumbList","@id":"https:\/\/medicinasinc.com\/it\/product\/buy-mdai-cristallo-polvere\/#breadcrumb","itemListElement":[{"@type":"ListItem","position":1,"name":"Negozio","item":"https:\/\/medicinasinc.com\/it\/negozio\/"},{"@type":"ListItem","position":2,"name":"Acquista MDAI Crystal &amp; Polvere"}]},{"@type":"WebSite","@id":"https:\/\/medicinasinc.com\/it\/#website","url":"https:\/\/medicinasinc.com\/it\/","name":"Medicinas Inc","description":"Health Medical Clinic","potentialAction":[{"@type":"SearchAction","target":{"@type":"EntryPoint","urlTemplate":"https:\/\/medicinasinc.com\/it\/?s={search_term_string}"},"query-input":{"@type":"PropertyValueSpecification","valueRequired":true,"valueName":"search_term_string"}}],"inLanguage":"it-IT"}]}},"_links":{"self":[{"href":"https:\/\/medicinasinc.com\/it\/wp-json\/wp\/v2\/product\/5564","targetHints":{"allow":["GET"]}}],"collection":[{"href":"https:\/\/medicinasinc.com\/it\/wp-json\/wp\/v2\/product"}],"about":[{"href":"https:\/\/medicinasinc.com\/it\/wp-json\/wp\/v2\/types\/product"}],"replies":[{"embeddable":true,"href":"https:\/\/medicinasinc.com\/it\/wp-json\/wp\/v2\/comments?post=5564"}],"wp:featuredmedia":[{"embeddable":true,"href":"https:\/\/medicinasinc.com\/it\/wp-json\/wp\/v2\/media\/5574"}],"wp:attachment":[{"href":"https:\/\/medicinasinc.com\/it\/wp-json\/wp\/v2\/media?parent=5564"}],"wp:term":[{"taxonomy":"product_brand","embeddable":true,"href":"https:\/\/medicinasinc.com\/it\/wp-json\/wp\/v2\/product_brand?post=5564"},{"taxonomy":"product_cat","embeddable":true,"href":"https:\/\/medicinasinc.com\/it\/wp-json\/wp\/v2\/product_cat?post=5564"},{"taxonomy":"product_tag","embeddable":true,"href":"https:\/\/medicinasinc.com\/it\/wp-json\/wp\/v2\/product_tag?post=5564"}],"curies":[{"name":"wp","href":"https:\/\/api.w.org\/{rel}","templated":true}]}}