{"id":5563,"date":"2022-02-22T01:47:13","date_gmt":"2022-02-22T01:47:13","guid":{"rendered":"https:\/\/medicinasinc.com\/it\/?post_type=product&#038;p=5563"},"modified":"2022-03-17T00:11:39","modified_gmt":"2022-03-17T00:11:39","slug":"compra-sale-da-bagno-avorio-onde","status":"publish","type":"product","link":"https:\/\/medicinasinc.com\/it\/product\/compra-sale-da-bagno-avorio-onde\/","title":{"rendered":"Acquista il sale da bagno Wave avorio"},"content":{"rendered":"<p>I sali da bagno di Best Global Meds sono della migliore qualit\u00e0 e ti faranno sentire pulito e rinfrescato dopo un bagno rilassante. Poich\u00e9 vendiamo solo prodotti della massima qualit\u00e0, puoi stare tranquillo sapendo che il tuo acquisto &#8220;acquista sali da bagno avorio wave online&#8221; arriver\u00e0 in ottime condizioni. Sono inoltre disponibili a prezzi ragionevoli sfusi e al dettaglio diversi tipi di sali da bagno concentrati.<\/p>\n<p>Il profumo dei nostri sali da bagno riempie la stanza!<\/p>\n<p>\u00c8 possibile acquistare i sali da bagno Ivory Wave online.<\/p>\n<p>Dove puoi acquistare i sali da bagno Ivory Wave tramite Internet? I sali da bagno Ivory Wave possono essere acquistati online da Chemicals Lab senza alcuno sforzo o imbarazzo. Ogni volta che acquisti sali da bagno avorio Wave dalla nostra farmacia online, facciamo di tutto per assicurarci di ottenere il miglior prezzo possibile. La nostra missione in Best Global Meds \u00e8 ridurre i costi dei nostri clienti aumentando al contempo il valore che ricevono.<\/p>\n","protected":false},"excerpt":{"rendered":"<div class=\"woocommerce-product-details__short-description\">\n<p>Stai pagando in eccesso per i sali da bagno ondulati in avorio online? Acquista sali da bagno avorio Wave in vendita nel Regno Unito, in Europa online su Best Global Meds. Scopri i sali da bagno Wave in vendita<\/p>\n<p>&nbsp;<\/p>\n<\/p><\/div>\n","protected":false},"featured_media":5572,"comment_status":"open","ping_status":"closed","template":"","meta":[],"product_brand":[],"product_cat":[2014],"product_tag":[3081,3082,3092,3086,3091,3089,3085,3090,3087,3088,3083,3084],"class_list":{"0":"post-5563","1":"product","2":"type-product","3":"status-publish","4":"has-post-thumbnail","6":"product_cat-compra-ricerca-prodotti-chimici","7":"product_tag-acquistare-sali-da-bagno-ivory-wave-online","8":"product_tag-buy-lvory-wave-bath-salt","9":"product_tag-dove-acquistare-sali-da-bagno-avory-wave","10":"product_tag-lvory-wave-bagno-effetto-sale","11":"product_tag-order-ivory-wave-bath-salts-online","12":"product_tag-lvory-wave-bagno-sale-ordine","13":"product_tag-lvory-wave-bagno-sale-comprare","14":"product_tag-lvory-wave-bagno-sale-allingrosso","15":"product_tag-lvory-wave-bagno-sale-europa","16":"product_tag-lvory-wave-bagno-sale-online","17":"product_tag-avorio-wave-sali-da-bagno","18":"product_tag-ivory-wave-sali-da-bagno-in-vendita","20":"first","21":"instock","22":"shipping-taxable","23":"purchasable","24":"product-type-variable"},"yoast_head":"<!-- This site is optimized with the Yoast SEO plugin v27.3 - https:\/\/yoast.com\/product\/yoast-seo-wordpress\/ -->\n<title>Acquista Sale da bagno Ivory Wave - Sale da bagno Lvory Wave - Best Global Meds<\/title>\n<meta name=\"description\" content=\"Stai pagando in eccesso per i sali da bagno a onde d&#039;avorio online? Acquista sali da bagno avorio Wave in vendita nel Regno Unito, in Europa online su Best Global Meds. Scopri i sali da bagno in vendita avorio Wave\" \/>\n<meta name=\"robots\" content=\"index, follow, max-snippet:-1, max-image-preview:large, max-video-preview:-1\" \/>\n<link rel=\"canonical\" href=\"https:\/\/medicinasinc.com\/it\/product\/compra-sale-da-bagno-avorio-onde\/\" \/>\n<meta property=\"og:locale\" content=\"it_IT\" \/>\n<meta property=\"og:type\" content=\"article\" \/>\n<meta property=\"og:title\" content=\"Acquista Sale da bagno Ivory Wave - Sale da bagno Lvory Wave - Best Global Meds\" \/>\n<meta property=\"og:description\" content=\"Stai pagando in eccesso per i sali da bagno a onde d&#039;avorio online? Acquista sali da bagno avorio Wave in vendita nel Regno Unito, in Europa online su Best Global Meds. Scopri i sali da bagno in vendita avorio Wave\" \/>\n<meta property=\"og:url\" content=\"https:\/\/medicinasinc.com\/it\/product\/compra-sale-da-bagno-avorio-onde\/\" \/>\n<meta property=\"og:site_name\" content=\"Medicinas Inc\" \/>\n<meta property=\"article:modified_time\" content=\"2022-03-17T00:11:39+00:00\" \/>\n<meta property=\"og:image\" content=\"https:\/\/medicinasinc.com\/it\/wp-content\/uploads\/sites\/4\/2022\/02\/Buy-Lvory-Wave-Bath-Salt.jpg\" \/>\n\t<meta property=\"og:image:width\" content=\"450\" \/>\n\t<meta property=\"og:image:height\" content=\"316\" \/>\n\t<meta property=\"og:image:type\" content=\"image\/jpeg\" \/>\n<meta name=\"twitter:card\" content=\"summary_large_image\" \/>\n<meta name=\"twitter:label1\" content=\"Tempo di lettura stimato\" \/>\n\t<meta name=\"twitter:data1\" content=\"1 minuto\" \/>\n<script type=\"application\/ld+json\" class=\"yoast-schema-graph\">{\"@context\":\"https:\\\/\\\/schema.org\",\"@graph\":[{\"@type\":\"WebPage\",\"@id\":\"https:\\\/\\\/medicinasinc.com\\\/it\\\/product\\\/compra-sale-da-bagno-avorio-onde\\\/\",\"url\":\"https:\\\/\\\/medicinasinc.com\\\/it\\\/product\\\/compra-sale-da-bagno-avorio-onde\\\/\",\"name\":\"Acquista Sale da bagno Ivory Wave - Sale da bagno Lvory Wave - Best Global Meds\",\"isPartOf\":{\"@id\":\"https:\\\/\\\/medicinasinc.com\\\/it\\\/#website\"},\"primaryImageOfPage\":{\"@id\":\"https:\\\/\\\/medicinasinc.com\\\/it\\\/product\\\/compra-sale-da-bagno-avorio-onde\\\/#primaryimage\"},\"image\":{\"@id\":\"https:\\\/\\\/medicinasinc.com\\\/it\\\/product\\\/compra-sale-da-bagno-avorio-onde\\\/#primaryimage\"},\"thumbnailUrl\":\"https:\\\/\\\/medicinasinc.com\\\/it\\\/wp-content\\\/uploads\\\/sites\\\/4\\\/2022\\\/02\\\/Buy-Lvory-Wave-Bath-Salt.jpg\",\"datePublished\":\"2022-02-22T01:47:13+00:00\",\"dateModified\":\"2022-03-17T00:11:39+00:00\",\"description\":\"Stai pagando in eccesso per i sali da bagno a onde d'avorio online? Acquista sali da bagno avorio Wave in vendita nel Regno Unito, in Europa online su Best Global Meds. Scopri i sali da bagno in vendita avorio Wave\",\"breadcrumb\":{\"@id\":\"https:\\\/\\\/medicinasinc.com\\\/it\\\/product\\\/compra-sale-da-bagno-avorio-onde\\\/#breadcrumb\"},\"inLanguage\":\"it-IT\",\"potentialAction\":[{\"@type\":\"ReadAction\",\"target\":[\"https:\\\/\\\/medicinasinc.com\\\/it\\\/product\\\/compra-sale-da-bagno-avorio-onde\\\/\"]}]},{\"@type\":\"ImageObject\",\"inLanguage\":\"it-IT\",\"@id\":\"https:\\\/\\\/medicinasinc.com\\\/it\\\/product\\\/compra-sale-da-bagno-avorio-onde\\\/#primaryimage\",\"url\":\"https:\\\/\\\/medicinasinc.com\\\/it\\\/wp-content\\\/uploads\\\/sites\\\/4\\\/2022\\\/02\\\/Buy-Lvory-Wave-Bath-Salt.jpg\",\"contentUrl\":\"https:\\\/\\\/medicinasinc.com\\\/it\\\/wp-content\\\/uploads\\\/sites\\\/4\\\/2022\\\/02\\\/Buy-Lvory-Wave-Bath-Salt.jpg\",\"width\":450,\"height\":316},{\"@type\":\"BreadcrumbList\",\"@id\":\"https:\\\/\\\/medicinasinc.com\\\/it\\\/product\\\/compra-sale-da-bagno-avorio-onde\\\/#breadcrumb\",\"itemListElement\":[{\"@type\":\"ListItem\",\"position\":1,\"name\":\"Negozio\",\"item\":\"https:\\\/\\\/medicinasinc.com\\\/it\\\/negozio\\\/\"},{\"@type\":\"ListItem\",\"position\":2,\"name\":\"Acquista il sale da bagno Wave avorio\"}]},{\"@type\":\"WebSite\",\"@id\":\"https:\\\/\\\/medicinasinc.com\\\/it\\\/#website\",\"url\":\"https:\\\/\\\/medicinasinc.com\\\/it\\\/\",\"name\":\"Medicinas Inc\",\"description\":\"Health Medical Clinic\",\"potentialAction\":[{\"@type\":\"SearchAction\",\"target\":{\"@type\":\"EntryPoint\",\"urlTemplate\":\"https:\\\/\\\/medicinasinc.com\\\/it\\\/?s={search_term_string}\"},\"query-input\":{\"@type\":\"PropertyValueSpecification\",\"valueRequired\":true,\"valueName\":\"search_term_string\"}}],\"inLanguage\":\"it-IT\"}]}<\/script>\n<!-- \/ Yoast SEO plugin. -->","yoast_head_json":{"title":"Acquista Sale da bagno Ivory Wave - Sale da bagno Lvory Wave - Best Global Meds","description":"Stai pagando in eccesso per i sali da bagno a onde d'avorio online? Acquista sali da bagno avorio Wave in vendita nel Regno Unito, in Europa online su Best Global Meds. Scopri i sali da bagno in vendita avorio Wave","robots":{"index":"index","follow":"follow","max-snippet":"max-snippet:-1","max-image-preview":"max-image-preview:large","max-video-preview":"max-video-preview:-1"},"canonical":"https:\/\/medicinasinc.com\/it\/product\/compra-sale-da-bagno-avorio-onde\/","og_locale":"it_IT","og_type":"article","og_title":"Acquista Sale da bagno Ivory Wave - Sale da bagno Lvory Wave - Best Global Meds","og_description":"Stai pagando in eccesso per i sali da bagno a onde d'avorio online? Acquista sali da bagno avorio Wave in vendita nel Regno Unito, in Europa online su Best Global Meds. Scopri i sali da bagno in vendita avorio Wave","og_url":"https:\/\/medicinasinc.com\/it\/product\/compra-sale-da-bagno-avorio-onde\/","og_site_name":"Medicinas Inc","article_modified_time":"2022-03-17T00:11:39+00:00","og_image":[{"width":450,"height":316,"url":"https:\/\/medicinasinc.com\/it\/wp-content\/uploads\/sites\/4\/2022\/02\/Buy-Lvory-Wave-Bath-Salt.jpg","type":"image\/jpeg"}],"twitter_card":"summary_large_image","twitter_misc":{"Tempo di lettura stimato":"1 minuto"},"schema":{"@context":"https:\/\/schema.org","@graph":[{"@type":"WebPage","@id":"https:\/\/medicinasinc.com\/it\/product\/compra-sale-da-bagno-avorio-onde\/","url":"https:\/\/medicinasinc.com\/it\/product\/compra-sale-da-bagno-avorio-onde\/","name":"Acquista Sale da bagno Ivory Wave - Sale da bagno Lvory Wave - Best Global Meds","isPartOf":{"@id":"https:\/\/medicinasinc.com\/it\/#website"},"primaryImageOfPage":{"@id":"https:\/\/medicinasinc.com\/it\/product\/compra-sale-da-bagno-avorio-onde\/#primaryimage"},"image":{"@id":"https:\/\/medicinasinc.com\/it\/product\/compra-sale-da-bagno-avorio-onde\/#primaryimage"},"thumbnailUrl":"https:\/\/medicinasinc.com\/it\/wp-content\/uploads\/sites\/4\/2022\/02\/Buy-Lvory-Wave-Bath-Salt.jpg","datePublished":"2022-02-22T01:47:13+00:00","dateModified":"2022-03-17T00:11:39+00:00","description":"Stai pagando in eccesso per i sali da bagno a onde d'avorio online? Acquista sali da bagno avorio Wave in vendita nel Regno Unito, in Europa online su Best Global Meds. Scopri i sali da bagno in vendita avorio Wave","breadcrumb":{"@id":"https:\/\/medicinasinc.com\/it\/product\/compra-sale-da-bagno-avorio-onde\/#breadcrumb"},"inLanguage":"it-IT","potentialAction":[{"@type":"ReadAction","target":["https:\/\/medicinasinc.com\/it\/product\/compra-sale-da-bagno-avorio-onde\/"]}]},{"@type":"ImageObject","inLanguage":"it-IT","@id":"https:\/\/medicinasinc.com\/it\/product\/compra-sale-da-bagno-avorio-onde\/#primaryimage","url":"https:\/\/medicinasinc.com\/it\/wp-content\/uploads\/sites\/4\/2022\/02\/Buy-Lvory-Wave-Bath-Salt.jpg","contentUrl":"https:\/\/medicinasinc.com\/it\/wp-content\/uploads\/sites\/4\/2022\/02\/Buy-Lvory-Wave-Bath-Salt.jpg","width":450,"height":316},{"@type":"BreadcrumbList","@id":"https:\/\/medicinasinc.com\/it\/product\/compra-sale-da-bagno-avorio-onde\/#breadcrumb","itemListElement":[{"@type":"ListItem","position":1,"name":"Negozio","item":"https:\/\/medicinasinc.com\/it\/negozio\/"},{"@type":"ListItem","position":2,"name":"Acquista il sale da bagno Wave avorio"}]},{"@type":"WebSite","@id":"https:\/\/medicinasinc.com\/it\/#website","url":"https:\/\/medicinasinc.com\/it\/","name":"Medicinas Inc","description":"Health Medical Clinic","potentialAction":[{"@type":"SearchAction","target":{"@type":"EntryPoint","urlTemplate":"https:\/\/medicinasinc.com\/it\/?s={search_term_string}"},"query-input":{"@type":"PropertyValueSpecification","valueRequired":true,"valueName":"search_term_string"}}],"inLanguage":"it-IT"}]}},"_links":{"self":[{"href":"https:\/\/medicinasinc.com\/it\/wp-json\/wp\/v2\/product\/5563","targetHints":{"allow":["GET"]}}],"collection":[{"href":"https:\/\/medicinasinc.com\/it\/wp-json\/wp\/v2\/product"}],"about":[{"href":"https:\/\/medicinasinc.com\/it\/wp-json\/wp\/v2\/types\/product"}],"replies":[{"embeddable":true,"href":"https:\/\/medicinasinc.com\/it\/wp-json\/wp\/v2\/comments?post=5563"}],"wp:featuredmedia":[{"embeddable":true,"href":"https:\/\/medicinasinc.com\/it\/wp-json\/wp\/v2\/media\/5572"}],"wp:attachment":[{"href":"https:\/\/medicinasinc.com\/it\/wp-json\/wp\/v2\/media?parent=5563"}],"wp:term":[{"taxonomy":"product_brand","embeddable":true,"href":"https:\/\/medicinasinc.com\/it\/wp-json\/wp\/v2\/product_brand?post=5563"},{"taxonomy":"product_cat","embeddable":true,"href":"https:\/\/medicinasinc.com\/it\/wp-json\/wp\/v2\/product_cat?post=5563"},{"taxonomy":"product_tag","embeddable":true,"href":"https:\/\/medicinasinc.com\/it\/wp-json\/wp\/v2\/product_tag?post=5563"}],"curies":[{"name":"wp","href":"https:\/\/api.w.org\/{rel}","templated":true}]}}