{"id":5549,"date":"2022-02-22T01:34:03","date_gmt":"2022-02-22T01:34:03","guid":{"rendered":"https:\/\/medicinasinc.com\/it\/?post_type=product&#038;p=5549"},"modified":"2022-03-17T00:11:51","modified_gmt":"2022-03-17T00:11:51","slug":"buy-jwh-210-polvere-chimica","status":"publish","type":"product","link":"https:\/\/medicinasinc.com\/it\/product\/buy-jwh-210-polvere-chimica\/","title":{"rendered":"Acquista polvere chimica JWH-210"},"content":{"rendered":"<p>La polvere chimica di JWH-210 pu\u00f2 essere acquistata online.<\/p>\n<p>Acquista la polvere chimica JWH-210 su Internet. Uno degli antidepressivi pi\u00f9 comunemente usati negli Stati Uniti \u00e8 il JWH-210. Il cannabinoide ha un potente effetto.<\/p>\n<p>Polvere WH-210 online<\/p>\n<p>Per alleviare il dolore, la polvere JWH-210 della famiglia dei naftoilindoli funziona come un agonista dei cannabinoidi sia sui recettori CB1 che CB2 , con un valore Ki di 0,46 nM per CB1 e 0,69 nM per CB2. Come derivato naftoile 4-sostituito, ha un&#8217;affinit\u00e0 di legame pi\u00f9 forte (cio\u00e8 Ki inferiore) a CB1 rispetto a entrambi i suoi omologhi 4-metile e 4-N-propile, JWH-122 (CB1 Ki 0,69 nM) e JWH-182 (CB1 Ki 0,65 nM) e la molecola 4-metossi JWH-081 (CB1 Ki 1,2 nM). John W. Huffman, che ha fatto la scoperta, \u00e8 stato onorato dell&#8217;onore di avere la sua scoperta intitolata a lui.<\/p>\n<p>Ci sono due tipi di recettori dei cannabinoidi nel corpo: CB1 e CB2. JWH-210 \u00e8 analgesico e agisce come agonista per entrambi. CB1 Ki \u00e8 a 0,46 nM e CB2 Ki a 0,69 nM. Un forte derivato naftoilico 4-sostituito della serie naftoilindolo, ha una maggiore affinit\u00e0 per il legame CB1 rispetto a JWH-122, JWH-182 e JWH-081 dei cannabinoidi sintetici di prima generazione (1).<\/p>\n<p> Vie metaboliche: JWH-210 ha diversi metaboliti noti, tra cui il metabolita dell&#8217;acido N-pentanoico (rilevabile nelle urine), il metabolita N-(4-idrossipentil) (rilevabile nelle urine e nel siero), il metabolita N-(5-idrossipentil) (rilevabile in urina e siero) e 5 metabolita idrossiindolo (rilevabile nelle urine e nel siero) (rilevabile nelle urine e nel siero). \u00c8 stato anche affermato che l&#8217;anello naftoile \u00e8 stato idrossilato (2).<\/p>\n<p>Se spruzzato sulle piante, JWH-210 ha gli stessi effetti e tossicit\u00e0 della marijuana, secondo gli utenti. Entro 2-5 minuti dall&#8217;iniezione, gli effetti iniziano a farsi sentire. Poco si sa sugli effetti del solo JWH-210, tuttavia i cannabinoidi sintetici comunemente causano umore e cambiamenti percettivi, attacchi di panico e agitazione, uno sballo simile a quello della cannabis ed effetti allucinogeni minori (visivi e uditivi).<\/p>\n","protected":false},"excerpt":{"rendered":"<p>Acquista polvere chimica JWH-210 in vendita online nel Regno Unito, in Europa, nell&#8217;UE. La polvere chimica JWH-210 \u00e8 una sostanza chimica analgesica della famiglia dei naftoilindole.<\/p>\n<h3 class=\"product_title\"> La polvere JWH-210 online acquista l&#8217;originale JWH-210 al 99% di purezza <\/h3>\n","protected":false},"featured_media":5560,"comment_status":"open","ping_status":"closed","template":"","meta":[],"product_brand":[],"product_cat":[2014],"product_tag":[3070,3071,3072,3073,3034,3074,3075,3077,3078,3080,3079,3076,3047],"class_list":{"0":"post-5549","1":"product","2":"type-product","3":"status-publish","4":"has-post-thumbnail","6":"product_cat-compra-ricerca-prodotti-chimici","7":"product_tag-compra-jwh-210","8":"product_tag-buy-jwh-210-europe","9":"product_tag-buy-jwh-210-uk","10":"product_tag-buy-jwh-210-usa","11":"product_tag-jw-018","12":"product_tag-jwh-210-compra","13":"product_tag-jwh-210-dosaggio","14":"product_tag-jwh-210-order","15":"product_tag-jwh-210-psiconauta","16":"product_tag-jwh-210-recensione","17":"product_tag-jwh-210-reddit","18":"product_tag-jwh-210-status-legal-usa","19":"product_tag-jwh-250","21":"first","22":"instock","23":"shipping-taxable","24":"purchasable","25":"product-type-variable","26":"has-default-attributes"},"yoast_head":"<!-- This site is optimized with the Yoast SEO plugin v27.2 - https:\/\/yoast.com\/product\/yoast-seo-wordpress\/ -->\n<title>Acquista polvere chimica JWH-210 - I migliori medicinali globali<\/title>\n<meta name=\"description\" content=\"Acquista polvere chimica JWH-210 in vendita online nel Regno Unito, in Europa. La polvere chimica JWH-210 \u00e8 una sostanza chimica analgesica della famiglia dei naftoilindoli.\" \/>\n<meta name=\"robots\" content=\"index, follow, max-snippet:-1, max-image-preview:large, max-video-preview:-1\" \/>\n<link rel=\"canonical\" href=\"https:\/\/medicinasinc.com\/it\/product\/buy-jwh-210-polvere-chimica\/\" \/>\n<meta property=\"og:locale\" content=\"it_IT\" \/>\n<meta property=\"og:type\" content=\"article\" \/>\n<meta property=\"og:title\" content=\"Acquista polvere chimica JWH-210 - I migliori medicinali globali\" \/>\n<meta property=\"og:description\" content=\"Acquista polvere chimica JWH-210 in vendita online nel Regno Unito, in Europa. La polvere chimica JWH-210 \u00e8 una sostanza chimica analgesica della famiglia dei naftoilindoli.\" \/>\n<meta property=\"og:url\" content=\"https:\/\/medicinasinc.com\/it\/product\/buy-jwh-210-polvere-chimica\/\" \/>\n<meta property=\"og:site_name\" content=\"Medicinas Inc\" \/>\n<meta property=\"article:modified_time\" content=\"2022-03-17T00:11:51+00:00\" \/>\n<meta property=\"og:image\" content=\"https:\/\/medicinasinc.com\/it\/wp-content\/uploads\/sites\/4\/2022\/02\/Buy-JWH-210-Chemical-Powder-Online.jpg\" \/>\n\t<meta property=\"og:image:width\" content=\"600\" \/>\n\t<meta property=\"og:image:height\" content=\"600\" \/>\n\t<meta property=\"og:image:type\" content=\"image\/jpeg\" \/>\n<meta name=\"twitter:card\" content=\"summary_large_image\" \/>\n<meta name=\"twitter:label1\" content=\"Tempo di lettura stimato\" \/>\n\t<meta name=\"twitter:data1\" content=\"2 minuti\" \/>\n<script type=\"application\/ld+json\" class=\"yoast-schema-graph\">{\"@context\":\"https:\/\/schema.org\",\"@graph\":[{\"@type\":\"WebPage\",\"@id\":\"https:\/\/medicinasinc.com\/it\/product\/buy-jwh-210-polvere-chimica\/\",\"url\":\"https:\/\/medicinasinc.com\/it\/product\/buy-jwh-210-polvere-chimica\/\",\"name\":\"Acquista polvere chimica JWH-210 - I migliori medicinali globali\",\"isPartOf\":{\"@id\":\"https:\/\/medicinasinc.com\/it\/#website\"},\"primaryImageOfPage\":{\"@id\":\"https:\/\/medicinasinc.com\/it\/product\/buy-jwh-210-polvere-chimica\/#primaryimage\"},\"image\":{\"@id\":\"https:\/\/medicinasinc.com\/it\/product\/buy-jwh-210-polvere-chimica\/#primaryimage\"},\"thumbnailUrl\":\"https:\/\/medicinasinc.com\/it\/wp-content\/uploads\/sites\/4\/2022\/02\/Buy-JWH-210-Chemical-Powder-Online.jpg\",\"datePublished\":\"2022-02-22T01:34:03+00:00\",\"dateModified\":\"2022-03-17T00:11:51+00:00\",\"description\":\"Acquista polvere chimica JWH-210 in vendita online nel Regno Unito, in Europa. La polvere chimica JWH-210 \u00e8 una sostanza chimica analgesica della famiglia dei naftoilindoli.\",\"breadcrumb\":{\"@id\":\"https:\/\/medicinasinc.com\/it\/product\/buy-jwh-210-polvere-chimica\/#breadcrumb\"},\"inLanguage\":\"it-IT\",\"potentialAction\":[{\"@type\":\"ReadAction\",\"target\":[\"https:\/\/medicinasinc.com\/it\/product\/buy-jwh-210-polvere-chimica\/\"]}]},{\"@type\":\"ImageObject\",\"inLanguage\":\"it-IT\",\"@id\":\"https:\/\/medicinasinc.com\/it\/product\/buy-jwh-210-polvere-chimica\/#primaryimage\",\"url\":\"https:\/\/medicinasinc.com\/it\/wp-content\/uploads\/sites\/4\/2022\/02\/Buy-JWH-210-Chemical-Powder-Online.jpg\",\"contentUrl\":\"https:\/\/medicinasinc.com\/it\/wp-content\/uploads\/sites\/4\/2022\/02\/Buy-JWH-210-Chemical-Powder-Online.jpg\",\"width\":600,\"height\":600},{\"@type\":\"BreadcrumbList\",\"@id\":\"https:\/\/medicinasinc.com\/it\/product\/buy-jwh-210-polvere-chimica\/#breadcrumb\",\"itemListElement\":[{\"@type\":\"ListItem\",\"position\":1,\"name\":\"Negozio\",\"item\":\"https:\/\/medicinasinc.com\/it\/negozio\/\"},{\"@type\":\"ListItem\",\"position\":2,\"name\":\"Acquista polvere chimica JWH-210\"}]},{\"@type\":\"WebSite\",\"@id\":\"https:\/\/medicinasinc.com\/it\/#website\",\"url\":\"https:\/\/medicinasinc.com\/it\/\",\"name\":\"Medicinas Inc\",\"description\":\"Health Medical Clinic\",\"potentialAction\":[{\"@type\":\"SearchAction\",\"target\":{\"@type\":\"EntryPoint\",\"urlTemplate\":\"https:\/\/medicinasinc.com\/it\/?s={search_term_string}\"},\"query-input\":{\"@type\":\"PropertyValueSpecification\",\"valueRequired\":true,\"valueName\":\"search_term_string\"}}],\"inLanguage\":\"it-IT\"}]}<\/script>\n<!-- \/ Yoast SEO plugin. -->","yoast_head_json":{"title":"Acquista polvere chimica JWH-210 - I migliori medicinali globali","description":"Acquista polvere chimica JWH-210 in vendita online nel Regno Unito, in Europa. La polvere chimica JWH-210 \u00e8 una sostanza chimica analgesica della famiglia dei naftoilindoli.","robots":{"index":"index","follow":"follow","max-snippet":"max-snippet:-1","max-image-preview":"max-image-preview:large","max-video-preview":"max-video-preview:-1"},"canonical":"https:\/\/medicinasinc.com\/it\/product\/buy-jwh-210-polvere-chimica\/","og_locale":"it_IT","og_type":"article","og_title":"Acquista polvere chimica JWH-210 - I migliori medicinali globali","og_description":"Acquista polvere chimica JWH-210 in vendita online nel Regno Unito, in Europa. La polvere chimica JWH-210 \u00e8 una sostanza chimica analgesica della famiglia dei naftoilindoli.","og_url":"https:\/\/medicinasinc.com\/it\/product\/buy-jwh-210-polvere-chimica\/","og_site_name":"Medicinas Inc","article_modified_time":"2022-03-17T00:11:51+00:00","og_image":[{"width":600,"height":600,"url":"https:\/\/medicinasinc.com\/it\/wp-content\/uploads\/sites\/4\/2022\/02\/Buy-JWH-210-Chemical-Powder-Online.jpg","type":"image\/jpeg"}],"twitter_card":"summary_large_image","twitter_misc":{"Tempo di lettura stimato":"2 minuti"},"schema":{"@context":"https:\/\/schema.org","@graph":[{"@type":"WebPage","@id":"https:\/\/medicinasinc.com\/it\/product\/buy-jwh-210-polvere-chimica\/","url":"https:\/\/medicinasinc.com\/it\/product\/buy-jwh-210-polvere-chimica\/","name":"Acquista polvere chimica JWH-210 - I migliori medicinali globali","isPartOf":{"@id":"https:\/\/medicinasinc.com\/it\/#website"},"primaryImageOfPage":{"@id":"https:\/\/medicinasinc.com\/it\/product\/buy-jwh-210-polvere-chimica\/#primaryimage"},"image":{"@id":"https:\/\/medicinasinc.com\/it\/product\/buy-jwh-210-polvere-chimica\/#primaryimage"},"thumbnailUrl":"https:\/\/medicinasinc.com\/it\/wp-content\/uploads\/sites\/4\/2022\/02\/Buy-JWH-210-Chemical-Powder-Online.jpg","datePublished":"2022-02-22T01:34:03+00:00","dateModified":"2022-03-17T00:11:51+00:00","description":"Acquista polvere chimica JWH-210 in vendita online nel Regno Unito, in Europa. La polvere chimica JWH-210 \u00e8 una sostanza chimica analgesica della famiglia dei naftoilindoli.","breadcrumb":{"@id":"https:\/\/medicinasinc.com\/it\/product\/buy-jwh-210-polvere-chimica\/#breadcrumb"},"inLanguage":"it-IT","potentialAction":[{"@type":"ReadAction","target":["https:\/\/medicinasinc.com\/it\/product\/buy-jwh-210-polvere-chimica\/"]}]},{"@type":"ImageObject","inLanguage":"it-IT","@id":"https:\/\/medicinasinc.com\/it\/product\/buy-jwh-210-polvere-chimica\/#primaryimage","url":"https:\/\/medicinasinc.com\/it\/wp-content\/uploads\/sites\/4\/2022\/02\/Buy-JWH-210-Chemical-Powder-Online.jpg","contentUrl":"https:\/\/medicinasinc.com\/it\/wp-content\/uploads\/sites\/4\/2022\/02\/Buy-JWH-210-Chemical-Powder-Online.jpg","width":600,"height":600},{"@type":"BreadcrumbList","@id":"https:\/\/medicinasinc.com\/it\/product\/buy-jwh-210-polvere-chimica\/#breadcrumb","itemListElement":[{"@type":"ListItem","position":1,"name":"Negozio","item":"https:\/\/medicinasinc.com\/it\/negozio\/"},{"@type":"ListItem","position":2,"name":"Acquista polvere chimica JWH-210"}]},{"@type":"WebSite","@id":"https:\/\/medicinasinc.com\/it\/#website","url":"https:\/\/medicinasinc.com\/it\/","name":"Medicinas Inc","description":"Health Medical Clinic","potentialAction":[{"@type":"SearchAction","target":{"@type":"EntryPoint","urlTemplate":"https:\/\/medicinasinc.com\/it\/?s={search_term_string}"},"query-input":{"@type":"PropertyValueSpecification","valueRequired":true,"valueName":"search_term_string"}}],"inLanguage":"it-IT"}]}},"_links":{"self":[{"href":"https:\/\/medicinasinc.com\/it\/wp-json\/wp\/v2\/product\/5549","targetHints":{"allow":["GET"]}}],"collection":[{"href":"https:\/\/medicinasinc.com\/it\/wp-json\/wp\/v2\/product"}],"about":[{"href":"https:\/\/medicinasinc.com\/it\/wp-json\/wp\/v2\/types\/product"}],"replies":[{"embeddable":true,"href":"https:\/\/medicinasinc.com\/it\/wp-json\/wp\/v2\/comments?post=5549"}],"wp:featuredmedia":[{"embeddable":true,"href":"https:\/\/medicinasinc.com\/it\/wp-json\/wp\/v2\/media\/5560"}],"wp:attachment":[{"href":"https:\/\/medicinasinc.com\/it\/wp-json\/wp\/v2\/media?parent=5549"}],"wp:term":[{"taxonomy":"product_brand","embeddable":true,"href":"https:\/\/medicinasinc.com\/it\/wp-json\/wp\/v2\/product_brand?post=5549"},{"taxonomy":"product_cat","embeddable":true,"href":"https:\/\/medicinasinc.com\/it\/wp-json\/wp\/v2\/product_cat?post=5549"},{"taxonomy":"product_tag","embeddable":true,"href":"https:\/\/medicinasinc.com\/it\/wp-json\/wp\/v2\/product_tag?post=5549"}],"curies":[{"name":"wp","href":"https:\/\/api.w.org\/{rel}","templated":true}]}}