{"id":5548,"date":"2022-02-22T01:32:32","date_gmt":"2022-02-22T01:32:32","guid":{"rendered":"https:\/\/medicinasinc.com\/it\/?post_type=product&#038;p=5548"},"modified":"2022-08-04T08:44:02","modified_gmt":"2022-08-04T08:44:02","slug":"buy-jwh-018-chimico","status":"publish","type":"product","link":"https:\/\/medicinasinc.com\/it\/product\/buy-jwh-018-chimico\/","title":{"rendered":"Acquista JWH-018 chimica"},"content":{"rendered":"<p>La polvere JWH-018 pu\u00f2 essere acquistata utilizzando western union\/MoneyGram o bitcoin proprio qui sul nostro sito. \u00c8 garantito che sia puro almeno al 99,8%. Qualsiasi lotto dei nostri prodotti chimici di ricerca pu\u00f2 essere dotato di un certificato di analisi (COA).<\/p>\n<p>Un grammo di JWH-018 per unit\u00e0 di ordine contiene un minimo di JWH-018 puro al 99,8%.<\/p>\n<p>In vendita c&#8217;\u00e8 JWH 018 spray.<\/p>\n<p>Prima di entrare in JWH-018, vorremmo darti una breve introduzione al CBD.<br \/>\nSecondo la US Public Library of Medicine, Il CBD, abbreviazione di cannabidiolo, \u00e8 una sostanza chimica sintetica derivata dalla pianta di Cannabis sativa, a volte nota come cannabis o aiuto.<br \/>\nIn prodotti come oli e edibili, viene utilizzato per indurre un senso di calma e relax. Come suo cugino, il THC (delta-9-tetraidrocannabinoidi), il CBD non ha un effetto psicotropo sul corpo.<br \/>\nLa miscela nostrana &#8220;Zest&#8221; di Zest contiene un cannabinoide ingegnerizzato noto come JWH-018. A causa dei suoi effetti inebrianti simili al 9-THC, questo cannabinoide Zest \u00e8 usato illegalmente. Sebbene JWH-018 sia notevolmente pi\u00f9 potente delle misurazioni equivalenti della cannabis, presenta anche enormi sfide per il rilevamento da parte di studi di test standard sul 9-THC. JWH-018<br \/>\nJWH-018 \u00e8 stato aggiunto all&#8217;elenco della DEA dei farmaci e dei sintetici di interesse nel luglio del 2009. Alcune giurisdizioni hanno preso provvedimenti per vietare la vendita o la propriet\u00e0 di Flavor (JWH-018), tra cui Alabama, Arkansas , Georgia, Kansas, Kentucky, North Dakota e Tennessee nonostante le catture segnalate di Flavor in Ohio e Florida.<br \/>\nQuando si tratta di spray jwh-018, sei arrivato nel sito giusto se vuoi il meglio. Spediamo merci di alta qualit\u00e0 in grandi quantit\u00e0 in tutto il mondo. Lo spray jwh-018 pu\u00f2 essere tuo nei prossimi cinque giorni lavorativi se ordini ora. Acquisto in linea jwh-018.<\/p>\n","protected":false},"excerpt":{"rendered":"<div class=\"woocommerce-product-details__short-description\">\n<p>Abbiamo JWH-018 in vendita sul nostro sito web. Spese mai viste. Una versione spray e in polvere della Best JWH-018 Essence \u00e8 ora disponibile per l&#8217;acquisto. medicinasinc.com \u00e8 il luogo in cui acquistare JWH-018 online.<\/p>\n<p>Acquista JWH-018 da un rivenditore rispettabile online. Vuoi comprare jwh-018 di alta qualit\u00e0 a un prezzo conveniente. Ordina da noi e unisciti alla schiera di clienti soddisfatti.<\/p>\n<p>JWH-018<\/p>\n<p>Il prodotto \u00e8 nuovo di zecca.<\/p>\n<p>Acquista JWH-018<\/p>\n<p>Principio attivo:<br \/>\nAttivo dopo:<br \/>\nTempo attivo:<br \/>\nUn&#8217;unit\u00e0 d&#8217;ordine:<\/p>\n<p>JWH-018<br \/>\n20-30 min. dopo l&#8217;uso<br \/>\n4-5 ore<br \/>\n1g di min 99<\/p>\n<\/div>\n","protected":false},"featured_media":5558,"comment_status":"open","ping_status":"closed","template":"","meta":[],"product_brand":[],"product_cat":[2014],"product_tag":[3050,3051,3058,3052,3053,3054,3067,3055,3057,3060,3062,3063,3065,3066,3068,3059,3061,3069,3064],"class_list":{"0":"post-5548","1":"product","2":"type-product","3":"status-publish","4":"has-post-thumbnail","6":"product_cat-compra-ricerca-prodotti-chimici","7":"product_tag-compra-jwh-018","8":"product_tag-buy-jwh-018-chimico","9":"product_tag-jwh-018-acquisto-online","10":"product_tag-compra-jwh-018-polvere","11":"product_tag-come-fare-jwh-018-spray","12":"product_tag-jwh-powder","13":"product_tag-jwh-018-allingrosso","14":"product_tag-jwh-018-alternativa","15":"product_tag-jwh-018-in-vendita","16":"product_tag-jwh-018-prezzo-polvere","17":"product_tag-jwh-018-reddit","18":"product_tag-jwh-018-review","19":"product_tag-jwh-018-spray-in-vendita-uk","20":"product_tag-jwh-018-walmart","21":"product_tag-jwh-250-spray","22":"product_tag-jwh-018-ordine","23":"product_tag-jwh-018-prezzo","24":"product_tag-prodotti-che-contengono-jwh-018","25":"product_tag-jwh-018-vendita","27":"first","28":"instock","29":"shipping-taxable","30":"purchasable","31":"product-type-variable","32":"has-default-attributes"},"yoast_head":"<!-- This site is optimized with the Yoast SEO plugin v27.3 - https:\/\/yoast.com\/product\/yoast-seo-wordpress\/ -->\n<title>Acquista JWH-018 Chemical - JWH-018 Chemical online - I migliori medicinali globali<\/title>\n<meta name=\"description\" content=\"Acquista JWH-018 Polvere chimica Regno Unito, Emirati Arabi Uniti, Europa, Cina nel nostro negozio online medicinasinc.com con consegna veloce in tutto il mondo! Il miglior JWH-018 per l&#039;ordinazione lo trovi qui!\" \/>\n<meta name=\"robots\" content=\"index, follow, max-snippet:-1, max-image-preview:large, max-video-preview:-1\" \/>\n<link rel=\"canonical\" href=\"https:\/\/medicinasinc.com\/it\/product\/buy-jwh-018-chimico\/\" \/>\n<meta property=\"og:locale\" content=\"it_IT\" \/>\n<meta property=\"og:type\" content=\"article\" \/>\n<meta property=\"og:title\" content=\"Acquista JWH-018 Chemical - JWH-018 Chemical online - I migliori medicinali globali\" \/>\n<meta property=\"og:description\" content=\"Acquista JWH-018 Polvere chimica Regno Unito, Emirati Arabi Uniti, Europa, Cina nel nostro negozio online medicinasinc.com con consegna veloce in tutto il mondo! Il miglior JWH-018 per l&#039;ordinazione lo trovi qui!\" \/>\n<meta property=\"og:url\" content=\"https:\/\/medicinasinc.com\/it\/product\/buy-jwh-018-chimico\/\" \/>\n<meta property=\"og:site_name\" content=\"Medicinas Inc\" \/>\n<meta property=\"article:modified_time\" content=\"2022-08-04T08:44:02+00:00\" \/>\n<meta property=\"og:image\" content=\"https:\/\/medicinasinc.com\/it\/wp-content\/uploads\/sites\/4\/2022\/02\/Buy-JWH-018-Chemical.jpg\" \/>\n\t<meta property=\"og:image:width\" content=\"593\" \/>\n\t<meta property=\"og:image:height\" content=\"400\" \/>\n\t<meta property=\"og:image:type\" content=\"image\/jpeg\" \/>\n<meta name=\"twitter:card\" content=\"summary_large_image\" \/>\n<meta name=\"twitter:label1\" content=\"Tempo di lettura stimato\" \/>\n\t<meta name=\"twitter:data1\" content=\"2 minuti\" \/>\n<script type=\"application\/ld+json\" class=\"yoast-schema-graph\">{\"@context\":\"https:\\\/\\\/schema.org\",\"@graph\":[{\"@type\":\"WebPage\",\"@id\":\"https:\\\/\\\/medicinasinc.com\\\/it\\\/product\\\/buy-jwh-018-chimico\\\/\",\"url\":\"https:\\\/\\\/medicinasinc.com\\\/it\\\/product\\\/buy-jwh-018-chimico\\\/\",\"name\":\"Acquista JWH-018 Chemical - JWH-018 Chemical online - I migliori medicinali globali\",\"isPartOf\":{\"@id\":\"https:\\\/\\\/medicinasinc.com\\\/it\\\/#website\"},\"primaryImageOfPage\":{\"@id\":\"https:\\\/\\\/medicinasinc.com\\\/it\\\/product\\\/buy-jwh-018-chimico\\\/#primaryimage\"},\"image\":{\"@id\":\"https:\\\/\\\/medicinasinc.com\\\/it\\\/product\\\/buy-jwh-018-chimico\\\/#primaryimage\"},\"thumbnailUrl\":\"https:\\\/\\\/medicinasinc.com\\\/it\\\/wp-content\\\/uploads\\\/sites\\\/4\\\/2022\\\/02\\\/Buy-JWH-018-Chemical.jpg\",\"datePublished\":\"2022-02-22T01:32:32+00:00\",\"dateModified\":\"2022-08-04T08:44:02+00:00\",\"description\":\"Acquista JWH-018 Polvere chimica Regno Unito, Emirati Arabi Uniti, Europa, Cina nel nostro negozio online medicinasinc.com con consegna veloce in tutto il mondo! Il miglior JWH-018 per l'ordinazione lo trovi qui!\",\"breadcrumb\":{\"@id\":\"https:\\\/\\\/medicinasinc.com\\\/it\\\/product\\\/buy-jwh-018-chimico\\\/#breadcrumb\"},\"inLanguage\":\"it-IT\",\"potentialAction\":[{\"@type\":\"ReadAction\",\"target\":[\"https:\\\/\\\/medicinasinc.com\\\/it\\\/product\\\/buy-jwh-018-chimico\\\/\"]}]},{\"@type\":\"ImageObject\",\"inLanguage\":\"it-IT\",\"@id\":\"https:\\\/\\\/medicinasinc.com\\\/it\\\/product\\\/buy-jwh-018-chimico\\\/#primaryimage\",\"url\":\"https:\\\/\\\/medicinasinc.com\\\/it\\\/wp-content\\\/uploads\\\/sites\\\/4\\\/2022\\\/02\\\/Buy-JWH-018-Chemical.jpg\",\"contentUrl\":\"https:\\\/\\\/medicinasinc.com\\\/it\\\/wp-content\\\/uploads\\\/sites\\\/4\\\/2022\\\/02\\\/Buy-JWH-018-Chemical.jpg\",\"width\":593,\"height\":400},{\"@type\":\"BreadcrumbList\",\"@id\":\"https:\\\/\\\/medicinasinc.com\\\/it\\\/product\\\/buy-jwh-018-chimico\\\/#breadcrumb\",\"itemListElement\":[{\"@type\":\"ListItem\",\"position\":1,\"name\":\"Negozio\",\"item\":\"https:\\\/\\\/medicinasinc.com\\\/it\\\/negozio\\\/\"},{\"@type\":\"ListItem\",\"position\":2,\"name\":\"Acquista JWH-018 chimica\"}]},{\"@type\":\"WebSite\",\"@id\":\"https:\\\/\\\/medicinasinc.com\\\/it\\\/#website\",\"url\":\"https:\\\/\\\/medicinasinc.com\\\/it\\\/\",\"name\":\"Medicinas Inc\",\"description\":\"Health Medical Clinic\",\"potentialAction\":[{\"@type\":\"SearchAction\",\"target\":{\"@type\":\"EntryPoint\",\"urlTemplate\":\"https:\\\/\\\/medicinasinc.com\\\/it\\\/?s={search_term_string}\"},\"query-input\":{\"@type\":\"PropertyValueSpecification\",\"valueRequired\":true,\"valueName\":\"search_term_string\"}}],\"inLanguage\":\"it-IT\"}]}<\/script>\n<!-- \/ Yoast SEO plugin. -->","yoast_head_json":{"title":"Acquista JWH-018 Chemical - JWH-018 Chemical online - I migliori medicinali globali","description":"Acquista JWH-018 Polvere chimica Regno Unito, Emirati Arabi Uniti, Europa, Cina nel nostro negozio online medicinasinc.com con consegna veloce in tutto il mondo! Il miglior JWH-018 per l'ordinazione lo trovi qui!","robots":{"index":"index","follow":"follow","max-snippet":"max-snippet:-1","max-image-preview":"max-image-preview:large","max-video-preview":"max-video-preview:-1"},"canonical":"https:\/\/medicinasinc.com\/it\/product\/buy-jwh-018-chimico\/","og_locale":"it_IT","og_type":"article","og_title":"Acquista JWH-018 Chemical - JWH-018 Chemical online - I migliori medicinali globali","og_description":"Acquista JWH-018 Polvere chimica Regno Unito, Emirati Arabi Uniti, Europa, Cina nel nostro negozio online medicinasinc.com con consegna veloce in tutto il mondo! Il miglior JWH-018 per l'ordinazione lo trovi qui!","og_url":"https:\/\/medicinasinc.com\/it\/product\/buy-jwh-018-chimico\/","og_site_name":"Medicinas Inc","article_modified_time":"2022-08-04T08:44:02+00:00","og_image":[{"width":593,"height":400,"url":"https:\/\/medicinasinc.com\/it\/wp-content\/uploads\/sites\/4\/2022\/02\/Buy-JWH-018-Chemical.jpg","type":"image\/jpeg"}],"twitter_card":"summary_large_image","twitter_misc":{"Tempo di lettura stimato":"2 minuti"},"schema":{"@context":"https:\/\/schema.org","@graph":[{"@type":"WebPage","@id":"https:\/\/medicinasinc.com\/it\/product\/buy-jwh-018-chimico\/","url":"https:\/\/medicinasinc.com\/it\/product\/buy-jwh-018-chimico\/","name":"Acquista JWH-018 Chemical - JWH-018 Chemical online - I migliori medicinali globali","isPartOf":{"@id":"https:\/\/medicinasinc.com\/it\/#website"},"primaryImageOfPage":{"@id":"https:\/\/medicinasinc.com\/it\/product\/buy-jwh-018-chimico\/#primaryimage"},"image":{"@id":"https:\/\/medicinasinc.com\/it\/product\/buy-jwh-018-chimico\/#primaryimage"},"thumbnailUrl":"https:\/\/medicinasinc.com\/it\/wp-content\/uploads\/sites\/4\/2022\/02\/Buy-JWH-018-Chemical.jpg","datePublished":"2022-02-22T01:32:32+00:00","dateModified":"2022-08-04T08:44:02+00:00","description":"Acquista JWH-018 Polvere chimica Regno Unito, Emirati Arabi Uniti, Europa, Cina nel nostro negozio online medicinasinc.com con consegna veloce in tutto il mondo! Il miglior JWH-018 per l'ordinazione lo trovi qui!","breadcrumb":{"@id":"https:\/\/medicinasinc.com\/it\/product\/buy-jwh-018-chimico\/#breadcrumb"},"inLanguage":"it-IT","potentialAction":[{"@type":"ReadAction","target":["https:\/\/medicinasinc.com\/it\/product\/buy-jwh-018-chimico\/"]}]},{"@type":"ImageObject","inLanguage":"it-IT","@id":"https:\/\/medicinasinc.com\/it\/product\/buy-jwh-018-chimico\/#primaryimage","url":"https:\/\/medicinasinc.com\/it\/wp-content\/uploads\/sites\/4\/2022\/02\/Buy-JWH-018-Chemical.jpg","contentUrl":"https:\/\/medicinasinc.com\/it\/wp-content\/uploads\/sites\/4\/2022\/02\/Buy-JWH-018-Chemical.jpg","width":593,"height":400},{"@type":"BreadcrumbList","@id":"https:\/\/medicinasinc.com\/it\/product\/buy-jwh-018-chimico\/#breadcrumb","itemListElement":[{"@type":"ListItem","position":1,"name":"Negozio","item":"https:\/\/medicinasinc.com\/it\/negozio\/"},{"@type":"ListItem","position":2,"name":"Acquista JWH-018 chimica"}]},{"@type":"WebSite","@id":"https:\/\/medicinasinc.com\/it\/#website","url":"https:\/\/medicinasinc.com\/it\/","name":"Medicinas Inc","description":"Health Medical Clinic","potentialAction":[{"@type":"SearchAction","target":{"@type":"EntryPoint","urlTemplate":"https:\/\/medicinasinc.com\/it\/?s={search_term_string}"},"query-input":{"@type":"PropertyValueSpecification","valueRequired":true,"valueName":"search_term_string"}}],"inLanguage":"it-IT"}]}},"_links":{"self":[{"href":"https:\/\/medicinasinc.com\/it\/wp-json\/wp\/v2\/product\/5548","targetHints":{"allow":["GET"]}}],"collection":[{"href":"https:\/\/medicinasinc.com\/it\/wp-json\/wp\/v2\/product"}],"about":[{"href":"https:\/\/medicinasinc.com\/it\/wp-json\/wp\/v2\/types\/product"}],"replies":[{"embeddable":true,"href":"https:\/\/medicinasinc.com\/it\/wp-json\/wp\/v2\/comments?post=5548"}],"wp:featuredmedia":[{"embeddable":true,"href":"https:\/\/medicinasinc.com\/it\/wp-json\/wp\/v2\/media\/5558"}],"wp:attachment":[{"href":"https:\/\/medicinasinc.com\/it\/wp-json\/wp\/v2\/media?parent=5548"}],"wp:term":[{"taxonomy":"product_brand","embeddable":true,"href":"https:\/\/medicinasinc.com\/it\/wp-json\/wp\/v2\/product_brand?post=5548"},{"taxonomy":"product_cat","embeddable":true,"href":"https:\/\/medicinasinc.com\/it\/wp-json\/wp\/v2\/product_cat?post=5548"},{"taxonomy":"product_tag","embeddable":true,"href":"https:\/\/medicinasinc.com\/it\/wp-json\/wp\/v2\/product_tag?post=5548"}],"curies":[{"name":"wp","href":"https:\/\/api.w.org\/{rel}","templated":true}]}}