{"id":5547,"date":"2022-02-22T01:30:48","date_gmt":"2022-02-22T01:30:48","guid":{"rendered":"https:\/\/medicinasinc.com\/it\/?post_type=product&#038;p=5547"},"modified":"2022-03-17T00:12:12","modified_gmt":"2022-03-17T00:12:12","slug":"buy-jwh-200-chimico","status":"publish","type":"product","link":"https:\/\/medicinasinc.com\/it\/product\/buy-jwh-200-chimico\/","title":{"rendered":"Acquista JWH-200 chimica"},"content":{"rendered":"<p>Informazioni sull&#8217;acquisto della sostanza chimica JWH-200<\/p>\n<p>Nella famiglia dei naftoilindole, AM-678 (1-pentil-3-(1-naftoil)indolo) \u00e8 un analgesico che \u00e8 un agonista completo a entrambi i recettori cannabinoidi CB1 e CB2, con una leggera preferenza per il recettore CB2. Viene utilizzato in prodotti a base di cannabis sintetica venduti legalmente come &#8220;miscele di incenso&#8221; in alcuni paesi perch\u00e9 ha effetti sugli animali paragonabili a quelli del tetraidrocannabinolo (THC), un cannabinoide che si trova naturalmente nella cannabis. Research Chemicals JWH-200<\/p>\n<p>Usando ratti Wistar a cui era stato somministrato un estratto etanolico contenente JWH-200, \u00e8 stata studiata l&#8217;attivit\u00e0 metabolica del farmaco. Questa \u00e8 stata seguita dall&#8217;estrazione dei metaboliti JWH-200 da campioni di urina delle 24 ore utilizzando la fase di separazione sia liquida che solida. Le sostanze chimiche estratte sono state separate e identificate utilizzando GC-MS. Il segnale principale erano i metaboliti N-dealchilati idrossilati, non JWH-200 o il suo metabolita N-dealchilato. Lo spostamento di massa osservato suggerisce che \u00e8 probabile che i gruppi naftalenici e indolo idrossilici della molecola subiscano idrossilazione. I metaboliti idrossilati erano ampiamente coniugati con il glucuronide nell&#8217;uomo, sebbene l&#8217;anello dell&#8217;indolo e la catena laterale del pentile fossero i siti principali del metabolismo.<\/p>\n<p>Ricerca sull&#8217;utilizzo di sostanze chimiche di JWH-200<\/p>\n<p>I media hanno segnalato almeno un caso di dipendenza da JWH-200. Per otto mesi, l&#8217;utente ha bevuto JWH-018 su base giornaliera. Rispetto agli effetti della dipendenza dalla cannabis, qui i sintomi dell&#8217;astinenza erano pi\u00f9 gravi. Dopo il trattamento, \u00e8 stato dimostrato che JWH-200 genera alterazioni significative nella densit\u00e0 del recettore CB1. Meno rapidamente rispetto ai cannabinoidi comparabili, provoca tolleranza ai suoi effetti.<\/p>\n","protected":false},"excerpt":{"rendered":"<div class=\"woocommerce-product-details__short-description\">\n<p>Acquista la polvere chimica JWH-200\u00a0in vendita nel Regno Unito e in Europa online. (1-(2-morfolin-4-iletil)indol-3-il)-naftalen-1-ilmetanone \u00e8 un altro nome. Vieni a comprare ora!. Abbiamo il miglior metodo di imballaggio e spedizione discreto.<\/p>\n<\/p><\/div>\n","protected":false},"featured_media":5556,"comment_status":"open","ping_status":"closed","template":"","meta":[],"product_brand":[],"product_cat":[2014],"product_tag":[3036,3030,3031,3032,3048,3029,3033,3049,3037,3034,3035,3042,3046,3038,3039,3041,3044,3045,3047,3040,3043],"class_list":{"0":"post-5547","1":"product","2":"type-product","3":"status-publish","4":"has-post-thumbnail","6":"product_cat-compra-ricerca-prodotti-chimici","7":"product_tag-jwh-200-compra","8":"product_tag-buy-jwh-200-chimico","9":"product_tag-compra-jwh-200-online","10":"product_tag-buy-jwh-200-research-chemicals","11":"product_tag-acquisto-jwh-200-ricerca-prodotti-chimici","12":"product_tag-am-2233","13":"product_tag-come-ordinare-jwh-200-online","14":"product_tag-dove-ordinare-jwh-200-prodotti-chimici","15":"product_tag-jwh-200-effetto","16":"product_tag-jw-018","17":"product_tag-jwh-073","18":"product_tag-jwh-200-al-dettaglio","19":"product_tag-jwh-200-allingrosso","20":"product_tag-jwh-200-effetti","21":"product_tag-jwh-200-in-vendita","22":"product_tag-jwh-200-reddit","23":"product_tag-jwh-200-sale","24":"product_tag-jwh-200-sell","25":"product_tag-jwh-250","26":"product_tag-jwh-200-ordine","27":"product_tag-jwh-200-recensione","29":"first","30":"instock","31":"shipping-taxable","32":"purchasable","33":"product-type-variable","34":"has-default-attributes"},"yoast_head":"<!-- This site is optimized with the Yoast SEO plugin v27.3 - https:\/\/yoast.com\/product\/yoast-seo-wordpress\/ -->\n<title>Acquista JWH-200 Chemical - JWH-200 Chemical - I migliori medicinali globali<\/title>\n<meta name=\"description\" content=\"Acquista JWH-200 Polvere chimica in vendita nel Regno Unito, in Europa online. (1-(2-morfolin-4-iletil)indol-3-il)-naftalen-1-ilmetanone \u00e8 un altro nome. Vieni a comprare ora!. Abbiamo il miglior metodo di imballaggio e spedizione discreto.\" \/>\n<meta name=\"robots\" content=\"index, follow, max-snippet:-1, max-image-preview:large, max-video-preview:-1\" \/>\n<link rel=\"canonical\" href=\"https:\/\/medicinasinc.com\/it\/product\/buy-jwh-200-chimico\/\" \/>\n<meta property=\"og:locale\" content=\"it_IT\" \/>\n<meta property=\"og:type\" content=\"article\" \/>\n<meta property=\"og:title\" content=\"Acquista JWH-200 Chemical - JWH-200 Chemical - I migliori medicinali globali\" \/>\n<meta property=\"og:description\" content=\"Acquista JWH-200 Polvere chimica in vendita nel Regno Unito, in Europa online. (1-(2-morfolin-4-iletil)indol-3-il)-naftalen-1-ilmetanone \u00e8 un altro nome. Vieni a comprare ora!. Abbiamo il miglior metodo di imballaggio e spedizione discreto.\" \/>\n<meta property=\"og:url\" content=\"https:\/\/medicinasinc.com\/it\/product\/buy-jwh-200-chimico\/\" \/>\n<meta property=\"og:site_name\" content=\"Medicinas Inc\" \/>\n<meta property=\"article:modified_time\" content=\"2022-03-17T00:12:12+00:00\" \/>\n<meta property=\"og:image\" content=\"https:\/\/medicinasinc.com\/it\/wp-content\/uploads\/sites\/4\/2022\/02\/Buy-JWH-200-Chemical.jpg\" \/>\n\t<meta property=\"og:image:width\" content=\"458\" \/>\n\t<meta property=\"og:image:height\" content=\"458\" \/>\n\t<meta property=\"og:image:type\" content=\"image\/jpeg\" \/>\n<meta name=\"twitter:card\" content=\"summary_large_image\" \/>\n<meta name=\"twitter:label1\" content=\"Tempo di lettura stimato\" \/>\n\t<meta name=\"twitter:data1\" content=\"2 minuti\" \/>\n<script type=\"application\/ld+json\" class=\"yoast-schema-graph\">{\"@context\":\"https:\\\/\\\/schema.org\",\"@graph\":[{\"@type\":\"WebPage\",\"@id\":\"https:\\\/\\\/medicinasinc.com\\\/it\\\/product\\\/buy-jwh-200-chimico\\\/\",\"url\":\"https:\\\/\\\/medicinasinc.com\\\/it\\\/product\\\/buy-jwh-200-chimico\\\/\",\"name\":\"Acquista JWH-200 Chemical - JWH-200 Chemical - I migliori medicinali globali\",\"isPartOf\":{\"@id\":\"https:\\\/\\\/medicinasinc.com\\\/it\\\/#website\"},\"primaryImageOfPage\":{\"@id\":\"https:\\\/\\\/medicinasinc.com\\\/it\\\/product\\\/buy-jwh-200-chimico\\\/#primaryimage\"},\"image\":{\"@id\":\"https:\\\/\\\/medicinasinc.com\\\/it\\\/product\\\/buy-jwh-200-chimico\\\/#primaryimage\"},\"thumbnailUrl\":\"https:\\\/\\\/medicinasinc.com\\\/it\\\/wp-content\\\/uploads\\\/sites\\\/4\\\/2022\\\/02\\\/Buy-JWH-200-Chemical.jpg\",\"datePublished\":\"2022-02-22T01:30:48+00:00\",\"dateModified\":\"2022-03-17T00:12:12+00:00\",\"description\":\"Acquista JWH-200 Polvere chimica in vendita nel Regno Unito, in Europa online. (1-(2-morfolin-4-iletil)indol-3-il)-naftalen-1-ilmetanone \u00e8 un altro nome. Vieni a comprare ora!. Abbiamo il miglior metodo di imballaggio e spedizione discreto.\",\"breadcrumb\":{\"@id\":\"https:\\\/\\\/medicinasinc.com\\\/it\\\/product\\\/buy-jwh-200-chimico\\\/#breadcrumb\"},\"inLanguage\":\"it-IT\",\"potentialAction\":[{\"@type\":\"ReadAction\",\"target\":[\"https:\\\/\\\/medicinasinc.com\\\/it\\\/product\\\/buy-jwh-200-chimico\\\/\"]}]},{\"@type\":\"ImageObject\",\"inLanguage\":\"it-IT\",\"@id\":\"https:\\\/\\\/medicinasinc.com\\\/it\\\/product\\\/buy-jwh-200-chimico\\\/#primaryimage\",\"url\":\"https:\\\/\\\/medicinasinc.com\\\/it\\\/wp-content\\\/uploads\\\/sites\\\/4\\\/2022\\\/02\\\/Buy-JWH-200-Chemical.jpg\",\"contentUrl\":\"https:\\\/\\\/medicinasinc.com\\\/it\\\/wp-content\\\/uploads\\\/sites\\\/4\\\/2022\\\/02\\\/Buy-JWH-200-Chemical.jpg\",\"width\":458,\"height\":458},{\"@type\":\"BreadcrumbList\",\"@id\":\"https:\\\/\\\/medicinasinc.com\\\/it\\\/product\\\/buy-jwh-200-chimico\\\/#breadcrumb\",\"itemListElement\":[{\"@type\":\"ListItem\",\"position\":1,\"name\":\"Negozio\",\"item\":\"https:\\\/\\\/medicinasinc.com\\\/it\\\/negozio\\\/\"},{\"@type\":\"ListItem\",\"position\":2,\"name\":\"Acquista JWH-200 chimica\"}]},{\"@type\":\"WebSite\",\"@id\":\"https:\\\/\\\/medicinasinc.com\\\/it\\\/#website\",\"url\":\"https:\\\/\\\/medicinasinc.com\\\/it\\\/\",\"name\":\"Medicinas Inc\",\"description\":\"Health Medical Clinic\",\"potentialAction\":[{\"@type\":\"SearchAction\",\"target\":{\"@type\":\"EntryPoint\",\"urlTemplate\":\"https:\\\/\\\/medicinasinc.com\\\/it\\\/?s={search_term_string}\"},\"query-input\":{\"@type\":\"PropertyValueSpecification\",\"valueRequired\":true,\"valueName\":\"search_term_string\"}}],\"inLanguage\":\"it-IT\"}]}<\/script>\n<!-- \/ Yoast SEO plugin. -->","yoast_head_json":{"title":"Acquista JWH-200 Chemical - JWH-200 Chemical - I migliori medicinali globali","description":"Acquista JWH-200 Polvere chimica in vendita nel Regno Unito, in Europa online. (1-(2-morfolin-4-iletil)indol-3-il)-naftalen-1-ilmetanone \u00e8 un altro nome. Vieni a comprare ora!. Abbiamo il miglior metodo di imballaggio e spedizione discreto.","robots":{"index":"index","follow":"follow","max-snippet":"max-snippet:-1","max-image-preview":"max-image-preview:large","max-video-preview":"max-video-preview:-1"},"canonical":"https:\/\/medicinasinc.com\/it\/product\/buy-jwh-200-chimico\/","og_locale":"it_IT","og_type":"article","og_title":"Acquista JWH-200 Chemical - JWH-200 Chemical - I migliori medicinali globali","og_description":"Acquista JWH-200 Polvere chimica in vendita nel Regno Unito, in Europa online. (1-(2-morfolin-4-iletil)indol-3-il)-naftalen-1-ilmetanone \u00e8 un altro nome. Vieni a comprare ora!. Abbiamo il miglior metodo di imballaggio e spedizione discreto.","og_url":"https:\/\/medicinasinc.com\/it\/product\/buy-jwh-200-chimico\/","og_site_name":"Medicinas Inc","article_modified_time":"2022-03-17T00:12:12+00:00","og_image":[{"width":458,"height":458,"url":"https:\/\/medicinasinc.com\/it\/wp-content\/uploads\/sites\/4\/2022\/02\/Buy-JWH-200-Chemical.jpg","type":"image\/jpeg"}],"twitter_card":"summary_large_image","twitter_misc":{"Tempo di lettura stimato":"2 minuti"},"schema":{"@context":"https:\/\/schema.org","@graph":[{"@type":"WebPage","@id":"https:\/\/medicinasinc.com\/it\/product\/buy-jwh-200-chimico\/","url":"https:\/\/medicinasinc.com\/it\/product\/buy-jwh-200-chimico\/","name":"Acquista JWH-200 Chemical - JWH-200 Chemical - I migliori medicinali globali","isPartOf":{"@id":"https:\/\/medicinasinc.com\/it\/#website"},"primaryImageOfPage":{"@id":"https:\/\/medicinasinc.com\/it\/product\/buy-jwh-200-chimico\/#primaryimage"},"image":{"@id":"https:\/\/medicinasinc.com\/it\/product\/buy-jwh-200-chimico\/#primaryimage"},"thumbnailUrl":"https:\/\/medicinasinc.com\/it\/wp-content\/uploads\/sites\/4\/2022\/02\/Buy-JWH-200-Chemical.jpg","datePublished":"2022-02-22T01:30:48+00:00","dateModified":"2022-03-17T00:12:12+00:00","description":"Acquista JWH-200 Polvere chimica in vendita nel Regno Unito, in Europa online. (1-(2-morfolin-4-iletil)indol-3-il)-naftalen-1-ilmetanone \u00e8 un altro nome. Vieni a comprare ora!. Abbiamo il miglior metodo di imballaggio e spedizione discreto.","breadcrumb":{"@id":"https:\/\/medicinasinc.com\/it\/product\/buy-jwh-200-chimico\/#breadcrumb"},"inLanguage":"it-IT","potentialAction":[{"@type":"ReadAction","target":["https:\/\/medicinasinc.com\/it\/product\/buy-jwh-200-chimico\/"]}]},{"@type":"ImageObject","inLanguage":"it-IT","@id":"https:\/\/medicinasinc.com\/it\/product\/buy-jwh-200-chimico\/#primaryimage","url":"https:\/\/medicinasinc.com\/it\/wp-content\/uploads\/sites\/4\/2022\/02\/Buy-JWH-200-Chemical.jpg","contentUrl":"https:\/\/medicinasinc.com\/it\/wp-content\/uploads\/sites\/4\/2022\/02\/Buy-JWH-200-Chemical.jpg","width":458,"height":458},{"@type":"BreadcrumbList","@id":"https:\/\/medicinasinc.com\/it\/product\/buy-jwh-200-chimico\/#breadcrumb","itemListElement":[{"@type":"ListItem","position":1,"name":"Negozio","item":"https:\/\/medicinasinc.com\/it\/negozio\/"},{"@type":"ListItem","position":2,"name":"Acquista JWH-200 chimica"}]},{"@type":"WebSite","@id":"https:\/\/medicinasinc.com\/it\/#website","url":"https:\/\/medicinasinc.com\/it\/","name":"Medicinas Inc","description":"Health Medical Clinic","potentialAction":[{"@type":"SearchAction","target":{"@type":"EntryPoint","urlTemplate":"https:\/\/medicinasinc.com\/it\/?s={search_term_string}"},"query-input":{"@type":"PropertyValueSpecification","valueRequired":true,"valueName":"search_term_string"}}],"inLanguage":"it-IT"}]}},"_links":{"self":[{"href":"https:\/\/medicinasinc.com\/it\/wp-json\/wp\/v2\/product\/5547","targetHints":{"allow":["GET"]}}],"collection":[{"href":"https:\/\/medicinasinc.com\/it\/wp-json\/wp\/v2\/product"}],"about":[{"href":"https:\/\/medicinasinc.com\/it\/wp-json\/wp\/v2\/types\/product"}],"replies":[{"embeddable":true,"href":"https:\/\/medicinasinc.com\/it\/wp-json\/wp\/v2\/comments?post=5547"}],"wp:featuredmedia":[{"embeddable":true,"href":"https:\/\/medicinasinc.com\/it\/wp-json\/wp\/v2\/media\/5556"}],"wp:attachment":[{"href":"https:\/\/medicinasinc.com\/it\/wp-json\/wp\/v2\/media?parent=5547"}],"wp:term":[{"taxonomy":"product_brand","embeddable":true,"href":"https:\/\/medicinasinc.com\/it\/wp-json\/wp\/v2\/product_brand?post=5547"},{"taxonomy":"product_cat","embeddable":true,"href":"https:\/\/medicinasinc.com\/it\/wp-json\/wp\/v2\/product_cat?post=5547"},{"taxonomy":"product_tag","embeddable":true,"href":"https:\/\/medicinasinc.com\/it\/wp-json\/wp\/v2\/product_tag?post=5547"}],"curies":[{"name":"wp","href":"https:\/\/api.w.org\/{rel}","templated":true}]}}