{"id":5523,"date":"2022-02-22T01:06:52","date_gmt":"2022-02-22T01:06:52","guid":{"rendered":"https:\/\/medicinasinc.com\/it\/?post_type=product&#038;p=5523"},"modified":"2022-03-17T00:12:21","modified_gmt":"2022-03-17T00:12:21","slug":"buy-hdep-28-romanzo-etilnaftidato","status":"publish","type":"product","link":"https:\/\/medicinasinc.com\/it\/product\/buy-hdep-28-romanzo-etilnaftidato\/","title":{"rendered":"Acquista hdep-28 romanzo etilnaftidato"},"content":{"rendered":"<p>Etilnaftidato HDEP-28 in vendita<\/p>\n<p>Il 3,4-metilendiossi-N-etilcatinone \u00e8 spesso citato come energizzante entactogeno. 1-(1,3-Benzodioxol-5-yl)- 2-(ethylamino)- 1-propanone \u00e8 il nome dato all&#8217;Ethylone. La massa ordinaria di C12H15NO3 \u00e8 221.251999 Da, mentre la massa monoisotopica \u00e8 221.104996 Da. Questa \u00e8 la formula subnucleare. Acquista etilene cinese. L&#8217;etilone \u00e8 una gemma inestimabile che pu\u00f2 essere acquistata. \u00c8 possibile acquistare pietre preziose di etilene. Fornitore di etilone. Ethylone \u00e8 in vendita. sconto Ethylone<\/p>\n<p>ACD\/Labs e ChemAxon hanno collaborato per condurre una valutazione di Ethylone. In termini di propriet\u00e0 previste da ACD\/Labs, hanno trovato quattro accettori di titoli #H, quattro titoli #Freely turning, un record di rifrazione a 1,54 con un fattore di pressatura superficiale di 44,3470001220703dyne\/cm, una motivazione di scoppio di 172,845\u00b0C e una limitazione di 362,188\u00b0C a 760 mmHg.<\/p>\n<p>Questo \u00e8 un evento comune nel software logico e scientifico.<\/p>\n<p>Questo prodotto \u00e8 stato sviluppato nel tentativo di soddisfare i requisiti di ISO17025:2005 e Guide 34:2009.<\/p>\n<p>Puoi contare su di noi per portare a termine il lavoro in modo rapido ed efficiente poich\u00e9 siamo la migliore organizzazione al mondo. I clienti possono aspettarsi da noi solo i migliori prodotti di qualit\u00e0! In un modo che \u00e8 essenzialmente coerente con ci\u00f2 che spesso ci aspettiamo quando acquistiamo qualsiasi cosa<\/p>\n<p>Cos\u00ec possiamo acquistare prodotti della massima qualit\u00e0 ai prezzi pi\u00f9 ragionevoli e possiamo trasferire i risparmi a te!<\/p>\n<p> p&gt; <\/p>\n<p>Di conseguenza, richiediamo a tutti i nostri clienti di GC\/MS i loro articoli al fine di garantire l&#8217;accuratezza e la legalit\u00e0. Poich\u00e9 ci preoccupiamo dei nostri clienti e della loro soddisfazione, conduciamo i nostri test su ogni spedizione per verificare che la qualit\u00e0 delle parti rimanenti sia al 100%.<\/p>\n<p>Il futuro della nostra azienda dipende dalla nostra risposta alla tua richiesta in un modo amichevole, non importa quanto urgente possa essere. Indipendentemente dalla situazione, puoi sempre contare su di noi per fornirti i migliori farmaci e delicati fuochi d&#8217;artificio ai migliori prezzi, il tutto consegnato nel modo pi\u00f9 discreto che si possa immaginare! Se non \u00e8 troppo disturbo, abbi fede e poni la tua richiesta con convinzione!<\/p>\n<p>Grazie alla nostra forza dimostrata, puoi riporre la tua fiducia in noi e continuare a fare affari con noi ogni volta che lo desideri, purch\u00e9 noi sei in giro. La tua caduta non sar\u00e0 tollerata.<\/p>\n<p>Seguire il viaggio del tuo pacco \u00e8 semplice grazie ai numeri di accompagnamento che includiamo con la tua spedizione.<\/p>\n","protected":false},"excerpt":{"rendered":"<p>Acquista etilnaftidato HDEP-28 in vendita nel Regno Unito, in Europa. Acetato di etil 2-(naftalen-2-il)-2-(piperidin-2-il). Chiedi informazioni su hdep-28, il nuovo etilnaftidato.<\/p>\n<p>Acquista hdep-28 Novel Ethylnaphthidate 1 oz su Amazon.com<\/p>\n<p>Ethylnapthidate, o HDEP-28, \u00e8 un sostituto del fenidato proibito serie.<\/p>\n<p>I clienti possono ora acquistare l&#8217;etilnaftidato.<br \/> HDEP-28, noto anche come etilnafidato, \u00e8 destinato ad assumere il ruolo della serie chimica Phenidate appena fuori legge.<br \/> Rispetto a &amp; #8216;Fenidati,&#8217; i clienti che utilizzano questo prodotto in laboratorio dovrebbero aspettarsi uno spettro di risultati simile.<br \/> La IUPAC prevede che i ricercatori troveranno l&#8217;HDEP 28\/etilnafidato un eccellente sostituto dell&#8217;etilfenidato. 2-(naftalen-2-il)-2-(piperidin-2-il)acetato<br \/> N\/A<br \/> Formula C19H23NO2<br \/> Il peso molecolare \u00e8 297,40<\/p>\n","protected":false},"featured_media":5535,"comment_status":"open","ping_status":"closed","template":"","meta":[],"product_brand":[],"product_cat":[2014],"product_tag":[],"class_list":{"0":"post-5523","1":"product","2":"type-product","3":"status-publish","4":"has-post-thumbnail","6":"product_cat-compra-ricerca-prodotti-chimici","8":"first","9":"instock","10":"shipping-taxable","11":"purchasable","12":"product-type-variable","13":"has-default-attributes"},"yoast_head":"<!-- This site is optimized with the Yoast SEO plugin v27.3 - https:\/\/yoast.com\/product\/yoast-seo-wordpress\/ -->\n<title>Acquista hdep-28 romanzo etilnaftidato - I migliori farmaci globali<\/title>\n<meta name=\"description\" content=\"Acquista hdep-28 romanzo etilnaftidato in vendita nel Regno Unito, Europa online. IUPAC: etil 2-(naftalen-2-il)-2-(piperidin-2-il)acetato. Ordina hdep-28 romanzo etilnaftidato\" \/>\n<meta name=\"robots\" content=\"index, follow, max-snippet:-1, max-image-preview:large, max-video-preview:-1\" \/>\n<link rel=\"canonical\" href=\"https:\/\/medicinasinc.com\/it\/product\/buy-hdep-28-romanzo-etilnaftidato\/\" \/>\n<meta property=\"og:locale\" content=\"it_IT\" \/>\n<meta property=\"og:type\" content=\"article\" \/>\n<meta property=\"og:title\" content=\"Acquista hdep-28 romanzo etilnaftidato - I migliori farmaci globali\" \/>\n<meta property=\"og:description\" content=\"Acquista hdep-28 romanzo etilnaftidato in vendita nel Regno Unito, Europa online. IUPAC: etil 2-(naftalen-2-il)-2-(piperidin-2-il)acetato. Ordina hdep-28 romanzo etilnaftidato\" \/>\n<meta property=\"og:url\" content=\"https:\/\/medicinasinc.com\/it\/product\/buy-hdep-28-romanzo-etilnaftidato\/\" \/>\n<meta property=\"og:site_name\" content=\"Medicinas Inc\" \/>\n<meta property=\"article:modified_time\" content=\"2022-03-17T00:12:21+00:00\" \/>\n<meta property=\"og:image\" content=\"https:\/\/medicinasinc.com\/it\/wp-content\/uploads\/sites\/4\/2022\/02\/Buy-hdep-28-Novel-Ethylnaphthidate.jpg\" \/>\n\t<meta property=\"og:image:width\" content=\"600\" \/>\n\t<meta property=\"og:image:height\" content=\"600\" \/>\n\t<meta property=\"og:image:type\" content=\"image\/jpeg\" \/>\n<meta name=\"twitter:card\" content=\"summary_large_image\" \/>\n<meta name=\"twitter:label1\" content=\"Tempo di lettura stimato\" \/>\n\t<meta name=\"twitter:data1\" content=\"2 minuti\" \/>\n<script type=\"application\/ld+json\" class=\"yoast-schema-graph\">{\"@context\":\"https:\\\/\\\/schema.org\",\"@graph\":[{\"@type\":\"WebPage\",\"@id\":\"https:\\\/\\\/medicinasinc.com\\\/it\\\/product\\\/buy-hdep-28-romanzo-etilnaftidato\\\/\",\"url\":\"https:\\\/\\\/medicinasinc.com\\\/it\\\/product\\\/buy-hdep-28-romanzo-etilnaftidato\\\/\",\"name\":\"Acquista hdep-28 romanzo etilnaftidato - I migliori farmaci globali\",\"isPartOf\":{\"@id\":\"https:\\\/\\\/medicinasinc.com\\\/it\\\/#website\"},\"primaryImageOfPage\":{\"@id\":\"https:\\\/\\\/medicinasinc.com\\\/it\\\/product\\\/buy-hdep-28-romanzo-etilnaftidato\\\/#primaryimage\"},\"image\":{\"@id\":\"https:\\\/\\\/medicinasinc.com\\\/it\\\/product\\\/buy-hdep-28-romanzo-etilnaftidato\\\/#primaryimage\"},\"thumbnailUrl\":\"https:\\\/\\\/medicinasinc.com\\\/it\\\/wp-content\\\/uploads\\\/sites\\\/4\\\/2022\\\/02\\\/Buy-hdep-28-Novel-Ethylnaphthidate.jpg\",\"datePublished\":\"2022-02-22T01:06:52+00:00\",\"dateModified\":\"2022-03-17T00:12:21+00:00\",\"description\":\"Acquista hdep-28 romanzo etilnaftidato in vendita nel Regno Unito, Europa online. IUPAC: etil 2-(naftalen-2-il)-2-(piperidin-2-il)acetato. Ordina hdep-28 romanzo etilnaftidato\",\"breadcrumb\":{\"@id\":\"https:\\\/\\\/medicinasinc.com\\\/it\\\/product\\\/buy-hdep-28-romanzo-etilnaftidato\\\/#breadcrumb\"},\"inLanguage\":\"it-IT\",\"potentialAction\":[{\"@type\":\"ReadAction\",\"target\":[\"https:\\\/\\\/medicinasinc.com\\\/it\\\/product\\\/buy-hdep-28-romanzo-etilnaftidato\\\/\"]}]},{\"@type\":\"ImageObject\",\"inLanguage\":\"it-IT\",\"@id\":\"https:\\\/\\\/medicinasinc.com\\\/it\\\/product\\\/buy-hdep-28-romanzo-etilnaftidato\\\/#primaryimage\",\"url\":\"https:\\\/\\\/medicinasinc.com\\\/it\\\/wp-content\\\/uploads\\\/sites\\\/4\\\/2022\\\/02\\\/Buy-hdep-28-Novel-Ethylnaphthidate.jpg\",\"contentUrl\":\"https:\\\/\\\/medicinasinc.com\\\/it\\\/wp-content\\\/uploads\\\/sites\\\/4\\\/2022\\\/02\\\/Buy-hdep-28-Novel-Ethylnaphthidate.jpg\",\"width\":600,\"height\":600},{\"@type\":\"BreadcrumbList\",\"@id\":\"https:\\\/\\\/medicinasinc.com\\\/it\\\/product\\\/buy-hdep-28-romanzo-etilnaftidato\\\/#breadcrumb\",\"itemListElement\":[{\"@type\":\"ListItem\",\"position\":1,\"name\":\"Negozio\",\"item\":\"https:\\\/\\\/medicinasinc.com\\\/it\\\/negozio\\\/\"},{\"@type\":\"ListItem\",\"position\":2,\"name\":\"Acquista hdep-28 romanzo etilnaftidato\"}]},{\"@type\":\"WebSite\",\"@id\":\"https:\\\/\\\/medicinasinc.com\\\/it\\\/#website\",\"url\":\"https:\\\/\\\/medicinasinc.com\\\/it\\\/\",\"name\":\"Medicinas Inc\",\"description\":\"Health Medical Clinic\",\"potentialAction\":[{\"@type\":\"SearchAction\",\"target\":{\"@type\":\"EntryPoint\",\"urlTemplate\":\"https:\\\/\\\/medicinasinc.com\\\/it\\\/?s={search_term_string}\"},\"query-input\":{\"@type\":\"PropertyValueSpecification\",\"valueRequired\":true,\"valueName\":\"search_term_string\"}}],\"inLanguage\":\"it-IT\"}]}<\/script>\n<!-- \/ Yoast SEO plugin. -->","yoast_head_json":{"title":"Acquista hdep-28 romanzo etilnaftidato - I migliori farmaci globali","description":"Acquista hdep-28 romanzo etilnaftidato in vendita nel Regno Unito, Europa online. IUPAC: etil 2-(naftalen-2-il)-2-(piperidin-2-il)acetato. Ordina hdep-28 romanzo etilnaftidato","robots":{"index":"index","follow":"follow","max-snippet":"max-snippet:-1","max-image-preview":"max-image-preview:large","max-video-preview":"max-video-preview:-1"},"canonical":"https:\/\/medicinasinc.com\/it\/product\/buy-hdep-28-romanzo-etilnaftidato\/","og_locale":"it_IT","og_type":"article","og_title":"Acquista hdep-28 romanzo etilnaftidato - I migliori farmaci globali","og_description":"Acquista hdep-28 romanzo etilnaftidato in vendita nel Regno Unito, Europa online. IUPAC: etil 2-(naftalen-2-il)-2-(piperidin-2-il)acetato. Ordina hdep-28 romanzo etilnaftidato","og_url":"https:\/\/medicinasinc.com\/it\/product\/buy-hdep-28-romanzo-etilnaftidato\/","og_site_name":"Medicinas Inc","article_modified_time":"2022-03-17T00:12:21+00:00","og_image":[{"width":600,"height":600,"url":"https:\/\/medicinasinc.com\/it\/wp-content\/uploads\/sites\/4\/2022\/02\/Buy-hdep-28-Novel-Ethylnaphthidate.jpg","type":"image\/jpeg"}],"twitter_card":"summary_large_image","twitter_misc":{"Tempo di lettura stimato":"2 minuti"},"schema":{"@context":"https:\/\/schema.org","@graph":[{"@type":"WebPage","@id":"https:\/\/medicinasinc.com\/it\/product\/buy-hdep-28-romanzo-etilnaftidato\/","url":"https:\/\/medicinasinc.com\/it\/product\/buy-hdep-28-romanzo-etilnaftidato\/","name":"Acquista hdep-28 romanzo etilnaftidato - I migliori farmaci globali","isPartOf":{"@id":"https:\/\/medicinasinc.com\/it\/#website"},"primaryImageOfPage":{"@id":"https:\/\/medicinasinc.com\/it\/product\/buy-hdep-28-romanzo-etilnaftidato\/#primaryimage"},"image":{"@id":"https:\/\/medicinasinc.com\/it\/product\/buy-hdep-28-romanzo-etilnaftidato\/#primaryimage"},"thumbnailUrl":"https:\/\/medicinasinc.com\/it\/wp-content\/uploads\/sites\/4\/2022\/02\/Buy-hdep-28-Novel-Ethylnaphthidate.jpg","datePublished":"2022-02-22T01:06:52+00:00","dateModified":"2022-03-17T00:12:21+00:00","description":"Acquista hdep-28 romanzo etilnaftidato in vendita nel Regno Unito, Europa online. IUPAC: etil 2-(naftalen-2-il)-2-(piperidin-2-il)acetato. Ordina hdep-28 romanzo etilnaftidato","breadcrumb":{"@id":"https:\/\/medicinasinc.com\/it\/product\/buy-hdep-28-romanzo-etilnaftidato\/#breadcrumb"},"inLanguage":"it-IT","potentialAction":[{"@type":"ReadAction","target":["https:\/\/medicinasinc.com\/it\/product\/buy-hdep-28-romanzo-etilnaftidato\/"]}]},{"@type":"ImageObject","inLanguage":"it-IT","@id":"https:\/\/medicinasinc.com\/it\/product\/buy-hdep-28-romanzo-etilnaftidato\/#primaryimage","url":"https:\/\/medicinasinc.com\/it\/wp-content\/uploads\/sites\/4\/2022\/02\/Buy-hdep-28-Novel-Ethylnaphthidate.jpg","contentUrl":"https:\/\/medicinasinc.com\/it\/wp-content\/uploads\/sites\/4\/2022\/02\/Buy-hdep-28-Novel-Ethylnaphthidate.jpg","width":600,"height":600},{"@type":"BreadcrumbList","@id":"https:\/\/medicinasinc.com\/it\/product\/buy-hdep-28-romanzo-etilnaftidato\/#breadcrumb","itemListElement":[{"@type":"ListItem","position":1,"name":"Negozio","item":"https:\/\/medicinasinc.com\/it\/negozio\/"},{"@type":"ListItem","position":2,"name":"Acquista hdep-28 romanzo etilnaftidato"}]},{"@type":"WebSite","@id":"https:\/\/medicinasinc.com\/it\/#website","url":"https:\/\/medicinasinc.com\/it\/","name":"Medicinas Inc","description":"Health Medical Clinic","potentialAction":[{"@type":"SearchAction","target":{"@type":"EntryPoint","urlTemplate":"https:\/\/medicinasinc.com\/it\/?s={search_term_string}"},"query-input":{"@type":"PropertyValueSpecification","valueRequired":true,"valueName":"search_term_string"}}],"inLanguage":"it-IT"}]}},"_links":{"self":[{"href":"https:\/\/medicinasinc.com\/it\/wp-json\/wp\/v2\/product\/5523","targetHints":{"allow":["GET"]}}],"collection":[{"href":"https:\/\/medicinasinc.com\/it\/wp-json\/wp\/v2\/product"}],"about":[{"href":"https:\/\/medicinasinc.com\/it\/wp-json\/wp\/v2\/types\/product"}],"replies":[{"embeddable":true,"href":"https:\/\/medicinasinc.com\/it\/wp-json\/wp\/v2\/comments?post=5523"}],"wp:featuredmedia":[{"embeddable":true,"href":"https:\/\/medicinasinc.com\/it\/wp-json\/wp\/v2\/media\/5535"}],"wp:attachment":[{"href":"https:\/\/medicinasinc.com\/it\/wp-json\/wp\/v2\/media?parent=5523"}],"wp:term":[{"taxonomy":"product_brand","embeddable":true,"href":"https:\/\/medicinasinc.com\/it\/wp-json\/wp\/v2\/product_brand?post=5523"},{"taxonomy":"product_cat","embeddable":true,"href":"https:\/\/medicinasinc.com\/it\/wp-json\/wp\/v2\/product_cat?post=5523"},{"taxonomy":"product_tag","embeddable":true,"href":"https:\/\/medicinasinc.com\/it\/wp-json\/wp\/v2\/product_tag?post=5523"}],"curies":[{"name":"wp","href":"https:\/\/api.w.org\/{rel}","templated":true}]}}