{"id":5522,"date":"2022-02-22T01:05:36","date_gmt":"2022-02-22T01:05:36","guid":{"rendered":"https:\/\/medicinasinc.com\/it\/?post_type=product&#038;p=5522"},"modified":"2022-03-17T00:12:30","modified_gmt":"2022-03-17T00:12:30","slug":"buy-fub-akb48-polvere","status":"publish","type":"product","link":"https:\/\/medicinasinc.com\/it\/product\/buy-fub-akb48-polvere\/","title":{"rendered":"Acquista Fub Akb48 in polvere"},"content":{"rendered":"<p>Pure Fub Akb48 in polvere da acquistare<\/p>\n<p>Se vuoi saperne di pi\u00f9 sugli effetti di FUB-AKB48 (noto anche come AFUBINACA o FUB-APINACA) sul recettore CB1, questo \u00e8 il sintetico cannabinoide per te.<\/p>\n<p>Per la formula chimica, usa quanto segue: C25H26FN3O.<br \/> Nella nomenclatura IUPAC: N-[(4-fluorofenil)metil]-1-adamantan-1-il<br \/> -1H-indazolo<br \/> -3-carbossammide<br \/> Aspetto:<br \/> Purezza:<\/p>\n","protected":false},"excerpt":{"rendered":"<p>Paga con Bitcoin per la consegna di polvere FUB-AKB48 in Europa. Acquista la polvere FUB-AKB48 in Europa da un fornitore del Regno Unito a basso prezzo. Un negozio di polveri FUB-AKB48 europeo, dove puoi ottenere polvere FUB-AKB48 con una purezza del 99%.<\/p>\n<p>Acquisisci 1 oz. di Pure Fub Akb48 Polvere da noi oggi! L&#8217;erba falsa \u00e8 un indolo che \u00e8 stato impiegato nella creazione di farmaci ed \u00e8 ora disponibile per la vendita con componenti attivi combinati di marijuana sintetica.<\/p>\n<p>Con Bitcoin, puoi ottenere online polvere FUB-AKB48 pura e di alta qualit\u00e0, poich\u00e9 oltre a farmaci legali, prodotti chimici di ricerca e polveri medicinali grezze.<\/p>\n","protected":false},"featured_media":5533,"comment_status":"open","ping_status":"closed","template":"","meta":[],"product_brand":[],"product_cat":[2596],"product_tag":[3013,3014,3016,3028,3020,3017,3015,3023,3018,3019,3022,3021,3024,3025,3027,3026],"class_list":{"0":"post-5522","1":"product","2":"type-product","3":"status-publish","4":"has-post-thumbnail","6":"product_cat-cannabinoidi-in-vendita","7":"product_tag-buy-fub-akb48-eu","8":"product_tag-buy-fub-akb48-polvere","9":"product_tag-fub-akb48-effetto","10":"product_tag-fub-akb48-allingrosso","11":"product_tag-fub-akb48-effetto-polvere","12":"product_tag-fub-akb48-for-sale","13":"product_tag-fub-akb48-fornitore-di-cina","14":"product_tag-fub-akb48-ordine-polvere","15":"product_tag-fub-akb48-polvere","16":"product_tag-fub-akb48-polvere-acquista","17":"product_tag-fub-akb48-polvere-in-linea","18":"product_tag-fub-akb48-polvere-in-vendita","19":"product_tag-fub-akb48-rendering-in-polvere","20":"product_tag-fub-akb48-rendering","21":"product_tag-fub-akb48-spedizione","22":"product_tag-under-akb48-recensione","24":"first","25":"instock","26":"shipping-taxable","27":"purchasable","28":"product-type-variable","29":"has-default-attributes"},"yoast_head":"<!-- This site is optimized with the Yoast SEO plugin v27.3 - https:\/\/yoast.com\/product\/yoast-seo-wordpress\/ -->\n<title>Acquista Fub Akb48 in polvere - Fub Akb48 online - I migliori medicinali globali<\/title>\n<meta name=\"description\" content=\"Acquista polvere FUB-AKB48 in vendita spedizione UE, pagamento Bitcoin. Fornitore di polvere FUB-AKB48 economico nel Regno Unito: acquista prodotti chimici di ricerca in Europa. FUB-AKB48 Polveriera in Europa\" \/>\n<meta name=\"robots\" content=\"index, follow, max-snippet:-1, max-image-preview:large, max-video-preview:-1\" \/>\n<link rel=\"canonical\" href=\"https:\/\/medicinasinc.com\/it\/product\/buy-fub-akb48-polvere\/\" \/>\n<meta property=\"og:locale\" content=\"it_IT\" \/>\n<meta property=\"og:type\" content=\"article\" \/>\n<meta property=\"og:title\" content=\"Acquista Fub Akb48 in polvere - Fub Akb48 online - I migliori medicinali globali\" \/>\n<meta property=\"og:description\" content=\"Acquista polvere FUB-AKB48 in vendita spedizione UE, pagamento Bitcoin. Fornitore di polvere FUB-AKB48 economico nel Regno Unito: acquista prodotti chimici di ricerca in Europa. FUB-AKB48 Polveriera in Europa\" \/>\n<meta property=\"og:url\" content=\"https:\/\/medicinasinc.com\/it\/product\/buy-fub-akb48-polvere\/\" \/>\n<meta property=\"og:site_name\" content=\"Medicinas Inc\" \/>\n<meta property=\"article:modified_time\" content=\"2022-03-17T00:12:30+00:00\" \/>\n<meta property=\"og:image\" content=\"https:\/\/medicinasinc.com\/it\/wp-content\/uploads\/sites\/4\/2022\/02\/Buy-Fub-Akb48-Powder.jpeg\" \/>\n\t<meta property=\"og:image:width\" content=\"800\" \/>\n\t<meta property=\"og:image:height\" content=\"438\" \/>\n\t<meta property=\"og:image:type\" content=\"image\/jpeg\" \/>\n<meta name=\"twitter:card\" content=\"summary_large_image\" \/>\n<meta name=\"twitter:label1\" content=\"Tempo di lettura stimato\" \/>\n\t<meta name=\"twitter:data1\" content=\"1 minuto\" \/>\n<script type=\"application\/ld+json\" class=\"yoast-schema-graph\">{\"@context\":\"https:\\\/\\\/schema.org\",\"@graph\":[{\"@type\":\"WebPage\",\"@id\":\"https:\\\/\\\/medicinasinc.com\\\/it\\\/product\\\/buy-fub-akb48-polvere\\\/\",\"url\":\"https:\\\/\\\/medicinasinc.com\\\/it\\\/product\\\/buy-fub-akb48-polvere\\\/\",\"name\":\"Acquista Fub Akb48 in polvere - Fub Akb48 online - I migliori medicinali globali\",\"isPartOf\":{\"@id\":\"https:\\\/\\\/medicinasinc.com\\\/it\\\/#website\"},\"primaryImageOfPage\":{\"@id\":\"https:\\\/\\\/medicinasinc.com\\\/it\\\/product\\\/buy-fub-akb48-polvere\\\/#primaryimage\"},\"image\":{\"@id\":\"https:\\\/\\\/medicinasinc.com\\\/it\\\/product\\\/buy-fub-akb48-polvere\\\/#primaryimage\"},\"thumbnailUrl\":\"https:\\\/\\\/medicinasinc.com\\\/it\\\/wp-content\\\/uploads\\\/sites\\\/4\\\/2022\\\/02\\\/Buy-Fub-Akb48-Powder.jpeg\",\"datePublished\":\"2022-02-22T01:05:36+00:00\",\"dateModified\":\"2022-03-17T00:12:30+00:00\",\"description\":\"Acquista polvere FUB-AKB48 in vendita spedizione UE, pagamento Bitcoin. Fornitore di polvere FUB-AKB48 economico nel Regno Unito: acquista prodotti chimici di ricerca in Europa. FUB-AKB48 Polveriera in Europa\",\"breadcrumb\":{\"@id\":\"https:\\\/\\\/medicinasinc.com\\\/it\\\/product\\\/buy-fub-akb48-polvere\\\/#breadcrumb\"},\"inLanguage\":\"it-IT\",\"potentialAction\":[{\"@type\":\"ReadAction\",\"target\":[\"https:\\\/\\\/medicinasinc.com\\\/it\\\/product\\\/buy-fub-akb48-polvere\\\/\"]}]},{\"@type\":\"ImageObject\",\"inLanguage\":\"it-IT\",\"@id\":\"https:\\\/\\\/medicinasinc.com\\\/it\\\/product\\\/buy-fub-akb48-polvere\\\/#primaryimage\",\"url\":\"https:\\\/\\\/medicinasinc.com\\\/it\\\/wp-content\\\/uploads\\\/sites\\\/4\\\/2022\\\/02\\\/Buy-Fub-Akb48-Powder.jpeg\",\"contentUrl\":\"https:\\\/\\\/medicinasinc.com\\\/it\\\/wp-content\\\/uploads\\\/sites\\\/4\\\/2022\\\/02\\\/Buy-Fub-Akb48-Powder.jpeg\",\"width\":800,\"height\":438},{\"@type\":\"BreadcrumbList\",\"@id\":\"https:\\\/\\\/medicinasinc.com\\\/it\\\/product\\\/buy-fub-akb48-polvere\\\/#breadcrumb\",\"itemListElement\":[{\"@type\":\"ListItem\",\"position\":1,\"name\":\"Negozio\",\"item\":\"https:\\\/\\\/medicinasinc.com\\\/it\\\/negozio\\\/\"},{\"@type\":\"ListItem\",\"position\":2,\"name\":\"Acquista Fub Akb48 in polvere\"}]},{\"@type\":\"WebSite\",\"@id\":\"https:\\\/\\\/medicinasinc.com\\\/it\\\/#website\",\"url\":\"https:\\\/\\\/medicinasinc.com\\\/it\\\/\",\"name\":\"Medicinas Inc\",\"description\":\"Health Medical Clinic\",\"potentialAction\":[{\"@type\":\"SearchAction\",\"target\":{\"@type\":\"EntryPoint\",\"urlTemplate\":\"https:\\\/\\\/medicinasinc.com\\\/it\\\/?s={search_term_string}\"},\"query-input\":{\"@type\":\"PropertyValueSpecification\",\"valueRequired\":true,\"valueName\":\"search_term_string\"}}],\"inLanguage\":\"it-IT\"}]}<\/script>\n<!-- \/ Yoast SEO plugin. -->","yoast_head_json":{"title":"Acquista Fub Akb48 in polvere - Fub Akb48 online - I migliori medicinali globali","description":"Acquista polvere FUB-AKB48 in vendita spedizione UE, pagamento Bitcoin. Fornitore di polvere FUB-AKB48 economico nel Regno Unito: acquista prodotti chimici di ricerca in Europa. FUB-AKB48 Polveriera in Europa","robots":{"index":"index","follow":"follow","max-snippet":"max-snippet:-1","max-image-preview":"max-image-preview:large","max-video-preview":"max-video-preview:-1"},"canonical":"https:\/\/medicinasinc.com\/it\/product\/buy-fub-akb48-polvere\/","og_locale":"it_IT","og_type":"article","og_title":"Acquista Fub Akb48 in polvere - Fub Akb48 online - I migliori medicinali globali","og_description":"Acquista polvere FUB-AKB48 in vendita spedizione UE, pagamento Bitcoin. Fornitore di polvere FUB-AKB48 economico nel Regno Unito: acquista prodotti chimici di ricerca in Europa. FUB-AKB48 Polveriera in Europa","og_url":"https:\/\/medicinasinc.com\/it\/product\/buy-fub-akb48-polvere\/","og_site_name":"Medicinas Inc","article_modified_time":"2022-03-17T00:12:30+00:00","og_image":[{"width":800,"height":438,"url":"https:\/\/medicinasinc.com\/it\/wp-content\/uploads\/sites\/4\/2022\/02\/Buy-Fub-Akb48-Powder.jpeg","type":"image\/jpeg"}],"twitter_card":"summary_large_image","twitter_misc":{"Tempo di lettura stimato":"1 minuto"},"schema":{"@context":"https:\/\/schema.org","@graph":[{"@type":"WebPage","@id":"https:\/\/medicinasinc.com\/it\/product\/buy-fub-akb48-polvere\/","url":"https:\/\/medicinasinc.com\/it\/product\/buy-fub-akb48-polvere\/","name":"Acquista Fub Akb48 in polvere - Fub Akb48 online - I migliori medicinali globali","isPartOf":{"@id":"https:\/\/medicinasinc.com\/it\/#website"},"primaryImageOfPage":{"@id":"https:\/\/medicinasinc.com\/it\/product\/buy-fub-akb48-polvere\/#primaryimage"},"image":{"@id":"https:\/\/medicinasinc.com\/it\/product\/buy-fub-akb48-polvere\/#primaryimage"},"thumbnailUrl":"https:\/\/medicinasinc.com\/it\/wp-content\/uploads\/sites\/4\/2022\/02\/Buy-Fub-Akb48-Powder.jpeg","datePublished":"2022-02-22T01:05:36+00:00","dateModified":"2022-03-17T00:12:30+00:00","description":"Acquista polvere FUB-AKB48 in vendita spedizione UE, pagamento Bitcoin. Fornitore di polvere FUB-AKB48 economico nel Regno Unito: acquista prodotti chimici di ricerca in Europa. FUB-AKB48 Polveriera in Europa","breadcrumb":{"@id":"https:\/\/medicinasinc.com\/it\/product\/buy-fub-akb48-polvere\/#breadcrumb"},"inLanguage":"it-IT","potentialAction":[{"@type":"ReadAction","target":["https:\/\/medicinasinc.com\/it\/product\/buy-fub-akb48-polvere\/"]}]},{"@type":"ImageObject","inLanguage":"it-IT","@id":"https:\/\/medicinasinc.com\/it\/product\/buy-fub-akb48-polvere\/#primaryimage","url":"https:\/\/medicinasinc.com\/it\/wp-content\/uploads\/sites\/4\/2022\/02\/Buy-Fub-Akb48-Powder.jpeg","contentUrl":"https:\/\/medicinasinc.com\/it\/wp-content\/uploads\/sites\/4\/2022\/02\/Buy-Fub-Akb48-Powder.jpeg","width":800,"height":438},{"@type":"BreadcrumbList","@id":"https:\/\/medicinasinc.com\/it\/product\/buy-fub-akb48-polvere\/#breadcrumb","itemListElement":[{"@type":"ListItem","position":1,"name":"Negozio","item":"https:\/\/medicinasinc.com\/it\/negozio\/"},{"@type":"ListItem","position":2,"name":"Acquista Fub Akb48 in polvere"}]},{"@type":"WebSite","@id":"https:\/\/medicinasinc.com\/it\/#website","url":"https:\/\/medicinasinc.com\/it\/","name":"Medicinas Inc","description":"Health Medical Clinic","potentialAction":[{"@type":"SearchAction","target":{"@type":"EntryPoint","urlTemplate":"https:\/\/medicinasinc.com\/it\/?s={search_term_string}"},"query-input":{"@type":"PropertyValueSpecification","valueRequired":true,"valueName":"search_term_string"}}],"inLanguage":"it-IT"}]}},"_links":{"self":[{"href":"https:\/\/medicinasinc.com\/it\/wp-json\/wp\/v2\/product\/5522","targetHints":{"allow":["GET"]}}],"collection":[{"href":"https:\/\/medicinasinc.com\/it\/wp-json\/wp\/v2\/product"}],"about":[{"href":"https:\/\/medicinasinc.com\/it\/wp-json\/wp\/v2\/types\/product"}],"replies":[{"embeddable":true,"href":"https:\/\/medicinasinc.com\/it\/wp-json\/wp\/v2\/comments?post=5522"}],"wp:featuredmedia":[{"embeddable":true,"href":"https:\/\/medicinasinc.com\/it\/wp-json\/wp\/v2\/media\/5533"}],"wp:attachment":[{"href":"https:\/\/medicinasinc.com\/it\/wp-json\/wp\/v2\/media?parent=5522"}],"wp:term":[{"taxonomy":"product_brand","embeddable":true,"href":"https:\/\/medicinasinc.com\/it\/wp-json\/wp\/v2\/product_brand?post=5522"},{"taxonomy":"product_cat","embeddable":true,"href":"https:\/\/medicinasinc.com\/it\/wp-json\/wp\/v2\/product_cat?post=5522"},{"taxonomy":"product_tag","embeddable":true,"href":"https:\/\/medicinasinc.com\/it\/wp-json\/wp\/v2\/product_tag?post=5522"}],"curies":[{"name":"wp","href":"https:\/\/api.w.org\/{rel}","templated":true}]}}