{"id":5521,"date":"2022-02-22T01:04:16","date_gmt":"2022-02-22T01:04:16","guid":{"rendered":"https:\/\/medicinasinc.com\/it\/?post_type=product&#038;p=5521"},"modified":"2022-03-17T00:12:45","modified_gmt":"2022-03-17T00:12:45","slug":"comprare-flubromazepam-4mg-pellets","status":"publish","type":"product","link":"https:\/\/medicinasinc.com\/it\/product\/comprare-flubromazepam-4mg-pellets\/","title":{"rendered":"Acquista pellet di Flubromazepam 4mg"},"content":{"rendered":"<p>PELLET FLUBROMAZEPAM 4MG CONVENIENTI CONSEGNATI NELL&#8217;UE<\/p>\n<p>I pellet Flubromazepam 4mg sono disponibili per l&#8217;acquisto in Europa in questa sede.<\/p>\n<p>Puoi utilizzare Bitcoin per pagare i pellet Flubromazepam 4 mg. <\/p>\n<p>Il Flubromazepam derivato dalle benzodiazepine \u00e8 il primo del suo genere. 7-Bromo-5-(2-fluorofenil)-1,3-diidro-1,4-benzodiazepin-2-one \u00e8 il nome chimico completo. Questo farmaco \u00e8 strutturalmente simile al bromazepam, un sedativo, ansiogeno e coadiuvante del sonno noto anche come benzodiazepina.<\/p>\n<p>Un aspetto simile a una pallina arancione indica la presenza di 7-bromo-5-(2 -fluorofenil)-1,3-diidro-1,4 benzodiazepin-2-one.<\/p>\n<p>I pellet di Flubromazepam da 4 mg possono essere acquistati online utilizzando un indirizzo Bitcoin.<\/p>\n<p>I pellet da 4 mg di Flubromazepam per Vendita<\/p>\n<p>&nbsp;<\/p>\n<p>I pellet di flubromazepam 4mg possono essere acquistati su Internet.<br \/> A cosa serve il flubromazepam?<\/p>\n<p>Un derivato delle benzodiazepine, il flubromazepam ha esiste dal 1960, quando fu prodotto per la prima volta. Fino al 2012, quando ha iniziato a essere promosso come materiale per esami, non era mai stato pubblicizzato come medicinale e molti se ne erano dimenticati fino al 2012. La formula del flubromazepam \u00e8 praticamente identica a quella del fenazepam, un&#8217;altra benzodiazepina resa popolare dalle aziende farmaceutiche in diversi paesi.<\/p>\n","protected":false},"excerpt":{"rendered":"<div class=\"woocommerce-product-details__short-description\">\n<p>Acquista pellet Flubromazepam 4mg in vendita EU, Regno Unito, Europa spedizione, pagamento Bitcoin. Fornitore di pellet economici Flubromazepam 4mg &#8211; acquista prodotti chimici di ricerca in Europa.<\/p>\n<p><em>Acquista Flubromazepam<\/em>\u00a0(<em>4mg<\/em>)\u00a0<em>Pellet<\/em>\u00a0al miglior prezzo. Garantiamo una spedizione sicura e protetta in tutto il mondo.<\/p>\n<p>Acquista online i pellet di Flubromazepam 4mg. Il flubromazepam \u00e8 in vendita sotto forma di pellet da 4 mg, di colore giallo brillante, una tonalit\u00e0 di giallo leggermente diversa dall&#8217;attuale lotto di Pyrazolam attualmente disponibile negli Stati Uniti.<\/p>\n<\/p><\/div>\n","protected":false},"featured_media":5531,"comment_status":"open","ping_status":"closed","template":"","meta":[],"product_brand":[],"product_cat":[2014],"product_tag":[2998,2999,3012,3004,3000,3001,3002,3010,3005,3006,3008,3009,3007,3011,3003],"class_list":{"0":"post-5521","1":"product","2":"type-product","3":"status-publish","4":"has-post-thumbnail","6":"product_cat-compra-ricerca-prodotti-chimici","7":"product_tag-buy-flubromazepam","8":"product_tag-comprare-flubromazepam-pellets","9":"product_tag-dove-acquistare-i-pellet-di-flubromazepam","10":"product_tag-effetto-flubromazepam","11":"product_tag-flubromazepam","12":"product_tag-flubromazepam-4-mg","13":"product_tag-flubromazepam-4mg","14":"product_tag-qualit-flubromazepam-4mg","15":"product_tag-flubromazepam-europa-acquista","16":"product_tag-flubromazepam-google","17":"product_tag-flubromazepam-reddit","18":"product_tag-order-flubromazepam","19":"product_tag-pellet-di-flubromazepam","20":"product_tag-spedizione-flubromazepam-4mg-pallet","21":"product_tag-flubromazepam-4mg-in-vendita","23":"first","24":"instock","25":"shipping-taxable","26":"purchasable","27":"product-type-variable","28":"has-default-attributes"},"yoast_head":"<!-- This site is optimized with the Yoast SEO plugin v27.3 - https:\/\/yoast.com\/product\/yoast-seo-wordpress\/ -->\n<title>Acquista i pellet di Flubromazepam 4mg - I migliori farmaci globali migliori<\/title>\n<meta name=\"description\" content=\"Acquista Flubromazepam 4mg Pellets in vendita EU, UK, Europe shipping, Bitcoin payment. Fornitore economico di pellet di Flubromazepam 4mg - acquista prodotti chimici di ricerca in Europa.\" \/>\n<meta name=\"robots\" content=\"index, follow, max-snippet:-1, max-image-preview:large, max-video-preview:-1\" \/>\n<link rel=\"canonical\" href=\"https:\/\/medicinasinc.com\/it\/product\/comprare-flubromazepam-4mg-pellets\/\" \/>\n<meta property=\"og:locale\" content=\"it_IT\" \/>\n<meta property=\"og:type\" content=\"article\" \/>\n<meta property=\"og:title\" content=\"Acquista i pellet di Flubromazepam 4mg - I migliori farmaci globali migliori\" \/>\n<meta property=\"og:description\" content=\"Acquista Flubromazepam 4mg Pellets in vendita EU, UK, Europe shipping, Bitcoin payment. Fornitore economico di pellet di Flubromazepam 4mg - acquista prodotti chimici di ricerca in Europa.\" \/>\n<meta property=\"og:url\" content=\"https:\/\/medicinasinc.com\/it\/product\/comprare-flubromazepam-4mg-pellets\/\" \/>\n<meta property=\"og:site_name\" content=\"Medicinas Inc\" \/>\n<meta property=\"article:modified_time\" content=\"2022-03-17T00:12:45+00:00\" \/>\n<meta property=\"og:image\" content=\"https:\/\/medicinasinc.com\/it\/wp-content\/uploads\/sites\/4\/2022\/02\/Buy-Flubromazepam-4mg-Pellets-1.jpg\" \/>\n\t<meta property=\"og:image:width\" content=\"350\" \/>\n\t<meta property=\"og:image:height\" content=\"350\" \/>\n\t<meta property=\"og:image:type\" content=\"image\/jpeg\" \/>\n<meta name=\"twitter:card\" content=\"summary_large_image\" \/>\n<meta name=\"twitter:label1\" content=\"Tempo di lettura stimato\" \/>\n\t<meta name=\"twitter:data1\" content=\"1 minuto\" \/>\n<script type=\"application\/ld+json\" class=\"yoast-schema-graph\">{\"@context\":\"https:\\\/\\\/schema.org\",\"@graph\":[{\"@type\":\"WebPage\",\"@id\":\"https:\\\/\\\/medicinasinc.com\\\/it\\\/product\\\/comprare-flubromazepam-4mg-pellets\\\/\",\"url\":\"https:\\\/\\\/medicinasinc.com\\\/it\\\/product\\\/comprare-flubromazepam-4mg-pellets\\\/\",\"name\":\"Acquista i pellet di Flubromazepam 4mg - I migliori farmaci globali migliori\",\"isPartOf\":{\"@id\":\"https:\\\/\\\/medicinasinc.com\\\/it\\\/#website\"},\"primaryImageOfPage\":{\"@id\":\"https:\\\/\\\/medicinasinc.com\\\/it\\\/product\\\/comprare-flubromazepam-4mg-pellets\\\/#primaryimage\"},\"image\":{\"@id\":\"https:\\\/\\\/medicinasinc.com\\\/it\\\/product\\\/comprare-flubromazepam-4mg-pellets\\\/#primaryimage\"},\"thumbnailUrl\":\"https:\\\/\\\/medicinasinc.com\\\/it\\\/wp-content\\\/uploads\\\/sites\\\/4\\\/2022\\\/02\\\/Buy-Flubromazepam-4mg-Pellets-1.jpg\",\"datePublished\":\"2022-02-22T01:04:16+00:00\",\"dateModified\":\"2022-03-17T00:12:45+00:00\",\"description\":\"Acquista Flubromazepam 4mg Pellets in vendita EU, UK, Europe shipping, Bitcoin payment. Fornitore economico di pellet di Flubromazepam 4mg - acquista prodotti chimici di ricerca in Europa.\",\"breadcrumb\":{\"@id\":\"https:\\\/\\\/medicinasinc.com\\\/it\\\/product\\\/comprare-flubromazepam-4mg-pellets\\\/#breadcrumb\"},\"inLanguage\":\"it-IT\",\"potentialAction\":[{\"@type\":\"ReadAction\",\"target\":[\"https:\\\/\\\/medicinasinc.com\\\/it\\\/product\\\/comprare-flubromazepam-4mg-pellets\\\/\"]}]},{\"@type\":\"ImageObject\",\"inLanguage\":\"it-IT\",\"@id\":\"https:\\\/\\\/medicinasinc.com\\\/it\\\/product\\\/comprare-flubromazepam-4mg-pellets\\\/#primaryimage\",\"url\":\"https:\\\/\\\/medicinasinc.com\\\/it\\\/wp-content\\\/uploads\\\/sites\\\/4\\\/2022\\\/02\\\/Buy-Flubromazepam-4mg-Pellets-1.jpg\",\"contentUrl\":\"https:\\\/\\\/medicinasinc.com\\\/it\\\/wp-content\\\/uploads\\\/sites\\\/4\\\/2022\\\/02\\\/Buy-Flubromazepam-4mg-Pellets-1.jpg\",\"width\":350,\"height\":350},{\"@type\":\"BreadcrumbList\",\"@id\":\"https:\\\/\\\/medicinasinc.com\\\/it\\\/product\\\/comprare-flubromazepam-4mg-pellets\\\/#breadcrumb\",\"itemListElement\":[{\"@type\":\"ListItem\",\"position\":1,\"name\":\"Negozio\",\"item\":\"https:\\\/\\\/medicinasinc.com\\\/it\\\/negozio\\\/\"},{\"@type\":\"ListItem\",\"position\":2,\"name\":\"Acquista pellet di Flubromazepam 4mg\"}]},{\"@type\":\"WebSite\",\"@id\":\"https:\\\/\\\/medicinasinc.com\\\/it\\\/#website\",\"url\":\"https:\\\/\\\/medicinasinc.com\\\/it\\\/\",\"name\":\"Medicinas Inc\",\"description\":\"Health Medical Clinic\",\"potentialAction\":[{\"@type\":\"SearchAction\",\"target\":{\"@type\":\"EntryPoint\",\"urlTemplate\":\"https:\\\/\\\/medicinasinc.com\\\/it\\\/?s={search_term_string}\"},\"query-input\":{\"@type\":\"PropertyValueSpecification\",\"valueRequired\":true,\"valueName\":\"search_term_string\"}}],\"inLanguage\":\"it-IT\"}]}<\/script>\n<!-- \/ Yoast SEO plugin. -->","yoast_head_json":{"title":"Acquista i pellet di Flubromazepam 4mg - I migliori farmaci globali migliori","description":"Acquista Flubromazepam 4mg Pellets in vendita EU, UK, Europe shipping, Bitcoin payment. Fornitore economico di pellet di Flubromazepam 4mg - acquista prodotti chimici di ricerca in Europa.","robots":{"index":"index","follow":"follow","max-snippet":"max-snippet:-1","max-image-preview":"max-image-preview:large","max-video-preview":"max-video-preview:-1"},"canonical":"https:\/\/medicinasinc.com\/it\/product\/comprare-flubromazepam-4mg-pellets\/","og_locale":"it_IT","og_type":"article","og_title":"Acquista i pellet di Flubromazepam 4mg - I migliori farmaci globali migliori","og_description":"Acquista Flubromazepam 4mg Pellets in vendita EU, UK, Europe shipping, Bitcoin payment. Fornitore economico di pellet di Flubromazepam 4mg - acquista prodotti chimici di ricerca in Europa.","og_url":"https:\/\/medicinasinc.com\/it\/product\/comprare-flubromazepam-4mg-pellets\/","og_site_name":"Medicinas Inc","article_modified_time":"2022-03-17T00:12:45+00:00","og_image":[{"width":350,"height":350,"url":"https:\/\/medicinasinc.com\/it\/wp-content\/uploads\/sites\/4\/2022\/02\/Buy-Flubromazepam-4mg-Pellets-1.jpg","type":"image\/jpeg"}],"twitter_card":"summary_large_image","twitter_misc":{"Tempo di lettura stimato":"1 minuto"},"schema":{"@context":"https:\/\/schema.org","@graph":[{"@type":"WebPage","@id":"https:\/\/medicinasinc.com\/it\/product\/comprare-flubromazepam-4mg-pellets\/","url":"https:\/\/medicinasinc.com\/it\/product\/comprare-flubromazepam-4mg-pellets\/","name":"Acquista i pellet di Flubromazepam 4mg - I migliori farmaci globali migliori","isPartOf":{"@id":"https:\/\/medicinasinc.com\/it\/#website"},"primaryImageOfPage":{"@id":"https:\/\/medicinasinc.com\/it\/product\/comprare-flubromazepam-4mg-pellets\/#primaryimage"},"image":{"@id":"https:\/\/medicinasinc.com\/it\/product\/comprare-flubromazepam-4mg-pellets\/#primaryimage"},"thumbnailUrl":"https:\/\/medicinasinc.com\/it\/wp-content\/uploads\/sites\/4\/2022\/02\/Buy-Flubromazepam-4mg-Pellets-1.jpg","datePublished":"2022-02-22T01:04:16+00:00","dateModified":"2022-03-17T00:12:45+00:00","description":"Acquista Flubromazepam 4mg Pellets in vendita EU, UK, Europe shipping, Bitcoin payment. Fornitore economico di pellet di Flubromazepam 4mg - acquista prodotti chimici di ricerca in Europa.","breadcrumb":{"@id":"https:\/\/medicinasinc.com\/it\/product\/comprare-flubromazepam-4mg-pellets\/#breadcrumb"},"inLanguage":"it-IT","potentialAction":[{"@type":"ReadAction","target":["https:\/\/medicinasinc.com\/it\/product\/comprare-flubromazepam-4mg-pellets\/"]}]},{"@type":"ImageObject","inLanguage":"it-IT","@id":"https:\/\/medicinasinc.com\/it\/product\/comprare-flubromazepam-4mg-pellets\/#primaryimage","url":"https:\/\/medicinasinc.com\/it\/wp-content\/uploads\/sites\/4\/2022\/02\/Buy-Flubromazepam-4mg-Pellets-1.jpg","contentUrl":"https:\/\/medicinasinc.com\/it\/wp-content\/uploads\/sites\/4\/2022\/02\/Buy-Flubromazepam-4mg-Pellets-1.jpg","width":350,"height":350},{"@type":"BreadcrumbList","@id":"https:\/\/medicinasinc.com\/it\/product\/comprare-flubromazepam-4mg-pellets\/#breadcrumb","itemListElement":[{"@type":"ListItem","position":1,"name":"Negozio","item":"https:\/\/medicinasinc.com\/it\/negozio\/"},{"@type":"ListItem","position":2,"name":"Acquista pellet di Flubromazepam 4mg"}]},{"@type":"WebSite","@id":"https:\/\/medicinasinc.com\/it\/#website","url":"https:\/\/medicinasinc.com\/it\/","name":"Medicinas Inc","description":"Health Medical Clinic","potentialAction":[{"@type":"SearchAction","target":{"@type":"EntryPoint","urlTemplate":"https:\/\/medicinasinc.com\/it\/?s={search_term_string}"},"query-input":{"@type":"PropertyValueSpecification","valueRequired":true,"valueName":"search_term_string"}}],"inLanguage":"it-IT"}]}},"_links":{"self":[{"href":"https:\/\/medicinasinc.com\/it\/wp-json\/wp\/v2\/product\/5521","targetHints":{"allow":["GET"]}}],"collection":[{"href":"https:\/\/medicinasinc.com\/it\/wp-json\/wp\/v2\/product"}],"about":[{"href":"https:\/\/medicinasinc.com\/it\/wp-json\/wp\/v2\/types\/product"}],"replies":[{"embeddable":true,"href":"https:\/\/medicinasinc.com\/it\/wp-json\/wp\/v2\/comments?post=5521"}],"wp:featuredmedia":[{"embeddable":true,"href":"https:\/\/medicinasinc.com\/it\/wp-json\/wp\/v2\/media\/5531"}],"wp:attachment":[{"href":"https:\/\/medicinasinc.com\/it\/wp-json\/wp\/v2\/media?parent=5521"}],"wp:term":[{"taxonomy":"product_brand","embeddable":true,"href":"https:\/\/medicinasinc.com\/it\/wp-json\/wp\/v2\/product_brand?post=5521"},{"taxonomy":"product_cat","embeddable":true,"href":"https:\/\/medicinasinc.com\/it\/wp-json\/wp\/v2\/product_cat?post=5521"},{"taxonomy":"product_tag","embeddable":true,"href":"https:\/\/medicinasinc.com\/it\/wp-json\/wp\/v2\/product_tag?post=5521"}],"curies":[{"name":"wp","href":"https:\/\/api.w.org\/{rel}","templated":true}]}}