{"id":5520,"date":"2022-02-22T01:02:44","date_gmt":"2022-02-22T01:02:44","guid":{"rendered":"https:\/\/medicinasinc.com\/it\/?post_type=product&#038;p=5520"},"modified":"2022-03-17T00:12:53","modified_gmt":"2022-03-17T00:12:53","slug":"comprare-fentanil-compresse","status":"publish","type":"product","link":"https:\/\/medicinasinc.com\/it\/product\/comprare-fentanil-compresse\/","title":{"rendered":"Acquista le compresse di fentanil"},"content":{"rendered":"<p>Fentanyl Pills, noto anche come fentanil, \u00e8 un antidolorifico oppioide sintetico altamente potente con una breve durata d&#8217;azione e una rapida insorgenza. I recettori degli oppioidi sono fortemente stimolati da questo farmaco. Si dice che la potenza del fentanil sia 50-100 volte maggiore di quella della morfina.<\/p>\n<p>Formate nel 1960, le pillole di fentanil di Paul Janssen hanno avuto un successo immediato, seguendo le orme della petidina di Demerol. Il fentanil \u00e8 stato creato testando analoghi della sostanza attiva oppioide petidina, che \u00e8 strutturalmente legata al fentanil.<\/p>\n<p>Fentonico citrato (fentanil citrato, che \u00e8 il sale generato mescolando fentanil e acido citrico con un rapporto 1:1 ratio) ha colpito il mercato medicale all&#8217;inizio degli anni &#8217;60 con il nome commerciale Sublimaze per il suo ampio uso. Sufentanil, alfentanil, remifentanil e lofentanil sono solo alcuni dei numerosi analoghi del fentanil che da allora sono stati creati e utilizzati clinicamente.<\/p>\n<p>Pillole contenenti fentanil L&#8217;uso palliativo del fentanil \u00e8 iniziato a met\u00e0 degli anni &#8217;90 con il sviluppo del cerotto di fentanil, che \u00e8 stato rapidamente seguito da pastiglie di fentanil, compresse dissolventi e spray sublinguale, che vengono tutti assorbiti attraverso la superficie della bocca. Il fentanil era l&#8217;oppioide sintetico pi\u00f9 comunemente prescritto negli Stati Uniti nel 2012. In tutto il mondo, si stima che nel 2013 siano stati consumati 1700 kg di plastica.<\/p>\n<p>L&#8217;uso ricreativo del fentanil ha provocato migliaia di morti per overdose per anno. Anche l&#8217;uso medico inappropriato ha portato a decessi. A causa del suo alto indice terapeutico (270), il fentanil \u00e8 un anestetico chirurgico molto sicuro se somministrato sotto stretto controllo; ma, a causa della sua straordinaria forza, sono necessarie misurazioni precise di una soluzione estremamente diluita.<\/p>\n<p>una dose efficace e una dose letale di fentanil in polvere sarebbe difficile o impossibile da distinguere ad occhio nudo se fossero poste accanto a l&#8217;un l&#8217;altro; questo \u00e8 il motivo per cui non \u00e8 pratico quantificare con precisione una dose di polvere di fentanil puro senza moderne apparecchiature scientifiche.<\/p>\n<p>Ordina ora online pillole, polvere, cerotti e liquidi di fentanil!<\/p>\n<div class=\"product -next-previous\">\n<div class=\"product-prev\"><\/div><\/div>\n","protected":false},"excerpt":{"rendered":"<p>La nostra attivit\u00e0 online vende compresse di Fentanyl in vendita nel Regno Unito, nell&#8217;UE e in Europa con spedizioni rapide in tutto il mondo! Qui troverai il miglior Fentanyl per l&#8217;acquisto online!<\/p>\n<p>Acquista le pillole di Fentanyl online nel Regno Unito, in Europa e nel resto del mondo con una consegna internazionale veloce dalla nostra farmacia online oggi! Qui troverai il miglior Fentanyl per l&#8217;acquisto online! Informarsi su dove acquistare le compresse di fentanil.<\/p>\n<p>Pillole contenenti fentanil Il cerotto di fentanil \u00e8 stato offerto per la prima volta per uso palliativo a met\u00e0 degli anni &#8217;90 e il lecca-lecca di fentanil, le pillole dissolventi e lo spray sublinguale sono stati tutti rilasciati nei seguenti decade attraverso l&#8217;assorbimento attraverso la pelle all&#8217;interno della bocca.<\/p>\n","protected":false},"featured_media":5529,"comment_status":"open","ping_status":"closed","template":"","meta":[],"product_brand":[],"product_cat":[2014],"product_tag":[2841,2976,2974,2993,2843,2973,2994,2975,2978,2979,2984,2988,2977,2997,2980,2995,2981,2982,2983,2850,2996,2989,2992,2991,2990,2987,2985,2986],"class_list":{"0":"post-5520","1":"product","2":"type-product","3":"status-publish","4":"has-post-thumbnail","6":"product_cat-compra-ricerca-prodotti-chimici","7":"product_tag-comprare-fentanil-online","8":"product_tag-comprare-fentanil-online-uk","9":"product_tag-comprare-fentanil-liquido-online","10":"product_tag-acquisto-fentanil-liquido-online","11":"product_tag-comprare-fentanil-polvere-online","12":"product_tag-comprare-fentanil-citrato-online","13":"product_tag-acquisto-fentanil-online","14":"product_tag-comprare-fentanil-senza-prescrizione","15":"product_tag-buying-fentanyl-online","16":"product_tag-carfentanil-in-vendita","17":"product_tag-fentanil-cerotto-farmacia-online","18":"product_tag-come-acquistare-liquido-fentanil-online","19":"product_tag-comprare-fentanil-polvere","20":"product_tag-dove-acquistare-fentanil-liquido-online","21":"product_tag-fentanil-acquisto-online","22":"product_tag-puro-fentanil","23":"product_tag-fentanyl-for-sale","24":"product_tag-fentanyl-for-sale-online","25":"product_tag-fentanil-liquido-in-vendita","26":"product_tag-fentanyl-powder-for-sale","27":"product_tag-il-miglior-posto-per-comprare-fentanil-liquido-online","28":"product_tag-opiate-research-chemicals-for-sale","29":"product_tag-order-fentanyl-patches-online","30":"product_tag-ordine-fentanil-online","31":"product_tag-ordine-fentanil-liquido-online","32":"product_tag-prezzo-della-polvere-di-fentanil","33":"product_tag-cerotti-fentanil-in-vendita","34":"product_tag-fentanil-pillole-in-vendita","36":"first","37":"instock","38":"shipping-taxable","39":"purchasable","40":"product-type-variable","41":"has-default-attributes"},"yoast_head":"<!-- This site is optimized with the Yoast SEO plugin v27.3 - https:\/\/yoast.com\/product\/yoast-seo-wordpress\/ -->\n<title>Acquista compresse di fentanil - Pillole di fentanil - Best Global Meds<\/title>\n<meta name=\"description\" content=\"Acquista le compresse di Fentanyl in vendita nel Regno Unito, nell&#039;UE Europa nel nostro negozio online con consegna rapida in tutto il mondo! Il miglior Fentanyl per l&#039;ordinazione lo trovi qui!\" \/>\n<meta name=\"robots\" content=\"index, follow, max-snippet:-1, max-image-preview:large, max-video-preview:-1\" \/>\n<link rel=\"canonical\" href=\"https:\/\/medicinasinc.com\/it\/product\/comprare-fentanil-compresse\/\" \/>\n<meta property=\"og:locale\" content=\"it_IT\" \/>\n<meta property=\"og:type\" content=\"article\" \/>\n<meta property=\"og:title\" content=\"Acquista compresse di fentanil - Pillole di fentanil - Best Global Meds\" \/>\n<meta property=\"og:description\" content=\"Acquista le compresse di Fentanyl in vendita nel Regno Unito, nell&#039;UE Europa nel nostro negozio online con consegna rapida in tutto il mondo! Il miglior Fentanyl per l&#039;ordinazione lo trovi qui!\" \/>\n<meta property=\"og:url\" content=\"https:\/\/medicinasinc.com\/it\/product\/comprare-fentanil-compresse\/\" \/>\n<meta property=\"og:site_name\" content=\"Medicinas Inc\" \/>\n<meta property=\"article:modified_time\" content=\"2022-03-17T00:12:53+00:00\" \/>\n<meta property=\"og:image\" content=\"https:\/\/medicinasinc.com\/it\/wp-content\/uploads\/sites\/4\/2022\/02\/Buy-Fentanyl-Tablets.jpg\" \/>\n\t<meta property=\"og:image:width\" content=\"600\" \/>\n\t<meta property=\"og:image:height\" content=\"600\" \/>\n\t<meta property=\"og:image:type\" content=\"image\/jpeg\" \/>\n<meta name=\"twitter:card\" content=\"summary_large_image\" \/>\n<meta name=\"twitter:label1\" content=\"Tempo di lettura stimato\" \/>\n\t<meta name=\"twitter:data1\" content=\"2 minuti\" \/>\n<script type=\"application\/ld+json\" class=\"yoast-schema-graph\">{\"@context\":\"https:\\\/\\\/schema.org\",\"@graph\":[{\"@type\":\"WebPage\",\"@id\":\"https:\\\/\\\/medicinasinc.com\\\/it\\\/product\\\/comprare-fentanil-compresse\\\/\",\"url\":\"https:\\\/\\\/medicinasinc.com\\\/it\\\/product\\\/comprare-fentanil-compresse\\\/\",\"name\":\"Acquista compresse di fentanil - Pillole di fentanil - Best Global Meds\",\"isPartOf\":{\"@id\":\"https:\\\/\\\/medicinasinc.com\\\/it\\\/#website\"},\"primaryImageOfPage\":{\"@id\":\"https:\\\/\\\/medicinasinc.com\\\/it\\\/product\\\/comprare-fentanil-compresse\\\/#primaryimage\"},\"image\":{\"@id\":\"https:\\\/\\\/medicinasinc.com\\\/it\\\/product\\\/comprare-fentanil-compresse\\\/#primaryimage\"},\"thumbnailUrl\":\"https:\\\/\\\/medicinasinc.com\\\/it\\\/wp-content\\\/uploads\\\/sites\\\/4\\\/2022\\\/02\\\/Buy-Fentanyl-Tablets.jpg\",\"datePublished\":\"2022-02-22T01:02:44+00:00\",\"dateModified\":\"2022-03-17T00:12:53+00:00\",\"description\":\"Acquista le compresse di Fentanyl in vendita nel Regno Unito, nell'UE Europa nel nostro negozio online con consegna rapida in tutto il mondo! Il miglior Fentanyl per l'ordinazione lo trovi qui!\",\"breadcrumb\":{\"@id\":\"https:\\\/\\\/medicinasinc.com\\\/it\\\/product\\\/comprare-fentanil-compresse\\\/#breadcrumb\"},\"inLanguage\":\"it-IT\",\"potentialAction\":[{\"@type\":\"ReadAction\",\"target\":[\"https:\\\/\\\/medicinasinc.com\\\/it\\\/product\\\/comprare-fentanil-compresse\\\/\"]}]},{\"@type\":\"ImageObject\",\"inLanguage\":\"it-IT\",\"@id\":\"https:\\\/\\\/medicinasinc.com\\\/it\\\/product\\\/comprare-fentanil-compresse\\\/#primaryimage\",\"url\":\"https:\\\/\\\/medicinasinc.com\\\/it\\\/wp-content\\\/uploads\\\/sites\\\/4\\\/2022\\\/02\\\/Buy-Fentanyl-Tablets.jpg\",\"contentUrl\":\"https:\\\/\\\/medicinasinc.com\\\/it\\\/wp-content\\\/uploads\\\/sites\\\/4\\\/2022\\\/02\\\/Buy-Fentanyl-Tablets.jpg\",\"width\":600,\"height\":600},{\"@type\":\"BreadcrumbList\",\"@id\":\"https:\\\/\\\/medicinasinc.com\\\/it\\\/product\\\/comprare-fentanil-compresse\\\/#breadcrumb\",\"itemListElement\":[{\"@type\":\"ListItem\",\"position\":1,\"name\":\"Negozio\",\"item\":\"https:\\\/\\\/medicinasinc.com\\\/it\\\/negozio\\\/\"},{\"@type\":\"ListItem\",\"position\":2,\"name\":\"Acquista le compresse di fentanil\"}]},{\"@type\":\"WebSite\",\"@id\":\"https:\\\/\\\/medicinasinc.com\\\/it\\\/#website\",\"url\":\"https:\\\/\\\/medicinasinc.com\\\/it\\\/\",\"name\":\"Medicinas Inc\",\"description\":\"Health Medical Clinic\",\"potentialAction\":[{\"@type\":\"SearchAction\",\"target\":{\"@type\":\"EntryPoint\",\"urlTemplate\":\"https:\\\/\\\/medicinasinc.com\\\/it\\\/?s={search_term_string}\"},\"query-input\":{\"@type\":\"PropertyValueSpecification\",\"valueRequired\":true,\"valueName\":\"search_term_string\"}}],\"inLanguage\":\"it-IT\"}]}<\/script>\n<!-- \/ Yoast SEO plugin. -->","yoast_head_json":{"title":"Acquista compresse di fentanil - Pillole di fentanil - Best Global Meds","description":"Acquista le compresse di Fentanyl in vendita nel Regno Unito, nell'UE Europa nel nostro negozio online con consegna rapida in tutto il mondo! Il miglior Fentanyl per l'ordinazione lo trovi qui!","robots":{"index":"index","follow":"follow","max-snippet":"max-snippet:-1","max-image-preview":"max-image-preview:large","max-video-preview":"max-video-preview:-1"},"canonical":"https:\/\/medicinasinc.com\/it\/product\/comprare-fentanil-compresse\/","og_locale":"it_IT","og_type":"article","og_title":"Acquista compresse di fentanil - Pillole di fentanil - Best Global Meds","og_description":"Acquista le compresse di Fentanyl in vendita nel Regno Unito, nell'UE Europa nel nostro negozio online con consegna rapida in tutto il mondo! Il miglior Fentanyl per l'ordinazione lo trovi qui!","og_url":"https:\/\/medicinasinc.com\/it\/product\/comprare-fentanil-compresse\/","og_site_name":"Medicinas Inc","article_modified_time":"2022-03-17T00:12:53+00:00","og_image":[{"width":600,"height":600,"url":"https:\/\/medicinasinc.com\/it\/wp-content\/uploads\/sites\/4\/2022\/02\/Buy-Fentanyl-Tablets.jpg","type":"image\/jpeg"}],"twitter_card":"summary_large_image","twitter_misc":{"Tempo di lettura stimato":"2 minuti"},"schema":{"@context":"https:\/\/schema.org","@graph":[{"@type":"WebPage","@id":"https:\/\/medicinasinc.com\/it\/product\/comprare-fentanil-compresse\/","url":"https:\/\/medicinasinc.com\/it\/product\/comprare-fentanil-compresse\/","name":"Acquista compresse di fentanil - Pillole di fentanil - Best Global Meds","isPartOf":{"@id":"https:\/\/medicinasinc.com\/it\/#website"},"primaryImageOfPage":{"@id":"https:\/\/medicinasinc.com\/it\/product\/comprare-fentanil-compresse\/#primaryimage"},"image":{"@id":"https:\/\/medicinasinc.com\/it\/product\/comprare-fentanil-compresse\/#primaryimage"},"thumbnailUrl":"https:\/\/medicinasinc.com\/it\/wp-content\/uploads\/sites\/4\/2022\/02\/Buy-Fentanyl-Tablets.jpg","datePublished":"2022-02-22T01:02:44+00:00","dateModified":"2022-03-17T00:12:53+00:00","description":"Acquista le compresse di Fentanyl in vendita nel Regno Unito, nell'UE Europa nel nostro negozio online con consegna rapida in tutto il mondo! Il miglior Fentanyl per l'ordinazione lo trovi qui!","breadcrumb":{"@id":"https:\/\/medicinasinc.com\/it\/product\/comprare-fentanil-compresse\/#breadcrumb"},"inLanguage":"it-IT","potentialAction":[{"@type":"ReadAction","target":["https:\/\/medicinasinc.com\/it\/product\/comprare-fentanil-compresse\/"]}]},{"@type":"ImageObject","inLanguage":"it-IT","@id":"https:\/\/medicinasinc.com\/it\/product\/comprare-fentanil-compresse\/#primaryimage","url":"https:\/\/medicinasinc.com\/it\/wp-content\/uploads\/sites\/4\/2022\/02\/Buy-Fentanyl-Tablets.jpg","contentUrl":"https:\/\/medicinasinc.com\/it\/wp-content\/uploads\/sites\/4\/2022\/02\/Buy-Fentanyl-Tablets.jpg","width":600,"height":600},{"@type":"BreadcrumbList","@id":"https:\/\/medicinasinc.com\/it\/product\/comprare-fentanil-compresse\/#breadcrumb","itemListElement":[{"@type":"ListItem","position":1,"name":"Negozio","item":"https:\/\/medicinasinc.com\/it\/negozio\/"},{"@type":"ListItem","position":2,"name":"Acquista le compresse di fentanil"}]},{"@type":"WebSite","@id":"https:\/\/medicinasinc.com\/it\/#website","url":"https:\/\/medicinasinc.com\/it\/","name":"Medicinas Inc","description":"Health Medical Clinic","potentialAction":[{"@type":"SearchAction","target":{"@type":"EntryPoint","urlTemplate":"https:\/\/medicinasinc.com\/it\/?s={search_term_string}"},"query-input":{"@type":"PropertyValueSpecification","valueRequired":true,"valueName":"search_term_string"}}],"inLanguage":"it-IT"}]}},"_links":{"self":[{"href":"https:\/\/medicinasinc.com\/it\/wp-json\/wp\/v2\/product\/5520","targetHints":{"allow":["GET"]}}],"collection":[{"href":"https:\/\/medicinasinc.com\/it\/wp-json\/wp\/v2\/product"}],"about":[{"href":"https:\/\/medicinasinc.com\/it\/wp-json\/wp\/v2\/types\/product"}],"replies":[{"embeddable":true,"href":"https:\/\/medicinasinc.com\/it\/wp-json\/wp\/v2\/comments?post=5520"}],"wp:featuredmedia":[{"embeddable":true,"href":"https:\/\/medicinasinc.com\/it\/wp-json\/wp\/v2\/media\/5529"}],"wp:attachment":[{"href":"https:\/\/medicinasinc.com\/it\/wp-json\/wp\/v2\/media?parent=5520"}],"wp:term":[{"taxonomy":"product_brand","embeddable":true,"href":"https:\/\/medicinasinc.com\/it\/wp-json\/wp\/v2\/product_brand?post=5520"},{"taxonomy":"product_cat","embeddable":true,"href":"https:\/\/medicinasinc.com\/it\/wp-json\/wp\/v2\/product_cat?post=5520"},{"taxonomy":"product_tag","embeddable":true,"href":"https:\/\/medicinasinc.com\/it\/wp-json\/wp\/v2\/product_tag?post=5520"}],"curies":[{"name":"wp","href":"https:\/\/api.w.org\/{rel}","templated":true}]}}