{"id":5497,"date":"2022-02-22T00:36:43","date_gmt":"2022-02-22T00:36:43","guid":{"rendered":"https:\/\/medicinasinc.com\/it\/?post_type=product&#038;p=5497"},"modified":"2022-08-04T08:36:39","modified_gmt":"2022-08-04T08:36:39","slug":"comprare-etizolam-polvere","status":"publish","type":"product","link":"https:\/\/medicinasinc.com\/it\/product\/comprare-etizolam-polvere\/","title":{"rendered":"Acquista Etizolam in polvere"},"content":{"rendered":"<p>Chimica di Etizolam<\/p>\n<p>Il nome chimico di Etizolam \u00e8 &#8220;4-(2-clorofenil)-2-etil-9-metil-6H-tieno[3,2-f][1,2,4] triazolo[4,3-a][1,4]diazepina.&#8221; Il peso molecolare di questo farmaco \u00e8 stato determinato in 342,07 g\/mol e la sua purezza \u00e8 stata stimata pari o superiore al 99,5% nelle sue forme pi\u00f9 fini. La molecola di questo farmaco ha dimostrato di essere stabile per almeno due o tre anni a temperatura ambiente o tra 20\u00b0C e 25\u00b0C, che \u00e8 la temperatura di conservazione raccomandata. Nonostante il suo status di sostanza chimica di ricerca, i medici hanno prescritto Etizolam per il trattamento di pazienti ansiosi.<\/p>\n<p>Le origini e lo sviluppo di Etizolam<\/p>\n<p>Una sostanza chimica di ricerca grigia, l&#8217;etizolam ha debuttato nel 2011 come un il-sedativo da banco. Grazie al suo costo contenuto, all&#8217;ampia selezione di prodotti e alle numerose applicazioni, \u00e8 diventata successivamente una scelta popolare per molte persone. Non si sa da dove provenga la formula, tuttavia \u00e8 stata legata alla ricerca degli anni &#8217;90.<\/p>\n<p>Per curare ci\u00f2 che ti affligge, potrebbe essere prescritto Etizolam.<\/p>\n<p>Antidepressivo Quando viene somministrato Etizolam, \u00e8 noto che si verificano effetti rilassanti muscolari e anti-ansia, ed \u00e8 stato prescritto per uso medico in tali casi. Sebbene questo effetto non si manifesti in tutti gli utilizzatori, il medicinale ha il potenziale per aumentare la fame. Il sollievo dallo stress e la riorganizzazione della memoria sono altri due usi ben documentati di questo farmaco. Per motivi ricreativi, \u00e8 noto che la droga provoca effetti come l&#8217;aumento dell&#8217;ego, la repressione emotiva e un accresciuto senso di sobriet\u00e0, tra le altre cose. Le persone lo hanno anche usato per scopi ricreativi.<\/p>\n<p>Cosa fa l&#8217;etizolam al tuo corpo<\/p>\n<p>Un&#8217;ampia variet\u00e0 di persone, dagli scienziati al pubblico in generale, hanno utilizzato il medicinale. Quando viene utilizzato, il farmaco ha una variet\u00e0 di effetti sul corpo, sulla mente e sulle percezioni di se stessi. Il farmaco ti fa sentire debole e incapace di regolare il tuo corpo. C&#8217;\u00e8 un aumento della capacit\u00e0 della persona di respirare liberamente, cos\u00ec come la felicit\u00e0 fisica. Anche la sonnolenza e la privazione del sonno possono verificarsi come effetti collaterali del medicinale. Inoltre, la sostanza ha un impatto cognitivo poich\u00e9 influisce sulla capacit\u00e0 dell&#8217;organismo di completare le operazioni regolari, interferendo con il funzionamento del nervo motorio. La regione dell&#8217;ippocampo del cervello pu\u00f2 essere colpita, il che pu\u00f2 portare alla perdita di memoria a breve termine.<\/p>\n<p>Il medicinale riduce anche la motivazione e i livelli di energia e ha anche un effetto sulla capacit\u00e0 del cervello di comprendere i pensieri .<\/p>\n<p>La tossicit\u00e0 pu\u00f2 anche essere causata dalla presenza di contaminanti nel medicinale.<\/p>\n<p>Etizolam: dosaggio raccomandato ed effetti avversi nella pratica clinica<\/p>\n<p>Da 0,2 mg a 5 mg, le opzioni di dosaggio del farmaco sono di ampia portata. Le dosi leggere del farmaco sono comprese tra 0,2 mg e 1 mg, mentre la quantit\u00e0 pi\u00f9 comunemente prescritta \u00e8 compresa tra 1 e 2 mg. Una dose alta \u00e8 quella che supera o \u00e8 uguale a 5 milligrammi.<\/p>\n<p>Di conseguenza, molte persone finiscono per assumere una dose pi\u00f9 alta per sperimentare l&#8217;intero spettro di effetti favorevoli per cui il medicinale \u00e8 stato elencato . Una dose pi\u00f9 alta pu\u00f2 avere una gamma pi\u00f9 ampia di effetti, ma ha anche effetti collaterali pi\u00f9 pericolosi, come gravi danni o morte nelle circostanze pi\u00f9 estreme.<\/p>\n<p>\u00c8 legale assumere Etizolam<\/p>\n<p>Nonostante la sua classificazione come sostanza controllata e programmata, la produzione, la fornitura e il possesso del farmaco non sono vietati nella maggior parte dei paesi.<\/p>\n<p>Sapete dove acquistare Etizolam in polvere?<\/p>\n<p>Per laboratori, farmacie, istituti di ricerca e persone, il nostro negozio di farmaci online offre FUB di alta qualit\u00e0 &#8211; AKB48 a un prezzo equo.<\/p>\n","protected":false},"excerpt":{"rendered":"<div class=\"woocommerce-product-details__short-description\">\n<p>Acquista Etizolam in polvere in vendita nel Regno Unito, nell&#8217;UE, in Europa\u00a0disponibile al prezzo pi\u00f9 basso. La polvere di etizolam \u00e8 usata come medicinale per trattare l&#8217;ansia, l&#8217;insonnia e gli attacchi di panico.<\/p>\n<p>La polvere di etizolam pu\u00f2 essere acquistata online. Dove acquistare Etizolam in polvere online?<\/p>\n<p>Etizolam in polvere di altissima qualit\u00e0 \u00e8 disponibile su medicinasinc.com, la farmacia online pi\u00f9 affidabile.<\/p>\n<p>Oltre a Etizolam, altri marchi per esso includono Etilaam ed Etizest. Etizolam \u00e8 un analogo sintetico di design della tienodiazepina che ha propriet\u00e0 depressive paragonabili alle benzodiazepine in termini di riduzione dell&#8217;ansia, stress e promozione del rilassamento muscolare. Oltre a compresse, polvere e soluzioni, \u00e8 una popolare sostanza chimica di ricerca.<\/p>\n<\/div>\n","protected":false},"featured_media":5509,"comment_status":"open","ping_status":"closed","template":"","meta":[],"product_brand":[],"product_cat":[2014],"product_tag":[2898,2913,2905,2908,2910,2912,2909,2906,2903,2907,2901,2911,2921,2904,2925,2965,2924,2967,2966,2957,2900,2914,2899,2917,2926,2927,2969,2971,2970,2959,2915,2916,2952,2922,2929,2946,2918,2923,2930,2920,2933,2934,2939,2940,2941,2942,2947,2948,2949,2954,2955,2962,2943,2958,2972,2919,2935,2964,2944,2932,2936,2961,2945,2956,2960,2953,2938,2937,2968,2963,2950,2951,2931],"class_list":{"0":"post-5497","1":"product","2":"type-product","3":"status-publish","4":"has-post-thumbnail","6":"product_cat-compra-ricerca-prodotti-chimici","7":"product_tag-etizolam-polvere-1g","8":"product_tag-compra-etizolam-con-paypal","9":"product_tag-acquistare-etizolam-polvere-online","10":"product_tag-compra-etizolam-polvere-usa-con-carta-di-credito","11":"product_tag-buy-etizolam-power","12":"product_tag-acquistare-etizolam-usa-consegna-durante-la-notte","13":"product_tag-comprare-etizolam-polveri","14":"product_tag-buy-etizolam-powder-uk","15":"product_tag-comprare-etizolam-polvere","16":"product_tag-comprare-etizolam-polvere-usa","17":"product_tag-buy-etizolam-online-stati-uniti","18":"product_tag-buy-etizolam-usa-domestic","19":"product_tag-etizolam-polvere-acquisto","20":"product_tag-buy-etizolam-powder-by-the-gram-usa","21":"product_tag-etizolam-polvere-carta-di-credito","22":"product_tag-cosa-fa-etizolam-polvere-gusto-simile","23":"product_tag-etizolam-citt-polvere","24":"product_tag-qual--l-etizolam-high-like","25":"product_tag-com-letizolam","26":"product_tag-come-ingerire-etizolam-in-polvere","27":"product_tag-buy-etizolam-giappone","28":"product_tag-buy-liquid-etizolam-usa","29":"product_tag-comprare-aniracetam-polvere","30":"product_tag-dosaggio-di-etizolam","31":"product_tag-dosaggio-di-etizolam-in-polvere","32":"product_tag-etizolam-dose-di-polvere","33":"product_tag-dove-acquistare-etizolam","34":"product_tag-dove-acquistare-etizolam-polvere","35":"product_tag-dove-acquistare-etizolam-online","36":"product_tag--sicuro-per-letizolam","37":"product_tag-etizolam-1","38":"product_tag-etizolam-30-ml","39":"product_tag-etizolam-polvere-allingrosso","40":"product_tag-etizolam-polvere-canada","41":"product_tag-etizolam-polvere-eu","42":"product_tag-etizolam-polvere-us","43":"product_tag-etizolam-in-vendita-usa","44":"product_tag-etizolam-polvere-cina","45":"product_tag-etizolam-polvere-europa","46":"product_tag-etizolam-powder-australia","47":"product_tag-etizolam-powder-for-sale-reviews","48":"product_tag-etizolam-powder-high","49":"product_tag-etizolam-powder-reddit","50":"product_tag-etizolam-powder-review","51":"product_tag-etizolam-powder-site","52":"product_tag-etizolam-powder-solubility","53":"product_tag-etizolam-powder-usa","54":"product_tag-etizolam-powder-usa-supplier","55":"product_tag-etizolam-powder-usa-vendor","56":"product_tag-etizolam-solution-buy","57":"product_tag-etizolam-tablets","58":"product_tag-fornitori-di-reddit-etizolam","59":"product_tag-etizolam-gusto-polvere","60":"product_tag--etizolam-addictive-e-perch--etizolam-abusato","61":"product_tag-volont-etizolam-polvere-dissolve-in-olio-doliva","62":"product_tag-etizolam-liquido","63":"product_tag-etizolam-misurazione-della-polvere","64":"product_tag-per-cosa-le-persone-di-solito-usano-etizolam","65":"product_tag-etizolam-polvere-in-soluzione","66":"product_tag-etizolam-polvere-in-vendita-cina","67":"product_tag-etizolam-polvere-online","68":"product_tag-polvere-di-puro-etizolam","69":"product_tag-etizolam-polvere-uk","70":"product_tag-etizolam-xanax-polvere","71":"product_tag-polvere-in-una-soluzione","72":"product_tag-etizolam-polveri","73":"product_tag-prezzi-della-polvere-di-etizolam","74":"product_tag-etizolam-prezzo-polvere","75":"product_tag-qual--limportanza-delletizolam-liquido","76":"product_tag-quali-sono-i-solventi-usati-per-convertire-etizolam","77":"product_tag-etizolam-polvere-usi","78":"product_tag-etizolam-venditore-di-polvere","79":"product_tag-etizolam-polvere-in-vendita","81":"first","82":"instock","83":"shipping-taxable","84":"purchasable","85":"product-type-variable","86":"has-default-attributes"},"yoast_head":"<!-- This site is optimized with the Yoast SEO plugin v27.3 - https:\/\/yoast.com\/product\/yoast-seo-wordpress\/ -->\n<title>Acquista Etizolam in polvere - Etizolam in polvere Europa- Best Global Meds<\/title>\n<meta name=\"description\" content=\"Acquista Etizolam in polvere in vendita nel Regno Unito, nell&#039;UE, in Europa\u00a0disponibile al prezzo pi\u00f9 basso. La polvere di etizolam \u00e8 usata come medicinale per trattare l&#039;ansia, l&#039;insonnia e gli attacchi di panico.\" \/>\n<meta name=\"robots\" content=\"index, follow, max-snippet:-1, max-image-preview:large, max-video-preview:-1\" \/>\n<link rel=\"canonical\" href=\"https:\/\/medicinasinc.com\/it\/product\/comprare-etizolam-polvere\/\" \/>\n<meta property=\"og:locale\" content=\"it_IT\" \/>\n<meta property=\"og:type\" content=\"article\" \/>\n<meta property=\"og:title\" content=\"Acquista Etizolam in polvere - Etizolam in polvere Europa- Best Global Meds\" \/>\n<meta property=\"og:description\" content=\"Acquista Etizolam in polvere in vendita nel Regno Unito, nell&#039;UE, in Europa\u00a0disponibile al prezzo pi\u00f9 basso. La polvere di etizolam \u00e8 usata come medicinale per trattare l&#039;ansia, l&#039;insonnia e gli attacchi di panico.\" \/>\n<meta property=\"og:url\" content=\"https:\/\/medicinasinc.com\/it\/product\/comprare-etizolam-polvere\/\" \/>\n<meta property=\"og:site_name\" content=\"Medicinas Inc\" \/>\n<meta property=\"article:modified_time\" content=\"2022-08-04T08:36:39+00:00\" \/>\n<meta property=\"og:image\" content=\"https:\/\/medicinasinc.com\/it\/wp-content\/uploads\/sites\/4\/2022\/02\/Buy_Etizolam_powder.jpg\" \/>\n\t<meta property=\"og:image:width\" content=\"500\" \/>\n\t<meta property=\"og:image:height\" content=\"500\" \/>\n\t<meta property=\"og:image:type\" content=\"image\/jpeg\" \/>\n<meta name=\"twitter:card\" content=\"summary_large_image\" \/>\n<meta name=\"twitter:label1\" content=\"Tempo di lettura stimato\" \/>\n\t<meta name=\"twitter:data1\" content=\"4 minuti\" \/>\n<script type=\"application\/ld+json\" class=\"yoast-schema-graph\">{\"@context\":\"https:\\\/\\\/schema.org\",\"@graph\":[{\"@type\":\"WebPage\",\"@id\":\"https:\\\/\\\/medicinasinc.com\\\/it\\\/product\\\/comprare-etizolam-polvere\\\/\",\"url\":\"https:\\\/\\\/medicinasinc.com\\\/it\\\/product\\\/comprare-etizolam-polvere\\\/\",\"name\":\"Acquista Etizolam in polvere - Etizolam in polvere Europa- Best Global Meds\",\"isPartOf\":{\"@id\":\"https:\\\/\\\/medicinasinc.com\\\/it\\\/#website\"},\"primaryImageOfPage\":{\"@id\":\"https:\\\/\\\/medicinasinc.com\\\/it\\\/product\\\/comprare-etizolam-polvere\\\/#primaryimage\"},\"image\":{\"@id\":\"https:\\\/\\\/medicinasinc.com\\\/it\\\/product\\\/comprare-etizolam-polvere\\\/#primaryimage\"},\"thumbnailUrl\":\"https:\\\/\\\/medicinasinc.com\\\/it\\\/wp-content\\\/uploads\\\/sites\\\/4\\\/2022\\\/02\\\/Buy_Etizolam_powder.jpg\",\"datePublished\":\"2022-02-22T00:36:43+00:00\",\"dateModified\":\"2022-08-04T08:36:39+00:00\",\"description\":\"Acquista Etizolam in polvere in vendita nel Regno Unito, nell'UE, in Europa\u00a0disponibile al prezzo pi\u00f9 basso. La polvere di etizolam \u00e8 usata come medicinale per trattare l'ansia, l'insonnia e gli attacchi di panico.\",\"breadcrumb\":{\"@id\":\"https:\\\/\\\/medicinasinc.com\\\/it\\\/product\\\/comprare-etizolam-polvere\\\/#breadcrumb\"},\"inLanguage\":\"it-IT\",\"potentialAction\":[{\"@type\":\"ReadAction\",\"target\":[\"https:\\\/\\\/medicinasinc.com\\\/it\\\/product\\\/comprare-etizolam-polvere\\\/\"]}]},{\"@type\":\"ImageObject\",\"inLanguage\":\"it-IT\",\"@id\":\"https:\\\/\\\/medicinasinc.com\\\/it\\\/product\\\/comprare-etizolam-polvere\\\/#primaryimage\",\"url\":\"https:\\\/\\\/medicinasinc.com\\\/it\\\/wp-content\\\/uploads\\\/sites\\\/4\\\/2022\\\/02\\\/Buy_Etizolam_powder.jpg\",\"contentUrl\":\"https:\\\/\\\/medicinasinc.com\\\/it\\\/wp-content\\\/uploads\\\/sites\\\/4\\\/2022\\\/02\\\/Buy_Etizolam_powder.jpg\",\"width\":500,\"height\":500},{\"@type\":\"BreadcrumbList\",\"@id\":\"https:\\\/\\\/medicinasinc.com\\\/it\\\/product\\\/comprare-etizolam-polvere\\\/#breadcrumb\",\"itemListElement\":[{\"@type\":\"ListItem\",\"position\":1,\"name\":\"Negozio\",\"item\":\"https:\\\/\\\/medicinasinc.com\\\/it\\\/negozio\\\/\"},{\"@type\":\"ListItem\",\"position\":2,\"name\":\"Acquista Etizolam in polvere\"}]},{\"@type\":\"WebSite\",\"@id\":\"https:\\\/\\\/medicinasinc.com\\\/it\\\/#website\",\"url\":\"https:\\\/\\\/medicinasinc.com\\\/it\\\/\",\"name\":\"Medicinas Inc\",\"description\":\"Health Medical Clinic\",\"potentialAction\":[{\"@type\":\"SearchAction\",\"target\":{\"@type\":\"EntryPoint\",\"urlTemplate\":\"https:\\\/\\\/medicinasinc.com\\\/it\\\/?s={search_term_string}\"},\"query-input\":{\"@type\":\"PropertyValueSpecification\",\"valueRequired\":true,\"valueName\":\"search_term_string\"}}],\"inLanguage\":\"it-IT\"}]}<\/script>\n<!-- \/ Yoast SEO plugin. -->","yoast_head_json":{"title":"Acquista Etizolam in polvere - Etizolam in polvere Europa- Best Global Meds","description":"Acquista Etizolam in polvere in vendita nel Regno Unito, nell'UE, in Europa\u00a0disponibile al prezzo pi\u00f9 basso. La polvere di etizolam \u00e8 usata come medicinale per trattare l'ansia, l'insonnia e gli attacchi di panico.","robots":{"index":"index","follow":"follow","max-snippet":"max-snippet:-1","max-image-preview":"max-image-preview:large","max-video-preview":"max-video-preview:-1"},"canonical":"https:\/\/medicinasinc.com\/it\/product\/comprare-etizolam-polvere\/","og_locale":"it_IT","og_type":"article","og_title":"Acquista Etizolam in polvere - Etizolam in polvere Europa- Best Global Meds","og_description":"Acquista Etizolam in polvere in vendita nel Regno Unito, nell'UE, in Europa\u00a0disponibile al prezzo pi\u00f9 basso. La polvere di etizolam \u00e8 usata come medicinale per trattare l'ansia, l'insonnia e gli attacchi di panico.","og_url":"https:\/\/medicinasinc.com\/it\/product\/comprare-etizolam-polvere\/","og_site_name":"Medicinas Inc","article_modified_time":"2022-08-04T08:36:39+00:00","og_image":[{"width":500,"height":500,"url":"https:\/\/medicinasinc.com\/it\/wp-content\/uploads\/sites\/4\/2022\/02\/Buy_Etizolam_powder.jpg","type":"image\/jpeg"}],"twitter_card":"summary_large_image","twitter_misc":{"Tempo di lettura stimato":"4 minuti"},"schema":{"@context":"https:\/\/schema.org","@graph":[{"@type":"WebPage","@id":"https:\/\/medicinasinc.com\/it\/product\/comprare-etizolam-polvere\/","url":"https:\/\/medicinasinc.com\/it\/product\/comprare-etizolam-polvere\/","name":"Acquista Etizolam in polvere - Etizolam in polvere Europa- Best Global Meds","isPartOf":{"@id":"https:\/\/medicinasinc.com\/it\/#website"},"primaryImageOfPage":{"@id":"https:\/\/medicinasinc.com\/it\/product\/comprare-etizolam-polvere\/#primaryimage"},"image":{"@id":"https:\/\/medicinasinc.com\/it\/product\/comprare-etizolam-polvere\/#primaryimage"},"thumbnailUrl":"https:\/\/medicinasinc.com\/it\/wp-content\/uploads\/sites\/4\/2022\/02\/Buy_Etizolam_powder.jpg","datePublished":"2022-02-22T00:36:43+00:00","dateModified":"2022-08-04T08:36:39+00:00","description":"Acquista Etizolam in polvere in vendita nel Regno Unito, nell'UE, in Europa\u00a0disponibile al prezzo pi\u00f9 basso. La polvere di etizolam \u00e8 usata come medicinale per trattare l'ansia, l'insonnia e gli attacchi di panico.","breadcrumb":{"@id":"https:\/\/medicinasinc.com\/it\/product\/comprare-etizolam-polvere\/#breadcrumb"},"inLanguage":"it-IT","potentialAction":[{"@type":"ReadAction","target":["https:\/\/medicinasinc.com\/it\/product\/comprare-etizolam-polvere\/"]}]},{"@type":"ImageObject","inLanguage":"it-IT","@id":"https:\/\/medicinasinc.com\/it\/product\/comprare-etizolam-polvere\/#primaryimage","url":"https:\/\/medicinasinc.com\/it\/wp-content\/uploads\/sites\/4\/2022\/02\/Buy_Etizolam_powder.jpg","contentUrl":"https:\/\/medicinasinc.com\/it\/wp-content\/uploads\/sites\/4\/2022\/02\/Buy_Etizolam_powder.jpg","width":500,"height":500},{"@type":"BreadcrumbList","@id":"https:\/\/medicinasinc.com\/it\/product\/comprare-etizolam-polvere\/#breadcrumb","itemListElement":[{"@type":"ListItem","position":1,"name":"Negozio","item":"https:\/\/medicinasinc.com\/it\/negozio\/"},{"@type":"ListItem","position":2,"name":"Acquista Etizolam in polvere"}]},{"@type":"WebSite","@id":"https:\/\/medicinasinc.com\/it\/#website","url":"https:\/\/medicinasinc.com\/it\/","name":"Medicinas Inc","description":"Health Medical Clinic","potentialAction":[{"@type":"SearchAction","target":{"@type":"EntryPoint","urlTemplate":"https:\/\/medicinasinc.com\/it\/?s={search_term_string}"},"query-input":{"@type":"PropertyValueSpecification","valueRequired":true,"valueName":"search_term_string"}}],"inLanguage":"it-IT"}]}},"_links":{"self":[{"href":"https:\/\/medicinasinc.com\/it\/wp-json\/wp\/v2\/product\/5497","targetHints":{"allow":["GET"]}}],"collection":[{"href":"https:\/\/medicinasinc.com\/it\/wp-json\/wp\/v2\/product"}],"about":[{"href":"https:\/\/medicinasinc.com\/it\/wp-json\/wp\/v2\/types\/product"}],"replies":[{"embeddable":true,"href":"https:\/\/medicinasinc.com\/it\/wp-json\/wp\/v2\/comments?post=5497"}],"wp:featuredmedia":[{"embeddable":true,"href":"https:\/\/medicinasinc.com\/it\/wp-json\/wp\/v2\/media\/5509"}],"wp:attachment":[{"href":"https:\/\/medicinasinc.com\/it\/wp-json\/wp\/v2\/media?parent=5497"}],"wp:term":[{"taxonomy":"product_brand","embeddable":true,"href":"https:\/\/medicinasinc.com\/it\/wp-json\/wp\/v2\/product_brand?post=5497"},{"taxonomy":"product_cat","embeddable":true,"href":"https:\/\/medicinasinc.com\/it\/wp-json\/wp\/v2\/product_cat?post=5497"},{"taxonomy":"product_tag","embeddable":true,"href":"https:\/\/medicinasinc.com\/it\/wp-json\/wp\/v2\/product_tag?post=5497"}],"curies":[{"name":"wp","href":"https:\/\/api.w.org\/{rel}","templated":true}]}}