{"id":5495,"date":"2022-02-22T00:33:03","date_gmt":"2022-02-22T00:33:03","guid":{"rendered":"https:\/\/medicinasinc.com\/it\/?post_type=product&#038;p=5495"},"modified":"2022-08-04T08:37:34","modified_gmt":"2022-08-04T08:37:34","slug":"comprare-fentanil-polvere","status":"publish","type":"product","link":"https:\/\/medicinasinc.com\/it\/product\/comprare-fentanil-polvere\/","title":{"rendered":"Acquista Fentanil in polvere"},"content":{"rendered":"<p>Acquisto online di polvere di fentanil<\/p>\n<p>Potresti ottenere in vendita la polvere di fentanil da noi a un buon prezzo. Fentanyl in polvere \u00e8 disponibile in elevata purezza. \u00c8 un affare fantastico! I farmaci pi\u00f9 efficaci nel mondo<\/p>\n<p>Cos&#8217;\u00e8 il fentanil in polvere?<\/p>\n<p>Il fentanil, noto anche come fentanil, \u00e8 un oppioide utilizzato come antidolorifico e in combinazione con altri farmaci per l&#8217;anestesia . Per la maggior parte, gli effetti durano meno di un&#8217;ora o due. Il fentanil \u00e8 disponibile in una variet\u00e0 di forme, comprese iniezioni, cerotti cutanei e assorbimento orale. Il fentanil \u00e8 anche disponibile occasionalmente come polvere. I laboratori usano comunemente la polvere.<\/p>\n<p>&nbsp;<\/p>\n<p>Acquista la polvere di fentanil online su Best global meds<\/p>\n<p>A questo punto potresti chiederti cos&#8217;\u00e8 un oppioide. Gli oppioidi sono una classe di farmaci. Gli oppioidi sono sostanze che interagiscono con i recettori oppioidi per produrre effetti simili all&#8217;oppio. Vicodin, oxycontin, ossicodone e percocet rientrano tutti in questa categoria. Il fentanil \u00e8 anche incluso nei sedativi. Un sedativo \u00e8 un tipo di farmaco o sostanza che viene utilizzato per calmare il sistema nervoso centrale. Si potrebbe dire che il fentanil \u00e8 usato per calmare il sistema nervoso centrale. u-47700 La polvere \u00e8 anche un buon sedativo. Il posto migliore per acquistare Fentanil \u00e8 online.<\/p>\n<p>Nausea, costipazione, stanchezza e confusione sono tra gli effetti collaterali pi\u00f9 comuni. La riduzione dello sforzo respiratorio (depressione respiratoria), la sindrome serotoninergica e la pressione sanguigna bassa sono tutti possibili effetti collaterali del farmaco. Attivando i recettori -oppioidi, il fentanil agisce in parte. Per una data quantit\u00e0, \u00e8 75 volte pi\u00f9 forte di morph. Alcuni analoghi del fentanil possono essere 10.000 volte pi\u00f9 potenti della morfina. Fentanil in polvere in vendita<\/p>\n","protected":false},"excerpt":{"rendered":"<p>Con l&#8217;aiuto del nostro sito Web medicinasinc.com, puoi acquistare FENTANYL IN POLVERE in vendita nel Regno Unito e nell&#8217;Unione Europea. Qui scoprirai il FENTANYL pi\u00f9 conveniente!<\/p>\n<p>Il fentanil in polvere, la carta assorbente e la produzione sfusa in Cina sono alcuni dei modi in cui viene venduto il fentanil non farmaceutico.<\/p>\n<p>Fentanyl \u00e8 usato per trattare il dolore che non pu\u00f2 essere alleviato da altri farmaci, come il dolore cronico o lancinante. Un antidolorifico narcotico, questo farmaco \u00e8 prescritto.<br \/>\nSpediamo in modo discreto e offriamo una garanzia di rimborso quando ordini il tuo Fentanyl da noi.<\/p>\n","protected":false},"featured_media":5505,"comment_status":"open","ping_status":"closed","template":"","meta":[],"product_brand":[],"product_cat":[2014],"product_tag":[2841,2842,2860,2843,2840,2847,2839,2845,2846,2855,2844,2864,2863,2865,2866,2862,2848,2852,2853,2849,2850,2851,2861,2856,2857,2858,2859,2854],"class_list":{"0":"post-5495","1":"product","2":"type-product","3":"status-publish","4":"has-post-thumbnail","6":"product_cat-compra-ricerca-prodotti-chimici","7":"product_tag-comprare-fentanil-online","8":"product_tag-comprare-fentanil-polvere-su-dark-web","9":"product_tag-acquisto-fentanil-polvere-online","10":"product_tag-comprare-fentanil-polvere-online","11":"product_tag-comprare-fentanil-hcl-polvere-online","12":"product_tag-acquistare-puro-fentanil-polvere-online","13":"product_tag-comprare-fentanil-hcl-online","14":"product_tag-buy-fentanyl-powder-usa","15":"product_tag-buy-fentanyl-powder-with-paypal","16":"product_tag-come-acquistare-la-polvere-di-fentanil-online","17":"product_tag-acquista-fentanil-sicuro-in-polvere","18":"product_tag-dove-acquistare-la-polvere-di-fentanil-online","19":"product_tag-dove-acquistare-fentanil-hcl-polvere-online","20":"product_tag-dove-acquistare-puro-fentanil-hcl-polvere-online","21":"product_tag-dove-acquistare-puro-fentanil-polvere-online","22":"product_tag-dove-posso-comprare-fentanil-polvere-online","23":"product_tag-effetto-polvere-di-fentanil","24":"product_tag-polvere-di-fentanil-durante-la-notte","25":"product_tag-fentanil-polvere-reddit","26":"product_tag-fentanyl-powder-europe","27":"product_tag-fentanyl-powder-for-sale","28":"product_tag-fentanyl-powder-for-sale-online","29":"product_tag-il-miglior-posto-per-comprare-la-polvere-di-fentanil-online","30":"product_tag-order-fentanyl-powder-near-me","31":"product_tag-order-fentanyl-powder-online","32":"product_tag-ordine-puro-fentanil-hcl-polvere-online","33":"product_tag-ordine-puro-fentanil-polvere-online","34":"product_tag-spedizione-di-polvere-di-fentanil","36":"first","37":"instock","38":"shipping-taxable","39":"purchasable","40":"product-type-variable","41":"has-default-attributes"},"yoast_head":"<!-- This site is optimized with the Yoast SEO plugin v27.3 - https:\/\/yoast.com\/product\/yoast-seo-wordpress\/ -->\n<title>Acquista polvere di fentanil online - I migliori farmaci globali<\/title>\n<meta name=\"description\" content=\"Acquista FENTANYL IN POLVERE in vendita nel Regno Unito, nell&#039;UE Europa nel nostro negozio online medicinasinc.com con consegna veloce in tutto il mondo! Il miglior FENTANYL per l&#039;ordinazione lo trovi qui!\" \/>\n<meta name=\"robots\" content=\"index, follow, max-snippet:-1, max-image-preview:large, max-video-preview:-1\" \/>\n<link rel=\"canonical\" href=\"https:\/\/medicinasinc.com\/it\/product\/comprare-fentanil-polvere\/\" \/>\n<meta property=\"og:locale\" content=\"it_IT\" \/>\n<meta property=\"og:type\" content=\"article\" \/>\n<meta property=\"og:title\" content=\"Acquista polvere di fentanil online - I migliori farmaci globali\" \/>\n<meta property=\"og:description\" content=\"Acquista FENTANYL IN POLVERE in vendita nel Regno Unito, nell&#039;UE Europa nel nostro negozio online medicinasinc.com con consegna veloce in tutto il mondo! Il miglior FENTANYL per l&#039;ordinazione lo trovi qui!\" \/>\n<meta property=\"og:url\" content=\"https:\/\/medicinasinc.com\/it\/product\/comprare-fentanil-polvere\/\" \/>\n<meta property=\"og:site_name\" content=\"Medicinas Inc\" \/>\n<meta property=\"article:modified_time\" content=\"2022-08-04T08:37:34+00:00\" \/>\n<meta property=\"og:image\" content=\"https:\/\/medicinasinc.com\/it\/wp-content\/uploads\/sites\/4\/2022\/02\/Buy-Fentanyl-Powder-Online.jpg\" \/>\n\t<meta property=\"og:image:width\" content=\"768\" \/>\n\t<meta property=\"og:image:height\" content=\"768\" \/>\n\t<meta property=\"og:image:type\" content=\"image\/jpeg\" \/>\n<meta name=\"twitter:card\" content=\"summary_large_image\" \/>\n<meta name=\"twitter:label1\" content=\"Tempo di lettura stimato\" \/>\n\t<meta name=\"twitter:data1\" content=\"2 minuti\" \/>\n<script type=\"application\/ld+json\" class=\"yoast-schema-graph\">{\"@context\":\"https:\\\/\\\/schema.org\",\"@graph\":[{\"@type\":\"WebPage\",\"@id\":\"https:\\\/\\\/medicinasinc.com\\\/it\\\/product\\\/comprare-fentanil-polvere\\\/\",\"url\":\"https:\\\/\\\/medicinasinc.com\\\/it\\\/product\\\/comprare-fentanil-polvere\\\/\",\"name\":\"Acquista polvere di fentanil online - I migliori farmaci globali\",\"isPartOf\":{\"@id\":\"https:\\\/\\\/medicinasinc.com\\\/it\\\/#website\"},\"primaryImageOfPage\":{\"@id\":\"https:\\\/\\\/medicinasinc.com\\\/it\\\/product\\\/comprare-fentanil-polvere\\\/#primaryimage\"},\"image\":{\"@id\":\"https:\\\/\\\/medicinasinc.com\\\/it\\\/product\\\/comprare-fentanil-polvere\\\/#primaryimage\"},\"thumbnailUrl\":\"https:\\\/\\\/medicinasinc.com\\\/it\\\/wp-content\\\/uploads\\\/sites\\\/4\\\/2022\\\/02\\\/Buy-Fentanyl-Powder-Online.jpg\",\"datePublished\":\"2022-02-22T00:33:03+00:00\",\"dateModified\":\"2022-08-04T08:37:34+00:00\",\"description\":\"Acquista FENTANYL IN POLVERE in vendita nel Regno Unito, nell'UE Europa nel nostro negozio online medicinasinc.com con consegna veloce in tutto il mondo! Il miglior FENTANYL per l'ordinazione lo trovi qui!\",\"breadcrumb\":{\"@id\":\"https:\\\/\\\/medicinasinc.com\\\/it\\\/product\\\/comprare-fentanil-polvere\\\/#breadcrumb\"},\"inLanguage\":\"it-IT\",\"potentialAction\":[{\"@type\":\"ReadAction\",\"target\":[\"https:\\\/\\\/medicinasinc.com\\\/it\\\/product\\\/comprare-fentanil-polvere\\\/\"]}]},{\"@type\":\"ImageObject\",\"inLanguage\":\"it-IT\",\"@id\":\"https:\\\/\\\/medicinasinc.com\\\/it\\\/product\\\/comprare-fentanil-polvere\\\/#primaryimage\",\"url\":\"https:\\\/\\\/medicinasinc.com\\\/it\\\/wp-content\\\/uploads\\\/sites\\\/4\\\/2022\\\/02\\\/Buy-Fentanyl-Powder-Online.jpg\",\"contentUrl\":\"https:\\\/\\\/medicinasinc.com\\\/it\\\/wp-content\\\/uploads\\\/sites\\\/4\\\/2022\\\/02\\\/Buy-Fentanyl-Powder-Online.jpg\",\"width\":768,\"height\":768},{\"@type\":\"BreadcrumbList\",\"@id\":\"https:\\\/\\\/medicinasinc.com\\\/it\\\/product\\\/comprare-fentanil-polvere\\\/#breadcrumb\",\"itemListElement\":[{\"@type\":\"ListItem\",\"position\":1,\"name\":\"Negozio\",\"item\":\"https:\\\/\\\/medicinasinc.com\\\/it\\\/negozio\\\/\"},{\"@type\":\"ListItem\",\"position\":2,\"name\":\"Acquista Fentanil in polvere\"}]},{\"@type\":\"WebSite\",\"@id\":\"https:\\\/\\\/medicinasinc.com\\\/it\\\/#website\",\"url\":\"https:\\\/\\\/medicinasinc.com\\\/it\\\/\",\"name\":\"Medicinas Inc\",\"description\":\"Health Medical Clinic\",\"potentialAction\":[{\"@type\":\"SearchAction\",\"target\":{\"@type\":\"EntryPoint\",\"urlTemplate\":\"https:\\\/\\\/medicinasinc.com\\\/it\\\/?s={search_term_string}\"},\"query-input\":{\"@type\":\"PropertyValueSpecification\",\"valueRequired\":true,\"valueName\":\"search_term_string\"}}],\"inLanguage\":\"it-IT\"}]}<\/script>\n<!-- \/ Yoast SEO plugin. -->","yoast_head_json":{"title":"Acquista polvere di fentanil online - I migliori farmaci globali","description":"Acquista FENTANYL IN POLVERE in vendita nel Regno Unito, nell'UE Europa nel nostro negozio online medicinasinc.com con consegna veloce in tutto il mondo! Il miglior FENTANYL per l'ordinazione lo trovi qui!","robots":{"index":"index","follow":"follow","max-snippet":"max-snippet:-1","max-image-preview":"max-image-preview:large","max-video-preview":"max-video-preview:-1"},"canonical":"https:\/\/medicinasinc.com\/it\/product\/comprare-fentanil-polvere\/","og_locale":"it_IT","og_type":"article","og_title":"Acquista polvere di fentanil online - I migliori farmaci globali","og_description":"Acquista FENTANYL IN POLVERE in vendita nel Regno Unito, nell'UE Europa nel nostro negozio online medicinasinc.com con consegna veloce in tutto il mondo! Il miglior FENTANYL per l'ordinazione lo trovi qui!","og_url":"https:\/\/medicinasinc.com\/it\/product\/comprare-fentanil-polvere\/","og_site_name":"Medicinas Inc","article_modified_time":"2022-08-04T08:37:34+00:00","og_image":[{"width":768,"height":768,"url":"https:\/\/medicinasinc.com\/it\/wp-content\/uploads\/sites\/4\/2022\/02\/Buy-Fentanyl-Powder-Online.jpg","type":"image\/jpeg"}],"twitter_card":"summary_large_image","twitter_misc":{"Tempo di lettura stimato":"2 minuti"},"schema":{"@context":"https:\/\/schema.org","@graph":[{"@type":"WebPage","@id":"https:\/\/medicinasinc.com\/it\/product\/comprare-fentanil-polvere\/","url":"https:\/\/medicinasinc.com\/it\/product\/comprare-fentanil-polvere\/","name":"Acquista polvere di fentanil online - I migliori farmaci globali","isPartOf":{"@id":"https:\/\/medicinasinc.com\/it\/#website"},"primaryImageOfPage":{"@id":"https:\/\/medicinasinc.com\/it\/product\/comprare-fentanil-polvere\/#primaryimage"},"image":{"@id":"https:\/\/medicinasinc.com\/it\/product\/comprare-fentanil-polvere\/#primaryimage"},"thumbnailUrl":"https:\/\/medicinasinc.com\/it\/wp-content\/uploads\/sites\/4\/2022\/02\/Buy-Fentanyl-Powder-Online.jpg","datePublished":"2022-02-22T00:33:03+00:00","dateModified":"2022-08-04T08:37:34+00:00","description":"Acquista FENTANYL IN POLVERE in vendita nel Regno Unito, nell'UE Europa nel nostro negozio online medicinasinc.com con consegna veloce in tutto il mondo! Il miglior FENTANYL per l'ordinazione lo trovi qui!","breadcrumb":{"@id":"https:\/\/medicinasinc.com\/it\/product\/comprare-fentanil-polvere\/#breadcrumb"},"inLanguage":"it-IT","potentialAction":[{"@type":"ReadAction","target":["https:\/\/medicinasinc.com\/it\/product\/comprare-fentanil-polvere\/"]}]},{"@type":"ImageObject","inLanguage":"it-IT","@id":"https:\/\/medicinasinc.com\/it\/product\/comprare-fentanil-polvere\/#primaryimage","url":"https:\/\/medicinasinc.com\/it\/wp-content\/uploads\/sites\/4\/2022\/02\/Buy-Fentanyl-Powder-Online.jpg","contentUrl":"https:\/\/medicinasinc.com\/it\/wp-content\/uploads\/sites\/4\/2022\/02\/Buy-Fentanyl-Powder-Online.jpg","width":768,"height":768},{"@type":"BreadcrumbList","@id":"https:\/\/medicinasinc.com\/it\/product\/comprare-fentanil-polvere\/#breadcrumb","itemListElement":[{"@type":"ListItem","position":1,"name":"Negozio","item":"https:\/\/medicinasinc.com\/it\/negozio\/"},{"@type":"ListItem","position":2,"name":"Acquista Fentanil in polvere"}]},{"@type":"WebSite","@id":"https:\/\/medicinasinc.com\/it\/#website","url":"https:\/\/medicinasinc.com\/it\/","name":"Medicinas Inc","description":"Health Medical Clinic","potentialAction":[{"@type":"SearchAction","target":{"@type":"EntryPoint","urlTemplate":"https:\/\/medicinasinc.com\/it\/?s={search_term_string}"},"query-input":{"@type":"PropertyValueSpecification","valueRequired":true,"valueName":"search_term_string"}}],"inLanguage":"it-IT"}]}},"_links":{"self":[{"href":"https:\/\/medicinasinc.com\/it\/wp-json\/wp\/v2\/product\/5495","targetHints":{"allow":["GET"]}}],"collection":[{"href":"https:\/\/medicinasinc.com\/it\/wp-json\/wp\/v2\/product"}],"about":[{"href":"https:\/\/medicinasinc.com\/it\/wp-json\/wp\/v2\/types\/product"}],"replies":[{"embeddable":true,"href":"https:\/\/medicinasinc.com\/it\/wp-json\/wp\/v2\/comments?post=5495"}],"wp:featuredmedia":[{"embeddable":true,"href":"https:\/\/medicinasinc.com\/it\/wp-json\/wp\/v2\/media\/5505"}],"wp:attachment":[{"href":"https:\/\/medicinasinc.com\/it\/wp-json\/wp\/v2\/media?parent=5495"}],"wp:term":[{"taxonomy":"product_brand","embeddable":true,"href":"https:\/\/medicinasinc.com\/it\/wp-json\/wp\/v2\/product_brand?post=5495"},{"taxonomy":"product_cat","embeddable":true,"href":"https:\/\/medicinasinc.com\/it\/wp-json\/wp\/v2\/product_cat?post=5495"},{"taxonomy":"product_tag","embeddable":true,"href":"https:\/\/medicinasinc.com\/it\/wp-json\/wp\/v2\/product_tag?post=5495"}],"curies":[{"name":"wp","href":"https:\/\/api.w.org\/{rel}","templated":true}]}}