{"id":5494,"date":"2022-02-22T00:31:52","date_gmt":"2022-02-22T00:31:52","guid":{"rendered":"https:\/\/medicinasinc.com\/it\/?post_type=product&#038;p=5494"},"modified":"2022-03-17T00:13:32","modified_gmt":"2022-03-17T00:13:32","slug":"comprare-diclazepam-2-mg-pellets","status":"publish","type":"product","link":"https:\/\/medicinasinc.com\/it\/product\/comprare-diclazepam-2-mg-pellets\/","title":{"rendered":"Acquista Diclazepam 2 mg granuli"},"content":{"rendered":"<p><strong>DOVE POSSO OTTENERE I PELLET DI DICLAZEPAM 2MG NELL&#8217;UE?<\/strong><\/p>\n<p>2 mg di Diclazepam In Europa, potresti trovare una struttura che immagazzina i pellet. I bitcoin possono essere utilizzati per acquistare online pellet di Diclazepam da 2 mg.<\/p>\n<p>Una delle benzodiazepine pi\u00f9 recenti disponibili per la prova \u00e8 il diclazepam, o clorodiazepam. Inoltre, questa sostanza \u00e8 l&#8217;omologo 1-metil di diazepam e declorazepam. Il suo nome chimico completo \u00e8 7-cloro-5-(2-clorofenil)-1-metil-1,3-diidro-2H-1,4-benzodiazepin-2-one. Poich\u00e9 questa molecola \u00e8 cos\u00ec nuova, ci sono numerose strade per la ricerca.<\/p>\n<p>La nomenclatura IUPAC per questo composto recita come segue: 7,5-cloro-5-(2-clorofenil)-1-metil-1 ,3-diidro-2H-1,4-benzodiazepin-2-one<br \/> Numero CAS: 2894-68-0 0<br \/> Sinonimi: La benzodiazepina clorodiazepossido (2\u2032-cloro-diazepossido)<br \/> Questa \u00e8 la formula chimica per C16H12Cl2-N2O<br \/> 95,8 percento della sua forma originale.<br \/> I pellet bianchi sono il colore pi\u00f9 comune.<\/p>\n<p>L&#8217;acquisto di pellet Diclazepam 2mg online con Bitcoin \u00e8 facile.<\/p>\n<p>Il costo dei pellet di Diclazepam 2mg<\/p>\n","protected":false},"excerpt":{"rendered":"<p>Acquista Diclazepam Pellet, economico Diclazepam 2mg Pellet in vendita nel Regno Unito, Europa, Acquista Diclazepam di alta qualit\u00e0 nella consegna notturna nel Regno Unito, Prezzo Diclazepam.<\/p>\n<p>Acquista Diclazepam 2mg Pellet con spedizione gratuita nell&#8217;Unione Europea. Il pi\u00f9 grande rivenditore europeo di pellet Diclazepam 2mg. I pellet di Diclazepam da 2 mg possono essere acquistati online utilizzando Bitcoin.<\/p>\n<p>Il Diclazepam \u00e8 generalmente offerto online da &#8216;headshops&#8217; o&#8217;sostanze chimiche per la ricerca&#8217; fornitori sotto forma di pellet bianchi da 1 mg e, su base pi\u00f9 rara, viola, pellet da 2 mg.<\/p>\n<p>Acquista Diclazepam 2 mg pellet online \u00e8 un termine colloquiale per 7-cloro-5-1-metil-1 ,3-diidro-2H-1,4-benzodiazepin-2-one.<\/p>\n<p>Acquisto online di pellet Diclazepam 2mg. Il diclazepam (noto anche come clorodiazepam) \u00e8 un sedativo sintetico delle benzodiazepine che, se assunto, mostra effetti paragonabili al diazepam, tra cui soppressione dell&#8217;ansia, disinibizione, anticonvulsivante, ipnotico, rilassante muscolare e amnesia. [2<\/p>\n","protected":false},"featured_media":5503,"comment_status":"open","ping_status":"closed","template":"","meta":[],"product_brand":[],"product_cat":[1117],"product_tag":[2834,2835,2837,2838,2836],"class_list":{"0":"post-5494","1":"product","2":"type-product","3":"status-publish","4":"has-post-thumbnail","6":"product_cat-comprare-pillole-sesso-dolore-per-dormire","7":"product_tag-comprare-diclazepam-2-mg-pellets","8":"product_tag-diclazepam-2-mg","9":"product_tag-qualit-diclazepam-2-mg","10":"product_tag-dove-acquistare-diclazepam-2-mg-pellets","11":"product_tag-order-diclazepam-2-mg","13":"first","14":"instock","15":"shipping-taxable","16":"purchasable","17":"product-type-variable","18":"has-default-attributes"},"yoast_head":"<!-- This site is optimized with the Yoast SEO plugin v27.3 - https:\/\/yoast.com\/product\/yoast-seo-wordpress\/ -->\n<title>Acquista Diclazepam 2 mg granuli - Diclazepam in vendita - Best Global Meds<\/title>\n<meta name=\"description\" content=\"Acquista Diclazepam Pellet, Pellet Diclazepam 2mg economico in vendita nel Regno Unito, Europa, Acquista Diclazepam di alta qualit\u00e0 nel Regno Unito Consegna notturna, Prezzo Diclazepam.\" \/>\n<meta name=\"robots\" content=\"index, follow, max-snippet:-1, max-image-preview:large, max-video-preview:-1\" \/>\n<link rel=\"canonical\" href=\"https:\/\/medicinasinc.com\/it\/product\/comprare-diclazepam-2-mg-pellets\/\" \/>\n<meta property=\"og:locale\" content=\"it_IT\" \/>\n<meta property=\"og:type\" content=\"article\" \/>\n<meta property=\"og:title\" content=\"Acquista Diclazepam 2 mg granuli - Diclazepam in vendita - Best Global Meds\" \/>\n<meta property=\"og:description\" content=\"Acquista Diclazepam Pellet, Pellet Diclazepam 2mg economico in vendita nel Regno Unito, Europa, Acquista Diclazepam di alta qualit\u00e0 nel Regno Unito Consegna notturna, Prezzo Diclazepam.\" \/>\n<meta property=\"og:url\" content=\"https:\/\/medicinasinc.com\/it\/product\/comprare-diclazepam-2-mg-pellets\/\" \/>\n<meta property=\"og:site_name\" content=\"Medicinas Inc\" \/>\n<meta property=\"article:modified_time\" content=\"2022-03-17T00:13:32+00:00\" \/>\n<meta property=\"og:image\" content=\"https:\/\/medicinasinc.com\/it\/wp-content\/uploads\/sites\/4\/2022\/02\/Buy-Diclazepam-Pellets-2mg.jpg\" \/>\n\t<meta property=\"og:image:width\" content=\"566\" \/>\n\t<meta property=\"og:image:height\" content=\"462\" \/>\n\t<meta property=\"og:image:type\" content=\"image\/jpeg\" \/>\n<meta name=\"twitter:card\" content=\"summary_large_image\" \/>\n<meta name=\"twitter:label1\" content=\"Tempo di lettura stimato\" \/>\n\t<meta name=\"twitter:data1\" content=\"1 minuto\" \/>\n<script type=\"application\/ld+json\" class=\"yoast-schema-graph\">{\"@context\":\"https:\\\/\\\/schema.org\",\"@graph\":[{\"@type\":\"WebPage\",\"@id\":\"https:\\\/\\\/medicinasinc.com\\\/it\\\/product\\\/comprare-diclazepam-2-mg-pellets\\\/\",\"url\":\"https:\\\/\\\/medicinasinc.com\\\/it\\\/product\\\/comprare-diclazepam-2-mg-pellets\\\/\",\"name\":\"Acquista Diclazepam 2 mg granuli - Diclazepam in vendita - Best Global Meds\",\"isPartOf\":{\"@id\":\"https:\\\/\\\/medicinasinc.com\\\/it\\\/#website\"},\"primaryImageOfPage\":{\"@id\":\"https:\\\/\\\/medicinasinc.com\\\/it\\\/product\\\/comprare-diclazepam-2-mg-pellets\\\/#primaryimage\"},\"image\":{\"@id\":\"https:\\\/\\\/medicinasinc.com\\\/it\\\/product\\\/comprare-diclazepam-2-mg-pellets\\\/#primaryimage\"},\"thumbnailUrl\":\"https:\\\/\\\/medicinasinc.com\\\/it\\\/wp-content\\\/uploads\\\/sites\\\/4\\\/2022\\\/02\\\/Buy-Diclazepam-Pellets-2mg.jpg\",\"datePublished\":\"2022-02-22T00:31:52+00:00\",\"dateModified\":\"2022-03-17T00:13:32+00:00\",\"description\":\"Acquista Diclazepam Pellet, Pellet Diclazepam 2mg economico in vendita nel Regno Unito, Europa, Acquista Diclazepam di alta qualit\u00e0 nel Regno Unito Consegna notturna, Prezzo Diclazepam.\",\"breadcrumb\":{\"@id\":\"https:\\\/\\\/medicinasinc.com\\\/it\\\/product\\\/comprare-diclazepam-2-mg-pellets\\\/#breadcrumb\"},\"inLanguage\":\"it-IT\",\"potentialAction\":[{\"@type\":\"ReadAction\",\"target\":[\"https:\\\/\\\/medicinasinc.com\\\/it\\\/product\\\/comprare-diclazepam-2-mg-pellets\\\/\"]}]},{\"@type\":\"ImageObject\",\"inLanguage\":\"it-IT\",\"@id\":\"https:\\\/\\\/medicinasinc.com\\\/it\\\/product\\\/comprare-diclazepam-2-mg-pellets\\\/#primaryimage\",\"url\":\"https:\\\/\\\/medicinasinc.com\\\/it\\\/wp-content\\\/uploads\\\/sites\\\/4\\\/2022\\\/02\\\/Buy-Diclazepam-Pellets-2mg.jpg\",\"contentUrl\":\"https:\\\/\\\/medicinasinc.com\\\/it\\\/wp-content\\\/uploads\\\/sites\\\/4\\\/2022\\\/02\\\/Buy-Diclazepam-Pellets-2mg.jpg\",\"width\":566,\"height\":462},{\"@type\":\"BreadcrumbList\",\"@id\":\"https:\\\/\\\/medicinasinc.com\\\/it\\\/product\\\/comprare-diclazepam-2-mg-pellets\\\/#breadcrumb\",\"itemListElement\":[{\"@type\":\"ListItem\",\"position\":1,\"name\":\"Negozio\",\"item\":\"https:\\\/\\\/medicinasinc.com\\\/it\\\/negozio\\\/\"},{\"@type\":\"ListItem\",\"position\":2,\"name\":\"Acquista Diclazepam 2 mg granuli\"}]},{\"@type\":\"WebSite\",\"@id\":\"https:\\\/\\\/medicinasinc.com\\\/it\\\/#website\",\"url\":\"https:\\\/\\\/medicinasinc.com\\\/it\\\/\",\"name\":\"Medicinas Inc\",\"description\":\"Health Medical Clinic\",\"potentialAction\":[{\"@type\":\"SearchAction\",\"target\":{\"@type\":\"EntryPoint\",\"urlTemplate\":\"https:\\\/\\\/medicinasinc.com\\\/it\\\/?s={search_term_string}\"},\"query-input\":{\"@type\":\"PropertyValueSpecification\",\"valueRequired\":true,\"valueName\":\"search_term_string\"}}],\"inLanguage\":\"it-IT\"}]}<\/script>\n<!-- \/ Yoast SEO plugin. -->","yoast_head_json":{"title":"Acquista Diclazepam 2 mg granuli - Diclazepam in vendita - Best Global Meds","description":"Acquista Diclazepam Pellet, Pellet Diclazepam 2mg economico in vendita nel Regno Unito, Europa, Acquista Diclazepam di alta qualit\u00e0 nel Regno Unito Consegna notturna, Prezzo Diclazepam.","robots":{"index":"index","follow":"follow","max-snippet":"max-snippet:-1","max-image-preview":"max-image-preview:large","max-video-preview":"max-video-preview:-1"},"canonical":"https:\/\/medicinasinc.com\/it\/product\/comprare-diclazepam-2-mg-pellets\/","og_locale":"it_IT","og_type":"article","og_title":"Acquista Diclazepam 2 mg granuli - Diclazepam in vendita - Best Global Meds","og_description":"Acquista Diclazepam Pellet, Pellet Diclazepam 2mg economico in vendita nel Regno Unito, Europa, Acquista Diclazepam di alta qualit\u00e0 nel Regno Unito Consegna notturna, Prezzo Diclazepam.","og_url":"https:\/\/medicinasinc.com\/it\/product\/comprare-diclazepam-2-mg-pellets\/","og_site_name":"Medicinas Inc","article_modified_time":"2022-03-17T00:13:32+00:00","og_image":[{"width":566,"height":462,"url":"https:\/\/medicinasinc.com\/it\/wp-content\/uploads\/sites\/4\/2022\/02\/Buy-Diclazepam-Pellets-2mg.jpg","type":"image\/jpeg"}],"twitter_card":"summary_large_image","twitter_misc":{"Tempo di lettura stimato":"1 minuto"},"schema":{"@context":"https:\/\/schema.org","@graph":[{"@type":"WebPage","@id":"https:\/\/medicinasinc.com\/it\/product\/comprare-diclazepam-2-mg-pellets\/","url":"https:\/\/medicinasinc.com\/it\/product\/comprare-diclazepam-2-mg-pellets\/","name":"Acquista Diclazepam 2 mg granuli - Diclazepam in vendita - Best Global Meds","isPartOf":{"@id":"https:\/\/medicinasinc.com\/it\/#website"},"primaryImageOfPage":{"@id":"https:\/\/medicinasinc.com\/it\/product\/comprare-diclazepam-2-mg-pellets\/#primaryimage"},"image":{"@id":"https:\/\/medicinasinc.com\/it\/product\/comprare-diclazepam-2-mg-pellets\/#primaryimage"},"thumbnailUrl":"https:\/\/medicinasinc.com\/it\/wp-content\/uploads\/sites\/4\/2022\/02\/Buy-Diclazepam-Pellets-2mg.jpg","datePublished":"2022-02-22T00:31:52+00:00","dateModified":"2022-03-17T00:13:32+00:00","description":"Acquista Diclazepam Pellet, Pellet Diclazepam 2mg economico in vendita nel Regno Unito, Europa, Acquista Diclazepam di alta qualit\u00e0 nel Regno Unito Consegna notturna, Prezzo Diclazepam.","breadcrumb":{"@id":"https:\/\/medicinasinc.com\/it\/product\/comprare-diclazepam-2-mg-pellets\/#breadcrumb"},"inLanguage":"it-IT","potentialAction":[{"@type":"ReadAction","target":["https:\/\/medicinasinc.com\/it\/product\/comprare-diclazepam-2-mg-pellets\/"]}]},{"@type":"ImageObject","inLanguage":"it-IT","@id":"https:\/\/medicinasinc.com\/it\/product\/comprare-diclazepam-2-mg-pellets\/#primaryimage","url":"https:\/\/medicinasinc.com\/it\/wp-content\/uploads\/sites\/4\/2022\/02\/Buy-Diclazepam-Pellets-2mg.jpg","contentUrl":"https:\/\/medicinasinc.com\/it\/wp-content\/uploads\/sites\/4\/2022\/02\/Buy-Diclazepam-Pellets-2mg.jpg","width":566,"height":462},{"@type":"BreadcrumbList","@id":"https:\/\/medicinasinc.com\/it\/product\/comprare-diclazepam-2-mg-pellets\/#breadcrumb","itemListElement":[{"@type":"ListItem","position":1,"name":"Negozio","item":"https:\/\/medicinasinc.com\/it\/negozio\/"},{"@type":"ListItem","position":2,"name":"Acquista Diclazepam 2 mg granuli"}]},{"@type":"WebSite","@id":"https:\/\/medicinasinc.com\/it\/#website","url":"https:\/\/medicinasinc.com\/it\/","name":"Medicinas Inc","description":"Health Medical Clinic","potentialAction":[{"@type":"SearchAction","target":{"@type":"EntryPoint","urlTemplate":"https:\/\/medicinasinc.com\/it\/?s={search_term_string}"},"query-input":{"@type":"PropertyValueSpecification","valueRequired":true,"valueName":"search_term_string"}}],"inLanguage":"it-IT"}]}},"_links":{"self":[{"href":"https:\/\/medicinasinc.com\/it\/wp-json\/wp\/v2\/product\/5494","targetHints":{"allow":["GET"]}}],"collection":[{"href":"https:\/\/medicinasinc.com\/it\/wp-json\/wp\/v2\/product"}],"about":[{"href":"https:\/\/medicinasinc.com\/it\/wp-json\/wp\/v2\/types\/product"}],"replies":[{"embeddable":true,"href":"https:\/\/medicinasinc.com\/it\/wp-json\/wp\/v2\/comments?post=5494"}],"wp:featuredmedia":[{"embeddable":true,"href":"https:\/\/medicinasinc.com\/it\/wp-json\/wp\/v2\/media\/5503"}],"wp:attachment":[{"href":"https:\/\/medicinasinc.com\/it\/wp-json\/wp\/v2\/media?parent=5494"}],"wp:term":[{"taxonomy":"product_brand","embeddable":true,"href":"https:\/\/medicinasinc.com\/it\/wp-json\/wp\/v2\/product_brand?post=5494"},{"taxonomy":"product_cat","embeddable":true,"href":"https:\/\/medicinasinc.com\/it\/wp-json\/wp\/v2\/product_cat?post=5494"},{"taxonomy":"product_tag","embeddable":true,"href":"https:\/\/medicinasinc.com\/it\/wp-json\/wp\/v2\/product_tag?post=5494"}],"curies":[{"name":"wp","href":"https:\/\/api.w.org\/{rel}","templated":true}]}}