{"id":5471,"date":"2022-02-22T00:08:30","date_gmt":"2022-02-22T00:08:30","guid":{"rendered":"https:\/\/medicinasinc.com\/it\/?post_type=product&#038;p=5471"},"modified":"2022-08-04T08:33:49","modified_gmt":"2022-08-04T08:33:49","slug":"comprare-cristallo-meta-metanfetamina","status":"publish","type":"product","link":"https:\/\/medicinasinc.com\/it\/product\/comprare-cristallo-meta-metanfetamina\/","title":{"rendered":"Acquista Crystal Meth (Metamfetamina)"},"content":{"rendered":"<p><strong>Dove acquistare Crystal Meth &#8211; Metanfetamina<\/strong><\/p>\n<p>La disponibilit\u00e0 ad acquistare Crystal Meth, spesso nota come metanfetamina per pietre preziose, \u00e8 un farmaco stimolante del sistema nervoso centrale (SNC) che ha un ruolo significativo somiglianze con le anfetamine, la seconda classe di farmaci illegali pi\u00f9 popolare al mondo, dopo la maryjane.<br \/>\nCome con l&#8217;anfetamina, promuove una maggiore attivit\u00e0, diminuzione dell&#8217;appetito e un generale senso di benessere.<\/p>\n<p>L\u00ec ci sono alcuni usi farmaceutici riconosciuti per Crystal Meth \u2013 Metanfetamina, incluso il trattamento della narcolessia, la mancanza di capacit\u00e0 di concentrazione regolare e per uso transitorio, come la robustezza; tuttavia, questi usi medicinali sono limitati.<\/p>\n<p>Crystal Meth, come la cocaina, pu\u00f2 essere fumata. Chemical Inc. vende Crystal Meth &#8211; Metanfetamine.<\/p>\n<p>Quali caratteristiche possiede Crystal Meth &#8211; Metanfetamine?<\/p>\n<p>Le metanfetamine sono usate per trattare le seguenti condizioni:<\/p>\n<p>ADHDNarcolessia<\/p>\n<p>Le applicazioni mediche sono limitate.<\/p>\n<p>Crystal Meth &#8211; La metanfetamina, come la cocaina, pu\u00f2 essere fumata.<\/p>\n<figure class=\"wp-caption alignleft\"><img loading=\"lazy\" decoding=\"async\" class=\" n3VNCb\" src=\"https:\/\/www.detoxplusuk.com\/wp-content\/uploads\/sites\/4\/2019\/01\/Crystal-meth-e1546508093797.png\" alt=\"Crystal Meth - Metanfetamina | Chemical Inc\" width=\"600\" height=\"351\" data-iml=\"71374\" \/><figcaption class=\"wp-caption-text\">Acquista Crystal Meth con Bitcoin<\/figcaption><\/figure>\n<h2><strong>Cosa sono le caratteristiche delle metanfetamine?<\/strong><\/h2>\n<p><span class=\"tagify__tag-text\">Crystal Meth \u2013 Metanfetamine<\/span>\u00a0sono per il trattamento di:<\/p>\n<ul>\n<li>ADHD Narcolessia<\/li>\n<li>Obesit\u00e0 Pertanto, provoca un&#8217;azione espansa, una diminuzione della fame e una sensazione generale di prosperit\u00e0. Quando viene utilizzato in sovrabbondanza, ha progressivamente impatti distruttivi sul sistema sensoriale focale.<\/li>\n<\/ul>\n<h2><\/h2>\n<h2><\/h2>\n<h2><strong>Quali sono i precauzioni di\u00a0<\/strong>Crystal Meth<strong>?<\/strong><\/h2>\n<ul>\n<li>Se pensi di essere rimasta incinta durante l&#8217;utilizzo del farmaco, informi immediatamente il tuo specialista in modo da mantenere un distanza strategica dalle difficolt\u00e0.<\/li>\n<li>Se soffri di malattie cardiache,<\/li>\n<\/ul>\n<h2><strong>Quali sono gli effetti collaterali di\u00a0<\/strong>Crystal Meth<strong>? <\/strong><\/h2>\n<p>Gli impatti ostili delle metanfetamine includono:<\/p>\n<ul>\n<li>Un aumento del polso<\/li>\n<li>Un aumento della temperatura corporea<\/li>\n<li>Un aumento nel tasso di rilassamento<\/li>\n<li>Studenti dilatati<\/li>\n<li>Tremomi Sensazioni di estasi<\/li>\n<li>Ansia aumentata<\/li>\n<li>Irritabilit\u00e0<\/li>\n<li>Paranoia<\/li>\n<li>Condotta violenta e volubile<\/li>\n<li>Iperattivit\u00e0 temporanea Cerca uno specialista per considerazioni terapeutiche.<\/li>\n<\/ul>\n<h2><strong>Che succede n se si dimentica o si overdose\u00a0<\/strong>Crystal Meth<strong>?<\/strong><\/h2>\n<p>Abbandonare una porzione di metanfetamine \u00e8 tutt&#8217;altro che una dura prova, tuttavia puoi prenderti tutto il tempo che ricordi, tuttavia dovrebbe astenersi dall&#8217;effettuare due misurazioni.<\/p>\n<p>&nbsp;<\/p>\n<p><span class=\"tagify__tag-text\">La metanfetamina<\/span>\u00a0si propone di mantenere il centro, in caso di sovradosaggio, potrebbe richiedere direttamente condizioni mediche reali, quindi cercare assistenza in caso di crisi da specialisti esperti del benessere \u00e8 la scelta migliore. <span class=\"tagify__tag-text\">Ordina Crystal Meth\u00a0\u2013 Metanfetamina online<\/span>\u00a0presso Chemical Inc<\/p>\n<h2><strong>Come conservare le metanfetamine?<\/strong><\/h2>\n<p>Inoltre, dove non c&#8217;\u00e8 luce e calore, mantieni le metanfetamine a temperatura ambiente. Allo stesso modo non sciacquare questo medicinale. I tuoi bambini e i tuoi animali domestici non devono in alcun modo collegare questo farmaco.<\/p>\n<h2><strong>Dove acquistare\u00a0<\/strong>Crystal Meth\u00a0<strong>online?<\/strong><\/h2>\n<p>Tuttavia, puoi acquistare Crystal Meth \u2013 Metanfetamine online nel negozio online pi\u00f9 creduto \u2013 Chemical Inc.<\/p>\n<p>Acquista metanfetamine senza rimedio, metanfetamine disponibili per l&#8217;acquisto online, costo dello scenario migliore.<br \/>\nAcquista il migliore farmaci qui a questo punto! <span class=\"tagify__tag-text\">Acquista Crystal Meth online<\/span><\/p>\n<h3><b>Gli utenti di metanfetamina non dovrebbero aspettare per farsi curare<\/b><\/h3>\n<p>Mentre molti utenti fisici i sintomi possono essere invertiti con un trattamento adeguato, gli effetti dell&#8217;invecchiamento avanzato e la carie sono difficili da invertire e il danno spesso permanente.<\/p>\n<p>Inoltre, l&#8217;uso di metanfetamine pu\u00f2 causare psicosi o comportamento psicotico, in cui gli utenti perdono il contatto con la realt\u00e0 e sperimenta forti delusioni, paranoie, allucinazioni e comportamenti ossessivi che impediscono loro di rendersi veramente conto del danno che stanno facendo a se stessi.<\/p>\n<p>\u00c8 imperativo che il tossicodipendente si rivolga e trovi aiuto immediatamente, o subisca questi effetti fisici e psicologici e altri sintomi comuni come relazioni distrutte, indigenza finanziaria e accuse penali.<\/p>\n<p>La dipendenza colpisce quasi tutte le famiglie, devastando la salute fisica e mentale, le relazioni e le finanze personali. Madri, padri, fratelli, sorelle, figlie e figli.<\/p>\n<p>Nessuno \u00e8 immune allo spaventoso impatto a lungo termine dell&#8217;abuso di droghe pesanti.<br \/>\nQuello che segue \u00e8 una rappresentazione che fa riflettere su individui REALI.<\/p>\n<p>Siamo caduti vittime della tentazione dell&#8217;uso di droghe \u2013 in questo caso, metanfetamine \u2013 con i suoi effetti devastanti sono fin troppo evidenti.<br \/>\nSe tu o una persona cara soffrite di una dipendenza da metanfetamine, o se desideri saperne di pi\u00f9, visita i seguenti siti Web per ricevere assistenza per il recupero.<\/p>\n","protected":false},"excerpt":{"rendered":"<div class=\"woocommerce-product-details__short-description\">\n<p>Acquista Crystal Meth in vendita nel Regno Unito, nell&#8217;UE, in Europa, negli Stati Uniti e in Cina per curare il cancro con l&#8217;aiuto di medicinasinc.com. Il posto migliore dove acquistare metanfetamine online a buon mercato.<\/p>\n<p>Acquista Crystal Meth a basso costo online Senza prescrizione medica, vendiamo Crystal Meth online e inviamo in tutto il mondo entro 24\/48 ore. Ordina ora.<\/p>\n<p>Il termine \u201ccrystal meth\u201d si riferisce alla metanfetamina di cristallo, uno stimolante potente e altamente avvincente che colpisce il sistema nervoso centrale.<\/p>\n<p>Ora puoi acquistare la metanfetamina online e fartela consegnare il giorno successivo. La forma pi\u00f9 attuale o pi\u00f9 pura di metanfetamina cristallina \u00e8 quasi pura. \u00c8 inodore e non tossico.<\/p>\n<p>Il metamfetamne \u00e8 un potente stimolante nervoso centrale che ho usato molto spesso una droga ricreativa e comunemente usato un trattamento di seconda linea<\/p>\n<\/div>\n","protected":false},"featured_media":5483,"comment_status":"open","ping_status":"closed","template":"","meta":[],"product_brand":[],"product_cat":[2014],"product_tag":[2799,2800,2817,2814,2801,2825,2832,2802,709,2808,2809,2811,2813,2810,2815,2807,2833,2816,2819,2820,2818,2821,2828,2803,2805,2822,2831,2823,2830,2829,2824,2826,2812,2827,2804],"class_list":{"0":"post-5471","1":"product","2":"type-product","3":"status-publish","4":"has-post-thumbnail","6":"product_cat-compra-ricerca-prodotti-chimici","7":"product_tag-buy-crystal-med-in-australiaale-vicino-a-te","8":"product_tag-bu-cristallo-mth-nln","9":"product_tag-andare-veloce","10":"product_tag-ck","11":"product_tag-bu-rtl-meth-on-deepweb","12":"product_tag-carburante-per-missili","13":"product_tag-rtl-mth-for-l-online","14":"product_tag-chr-d1-96-d1-95t-d1-96n-d0-b0","15":"product_tag-crystal-meth-australia","16":"product_tag-cristallo-mth-europa","17":"product_tag-cristallo-mth-in-vendita","18":"product_tag-crystal-mth-reddit","19":"product_tag-cristallo-mth-uk","20":"product_tag-crystal-mth-germany","21":"product_tag-dunk","22":"product_tag-cristallo-mth-effetto","23":"product_tag-rtl-mth-vndr-n-usa","24":"product_tag-fr","25":"product_tag-gk","26":"product_tag-ghiaccio","27":"product_tag-go-go-ju","28":"product_tag-l-a-gl","29":"product_tag-in-d0-b0-d1-95h","30":"product_tag-chlk","31":"product_tag-manovella","32":"product_tag-metanfetamina","33":"product_tag-rtl-meth-h","34":"product_tag-n-dz","35":"product_tag-rdr-rtl-mth-n-drknt","36":"product_tag-rdr-cristallo-mth-n-tr","37":"product_tag-pk","38":"product_tag-sb-snack","39":"product_tag-crystal-mth-spedizione","40":"product_tag-tweek","41":"product_tag-zucchero-filato","43":"first","44":"instock","45":"shipping-taxable","46":"purchasable","47":"product-type-variable","48":"has-default-attributes"},"yoast_head":"<!-- This site is optimized with the Yoast SEO plugin v27.3 - https:\/\/yoast.com\/product\/yoast-seo-wordpress\/ -->\n<title>Acquista Crystal Meth (Metamfetamina) - I migliori farmaci globali migliori<\/title>\n<meta name=\"description\" content=\"Acquista Crystal Meth in vendita nel Regno Unito, nell&#039;UE, in Europa, negli Stati Uniti, in Cina per curare il cancro con l&#039;aiuto di medicinasinc.com. Il posto migliore dove acquistare metanfetamine online a buon mercato.\" \/>\n<meta name=\"robots\" content=\"index, follow, max-snippet:-1, max-image-preview:large, max-video-preview:-1\" \/>\n<link rel=\"canonical\" href=\"https:\/\/medicinasinc.com\/it\/product\/comprare-cristallo-meta-metanfetamina\/\" \/>\n<meta property=\"og:locale\" content=\"it_IT\" \/>\n<meta property=\"og:type\" content=\"article\" \/>\n<meta property=\"og:title\" content=\"Acquista Crystal Meth (Metamfetamina) - I migliori farmaci globali migliori\" \/>\n<meta property=\"og:description\" content=\"Acquista Crystal Meth in vendita nel Regno Unito, nell&#039;UE, in Europa, negli Stati Uniti, in Cina per curare il cancro con l&#039;aiuto di medicinasinc.com. Il posto migliore dove acquistare metanfetamine online a buon mercato.\" \/>\n<meta property=\"og:url\" content=\"https:\/\/medicinasinc.com\/it\/product\/comprare-cristallo-meta-metanfetamina\/\" \/>\n<meta property=\"og:site_name\" content=\"Medicinas Inc\" \/>\n<meta property=\"article:modified_time\" content=\"2022-08-04T08:33:49+00:00\" \/>\n<meta property=\"og:image\" content=\"https:\/\/medicinasinc.com\/it\/wp-content\/uploads\/sites\/4\/2022\/02\/Buy-Crystal-Meth.jpg\" \/>\n\t<meta property=\"og:image:width\" content=\"1024\" \/>\n\t<meta property=\"og:image:height\" content=\"768\" \/>\n\t<meta property=\"og:image:type\" content=\"image\/jpeg\" \/>\n<meta name=\"twitter:card\" content=\"summary_large_image\" \/>\n<meta name=\"twitter:label1\" content=\"Tempo di lettura stimato\" \/>\n\t<meta name=\"twitter:data1\" content=\"4 minuti\" \/>\n<script type=\"application\/ld+json\" class=\"yoast-schema-graph\">{\"@context\":\"https:\\\/\\\/schema.org\",\"@graph\":[{\"@type\":\"WebPage\",\"@id\":\"https:\\\/\\\/medicinasinc.com\\\/it\\\/product\\\/comprare-cristallo-meta-metanfetamina\\\/\",\"url\":\"https:\\\/\\\/medicinasinc.com\\\/it\\\/product\\\/comprare-cristallo-meta-metanfetamina\\\/\",\"name\":\"Acquista Crystal Meth (Metamfetamina) - I migliori farmaci globali migliori\",\"isPartOf\":{\"@id\":\"https:\\\/\\\/medicinasinc.com\\\/it\\\/#website\"},\"primaryImageOfPage\":{\"@id\":\"https:\\\/\\\/medicinasinc.com\\\/it\\\/product\\\/comprare-cristallo-meta-metanfetamina\\\/#primaryimage\"},\"image\":{\"@id\":\"https:\\\/\\\/medicinasinc.com\\\/it\\\/product\\\/comprare-cristallo-meta-metanfetamina\\\/#primaryimage\"},\"thumbnailUrl\":\"https:\\\/\\\/medicinasinc.com\\\/it\\\/wp-content\\\/uploads\\\/sites\\\/4\\\/2022\\\/02\\\/Buy-Crystal-Meth.jpg\",\"datePublished\":\"2022-02-22T00:08:30+00:00\",\"dateModified\":\"2022-08-04T08:33:49+00:00\",\"description\":\"Acquista Crystal Meth in vendita nel Regno Unito, nell'UE, in Europa, negli Stati Uniti, in Cina per curare il cancro con l'aiuto di medicinasinc.com. Il posto migliore dove acquistare metanfetamine online a buon mercato.\",\"breadcrumb\":{\"@id\":\"https:\\\/\\\/medicinasinc.com\\\/it\\\/product\\\/comprare-cristallo-meta-metanfetamina\\\/#breadcrumb\"},\"inLanguage\":\"it-IT\",\"potentialAction\":[{\"@type\":\"ReadAction\",\"target\":[\"https:\\\/\\\/medicinasinc.com\\\/it\\\/product\\\/comprare-cristallo-meta-metanfetamina\\\/\"]}]},{\"@type\":\"ImageObject\",\"inLanguage\":\"it-IT\",\"@id\":\"https:\\\/\\\/medicinasinc.com\\\/it\\\/product\\\/comprare-cristallo-meta-metanfetamina\\\/#primaryimage\",\"url\":\"https:\\\/\\\/medicinasinc.com\\\/it\\\/wp-content\\\/uploads\\\/sites\\\/4\\\/2022\\\/02\\\/Buy-Crystal-Meth.jpg\",\"contentUrl\":\"https:\\\/\\\/medicinasinc.com\\\/it\\\/wp-content\\\/uploads\\\/sites\\\/4\\\/2022\\\/02\\\/Buy-Crystal-Meth.jpg\",\"width\":1024,\"height\":768},{\"@type\":\"BreadcrumbList\",\"@id\":\"https:\\\/\\\/medicinasinc.com\\\/it\\\/product\\\/comprare-cristallo-meta-metanfetamina\\\/#breadcrumb\",\"itemListElement\":[{\"@type\":\"ListItem\",\"position\":1,\"name\":\"Negozio\",\"item\":\"https:\\\/\\\/medicinasinc.com\\\/it\\\/negozio\\\/\"},{\"@type\":\"ListItem\",\"position\":2,\"name\":\"Acquista Crystal Meth (Metamfetamina)\"}]},{\"@type\":\"WebSite\",\"@id\":\"https:\\\/\\\/medicinasinc.com\\\/it\\\/#website\",\"url\":\"https:\\\/\\\/medicinasinc.com\\\/it\\\/\",\"name\":\"Medicinas Inc\",\"description\":\"Health Medical Clinic\",\"potentialAction\":[{\"@type\":\"SearchAction\",\"target\":{\"@type\":\"EntryPoint\",\"urlTemplate\":\"https:\\\/\\\/medicinasinc.com\\\/it\\\/?s={search_term_string}\"},\"query-input\":{\"@type\":\"PropertyValueSpecification\",\"valueRequired\":true,\"valueName\":\"search_term_string\"}}],\"inLanguage\":\"it-IT\"}]}<\/script>\n<!-- \/ Yoast SEO plugin. -->","yoast_head_json":{"title":"Acquista Crystal Meth (Metamfetamina) - I migliori farmaci globali migliori","description":"Acquista Crystal Meth in vendita nel Regno Unito, nell'UE, in Europa, negli Stati Uniti, in Cina per curare il cancro con l'aiuto di medicinasinc.com. Il posto migliore dove acquistare metanfetamine online a buon mercato.","robots":{"index":"index","follow":"follow","max-snippet":"max-snippet:-1","max-image-preview":"max-image-preview:large","max-video-preview":"max-video-preview:-1"},"canonical":"https:\/\/medicinasinc.com\/it\/product\/comprare-cristallo-meta-metanfetamina\/","og_locale":"it_IT","og_type":"article","og_title":"Acquista Crystal Meth (Metamfetamina) - I migliori farmaci globali migliori","og_description":"Acquista Crystal Meth in vendita nel Regno Unito, nell'UE, in Europa, negli Stati Uniti, in Cina per curare il cancro con l'aiuto di medicinasinc.com. Il posto migliore dove acquistare metanfetamine online a buon mercato.","og_url":"https:\/\/medicinasinc.com\/it\/product\/comprare-cristallo-meta-metanfetamina\/","og_site_name":"Medicinas Inc","article_modified_time":"2022-08-04T08:33:49+00:00","og_image":[{"width":1024,"height":768,"url":"https:\/\/medicinasinc.com\/it\/wp-content\/uploads\/sites\/4\/2022\/02\/Buy-Crystal-Meth.jpg","type":"image\/jpeg"}],"twitter_card":"summary_large_image","twitter_misc":{"Tempo di lettura stimato":"4 minuti"},"schema":{"@context":"https:\/\/schema.org","@graph":[{"@type":"WebPage","@id":"https:\/\/medicinasinc.com\/it\/product\/comprare-cristallo-meta-metanfetamina\/","url":"https:\/\/medicinasinc.com\/it\/product\/comprare-cristallo-meta-metanfetamina\/","name":"Acquista Crystal Meth (Metamfetamina) - I migliori farmaci globali migliori","isPartOf":{"@id":"https:\/\/medicinasinc.com\/it\/#website"},"primaryImageOfPage":{"@id":"https:\/\/medicinasinc.com\/it\/product\/comprare-cristallo-meta-metanfetamina\/#primaryimage"},"image":{"@id":"https:\/\/medicinasinc.com\/it\/product\/comprare-cristallo-meta-metanfetamina\/#primaryimage"},"thumbnailUrl":"https:\/\/medicinasinc.com\/it\/wp-content\/uploads\/sites\/4\/2022\/02\/Buy-Crystal-Meth.jpg","datePublished":"2022-02-22T00:08:30+00:00","dateModified":"2022-08-04T08:33:49+00:00","description":"Acquista Crystal Meth in vendita nel Regno Unito, nell'UE, in Europa, negli Stati Uniti, in Cina per curare il cancro con l'aiuto di medicinasinc.com. Il posto migliore dove acquistare metanfetamine online a buon mercato.","breadcrumb":{"@id":"https:\/\/medicinasinc.com\/it\/product\/comprare-cristallo-meta-metanfetamina\/#breadcrumb"},"inLanguage":"it-IT","potentialAction":[{"@type":"ReadAction","target":["https:\/\/medicinasinc.com\/it\/product\/comprare-cristallo-meta-metanfetamina\/"]}]},{"@type":"ImageObject","inLanguage":"it-IT","@id":"https:\/\/medicinasinc.com\/it\/product\/comprare-cristallo-meta-metanfetamina\/#primaryimage","url":"https:\/\/medicinasinc.com\/it\/wp-content\/uploads\/sites\/4\/2022\/02\/Buy-Crystal-Meth.jpg","contentUrl":"https:\/\/medicinasinc.com\/it\/wp-content\/uploads\/sites\/4\/2022\/02\/Buy-Crystal-Meth.jpg","width":1024,"height":768},{"@type":"BreadcrumbList","@id":"https:\/\/medicinasinc.com\/it\/product\/comprare-cristallo-meta-metanfetamina\/#breadcrumb","itemListElement":[{"@type":"ListItem","position":1,"name":"Negozio","item":"https:\/\/medicinasinc.com\/it\/negozio\/"},{"@type":"ListItem","position":2,"name":"Acquista Crystal Meth (Metamfetamina)"}]},{"@type":"WebSite","@id":"https:\/\/medicinasinc.com\/it\/#website","url":"https:\/\/medicinasinc.com\/it\/","name":"Medicinas Inc","description":"Health Medical Clinic","potentialAction":[{"@type":"SearchAction","target":{"@type":"EntryPoint","urlTemplate":"https:\/\/medicinasinc.com\/it\/?s={search_term_string}"},"query-input":{"@type":"PropertyValueSpecification","valueRequired":true,"valueName":"search_term_string"}}],"inLanguage":"it-IT"}]}},"_links":{"self":[{"href":"https:\/\/medicinasinc.com\/it\/wp-json\/wp\/v2\/product\/5471","targetHints":{"allow":["GET"]}}],"collection":[{"href":"https:\/\/medicinasinc.com\/it\/wp-json\/wp\/v2\/product"}],"about":[{"href":"https:\/\/medicinasinc.com\/it\/wp-json\/wp\/v2\/types\/product"}],"replies":[{"embeddable":true,"href":"https:\/\/medicinasinc.com\/it\/wp-json\/wp\/v2\/comments?post=5471"}],"wp:featuredmedia":[{"embeddable":true,"href":"https:\/\/medicinasinc.com\/it\/wp-json\/wp\/v2\/media\/5483"}],"wp:attachment":[{"href":"https:\/\/medicinasinc.com\/it\/wp-json\/wp\/v2\/media?parent=5471"}],"wp:term":[{"taxonomy":"product_brand","embeddable":true,"href":"https:\/\/medicinasinc.com\/it\/wp-json\/wp\/v2\/product_brand?post=5471"},{"taxonomy":"product_cat","embeddable":true,"href":"https:\/\/medicinasinc.com\/it\/wp-json\/wp\/v2\/product_cat?post=5471"},{"taxonomy":"product_tag","embeddable":true,"href":"https:\/\/medicinasinc.com\/it\/wp-json\/wp\/v2\/product_tag?post=5471"}],"curies":[{"name":"wp","href":"https:\/\/api.w.org\/{rel}","templated":true}]}}