{"id":5470,"date":"2022-02-22T00:06:57","date_gmt":"2022-02-22T00:06:57","guid":{"rendered":"https:\/\/medicinasinc.com\/it\/?post_type=product&#038;p=5470"},"modified":"2022-08-04T08:39:49","modified_gmt":"2022-08-04T08:39:49","slug":"acquista-esimo-pvp-cristallo","status":"publish","type":"product","link":"https:\/\/medicinasinc.com\/it\/product\/acquista-esimo-pvp-cristallo\/","title":{"rendered":"Acquista il cristallo TH-PVP"},"content":{"rendered":"<p>Acquista TH-PVP Crystal con uno sconto online.<\/p>\n<p>Acquista TH-PVP Crystal con uno sconto online.<\/p>\n<p>Acquista TH-PVP online dalla compagnia di trasporti per ufficio pi\u00f9 rinomata al mondo .<\/p>\n<p>TH-PVP, come PVP, \u00e8 un energizzante. Poco si sa di questa sostanza chimica a questo proposito, creando un&#8217;enorme opportunit\u00e0 di ricerca.<\/p>\n<p>Siamo il miglior fornitore di TH-PVP in Cina e siamo ampiamente considerati il \u200b\u200bmiglior rivenditore di TH-PVP Reddit. Se stai cercando un venditore d&#8217;occasione TH-PVP legittimo, non andare oltre noi.<\/p>\n<p>ACQUISTA TH-PVP ONLINE DAL NOSTRO NEGOZIO<\/p>\n<p>Se stai cercando un TH-PVP &#8211; Negozio PVP sul web che ti consente di acquistare in sicurezza una gemma TH-PVP, Classicarabians \u00e8 la soluzione migliore. Abbiamo a disposizione una variet\u00e0 di vari sintetici per scopi di ricerca, insieme a TH-PVP e altri equivalenti TH-PVP. La nostra tecnica \u00e8 abbastanza chiara e semplice per utilizzare la voce avanzata per ottenere gemme TH-PVP online a buon mercato da produttori e fornitori in Cina.<\/p>\n<p>Se vivi negli Stati Uniti d&#8217;America, in Canada, nel Regno Unito, Australia o Europa e richiediamo un articolo con urgenza, offriamo la spedizione in tutto il mondo. Indipendentemente da ci\u00f2, ti invitiamo a familiarizzare con gli usi e i sintomi del TH-PVP prima di richiedere. Inoltre, dovresti essere consapevole di alcune reali conseguenze associate all&#8217;acquisto di gemme TH-PVP online senza una cura nel tuo stato. Classicarabians \u00e8 il pi\u00f9 grande venditore di TH-PVP online, consentendoti di integrare la tua indagine logica con i materiali pi\u00f9 facilmente accessibili. Indipendentemente da ci\u00f2, ti invitiamo a familiarizzare con gli usi e i sintomi del TH-PVP prima di richiedere. Inoltre, dovresti essere consapevole di alcune reali conseguenze associate all&#8217;acquisto di gemme TH-PVP online senza una cura nel tuo stato.<\/p>\n<p>Forniamo la massima quantit\u00e0 e qualit\u00e0 di cose. Sforzati di non sprecare il tuo tempo. Invia ora la tua richiesta e l&#8217;articolo verr\u00e0 consegnato a casa tua. Inoltre, abbiamo la cera della Morte Nera.<\/p>\n","protected":false},"excerpt":{"rendered":"<div class=\"woocommerce-product-details__short-description\">\n<div class=\"char\">SPECIFICA<\/div>\n<div class=\"specification\">\n<div class=\"sprow\"><span class=\"spname\">Nome prodotto:<\/span><span class=\"sptext\">TH-PVP<\/span><\/div>\n<div class=\"sprow\"><span class=\"spname\">Nome IUPAC:<\/span> <span class=\"sptext\">2-(pirrolidin-1-il)-1-(5,6,7,8-tetraidronaftalen-2-il)pentan-1-one<\/span><\/div>\n<div class=\"sprow\"><span class=\"spname\">Altri nomi:<\/span><span class=\"sptext\">TH-\u03b1-PVP<\/span><\/div>\n<div class=\"sprow\"><span class=\"spname\">Numero CAS:<\/span><span class=\"sptext\">583123-2-1<\/span><\/div>\n<div class=\"sprow\"><span class=\"spname \">Formula molecolare:<\/span><span class=\"sptext\">C19H27NO<\/span><\/div>\n<div class=\"sprow\"><span class=\"spname\">Effetto:<\/span><span class=\"sptext\">stimolante, psichedelico<\/span><\/div>\n<div class=\"sprow\"><span class=\"spname\">Purezza della sostanza:<\/span><span class=\"sptext\"> 99,9%<\/span><\/div>\n<div class=\"sprow\"><\/div>\n<\/div>\n<p><em>Acquista<\/em>\u00a0alta qualit\u00e0\u00a0<em>TH pvp su line<\/em>\u00a0a prezzi all&#8217;ingrosso Cina\u00a0<em>TH pvp<\/em>\u00a0fornitore. \u2026 dove puoi\u00a0<em>acquistare<\/em>\u00a0th-pvp\u00a0<em>cristallo online a buon mercato<\/em>\u00a0a\u00a0<em>prezzi all&#8217;ingrosso<\/em><\/p>\n<p><em>Comprare TH<\/em> \u2013<em>PVP<\/em>\u00a0Rock\u00a0<em>Crystal<\/em> da Approved Drug Supplies al miglior prezzo su medicinasinc.com<\/p>\n<p>Acquista TH-PVP Crystal al prezzo pi\u00f9 basso online. La spedizione in tutto il mondo \u00e8 garantita per essere sicura e protetta con noi. th-pvp\u00a0recensione<\/p>\n<p>Dove acquistare il cristallo TH-PVP a buon mercato?<\/p>\n<p>Cristalli in vendita | Acquista TH-PVP Crystal online | Compro polvere di cristallo TH-PVP in vendita | Acquista polvere di cristallo TH-PVP a buon mercato | Dove acquistare online la polvere di cristallo TH-PVP | Real TH-PVP Crystal online.<\/p>\n<\/div>\n","protected":false},"featured_media":5481,"comment_status":"open","ping_status":"closed","template":"","meta":[],"product_brand":[],"product_cat":[2014],"product_tag":[2779,2781,2786,2780,2778,2787,2791,2798,2782,2783,2784,2785,2793,2794,2788,2792,2796,2790,2795,2797,2789],"class_list":{"0":"post-5470","1":"product","2":"type-product","3":"status-publish","4":"has-post-thumbnail","6":"product_cat-compra-ricerca-prodotti-chimici","7":"product_tag-acquistare-th-pvp-cristallo-di-roccia-online","8":"product_tag-buy-th-pvp-rock-crystal-usa","9":"product_tag-acquistato-esimo-pvp-cristallo-di-roccia","10":"product_tag-buy-th-pvp-rock-crystal-stimulants","11":"product_tag-acquista-esimo-pvp-cristallo-di-roccia","12":"product_tag-th-pvp-cristallo-di-rocca","13":"product_tag-th-pvp-cristallo-di-roccia-online","14":"product_tag-dove-comprare-il-cristallo-di-roccia-pvp","15":"product_tag-mail-th-pvp-rock-crystal","16":"product_tag-order-th-pvp-rock-crystal","17":"product_tag-order-th-pvp-rock-crystal-eu","18":"product_tag-order-th-pvp-rock-crystal-online","19":"product_tag-th-pvp-recensione-cristallo-di-roccia","20":"product_tag-th-pvp-cristallo-di-rocca-stimolanti","21":"product_tag-th-pvp-cristallo-di-roccia-australia","22":"product_tag-th-pvp-rock-crystal-reddit","23":"product_tag-th-pvp-fornitore-di-cristalli-di-rocca","24":"product_tag-th-pvp-rock-crystal-for-sale-uk","25":"product_tag-th-pvp-rock-cristallo-stimolanti-in-vendita","26":"product_tag-th-pvp-venditore-di-cristalli-di-rocca","27":"product_tag-th-pvp-cristallo-di-roccia-in-vendita","29":"first","30":"instock","31":"shipping-taxable","32":"purchasable","33":"product-type-variable","34":"has-default-attributes"},"yoast_head":"<!-- This site is optimized with the Yoast SEO plugin v27.3 - https:\/\/yoast.com\/product\/yoast-seo-wordpress\/ -->\n<title>Acquista cristallo TH-PVP economico online - Best Global Medicina<\/title>\n<meta name=\"description\" content=\"Acquista online il cristallo TH-PVP a buon mercato. Cristallo TH-PVP reale online \u2013 Cristallo TH-PVP in vendita | Acquista TH-PVP Crystal online | Acquista polvere di cristallo TH-PVP in vendita| Acquista polvere di cristallo TH-PVP a buon mercato | Dove acquistare online la polvere di cristallo TH-PVP.\" \/>\n<meta name=\"robots\" content=\"index, follow, max-snippet:-1, max-image-preview:large, max-video-preview:-1\" \/>\n<link rel=\"canonical\" href=\"https:\/\/medicinasinc.com\/it\/product\/acquista-esimo-pvp-cristallo\/\" \/>\n<meta property=\"og:locale\" content=\"it_IT\" \/>\n<meta property=\"og:type\" content=\"article\" \/>\n<meta property=\"og:title\" content=\"Acquista cristallo TH-PVP economico online - Best Global Medicina\" \/>\n<meta property=\"og:description\" content=\"Acquista online il cristallo TH-PVP a buon mercato. Cristallo TH-PVP reale online \u2013 Cristallo TH-PVP in vendita | Acquista TH-PVP Crystal online | Acquista polvere di cristallo TH-PVP in vendita| Acquista polvere di cristallo TH-PVP a buon mercato | Dove acquistare online la polvere di cristallo TH-PVP.\" \/>\n<meta property=\"og:url\" content=\"https:\/\/medicinasinc.com\/it\/product\/acquista-esimo-pvp-cristallo\/\" \/>\n<meta property=\"og:site_name\" content=\"Medicinas Inc\" \/>\n<meta property=\"article:modified_time\" content=\"2022-08-04T08:39:49+00:00\" \/>\n<meta property=\"og:image\" content=\"https:\/\/medicinasinc.com\/it\/wp-content\/uploads\/sites\/4\/2022\/02\/buy-cheap-th-pvp-crystal-online.jpg\" \/>\n\t<meta property=\"og:image:width\" content=\"600\" \/>\n\t<meta property=\"og:image:height\" content=\"600\" \/>\n\t<meta property=\"og:image:type\" content=\"image\/jpeg\" \/>\n<meta name=\"twitter:card\" content=\"summary_large_image\" \/>\n<meta name=\"twitter:label1\" content=\"Tempo di lettura stimato\" \/>\n\t<meta name=\"twitter:data1\" content=\"2 minuti\" \/>\n<script type=\"application\/ld+json\" class=\"yoast-schema-graph\">{\"@context\":\"https:\\\/\\\/schema.org\",\"@graph\":[{\"@type\":\"WebPage\",\"@id\":\"https:\\\/\\\/medicinasinc.com\\\/it\\\/product\\\/acquista-esimo-pvp-cristallo\\\/\",\"url\":\"https:\\\/\\\/medicinasinc.com\\\/it\\\/product\\\/acquista-esimo-pvp-cristallo\\\/\",\"name\":\"Acquista cristallo TH-PVP economico online - Best Global Medicina\",\"isPartOf\":{\"@id\":\"https:\\\/\\\/medicinasinc.com\\\/it\\\/#website\"},\"primaryImageOfPage\":{\"@id\":\"https:\\\/\\\/medicinasinc.com\\\/it\\\/product\\\/acquista-esimo-pvp-cristallo\\\/#primaryimage\"},\"image\":{\"@id\":\"https:\\\/\\\/medicinasinc.com\\\/it\\\/product\\\/acquista-esimo-pvp-cristallo\\\/#primaryimage\"},\"thumbnailUrl\":\"https:\\\/\\\/medicinasinc.com\\\/it\\\/wp-content\\\/uploads\\\/sites\\\/4\\\/2022\\\/02\\\/buy-cheap-th-pvp-crystal-online.jpg\",\"datePublished\":\"2022-02-22T00:06:57+00:00\",\"dateModified\":\"2022-08-04T08:39:49+00:00\",\"description\":\"Acquista online il cristallo TH-PVP a buon mercato. Cristallo TH-PVP reale online \u2013 Cristallo TH-PVP in vendita | Acquista TH-PVP Crystal online | Acquista polvere di cristallo TH-PVP in vendita| Acquista polvere di cristallo TH-PVP a buon mercato | Dove acquistare online la polvere di cristallo TH-PVP.\",\"breadcrumb\":{\"@id\":\"https:\\\/\\\/medicinasinc.com\\\/it\\\/product\\\/acquista-esimo-pvp-cristallo\\\/#breadcrumb\"},\"inLanguage\":\"it-IT\",\"potentialAction\":[{\"@type\":\"ReadAction\",\"target\":[\"https:\\\/\\\/medicinasinc.com\\\/it\\\/product\\\/acquista-esimo-pvp-cristallo\\\/\"]}]},{\"@type\":\"ImageObject\",\"inLanguage\":\"it-IT\",\"@id\":\"https:\\\/\\\/medicinasinc.com\\\/it\\\/product\\\/acquista-esimo-pvp-cristallo\\\/#primaryimage\",\"url\":\"https:\\\/\\\/medicinasinc.com\\\/it\\\/wp-content\\\/uploads\\\/sites\\\/4\\\/2022\\\/02\\\/buy-cheap-th-pvp-crystal-online.jpg\",\"contentUrl\":\"https:\\\/\\\/medicinasinc.com\\\/it\\\/wp-content\\\/uploads\\\/sites\\\/4\\\/2022\\\/02\\\/buy-cheap-th-pvp-crystal-online.jpg\",\"width\":600,\"height\":600},{\"@type\":\"BreadcrumbList\",\"@id\":\"https:\\\/\\\/medicinasinc.com\\\/it\\\/product\\\/acquista-esimo-pvp-cristallo\\\/#breadcrumb\",\"itemListElement\":[{\"@type\":\"ListItem\",\"position\":1,\"name\":\"Negozio\",\"item\":\"https:\\\/\\\/medicinasinc.com\\\/it\\\/negozio\\\/\"},{\"@type\":\"ListItem\",\"position\":2,\"name\":\"Acquista il cristallo TH-PVP\"}]},{\"@type\":\"WebSite\",\"@id\":\"https:\\\/\\\/medicinasinc.com\\\/it\\\/#website\",\"url\":\"https:\\\/\\\/medicinasinc.com\\\/it\\\/\",\"name\":\"Medicinas Inc\",\"description\":\"Health Medical Clinic\",\"potentialAction\":[{\"@type\":\"SearchAction\",\"target\":{\"@type\":\"EntryPoint\",\"urlTemplate\":\"https:\\\/\\\/medicinasinc.com\\\/it\\\/?s={search_term_string}\"},\"query-input\":{\"@type\":\"PropertyValueSpecification\",\"valueRequired\":true,\"valueName\":\"search_term_string\"}}],\"inLanguage\":\"it-IT\"}]}<\/script>\n<!-- \/ Yoast SEO plugin. -->","yoast_head_json":{"title":"Acquista cristallo TH-PVP economico online - Best Global Medicina","description":"Acquista online il cristallo TH-PVP a buon mercato. Cristallo TH-PVP reale online \u2013 Cristallo TH-PVP in vendita | Acquista TH-PVP Crystal online | Acquista polvere di cristallo TH-PVP in vendita| Acquista polvere di cristallo TH-PVP a buon mercato | Dove acquistare online la polvere di cristallo TH-PVP.","robots":{"index":"index","follow":"follow","max-snippet":"max-snippet:-1","max-image-preview":"max-image-preview:large","max-video-preview":"max-video-preview:-1"},"canonical":"https:\/\/medicinasinc.com\/it\/product\/acquista-esimo-pvp-cristallo\/","og_locale":"it_IT","og_type":"article","og_title":"Acquista cristallo TH-PVP economico online - Best Global Medicina","og_description":"Acquista online il cristallo TH-PVP a buon mercato. Cristallo TH-PVP reale online \u2013 Cristallo TH-PVP in vendita | Acquista TH-PVP Crystal online | Acquista polvere di cristallo TH-PVP in vendita| Acquista polvere di cristallo TH-PVP a buon mercato | Dove acquistare online la polvere di cristallo TH-PVP.","og_url":"https:\/\/medicinasinc.com\/it\/product\/acquista-esimo-pvp-cristallo\/","og_site_name":"Medicinas Inc","article_modified_time":"2022-08-04T08:39:49+00:00","og_image":[{"width":600,"height":600,"url":"https:\/\/medicinasinc.com\/it\/wp-content\/uploads\/sites\/4\/2022\/02\/buy-cheap-th-pvp-crystal-online.jpg","type":"image\/jpeg"}],"twitter_card":"summary_large_image","twitter_misc":{"Tempo di lettura stimato":"2 minuti"},"schema":{"@context":"https:\/\/schema.org","@graph":[{"@type":"WebPage","@id":"https:\/\/medicinasinc.com\/it\/product\/acquista-esimo-pvp-cristallo\/","url":"https:\/\/medicinasinc.com\/it\/product\/acquista-esimo-pvp-cristallo\/","name":"Acquista cristallo TH-PVP economico online - Best Global Medicina","isPartOf":{"@id":"https:\/\/medicinasinc.com\/it\/#website"},"primaryImageOfPage":{"@id":"https:\/\/medicinasinc.com\/it\/product\/acquista-esimo-pvp-cristallo\/#primaryimage"},"image":{"@id":"https:\/\/medicinasinc.com\/it\/product\/acquista-esimo-pvp-cristallo\/#primaryimage"},"thumbnailUrl":"https:\/\/medicinasinc.com\/it\/wp-content\/uploads\/sites\/4\/2022\/02\/buy-cheap-th-pvp-crystal-online.jpg","datePublished":"2022-02-22T00:06:57+00:00","dateModified":"2022-08-04T08:39:49+00:00","description":"Acquista online il cristallo TH-PVP a buon mercato. Cristallo TH-PVP reale online \u2013 Cristallo TH-PVP in vendita | Acquista TH-PVP Crystal online | Acquista polvere di cristallo TH-PVP in vendita| Acquista polvere di cristallo TH-PVP a buon mercato | Dove acquistare online la polvere di cristallo TH-PVP.","breadcrumb":{"@id":"https:\/\/medicinasinc.com\/it\/product\/acquista-esimo-pvp-cristallo\/#breadcrumb"},"inLanguage":"it-IT","potentialAction":[{"@type":"ReadAction","target":["https:\/\/medicinasinc.com\/it\/product\/acquista-esimo-pvp-cristallo\/"]}]},{"@type":"ImageObject","inLanguage":"it-IT","@id":"https:\/\/medicinasinc.com\/it\/product\/acquista-esimo-pvp-cristallo\/#primaryimage","url":"https:\/\/medicinasinc.com\/it\/wp-content\/uploads\/sites\/4\/2022\/02\/buy-cheap-th-pvp-crystal-online.jpg","contentUrl":"https:\/\/medicinasinc.com\/it\/wp-content\/uploads\/sites\/4\/2022\/02\/buy-cheap-th-pvp-crystal-online.jpg","width":600,"height":600},{"@type":"BreadcrumbList","@id":"https:\/\/medicinasinc.com\/it\/product\/acquista-esimo-pvp-cristallo\/#breadcrumb","itemListElement":[{"@type":"ListItem","position":1,"name":"Negozio","item":"https:\/\/medicinasinc.com\/it\/negozio\/"},{"@type":"ListItem","position":2,"name":"Acquista il cristallo TH-PVP"}]},{"@type":"WebSite","@id":"https:\/\/medicinasinc.com\/it\/#website","url":"https:\/\/medicinasinc.com\/it\/","name":"Medicinas Inc","description":"Health Medical Clinic","potentialAction":[{"@type":"SearchAction","target":{"@type":"EntryPoint","urlTemplate":"https:\/\/medicinasinc.com\/it\/?s={search_term_string}"},"query-input":{"@type":"PropertyValueSpecification","valueRequired":true,"valueName":"search_term_string"}}],"inLanguage":"it-IT"}]}},"_links":{"self":[{"href":"https:\/\/medicinasinc.com\/it\/wp-json\/wp\/v2\/product\/5470","targetHints":{"allow":["GET"]}}],"collection":[{"href":"https:\/\/medicinasinc.com\/it\/wp-json\/wp\/v2\/product"}],"about":[{"href":"https:\/\/medicinasinc.com\/it\/wp-json\/wp\/v2\/types\/product"}],"replies":[{"embeddable":true,"href":"https:\/\/medicinasinc.com\/it\/wp-json\/wp\/v2\/comments?post=5470"}],"wp:featuredmedia":[{"embeddable":true,"href":"https:\/\/medicinasinc.com\/it\/wp-json\/wp\/v2\/media\/5481"}],"wp:attachment":[{"href":"https:\/\/medicinasinc.com\/it\/wp-json\/wp\/v2\/media?parent=5470"}],"wp:term":[{"taxonomy":"product_brand","embeddable":true,"href":"https:\/\/medicinasinc.com\/it\/wp-json\/wp\/v2\/product_brand?post=5470"},{"taxonomy":"product_cat","embeddable":true,"href":"https:\/\/medicinasinc.com\/it\/wp-json\/wp\/v2\/product_cat?post=5470"},{"taxonomy":"product_tag","embeddable":true,"href":"https:\/\/medicinasinc.com\/it\/wp-json\/wp\/v2\/product_tag?post=5470"}],"curies":[{"name":"wp","href":"https:\/\/api.w.org\/{rel}","templated":true}]}}