{"id":5468,"date":"2022-02-22T00:04:03","date_gmt":"2022-02-22T00:04:03","guid":{"rendered":"https:\/\/medicinasinc.com\/it\/?post_type=product&#038;p=5468"},"modified":"2022-03-17T00:14:15","modified_gmt":"2022-03-17T00:14:15","slug":"buy-4-cl-pvp-cristalli","status":"publish","type":"product","link":"https:\/\/medicinasinc.com\/it\/product\/buy-4-cl-pvp-cristalli\/","title":{"rendered":"Acquista cristalli 4-CL-PVP"},"content":{"rendered":"<p>Che cos&#8217;\u00e8 esattamente 4-CL-PVP?<\/p>\n<p>L&#8217;equivalente cristallino di a-PVP \u00e8 4-CL-PVP. \u00c8 uno stimolante classico. Le indagini di ricerca 4-CL-PVP producono spesso risultati di loquacit\u00e0, maggiore prontezza, maggiore energia e altri effetti stimolanti. I PVP con effetti 4-CL spesso durano meno di tre ore. Inoltre, \u00e8 stato segnalato che la sostanza genera effetti euforici da lievi a gravi. I ricercatori che cercano un sostituto per un PVP troveranno 4-CL-PVP un sostituto accettabile. 4-CL-PVP \u00e8 un inibitore della ricaptazione della noradrenalina e della dopamina. Questo fatto contribuisce in modo significativo alle propriet\u00e0 stimolanti di questa sostanza chimica.<\/p>\n<p>Dove posso acquistare 4-CL-PVP?<\/p>\n<p>Chemical Planet vende 4-CL-PVP di altissima qualit\u00e0. Tipicamente, il nostro 4-CL-PVP viene fornito in forma cristallina. Se non vedi il modulo che stai cercando, contattaci per sapere quando sar\u00e0 nuovamente disponibile.<\/p>\n<p>Se desideri acquistare 4-Cl-PVP da Chemical Planet, devi essere a almeno 18 anni e pienamente conforme a tutte le leggi locali in materia di ricerca chimica. I nostri composti sono destinati esclusivamente alla ricerca e non sono destinati al consumo umano o animale.<\/p>\n<p>&nbsp;<\/p>\n<p>Legalit\u00e0 del 4-CL-PVP<\/p>\n<p>La maggior parte dei i paesi di tutto il mondo si sono astenuti dal dichiarare 4-CL-PVP una sostanza chimica vietata. Ci\u00f2 significa che non \u00e8 pianificato nella maggior parte delle localit\u00e0. Se hai bisogno di ulteriori informazioni sullo stato legale di 4-CL-PVP, contatta le tue autorit\u00e0 federali.<\/p>\n<p>Conservare sempre in un luogo fresco e asciutto per garantire la durata di conservazione pi\u00f9 lunga possibile. Questo prodotto \u00e8 destinato esclusivamente a scopi forensi e di ricerca. In quanto tale, NON \u00e8 inteso per il consumo umano o qualsiasi tipo di sperimentazione in vivo su animali o qualsiasi altro essere vivente.<\/p>\n","protected":false},"excerpt":{"rendered":"<p>Cristalli 4-CL-PVP in vendita nel Regno Unito, in Europa e nell&#8217;Unione Europea. Acquista cristalli 4-CL-PVP online al miglior prezzo, con spedizione gratuita disponibile in tutto il mondo.<\/p>\n<p>In vendita ci sono cristalli 4-CL-PVP.<\/p>\n<p>Acquista cristalli 4-CL-PVP online al miglior prezzo, con spedizione gratuita disponibile in tutto il mondo.<\/p>\n<p>Acquista i cristalli 4-CL-PVP con uno sconto online.<\/p>\n<p>Il cristallo 4-CL-PVP \u00e8 un nuovo stimolante e controparte del popolare a-PVP.<\/p>\n","protected":false},"featured_media":5477,"comment_status":"open","ping_status":"closed","template":"","meta":[],"product_brand":[],"product_cat":[2014],"product_tag":[2742,2738,2740,2741,2743,2744,2745,2746,2747,2739],"class_list":{"0":"post-5468","1":"product","2":"type-product","3":"status-publish","4":"has-post-thumbnail","6":"product_cat-compra-ricerca-prodotti-chimici","7":"product_tag-4-cl-pvp-ordine","8":"product_tag-4-cl-pvp-cristalli-in-vendita","9":"product_tag-4-cl-pvp-europa","10":"product_tag-4-cl-pvp-in-vendita","11":"product_tag-4-cl-pvp-reddit","12":"product_tag-buy-4-cl-pvp","13":"product_tag-acquista-4-cl-pvp-cristallo-online","14":"product_tag-acquista-4-cl-pvp-cristalli-online","15":"product_tag-dove-acquistare-4-cl-pvp-cristalli-online","16":"product_tag-4-cl-effetto-pvp","18":"first","19":"instock","20":"shipping-taxable","21":"purchasable","22":"product-type-variable","23":"has-default-attributes"},"yoast_head":"<!-- This site is optimized with the Yoast SEO plugin v27.3 - https:\/\/yoast.com\/product\/yoast-seo-wordpress\/ -->\n<title>Acquista cristalli 4-CL-PVP - Cristalli 4-CL-PVP - I migliori farmaci globali<\/title>\n<meta name=\"description\" content=\"Acquista cristalli 4-CL-PVP in vendita nel Regno Unito, in Europa, nell&#039;UE. Acquista cristalli 4-CL-PVP\u00a0online, spedizione gratuita di alta qualit\u00e0 disponibile in tutto il mondo, il pi\u00f9 economico in assoluto, il miglior prezzo su ordinazione.\" \/>\n<meta name=\"robots\" content=\"index, follow, max-snippet:-1, max-image-preview:large, max-video-preview:-1\" \/>\n<link rel=\"canonical\" href=\"https:\/\/medicinasinc.com\/it\/product\/buy-4-cl-pvp-cristalli\/\" \/>\n<meta property=\"og:locale\" content=\"it_IT\" \/>\n<meta property=\"og:type\" content=\"article\" \/>\n<meta property=\"og:title\" content=\"Acquista cristalli 4-CL-PVP - Cristalli 4-CL-PVP - I migliori farmaci globali\" \/>\n<meta property=\"og:description\" content=\"Acquista cristalli 4-CL-PVP in vendita nel Regno Unito, in Europa, nell&#039;UE. Acquista cristalli 4-CL-PVP\u00a0online, spedizione gratuita di alta qualit\u00e0 disponibile in tutto il mondo, il pi\u00f9 economico in assoluto, il miglior prezzo su ordinazione.\" \/>\n<meta property=\"og:url\" content=\"https:\/\/medicinasinc.com\/it\/product\/buy-4-cl-pvp-cristalli\/\" \/>\n<meta property=\"og:site_name\" content=\"Medicinas Inc\" \/>\n<meta property=\"article:modified_time\" content=\"2022-03-17T00:14:15+00:00\" \/>\n<meta property=\"og:image\" content=\"https:\/\/medicinasinc.com\/it\/wp-content\/uploads\/sites\/4\/2022\/02\/Buy-4-CL-PVP-Crystals.jpg\" \/>\n\t<meta property=\"og:image:width\" content=\"275\" \/>\n\t<meta property=\"og:image:height\" content=\"183\" \/>\n\t<meta property=\"og:image:type\" content=\"image\/jpeg\" \/>\n<meta name=\"twitter:card\" content=\"summary_large_image\" \/>\n<meta name=\"twitter:label1\" content=\"Tempo di lettura stimato\" \/>\n\t<meta name=\"twitter:data1\" content=\"2 minuti\" \/>\n<script type=\"application\/ld+json\" class=\"yoast-schema-graph\">{\"@context\":\"https:\\\/\\\/schema.org\",\"@graph\":[{\"@type\":\"WebPage\",\"@id\":\"https:\\\/\\\/medicinasinc.com\\\/it\\\/product\\\/buy-4-cl-pvp-cristalli\\\/\",\"url\":\"https:\\\/\\\/medicinasinc.com\\\/it\\\/product\\\/buy-4-cl-pvp-cristalli\\\/\",\"name\":\"Acquista cristalli 4-CL-PVP - Cristalli 4-CL-PVP - I migliori farmaci globali\",\"isPartOf\":{\"@id\":\"https:\\\/\\\/medicinasinc.com\\\/it\\\/#website\"},\"primaryImageOfPage\":{\"@id\":\"https:\\\/\\\/medicinasinc.com\\\/it\\\/product\\\/buy-4-cl-pvp-cristalli\\\/#primaryimage\"},\"image\":{\"@id\":\"https:\\\/\\\/medicinasinc.com\\\/it\\\/product\\\/buy-4-cl-pvp-cristalli\\\/#primaryimage\"},\"thumbnailUrl\":\"https:\\\/\\\/medicinasinc.com\\\/it\\\/wp-content\\\/uploads\\\/sites\\\/4\\\/2022\\\/02\\\/Buy-4-CL-PVP-Crystals.jpg\",\"datePublished\":\"2022-02-22T00:04:03+00:00\",\"dateModified\":\"2022-03-17T00:14:15+00:00\",\"description\":\"Acquista cristalli 4-CL-PVP in vendita nel Regno Unito, in Europa, nell'UE. Acquista cristalli 4-CL-PVP\u00a0online, spedizione gratuita di alta qualit\u00e0 disponibile in tutto il mondo, il pi\u00f9 economico in assoluto, il miglior prezzo su ordinazione.\",\"breadcrumb\":{\"@id\":\"https:\\\/\\\/medicinasinc.com\\\/it\\\/product\\\/buy-4-cl-pvp-cristalli\\\/#breadcrumb\"},\"inLanguage\":\"it-IT\",\"potentialAction\":[{\"@type\":\"ReadAction\",\"target\":[\"https:\\\/\\\/medicinasinc.com\\\/it\\\/product\\\/buy-4-cl-pvp-cristalli\\\/\"]}]},{\"@type\":\"ImageObject\",\"inLanguage\":\"it-IT\",\"@id\":\"https:\\\/\\\/medicinasinc.com\\\/it\\\/product\\\/buy-4-cl-pvp-cristalli\\\/#primaryimage\",\"url\":\"https:\\\/\\\/medicinasinc.com\\\/it\\\/wp-content\\\/uploads\\\/sites\\\/4\\\/2022\\\/02\\\/Buy-4-CL-PVP-Crystals.jpg\",\"contentUrl\":\"https:\\\/\\\/medicinasinc.com\\\/it\\\/wp-content\\\/uploads\\\/sites\\\/4\\\/2022\\\/02\\\/Buy-4-CL-PVP-Crystals.jpg\",\"width\":275,\"height\":183},{\"@type\":\"BreadcrumbList\",\"@id\":\"https:\\\/\\\/medicinasinc.com\\\/it\\\/product\\\/buy-4-cl-pvp-cristalli\\\/#breadcrumb\",\"itemListElement\":[{\"@type\":\"ListItem\",\"position\":1,\"name\":\"Negozio\",\"item\":\"https:\\\/\\\/medicinasinc.com\\\/it\\\/negozio\\\/\"},{\"@type\":\"ListItem\",\"position\":2,\"name\":\"Acquista cristalli 4-CL-PVP\"}]},{\"@type\":\"WebSite\",\"@id\":\"https:\\\/\\\/medicinasinc.com\\\/it\\\/#website\",\"url\":\"https:\\\/\\\/medicinasinc.com\\\/it\\\/\",\"name\":\"Medicinas Inc\",\"description\":\"Health Medical Clinic\",\"potentialAction\":[{\"@type\":\"SearchAction\",\"target\":{\"@type\":\"EntryPoint\",\"urlTemplate\":\"https:\\\/\\\/medicinasinc.com\\\/it\\\/?s={search_term_string}\"},\"query-input\":{\"@type\":\"PropertyValueSpecification\",\"valueRequired\":true,\"valueName\":\"search_term_string\"}}],\"inLanguage\":\"it-IT\"}]}<\/script>\n<!-- \/ Yoast SEO plugin. -->","yoast_head_json":{"title":"Acquista cristalli 4-CL-PVP - Cristalli 4-CL-PVP - I migliori farmaci globali","description":"Acquista cristalli 4-CL-PVP in vendita nel Regno Unito, in Europa, nell'UE. Acquista cristalli 4-CL-PVP\u00a0online, spedizione gratuita di alta qualit\u00e0 disponibile in tutto il mondo, il pi\u00f9 economico in assoluto, il miglior prezzo su ordinazione.","robots":{"index":"index","follow":"follow","max-snippet":"max-snippet:-1","max-image-preview":"max-image-preview:large","max-video-preview":"max-video-preview:-1"},"canonical":"https:\/\/medicinasinc.com\/it\/product\/buy-4-cl-pvp-cristalli\/","og_locale":"it_IT","og_type":"article","og_title":"Acquista cristalli 4-CL-PVP - Cristalli 4-CL-PVP - I migliori farmaci globali","og_description":"Acquista cristalli 4-CL-PVP in vendita nel Regno Unito, in Europa, nell'UE. Acquista cristalli 4-CL-PVP\u00a0online, spedizione gratuita di alta qualit\u00e0 disponibile in tutto il mondo, il pi\u00f9 economico in assoluto, il miglior prezzo su ordinazione.","og_url":"https:\/\/medicinasinc.com\/it\/product\/buy-4-cl-pvp-cristalli\/","og_site_name":"Medicinas Inc","article_modified_time":"2022-03-17T00:14:15+00:00","og_image":[{"width":275,"height":183,"url":"https:\/\/medicinasinc.com\/it\/wp-content\/uploads\/sites\/4\/2022\/02\/Buy-4-CL-PVP-Crystals.jpg","type":"image\/jpeg"}],"twitter_card":"summary_large_image","twitter_misc":{"Tempo di lettura stimato":"2 minuti"},"schema":{"@context":"https:\/\/schema.org","@graph":[{"@type":"WebPage","@id":"https:\/\/medicinasinc.com\/it\/product\/buy-4-cl-pvp-cristalli\/","url":"https:\/\/medicinasinc.com\/it\/product\/buy-4-cl-pvp-cristalli\/","name":"Acquista cristalli 4-CL-PVP - Cristalli 4-CL-PVP - I migliori farmaci globali","isPartOf":{"@id":"https:\/\/medicinasinc.com\/it\/#website"},"primaryImageOfPage":{"@id":"https:\/\/medicinasinc.com\/it\/product\/buy-4-cl-pvp-cristalli\/#primaryimage"},"image":{"@id":"https:\/\/medicinasinc.com\/it\/product\/buy-4-cl-pvp-cristalli\/#primaryimage"},"thumbnailUrl":"https:\/\/medicinasinc.com\/it\/wp-content\/uploads\/sites\/4\/2022\/02\/Buy-4-CL-PVP-Crystals.jpg","datePublished":"2022-02-22T00:04:03+00:00","dateModified":"2022-03-17T00:14:15+00:00","description":"Acquista cristalli 4-CL-PVP in vendita nel Regno Unito, in Europa, nell'UE. Acquista cristalli 4-CL-PVP\u00a0online, spedizione gratuita di alta qualit\u00e0 disponibile in tutto il mondo, il pi\u00f9 economico in assoluto, il miglior prezzo su ordinazione.","breadcrumb":{"@id":"https:\/\/medicinasinc.com\/it\/product\/buy-4-cl-pvp-cristalli\/#breadcrumb"},"inLanguage":"it-IT","potentialAction":[{"@type":"ReadAction","target":["https:\/\/medicinasinc.com\/it\/product\/buy-4-cl-pvp-cristalli\/"]}]},{"@type":"ImageObject","inLanguage":"it-IT","@id":"https:\/\/medicinasinc.com\/it\/product\/buy-4-cl-pvp-cristalli\/#primaryimage","url":"https:\/\/medicinasinc.com\/it\/wp-content\/uploads\/sites\/4\/2022\/02\/Buy-4-CL-PVP-Crystals.jpg","contentUrl":"https:\/\/medicinasinc.com\/it\/wp-content\/uploads\/sites\/4\/2022\/02\/Buy-4-CL-PVP-Crystals.jpg","width":275,"height":183},{"@type":"BreadcrumbList","@id":"https:\/\/medicinasinc.com\/it\/product\/buy-4-cl-pvp-cristalli\/#breadcrumb","itemListElement":[{"@type":"ListItem","position":1,"name":"Negozio","item":"https:\/\/medicinasinc.com\/it\/negozio\/"},{"@type":"ListItem","position":2,"name":"Acquista cristalli 4-CL-PVP"}]},{"@type":"WebSite","@id":"https:\/\/medicinasinc.com\/it\/#website","url":"https:\/\/medicinasinc.com\/it\/","name":"Medicinas Inc","description":"Health Medical Clinic","potentialAction":[{"@type":"SearchAction","target":{"@type":"EntryPoint","urlTemplate":"https:\/\/medicinasinc.com\/it\/?s={search_term_string}"},"query-input":{"@type":"PropertyValueSpecification","valueRequired":true,"valueName":"search_term_string"}}],"inLanguage":"it-IT"}]}},"_links":{"self":[{"href":"https:\/\/medicinasinc.com\/it\/wp-json\/wp\/v2\/product\/5468","targetHints":{"allow":["GET"]}}],"collection":[{"href":"https:\/\/medicinasinc.com\/it\/wp-json\/wp\/v2\/product"}],"about":[{"href":"https:\/\/medicinasinc.com\/it\/wp-json\/wp\/v2\/types\/product"}],"replies":[{"embeddable":true,"href":"https:\/\/medicinasinc.com\/it\/wp-json\/wp\/v2\/comments?post=5468"}],"wp:featuredmedia":[{"embeddable":true,"href":"https:\/\/medicinasinc.com\/it\/wp-json\/wp\/v2\/media\/5477"}],"wp:attachment":[{"href":"https:\/\/medicinasinc.com\/it\/wp-json\/wp\/v2\/media?parent=5468"}],"wp:term":[{"taxonomy":"product_brand","embeddable":true,"href":"https:\/\/medicinasinc.com\/it\/wp-json\/wp\/v2\/product_brand?post=5468"},{"taxonomy":"product_cat","embeddable":true,"href":"https:\/\/medicinasinc.com\/it\/wp-json\/wp\/v2\/product_cat?post=5468"},{"taxonomy":"product_tag","embeddable":true,"href":"https:\/\/medicinasinc.com\/it\/wp-json\/wp\/v2\/product_tag?post=5468"}],"curies":[{"name":"wp","href":"https:\/\/api.w.org\/{rel}","templated":true}]}}