{"id":5443,"date":"2022-02-21T23:37:16","date_gmt":"2022-02-21T23:37:16","guid":{"rendered":"https:\/\/medicinasinc.com\/it\/?post_type=product&#038;p=5443"},"modified":"2022-03-17T00:16:37","modified_gmt":"2022-03-17T00:16:37","slug":"comprare-bufedrone-polvere","status":"publish","type":"product","link":"https:\/\/medicinasinc.com\/it\/product\/comprare-bufedrone-polvere\/","title":{"rendered":"Acquista polvere di bufedrone"},"content":{"rendered":"<p>Acquista Buphedrone in polvere<\/p>\n<p>Sfoglia il nostro catalogo online Acquista Buphedrone in polvere o cristalli. Offriamo prodotti di alta qualit\u00e0 a prezzi ragionevoli. Gli ordini con un &#8220;subtotale&#8221; di almeno 10 g riceveranno uno sconto del 25%.<\/p>\n<p>Cos&#8217;\u00e8 esattamente il bufedrone?<br \/> Questa nota sostanza chimica di ricerca \u00e8 uno stimolante delle classi chimiche della fenetilamina e del catinone. Il bufedrone \u00e8 un beta-chetone correlato ai composti naturali catinone e catina. \u00c8 anche noto come -metilammino-butirrofenone o fenilacetoetil-metilammina.<\/p>\n<p>Buphedrone in polvere\/Acquista buphedrone in polvere<\/p>\n<p>Buphedrone in polvere<\/p>\n<p>\u00c8 anche correlato alla metanfetamina, con il sostituente -chetone (al carbonio beta) e un gruppo etilico che sostituisce il gruppo metile al carbonio alfa dell&#8217;ammina. I suoi effetti sui soggetti del test sono stati confrontati con quelli della metanfetamina, con pi\u00f9 euforia e meno stimolazione fisica osservati negli studi. Aumenta il rilascio di dopamina dai terminali nervosi dopaminergici nel cervello.<\/p>\n<p>Buphedron in polvere<\/p>\n<p>I sostituti del catinone, come l&#8217;etcatinone, sono composti psicoattivi comunemente usati come droghe ricreative.<\/p>\n<p>Alcuni di loro hanno effetti simili all&#8217;anfetamina.<\/p>\n<p>3 Il bufedrone (cloridrato) \u00e8 un catinone sostituito con un gruppo etilico in posizione alfa e un gruppo metilico all&#8217;N-terminale. Questo composto \u00e8 stato trovato in prodotti correlati agli stimolanti. 2 Le sue propriet\u00e0 biologiche e tossicologiche devono ancora essere determinate. Questo prodotto \u00e8 destinato all&#8217;uso forense.<\/p>\n","protected":false},"excerpt":{"rendered":"<div class=\"woocommerce-product-details__short-description\">\n<p><em>Acquista<\/em>\u00a0di alta qualit\u00e0 pura\u00a0<em>Polvere di bufedrone<\/em>\u00a0online con Bitcoin &#8211; <em>Acquista<\/em>\u00a0farmaci legali online,\u00a0<em>acquista<\/em>\u00a0prodotti chimici di ricerca,\u00a0<em>acquista<\/em>\u00a0farmaci grezzi\u00a0<em>polveri<\/em>.<\/p>\n<p>Acquista Polvere di bufedrone negli Stati Uniti Acquista in blocco Buphedrone, noto anche come MABP, \u00e8 uno stimolante della classe chimica di fenetilamina e catinone.<\/p>\n<p>Acquista polvere di bufedrone online.<\/p>\n<p>Buphedrone, noto anche come -metilammino -butirrofenone (MABP), \u00e8 uno stimolante della fenetilamina e del catinone sintetizzato per la prima volta nel 1928.<\/p>\n<\/p><\/div>\n","protected":false},"featured_media":5455,"comment_status":"open","ping_status":"closed","template":"","meta":[],"product_brand":[],"product_cat":[2014],"product_tag":[2734,2730,2731,2728,2729,2737,2727,2735,2726,2736,2732,2733],"class_list":{"0":"post-5443","1":"product","2":"type-product","3":"status-publish","4":"has-post-thumbnail","6":"product_cat-compra-ricerca-prodotti-chimici","7":"product_tag-comprare-bufedrone-polvere","8":"product_tag-buphedrone-polvere-germania","9":"product_tag-buphedrone-polvere-italia","10":"product_tag-buphedrone-powder-europe","11":"product_tag-buphedrone-powder-for-sale","12":"product_tag-dove-acquistare-polvere-di-bufedrone","13":"product_tag-effetto-polvere-di-bufedrone","14":"product_tag-ordine-bufedrone-polvere","15":"product_tag-polvere-di-bufedrone","16":"product_tag-polvere-di-bufedrone-di-qualit","17":"product_tag-buphedrone-polvere-reddit","18":"product_tag-buphedrone-polvere-uk","20":"first","21":"instock","22":"shipping-taxable","23":"purchasable","24":"product-type-variable"},"yoast_head":"<!-- This site is optimized with the Yoast SEO plugin v27.3 - https:\/\/yoast.com\/product\/yoast-seo-wordpress\/ -->\n<title>Acquista polvere di buphedrone - Polvere di buphedrone - Best Global Meds<\/title>\n<meta name=\"description\" content=\"Acquista polvere di bufedrone in vendita nel Regno Unito, nell&#039;UE, in Europa (\u03b1-metilammino-butirrofenone o MABP) Cristallo e polvere con una purezza del 99,9% online con .\" \/>\n<meta name=\"robots\" content=\"index, follow, max-snippet:-1, max-image-preview:large, max-video-preview:-1\" \/>\n<link rel=\"canonical\" href=\"https:\/\/medicinasinc.com\/it\/product\/comprare-bufedrone-polvere\/\" \/>\n<meta property=\"og:locale\" content=\"it_IT\" \/>\n<meta property=\"og:type\" content=\"article\" \/>\n<meta property=\"og:title\" content=\"Acquista polvere di buphedrone - Polvere di buphedrone - Best Global Meds\" \/>\n<meta property=\"og:description\" content=\"Acquista polvere di bufedrone in vendita nel Regno Unito, nell&#039;UE, in Europa (\u03b1-metilammino-butirrofenone o MABP) Cristallo e polvere con una purezza del 99,9% online con .\" \/>\n<meta property=\"og:url\" content=\"https:\/\/medicinasinc.com\/it\/product\/comprare-bufedrone-polvere\/\" \/>\n<meta property=\"og:site_name\" content=\"Medicinas Inc\" \/>\n<meta property=\"article:modified_time\" content=\"2022-03-17T00:16:37+00:00\" \/>\n<meta property=\"og:image\" content=\"https:\/\/medicinasinc.com\/it\/wp-content\/uploads\/sites\/4\/2022\/02\/Buy-Buphedrone-powder.png\" \/>\n\t<meta property=\"og:image:width\" content=\"600\" \/>\n\t<meta property=\"og:image:height\" content=\"400\" \/>\n\t<meta property=\"og:image:type\" content=\"image\/png\" \/>\n<meta name=\"twitter:card\" content=\"summary_large_image\" \/>\n<meta name=\"twitter:label1\" content=\"Tempo di lettura stimato\" \/>\n\t<meta name=\"twitter:data1\" content=\"1 minuto\" \/>\n<script type=\"application\/ld+json\" class=\"yoast-schema-graph\">{\"@context\":\"https:\\\/\\\/schema.org\",\"@graph\":[{\"@type\":\"WebPage\",\"@id\":\"https:\\\/\\\/medicinasinc.com\\\/it\\\/product\\\/comprare-bufedrone-polvere\\\/\",\"url\":\"https:\\\/\\\/medicinasinc.com\\\/it\\\/product\\\/comprare-bufedrone-polvere\\\/\",\"name\":\"Acquista polvere di buphedrone - Polvere di buphedrone - Best Global Meds\",\"isPartOf\":{\"@id\":\"https:\\\/\\\/medicinasinc.com\\\/it\\\/#website\"},\"primaryImageOfPage\":{\"@id\":\"https:\\\/\\\/medicinasinc.com\\\/it\\\/product\\\/comprare-bufedrone-polvere\\\/#primaryimage\"},\"image\":{\"@id\":\"https:\\\/\\\/medicinasinc.com\\\/it\\\/product\\\/comprare-bufedrone-polvere\\\/#primaryimage\"},\"thumbnailUrl\":\"https:\\\/\\\/medicinasinc.com\\\/it\\\/wp-content\\\/uploads\\\/sites\\\/4\\\/2022\\\/02\\\/Buy-Buphedrone-powder.png\",\"datePublished\":\"2022-02-21T23:37:16+00:00\",\"dateModified\":\"2022-03-17T00:16:37+00:00\",\"description\":\"Acquista polvere di bufedrone in vendita nel Regno Unito, nell'UE, in Europa (\u03b1-metilammino-butirrofenone o MABP) Cristallo e polvere con una purezza del 99,9% online con .\",\"breadcrumb\":{\"@id\":\"https:\\\/\\\/medicinasinc.com\\\/it\\\/product\\\/comprare-bufedrone-polvere\\\/#breadcrumb\"},\"inLanguage\":\"it-IT\",\"potentialAction\":[{\"@type\":\"ReadAction\",\"target\":[\"https:\\\/\\\/medicinasinc.com\\\/it\\\/product\\\/comprare-bufedrone-polvere\\\/\"]}]},{\"@type\":\"ImageObject\",\"inLanguage\":\"it-IT\",\"@id\":\"https:\\\/\\\/medicinasinc.com\\\/it\\\/product\\\/comprare-bufedrone-polvere\\\/#primaryimage\",\"url\":\"https:\\\/\\\/medicinasinc.com\\\/it\\\/wp-content\\\/uploads\\\/sites\\\/4\\\/2022\\\/02\\\/Buy-Buphedrone-powder.png\",\"contentUrl\":\"https:\\\/\\\/medicinasinc.com\\\/it\\\/wp-content\\\/uploads\\\/sites\\\/4\\\/2022\\\/02\\\/Buy-Buphedrone-powder.png\",\"width\":600,\"height\":400},{\"@type\":\"BreadcrumbList\",\"@id\":\"https:\\\/\\\/medicinasinc.com\\\/it\\\/product\\\/comprare-bufedrone-polvere\\\/#breadcrumb\",\"itemListElement\":[{\"@type\":\"ListItem\",\"position\":1,\"name\":\"Negozio\",\"item\":\"https:\\\/\\\/medicinasinc.com\\\/it\\\/negozio\\\/\"},{\"@type\":\"ListItem\",\"position\":2,\"name\":\"Acquista polvere di bufedrone\"}]},{\"@type\":\"WebSite\",\"@id\":\"https:\\\/\\\/medicinasinc.com\\\/it\\\/#website\",\"url\":\"https:\\\/\\\/medicinasinc.com\\\/it\\\/\",\"name\":\"Medicinas Inc\",\"description\":\"Health Medical Clinic\",\"potentialAction\":[{\"@type\":\"SearchAction\",\"target\":{\"@type\":\"EntryPoint\",\"urlTemplate\":\"https:\\\/\\\/medicinasinc.com\\\/it\\\/?s={search_term_string}\"},\"query-input\":{\"@type\":\"PropertyValueSpecification\",\"valueRequired\":true,\"valueName\":\"search_term_string\"}}],\"inLanguage\":\"it-IT\"}]}<\/script>\n<!-- \/ Yoast SEO plugin. -->","yoast_head_json":{"title":"Acquista polvere di buphedrone - Polvere di buphedrone - Best Global Meds","description":"Acquista polvere di bufedrone in vendita nel Regno Unito, nell'UE, in Europa (\u03b1-metilammino-butirrofenone o MABP) Cristallo e polvere con una purezza del 99,9% online con .","robots":{"index":"index","follow":"follow","max-snippet":"max-snippet:-1","max-image-preview":"max-image-preview:large","max-video-preview":"max-video-preview:-1"},"canonical":"https:\/\/medicinasinc.com\/it\/product\/comprare-bufedrone-polvere\/","og_locale":"it_IT","og_type":"article","og_title":"Acquista polvere di buphedrone - Polvere di buphedrone - Best Global Meds","og_description":"Acquista polvere di bufedrone in vendita nel Regno Unito, nell'UE, in Europa (\u03b1-metilammino-butirrofenone o MABP) Cristallo e polvere con una purezza del 99,9% online con .","og_url":"https:\/\/medicinasinc.com\/it\/product\/comprare-bufedrone-polvere\/","og_site_name":"Medicinas Inc","article_modified_time":"2022-03-17T00:16:37+00:00","og_image":[{"width":600,"height":400,"url":"https:\/\/medicinasinc.com\/it\/wp-content\/uploads\/sites\/4\/2022\/02\/Buy-Buphedrone-powder.png","type":"image\/png"}],"twitter_card":"summary_large_image","twitter_misc":{"Tempo di lettura stimato":"1 minuto"},"schema":{"@context":"https:\/\/schema.org","@graph":[{"@type":"WebPage","@id":"https:\/\/medicinasinc.com\/it\/product\/comprare-bufedrone-polvere\/","url":"https:\/\/medicinasinc.com\/it\/product\/comprare-bufedrone-polvere\/","name":"Acquista polvere di buphedrone - Polvere di buphedrone - Best Global Meds","isPartOf":{"@id":"https:\/\/medicinasinc.com\/it\/#website"},"primaryImageOfPage":{"@id":"https:\/\/medicinasinc.com\/it\/product\/comprare-bufedrone-polvere\/#primaryimage"},"image":{"@id":"https:\/\/medicinasinc.com\/it\/product\/comprare-bufedrone-polvere\/#primaryimage"},"thumbnailUrl":"https:\/\/medicinasinc.com\/it\/wp-content\/uploads\/sites\/4\/2022\/02\/Buy-Buphedrone-powder.png","datePublished":"2022-02-21T23:37:16+00:00","dateModified":"2022-03-17T00:16:37+00:00","description":"Acquista polvere di bufedrone in vendita nel Regno Unito, nell'UE, in Europa (\u03b1-metilammino-butirrofenone o MABP) Cristallo e polvere con una purezza del 99,9% online con .","breadcrumb":{"@id":"https:\/\/medicinasinc.com\/it\/product\/comprare-bufedrone-polvere\/#breadcrumb"},"inLanguage":"it-IT","potentialAction":[{"@type":"ReadAction","target":["https:\/\/medicinasinc.com\/it\/product\/comprare-bufedrone-polvere\/"]}]},{"@type":"ImageObject","inLanguage":"it-IT","@id":"https:\/\/medicinasinc.com\/it\/product\/comprare-bufedrone-polvere\/#primaryimage","url":"https:\/\/medicinasinc.com\/it\/wp-content\/uploads\/sites\/4\/2022\/02\/Buy-Buphedrone-powder.png","contentUrl":"https:\/\/medicinasinc.com\/it\/wp-content\/uploads\/sites\/4\/2022\/02\/Buy-Buphedrone-powder.png","width":600,"height":400},{"@type":"BreadcrumbList","@id":"https:\/\/medicinasinc.com\/it\/product\/comprare-bufedrone-polvere\/#breadcrumb","itemListElement":[{"@type":"ListItem","position":1,"name":"Negozio","item":"https:\/\/medicinasinc.com\/it\/negozio\/"},{"@type":"ListItem","position":2,"name":"Acquista polvere di bufedrone"}]},{"@type":"WebSite","@id":"https:\/\/medicinasinc.com\/it\/#website","url":"https:\/\/medicinasinc.com\/it\/","name":"Medicinas Inc","description":"Health Medical Clinic","potentialAction":[{"@type":"SearchAction","target":{"@type":"EntryPoint","urlTemplate":"https:\/\/medicinasinc.com\/it\/?s={search_term_string}"},"query-input":{"@type":"PropertyValueSpecification","valueRequired":true,"valueName":"search_term_string"}}],"inLanguage":"it-IT"}]}},"_links":{"self":[{"href":"https:\/\/medicinasinc.com\/it\/wp-json\/wp\/v2\/product\/5443","targetHints":{"allow":["GET"]}}],"collection":[{"href":"https:\/\/medicinasinc.com\/it\/wp-json\/wp\/v2\/product"}],"about":[{"href":"https:\/\/medicinasinc.com\/it\/wp-json\/wp\/v2\/types\/product"}],"replies":[{"embeddable":true,"href":"https:\/\/medicinasinc.com\/it\/wp-json\/wp\/v2\/comments?post=5443"}],"wp:featuredmedia":[{"embeddable":true,"href":"https:\/\/medicinasinc.com\/it\/wp-json\/wp\/v2\/media\/5455"}],"wp:attachment":[{"href":"https:\/\/medicinasinc.com\/it\/wp-json\/wp\/v2\/media?parent=5443"}],"wp:term":[{"taxonomy":"product_brand","embeddable":true,"href":"https:\/\/medicinasinc.com\/it\/wp-json\/wp\/v2\/product_brand?post=5443"},{"taxonomy":"product_cat","embeddable":true,"href":"https:\/\/medicinasinc.com\/it\/wp-json\/wp\/v2\/product_cat?post=5443"},{"taxonomy":"product_tag","embeddable":true,"href":"https:\/\/medicinasinc.com\/it\/wp-json\/wp\/v2\/product_tag?post=5443"}],"curies":[{"name":"wp","href":"https:\/\/api.w.org\/{rel}","templated":true}]}}