{"id":5441,"date":"2022-02-21T23:32:20","date_gmt":"2022-02-21T23:32:20","guid":{"rendered":"https:\/\/medicinasinc.com\/it\/?post_type=product&#038;p=5441"},"modified":"2022-08-04T08:28:50","modified_gmt":"2022-08-04T08:28:50","slug":"compra-alfa-pvp","status":"publish","type":"product","link":"https:\/\/medicinasinc.com\/it\/product\/compra-alfa-pvp\/","title":{"rendered":"Acquista Alpha-PVP"},"content":{"rendered":"<p>Acquisto online di Alpha-PVP<\/p>\n<p>Alpha-PVP \u00e8 uno stimolante sintetico utilizzato in campo medico per il trattamento di una variet\u00e0 di malattie. Alpha \u00e8 classificato come profarmaco nella classe dei catinone. Alpha PVP \u00e8 stato creato inizialmente come una droga di design. Ora \u00e8 molto popolare tra le persone per altri scopi, come alleviare il dolore. Questo stimolante sintetico viene utilizzato per soddisfare i bisogni dei tossicodipendenti. Ha guadagnato popolarit\u00e0 40 anni dopo il rilascio del suo primo prodotto, nell&#8217;anno 2000. La cosa pi\u00f9 importante da ricordare \u00e8 che non \u00e8 stato utilizzato nemmeno da una piccola comunit\u00e0 di persone in questi anni. Tuttavia, dal 2000 ad oggi, \u00e8 diventato popolare al punto da essere utilizzato da quasi il 70% della popolazione mondiale.<\/p>\n<p>Il motivo della popolarit\u00e0 delle droghe psichedeliche alfa-PVP<\/p>\n<p>Dove posso ottenere PVP? Alpha-PVP<\/p>\n<p>Alpha-PVP \u00e8 un membro della classe pi\u00f9 comune di pro-farmaci ed \u00e8 ampiamente utilizzato. Il motivo principale della sua popolarit\u00e0 \u00e8 la sua elevata potenza e azione rapida. Funziona in modo simile ad altri stimolanti in quanto agisce direttamente sul sistema nervoso centrale.<\/p>\n<p>Tuttavia, agisce rapidamente e rilascia ormoni per eseguire le azioni desiderate. A causa della sua modalit\u00e0 d&#8217;azione, Alpha PVP \u00e8 anche conosciuto come stimolante del sistema nervoso centrale.<\/p>\n<p>Alfa-PVP Farmaci psichedelici per scopi medici<\/p>\n<p>Alpha-PVP aiuta anche la mente umana a controllare le emozioni fugaci come la felicit\u00e0, la tristezza o il dolore. Questo farmaco aiuta la mente a immaginare un quadro normale in cui funzionare normalmente e senza difficolt\u00e0. In questo modo, Alpha-PVP viene utilizzato per alleviare qualsiasi tipo di shock.<\/p>\n<p>Questo pro-farmaco viene utilizzato nelle discoteche e nei bar. Tuttavia, questo viene utilizzato solo in alcuni trattamenti secondo gli ordini del medico.<\/p>\n<p>I medici stanno curando i pazienti con medicinali a base di Alpha-PVP. L&#8217;applicazione principale \u00e8 il trattamento della depressione e dell&#8217;ansia.<\/p>\n<p>Queste sono alcune delle caratteristiche chiave che stanno guidando l&#8217;aumento dell&#8217;utilizzo di Alpha-PVP. Sta guadagnando popolarit\u00e0 in entrambi i campi di attivit\u00e0.<\/p>\n<p>Come acquistare un PVP in modo sicuro \u2013 Descrizione<\/p>\n<p>Nome IUPAC sistematico: 1-Phenyl-2-(1-pyrrolidinyl)-1 -pentanone Nome chimico completo: alfa-pirrolidinopentiofenone<br \/>\nN. CAS 14530-33-7<br \/>\nFormula molecolareC15H21NO Massa molecolare231.333 g\/mol Numero ChemSpider9324063<\/p>\n<p>Pirrolidinopentiofenone (alfa-pirrolidinovalerofenone, &#8211; PVP, alfa-PVP, O-2387, -chetone-prolintano) \u00e8 un composto stimolante scoperto negli anni &#8217;60 correlato al pirovalerone ed \u00e8 l&#8217;analogo chetonico del prolintano.<\/p>\n<p>Su larga scala, il nostro online negozi con Alpha-PVP. Puoi ottenere i prodotti che desideri a prezzi molto bassi. Riceverai inoltre il prodotto in breve tempo grazie ai nostri servizi di consegna online.<\/p>\n","protected":false},"excerpt":{"rendered":"<div class=\"woocommerce-product-details__short-description\">\n<p>cercando di acquistare A-pvp a buon mercato, acquista alfa-pirrolidinopentiofenone in vendita nel Regno Unito, in Europa nel nostro negozio medicinasinc.com con spedizione veloce in tutto il mondo! Il miglior A-pvp per ordinare lo trovi qui! <em>\u03b1<\/em>\u2013<em>PVP<\/em>(il nome completo \u00e8:<em>\u03b1<\/em>\u2013<em>Pirrolidinopentiofenone<\/em>) noto anche come\u00a0<em>alfa<\/em>-pirrolidinovalerofenone, A-<em>PVP<\/em>,\u00a0<em>alfa<\/em>\u2013<em>PVP<\/em>,<\/p>\n<p>Cosa esattamente \u00e8 a-PVP?<br \/>\nL&#8217;A-PVP (alfa-pirrolidinovalerofenone, -PVP, alfa-PVP, O-2387, -chetone-prolintano) \u00e8 un composto stimolante sviluppato negli anni &#8217;60 correlato al pirovalerone ed \u00e8 il analogo chetonico del prolintano.<\/p>\n<\/div>\n","protected":false},"featured_media":5451,"comment_status":"open","ping_status":"closed","template":"","meta":[],"product_brand":[],"product_cat":[2014],"product_tag":[2665,2666,2667,2668,2669,2670,2671,2677,2676,2674,2675,2680,2679,2682,2685,2690,2693,2699,2692,2697,2701,2707,2708,2694,2698,2702,2705,2704,2700,2703,2706,2689,2691,2696,2709,2695,2672,2718,2717,2688,2716,2713,2712,2711,2681,2710,2715,2683,2684,2663,2664,2686,2678,2673,2687],"class_list":{"0":"post-5441","1":"product","2":"type-product","3":"status-publish","4":"has-post-thumbnail","6":"product_cat-compra-ricerca-prodotti-chimici","7":"product_tag-a-pvp-powder-or-crystals","8":"product_tag-a-pvp","9":"product_tag-a-pvp-polvere","10":"product_tag-a-pvp-compra-usa","11":"product_tag-a-pvp-cristallo","12":"product_tag-a-pvp-cristallo-australia","13":"product_tag-a-pvp-cristallo-canada","14":"product_tag-a-pvp-cristallo-usa","15":"product_tag-a-pvp-crystal-uk","16":"product_tag-a-pvp-crystal-review","17":"product_tag-a-pvp-crystal-supplier","18":"product_tag-a-pvp-for-sale-online","19":"product_tag-a-pvp-in-vendita","20":"product_tag-a-pvp-reddit","21":"product_tag-a-pvp-stimulants-for-sale","22":"product_tag-compra-un-pvp","23":"product_tag-buy-a-pvp-big-crystal-report","24":"product_tag-compra-un-pvp-big-crystalxp-net","25":"product_tag-compra-un-pvp-grande-cristallo","26":"product_tag-compra-un-pvp-grande-cristallo-realizzato","27":"product_tag-compra-un-pvp-online","28":"product_tag-compra-alfa-pvp","29":"product_tag-acquista-apvp-trasporto-notturno","30":"product_tag-compra-un-pvp-grandi-cristalli","31":"product_tag-compra-un-pvp-big-crystals-online","32":"product_tag-compra-una-polvere-pvp","33":"product_tag-buy-a-pvp-polveri","34":"product_tag-acquista-un-pvp-recensioni-di-polvere","35":"product_tag-compra-un-pvp-cristallo-online","36":"product_tag-comprare-un-pvp-prodotti-in-polvere","37":"product_tag-compra-un-pvp-stimolanti","38":"product_tag-apvp-powder","39":"product_tag-buy-a-pvp-powder-for-sale","40":"product_tag-buy-a-pvp-big-crystals-free","41":"product_tag-buy-apvp-usa-credit-card","42":"product_tag-compra-un-pvp-grandi-cristalli-in-vendita","43":"product_tag-dosaggio-a-pvp-cristallo","44":"product_tag-dove-comprare-un-pvp-online","45":"product_tag-dove-comprare-un-pvp","46":"product_tag-effetto-pvp-alfa","47":"product_tag-il-miglior-posto-per-comprare-un-pvp-online","48":"product_tag-order-a-pvp-online","49":"product_tag-ordine-un-pvp-cristallo","50":"product_tag-ordine-un-pvp","51":"product_tag-a-pvp-polveri","52":"product_tag-mail-a-pvp","53":"product_tag-puro-un-pvp-cristallo","54":"product_tag-a-pvp-recensione","55":"product_tag-stimolanti-a-pvp","56":"product_tag-a-pvp-acquisto","57":"product_tag-a-pvp-polvere-per-vendita","58":"product_tag-alfa-pvp-in-vendita","59":"product_tag-un-pvp-venditore-di-cristalli","60":"product_tag-a-pvp-cristallo-in-vendita","61":"product_tag-alfa-pvp-wiki","63":"first","64":"instock","65":"shipping-taxable","66":"purchasable","67":"product-type-variable"},"yoast_head":"<!-- This site is optimized with the Yoast SEO plugin v27.3 - https:\/\/yoast.com\/product\/yoast-seo-wordpress\/ -->\n<title>Acquista Alpha-PVP - Alpha-PVP in vendita - I migliori migliori farmaci globali<\/title>\n<meta name=\"description\" content=\"Acquista A-pvp, acquista alfa-Pyrrolidinopentiophenone in vendita nel Regno Unito, in Europa nel nostro negozio medicinasinc.com con spedizione veloce in tutto il mondo! Il miglior A-pvp per ordinare lo trovi qui!\" \/>\n<meta name=\"robots\" content=\"index, follow, max-snippet:-1, max-image-preview:large, max-video-preview:-1\" \/>\n<link rel=\"canonical\" href=\"https:\/\/medicinasinc.com\/it\/product\/compra-alfa-pvp\/\" \/>\n<meta property=\"og:locale\" content=\"it_IT\" \/>\n<meta property=\"og:type\" content=\"article\" \/>\n<meta property=\"og:title\" content=\"Acquista Alpha-PVP - Alpha-PVP in vendita - I migliori migliori farmaci globali\" \/>\n<meta property=\"og:description\" content=\"Acquista A-pvp, acquista alfa-Pyrrolidinopentiophenone in vendita nel Regno Unito, in Europa nel nostro negozio medicinasinc.com con spedizione veloce in tutto il mondo! Il miglior A-pvp per ordinare lo trovi qui!\" \/>\n<meta property=\"og:url\" content=\"https:\/\/medicinasinc.com\/it\/product\/compra-alfa-pvp\/\" \/>\n<meta property=\"og:site_name\" content=\"Medicinas Inc\" \/>\n<meta property=\"article:modified_time\" content=\"2022-08-04T08:28:50+00:00\" \/>\n<meta property=\"og:image\" content=\"https:\/\/medicinasinc.com\/it\/wp-content\/uploads\/sites\/4\/2022\/02\/Buy-alpha-pvp.jpg\" \/>\n\t<meta property=\"og:image:width\" content=\"458\" \/>\n\t<meta property=\"og:image:height\" content=\"458\" \/>\n\t<meta property=\"og:image:type\" content=\"image\/jpeg\" \/>\n<meta name=\"twitter:card\" content=\"summary_large_image\" \/>\n<meta name=\"twitter:label1\" content=\"Tempo di lettura stimato\" \/>\n\t<meta name=\"twitter:data1\" content=\"3 minuti\" \/>\n<script type=\"application\/ld+json\" class=\"yoast-schema-graph\">{\"@context\":\"https:\\\/\\\/schema.org\",\"@graph\":[{\"@type\":\"WebPage\",\"@id\":\"https:\\\/\\\/medicinasinc.com\\\/it\\\/product\\\/compra-alfa-pvp\\\/\",\"url\":\"https:\\\/\\\/medicinasinc.com\\\/it\\\/product\\\/compra-alfa-pvp\\\/\",\"name\":\"Acquista Alpha-PVP - Alpha-PVP in vendita - I migliori migliori farmaci globali\",\"isPartOf\":{\"@id\":\"https:\\\/\\\/medicinasinc.com\\\/it\\\/#website\"},\"primaryImageOfPage\":{\"@id\":\"https:\\\/\\\/medicinasinc.com\\\/it\\\/product\\\/compra-alfa-pvp\\\/#primaryimage\"},\"image\":{\"@id\":\"https:\\\/\\\/medicinasinc.com\\\/it\\\/product\\\/compra-alfa-pvp\\\/#primaryimage\"},\"thumbnailUrl\":\"https:\\\/\\\/medicinasinc.com\\\/it\\\/wp-content\\\/uploads\\\/sites\\\/4\\\/2022\\\/02\\\/Buy-alpha-pvp.jpg\",\"datePublished\":\"2022-02-21T23:32:20+00:00\",\"dateModified\":\"2022-08-04T08:28:50+00:00\",\"description\":\"Acquista A-pvp, acquista alfa-Pyrrolidinopentiophenone in vendita nel Regno Unito, in Europa nel nostro negozio medicinasinc.com con spedizione veloce in tutto il mondo! Il miglior A-pvp per ordinare lo trovi qui!\",\"breadcrumb\":{\"@id\":\"https:\\\/\\\/medicinasinc.com\\\/it\\\/product\\\/compra-alfa-pvp\\\/#breadcrumb\"},\"inLanguage\":\"it-IT\",\"potentialAction\":[{\"@type\":\"ReadAction\",\"target\":[\"https:\\\/\\\/medicinasinc.com\\\/it\\\/product\\\/compra-alfa-pvp\\\/\"]}]},{\"@type\":\"ImageObject\",\"inLanguage\":\"it-IT\",\"@id\":\"https:\\\/\\\/medicinasinc.com\\\/it\\\/product\\\/compra-alfa-pvp\\\/#primaryimage\",\"url\":\"https:\\\/\\\/medicinasinc.com\\\/it\\\/wp-content\\\/uploads\\\/sites\\\/4\\\/2022\\\/02\\\/Buy-alpha-pvp.jpg\",\"contentUrl\":\"https:\\\/\\\/medicinasinc.com\\\/it\\\/wp-content\\\/uploads\\\/sites\\\/4\\\/2022\\\/02\\\/Buy-alpha-pvp.jpg\",\"width\":458,\"height\":458},{\"@type\":\"BreadcrumbList\",\"@id\":\"https:\\\/\\\/medicinasinc.com\\\/it\\\/product\\\/compra-alfa-pvp\\\/#breadcrumb\",\"itemListElement\":[{\"@type\":\"ListItem\",\"position\":1,\"name\":\"Negozio\",\"item\":\"https:\\\/\\\/medicinasinc.com\\\/it\\\/negozio\\\/\"},{\"@type\":\"ListItem\",\"position\":2,\"name\":\"Acquista Alpha-PVP\"}]},{\"@type\":\"WebSite\",\"@id\":\"https:\\\/\\\/medicinasinc.com\\\/it\\\/#website\",\"url\":\"https:\\\/\\\/medicinasinc.com\\\/it\\\/\",\"name\":\"Medicinas Inc\",\"description\":\"Health Medical Clinic\",\"potentialAction\":[{\"@type\":\"SearchAction\",\"target\":{\"@type\":\"EntryPoint\",\"urlTemplate\":\"https:\\\/\\\/medicinasinc.com\\\/it\\\/?s={search_term_string}\"},\"query-input\":{\"@type\":\"PropertyValueSpecification\",\"valueRequired\":true,\"valueName\":\"search_term_string\"}}],\"inLanguage\":\"it-IT\"}]}<\/script>\n<!-- \/ Yoast SEO plugin. -->","yoast_head_json":{"title":"Acquista Alpha-PVP - Alpha-PVP in vendita - I migliori migliori farmaci globali","description":"Acquista A-pvp, acquista alfa-Pyrrolidinopentiophenone in vendita nel Regno Unito, in Europa nel nostro negozio medicinasinc.com con spedizione veloce in tutto il mondo! Il miglior A-pvp per ordinare lo trovi qui!","robots":{"index":"index","follow":"follow","max-snippet":"max-snippet:-1","max-image-preview":"max-image-preview:large","max-video-preview":"max-video-preview:-1"},"canonical":"https:\/\/medicinasinc.com\/it\/product\/compra-alfa-pvp\/","og_locale":"it_IT","og_type":"article","og_title":"Acquista Alpha-PVP - Alpha-PVP in vendita - I migliori migliori farmaci globali","og_description":"Acquista A-pvp, acquista alfa-Pyrrolidinopentiophenone in vendita nel Regno Unito, in Europa nel nostro negozio medicinasinc.com con spedizione veloce in tutto il mondo! Il miglior A-pvp per ordinare lo trovi qui!","og_url":"https:\/\/medicinasinc.com\/it\/product\/compra-alfa-pvp\/","og_site_name":"Medicinas Inc","article_modified_time":"2022-08-04T08:28:50+00:00","og_image":[{"width":458,"height":458,"url":"https:\/\/medicinasinc.com\/it\/wp-content\/uploads\/sites\/4\/2022\/02\/Buy-alpha-pvp.jpg","type":"image\/jpeg"}],"twitter_card":"summary_large_image","twitter_misc":{"Tempo di lettura stimato":"3 minuti"},"schema":{"@context":"https:\/\/schema.org","@graph":[{"@type":"WebPage","@id":"https:\/\/medicinasinc.com\/it\/product\/compra-alfa-pvp\/","url":"https:\/\/medicinasinc.com\/it\/product\/compra-alfa-pvp\/","name":"Acquista Alpha-PVP - Alpha-PVP in vendita - I migliori migliori farmaci globali","isPartOf":{"@id":"https:\/\/medicinasinc.com\/it\/#website"},"primaryImageOfPage":{"@id":"https:\/\/medicinasinc.com\/it\/product\/compra-alfa-pvp\/#primaryimage"},"image":{"@id":"https:\/\/medicinasinc.com\/it\/product\/compra-alfa-pvp\/#primaryimage"},"thumbnailUrl":"https:\/\/medicinasinc.com\/it\/wp-content\/uploads\/sites\/4\/2022\/02\/Buy-alpha-pvp.jpg","datePublished":"2022-02-21T23:32:20+00:00","dateModified":"2022-08-04T08:28:50+00:00","description":"Acquista A-pvp, acquista alfa-Pyrrolidinopentiophenone in vendita nel Regno Unito, in Europa nel nostro negozio medicinasinc.com con spedizione veloce in tutto il mondo! Il miglior A-pvp per ordinare lo trovi qui!","breadcrumb":{"@id":"https:\/\/medicinasinc.com\/it\/product\/compra-alfa-pvp\/#breadcrumb"},"inLanguage":"it-IT","potentialAction":[{"@type":"ReadAction","target":["https:\/\/medicinasinc.com\/it\/product\/compra-alfa-pvp\/"]}]},{"@type":"ImageObject","inLanguage":"it-IT","@id":"https:\/\/medicinasinc.com\/it\/product\/compra-alfa-pvp\/#primaryimage","url":"https:\/\/medicinasinc.com\/it\/wp-content\/uploads\/sites\/4\/2022\/02\/Buy-alpha-pvp.jpg","contentUrl":"https:\/\/medicinasinc.com\/it\/wp-content\/uploads\/sites\/4\/2022\/02\/Buy-alpha-pvp.jpg","width":458,"height":458},{"@type":"BreadcrumbList","@id":"https:\/\/medicinasinc.com\/it\/product\/compra-alfa-pvp\/#breadcrumb","itemListElement":[{"@type":"ListItem","position":1,"name":"Negozio","item":"https:\/\/medicinasinc.com\/it\/negozio\/"},{"@type":"ListItem","position":2,"name":"Acquista Alpha-PVP"}]},{"@type":"WebSite","@id":"https:\/\/medicinasinc.com\/it\/#website","url":"https:\/\/medicinasinc.com\/it\/","name":"Medicinas Inc","description":"Health Medical Clinic","potentialAction":[{"@type":"SearchAction","target":{"@type":"EntryPoint","urlTemplate":"https:\/\/medicinasinc.com\/it\/?s={search_term_string}"},"query-input":{"@type":"PropertyValueSpecification","valueRequired":true,"valueName":"search_term_string"}}],"inLanguage":"it-IT"}]}},"_links":{"self":[{"href":"https:\/\/medicinasinc.com\/it\/wp-json\/wp\/v2\/product\/5441","targetHints":{"allow":["GET"]}}],"collection":[{"href":"https:\/\/medicinasinc.com\/it\/wp-json\/wp\/v2\/product"}],"about":[{"href":"https:\/\/medicinasinc.com\/it\/wp-json\/wp\/v2\/types\/product"}],"replies":[{"embeddable":true,"href":"https:\/\/medicinasinc.com\/it\/wp-json\/wp\/v2\/comments?post=5441"}],"wp:featuredmedia":[{"embeddable":true,"href":"https:\/\/medicinasinc.com\/it\/wp-json\/wp\/v2\/media\/5451"}],"wp:attachment":[{"href":"https:\/\/medicinasinc.com\/it\/wp-json\/wp\/v2\/media?parent=5441"}],"wp:term":[{"taxonomy":"product_brand","embeddable":true,"href":"https:\/\/medicinasinc.com\/it\/wp-json\/wp\/v2\/product_brand?post=5441"},{"taxonomy":"product_cat","embeddable":true,"href":"https:\/\/medicinasinc.com\/it\/wp-json\/wp\/v2\/product_cat?post=5441"},{"taxonomy":"product_tag","embeddable":true,"href":"https:\/\/medicinasinc.com\/it\/wp-json\/wp\/v2\/product_tag?post=5441"}],"curies":[{"name":"wp","href":"https:\/\/api.w.org\/{rel}","templated":true}]}}