{"id":5440,"date":"2022-02-21T23:30:16","date_gmt":"2022-02-21T23:30:16","guid":{"rendered":"https:\/\/medicinasinc.com\/it\/?post_type=product&#038;p=5440"},"modified":"2022-03-17T00:17:07","modified_gmt":"2022-03-17T00:17:07","slug":"buy-ald-52-blotter","status":"publish","type":"product","link":"https:\/\/medicinasinc.com\/it\/product\/buy-ald-52-blotter\/","title":{"rendered":"Acquista ALD-52 assorbenti"},"content":{"rendered":"<p>I assorbenti assorbenti ALD-52 possono essere acquistati online. Blotter contenenti 100 mcg ALD-52<\/p>\n<p> I blotter ALD-52 possono essere acquistati online.<\/p>\n<p> Blotter contenenti 100 mcg ALD-52<\/p>\n<p> ALD 52 Blotter, Acquista ALD 52 Blotter <\/p>\n<p>ALD-52 \u00e8 un farmaco alla moda che \u00e8 stato consolidato da vari ricercatori a causa di una storia ritardata di ALD-52 e di vari altri nomi di ALD-52. ALD-52 viene acquistato online dai ricercatori per l&#8217;uso nei domini della medicina, del tempo libero e della ricerca. Gli psicotropi attribuiti all&#8217;ALD-52 lo rendevano indiscutibile tra gli operatori di laboratorio e gli esperti in materia. Un&#8217;ampia gamma di clienti tipici sceglie di acquistare disponibile per l&#8217;acquisto per avere eccitazione, soddisfazione, mantenere le riserve di energia e aumentare l&#8217;attivit\u00e0 sessuale.<\/p>\n<p>\u00c8 importante selezionare l&#8217;ALD-52 prodotto utilizzando i migliori tipi di progresso con metodi per misure di raccolta completamente controllate. Ampie estensioni di contributo sulle miscele prodotte dall&#8217;indagine disponibili per l&#8217;acquisto sono rese possibili dal mercato per controllare lo stato di lavorazione creando misure nei laboratori cinesi in cui vengono prodotti tutti i sali da doccia.<\/p>\n<p>In qualit\u00e0 di fornitore senza rivali, la nostra organizzazione lavora direttamente con organizzazioni cinesi legittime. Ti permette di scambiare sali doccia della massima impeccabilit\u00e0 e qualit\u00e0. ALD-52 \u00e8 miscelato sotto stretto controllo e in conformit\u00e0 con tutti i principi. Utilizzando i dati coerenti pi\u00f9 recenti disponibili per fornire il prezzo pi\u00f9 abbagliante sul miglior sito per acquistare materiali di ricerca ingegnerizzati. I pellet ALD-52, le superfici macchianti ALD-52 e le polveri ALD-52 vengono trasportate nei laboratori cinesi. Il mittente di ALD-52 spedisce ALD-52 in qualsiasi paese. Lavorare a stretto contatto con i fornitori legittimi di ALD-52 garantisce che i risultati dei test e delle indagini vengano realizzati in modo tempestivo.<\/p>\n<p>Per molto tempo, il fornitore \u00e8 stato un produttore affidabile di sostanze chimiche di valutazione. I clienti hanno dato al sito una reputazione schiacciante in tutta la rete res chems. ald 52 in vendita, ald 52 acquisto, ald 52 acquisto, ald-52 acquisto Poich\u00e9 i fornitori affidabili di RC forniscono assistenza all&#8217;organizzazione per tutto il giorno con dirigenti esperti tramite chat dal vivo, che dispongono di dati significativi per aiutarti in qualsiasi condizione problematica.<\/p>\n<p>Sugli aggravanti investigativi in \u200b\u200bsospeso disponibili per l&#8217;acquisto in conversazioni online, puoi trovare reazioni positive da parte dei nostri acquirenti, che sono attualmente soddisfatti dei tipi di aiuto offerti e delle cose migliori acquistate da questo online.<\/p>\n","protected":false},"excerpt":{"rendered":"<div class=\"char\">SPECIFICA<\/div>\n<div class=\"specification\">\n<div class=\"sprow\"><span class=\"spname\">Nome prodotto:<\/span><span class=\"sptext \">ALD-52<\/span><\/div>\n<div class=\"sprow\"><span class=\"spname\">Nome IUPAC:<\/span><span class=\"sptext\">1-acetil-N, N-dietillysergamide, ALD<\/span><\/div>\n<div class=\"sprow\"><span class=\"spname\">Altri nomi:<\/span><span class=\"sptext\">N-acetil-LSD, Dietilamide dell&#8217;acido acetil lisergico, dietilammide dell&#8217;acido d-acetil lisergico, d-acetildietillysergamide<\/span><\/div>\n<div class=\"sprow\"><span class=\"spname\">Numero CAS:<\/span><span class=\"sptext\">3270-02-8<\/span><\/div>\n<div class=\"sprow\"><span class=\"spname\">Formula molecolare:<\/span><span class=\"sptext\">C22H27N3O2<\/span><\/div>\n<div class=\"sprow\"><span class=\"spname\">Massa molare:<\/span><span class=\"sptext\">365.477 g\u2022mol-1<\/span><\/div>\n<div class=\"sprow\"><span class=\"spname\">Effetto:<\/span><span class=\"sptext\">psichedelico, allucinogeno<\/span><\/div>\n<div class=\"sprow\"><\/div>\n<\/p><\/div>\n<p>Acquista i assorbenti assorbenti ALD-52 online. <em>ALD<\/em>\u2013<em>52<\/em>\u00a0\u00e8 il derivato N-acetilico dell&#8217;LSD. <strong>100mcg<\/strong>\u00a0ALD-52 assorbenti.<\/p>\n<p>ALD-52 in vendita in Europa, acquista con Bitcoin e ricevi una spedizione discreta dall&#8217;UE. ALD-52 assorbenti in vendita, polvere grezza ALD-52 in vendita, fornitore di prodotti chimici di ricerca<\/p>\n<p>Ordina un campione per il test o acquista ALD-52 in vendita con consegna gratuita nel Regno Unito, negli Stati Uniti o in Europa.<\/p>\n","protected":false},"featured_media":5449,"comment_status":"open","ping_status":"closed","template":"","meta":[],"product_brand":[],"product_cat":[2014],"product_tag":[2655,2656,2650,2651,2653,2654,2657,2660,2661,2662,2658,2652,2659],"class_list":{"0":"post-5440","1":"product","2":"type-product","3":"status-publish","4":"has-post-thumbnail","6":"product_cat-compra-ricerca-prodotti-chimici","7":"product_tag-buy-legit-ald-52-blotters-online","8":"product_tag-buy-pure-ald-52-blotters-online","9":"product_tag-ald-52-blotter-in-vendita","10":"product_tag-ald-52-blotter-vendita-online","11":"product_tag-buy-ald-52-blotters-for-resale","12":"product_tag-buy-ald-52-blotters-online","13":"product_tag-buy-order-ald-52-blowers-online","14":"product_tag-dove-acquistare-ald-52-blotters-online","15":"product_tag-dove-acquistare-pure-ald-52-blotters-online","16":"product_tag-dove-ordinare-legit-ald-52-blotters-online","17":"product_tag-venditore-discreto-ald-52","18":"product_tag-best-ald-52-blotters-online","19":"product_tag-order-ald-52-blotters-online","21":"first","22":"instock","23":"shipping-taxable","24":"purchasable","25":"product-type-variable","26":"has-default-attributes"},"yoast_head":"<!-- This site is optimized with the Yoast SEO plugin v27.3 - https:\/\/yoast.com\/product\/yoast-seo-wordpress\/ -->\n<title>Acquista assorbenti ALD-52 - assorbenti assorbenti ALD-52 di qualit\u00e0 - I migliori farmaci globali<\/title>\n<meta name=\"description\" content=\"Acquista online i blotter ALD-52. acquista ALD-52\u00a0in vendita e ricevi la consegna gratuita nel Regno Unito, negli Stati Uniti o in Europa ALD-52 \u00e8 il derivato N-acetilico dell&#039;LSD. 100mcg ALD-52 assorbenti.\" \/>\n<meta name=\"robots\" content=\"index, follow, max-snippet:-1, max-image-preview:large, max-video-preview:-1\" \/>\n<link rel=\"canonical\" href=\"https:\/\/medicinasinc.com\/it\/product\/buy-ald-52-blotter\/\" \/>\n<meta property=\"og:locale\" content=\"it_IT\" \/>\n<meta property=\"og:type\" content=\"article\" \/>\n<meta property=\"og:title\" content=\"Acquista assorbenti ALD-52 - assorbenti assorbenti ALD-52 di qualit\u00e0 - I migliori farmaci globali\" \/>\n<meta property=\"og:description\" content=\"Acquista online i blotter ALD-52. acquista ALD-52\u00a0in vendita e ricevi la consegna gratuita nel Regno Unito, negli Stati Uniti o in Europa ALD-52 \u00e8 il derivato N-acetilico dell&#039;LSD. 100mcg ALD-52 assorbenti.\" \/>\n<meta property=\"og:url\" content=\"https:\/\/medicinasinc.com\/it\/product\/buy-ald-52-blotter\/\" \/>\n<meta property=\"og:site_name\" content=\"Medicinas Inc\" \/>\n<meta property=\"article:modified_time\" content=\"2022-03-17T00:17:07+00:00\" \/>\n<meta property=\"og:image\" content=\"https:\/\/medicinasinc.com\/it\/wp-content\/uploads\/sites\/4\/2022\/02\/Buy-ALD-52-Blotters.jpg\" \/>\n\t<meta property=\"og:image:width\" content=\"350\" \/>\n\t<meta property=\"og:image:height\" content=\"350\" \/>\n\t<meta property=\"og:image:type\" content=\"image\/jpeg\" \/>\n<meta name=\"twitter:card\" content=\"summary_large_image\" \/>\n<meta name=\"twitter:label1\" content=\"Tempo di lettura stimato\" \/>\n\t<meta name=\"twitter:data1\" content=\"2 minuti\" \/>\n<script type=\"application\/ld+json\" class=\"yoast-schema-graph\">{\"@context\":\"https:\\\/\\\/schema.org\",\"@graph\":[{\"@type\":\"WebPage\",\"@id\":\"https:\\\/\\\/medicinasinc.com\\\/it\\\/product\\\/buy-ald-52-blotter\\\/\",\"url\":\"https:\\\/\\\/medicinasinc.com\\\/it\\\/product\\\/buy-ald-52-blotter\\\/\",\"name\":\"Acquista assorbenti ALD-52 - assorbenti assorbenti ALD-52 di qualit\u00e0 - I migliori farmaci globali\",\"isPartOf\":{\"@id\":\"https:\\\/\\\/medicinasinc.com\\\/it\\\/#website\"},\"primaryImageOfPage\":{\"@id\":\"https:\\\/\\\/medicinasinc.com\\\/it\\\/product\\\/buy-ald-52-blotter\\\/#primaryimage\"},\"image\":{\"@id\":\"https:\\\/\\\/medicinasinc.com\\\/it\\\/product\\\/buy-ald-52-blotter\\\/#primaryimage\"},\"thumbnailUrl\":\"https:\\\/\\\/medicinasinc.com\\\/it\\\/wp-content\\\/uploads\\\/sites\\\/4\\\/2022\\\/02\\\/Buy-ALD-52-Blotters.jpg\",\"datePublished\":\"2022-02-21T23:30:16+00:00\",\"dateModified\":\"2022-03-17T00:17:07+00:00\",\"description\":\"Acquista online i blotter ALD-52. acquista ALD-52\u00a0in vendita e ricevi la consegna gratuita nel Regno Unito, negli Stati Uniti o in Europa ALD-52 \u00e8 il derivato N-acetilico dell'LSD. 100mcg ALD-52 assorbenti.\",\"breadcrumb\":{\"@id\":\"https:\\\/\\\/medicinasinc.com\\\/it\\\/product\\\/buy-ald-52-blotter\\\/#breadcrumb\"},\"inLanguage\":\"it-IT\",\"potentialAction\":[{\"@type\":\"ReadAction\",\"target\":[\"https:\\\/\\\/medicinasinc.com\\\/it\\\/product\\\/buy-ald-52-blotter\\\/\"]}]},{\"@type\":\"ImageObject\",\"inLanguage\":\"it-IT\",\"@id\":\"https:\\\/\\\/medicinasinc.com\\\/it\\\/product\\\/buy-ald-52-blotter\\\/#primaryimage\",\"url\":\"https:\\\/\\\/medicinasinc.com\\\/it\\\/wp-content\\\/uploads\\\/sites\\\/4\\\/2022\\\/02\\\/Buy-ALD-52-Blotters.jpg\",\"contentUrl\":\"https:\\\/\\\/medicinasinc.com\\\/it\\\/wp-content\\\/uploads\\\/sites\\\/4\\\/2022\\\/02\\\/Buy-ALD-52-Blotters.jpg\",\"width\":350,\"height\":350},{\"@type\":\"BreadcrumbList\",\"@id\":\"https:\\\/\\\/medicinasinc.com\\\/it\\\/product\\\/buy-ald-52-blotter\\\/#breadcrumb\",\"itemListElement\":[{\"@type\":\"ListItem\",\"position\":1,\"name\":\"Negozio\",\"item\":\"https:\\\/\\\/medicinasinc.com\\\/it\\\/negozio\\\/\"},{\"@type\":\"ListItem\",\"position\":2,\"name\":\"Acquista ALD-52 assorbenti\"}]},{\"@type\":\"WebSite\",\"@id\":\"https:\\\/\\\/medicinasinc.com\\\/it\\\/#website\",\"url\":\"https:\\\/\\\/medicinasinc.com\\\/it\\\/\",\"name\":\"Medicinas Inc\",\"description\":\"Health Medical Clinic\",\"potentialAction\":[{\"@type\":\"SearchAction\",\"target\":{\"@type\":\"EntryPoint\",\"urlTemplate\":\"https:\\\/\\\/medicinasinc.com\\\/it\\\/?s={search_term_string}\"},\"query-input\":{\"@type\":\"PropertyValueSpecification\",\"valueRequired\":true,\"valueName\":\"search_term_string\"}}],\"inLanguage\":\"it-IT\"}]}<\/script>\n<!-- \/ Yoast SEO plugin. -->","yoast_head_json":{"title":"Acquista assorbenti ALD-52 - assorbenti assorbenti ALD-52 di qualit\u00e0 - I migliori farmaci globali","description":"Acquista online i blotter ALD-52. acquista ALD-52\u00a0in vendita e ricevi la consegna gratuita nel Regno Unito, negli Stati Uniti o in Europa ALD-52 \u00e8 il derivato N-acetilico dell'LSD. 100mcg ALD-52 assorbenti.","robots":{"index":"index","follow":"follow","max-snippet":"max-snippet:-1","max-image-preview":"max-image-preview:large","max-video-preview":"max-video-preview:-1"},"canonical":"https:\/\/medicinasinc.com\/it\/product\/buy-ald-52-blotter\/","og_locale":"it_IT","og_type":"article","og_title":"Acquista assorbenti ALD-52 - assorbenti assorbenti ALD-52 di qualit\u00e0 - I migliori farmaci globali","og_description":"Acquista online i blotter ALD-52. acquista ALD-52\u00a0in vendita e ricevi la consegna gratuita nel Regno Unito, negli Stati Uniti o in Europa ALD-52 \u00e8 il derivato N-acetilico dell'LSD. 100mcg ALD-52 assorbenti.","og_url":"https:\/\/medicinasinc.com\/it\/product\/buy-ald-52-blotter\/","og_site_name":"Medicinas Inc","article_modified_time":"2022-03-17T00:17:07+00:00","og_image":[{"width":350,"height":350,"url":"https:\/\/medicinasinc.com\/it\/wp-content\/uploads\/sites\/4\/2022\/02\/Buy-ALD-52-Blotters.jpg","type":"image\/jpeg"}],"twitter_card":"summary_large_image","twitter_misc":{"Tempo di lettura stimato":"2 minuti"},"schema":{"@context":"https:\/\/schema.org","@graph":[{"@type":"WebPage","@id":"https:\/\/medicinasinc.com\/it\/product\/buy-ald-52-blotter\/","url":"https:\/\/medicinasinc.com\/it\/product\/buy-ald-52-blotter\/","name":"Acquista assorbenti ALD-52 - assorbenti assorbenti ALD-52 di qualit\u00e0 - I migliori farmaci globali","isPartOf":{"@id":"https:\/\/medicinasinc.com\/it\/#website"},"primaryImageOfPage":{"@id":"https:\/\/medicinasinc.com\/it\/product\/buy-ald-52-blotter\/#primaryimage"},"image":{"@id":"https:\/\/medicinasinc.com\/it\/product\/buy-ald-52-blotter\/#primaryimage"},"thumbnailUrl":"https:\/\/medicinasinc.com\/it\/wp-content\/uploads\/sites\/4\/2022\/02\/Buy-ALD-52-Blotters.jpg","datePublished":"2022-02-21T23:30:16+00:00","dateModified":"2022-03-17T00:17:07+00:00","description":"Acquista online i blotter ALD-52. acquista ALD-52\u00a0in vendita e ricevi la consegna gratuita nel Regno Unito, negli Stati Uniti o in Europa ALD-52 \u00e8 il derivato N-acetilico dell'LSD. 100mcg ALD-52 assorbenti.","breadcrumb":{"@id":"https:\/\/medicinasinc.com\/it\/product\/buy-ald-52-blotter\/#breadcrumb"},"inLanguage":"it-IT","potentialAction":[{"@type":"ReadAction","target":["https:\/\/medicinasinc.com\/it\/product\/buy-ald-52-blotter\/"]}]},{"@type":"ImageObject","inLanguage":"it-IT","@id":"https:\/\/medicinasinc.com\/it\/product\/buy-ald-52-blotter\/#primaryimage","url":"https:\/\/medicinasinc.com\/it\/wp-content\/uploads\/sites\/4\/2022\/02\/Buy-ALD-52-Blotters.jpg","contentUrl":"https:\/\/medicinasinc.com\/it\/wp-content\/uploads\/sites\/4\/2022\/02\/Buy-ALD-52-Blotters.jpg","width":350,"height":350},{"@type":"BreadcrumbList","@id":"https:\/\/medicinasinc.com\/it\/product\/buy-ald-52-blotter\/#breadcrumb","itemListElement":[{"@type":"ListItem","position":1,"name":"Negozio","item":"https:\/\/medicinasinc.com\/it\/negozio\/"},{"@type":"ListItem","position":2,"name":"Acquista ALD-52 assorbenti"}]},{"@type":"WebSite","@id":"https:\/\/medicinasinc.com\/it\/#website","url":"https:\/\/medicinasinc.com\/it\/","name":"Medicinas Inc","description":"Health Medical Clinic","potentialAction":[{"@type":"SearchAction","target":{"@type":"EntryPoint","urlTemplate":"https:\/\/medicinasinc.com\/it\/?s={search_term_string}"},"query-input":{"@type":"PropertyValueSpecification","valueRequired":true,"valueName":"search_term_string"}}],"inLanguage":"it-IT"}]}},"_links":{"self":[{"href":"https:\/\/medicinasinc.com\/it\/wp-json\/wp\/v2\/product\/5440","targetHints":{"allow":["GET"]}}],"collection":[{"href":"https:\/\/medicinasinc.com\/it\/wp-json\/wp\/v2\/product"}],"about":[{"href":"https:\/\/medicinasinc.com\/it\/wp-json\/wp\/v2\/types\/product"}],"replies":[{"embeddable":true,"href":"https:\/\/medicinasinc.com\/it\/wp-json\/wp\/v2\/comments?post=5440"}],"wp:featuredmedia":[{"embeddable":true,"href":"https:\/\/medicinasinc.com\/it\/wp-json\/wp\/v2\/media\/5449"}],"wp:attachment":[{"href":"https:\/\/medicinasinc.com\/it\/wp-json\/wp\/v2\/media?parent=5440"}],"wp:term":[{"taxonomy":"product_brand","embeddable":true,"href":"https:\/\/medicinasinc.com\/it\/wp-json\/wp\/v2\/product_brand?post=5440"},{"taxonomy":"product_cat","embeddable":true,"href":"https:\/\/medicinasinc.com\/it\/wp-json\/wp\/v2\/product_cat?post=5440"},{"taxonomy":"product_tag","embeddable":true,"href":"https:\/\/medicinasinc.com\/it\/wp-json\/wp\/v2\/product_tag?post=5440"}],"curies":[{"name":"wp","href":"https:\/\/api.w.org\/{rel}","templated":true}]}}