{"id":5417,"date":"2022-02-21T22:57:54","date_gmt":"2022-02-21T22:57:54","guid":{"rendered":"https:\/\/medicinasinc.com\/it\/?post_type=product&#038;p=5417"},"modified":"2022-03-17T00:17:39","modified_gmt":"2022-03-17T00:17:39","slug":"buy-5f-mdmb-2201-5f-mmb-pica-5f-amb-pica","status":"publish","type":"product","link":"https:\/\/medicinasinc.com\/it\/product\/buy-5f-mdmb-2201-5f-mmb-pica-5f-amb-pica\/","title":{"rendered":"Acquista 5F MDMB 2201 &#8211; 5F-MMB-PICA, 5F-AMB-PICA"},"content":{"rendered":"<h1>Acquista online 5f MDMB 2201 Crystals.<\/h1>\n<p>Acquista online 5f MDMB 2201 Crystals.<\/p>\n<p>\u00c8 un indazolo 3 carbossammide che sta cominciando a essere visto nei prodotti sintetici a base di cannabis in tutto il mondo .<\/p>\n<p>Farmacologia:<br \/> 5F-MDMB-2201 \u00e8 considerato un agonista CB1 molto potente, ma non \u00e8 noto se abbia una forte selettivit\u00e0 per CB1, o addirittura se sia selettivo a tutti. Saranno necessari ulteriori test in quest&#8217;area.<\/p>\n<p>Composti simili:<br \/> 5F-AB-PINACA<br \/> PX-3<br \/> MDMB-FUBINACA<br \/> MDMB-CHMICA<br \/> APINACA<br \/> APICA<br \/> ADB-PINACA<br \/> ADBICA<br \/> ADB-FUBINACA<br \/> ADB-CHMINACA<br \/> AB-PINACA<br \/> AB-FUBINACA<br \/> AB-CHMINACA<br \/> AB-CHFUPYCA<br \/> 5F-APINACA<br \/> 5F-AMB<\/p>\n<p>Legalit\u00e0:<br \/> 5F-MDMB-2201 non \u00e8 noto per essere considerata una sostanza controllata al momento in qualsiasi paese o giurisdizione principale, ma pu\u00f2 essere considerata un analogo del 5F-ADB o di composti correlati. Ci\u00f2 potrebbe rendere illegale la vendita o il possesso in alcune giurisdizioni, quindi \u00e8 necessario prestare attenzione quando si importa questa sostanza chimica.<br \/> 5F-MDMB-2201 \u00e8 venduto esclusivamente come sostanza chimica di ricerca ed \u00e8 quindi non adatto al consumo umano o animale. Dovrebbe essere utilizzato solo da personale addestrato in un laboratorio o in un ambiente forense.<\/p>\n","protected":false},"excerpt":{"rendered":"<p>Acquista MMB-2201, 5F MDMB 2201 in vendita nel Regno Unito, in Europa (noto anche come 5F-MMB-PICA, 5F-AMB-PICA e I-AMB) \u00e8 un potente cannabinoide sintetico a base di indolo-3-carbossammide, che \u00e8 stata venduta come droga sintetica e come ingrediente attivo in miscele di cannabis sintetiche<\/p>\n<p>Acquisto online di cristalli 5f MDMB 2201. 5F-MDMB-2201 \u00e8 un cannabinoide sintetico della famiglia degli indazolo che \u00e8 molto simile al pi\u00f9 noto 5F-MDMB-PINACA.<\/p>\n<p>Acquista polvere 5F-MDMB-2201 pura di alta qualit\u00e0 online con Bitcoin e #8211; Acquista online farmaci legali, prodotti chimici di ricerca e polveri farmaceutiche grezze.<\/p>\n<p>5F-MDMB-2201<\/p>\n<p>Ordina un campione per il test o acquista 5f-mdmb-2201 in vendita con spedizione gratuita a Regno Unito, Stati Uniti o Europa.<\/p>\n","protected":false},"featured_media":5427,"comment_status":"open","ping_status":"closed","template":"","meta":[],"product_brand":[],"product_cat":[2596],"product_tag":[2597,2598,2599,2600,2601,2614,2603,2604,2605,2607,2606,2611,2612,2613,2616,2615,2617,2618,2619,2621,2620,2623,2622,2624,2608,2631,2626,2627,2628,2629,2625,2610,2630,2602,2609],"class_list":{"0":"post-5417","1":"product","2":"type-product","3":"status-publish","4":"has-post-thumbnail","6":"product_cat-cannabinoidi-in-vendita","7":"product_tag-4f-adb-recensione","8":"product_tag-4f-mdmb-binaca-uk","9":"product_tag-5f-polvere","10":"product_tag-5f-mdmb-2201","11":"product_tag-5f-mdmb-2201-cannabinoidi","12":"product_tag-5f-mdmb-2201-fornitore-di-polvere","13":"product_tag-5f-mdmb-2201-in-vendita","14":"product_tag-5f-mdmb-2201-in-vendita-online","15":"product_tag-5f-mdmb-2201-polvere","16":"product_tag-5f-mdmb-2201-polvere-canada","17":"product_tag-5f-mdmb-2201-powder-australia","18":"product_tag-5f-mdmb-2201-powder-supplier","19":"product_tag-5f-mdmb-2201-powder-uk","20":"product_tag-5f-mdmb-2201-powder-usa","21":"product_tag-5f-mdmb-2201-recensione","22":"product_tag-5f-mdmb-2201-reddit","23":"product_tag-5f-mdmb-pinaca-compra","24":"product_tag-5f-sgt-151","25":"product_tag-buy-5f-mdmb-2201","26":"product_tag-buy-5f-mdmb-2201-online","27":"product_tag-buy-5f-mdmb-2201-cannabinoidi","28":"product_tag-buy-diclazepam-uk","29":"product_tag-buy-5f-mdmb-2201-powder-online","30":"product_tag-c-liquid-chemical-suspension","31":"product_tag-5f-mdmb-2201-dosaggio-polvere","32":"product_tag-dove-acquistare-5f-mdmb-2201","33":"product_tag-order-5f-mdmb-2201","34":"product_tag-ordine-5f-mdmb-2201-in-linea","35":"product_tag-ordine-5f-mdmb-2201-polvere","36":"product_tag-pure-5f-mdmb-2201-polvere","37":"product_tag-mail-5f-mdmb-2201","38":"product_tag-5f-mdmb-2201-recensione-polvere","39":"product_tag-sgt-151-legale","40":"product_tag-5f-mdmb-2201-cannabinoidi-in-vendita","41":"product_tag-5f-mdmb-2201-polvere-in-vendita","43":"first","44":"instock","45":"shipping-taxable","46":"purchasable","47":"product-type-variable","48":"has-default-attributes"},"yoast_head":"<!-- This site is optimized with the Yoast SEO plugin v27.3 - https:\/\/yoast.com\/product\/yoast-seo-wordpress\/ -->\n<title>Acquista 5F MDMB 2201 - 5F-MMB-PICA, 5F-AMB-PICA e I-AMB<\/title>\n<meta name=\"description\" content=\"Acquista MMB-2201, 5F MDMB 2201 in vendita nel Regno Unito, in Europa (noto anche come 5F-MMB-PICA, 5F-AMB-PICA e I-AMB) \u00e8 un potente cannabinoide sintetico a base di indolo-3-carbossammide, che \u00e8 stato venduto come droga sintetica e come ingrediente attivo nelle miscele di cannabis sintetiche\" \/>\n<meta name=\"robots\" content=\"index, follow, max-snippet:-1, max-image-preview:large, max-video-preview:-1\" \/>\n<link rel=\"canonical\" href=\"https:\/\/medicinasinc.com\/it\/product\/buy-5f-mdmb-2201-5f-mmb-pica-5f-amb-pica\/\" \/>\n<meta property=\"og:locale\" content=\"it_IT\" \/>\n<meta property=\"og:type\" content=\"article\" \/>\n<meta property=\"og:title\" content=\"Acquista 5F MDMB 2201 - 5F-MMB-PICA, 5F-AMB-PICA e I-AMB\" \/>\n<meta property=\"og:description\" content=\"Acquista MMB-2201, 5F MDMB 2201 in vendita nel Regno Unito, in Europa (noto anche come 5F-MMB-PICA, 5F-AMB-PICA e I-AMB) \u00e8 un potente cannabinoide sintetico a base di indolo-3-carbossammide, che \u00e8 stato venduto come droga sintetica e come ingrediente attivo nelle miscele di cannabis sintetiche\" \/>\n<meta property=\"og:url\" content=\"https:\/\/medicinasinc.com\/it\/product\/buy-5f-mdmb-2201-5f-mmb-pica-5f-amb-pica\/\" \/>\n<meta property=\"og:site_name\" content=\"Medicinas Inc\" \/>\n<meta property=\"article:modified_time\" content=\"2022-03-17T00:17:39+00:00\" \/>\n<meta property=\"og:image\" content=\"https:\/\/medicinasinc.com\/it\/wp-content\/uploads\/sites\/4\/2022\/02\/Buy-5f-MDMB-2201.jpg\" \/>\n\t<meta property=\"og:image:width\" content=\"232\" \/>\n\t<meta property=\"og:image:height\" content=\"217\" \/>\n\t<meta property=\"og:image:type\" content=\"image\/jpeg\" \/>\n<meta name=\"twitter:card\" content=\"summary_large_image\" \/>\n<meta name=\"twitter:label1\" content=\"Tempo di lettura stimato\" \/>\n\t<meta name=\"twitter:data1\" content=\"1 minuto\" \/>\n<script type=\"application\/ld+json\" class=\"yoast-schema-graph\">{\"@context\":\"https:\\\/\\\/schema.org\",\"@graph\":[{\"@type\":\"WebPage\",\"@id\":\"https:\\\/\\\/medicinasinc.com\\\/it\\\/product\\\/buy-5f-mdmb-2201-5f-mmb-pica-5f-amb-pica\\\/\",\"url\":\"https:\\\/\\\/medicinasinc.com\\\/it\\\/product\\\/buy-5f-mdmb-2201-5f-mmb-pica-5f-amb-pica\\\/\",\"name\":\"Acquista 5F MDMB 2201 - 5F-MMB-PICA, 5F-AMB-PICA e I-AMB\",\"isPartOf\":{\"@id\":\"https:\\\/\\\/medicinasinc.com\\\/it\\\/#website\"},\"primaryImageOfPage\":{\"@id\":\"https:\\\/\\\/medicinasinc.com\\\/it\\\/product\\\/buy-5f-mdmb-2201-5f-mmb-pica-5f-amb-pica\\\/#primaryimage\"},\"image\":{\"@id\":\"https:\\\/\\\/medicinasinc.com\\\/it\\\/product\\\/buy-5f-mdmb-2201-5f-mmb-pica-5f-amb-pica\\\/#primaryimage\"},\"thumbnailUrl\":\"https:\\\/\\\/medicinasinc.com\\\/it\\\/wp-content\\\/uploads\\\/sites\\\/4\\\/2022\\\/02\\\/Buy-5f-MDMB-2201.jpg\",\"datePublished\":\"2022-02-21T22:57:54+00:00\",\"dateModified\":\"2022-03-17T00:17:39+00:00\",\"description\":\"Acquista MMB-2201, 5F MDMB 2201 in vendita nel Regno Unito, in Europa (noto anche come 5F-MMB-PICA, 5F-AMB-PICA e I-AMB) \u00e8 un potente cannabinoide sintetico a base di indolo-3-carbossammide, che \u00e8 stato venduto come droga sintetica e come ingrediente attivo nelle miscele di cannabis sintetiche\",\"breadcrumb\":{\"@id\":\"https:\\\/\\\/medicinasinc.com\\\/it\\\/product\\\/buy-5f-mdmb-2201-5f-mmb-pica-5f-amb-pica\\\/#breadcrumb\"},\"inLanguage\":\"it-IT\",\"potentialAction\":[{\"@type\":\"ReadAction\",\"target\":[\"https:\\\/\\\/medicinasinc.com\\\/it\\\/product\\\/buy-5f-mdmb-2201-5f-mmb-pica-5f-amb-pica\\\/\"]}]},{\"@type\":\"ImageObject\",\"inLanguage\":\"it-IT\",\"@id\":\"https:\\\/\\\/medicinasinc.com\\\/it\\\/product\\\/buy-5f-mdmb-2201-5f-mmb-pica-5f-amb-pica\\\/#primaryimage\",\"url\":\"https:\\\/\\\/medicinasinc.com\\\/it\\\/wp-content\\\/uploads\\\/sites\\\/4\\\/2022\\\/02\\\/Buy-5f-MDMB-2201.jpg\",\"contentUrl\":\"https:\\\/\\\/medicinasinc.com\\\/it\\\/wp-content\\\/uploads\\\/sites\\\/4\\\/2022\\\/02\\\/Buy-5f-MDMB-2201.jpg\",\"width\":232,\"height\":217},{\"@type\":\"BreadcrumbList\",\"@id\":\"https:\\\/\\\/medicinasinc.com\\\/it\\\/product\\\/buy-5f-mdmb-2201-5f-mmb-pica-5f-amb-pica\\\/#breadcrumb\",\"itemListElement\":[{\"@type\":\"ListItem\",\"position\":1,\"name\":\"Negozio\",\"item\":\"https:\\\/\\\/medicinasinc.com\\\/it\\\/negozio\\\/\"},{\"@type\":\"ListItem\",\"position\":2,\"name\":\"Acquista 5F MDMB 2201 &#8211; 5F-MMB-PICA, 5F-AMB-PICA\"}]},{\"@type\":\"WebSite\",\"@id\":\"https:\\\/\\\/medicinasinc.com\\\/it\\\/#website\",\"url\":\"https:\\\/\\\/medicinasinc.com\\\/it\\\/\",\"name\":\"Medicinas Inc\",\"description\":\"Health Medical Clinic\",\"potentialAction\":[{\"@type\":\"SearchAction\",\"target\":{\"@type\":\"EntryPoint\",\"urlTemplate\":\"https:\\\/\\\/medicinasinc.com\\\/it\\\/?s={search_term_string}\"},\"query-input\":{\"@type\":\"PropertyValueSpecification\",\"valueRequired\":true,\"valueName\":\"search_term_string\"}}],\"inLanguage\":\"it-IT\"}]}<\/script>\n<!-- \/ Yoast SEO plugin. -->","yoast_head_json":{"title":"Acquista 5F MDMB 2201 - 5F-MMB-PICA, 5F-AMB-PICA e I-AMB","description":"Acquista MMB-2201, 5F MDMB 2201 in vendita nel Regno Unito, in Europa (noto anche come 5F-MMB-PICA, 5F-AMB-PICA e I-AMB) \u00e8 un potente cannabinoide sintetico a base di indolo-3-carbossammide, che \u00e8 stato venduto come droga sintetica e come ingrediente attivo nelle miscele di cannabis sintetiche","robots":{"index":"index","follow":"follow","max-snippet":"max-snippet:-1","max-image-preview":"max-image-preview:large","max-video-preview":"max-video-preview:-1"},"canonical":"https:\/\/medicinasinc.com\/it\/product\/buy-5f-mdmb-2201-5f-mmb-pica-5f-amb-pica\/","og_locale":"it_IT","og_type":"article","og_title":"Acquista 5F MDMB 2201 - 5F-MMB-PICA, 5F-AMB-PICA e I-AMB","og_description":"Acquista MMB-2201, 5F MDMB 2201 in vendita nel Regno Unito, in Europa (noto anche come 5F-MMB-PICA, 5F-AMB-PICA e I-AMB) \u00e8 un potente cannabinoide sintetico a base di indolo-3-carbossammide, che \u00e8 stato venduto come droga sintetica e come ingrediente attivo nelle miscele di cannabis sintetiche","og_url":"https:\/\/medicinasinc.com\/it\/product\/buy-5f-mdmb-2201-5f-mmb-pica-5f-amb-pica\/","og_site_name":"Medicinas Inc","article_modified_time":"2022-03-17T00:17:39+00:00","og_image":[{"width":232,"height":217,"url":"https:\/\/medicinasinc.com\/it\/wp-content\/uploads\/sites\/4\/2022\/02\/Buy-5f-MDMB-2201.jpg","type":"image\/jpeg"}],"twitter_card":"summary_large_image","twitter_misc":{"Tempo di lettura stimato":"1 minuto"},"schema":{"@context":"https:\/\/schema.org","@graph":[{"@type":"WebPage","@id":"https:\/\/medicinasinc.com\/it\/product\/buy-5f-mdmb-2201-5f-mmb-pica-5f-amb-pica\/","url":"https:\/\/medicinasinc.com\/it\/product\/buy-5f-mdmb-2201-5f-mmb-pica-5f-amb-pica\/","name":"Acquista 5F MDMB 2201 - 5F-MMB-PICA, 5F-AMB-PICA e I-AMB","isPartOf":{"@id":"https:\/\/medicinasinc.com\/it\/#website"},"primaryImageOfPage":{"@id":"https:\/\/medicinasinc.com\/it\/product\/buy-5f-mdmb-2201-5f-mmb-pica-5f-amb-pica\/#primaryimage"},"image":{"@id":"https:\/\/medicinasinc.com\/it\/product\/buy-5f-mdmb-2201-5f-mmb-pica-5f-amb-pica\/#primaryimage"},"thumbnailUrl":"https:\/\/medicinasinc.com\/it\/wp-content\/uploads\/sites\/4\/2022\/02\/Buy-5f-MDMB-2201.jpg","datePublished":"2022-02-21T22:57:54+00:00","dateModified":"2022-03-17T00:17:39+00:00","description":"Acquista MMB-2201, 5F MDMB 2201 in vendita nel Regno Unito, in Europa (noto anche come 5F-MMB-PICA, 5F-AMB-PICA e I-AMB) \u00e8 un potente cannabinoide sintetico a base di indolo-3-carbossammide, che \u00e8 stato venduto come droga sintetica e come ingrediente attivo nelle miscele di cannabis sintetiche","breadcrumb":{"@id":"https:\/\/medicinasinc.com\/it\/product\/buy-5f-mdmb-2201-5f-mmb-pica-5f-amb-pica\/#breadcrumb"},"inLanguage":"it-IT","potentialAction":[{"@type":"ReadAction","target":["https:\/\/medicinasinc.com\/it\/product\/buy-5f-mdmb-2201-5f-mmb-pica-5f-amb-pica\/"]}]},{"@type":"ImageObject","inLanguage":"it-IT","@id":"https:\/\/medicinasinc.com\/it\/product\/buy-5f-mdmb-2201-5f-mmb-pica-5f-amb-pica\/#primaryimage","url":"https:\/\/medicinasinc.com\/it\/wp-content\/uploads\/sites\/4\/2022\/02\/Buy-5f-MDMB-2201.jpg","contentUrl":"https:\/\/medicinasinc.com\/it\/wp-content\/uploads\/sites\/4\/2022\/02\/Buy-5f-MDMB-2201.jpg","width":232,"height":217},{"@type":"BreadcrumbList","@id":"https:\/\/medicinasinc.com\/it\/product\/buy-5f-mdmb-2201-5f-mmb-pica-5f-amb-pica\/#breadcrumb","itemListElement":[{"@type":"ListItem","position":1,"name":"Negozio","item":"https:\/\/medicinasinc.com\/it\/negozio\/"},{"@type":"ListItem","position":2,"name":"Acquista 5F MDMB 2201 &#8211; 5F-MMB-PICA, 5F-AMB-PICA"}]},{"@type":"WebSite","@id":"https:\/\/medicinasinc.com\/it\/#website","url":"https:\/\/medicinasinc.com\/it\/","name":"Medicinas Inc","description":"Health Medical Clinic","potentialAction":[{"@type":"SearchAction","target":{"@type":"EntryPoint","urlTemplate":"https:\/\/medicinasinc.com\/it\/?s={search_term_string}"},"query-input":{"@type":"PropertyValueSpecification","valueRequired":true,"valueName":"search_term_string"}}],"inLanguage":"it-IT"}]}},"_links":{"self":[{"href":"https:\/\/medicinasinc.com\/it\/wp-json\/wp\/v2\/product\/5417","targetHints":{"allow":["GET"]}}],"collection":[{"href":"https:\/\/medicinasinc.com\/it\/wp-json\/wp\/v2\/product"}],"about":[{"href":"https:\/\/medicinasinc.com\/it\/wp-json\/wp\/v2\/types\/product"}],"replies":[{"embeddable":true,"href":"https:\/\/medicinasinc.com\/it\/wp-json\/wp\/v2\/comments?post=5417"}],"wp:featuredmedia":[{"embeddable":true,"href":"https:\/\/medicinasinc.com\/it\/wp-json\/wp\/v2\/media\/5427"}],"wp:attachment":[{"href":"https:\/\/medicinasinc.com\/it\/wp-json\/wp\/v2\/media?parent=5417"}],"wp:term":[{"taxonomy":"product_brand","embeddable":true,"href":"https:\/\/medicinasinc.com\/it\/wp-json\/wp\/v2\/product_brand?post=5417"},{"taxonomy":"product_cat","embeddable":true,"href":"https:\/\/medicinasinc.com\/it\/wp-json\/wp\/v2\/product_cat?post=5417"},{"taxonomy":"product_tag","embeddable":true,"href":"https:\/\/medicinasinc.com\/it\/wp-json\/wp\/v2\/product_tag?post=5417"}],"curies":[{"name":"wp","href":"https:\/\/api.w.org\/{rel}","templated":true}]}}