{"id":5390,"date":"2022-02-21T22:27:36","date_gmt":"2022-02-21T22:27:36","guid":{"rendered":"https:\/\/medicinasinc.com\/it\/?post_type=product&#038;p=5390"},"modified":"2022-03-17T00:17:57","modified_gmt":"2022-03-17T00:17:57","slug":"buy-5-methoxymethylone-powder-online","status":"publish","type":"product","link":"https:\/\/medicinasinc.com\/it\/product\/buy-5-methoxymethylone-powder-online\/","title":{"rendered":"Acquista online la polvere di 5-Metossimetilene"},"content":{"rendered":"<p>Acquista online il 5-metossimetilone in polvere.<\/p>\n<p>Il farmaco di design a base di catinone 2-A1MP, o polvere di 5-metossi-metilone, \u00e8 un composto chimico che \u00e8 stato offerto online come farmaco di design. 5-Methoxy-MDMA \u00e8 una forma beta-chetone di questo farmaco. La struttura molecolare non sembra essere associata alla designazione pi\u00f9 diffusa 2-AIMP\/2-A1MP. L&#8217;aggiunta di un gruppo metossile al 5\u00b0 atomo di carbonio dell&#8217;anello aromatico distingue le due molecole dal metilone. Acquista 5-Metossimetilene in polvere. La tossicit\u00e0 di questo composto non \u00e8 ancora chiara. Acquista 5-Methoxymethylone su Internet.<\/p>\n<p>Sotto il nome della via 2-A1MP, il 5-Methoxy-Methylone \u00e8 classificato come sostanza controllata in Ungheria.<\/p>\n<p>Acquista 5-Methoxymethylone.<\/p>\n<p>Vedi anche<br \/> Lofofina<br \/> 5-Methylethylone<br \/> 5-Methyl-MDA<br \/> Acquista online la polvere di BK-MMDMA<\/p>\n<div class=\"product- next-previous\">\n<div class=\"product-prev\"><\/div><\/div>\n","protected":false},"excerpt":{"rendered":"<div class=\"woocommerce-product-details__short-description\">\n<p>Acquista 5-Methoxymethyl One, acquista 5-Methoxymethylone in polvere online. Real 5-Methoxymethylone online \u2013 5-Methoxymethylone in vendita | Acquista 5-Metossimetilene online | Acquista polvere di 5-Metossimetilene in vendita| Acquista polvere di 5-Metossimetilene a buon mercato | Dove acquistare online la polvere di 5-Metossimetilene.<\/p>\n<\/p><\/div>\n","protected":false},"featured_media":5402,"comment_status":"open","ping_status":"closed","template":"","meta":[],"product_brand":[],"product_cat":[2014],"product_tag":[],"class_list":{"0":"post-5390","1":"product","2":"type-product","3":"status-publish","4":"has-post-thumbnail","6":"product_cat-compra-ricerca-prodotti-chimici","8":"first","9":"instock","10":"shipping-taxable","11":"purchasable","12":"product-type-variable","13":"has-default-attributes"},"yoast_head":"<!-- This site is optimized with the Yoast SEO plugin v27.3 - https:\/\/yoast.com\/product\/yoast-seo-wordpress\/ -->\n<title>Acquista online la polvere di 5-Metossimetilene - Best Best Global Meds<\/title>\n<meta name=\"description\" content=\"Acquista 5-Metossimetilene, Acquista 5-Metossimetilene in polvere online. Real 5-Methoxymethylone online \u2013 5-Methoxymethylone in vendita | Acquista 5-Metossimetilene online | Acquista polvere di 5-Metossimetilene in vendita| Acquista polvere di 5-Metossimetilene a buon mercato | Dove acquistare online la polvere di 5-Metossimetilene.\" \/>\n<meta name=\"robots\" content=\"index, follow, max-snippet:-1, max-image-preview:large, max-video-preview:-1\" \/>\n<link rel=\"canonical\" href=\"https:\/\/medicinasinc.com\/it\/product\/buy-5-methoxymethylone-powder-online\/\" \/>\n<meta property=\"og:locale\" content=\"it_IT\" \/>\n<meta property=\"og:type\" content=\"article\" \/>\n<meta property=\"og:title\" content=\"Acquista online la polvere di 5-Metossimetilene - Best Best Global Meds\" \/>\n<meta property=\"og:description\" content=\"Acquista 5-Metossimetilene, Acquista 5-Metossimetilene in polvere online. Real 5-Methoxymethylone online \u2013 5-Methoxymethylone in vendita | Acquista 5-Metossimetilene online | Acquista polvere di 5-Metossimetilene in vendita| Acquista polvere di 5-Metossimetilene a buon mercato | Dove acquistare online la polvere di 5-Metossimetilene.\" \/>\n<meta property=\"og:url\" content=\"https:\/\/medicinasinc.com\/it\/product\/buy-5-methoxymethylone-powder-online\/\" \/>\n<meta property=\"og:site_name\" content=\"Medicinas Inc\" \/>\n<meta property=\"article:modified_time\" content=\"2022-03-17T00:17:57+00:00\" \/>\n<meta property=\"og:image\" content=\"https:\/\/medicinasinc.com\/it\/wp-content\/uploads\/sites\/4\/2022\/02\/buy-5-methoxymethylone-powder-online.jpg\" \/>\n\t<meta property=\"og:image:width\" content=\"600\" \/>\n\t<meta property=\"og:image:height\" content=\"600\" \/>\n\t<meta property=\"og:image:type\" content=\"image\/jpeg\" \/>\n<meta name=\"twitter:card\" content=\"summary_large_image\" \/>\n<meta name=\"twitter:label1\" content=\"Tempo di lettura stimato\" \/>\n\t<meta name=\"twitter:data1\" content=\"1 minuto\" \/>\n<script type=\"application\/ld+json\" class=\"yoast-schema-graph\">{\"@context\":\"https:\\\/\\\/schema.org\",\"@graph\":[{\"@type\":\"WebPage\",\"@id\":\"https:\\\/\\\/medicinasinc.com\\\/it\\\/product\\\/buy-5-methoxymethylone-powder-online\\\/\",\"url\":\"https:\\\/\\\/medicinasinc.com\\\/it\\\/product\\\/buy-5-methoxymethylone-powder-online\\\/\",\"name\":\"Acquista online la polvere di 5-Metossimetilene - Best Best Global Meds\",\"isPartOf\":{\"@id\":\"https:\\\/\\\/medicinasinc.com\\\/it\\\/#website\"},\"primaryImageOfPage\":{\"@id\":\"https:\\\/\\\/medicinasinc.com\\\/it\\\/product\\\/buy-5-methoxymethylone-powder-online\\\/#primaryimage\"},\"image\":{\"@id\":\"https:\\\/\\\/medicinasinc.com\\\/it\\\/product\\\/buy-5-methoxymethylone-powder-online\\\/#primaryimage\"},\"thumbnailUrl\":\"https:\\\/\\\/medicinasinc.com\\\/it\\\/wp-content\\\/uploads\\\/sites\\\/4\\\/2022\\\/02\\\/buy-5-methoxymethylone-powder-online.jpg\",\"datePublished\":\"2022-02-21T22:27:36+00:00\",\"dateModified\":\"2022-03-17T00:17:57+00:00\",\"description\":\"Acquista 5-Metossimetilene, Acquista 5-Metossimetilene in polvere online. Real 5-Methoxymethylone online \u2013 5-Methoxymethylone in vendita | Acquista 5-Metossimetilene online | Acquista polvere di 5-Metossimetilene in vendita| Acquista polvere di 5-Metossimetilene a buon mercato | Dove acquistare online la polvere di 5-Metossimetilene.\",\"breadcrumb\":{\"@id\":\"https:\\\/\\\/medicinasinc.com\\\/it\\\/product\\\/buy-5-methoxymethylone-powder-online\\\/#breadcrumb\"},\"inLanguage\":\"it-IT\",\"potentialAction\":[{\"@type\":\"ReadAction\",\"target\":[\"https:\\\/\\\/medicinasinc.com\\\/it\\\/product\\\/buy-5-methoxymethylone-powder-online\\\/\"]}]},{\"@type\":\"ImageObject\",\"inLanguage\":\"it-IT\",\"@id\":\"https:\\\/\\\/medicinasinc.com\\\/it\\\/product\\\/buy-5-methoxymethylone-powder-online\\\/#primaryimage\",\"url\":\"https:\\\/\\\/medicinasinc.com\\\/it\\\/wp-content\\\/uploads\\\/sites\\\/4\\\/2022\\\/02\\\/buy-5-methoxymethylone-powder-online.jpg\",\"contentUrl\":\"https:\\\/\\\/medicinasinc.com\\\/it\\\/wp-content\\\/uploads\\\/sites\\\/4\\\/2022\\\/02\\\/buy-5-methoxymethylone-powder-online.jpg\",\"width\":600,\"height\":600},{\"@type\":\"BreadcrumbList\",\"@id\":\"https:\\\/\\\/medicinasinc.com\\\/it\\\/product\\\/buy-5-methoxymethylone-powder-online\\\/#breadcrumb\",\"itemListElement\":[{\"@type\":\"ListItem\",\"position\":1,\"name\":\"Negozio\",\"item\":\"https:\\\/\\\/medicinasinc.com\\\/it\\\/negozio\\\/\"},{\"@type\":\"ListItem\",\"position\":2,\"name\":\"Acquista online la polvere di 5-Metossimetilene\"}]},{\"@type\":\"WebSite\",\"@id\":\"https:\\\/\\\/medicinasinc.com\\\/it\\\/#website\",\"url\":\"https:\\\/\\\/medicinasinc.com\\\/it\\\/\",\"name\":\"Medicinas Inc\",\"description\":\"Health Medical Clinic\",\"potentialAction\":[{\"@type\":\"SearchAction\",\"target\":{\"@type\":\"EntryPoint\",\"urlTemplate\":\"https:\\\/\\\/medicinasinc.com\\\/it\\\/?s={search_term_string}\"},\"query-input\":{\"@type\":\"PropertyValueSpecification\",\"valueRequired\":true,\"valueName\":\"search_term_string\"}}],\"inLanguage\":\"it-IT\"}]}<\/script>\n<!-- \/ Yoast SEO plugin. -->","yoast_head_json":{"title":"Acquista online la polvere di 5-Metossimetilene - Best Best Global Meds","description":"Acquista 5-Metossimetilene, Acquista 5-Metossimetilene in polvere online. Real 5-Methoxymethylone online \u2013 5-Methoxymethylone in vendita | Acquista 5-Metossimetilene online | Acquista polvere di 5-Metossimetilene in vendita| Acquista polvere di 5-Metossimetilene a buon mercato | Dove acquistare online la polvere di 5-Metossimetilene.","robots":{"index":"index","follow":"follow","max-snippet":"max-snippet:-1","max-image-preview":"max-image-preview:large","max-video-preview":"max-video-preview:-1"},"canonical":"https:\/\/medicinasinc.com\/it\/product\/buy-5-methoxymethylone-powder-online\/","og_locale":"it_IT","og_type":"article","og_title":"Acquista online la polvere di 5-Metossimetilene - Best Best Global Meds","og_description":"Acquista 5-Metossimetilene, Acquista 5-Metossimetilene in polvere online. Real 5-Methoxymethylone online \u2013 5-Methoxymethylone in vendita | Acquista 5-Metossimetilene online | Acquista polvere di 5-Metossimetilene in vendita| Acquista polvere di 5-Metossimetilene a buon mercato | Dove acquistare online la polvere di 5-Metossimetilene.","og_url":"https:\/\/medicinasinc.com\/it\/product\/buy-5-methoxymethylone-powder-online\/","og_site_name":"Medicinas Inc","article_modified_time":"2022-03-17T00:17:57+00:00","og_image":[{"width":600,"height":600,"url":"https:\/\/medicinasinc.com\/it\/wp-content\/uploads\/sites\/4\/2022\/02\/buy-5-methoxymethylone-powder-online.jpg","type":"image\/jpeg"}],"twitter_card":"summary_large_image","twitter_misc":{"Tempo di lettura stimato":"1 minuto"},"schema":{"@context":"https:\/\/schema.org","@graph":[{"@type":"WebPage","@id":"https:\/\/medicinasinc.com\/it\/product\/buy-5-methoxymethylone-powder-online\/","url":"https:\/\/medicinasinc.com\/it\/product\/buy-5-methoxymethylone-powder-online\/","name":"Acquista online la polvere di 5-Metossimetilene - Best Best Global Meds","isPartOf":{"@id":"https:\/\/medicinasinc.com\/it\/#website"},"primaryImageOfPage":{"@id":"https:\/\/medicinasinc.com\/it\/product\/buy-5-methoxymethylone-powder-online\/#primaryimage"},"image":{"@id":"https:\/\/medicinasinc.com\/it\/product\/buy-5-methoxymethylone-powder-online\/#primaryimage"},"thumbnailUrl":"https:\/\/medicinasinc.com\/it\/wp-content\/uploads\/sites\/4\/2022\/02\/buy-5-methoxymethylone-powder-online.jpg","datePublished":"2022-02-21T22:27:36+00:00","dateModified":"2022-03-17T00:17:57+00:00","description":"Acquista 5-Metossimetilene, Acquista 5-Metossimetilene in polvere online. Real 5-Methoxymethylone online \u2013 5-Methoxymethylone in vendita | Acquista 5-Metossimetilene online | Acquista polvere di 5-Metossimetilene in vendita| Acquista polvere di 5-Metossimetilene a buon mercato | Dove acquistare online la polvere di 5-Metossimetilene.","breadcrumb":{"@id":"https:\/\/medicinasinc.com\/it\/product\/buy-5-methoxymethylone-powder-online\/#breadcrumb"},"inLanguage":"it-IT","potentialAction":[{"@type":"ReadAction","target":["https:\/\/medicinasinc.com\/it\/product\/buy-5-methoxymethylone-powder-online\/"]}]},{"@type":"ImageObject","inLanguage":"it-IT","@id":"https:\/\/medicinasinc.com\/it\/product\/buy-5-methoxymethylone-powder-online\/#primaryimage","url":"https:\/\/medicinasinc.com\/it\/wp-content\/uploads\/sites\/4\/2022\/02\/buy-5-methoxymethylone-powder-online.jpg","contentUrl":"https:\/\/medicinasinc.com\/it\/wp-content\/uploads\/sites\/4\/2022\/02\/buy-5-methoxymethylone-powder-online.jpg","width":600,"height":600},{"@type":"BreadcrumbList","@id":"https:\/\/medicinasinc.com\/it\/product\/buy-5-methoxymethylone-powder-online\/#breadcrumb","itemListElement":[{"@type":"ListItem","position":1,"name":"Negozio","item":"https:\/\/medicinasinc.com\/it\/negozio\/"},{"@type":"ListItem","position":2,"name":"Acquista online la polvere di 5-Metossimetilene"}]},{"@type":"WebSite","@id":"https:\/\/medicinasinc.com\/it\/#website","url":"https:\/\/medicinasinc.com\/it\/","name":"Medicinas Inc","description":"Health Medical Clinic","potentialAction":[{"@type":"SearchAction","target":{"@type":"EntryPoint","urlTemplate":"https:\/\/medicinasinc.com\/it\/?s={search_term_string}"},"query-input":{"@type":"PropertyValueSpecification","valueRequired":true,"valueName":"search_term_string"}}],"inLanguage":"it-IT"}]}},"_links":{"self":[{"href":"https:\/\/medicinasinc.com\/it\/wp-json\/wp\/v2\/product\/5390","targetHints":{"allow":["GET"]}}],"collection":[{"href":"https:\/\/medicinasinc.com\/it\/wp-json\/wp\/v2\/product"}],"about":[{"href":"https:\/\/medicinasinc.com\/it\/wp-json\/wp\/v2\/types\/product"}],"replies":[{"embeddable":true,"href":"https:\/\/medicinasinc.com\/it\/wp-json\/wp\/v2\/comments?post=5390"}],"wp:featuredmedia":[{"embeddable":true,"href":"https:\/\/medicinasinc.com\/it\/wp-json\/wp\/v2\/media\/5402"}],"wp:attachment":[{"href":"https:\/\/medicinasinc.com\/it\/wp-json\/wp\/v2\/media?parent=5390"}],"wp:term":[{"taxonomy":"product_brand","embeddable":true,"href":"https:\/\/medicinasinc.com\/it\/wp-json\/wp\/v2\/product_brand?post=5390"},{"taxonomy":"product_cat","embeddable":true,"href":"https:\/\/medicinasinc.com\/it\/wp-json\/wp\/v2\/product_cat?post=5390"},{"taxonomy":"product_tag","embeddable":true,"href":"https:\/\/medicinasinc.com\/it\/wp-json\/wp\/v2\/product_tag?post=5390"}],"curies":[{"name":"wp","href":"https:\/\/api.w.org\/{rel}","templated":true}]}}