{"id":5389,"date":"2022-02-21T22:26:02","date_gmt":"2022-02-21T22:26:02","guid":{"rendered":"https:\/\/medicinasinc.com\/it\/?post_type=product&#038;p=5389"},"modified":"2022-03-17T00:18:05","modified_gmt":"2022-03-17T00:18:05","slug":"buy-5-mapb-cristallo-polvere","status":"publish","type":"product","link":"https:\/\/medicinasinc.com\/it\/product\/buy-5-mapb-cristallo-polvere\/","title":{"rendered":"Acquista polvere 5-MAPB e amp; Cristallo"},"content":{"rendered":"<p>Hai bisogno di 5-mapb-crystal e vuoi acquistarlo a un prezzo ragionevole? Puoi quindi visitare subito il nostro negozio di forniture chimiche online. Con l&#8217;aiuto di Bestglobalmed.com, puoi acquistare 5-mapb-crystal online a costi convenienti. Nel nostro negozio di prodotti chimici online, siamo un noto venditore e fornitore sempre al tuo servizio. Ordina\u00a05-mapb-crystal\u00a0oggi!<\/p>\n<p>5-mapb-crystal \u00e8 un tipo di cristallo.<\/p>\n<p>Nella struttura e negli effetti, 5-MAPB (1-(benzofuran-5-il )-N-metil propano-2-ammina) \u00e8 simile all&#8217;MDMA, un entactogeno sintetico. Il 5&#8242;-(2-metil amminopropil)benzofurano \u00e8 un entactogeno sintetico della famiglia chimica benzo-sostituita (abbreviato in 5-MAPB).<\/p>\n<p>In che modo il 5-mapb-cristallo influisce sul corpo?<\/p>\n<p>5-mapb-crystal ha un impatto euforico, entactogenico, stimolante e moderatamente psichedelico sul corpo umano se assunto per via orale.<\/p>\n<p>5 MAPB Crystal \u00e8 conosciuto come cos&#8217;altro?<\/p>\n<p>Il cristallo 5 MAPB \u00e8 anche noto come 5-MAPB.<\/p>\n<p>Come descriveresti il \u200b\u200bcristallo 5 MAPB?<\/p>\n<p>Chimicamente, il cristallo 5 MAPB \u00e8 una molecola di benzofurano (anfetamina). <\/p>\n<p>Come posso mettere le mani su alcuni 5-mapb-crystal?<\/p>\n<p>Puoi ottenere 5-mapb-crystal dal nostro sito Web ufficiale e farteli consegnare all&#8217;indirizzo specificato entro un pochi giorni. Solo negli Stati Uniti, Regno Unito, Canada, Germania e Australia trattiamo 5-mapb-crystal. Connettiti subito!<\/p>\n<p>Siamo il principale fornitore e distributore di prodotti chimici di alta qualit\u00e0 a un prezzo ragionevole. \u00c8 facile per i clienti sentirsi a proprio agio quando lavorano con il nostro team di esperti. Di conseguenza, sono in grado di mantenere una fornitura sufficiente e ricevere consegne tempestive per soddisfare le loro esigenze. I clienti ci amano e ci rispettano perch\u00e9 offriamo prodotti di alta qualit\u00e0 a prezzi ragionevoli e un eccellente servizio clienti. Non \u00e8 solo nostro dovere, ma nostra responsabilit\u00e0 soddisfare o superare le vostre aspettative. Prima di acquistare l&#8217;mdpt, non \u00e8 necessario consultare un medico.<\/p>\n<p>Andiamo oltre per assicurarci che il cliente sia completamente soddisfatto. Puntare alla reputazione globale dei suoi prodotti e servizi significa fissare prezzi in linea con le norme del settore.<\/p>\n<p>Inoltre, offriamo uguale attenzione a tutti i tuoi ordini, indipendentemente da quanto grandi o piccoli siano, e ci impegniamo per ricevere il tuo ordine il pi\u00f9 rapidamente possibile.<\/p>\n<p>Dopo aver completato i tuoi acquisti, siamo certi che non rimarrai deluso. Per offrirti il \u200b\u200bmassimo livello di qualit\u00e0 possibile, utilizziamo solo materiali che sono stati acquistati dalle migliori fonti possibili. Riceverai l&#8217;imballaggio del prodotto in una confezione discreta.<\/p>\n<p>Siamo stati in grado di stabilire un solido punto d&#8217;appoggio nel mercato della chimica di ricerca grazie al nostro patrimonio di conoscenze. In qualit\u00e0 di fornitore leader di prodotti chimici di ricerca, crediamo nella creazione di relazioni a lungo termine con i nostri clienti basate sulla fiducia.<\/p>\n","protected":false},"excerpt":{"rendered":"<p>Puoi acquistare\u00a05-MAPB polvere di cristallo da Bestglobalmedics.com a un prezzo ragionevole, cos\u00ec come 5-MAPB Research Chemicals in vendita. Conosciuto chimicamente come 1-(benzofuran-5-il), il 5-MAPB \u00e8 un entactogeno sintetico con effetti e propriet\u00e0 molto simili all&#8217;MDMA.<\/p>\n<p>5-MAPB in polvere e amp; Cristallo 1 oncia. \u00e8 disponibile per l&#8217;acquisto. Si consiglia una dose di 100-200 milligrammi di 5-MAPB, una polvere simile all&#8217;MDMA.<\/p>\n<p>Acquista Crystal 5-MAPB se stai cercando 5-mapb-crystal a buon prezzo , non guardare oltre. Allora contatta subito il nostro negozio di prodotti chimici via internet.<\/p>\n","protected":false},"featured_media":5400,"comment_status":"open","ping_status":"closed","template":"","meta":[],"product_brand":[],"product_cat":[2014],"product_tag":[2569,2570,2571,2576,2577,2578,2579,2584,2585,2588,2589,2586,2587,2575,2595,2590,2592,2593,2591,2572,2573,2574,2580,2594,2583,2582,2581],"class_list":{"0":"post-5389","1":"product","2":"type-product","3":"status-publish","4":"has-post-thumbnail","6":"product_cat-compra-ricerca-prodotti-chimici","7":"product_tag-5-mappe","8":"product_tag-5-mapb-in-vendita","9":"product_tag-5-mapb-in-vendita-online","10":"product_tag-5-mapb-powder-for-sale","11":"product_tag-5-mapb-powder-review","12":"product_tag-5-mapb-powder-supplier","13":"product_tag-5-mapb-powder-uk","14":"product_tag-5-mapb-research-chemicals-for-sale","15":"product_tag-5-mapb-review","16":"product_tag-acquista-5-mapb-polvere-online","17":"product_tag-buy-5-mapb-research-chemicals","18":"product_tag-buy-5-mapb","19":"product_tag-buy-5-mapb-online","20":"product_tag-5-mapb-dosaggio-polvere","21":"product_tag-dove-acquistare-5-mapb","22":"product_tag-mail-5-mapb","23":"product_tag-order-5-mapb-online","24":"product_tag-order-5-mapb-powder","25":"product_tag-ordine-5-mapb","26":"product_tag-5-mapb-polvere","27":"product_tag-5-mapb-polvere-australia","28":"product_tag-5-mapb-polvere-canada","29":"product_tag-5-mapb-polvere-usa","30":"product_tag-pura-5-mapb-polvere","31":"product_tag-5-mapb-ricerca-sostanze-chimiche","32":"product_tag-5-mapb-reddit","33":"product_tag-5-mapb-fornitore-di-polvere","35":"first","36":"instock","37":"shipping-taxable","38":"purchasable","39":"product-type-variable","40":"has-default-attributes"},"yoast_head":"<!-- This site is optimized with the Yoast SEO plugin v27.3 - https:\/\/yoast.com\/product\/yoast-seo-wordpress\/ -->\n<title>Acquista polvere 5-MAPB e amp; Cristallo - I migliori migliori farmaci globali<\/title>\n<meta name=\"description\" content=\"Acquista cristallo in polvere 5-MAPB online, prodotti chimici di ricerca 5-MAPB in vendita, ordina cristallo 5-MAPB negli Stati Uniti, nel Regno Unito a un prezzo conveniente da Bestglobalmeds.com. 5-MAPB (1-(benzofuran-5-il)-N-metilpropan-2-ammina) \u00e8 un farmaco di sintesi entactogenic simile all&#039;MDMA nella sua struttura ed effetti\" \/>\n<meta name=\"robots\" content=\"index, follow, max-snippet:-1, max-image-preview:large, max-video-preview:-1\" \/>\n<link rel=\"canonical\" href=\"https:\/\/medicinasinc.com\/it\/product\/buy-5-mapb-cristallo-polvere\/\" \/>\n<meta property=\"og:locale\" content=\"it_IT\" \/>\n<meta property=\"og:type\" content=\"article\" \/>\n<meta property=\"og:title\" content=\"Acquista polvere 5-MAPB e amp; Cristallo - I migliori migliori farmaci globali\" \/>\n<meta property=\"og:description\" content=\"Acquista cristallo in polvere 5-MAPB online, prodotti chimici di ricerca 5-MAPB in vendita, ordina cristallo 5-MAPB negli Stati Uniti, nel Regno Unito a un prezzo conveniente da Bestglobalmeds.com. 5-MAPB (1-(benzofuran-5-il)-N-metilpropan-2-ammina) \u00e8 un farmaco di sintesi entactogenic simile all&#039;MDMA nella sua struttura ed effetti\" \/>\n<meta property=\"og:url\" content=\"https:\/\/medicinasinc.com\/it\/product\/buy-5-mapb-cristallo-polvere\/\" \/>\n<meta property=\"og:site_name\" content=\"Medicinas Inc\" \/>\n<meta property=\"article:modified_time\" content=\"2022-03-17T00:18:05+00:00\" \/>\n<meta property=\"og:image\" content=\"https:\/\/medicinasinc.com\/it\/wp-content\/uploads\/sites\/4\/2022\/02\/Buy-5-MAPB-Powder-Crystal.jpg\" \/>\n\t<meta property=\"og:image:width\" content=\"600\" \/>\n\t<meta property=\"og:image:height\" content=\"488\" \/>\n\t<meta property=\"og:image:type\" content=\"image\/jpeg\" \/>\n<meta name=\"twitter:card\" content=\"summary_large_image\" \/>\n<meta name=\"twitter:label1\" content=\"Tempo di lettura stimato\" \/>\n\t<meta name=\"twitter:data1\" content=\"2 minuti\" \/>\n<script type=\"application\/ld+json\" class=\"yoast-schema-graph\">{\"@context\":\"https:\\\/\\\/schema.org\",\"@graph\":[{\"@type\":\"WebPage\",\"@id\":\"https:\\\/\\\/medicinasinc.com\\\/it\\\/product\\\/buy-5-mapb-cristallo-polvere\\\/\",\"url\":\"https:\\\/\\\/medicinasinc.com\\\/it\\\/product\\\/buy-5-mapb-cristallo-polvere\\\/\",\"name\":\"Acquista polvere 5-MAPB e amp; Cristallo - I migliori migliori farmaci globali\",\"isPartOf\":{\"@id\":\"https:\\\/\\\/medicinasinc.com\\\/it\\\/#website\"},\"primaryImageOfPage\":{\"@id\":\"https:\\\/\\\/medicinasinc.com\\\/it\\\/product\\\/buy-5-mapb-cristallo-polvere\\\/#primaryimage\"},\"image\":{\"@id\":\"https:\\\/\\\/medicinasinc.com\\\/it\\\/product\\\/buy-5-mapb-cristallo-polvere\\\/#primaryimage\"},\"thumbnailUrl\":\"https:\\\/\\\/medicinasinc.com\\\/it\\\/wp-content\\\/uploads\\\/sites\\\/4\\\/2022\\\/02\\\/Buy-5-MAPB-Powder-Crystal.jpg\",\"datePublished\":\"2022-02-21T22:26:02+00:00\",\"dateModified\":\"2022-03-17T00:18:05+00:00\",\"description\":\"Acquista cristallo in polvere 5-MAPB online, prodotti chimici di ricerca 5-MAPB in vendita, ordina cristallo 5-MAPB negli Stati Uniti, nel Regno Unito a un prezzo conveniente da Bestglobalmeds.com. 5-MAPB (1-(benzofuran-5-il)-N-metilpropan-2-ammina) \u00e8 un farmaco di sintesi entactogenic simile all'MDMA nella sua struttura ed effetti\",\"breadcrumb\":{\"@id\":\"https:\\\/\\\/medicinasinc.com\\\/it\\\/product\\\/buy-5-mapb-cristallo-polvere\\\/#breadcrumb\"},\"inLanguage\":\"it-IT\",\"potentialAction\":[{\"@type\":\"ReadAction\",\"target\":[\"https:\\\/\\\/medicinasinc.com\\\/it\\\/product\\\/buy-5-mapb-cristallo-polvere\\\/\"]}]},{\"@type\":\"ImageObject\",\"inLanguage\":\"it-IT\",\"@id\":\"https:\\\/\\\/medicinasinc.com\\\/it\\\/product\\\/buy-5-mapb-cristallo-polvere\\\/#primaryimage\",\"url\":\"https:\\\/\\\/medicinasinc.com\\\/it\\\/wp-content\\\/uploads\\\/sites\\\/4\\\/2022\\\/02\\\/Buy-5-MAPB-Powder-Crystal.jpg\",\"contentUrl\":\"https:\\\/\\\/medicinasinc.com\\\/it\\\/wp-content\\\/uploads\\\/sites\\\/4\\\/2022\\\/02\\\/Buy-5-MAPB-Powder-Crystal.jpg\",\"width\":600,\"height\":488},{\"@type\":\"BreadcrumbList\",\"@id\":\"https:\\\/\\\/medicinasinc.com\\\/it\\\/product\\\/buy-5-mapb-cristallo-polvere\\\/#breadcrumb\",\"itemListElement\":[{\"@type\":\"ListItem\",\"position\":1,\"name\":\"Negozio\",\"item\":\"https:\\\/\\\/medicinasinc.com\\\/it\\\/negozio\\\/\"},{\"@type\":\"ListItem\",\"position\":2,\"name\":\"Acquista polvere 5-MAPB e amp; Cristallo\"}]},{\"@type\":\"WebSite\",\"@id\":\"https:\\\/\\\/medicinasinc.com\\\/it\\\/#website\",\"url\":\"https:\\\/\\\/medicinasinc.com\\\/it\\\/\",\"name\":\"Medicinas Inc\",\"description\":\"Health Medical Clinic\",\"potentialAction\":[{\"@type\":\"SearchAction\",\"target\":{\"@type\":\"EntryPoint\",\"urlTemplate\":\"https:\\\/\\\/medicinasinc.com\\\/it\\\/?s={search_term_string}\"},\"query-input\":{\"@type\":\"PropertyValueSpecification\",\"valueRequired\":true,\"valueName\":\"search_term_string\"}}],\"inLanguage\":\"it-IT\"}]}<\/script>\n<!-- \/ Yoast SEO plugin. -->","yoast_head_json":{"title":"Acquista polvere 5-MAPB e amp; Cristallo - I migliori migliori farmaci globali","description":"Acquista cristallo in polvere 5-MAPB online, prodotti chimici di ricerca 5-MAPB in vendita, ordina cristallo 5-MAPB negli Stati Uniti, nel Regno Unito a un prezzo conveniente da Bestglobalmeds.com. 5-MAPB (1-(benzofuran-5-il)-N-metilpropan-2-ammina) \u00e8 un farmaco di sintesi entactogenic simile all'MDMA nella sua struttura ed effetti","robots":{"index":"index","follow":"follow","max-snippet":"max-snippet:-1","max-image-preview":"max-image-preview:large","max-video-preview":"max-video-preview:-1"},"canonical":"https:\/\/medicinasinc.com\/it\/product\/buy-5-mapb-cristallo-polvere\/","og_locale":"it_IT","og_type":"article","og_title":"Acquista polvere 5-MAPB e amp; Cristallo - I migliori migliori farmaci globali","og_description":"Acquista cristallo in polvere 5-MAPB online, prodotti chimici di ricerca 5-MAPB in vendita, ordina cristallo 5-MAPB negli Stati Uniti, nel Regno Unito a un prezzo conveniente da Bestglobalmeds.com. 5-MAPB (1-(benzofuran-5-il)-N-metilpropan-2-ammina) \u00e8 un farmaco di sintesi entactogenic simile all'MDMA nella sua struttura ed effetti","og_url":"https:\/\/medicinasinc.com\/it\/product\/buy-5-mapb-cristallo-polvere\/","og_site_name":"Medicinas Inc","article_modified_time":"2022-03-17T00:18:05+00:00","og_image":[{"width":600,"height":488,"url":"https:\/\/medicinasinc.com\/it\/wp-content\/uploads\/sites\/4\/2022\/02\/Buy-5-MAPB-Powder-Crystal.jpg","type":"image\/jpeg"}],"twitter_card":"summary_large_image","twitter_misc":{"Tempo di lettura stimato":"2 minuti"},"schema":{"@context":"https:\/\/schema.org","@graph":[{"@type":"WebPage","@id":"https:\/\/medicinasinc.com\/it\/product\/buy-5-mapb-cristallo-polvere\/","url":"https:\/\/medicinasinc.com\/it\/product\/buy-5-mapb-cristallo-polvere\/","name":"Acquista polvere 5-MAPB e amp; Cristallo - I migliori migliori farmaci globali","isPartOf":{"@id":"https:\/\/medicinasinc.com\/it\/#website"},"primaryImageOfPage":{"@id":"https:\/\/medicinasinc.com\/it\/product\/buy-5-mapb-cristallo-polvere\/#primaryimage"},"image":{"@id":"https:\/\/medicinasinc.com\/it\/product\/buy-5-mapb-cristallo-polvere\/#primaryimage"},"thumbnailUrl":"https:\/\/medicinasinc.com\/it\/wp-content\/uploads\/sites\/4\/2022\/02\/Buy-5-MAPB-Powder-Crystal.jpg","datePublished":"2022-02-21T22:26:02+00:00","dateModified":"2022-03-17T00:18:05+00:00","description":"Acquista cristallo in polvere 5-MAPB online, prodotti chimici di ricerca 5-MAPB in vendita, ordina cristallo 5-MAPB negli Stati Uniti, nel Regno Unito a un prezzo conveniente da Bestglobalmeds.com. 5-MAPB (1-(benzofuran-5-il)-N-metilpropan-2-ammina) \u00e8 un farmaco di sintesi entactogenic simile all'MDMA nella sua struttura ed effetti","breadcrumb":{"@id":"https:\/\/medicinasinc.com\/it\/product\/buy-5-mapb-cristallo-polvere\/#breadcrumb"},"inLanguage":"it-IT","potentialAction":[{"@type":"ReadAction","target":["https:\/\/medicinasinc.com\/it\/product\/buy-5-mapb-cristallo-polvere\/"]}]},{"@type":"ImageObject","inLanguage":"it-IT","@id":"https:\/\/medicinasinc.com\/it\/product\/buy-5-mapb-cristallo-polvere\/#primaryimage","url":"https:\/\/medicinasinc.com\/it\/wp-content\/uploads\/sites\/4\/2022\/02\/Buy-5-MAPB-Powder-Crystal.jpg","contentUrl":"https:\/\/medicinasinc.com\/it\/wp-content\/uploads\/sites\/4\/2022\/02\/Buy-5-MAPB-Powder-Crystal.jpg","width":600,"height":488},{"@type":"BreadcrumbList","@id":"https:\/\/medicinasinc.com\/it\/product\/buy-5-mapb-cristallo-polvere\/#breadcrumb","itemListElement":[{"@type":"ListItem","position":1,"name":"Negozio","item":"https:\/\/medicinasinc.com\/it\/negozio\/"},{"@type":"ListItem","position":2,"name":"Acquista polvere 5-MAPB e amp; Cristallo"}]},{"@type":"WebSite","@id":"https:\/\/medicinasinc.com\/it\/#website","url":"https:\/\/medicinasinc.com\/it\/","name":"Medicinas Inc","description":"Health Medical Clinic","potentialAction":[{"@type":"SearchAction","target":{"@type":"EntryPoint","urlTemplate":"https:\/\/medicinasinc.com\/it\/?s={search_term_string}"},"query-input":{"@type":"PropertyValueSpecification","valueRequired":true,"valueName":"search_term_string"}}],"inLanguage":"it-IT"}]}},"_links":{"self":[{"href":"https:\/\/medicinasinc.com\/it\/wp-json\/wp\/v2\/product\/5389","targetHints":{"allow":["GET"]}}],"collection":[{"href":"https:\/\/medicinasinc.com\/it\/wp-json\/wp\/v2\/product"}],"about":[{"href":"https:\/\/medicinasinc.com\/it\/wp-json\/wp\/v2\/types\/product"}],"replies":[{"embeddable":true,"href":"https:\/\/medicinasinc.com\/it\/wp-json\/wp\/v2\/comments?post=5389"}],"wp:featuredmedia":[{"embeddable":true,"href":"https:\/\/medicinasinc.com\/it\/wp-json\/wp\/v2\/media\/5400"}],"wp:attachment":[{"href":"https:\/\/medicinasinc.com\/it\/wp-json\/wp\/v2\/media?parent=5389"}],"wp:term":[{"taxonomy":"product_brand","embeddable":true,"href":"https:\/\/medicinasinc.com\/it\/wp-json\/wp\/v2\/product_brand?post=5389"},{"taxonomy":"product_cat","embeddable":true,"href":"https:\/\/medicinasinc.com\/it\/wp-json\/wp\/v2\/product_cat?post=5389"},{"taxonomy":"product_tag","embeddable":true,"href":"https:\/\/medicinasinc.com\/it\/wp-json\/wp\/v2\/product_tag?post=5389"}],"curies":[{"name":"wp","href":"https:\/\/api.w.org\/{rel}","templated":true}]}}