{"id":5387,"date":"2022-02-21T22:22:34","date_gmt":"2022-02-21T22:22:34","guid":{"rendered":"https:\/\/medicinasinc.com\/it\/?post_type=product&#038;p=5387"},"modified":"2022-03-17T00:18:30","modified_gmt":"2022-03-17T00:18:30","slug":"comprare-4-fa-polvere","status":"publish","type":"product","link":"https:\/\/medicinasinc.com\/it\/product\/comprare-4-fa-polvere\/","title":{"rendered":"Acquista polvere 4-FA"},"content":{"rendered":"<p>Acquista polvere 4-FA.<\/p>\n<p>Acquista a buon mercato polvere 4-FA 1 oz Pure Online.<\/p>\n<p>4-FA (4-fluoramfetamina) \u00e8 un farmaco simile all&#8217;anfetamina che ha solo di recente \u00e8 apparso sul mercato olandese. Dal 2007 al 2009 \u00e8 stato commercializzato principalmente come speed o MDMA. Questo perch\u00e9 all&#8217;epoca c&#8217;era una scarsit\u00e0 di materie prime per questi specialisti, quindi 4-FA \u00e8 stato utilizzato come specialista del taglio. In ogni caso, dal 2010, i venditori hanno venduto sempre pi\u00f9 4-FA come 4-FA, il che implica che gli acquirenti lo considerano un &#8220;farmaco decisionale&#8221;.<\/p>\n<p>4-FA \u00e8 anche noto come 4-FMP , 4-Fluor, 4-Flava, 4-F e Flux. \u00c8 una sostanza classificata come una nuova sostanza psicoattiva (SNP). Si tratta di sostanze recentemente rese disponibili e sviluppate come alternativa alle tradizionali sostanze illecite. NPS \u00e8 anche noto come farmaci sintetici di ricerca o originator. Apportando modifiche minori all&#8217;attuale struttura del composto, il nome della sostanza cambia e, di conseguenza, non \u00e8 pi\u00f9 coperto dalla legge sull&#8217;oppio e quindi illegale. Ci\u00f2 rende pi\u00f9 difficile impedire la creazione, le transazioni e la propriet\u00e0.<\/p>\n<p>4-FA si trova pi\u00f9 comunemente sotto forma di polvere o pillola. 4-FA viene assunto per via orale in forma di pillola. I clienti posizionano la polvere in una custodia o in una carta in movimento (bomba) o, in alcuni casi, la dissolvono in una bevanda. Non c&#8217;\u00e8 alcuna differenza fondamentale tra le pillole 4-FA, le polveri 4-FA e i casi 4-FA.<\/p>\n<p>I contenitori sono fatti di una sostanza opaca o dolce e possono essere semplici o avere una variet\u00e0 di toni. Un caso pu\u00f2 essere riempito con un&#8217;ampia variet\u00e0 di sostanze. 4-FA, oltre a varie altre sostanze, ad esempio anfetamine (velocit\u00e0), MDMA, caffeina o niente del tutto. Alcuni articoli del negozio intelligente sono anche in casi. Le custodie sono solitamente in un sacco e la confezione indica cosa c&#8217;\u00e8 dentro. Se i clienti riempiono i propri contenitori, possono utilizzare una scala in mg per determinare una porzione esatta. 4-fa in vendita, dove acquistare 4fa, acquista 4-fa, 4 fa in vendita, 4fa in vendita, 4 fa acquista, acquista 4fa, 4-fa acquista, 4-fa in vendita, 4-fa in vendita, 4 -fa in vendita, 4-fa in vendita, 4-fa in vendita, 4-fa in vendita, 4-fa in vendita, 4-fa in vendita, 4-fa in vendita, 4-fa in vendita<\/p>\n<p>Quello che si sente dopo aver assunto 4-FA all&#8217;inizio \u00e8 determinato dalle misurazioni. Per saperne di pi\u00f9, 4-FA pu\u00f2 essere testato in un&#8217;amministrazione di test (vedi menu). Gli effetti dell&#8217;ingestione di 4-FA impiegano da 20 a un&#8217;ora per manifestarsi. Il 4-FA viene completato in 4-8 ore, anche se alcuni clienti riferiscono che i risultati finali possono durare fino a 12 ore.<\/p>\n<p>feroce, chiaro, in forma e cauto<\/p>\n<p>A forte senso di appartenenza<\/p>\n<p>Il tocco e la musica offrono un&#8217;esperienza sensoriale estrema.<\/p>\n<p>Il contatto, la conversazione e la vicinanza sono essenziali.<\/p>\n","protected":false},"excerpt":{"rendered":"<p>Acquista 4-FA in polvere 1 oz Pure online a buon mercato. Polvere 4-FA Simile a MDMA e amp; Metamfetamina orale<br \/> Dosaggio consigliato: 200 mg.<\/p>\n<p>Nel nostro negozio puoi acquistare 4-FMA puro. Allo stesso modo in cui viene prodotta la polvere, anche la 4-FMA, nota anche come 4-fluororometamfetamina, \u00e8 una sostanza psicoattiva.<\/p>\n<p>La polvere di 4-FA \u00e8 anche nota come para-fluoroanfetamina o 4-fluoroamfetamina, ma queste non sono la stessa cosa. Le persone che studiano medicine dicono che questo \u00e8 molto buono.<\/p>\n","protected":false},"featured_media":5396,"comment_status":"open","ping_status":"closed","template":"","meta":[],"product_brand":[],"product_cat":[2014],"product_tag":[2502,2503,2504,2507,2508,2506,2505],"class_list":{"0":"post-5387","1":"product","2":"type-product","3":"status-publish","4":"has-post-thumbnail","6":"product_cat-compra-ricerca-prodotti-chimici","7":"product_tag-2-fluoroanfetamina","8":"product_tag-4-fa-effects","9":"product_tag-4-fa-ricerca-chimica","10":"product_tag--4-fa-legale-negli-usa-2020","11":"product_tag--4-fma-legale","12":"product_tag-sintesi-di-4-fluoroamfetamine","13":"product_tag-4-fluoroanfetamine-stato-legale","15":"first","16":"instock","17":"shipping-taxable","18":"purchasable","19":"product-type-variable","20":"has-default-attributes"},"yoast_head":"<!-- This site is optimized with the Yoast SEO plugin v27.3 - https:\/\/yoast.com\/product\/yoast-seo-wordpress\/ -->\n<title>Acquista polvere 4-FA - 4-fluoroanfetamina - I migliori farmaci globali<\/title>\n<meta name=\"description\" content=\"Acquista 4-FA in polvere 4-fluoroanfetamina in vendita online puro a buon mercato. Polvere 4-FA Simile a MDMA e amp; Metanfetamina orale\" \/>\n<meta name=\"robots\" content=\"index, follow, max-snippet:-1, max-image-preview:large, max-video-preview:-1\" \/>\n<link rel=\"canonical\" href=\"https:\/\/medicinasinc.com\/it\/product\/comprare-4-fa-polvere\/\" \/>\n<meta property=\"og:locale\" content=\"it_IT\" \/>\n<meta property=\"og:type\" content=\"article\" \/>\n<meta property=\"og:title\" content=\"Acquista polvere 4-FA - 4-fluoroanfetamina - I migliori farmaci globali\" \/>\n<meta property=\"og:description\" content=\"Acquista 4-FA in polvere 4-fluoroanfetamina in vendita online puro a buon mercato. Polvere 4-FA Simile a MDMA e amp; Metanfetamina orale\" \/>\n<meta property=\"og:url\" content=\"https:\/\/medicinasinc.com\/it\/product\/comprare-4-fa-polvere\/\" \/>\n<meta property=\"og:site_name\" content=\"Medicinas Inc\" \/>\n<meta property=\"article:modified_time\" content=\"2022-03-17T00:18:30+00:00\" \/>\n<meta property=\"og:image\" content=\"https:\/\/medicinasinc.com\/it\/wp-content\/uploads\/sites\/4\/2022\/02\/Buy-4-FA-Powder.jpeg\" \/>\n\t<meta property=\"og:image:width\" content=\"510\" \/>\n\t<meta property=\"og:image:height\" content=\"365\" \/>\n\t<meta property=\"og:image:type\" content=\"image\/jpeg\" \/>\n<meta name=\"twitter:card\" content=\"summary_large_image\" \/>\n<meta name=\"twitter:label1\" content=\"Tempo di lettura stimato\" \/>\n\t<meta name=\"twitter:data1\" content=\"2 minuti\" \/>\n<script type=\"application\/ld+json\" class=\"yoast-schema-graph\">{\"@context\":\"https:\\\/\\\/schema.org\",\"@graph\":[{\"@type\":\"WebPage\",\"@id\":\"https:\\\/\\\/medicinasinc.com\\\/it\\\/product\\\/comprare-4-fa-polvere\\\/\",\"url\":\"https:\\\/\\\/medicinasinc.com\\\/it\\\/product\\\/comprare-4-fa-polvere\\\/\",\"name\":\"Acquista polvere 4-FA - 4-fluoroanfetamina - I migliori farmaci globali\",\"isPartOf\":{\"@id\":\"https:\\\/\\\/medicinasinc.com\\\/it\\\/#website\"},\"primaryImageOfPage\":{\"@id\":\"https:\\\/\\\/medicinasinc.com\\\/it\\\/product\\\/comprare-4-fa-polvere\\\/#primaryimage\"},\"image\":{\"@id\":\"https:\\\/\\\/medicinasinc.com\\\/it\\\/product\\\/comprare-4-fa-polvere\\\/#primaryimage\"},\"thumbnailUrl\":\"https:\\\/\\\/medicinasinc.com\\\/it\\\/wp-content\\\/uploads\\\/sites\\\/4\\\/2022\\\/02\\\/Buy-4-FA-Powder.jpeg\",\"datePublished\":\"2022-02-21T22:22:34+00:00\",\"dateModified\":\"2022-03-17T00:18:30+00:00\",\"description\":\"Acquista 4-FA in polvere 4-fluoroanfetamina in vendita online puro a buon mercato. Polvere 4-FA Simile a MDMA e amp; Metanfetamina orale\",\"breadcrumb\":{\"@id\":\"https:\\\/\\\/medicinasinc.com\\\/it\\\/product\\\/comprare-4-fa-polvere\\\/#breadcrumb\"},\"inLanguage\":\"it-IT\",\"potentialAction\":[{\"@type\":\"ReadAction\",\"target\":[\"https:\\\/\\\/medicinasinc.com\\\/it\\\/product\\\/comprare-4-fa-polvere\\\/\"]}]},{\"@type\":\"ImageObject\",\"inLanguage\":\"it-IT\",\"@id\":\"https:\\\/\\\/medicinasinc.com\\\/it\\\/product\\\/comprare-4-fa-polvere\\\/#primaryimage\",\"url\":\"https:\\\/\\\/medicinasinc.com\\\/it\\\/wp-content\\\/uploads\\\/sites\\\/4\\\/2022\\\/02\\\/Buy-4-FA-Powder.jpeg\",\"contentUrl\":\"https:\\\/\\\/medicinasinc.com\\\/it\\\/wp-content\\\/uploads\\\/sites\\\/4\\\/2022\\\/02\\\/Buy-4-FA-Powder.jpeg\",\"width\":510,\"height\":365},{\"@type\":\"BreadcrumbList\",\"@id\":\"https:\\\/\\\/medicinasinc.com\\\/it\\\/product\\\/comprare-4-fa-polvere\\\/#breadcrumb\",\"itemListElement\":[{\"@type\":\"ListItem\",\"position\":1,\"name\":\"Negozio\",\"item\":\"https:\\\/\\\/medicinasinc.com\\\/it\\\/negozio\\\/\"},{\"@type\":\"ListItem\",\"position\":2,\"name\":\"Acquista polvere 4-FA\"}]},{\"@type\":\"WebSite\",\"@id\":\"https:\\\/\\\/medicinasinc.com\\\/it\\\/#website\",\"url\":\"https:\\\/\\\/medicinasinc.com\\\/it\\\/\",\"name\":\"Medicinas Inc\",\"description\":\"Health Medical Clinic\",\"potentialAction\":[{\"@type\":\"SearchAction\",\"target\":{\"@type\":\"EntryPoint\",\"urlTemplate\":\"https:\\\/\\\/medicinasinc.com\\\/it\\\/?s={search_term_string}\"},\"query-input\":{\"@type\":\"PropertyValueSpecification\",\"valueRequired\":true,\"valueName\":\"search_term_string\"}}],\"inLanguage\":\"it-IT\"}]}<\/script>\n<!-- \/ Yoast SEO plugin. -->","yoast_head_json":{"title":"Acquista polvere 4-FA - 4-fluoroanfetamina - I migliori farmaci globali","description":"Acquista 4-FA in polvere 4-fluoroanfetamina in vendita online puro a buon mercato. Polvere 4-FA Simile a MDMA e amp; Metanfetamina orale","robots":{"index":"index","follow":"follow","max-snippet":"max-snippet:-1","max-image-preview":"max-image-preview:large","max-video-preview":"max-video-preview:-1"},"canonical":"https:\/\/medicinasinc.com\/it\/product\/comprare-4-fa-polvere\/","og_locale":"it_IT","og_type":"article","og_title":"Acquista polvere 4-FA - 4-fluoroanfetamina - I migliori farmaci globali","og_description":"Acquista 4-FA in polvere 4-fluoroanfetamina in vendita online puro a buon mercato. Polvere 4-FA Simile a MDMA e amp; Metanfetamina orale","og_url":"https:\/\/medicinasinc.com\/it\/product\/comprare-4-fa-polvere\/","og_site_name":"Medicinas Inc","article_modified_time":"2022-03-17T00:18:30+00:00","og_image":[{"width":510,"height":365,"url":"https:\/\/medicinasinc.com\/it\/wp-content\/uploads\/sites\/4\/2022\/02\/Buy-4-FA-Powder.jpeg","type":"image\/jpeg"}],"twitter_card":"summary_large_image","twitter_misc":{"Tempo di lettura stimato":"2 minuti"},"schema":{"@context":"https:\/\/schema.org","@graph":[{"@type":"WebPage","@id":"https:\/\/medicinasinc.com\/it\/product\/comprare-4-fa-polvere\/","url":"https:\/\/medicinasinc.com\/it\/product\/comprare-4-fa-polvere\/","name":"Acquista polvere 4-FA - 4-fluoroanfetamina - I migliori farmaci globali","isPartOf":{"@id":"https:\/\/medicinasinc.com\/it\/#website"},"primaryImageOfPage":{"@id":"https:\/\/medicinasinc.com\/it\/product\/comprare-4-fa-polvere\/#primaryimage"},"image":{"@id":"https:\/\/medicinasinc.com\/it\/product\/comprare-4-fa-polvere\/#primaryimage"},"thumbnailUrl":"https:\/\/medicinasinc.com\/it\/wp-content\/uploads\/sites\/4\/2022\/02\/Buy-4-FA-Powder.jpeg","datePublished":"2022-02-21T22:22:34+00:00","dateModified":"2022-03-17T00:18:30+00:00","description":"Acquista 4-FA in polvere 4-fluoroanfetamina in vendita online puro a buon mercato. Polvere 4-FA Simile a MDMA e amp; Metanfetamina orale","breadcrumb":{"@id":"https:\/\/medicinasinc.com\/it\/product\/comprare-4-fa-polvere\/#breadcrumb"},"inLanguage":"it-IT","potentialAction":[{"@type":"ReadAction","target":["https:\/\/medicinasinc.com\/it\/product\/comprare-4-fa-polvere\/"]}]},{"@type":"ImageObject","inLanguage":"it-IT","@id":"https:\/\/medicinasinc.com\/it\/product\/comprare-4-fa-polvere\/#primaryimage","url":"https:\/\/medicinasinc.com\/it\/wp-content\/uploads\/sites\/4\/2022\/02\/Buy-4-FA-Powder.jpeg","contentUrl":"https:\/\/medicinasinc.com\/it\/wp-content\/uploads\/sites\/4\/2022\/02\/Buy-4-FA-Powder.jpeg","width":510,"height":365},{"@type":"BreadcrumbList","@id":"https:\/\/medicinasinc.com\/it\/product\/comprare-4-fa-polvere\/#breadcrumb","itemListElement":[{"@type":"ListItem","position":1,"name":"Negozio","item":"https:\/\/medicinasinc.com\/it\/negozio\/"},{"@type":"ListItem","position":2,"name":"Acquista polvere 4-FA"}]},{"@type":"WebSite","@id":"https:\/\/medicinasinc.com\/it\/#website","url":"https:\/\/medicinasinc.com\/it\/","name":"Medicinas Inc","description":"Health Medical Clinic","potentialAction":[{"@type":"SearchAction","target":{"@type":"EntryPoint","urlTemplate":"https:\/\/medicinasinc.com\/it\/?s={search_term_string}"},"query-input":{"@type":"PropertyValueSpecification","valueRequired":true,"valueName":"search_term_string"}}],"inLanguage":"it-IT"}]}},"_links":{"self":[{"href":"https:\/\/medicinasinc.com\/it\/wp-json\/wp\/v2\/product\/5387","targetHints":{"allow":["GET"]}}],"collection":[{"href":"https:\/\/medicinasinc.com\/it\/wp-json\/wp\/v2\/product"}],"about":[{"href":"https:\/\/medicinasinc.com\/it\/wp-json\/wp\/v2\/types\/product"}],"replies":[{"embeddable":true,"href":"https:\/\/medicinasinc.com\/it\/wp-json\/wp\/v2\/comments?post=5387"}],"wp:featuredmedia":[{"embeddable":true,"href":"https:\/\/medicinasinc.com\/it\/wp-json\/wp\/v2\/media\/5396"}],"wp:attachment":[{"href":"https:\/\/medicinasinc.com\/it\/wp-json\/wp\/v2\/media?parent=5387"}],"wp:term":[{"taxonomy":"product_brand","embeddable":true,"href":"https:\/\/medicinasinc.com\/it\/wp-json\/wp\/v2\/product_brand?post=5387"},{"taxonomy":"product_cat","embeddable":true,"href":"https:\/\/medicinasinc.com\/it\/wp-json\/wp\/v2\/product_cat?post=5387"},{"taxonomy":"product_tag","embeddable":true,"href":"https:\/\/medicinasinc.com\/it\/wp-json\/wp\/v2\/product_tag?post=5387"}],"curies":[{"name":"wp","href":"https:\/\/api.w.org\/{rel}","templated":true}]}}