{"id":5368,"date":"2022-02-21T21:54:21","date_gmt":"2022-02-21T21:54:21","guid":{"rendered":"https:\/\/medicinasinc.com\/it\/?post_type=product&#038;p=5368"},"modified":"2022-08-04T08:25:29","modified_gmt":"2022-08-04T08:25:29","slug":"buy-4-emc-4-etilmetcatinone","status":"publish","type":"product","link":"https:\/\/medicinasinc.com\/it\/product\/buy-4-emc-4-etilmetcatinone\/","title":{"rendered":"Acquista 4-EMC 4-etilmetcatinone"},"content":{"rendered":"<h1 class=\"product_title entry-title\">Acquista online 4-EMC 4-Ethylmethcatinone in polvere<\/h1>\n<p><strong>4-EMC \u00e8 disponibile per l&#8217;acquisto online.<\/strong><\/p>\n<p>2-metilamminopropan-1-one, monocloridrato \u00e8 il nome IUPAC completo per 4-EMC, che appartiene alla classe di composti di ricerca noti come stimolanti del sistema nervoso centrale. Il 4-EMC \u00e8 anche noto come 4-etilfenolo.<\/p>\n<p>Un entactogeno e uno stimolante, il 4-etilmetcatinone (4-EMC) \u00e8 una droga artificiale ricreativa. \u00e8 un isomero strutturale 4-MEC<\/p>\n<p>C12H17NO \u00e8 la formula molecolare del 4-EMC, che appartiene alle famiglie chimiche delle fenetilammine e delle anfetamine. Ci sono 191.270 g\/mese nella ricetta. Dove acquistare 4-EMC<\/p>\n<p>Stiamo introducendo un nuovo prodotto a base di catinone che pu\u00f2 essere utilizzato per sofisticati studi scientifici a causa della forte domanda da parte del mercato. Il 4-etilmetcatinone \u00e8 una versione isomerica del mefedrone, attualmente proibito, e tutti i composti citati hanno effetti stimolanti ed entactogeni.<\/p>\n<p>Dopamina e serotonina sono i bersagli primari pi\u00f9 probabili del 4-EMC, che \u00e8 tipica di questa classe chimica e considerata come un ostacolo alla ricaptazione sulla fessura sinaptica di importanti neurotrasmettitori.<\/p>\n<p>Polvere cristallina, la sostanza pu\u00f2 essere facilmente prodotta per essere testata senza il rischio di introdurre impurit\u00e0 in condizioni normali. Il 4-EMC solubile in acqua deve essere conservato in un ambiente asciutto e ermetico.<\/p>\n<p>I ricercatori hanno l&#8217;opportunit\u00e0 unica di mappare il profilo della sostanza da zero perch\u00e9 non \u00e8 stato esaminato a fondo in passato e la maggior parte di ci\u00f2 sappiamo che deriva da parallelismi con sostanze simili. Quando si effettuano esperimenti, \u00e8 importante tenere a mente la novit\u00e0 della sostanza chimica e lasciare spazio all&#8217;errore. Affiliazione a 4-EMC<\/p>\n","protected":false},"excerpt":{"rendered":"<p>Dove acquistare 4-EMC 4-etilmetcatinone in polvere? Stimolante ed entactogeno, rientra in quest&#8217;ultima categoria. Gli isomeri strutturali di 4-MEC possono essere trovati qui.<\/p>\n<p>4-EMC 4-Ethylmethcatinone Crystal Powder in vendita in Europa, UE e Regno Unito. Stimolante ed entactogeno, rientra in quest&#8217;ultima categoria. Il 4-MEC \u00e8 un isomero strutturale di questo composto.<\/p>\n<p>La famiglia dei catinone comprende il 4-EMC (noto anche come 4-Etilmetcatinone), una nuova molecola di ricerca. Tra i ricercatori chimici, 4-EMC \u00e8 una scelta preferita per le sue propriet\u00e0 stimolanti ed entactogene.<\/p>\n<h1>Acquista 4-EMC online<\/h1>\n<p>quando acquisti 4-EMC online, desideri \u00e8 una qualit\u00e0 Drug Online \u00e8 prodotti chimici di ricerca di alta qualit\u00e0. \u00c8 possibile acquistare 4-EMC in vendita online a prezzo all&#8217;ingrosso dal fornitore di fiducia Top mark chemical.com Spedizione sicura 4-EMC in USA, Paesi Bassi, Irlanda, UE, Regno Unito e altri paesi. <a href=\"https:\/\/medicinasinc.com\/it\/product\/buy-4-emc-4-etilmetcatinone\/\">Acquista 4-EMC online<\/a><\/p>\n<p>Numero CAS: 1225622-14- 9<br \/>\nFormula: C12H17NO<br \/>\nIUPAC: 1-(4-etilfenil)-2-(metilammino)propan-1-one<br \/>\nAspetto: cristalli bianchi\/giallastri<br \/>\nPurezza:<\/p>\n","protected":false},"featured_media":5380,"comment_status":"open","ping_status":"closed","template":"","meta":[],"product_brand":[],"product_cat":[2014],"product_tag":[2485,2486,2487,2488,2492,2491,2494,2490,2489,2493,2495,2496,2500,2501,2499,2498,2497],"class_list":{"0":"post-5368","1":"product","2":"type-product","3":"status-publish","4":"has-post-thumbnail","6":"product_cat-compra-ricerca-prodotti-chimici","7":"product_tag-4-mec-for-sale","8":"product_tag-4-mec-supplier","9":"product_tag-4-mecfornitore-online","10":"product_tag-compra-4-mec","11":"product_tag-compra-4-mec-on-line-in-vendita","12":"product_tag-acquista-4-mec-online","13":"product_tag-buy-4-meconline-usa","14":"product_tag-compra-4-cristalli-mec-con-spedizione-in-tutto-il-mondo","15":"product_tag-acquista-4-mec-cristallo-online","16":"product_tag-buy-4-mec-research-chemicals-online","17":"product_tag-buy-research-chemicals-for-sale-online","18":"product_tag-come-posso-ottenere-4-mec-research-chemicals","19":"product_tag-dove-acquistare-4-mec-online","20":"product_tag-dove-trovare-4-mec-crystals-online","21":"product_tag-fornitore-fidato-per-4-mec-online","22":"product_tag-order-cheap-4-mec-online","23":"product_tag-ordine-4-mec-online","25":"first","26":"instock","27":"shipping-taxable","28":"purchasable","29":"product-type-variable","30":"has-default-attributes"},"yoast_head":"<!-- This site is optimized with the Yoast SEO plugin v27.3 - https:\/\/yoast.com\/product\/yoast-seo-wordpress\/ -->\n<title>Acquista 4-Ethylmethcatinone - Acquista 4-EMC - I migliori farmaci globali<\/title>\n<meta name=\"description\" content=\"Acquista polvere di cristallo 4-EMC 4-etilmetcatinone in vendita online in Europa, UE, Regno Unito. Appartiene alla classe degli stimolanti e degli entactogeni. \u00c8 un isomero strutturale di 4-MEC.\" \/>\n<meta name=\"robots\" content=\"index, follow, max-snippet:-1, max-image-preview:large, max-video-preview:-1\" \/>\n<link rel=\"canonical\" href=\"https:\/\/medicinasinc.com\/it\/product\/buy-4-emc-4-etilmetcatinone\/\" \/>\n<meta property=\"og:locale\" content=\"it_IT\" \/>\n<meta property=\"og:type\" content=\"article\" \/>\n<meta property=\"og:title\" content=\"Acquista 4-Ethylmethcatinone - Acquista 4-EMC - I migliori farmaci globali\" \/>\n<meta property=\"og:description\" content=\"Acquista polvere di cristallo 4-EMC 4-etilmetcatinone in vendita online in Europa, UE, Regno Unito. Appartiene alla classe degli stimolanti e degli entactogeni. \u00c8 un isomero strutturale di 4-MEC.\" \/>\n<meta property=\"og:url\" content=\"https:\/\/medicinasinc.com\/it\/product\/buy-4-emc-4-etilmetcatinone\/\" \/>\n<meta property=\"og:site_name\" content=\"Medicinas Inc\" \/>\n<meta property=\"article:modified_time\" content=\"2022-08-04T08:25:29+00:00\" \/>\n<meta property=\"og:image\" content=\"https:\/\/medicinasinc.com\/it\/wp-content\/uploads\/sites\/4\/2022\/02\/Buy-4-EMC.jpg\" \/>\n\t<meta property=\"og:image:width\" content=\"230\" \/>\n\t<meta property=\"og:image:height\" content=\"230\" \/>\n\t<meta property=\"og:image:type\" content=\"image\/jpeg\" \/>\n<meta name=\"twitter:card\" content=\"summary_large_image\" \/>\n<meta name=\"twitter:label1\" content=\"Tempo di lettura stimato\" \/>\n\t<meta name=\"twitter:data1\" content=\"2 minuti\" \/>\n<script type=\"application\/ld+json\" class=\"yoast-schema-graph\">{\"@context\":\"https:\\\/\\\/schema.org\",\"@graph\":[{\"@type\":\"WebPage\",\"@id\":\"https:\\\/\\\/medicinasinc.com\\\/it\\\/product\\\/buy-4-emc-4-etilmetcatinone\\\/\",\"url\":\"https:\\\/\\\/medicinasinc.com\\\/it\\\/product\\\/buy-4-emc-4-etilmetcatinone\\\/\",\"name\":\"Acquista 4-Ethylmethcatinone - Acquista 4-EMC - I migliori farmaci globali\",\"isPartOf\":{\"@id\":\"https:\\\/\\\/medicinasinc.com\\\/it\\\/#website\"},\"primaryImageOfPage\":{\"@id\":\"https:\\\/\\\/medicinasinc.com\\\/it\\\/product\\\/buy-4-emc-4-etilmetcatinone\\\/#primaryimage\"},\"image\":{\"@id\":\"https:\\\/\\\/medicinasinc.com\\\/it\\\/product\\\/buy-4-emc-4-etilmetcatinone\\\/#primaryimage\"},\"thumbnailUrl\":\"https:\\\/\\\/medicinasinc.com\\\/it\\\/wp-content\\\/uploads\\\/sites\\\/4\\\/2022\\\/02\\\/Buy-4-EMC.jpg\",\"datePublished\":\"2022-02-21T21:54:21+00:00\",\"dateModified\":\"2022-08-04T08:25:29+00:00\",\"description\":\"Acquista polvere di cristallo 4-EMC 4-etilmetcatinone in vendita online in Europa, UE, Regno Unito. Appartiene alla classe degli stimolanti e degli entactogeni. \u00c8 un isomero strutturale di 4-MEC.\",\"breadcrumb\":{\"@id\":\"https:\\\/\\\/medicinasinc.com\\\/it\\\/product\\\/buy-4-emc-4-etilmetcatinone\\\/#breadcrumb\"},\"inLanguage\":\"it-IT\",\"potentialAction\":[{\"@type\":\"ReadAction\",\"target\":[\"https:\\\/\\\/medicinasinc.com\\\/it\\\/product\\\/buy-4-emc-4-etilmetcatinone\\\/\"]}]},{\"@type\":\"ImageObject\",\"inLanguage\":\"it-IT\",\"@id\":\"https:\\\/\\\/medicinasinc.com\\\/it\\\/product\\\/buy-4-emc-4-etilmetcatinone\\\/#primaryimage\",\"url\":\"https:\\\/\\\/medicinasinc.com\\\/it\\\/wp-content\\\/uploads\\\/sites\\\/4\\\/2022\\\/02\\\/Buy-4-EMC.jpg\",\"contentUrl\":\"https:\\\/\\\/medicinasinc.com\\\/it\\\/wp-content\\\/uploads\\\/sites\\\/4\\\/2022\\\/02\\\/Buy-4-EMC.jpg\",\"width\":230,\"height\":230},{\"@type\":\"BreadcrumbList\",\"@id\":\"https:\\\/\\\/medicinasinc.com\\\/it\\\/product\\\/buy-4-emc-4-etilmetcatinone\\\/#breadcrumb\",\"itemListElement\":[{\"@type\":\"ListItem\",\"position\":1,\"name\":\"Negozio\",\"item\":\"https:\\\/\\\/medicinasinc.com\\\/it\\\/negozio\\\/\"},{\"@type\":\"ListItem\",\"position\":2,\"name\":\"Acquista 4-EMC 4-etilmetcatinone\"}]},{\"@type\":\"WebSite\",\"@id\":\"https:\\\/\\\/medicinasinc.com\\\/it\\\/#website\",\"url\":\"https:\\\/\\\/medicinasinc.com\\\/it\\\/\",\"name\":\"Medicinas Inc\",\"description\":\"Health Medical Clinic\",\"potentialAction\":[{\"@type\":\"SearchAction\",\"target\":{\"@type\":\"EntryPoint\",\"urlTemplate\":\"https:\\\/\\\/medicinasinc.com\\\/it\\\/?s={search_term_string}\"},\"query-input\":{\"@type\":\"PropertyValueSpecification\",\"valueRequired\":true,\"valueName\":\"search_term_string\"}}],\"inLanguage\":\"it-IT\"}]}<\/script>\n<!-- \/ Yoast SEO plugin. -->","yoast_head_json":{"title":"Acquista 4-Ethylmethcatinone - Acquista 4-EMC - I migliori farmaci globali","description":"Acquista polvere di cristallo 4-EMC 4-etilmetcatinone in vendita online in Europa, UE, Regno Unito. Appartiene alla classe degli stimolanti e degli entactogeni. \u00c8 un isomero strutturale di 4-MEC.","robots":{"index":"index","follow":"follow","max-snippet":"max-snippet:-1","max-image-preview":"max-image-preview:large","max-video-preview":"max-video-preview:-1"},"canonical":"https:\/\/medicinasinc.com\/it\/product\/buy-4-emc-4-etilmetcatinone\/","og_locale":"it_IT","og_type":"article","og_title":"Acquista 4-Ethylmethcatinone - Acquista 4-EMC - I migliori farmaci globali","og_description":"Acquista polvere di cristallo 4-EMC 4-etilmetcatinone in vendita online in Europa, UE, Regno Unito. Appartiene alla classe degli stimolanti e degli entactogeni. \u00c8 un isomero strutturale di 4-MEC.","og_url":"https:\/\/medicinasinc.com\/it\/product\/buy-4-emc-4-etilmetcatinone\/","og_site_name":"Medicinas Inc","article_modified_time":"2022-08-04T08:25:29+00:00","og_image":[{"width":230,"height":230,"url":"https:\/\/medicinasinc.com\/it\/wp-content\/uploads\/sites\/4\/2022\/02\/Buy-4-EMC.jpg","type":"image\/jpeg"}],"twitter_card":"summary_large_image","twitter_misc":{"Tempo di lettura stimato":"2 minuti"},"schema":{"@context":"https:\/\/schema.org","@graph":[{"@type":"WebPage","@id":"https:\/\/medicinasinc.com\/it\/product\/buy-4-emc-4-etilmetcatinone\/","url":"https:\/\/medicinasinc.com\/it\/product\/buy-4-emc-4-etilmetcatinone\/","name":"Acquista 4-Ethylmethcatinone - Acquista 4-EMC - I migliori farmaci globali","isPartOf":{"@id":"https:\/\/medicinasinc.com\/it\/#website"},"primaryImageOfPage":{"@id":"https:\/\/medicinasinc.com\/it\/product\/buy-4-emc-4-etilmetcatinone\/#primaryimage"},"image":{"@id":"https:\/\/medicinasinc.com\/it\/product\/buy-4-emc-4-etilmetcatinone\/#primaryimage"},"thumbnailUrl":"https:\/\/medicinasinc.com\/it\/wp-content\/uploads\/sites\/4\/2022\/02\/Buy-4-EMC.jpg","datePublished":"2022-02-21T21:54:21+00:00","dateModified":"2022-08-04T08:25:29+00:00","description":"Acquista polvere di cristallo 4-EMC 4-etilmetcatinone in vendita online in Europa, UE, Regno Unito. Appartiene alla classe degli stimolanti e degli entactogeni. \u00c8 un isomero strutturale di 4-MEC.","breadcrumb":{"@id":"https:\/\/medicinasinc.com\/it\/product\/buy-4-emc-4-etilmetcatinone\/#breadcrumb"},"inLanguage":"it-IT","potentialAction":[{"@type":"ReadAction","target":["https:\/\/medicinasinc.com\/it\/product\/buy-4-emc-4-etilmetcatinone\/"]}]},{"@type":"ImageObject","inLanguage":"it-IT","@id":"https:\/\/medicinasinc.com\/it\/product\/buy-4-emc-4-etilmetcatinone\/#primaryimage","url":"https:\/\/medicinasinc.com\/it\/wp-content\/uploads\/sites\/4\/2022\/02\/Buy-4-EMC.jpg","contentUrl":"https:\/\/medicinasinc.com\/it\/wp-content\/uploads\/sites\/4\/2022\/02\/Buy-4-EMC.jpg","width":230,"height":230},{"@type":"BreadcrumbList","@id":"https:\/\/medicinasinc.com\/it\/product\/buy-4-emc-4-etilmetcatinone\/#breadcrumb","itemListElement":[{"@type":"ListItem","position":1,"name":"Negozio","item":"https:\/\/medicinasinc.com\/it\/negozio\/"},{"@type":"ListItem","position":2,"name":"Acquista 4-EMC 4-etilmetcatinone"}]},{"@type":"WebSite","@id":"https:\/\/medicinasinc.com\/it\/#website","url":"https:\/\/medicinasinc.com\/it\/","name":"Medicinas Inc","description":"Health Medical Clinic","potentialAction":[{"@type":"SearchAction","target":{"@type":"EntryPoint","urlTemplate":"https:\/\/medicinasinc.com\/it\/?s={search_term_string}"},"query-input":{"@type":"PropertyValueSpecification","valueRequired":true,"valueName":"search_term_string"}}],"inLanguage":"it-IT"}]}},"_links":{"self":[{"href":"https:\/\/medicinasinc.com\/it\/wp-json\/wp\/v2\/product\/5368","targetHints":{"allow":["GET"]}}],"collection":[{"href":"https:\/\/medicinasinc.com\/it\/wp-json\/wp\/v2\/product"}],"about":[{"href":"https:\/\/medicinasinc.com\/it\/wp-json\/wp\/v2\/types\/product"}],"replies":[{"embeddable":true,"href":"https:\/\/medicinasinc.com\/it\/wp-json\/wp\/v2\/comments?post=5368"}],"wp:featuredmedia":[{"embeddable":true,"href":"https:\/\/medicinasinc.com\/it\/wp-json\/wp\/v2\/media\/5380"}],"wp:attachment":[{"href":"https:\/\/medicinasinc.com\/it\/wp-json\/wp\/v2\/media?parent=5368"}],"wp:term":[{"taxonomy":"product_brand","embeddable":true,"href":"https:\/\/medicinasinc.com\/it\/wp-json\/wp\/v2\/product_brand?post=5368"},{"taxonomy":"product_cat","embeddable":true,"href":"https:\/\/medicinasinc.com\/it\/wp-json\/wp\/v2\/product_cat?post=5368"},{"taxonomy":"product_tag","embeddable":true,"href":"https:\/\/medicinasinc.com\/it\/wp-json\/wp\/v2\/product_tag?post=5368"}],"curies":[{"name":"wp","href":"https:\/\/api.w.org\/{rel}","templated":true}]}}