{"id":5367,"date":"2022-02-21T21:52:55","date_gmt":"2022-02-21T21:52:55","guid":{"rendered":"https:\/\/medicinasinc.com\/it\/?post_type=product&#038;p=5367"},"modified":"2022-03-17T00:18:48","modified_gmt":"2022-03-17T00:18:48","slug":"4-clorometcatinone-4-cmc-hcl-cristallo","status":"publish","type":"product","link":"https:\/\/medicinasinc.com\/it\/product\/4-clorometcatinone-4-cmc-hcl-cristallo\/","title":{"rendered":"Cristallo di 4-clorometcatinone (4-CMC HCl)."},"content":{"rendered":"<p>Online, puoi acquistare cristalli e polvere 4-CMC a un prezzo molto basso.<br \/> Acquista un cristallo 4-CMC dal negozio.<\/p>\n<p>4-CMC \u00e8 l&#8217;abbreviazione di 4-clorometcatinone e significa che il 4-clorometcatinone 4-CMC fa parte della classe di sostanze chimiche chiamate catinone. \u00c8 una droga. In passato, questa sostanza chimica di ricerca non \u00e8 stata sul mercato da molto tempo. Ci\u00f2 significa che molte persone non l&#8217;hanno ancora provato.<\/p>\n<p>Acquista cristalli 4-CMC, che \u00e8 4-clorometcatinone. Questi cristalli sono realizzati con i migliori prodotti chimici di ricerca e vengono forniti con consegna rapida e ottimi prezzi. Quando vai su globalhomemed.com, puoi solo procurarti medicine l\u00ec.<\/p>\n<p>Tuttavia, anche se 4-CMC \u00e8 nuovo, si diceva che i test preliminari con questa sostanza mostrassero emozioni aumentate, processi di pensiero pi\u00f9 veloci e livelli di energia. Questo \u00e8 molto simile a 4-MMC, bk-MDMA e 3-MMC. 4-CMC \u00e8 lo stesso. Quindi, se hai svolto ricerche con una di queste sostanze chimiche, sai anche cosa aspettarti dagli esperimenti di ricerca 4-CMC.<\/p>\n<p>&nbsp;<\/p>\n<p>Dove posso acquistare 4-CMC?<\/p>\n<p>Qui in Chemical Planet abbiamo in vendita molti 4-CMC di alta qualit\u00e0. Nella maggior parte dei casi, il nostro 4-CMC si presenta in forma cristallina. Contattaci se non vedi il modulo che desideri. Potremmo riaverlo presto.<\/p>\n<p>Acquista 4-CMC da Chemical Planet e devi avere almeno 18 anni e rispettare pienamente le leggi sui prodotti chimici di ricerca nel tuo paese se vuoi farlo. Le persone e gli animali non possono usare i nostri prodotti chimici. Sono solo per la ricerca e non per l&#8217;uso da parte di esseri umani o animali.<\/p>\n<p>La legalit\u00e0 della 4-CMC<\/p>\n<p>Le persone in Cina e Svezia non amano molto la 4-CMC. Se prendi questo farmaco in Germania, si chiama &#8220;Anlage I&#8221;. Molti altri paesi non hanno ancora fissato una data per questa sostanza chimica. Ci\u00f2 \u00e8 dovuto principalmente al fatto che \u00e8 cos\u00ec nuovo.<\/p>\n<p>Un luogo fresco e asciutto \u00e8 sempre il migliore per la migliore durata. Questo prodotto \u00e8 solo per uso forense e di ricerca. Non \u00e8 pensato per essere mangiato dall&#8217;uomo o testato su animali o altri esseri viventi.<\/p>\n","protected":false},"excerpt":{"rendered":"<p>Acquista online cristalli e polvere 4-CMC a un prezzo conveniente da un negozio online. Acquista cristalli e polvere 4-CMC sfusi puri al 99%. Ordina il 4-clorometcatinone in vendita nel Regno Unito, in Europa e nel resto del mondo<\/p>\n<p>Acquista il cristallo di cloridrato di 4-clorometcatinone (4-CMC HCl) ai migliori prezzi e ricevilo in qualsiasi parte del mondo. Effettua un ordine per 4-CMC nel Regno Unito e in Europa<\/p>\n<p>Acquista online cristalli e polvere 4-CMC a un prezzo conveniente da un negozio online.<\/p>\n<p>Acquista cristalli 4-CMC e polvere sfusa che \u00e8 pura al 99 percento.<\/p>\n","protected":false},"featured_media":5378,"comment_status":"open","ping_status":"closed","template":"","meta":[],"product_brand":[],"product_cat":[2014],"product_tag":[2101,2185,2102,2103,2105,2104,2188,2126,2155,2478,2156,2193,2157,2158,2159,2163,2164,2165,2170,2171,2219,2421,2172,2173,2160,2423,2161,2425,2174,2424,2175,2411,2162,2176,2177,2178,2428,2166,2179,2180,2167,2181,2182,2432,2418,2474,2390,2183,2184,2469,2385,2414,2479,2482,2416,2430,2168,2169,2413,2248,2189,2190,2195,2196,2197,2186,2284,2192,2194,2277,2199,2200,2209,2210,2211,2212,2216,2217,2218,2220,2221,2225,2226,2233,2234,2235,2240,2328,2480,2223,2222,2323,2267,2238,2433,2239,2434,2256,2263,2236,2243,2244,2245,2246,2247,2250,2251,2252,2253,2254,2255,2249,2477,2257,2258,2259,2260,2261,2262,2264,2265,2266,2484,2268,2269,2270,2271,2272,2273,2274,2276,2278,2293,2198,2361,2294,2279,2280,2281,2282,2283,2286,2287,2288,2289,2290,2292,2295,2201,2483,2399,2309,2297,2298,2301,2299,2300,2304,2305,2306,2307,2308,2302,2303,2310,2311,2314,2312,2313,2316,2317,2318,2319,2320,2321,2322,2315,2324,2329,2330,2331,2336,2337,2338,2339,2340,2342,2344,2345,2394,2334,2204,2203,2202,2348,2349,2350,2351,2352,2354,2355,2356,2357,2358,2359,2360,2408,2362,2409,2363,2412,2410,2364,2327,2365,2366,2367,2368,2415,2369,2332,2370,2333,2343,2403,2371,2372,2417,2326,2341,2335,2346,2406,2392,2420,2373,2419,2391,2374,2481,2285,2353,2125,2468,2191,2325,2347,2205,2206,2207,2208,2213,2214,2215,2379,2380,2381,2382,2383,2384,2386,2387,2388,2389,2476,2395,2396,2397,2398,2400,2401,2402,2404,2405,2407,2422,2426,2427,2429,2431,2187,2275,2291,2447,2435,2436,2437,2438,2439,2440,2441,2442,2443,2444,2445,2446,2449,2450,2451,2452,2453,2454,2455,2456,2457,2458,2459,2460,2461,2462,2463,2464,2465,2466,2467,2470,2471,2472,2473,2475],"class_list":{"0":"post-5367","1":"product","2":"type-product","3":"status-publish","4":"has-post-thumbnail","6":"product_cat-compra-ricerca-prodotti-chimici","7":"product_tag-2-fdck","8":"product_tag-allingrosso-2-fdck","9":"product_tag-2-mmc","10":"product_tag-3-cm","11":"product_tag-3-mmc","12":"product_tag-3-mm","13":"product_tag-allingrosso-3-mma","14":"product_tag-3-mmc-pills","15":"product_tag-4-cm","16":"product_tag-4-cmc-cristalli-in-vendita","17":"product_tag-5-mmpa","18":"product_tag-allingrosso-5-mmpa","19":"product_tag-a-php","20":"product_tag-a-pihp","21":"product_tag-acheter-2-fdck","22":"product_tag-acheter-3-mmc","23":"product_tag-acheter-3-mmc-pellets","24":"product_tag-acheter-3-mmc-pills","25":"product_tag-acheter-eutylone","26":"product_tag-acheter-hexen","27":"product_tag-buy-2-fdck","28":"product_tag-vasarold-meg-2-fdck","29":"product_tag-acquista-2-fdck","30":"product_tag-acquista-2-mmc","31":"product_tag-compra-2-mmc","32":"product_tag-vasarold-meg-3-cmc","33":"product_tag-compra-3-cmc","34":"product_tag-vasarold-meg-3-mmc","35":"product_tag-acquista-3-cmc","36":"product_tag-vasarold-meg-3-mma","37":"product_tag-acquista-3-mma","38":"product_tag-decollo-3-mm","39":"product_tag-compra-3-mm","40":"product_tag-acquista-3-mmc","41":"product_tag-acquista-3-mmc-pellets","42":"product_tag-acquista-3-mmc-pills","43":"product_tag-vasarold-meg-4-cmc","44":"product_tag-compra-4-cmc","45":"product_tag-acquista-4-cmc","46":"product_tag-acquista-5-mmpa","47":"product_tag-compra-5-mmpa","48":"product_tag-acquista-a-php","49":"product_tag-acquista-a-pihp","50":"product_tag-vasarold-meg-eutylone","51":"product_tag-eutilone-di-decollo","52":"product_tag-acquista-eutilone","53":"product_tag-negozio-eutilone","54":"product_tag-acquista-eutylone","55":"product_tag-acquista-hexen","56":"product_tag-store-3-mmc-pillole","57":"product_tag-shop-3-mmc-pillole","58":"product_tag-take-off-3-mmc-pillole","59":"product_tag-acquista-4-cmc-cristalli-online","60":"product_tag-acquisto-4-cmc-cristalli-online","61":"product_tag-uzlet-a-php","62":"product_tag-vasarold-meg-a-php","63":"product_tag-compra-un-php","64":"product_tag-buy-at-pihp","65":"product_tag-uzlet-3-mmc-pellet","66":"product_tag-comprare-3-mmc-pellet","67":"product_tag-al-por-mayor-3-mmc","68":"product_tag-al-por-mayor-3-mmc-pellets","69":"product_tag-al-por-mayor-a-pihp","70":"product_tag-al-por-mayor-eutylone","71":"product_tag-al-por-mayor-hexedrone","72":"product_tag-allingrosso-2-mmc","73":"product_tag-allingrosso-3-mmc","74":"product_tag-allingrosso-4-cmc","75":"product_tag-allingrosso-a-php","76":"product_tag-allingrosso-hexedrone","77":"product_tag-best-3-cmc","78":"product_tag-best-3-mmc","79":"product_tag-bulk-3-mmc","80":"product_tag-bulk-3-mmc-pellets","81":"product_tag-bulk-3-mmc-pills","82":"product_tag-bulk-4-cmc","83":"product_tag-bulk-eutylone","84":"product_tag-bulk-hexedrone","85":"product_tag-bulk-hexen","86":"product_tag-buy-2-mmc","87":"product_tag-buy-3-cmc","88":"product_tag-buy-3-mmc-pellets","89":"product_tag-buy-3-mmc-pills","90":"product_tag-buy-4-cmc","91":"product_tag-buy-5-mmpa","92":"product_tag-buy-a-php","93":"product_tag-buy-hexen","94":"product_tag-rivista-3-mmc","95":"product_tag-come-acquistare-4-cmc-cristalli-online","96":"product_tag-compra-3-mmc","97":"product_tag-compra-3-mma","98":"product_tag-compra-esagoni","99":"product_tag-compra-esene","100":"product_tag-compra-eutilone","101":"product_tag-vasarold-meg-hexedrone","102":"product_tag-compra-hexedrone","103":"product_tag-vasarold-meg-hexen","104":"product_tag-compra-hexen","105":"product_tag-cumpara-a-php","106":"product_tag-compra-un-pihp","107":"product_tag-comprar-2-fdck","108":"product_tag-comprar-2-mmc","109":"product_tag-comprar-3-cmc","110":"product_tag-comprar-3-mma","111":"product_tag-comprar-3-mmc","112":"product_tag-comprar-4-cmc","113":"product_tag-comprar-5-mmpa","114":"product_tag-comprar-a-php","115":"product_tag-comprar-a-pihp","116":"product_tag-comprar-eutylone","117":"product_tag-comprar-hexedrone","118":"product_tag-comprare-3-mmc-pillole","119":"product_tag-cristalli-da-4-cm","120":"product_tag-cumpara-2-fdck","121":"product_tag-cumpara-3-cmc","122":"product_tag-cumpara-3-mma","123":"product_tag-cumpara-3-mmc","124":"product_tag-cumpara-4-cmc","125":"product_tag-cumpara-5-mmpa","126":"product_tag-cumpara-a-pihp","127":"product_tag-cumpara-eutylone","128":"product_tag-cumpara-hexedrone","129":"product_tag-dove-acquistare-4-cmc-crystals-online","130":"product_tag-en-gros-2-fdck","131":"product_tag-en-gros-3-cmc","132":"product_tag-en-gros-3-mma","133":"product_tag-en-gros-3-mmc","134":"product_tag-en-gros-4-cmc","135":"product_tag-en-gros-5-mmpa","136":"product_tag-en-gros-a-php","137":"product_tag-en-gros-eutylone","138":"product_tag-en-gros-hexen","139":"product_tag-esagoni-allingrosso","140":"product_tag-allingroso-esene","141":"product_tag-esagono-allingrosso","142":"product_tag-esedrone","143":"product_tag-eutilone","144":"product_tag-groothandel-2-fdck","145":"product_tag-groothandel-2-mmc","146":"product_tag-groothandel-3-cmc","147":"product_tag-groothandel-3-mma","148":"product_tag-groothandel-3-mmc-pills","149":"product_tag-groothandel-4-cmc","150":"product_tag-groothandel-5-mmpa","151":"product_tag-groothandel-a-php","152":"product_tag-groothandel-a-pihp","153":"product_tag-groothandel-hexedrone","154":"product_tag-hexen","155":"product_tag-migliore-4-cmc","156":"product_tag-il-posto-migliore-per-acquistare-4-cmc-crystals-online","157":"product_tag-store-3-mmc-pellets","158":"product_tag-ingrosso-streghe","159":"product_tag-ingrosso-2-fdck","160":"product_tag-ingrosso-2-mmc","161":"product_tag-ingrosso-3-mmc","162":"product_tag-ingrosso-3-cmc","163":"product_tag-ingrosso-3-mma","164":"product_tag-ingrosso-4-cmc","165":"product_tag-ingrosso-5-mmpa","166":"product_tag-ingrosso-a-php","167":"product_tag-ingrosso-a-pihp","168":"product_tag-ingrosso-eutylone","169":"product_tag-ingrosso-3-mmc-pellet","170":"product_tag-ingrosso-3-mmc-pillole","171":"product_tag-koop-2-fdck","172":"product_tag-koop-2-mmc","173":"product_tag-koop-3-mmc","174":"product_tag-koop-3-cmc","175":"product_tag-koop-3-mma","176":"product_tag-koop-3-mmc-pills","177":"product_tag-koop-4-cmc","178":"product_tag-koop-5-mmpa","179":"product_tag-koop-a-php","180":"product_tag-koop-a-pihp","181":"product_tag-koop-eutylone","182":"product_tag-koop-hexedrone","183":"product_tag-koop-3-mmc-pellet","184":"product_tag-magasin-2-fdck","185":"product_tag-magasin-3-mmc-pellets","186":"product_tag-magasin-3-mmc-pills","187":"product_tag-magasin-4-cmc","188":"product_tag-magasin-hexen","189":"product_tag-magazin-2-fdck","190":"product_tag-magazin-3-cmc","191":"product_tag-magazin-3-mma","192":"product_tag-magazin-3-mmc","193":"product_tag-magazin-5-mmpa","194":"product_tag-magazin-a-pihp","195":"product_tag-magazin-eutylone","196":"product_tag-store-2-fdck","197":"product_tag-store-a-pihp","198":"product_tag-best-hexen","199":"product_tag-miglior-esedrone","200":"product_tag-best-a-pihp","201":"product_tag-nagykereskedelem-2-fdck","202":"product_tag-nagykereskedelem-2-mmc","203":"product_tag-nagykereskedelem-3-cmc","204":"product_tag-nagykereskedelem-3-mma","205":"product_tag-nagykereskedelem-3-mmc","206":"product_tag-nagykereskedelem-3-mmc-pills","207":"product_tag-nagykereskedelem-4-cmc","208":"product_tag-nagykereskedelem-5-mmpa","209":"product_tag-nagykereskedelem-a-php","210":"product_tag-nagykereskedelem-a-pihp","211":"product_tag-nagykereskedelem-eutylone","212":"product_tag-nagykereskedelem-hexedrone","213":"product_tag-decollo-2-fdck","214":"product_tag-negozio-2-fdck","215":"product_tag-decollo-2-mmc","216":"product_tag-negozio-2-mmc","217":"product_tag-decollo-3-mmc","218":"product_tag-decollo-3-cmc","219":"product_tag-negozio-3-cmc","220":"product_tag-store-3-mma","221":"product_tag-negozio-3-mma","222":"product_tag-negozio-3-mmc","223":"product_tag-negozio-3-mmc-pellets","224":"product_tag-negozio-3-mmc-pills","225":"product_tag-decollo-4-cmc","226":"product_tag-negozio-4-cmc","227":"product_tag-store-5-mmpa","228":"product_tag-negozio-5-mmpa","229":"product_tag-store-a-php","230":"product_tag-acquista-un-php","231":"product_tag-store-to-php","232":"product_tag-negozio-a-php","233":"product_tag-negozio-a-pihp","234":"product_tag-uzlet-a-pihp","235":"product_tag-store-3-cmc","236":"product_tag-store-4-cmc","237":"product_tag-store-eutylone","238":"product_tag-negozio-di-hexedrone","239":"product_tag-hexedrone-negozio","240":"product_tag-negozio-di-streghe","241":"product_tag-uzlet-hexen","242":"product_tag-negozio-eutylone","243":"product_tag-esedrone-di-decollo","244":"product_tag-negozio-hexedrone","245":"product_tag-negozio-hexen","246":"product_tag-ordine-4-cmc-cristalli-online","247":"product_tag-allingrosso-3-mmc-pellet","248":"product_tag-pellet-da-3-mmc-allingrosso","249":"product_tag-pellet-da-3-mmc","250":"product_tag-winkel-3-mmc-pellets","251":"product_tag-allingrosso-3-mmc-pillole","252":"product_tag-rivista-2-mmc","253":"product_tag-rivista-streghe","254":"product_tag-bulk-2-fdck","255":"product_tag-bulk-2-mmc","256":"product_tag-sfuso-3-cmc","257":"product_tag-bulk-3-mma","258":"product_tag-bulk-5-mmpa","259":"product_tag-bulk-a-php","260":"product_tag-bulk-a-pihp","261":"product_tag-shop-2-fdck","262":"product_tag-shop-2-mmc","263":"product_tag-shop-3-cmc","264":"product_tag-shop-3-mma","265":"product_tag-shop-3-mmc","266":"product_tag-shop-3-mmc-pellets","267":"product_tag-shop-4-cmc","268":"product_tag-shop-5-mmpa","269":"product_tag-shop-a-php","270":"product_tag-shop-a-pihp","271":"product_tag-streghe-dangolo","272":"product_tag-tienda-2-mmc","273":"product_tag-tienda-3-cmc","274":"product_tag-tienda-3-mma","275":"product_tag-tienda-3-mmc","276":"product_tag-tienda-3-mmc-pills","277":"product_tag-tienda-4-cmc","278":"product_tag-tienda-5-mmpa","279":"product_tag-tienda-a-pihp","280":"product_tag-tienda-eutylone","281":"product_tag-tienda-hexen","282":"product_tag-vasarold-meg-2-mmc","283":"product_tag-vasarold-meg-3-mmc-pellets","284":"product_tag-vasarold-meg-3-mmc-pills","285":"product_tag-vasarold-meg-5-mmpa","286":"product_tag-vasarold-meg-a-pihp","287":"product_tag-allingrosso-3-cmc","288":"product_tag-allingrosso-a-pihp","289":"product_tag-allingrosso-eutilone","290":"product_tag-allingrosso-hexen","291":"product_tag-vente-en-gros-2-fdck","292":"product_tag-vente-en-gros-2-mmc","293":"product_tag-vente-en-gros-3-cmc","294":"product_tag-vente-en-gros-3-mma","295":"product_tag-vente-en-gros-3-mmc","296":"product_tag-vente-en-gros-3-mmc-pellets","297":"product_tag-vente-en-gros-3-mmc-pills","298":"product_tag-vente-en-gros-4-cmc","299":"product_tag-vente-en-gros-5-mmpa","300":"product_tag-vente-en-gros-a-php","301":"product_tag-vente-en-gros-a-pihp","302":"product_tag-vente-en-gros-eutylone","303":"product_tag-wholesale-2-fdck","304":"product_tag-wholesale-2-mmc","305":"product_tag-wholesale-3-cmc","306":"product_tag-wholesale-3-mma","307":"product_tag-wholesale-3-mmc","308":"product_tag-wholesale-3-mmc-pellets","309":"product_tag-wholesale-3-mmc-pills","310":"product_tag-wholesale-4-cmc","311":"product_tag-wholesale-5-mmpa","312":"product_tag-wholesale-a-php","313":"product_tag-wholesale-a-pihp","314":"product_tag-wholesale-eutylone","315":"product_tag-wholesale-hexedrone","316":"product_tag-wholesale-hexen","317":"product_tag-winkel-2-fdck","318":"product_tag-winkel-2-mmc","319":"product_tag-winkel-3-cmc","320":"product_tag-winkel-3-mma","321":"product_tag-winkel-3-mmc","322":"product_tag-winkel-4-cmc","323":"product_tag-winkel-5-mmpa","324":"product_tag-winkel-a-php","325":"product_tag-winkel-a-pihp","326":"product_tag-winkel-hexedrone","328":"first","329":"instock","330":"shipping-taxable","331":"purchasable","332":"product-type-variable","333":"has-default-attributes"},"yoast_head":"<!-- This site is optimized with the Yoast SEO plugin v27.3 - https:\/\/yoast.com\/product\/yoast-seo-wordpress\/ -->\n<title>Acquista 4-Chlorometcatinone (4-CMC HCl) Crystal - I migliori farmaci globali<\/title>\n<meta name=\"description\" content=\"Acquista cristallo 4-CMC e amp; Polvere in linea a buon mercato. Acquista cristallo 4-CMC e amp; Polvere sfusa 99% di purezza. Ordina 4-clorometcatinone in vendita nel Regno Unito, in Europa\" \/>\n<meta name=\"robots\" content=\"index, follow, max-snippet:-1, max-image-preview:large, max-video-preview:-1\" \/>\n<link rel=\"canonical\" href=\"https:\/\/medicinasinc.com\/it\/product\/4-clorometcatinone-4-cmc-hcl-cristallo\/\" \/>\n<meta property=\"og:locale\" content=\"it_IT\" \/>\n<meta property=\"og:type\" content=\"article\" \/>\n<meta property=\"og:title\" content=\"Acquista 4-Chlorometcatinone (4-CMC HCl) Crystal - I migliori farmaci globali\" \/>\n<meta property=\"og:description\" content=\"Acquista cristallo 4-CMC e amp; Polvere in linea a buon mercato. Acquista cristallo 4-CMC e amp; Polvere sfusa 99% di purezza. Ordina 4-clorometcatinone in vendita nel Regno Unito, in Europa\" \/>\n<meta property=\"og:url\" content=\"https:\/\/medicinasinc.com\/it\/product\/4-clorometcatinone-4-cmc-hcl-cristallo\/\" \/>\n<meta property=\"og:site_name\" content=\"Medicinas Inc\" \/>\n<meta property=\"article:modified_time\" content=\"2022-03-17T00:18:48+00:00\" \/>\n<meta property=\"og:image\" content=\"https:\/\/medicinasinc.com\/it\/wp-content\/uploads\/sites\/4\/2022\/02\/buy-4-Chloromethcathinone.jpg\" \/>\n\t<meta property=\"og:image:width\" content=\"2560\" \/>\n\t<meta property=\"og:image:height\" content=\"1887\" \/>\n\t<meta property=\"og:image:type\" content=\"image\/jpeg\" \/>\n<meta name=\"twitter:card\" content=\"summary_large_image\" \/>\n<meta name=\"twitter:label1\" content=\"Tempo di lettura stimato\" \/>\n\t<meta name=\"twitter:data1\" content=\"2 minuti\" \/>\n<script type=\"application\/ld+json\" class=\"yoast-schema-graph\">{\"@context\":\"https:\\\/\\\/schema.org\",\"@graph\":[{\"@type\":\"WebPage\",\"@id\":\"https:\\\/\\\/medicinasinc.com\\\/it\\\/product\\\/4-clorometcatinone-4-cmc-hcl-cristallo\\\/\",\"url\":\"https:\\\/\\\/medicinasinc.com\\\/it\\\/product\\\/4-clorometcatinone-4-cmc-hcl-cristallo\\\/\",\"name\":\"Acquista 4-Chlorometcatinone (4-CMC HCl) Crystal - I migliori farmaci globali\",\"isPartOf\":{\"@id\":\"https:\\\/\\\/medicinasinc.com\\\/it\\\/#website\"},\"primaryImageOfPage\":{\"@id\":\"https:\\\/\\\/medicinasinc.com\\\/it\\\/product\\\/4-clorometcatinone-4-cmc-hcl-cristallo\\\/#primaryimage\"},\"image\":{\"@id\":\"https:\\\/\\\/medicinasinc.com\\\/it\\\/product\\\/4-clorometcatinone-4-cmc-hcl-cristallo\\\/#primaryimage\"},\"thumbnailUrl\":\"https:\\\/\\\/medicinasinc.com\\\/it\\\/wp-content\\\/uploads\\\/sites\\\/4\\\/2022\\\/02\\\/buy-4-Chloromethcathinone.jpg\",\"datePublished\":\"2022-02-21T21:52:55+00:00\",\"dateModified\":\"2022-03-17T00:18:48+00:00\",\"description\":\"Acquista cristallo 4-CMC e amp; Polvere in linea a buon mercato. Acquista cristallo 4-CMC e amp; Polvere sfusa 99% di purezza. Ordina 4-clorometcatinone in vendita nel Regno Unito, in Europa\",\"breadcrumb\":{\"@id\":\"https:\\\/\\\/medicinasinc.com\\\/it\\\/product\\\/4-clorometcatinone-4-cmc-hcl-cristallo\\\/#breadcrumb\"},\"inLanguage\":\"it-IT\",\"potentialAction\":[{\"@type\":\"ReadAction\",\"target\":[\"https:\\\/\\\/medicinasinc.com\\\/it\\\/product\\\/4-clorometcatinone-4-cmc-hcl-cristallo\\\/\"]}]},{\"@type\":\"ImageObject\",\"inLanguage\":\"it-IT\",\"@id\":\"https:\\\/\\\/medicinasinc.com\\\/it\\\/product\\\/4-clorometcatinone-4-cmc-hcl-cristallo\\\/#primaryimage\",\"url\":\"https:\\\/\\\/medicinasinc.com\\\/it\\\/wp-content\\\/uploads\\\/sites\\\/4\\\/2022\\\/02\\\/buy-4-Chloromethcathinone.jpg\",\"contentUrl\":\"https:\\\/\\\/medicinasinc.com\\\/it\\\/wp-content\\\/uploads\\\/sites\\\/4\\\/2022\\\/02\\\/buy-4-Chloromethcathinone.jpg\",\"width\":2560,\"height\":1887},{\"@type\":\"BreadcrumbList\",\"@id\":\"https:\\\/\\\/medicinasinc.com\\\/it\\\/product\\\/4-clorometcatinone-4-cmc-hcl-cristallo\\\/#breadcrumb\",\"itemListElement\":[{\"@type\":\"ListItem\",\"position\":1,\"name\":\"Negozio\",\"item\":\"https:\\\/\\\/medicinasinc.com\\\/it\\\/negozio\\\/\"},{\"@type\":\"ListItem\",\"position\":2,\"name\":\"Cristallo di 4-clorometcatinone (4-CMC HCl).\"}]},{\"@type\":\"WebSite\",\"@id\":\"https:\\\/\\\/medicinasinc.com\\\/it\\\/#website\",\"url\":\"https:\\\/\\\/medicinasinc.com\\\/it\\\/\",\"name\":\"Medicinas Inc\",\"description\":\"Health Medical Clinic\",\"potentialAction\":[{\"@type\":\"SearchAction\",\"target\":{\"@type\":\"EntryPoint\",\"urlTemplate\":\"https:\\\/\\\/medicinasinc.com\\\/it\\\/?s={search_term_string}\"},\"query-input\":{\"@type\":\"PropertyValueSpecification\",\"valueRequired\":true,\"valueName\":\"search_term_string\"}}],\"inLanguage\":\"it-IT\"}]}<\/script>\n<!-- \/ Yoast SEO plugin. -->","yoast_head_json":{"title":"Acquista 4-Chlorometcatinone (4-CMC HCl) Crystal - I migliori farmaci globali","description":"Acquista cristallo 4-CMC e amp; Polvere in linea a buon mercato. Acquista cristallo 4-CMC e amp; Polvere sfusa 99% di purezza. Ordina 4-clorometcatinone in vendita nel Regno Unito, in Europa","robots":{"index":"index","follow":"follow","max-snippet":"max-snippet:-1","max-image-preview":"max-image-preview:large","max-video-preview":"max-video-preview:-1"},"canonical":"https:\/\/medicinasinc.com\/it\/product\/4-clorometcatinone-4-cmc-hcl-cristallo\/","og_locale":"it_IT","og_type":"article","og_title":"Acquista 4-Chlorometcatinone (4-CMC HCl) Crystal - I migliori farmaci globali","og_description":"Acquista cristallo 4-CMC e amp; Polvere in linea a buon mercato. Acquista cristallo 4-CMC e amp; Polvere sfusa 99% di purezza. Ordina 4-clorometcatinone in vendita nel Regno Unito, in Europa","og_url":"https:\/\/medicinasinc.com\/it\/product\/4-clorometcatinone-4-cmc-hcl-cristallo\/","og_site_name":"Medicinas Inc","article_modified_time":"2022-03-17T00:18:48+00:00","og_image":[{"width":2560,"height":1887,"url":"https:\/\/medicinasinc.com\/it\/wp-content\/uploads\/sites\/4\/2022\/02\/buy-4-Chloromethcathinone.jpg","type":"image\/jpeg"}],"twitter_card":"summary_large_image","twitter_misc":{"Tempo di lettura stimato":"2 minuti"},"schema":{"@context":"https:\/\/schema.org","@graph":[{"@type":"WebPage","@id":"https:\/\/medicinasinc.com\/it\/product\/4-clorometcatinone-4-cmc-hcl-cristallo\/","url":"https:\/\/medicinasinc.com\/it\/product\/4-clorometcatinone-4-cmc-hcl-cristallo\/","name":"Acquista 4-Chlorometcatinone (4-CMC HCl) Crystal - I migliori farmaci globali","isPartOf":{"@id":"https:\/\/medicinasinc.com\/it\/#website"},"primaryImageOfPage":{"@id":"https:\/\/medicinasinc.com\/it\/product\/4-clorometcatinone-4-cmc-hcl-cristallo\/#primaryimage"},"image":{"@id":"https:\/\/medicinasinc.com\/it\/product\/4-clorometcatinone-4-cmc-hcl-cristallo\/#primaryimage"},"thumbnailUrl":"https:\/\/medicinasinc.com\/it\/wp-content\/uploads\/sites\/4\/2022\/02\/buy-4-Chloromethcathinone.jpg","datePublished":"2022-02-21T21:52:55+00:00","dateModified":"2022-03-17T00:18:48+00:00","description":"Acquista cristallo 4-CMC e amp; Polvere in linea a buon mercato. Acquista cristallo 4-CMC e amp; Polvere sfusa 99% di purezza. Ordina 4-clorometcatinone in vendita nel Regno Unito, in Europa","breadcrumb":{"@id":"https:\/\/medicinasinc.com\/it\/product\/4-clorometcatinone-4-cmc-hcl-cristallo\/#breadcrumb"},"inLanguage":"it-IT","potentialAction":[{"@type":"ReadAction","target":["https:\/\/medicinasinc.com\/it\/product\/4-clorometcatinone-4-cmc-hcl-cristallo\/"]}]},{"@type":"ImageObject","inLanguage":"it-IT","@id":"https:\/\/medicinasinc.com\/it\/product\/4-clorometcatinone-4-cmc-hcl-cristallo\/#primaryimage","url":"https:\/\/medicinasinc.com\/it\/wp-content\/uploads\/sites\/4\/2022\/02\/buy-4-Chloromethcathinone.jpg","contentUrl":"https:\/\/medicinasinc.com\/it\/wp-content\/uploads\/sites\/4\/2022\/02\/buy-4-Chloromethcathinone.jpg","width":2560,"height":1887},{"@type":"BreadcrumbList","@id":"https:\/\/medicinasinc.com\/it\/product\/4-clorometcatinone-4-cmc-hcl-cristallo\/#breadcrumb","itemListElement":[{"@type":"ListItem","position":1,"name":"Negozio","item":"https:\/\/medicinasinc.com\/it\/negozio\/"},{"@type":"ListItem","position":2,"name":"Cristallo di 4-clorometcatinone (4-CMC HCl)."}]},{"@type":"WebSite","@id":"https:\/\/medicinasinc.com\/it\/#website","url":"https:\/\/medicinasinc.com\/it\/","name":"Medicinas Inc","description":"Health Medical Clinic","potentialAction":[{"@type":"SearchAction","target":{"@type":"EntryPoint","urlTemplate":"https:\/\/medicinasinc.com\/it\/?s={search_term_string}"},"query-input":{"@type":"PropertyValueSpecification","valueRequired":true,"valueName":"search_term_string"}}],"inLanguage":"it-IT"}]}},"_links":{"self":[{"href":"https:\/\/medicinasinc.com\/it\/wp-json\/wp\/v2\/product\/5367","targetHints":{"allow":["GET"]}}],"collection":[{"href":"https:\/\/medicinasinc.com\/it\/wp-json\/wp\/v2\/product"}],"about":[{"href":"https:\/\/medicinasinc.com\/it\/wp-json\/wp\/v2\/types\/product"}],"replies":[{"embeddable":true,"href":"https:\/\/medicinasinc.com\/it\/wp-json\/wp\/v2\/comments?post=5367"}],"wp:featuredmedia":[{"embeddable":true,"href":"https:\/\/medicinasinc.com\/it\/wp-json\/wp\/v2\/media\/5378"}],"wp:attachment":[{"href":"https:\/\/medicinasinc.com\/it\/wp-json\/wp\/v2\/media?parent=5367"}],"wp:term":[{"taxonomy":"product_brand","embeddable":true,"href":"https:\/\/medicinasinc.com\/it\/wp-json\/wp\/v2\/product_brand?post=5367"},{"taxonomy":"product_cat","embeddable":true,"href":"https:\/\/medicinasinc.com\/it\/wp-json\/wp\/v2\/product_cat?post=5367"},{"taxonomy":"product_tag","embeddable":true,"href":"https:\/\/medicinasinc.com\/it\/wp-json\/wp\/v2\/product_tag?post=5367"}],"curies":[{"name":"wp","href":"https:\/\/api.w.org\/{rel}","templated":true}]}}