{"id":5366,"date":"2022-02-21T21:52:02","date_gmt":"2022-02-21T21:52:02","guid":{"rendered":"https:\/\/medicinasinc.com\/it\/?post_type=product&#038;p=5366"},"modified":"2022-03-17T00:19:02","modified_gmt":"2022-03-17T00:19:02","slug":"buy-3f-fenmetrazina","status":"publish","type":"product","link":"https:\/\/medicinasinc.com\/it\/product\/buy-3f-fenmetrazina\/","title":{"rendered":"Acquista 3F-fenmetrazina"},"content":{"rendered":"<p>Che cosa significa 3-FPM?<\/p>\n<p>3-FPM \u00e8 l&#8217;abbreviazione di 3-fluorofenmetrazina e significa 3-fluorofenmetrazina. 3-FPM \u00e8 una sostanza chimica utilizzata nella ricerca che ha molto potere per far andare le persone. 3-FPM fa parte della classe di sostanze chimiche chiamate fenolo morfolina e pu\u00f2 danneggiare il tuo corpo. Di solito si pensa che i risultati degli esperimenti con 3-FPM siano molto simili o quasi uguali ai risultati degli esperimenti con anfetamine. Gli esperimenti con 3-FPM di solito mostrano che le persone sono pi\u00f9 concentrate e motivate, i loro pensieri si muovono pi\u00f9 velocemente e si sentono felici. Tuttavia, si dice spesso che questi risultati siano meno intensi di quelli dell&#8217;anfetamina o di altri farmaci che ti rendono pi\u00f9 vigile. Molte persone non diventano nervose o assonnate quando usano 3-FPM.<\/p>\n<p>Dove posso acquistare 3-FPM?<\/p>\n<p>A Best Globel Med, abbiamo un sacco di ottimo 3-FPM in vendita. Il nostro 3-FPM \u00e8 disponibile sia in polvere che in pellet, quindi puoi ottenerlo. Non importa quale di questi due stati chimici preferisci. Ti abbiamo coperto.<\/p>\n<p>Abbiamo un 3-FPM in vendita che \u00e8 solo per la ricerca, non per la vendita. Non \u00e8 per l&#8217;uso a casa. Le persone che acquistano 3-FPM da noi devono avere almeno 18 anni e rispettare pienamente le leggi del proprio paese.<\/p>\n<p>3-FPM \u00e8 legale.<\/p>\n<p>3-FPM \u00e8 non \u00e8 legale acquistare, vendere o possedere in Israele, Svizzera o Stati Uniti, quindi non puoi farlo. Nel Regno Unito, si pensa che sia simile alla fenetmetrazina, che \u00e8 un farmaco che non \u00e8 sicuro per le persone da assumere.<\/p>\n<p>Un luogo fresco e asciutto \u00e8 sempre il migliore per la migliore durata di conservazione. Questo prodotto \u00e8 solo per uso forense e di ricerca. Non \u00e8 pensato per essere mangiato dall&#8217;uomo o testato su animali o altri esseri viventi.<\/p>\n","protected":false},"excerpt":{"rendered":"<div class=\"woocommerce-product-details__short-description\">\n<p>ACQUISTA 3-FPM3-FPM (noto anche come 3-fluorofenmetrazina, 3F-fenmetrazina e PAL-593) \u00e8 un nuovo stimolante a base di fenilmorfolina.<\/p>\n<p>La 3-fluorofenmetrazina, nota anche come 3F-fenmetrazina, PAL-593 e 3-FPM, \u00e8 un nuovo stimolante della classe della fenilmorfolina.<\/p>\n<p>Acquista 3-FPM online<\/p>\n<p>La 3F-fenmetrazina pu\u00f2 essere acquistata online.<\/p>\n<p>La 3F-fenmetrazina \u00e8 disponibile come sostanza bianca cristallina o in polvere. La 3F-fenmetrazina \u00e8 solubile in solventi organici come metanolo, etanolo, dimetilformammide (DMF) e diclorometano (DCM), che devono essere spurgati con un gas inerte.<\/p>\n<\/p><\/div>\n","protected":false},"featured_media":5376,"comment_status":"open","ping_status":"closed","template":"","meta":[],"product_brand":[],"product_cat":[2014],"product_tag":[],"class_list":{"0":"post-5366","1":"product","2":"type-product","3":"status-publish","4":"has-post-thumbnail","6":"product_cat-compra-ricerca-prodotti-chimici","8":"first","9":"instock","10":"shipping-taxable","11":"purchasable","12":"product-type-variable","13":"has-default-attributes"},"yoast_head":"<!-- This site is optimized with the Yoast SEO plugin v27.3 - https:\/\/yoast.com\/product\/yoast-seo-wordpress\/ -->\n<title>Acquista 3F-fenmetrazina - I migliori farmaci globali migliori<\/title>\n<meta name=\"description\" content=\"ACQUISTA 3-FPM3-FPM in vendita (noto anche come 3-Fluorofenmetrazina, 3F-fenmetrazina e PAL-593) \u00e8 una nuova sostanza stimolante della classe della fenilmorfolina.\" \/>\n<meta name=\"robots\" content=\"index, follow, max-snippet:-1, max-image-preview:large, max-video-preview:-1\" \/>\n<link rel=\"canonical\" href=\"https:\/\/medicinasinc.com\/it\/product\/buy-3f-fenmetrazina\/\" \/>\n<meta property=\"og:locale\" content=\"it_IT\" \/>\n<meta property=\"og:type\" content=\"article\" \/>\n<meta property=\"og:title\" content=\"Acquista 3F-fenmetrazina - I migliori farmaci globali migliori\" \/>\n<meta property=\"og:description\" content=\"ACQUISTA 3-FPM3-FPM in vendita (noto anche come 3-Fluorofenmetrazina, 3F-fenmetrazina e PAL-593) \u00e8 una nuova sostanza stimolante della classe della fenilmorfolina.\" \/>\n<meta property=\"og:url\" content=\"https:\/\/medicinasinc.com\/it\/product\/buy-3f-fenmetrazina\/\" \/>\n<meta property=\"og:site_name\" content=\"Medicinas Inc\" \/>\n<meta property=\"article:modified_time\" content=\"2022-03-17T00:19:02+00:00\" \/>\n<meta property=\"og:image\" content=\"https:\/\/medicinasinc.com\/it\/wp-content\/uploads\/sites\/4\/2022\/02\/3fpm.jpg\" \/>\n\t<meta property=\"og:image:width\" content=\"600\" \/>\n\t<meta property=\"og:image:height\" content=\"600\" \/>\n\t<meta property=\"og:image:type\" content=\"image\/jpeg\" \/>\n<meta name=\"twitter:card\" content=\"summary_large_image\" \/>\n<meta name=\"twitter:label1\" content=\"Tempo di lettura stimato\" \/>\n\t<meta name=\"twitter:data1\" content=\"2 minuti\" \/>\n<script type=\"application\/ld+json\" class=\"yoast-schema-graph\">{\"@context\":\"https:\\\/\\\/schema.org\",\"@graph\":[{\"@type\":\"WebPage\",\"@id\":\"https:\\\/\\\/medicinasinc.com\\\/it\\\/product\\\/buy-3f-fenmetrazina\\\/\",\"url\":\"https:\\\/\\\/medicinasinc.com\\\/it\\\/product\\\/buy-3f-fenmetrazina\\\/\",\"name\":\"Acquista 3F-fenmetrazina - I migliori farmaci globali migliori\",\"isPartOf\":{\"@id\":\"https:\\\/\\\/medicinasinc.com\\\/it\\\/#website\"},\"primaryImageOfPage\":{\"@id\":\"https:\\\/\\\/medicinasinc.com\\\/it\\\/product\\\/buy-3f-fenmetrazina\\\/#primaryimage\"},\"image\":{\"@id\":\"https:\\\/\\\/medicinasinc.com\\\/it\\\/product\\\/buy-3f-fenmetrazina\\\/#primaryimage\"},\"thumbnailUrl\":\"https:\\\/\\\/medicinasinc.com\\\/it\\\/wp-content\\\/uploads\\\/sites\\\/4\\\/2022\\\/02\\\/3fpm.jpg\",\"datePublished\":\"2022-02-21T21:52:02+00:00\",\"dateModified\":\"2022-03-17T00:19:02+00:00\",\"description\":\"ACQUISTA 3-FPM3-FPM in vendita (noto anche come 3-Fluorofenmetrazina, 3F-fenmetrazina e PAL-593) \u00e8 una nuova sostanza stimolante della classe della fenilmorfolina.\",\"breadcrumb\":{\"@id\":\"https:\\\/\\\/medicinasinc.com\\\/it\\\/product\\\/buy-3f-fenmetrazina\\\/#breadcrumb\"},\"inLanguage\":\"it-IT\",\"potentialAction\":[{\"@type\":\"ReadAction\",\"target\":[\"https:\\\/\\\/medicinasinc.com\\\/it\\\/product\\\/buy-3f-fenmetrazina\\\/\"]}]},{\"@type\":\"ImageObject\",\"inLanguage\":\"it-IT\",\"@id\":\"https:\\\/\\\/medicinasinc.com\\\/it\\\/product\\\/buy-3f-fenmetrazina\\\/#primaryimage\",\"url\":\"https:\\\/\\\/medicinasinc.com\\\/it\\\/wp-content\\\/uploads\\\/sites\\\/4\\\/2022\\\/02\\\/3fpm.jpg\",\"contentUrl\":\"https:\\\/\\\/medicinasinc.com\\\/it\\\/wp-content\\\/uploads\\\/sites\\\/4\\\/2022\\\/02\\\/3fpm.jpg\",\"width\":600,\"height\":600},{\"@type\":\"BreadcrumbList\",\"@id\":\"https:\\\/\\\/medicinasinc.com\\\/it\\\/product\\\/buy-3f-fenmetrazina\\\/#breadcrumb\",\"itemListElement\":[{\"@type\":\"ListItem\",\"position\":1,\"name\":\"Negozio\",\"item\":\"https:\\\/\\\/medicinasinc.com\\\/it\\\/negozio\\\/\"},{\"@type\":\"ListItem\",\"position\":2,\"name\":\"Acquista 3F-fenmetrazina\"}]},{\"@type\":\"WebSite\",\"@id\":\"https:\\\/\\\/medicinasinc.com\\\/it\\\/#website\",\"url\":\"https:\\\/\\\/medicinasinc.com\\\/it\\\/\",\"name\":\"Medicinas Inc\",\"description\":\"Health Medical Clinic\",\"potentialAction\":[{\"@type\":\"SearchAction\",\"target\":{\"@type\":\"EntryPoint\",\"urlTemplate\":\"https:\\\/\\\/medicinasinc.com\\\/it\\\/?s={search_term_string}\"},\"query-input\":{\"@type\":\"PropertyValueSpecification\",\"valueRequired\":true,\"valueName\":\"search_term_string\"}}],\"inLanguage\":\"it-IT\"}]}<\/script>\n<!-- \/ Yoast SEO plugin. -->","yoast_head_json":{"title":"Acquista 3F-fenmetrazina - I migliori farmaci globali migliori","description":"ACQUISTA 3-FPM3-FPM in vendita (noto anche come 3-Fluorofenmetrazina, 3F-fenmetrazina e PAL-593) \u00e8 una nuova sostanza stimolante della classe della fenilmorfolina.","robots":{"index":"index","follow":"follow","max-snippet":"max-snippet:-1","max-image-preview":"max-image-preview:large","max-video-preview":"max-video-preview:-1"},"canonical":"https:\/\/medicinasinc.com\/it\/product\/buy-3f-fenmetrazina\/","og_locale":"it_IT","og_type":"article","og_title":"Acquista 3F-fenmetrazina - I migliori farmaci globali migliori","og_description":"ACQUISTA 3-FPM3-FPM in vendita (noto anche come 3-Fluorofenmetrazina, 3F-fenmetrazina e PAL-593) \u00e8 una nuova sostanza stimolante della classe della fenilmorfolina.","og_url":"https:\/\/medicinasinc.com\/it\/product\/buy-3f-fenmetrazina\/","og_site_name":"Medicinas Inc","article_modified_time":"2022-03-17T00:19:02+00:00","og_image":[{"width":600,"height":600,"url":"https:\/\/medicinasinc.com\/it\/wp-content\/uploads\/sites\/4\/2022\/02\/3fpm.jpg","type":"image\/jpeg"}],"twitter_card":"summary_large_image","twitter_misc":{"Tempo di lettura stimato":"2 minuti"},"schema":{"@context":"https:\/\/schema.org","@graph":[{"@type":"WebPage","@id":"https:\/\/medicinasinc.com\/it\/product\/buy-3f-fenmetrazina\/","url":"https:\/\/medicinasinc.com\/it\/product\/buy-3f-fenmetrazina\/","name":"Acquista 3F-fenmetrazina - I migliori farmaci globali migliori","isPartOf":{"@id":"https:\/\/medicinasinc.com\/it\/#website"},"primaryImageOfPage":{"@id":"https:\/\/medicinasinc.com\/it\/product\/buy-3f-fenmetrazina\/#primaryimage"},"image":{"@id":"https:\/\/medicinasinc.com\/it\/product\/buy-3f-fenmetrazina\/#primaryimage"},"thumbnailUrl":"https:\/\/medicinasinc.com\/it\/wp-content\/uploads\/sites\/4\/2022\/02\/3fpm.jpg","datePublished":"2022-02-21T21:52:02+00:00","dateModified":"2022-03-17T00:19:02+00:00","description":"ACQUISTA 3-FPM3-FPM in vendita (noto anche come 3-Fluorofenmetrazina, 3F-fenmetrazina e PAL-593) \u00e8 una nuova sostanza stimolante della classe della fenilmorfolina.","breadcrumb":{"@id":"https:\/\/medicinasinc.com\/it\/product\/buy-3f-fenmetrazina\/#breadcrumb"},"inLanguage":"it-IT","potentialAction":[{"@type":"ReadAction","target":["https:\/\/medicinasinc.com\/it\/product\/buy-3f-fenmetrazina\/"]}]},{"@type":"ImageObject","inLanguage":"it-IT","@id":"https:\/\/medicinasinc.com\/it\/product\/buy-3f-fenmetrazina\/#primaryimage","url":"https:\/\/medicinasinc.com\/it\/wp-content\/uploads\/sites\/4\/2022\/02\/3fpm.jpg","contentUrl":"https:\/\/medicinasinc.com\/it\/wp-content\/uploads\/sites\/4\/2022\/02\/3fpm.jpg","width":600,"height":600},{"@type":"BreadcrumbList","@id":"https:\/\/medicinasinc.com\/it\/product\/buy-3f-fenmetrazina\/#breadcrumb","itemListElement":[{"@type":"ListItem","position":1,"name":"Negozio","item":"https:\/\/medicinasinc.com\/it\/negozio\/"},{"@type":"ListItem","position":2,"name":"Acquista 3F-fenmetrazina"}]},{"@type":"WebSite","@id":"https:\/\/medicinasinc.com\/it\/#website","url":"https:\/\/medicinasinc.com\/it\/","name":"Medicinas Inc","description":"Health Medical Clinic","potentialAction":[{"@type":"SearchAction","target":{"@type":"EntryPoint","urlTemplate":"https:\/\/medicinasinc.com\/it\/?s={search_term_string}"},"query-input":{"@type":"PropertyValueSpecification","valueRequired":true,"valueName":"search_term_string"}}],"inLanguage":"it-IT"}]}},"_links":{"self":[{"href":"https:\/\/medicinasinc.com\/it\/wp-json\/wp\/v2\/product\/5366","targetHints":{"allow":["GET"]}}],"collection":[{"href":"https:\/\/medicinasinc.com\/it\/wp-json\/wp\/v2\/product"}],"about":[{"href":"https:\/\/medicinasinc.com\/it\/wp-json\/wp\/v2\/types\/product"}],"replies":[{"embeddable":true,"href":"https:\/\/medicinasinc.com\/it\/wp-json\/wp\/v2\/comments?post=5366"}],"wp:featuredmedia":[{"embeddable":true,"href":"https:\/\/medicinasinc.com\/it\/wp-json\/wp\/v2\/media\/5376"}],"wp:attachment":[{"href":"https:\/\/medicinasinc.com\/it\/wp-json\/wp\/v2\/media?parent=5366"}],"wp:term":[{"taxonomy":"product_brand","embeddable":true,"href":"https:\/\/medicinasinc.com\/it\/wp-json\/wp\/v2\/product_brand?post=5366"},{"taxonomy":"product_cat","embeddable":true,"href":"https:\/\/medicinasinc.com\/it\/wp-json\/wp\/v2\/product_cat?post=5366"},{"taxonomy":"product_tag","embeddable":true,"href":"https:\/\/medicinasinc.com\/it\/wp-json\/wp\/v2\/product_tag?post=5366"}],"curies":[{"name":"wp","href":"https:\/\/api.w.org\/{rel}","templated":true}]}}