{"id":5342,"date":"2022-02-21T21:20:00","date_gmt":"2022-02-21T21:20:00","guid":{"rendered":"https:\/\/medicinasinc.com\/it\/?post_type=product&#038;p=5342"},"modified":"2022-03-17T00:19:21","modified_gmt":"2022-03-17T00:19:21","slug":"buy-3-fmc-3-fluorometcatinone","status":"publish","type":"product","link":"https:\/\/medicinasinc.com\/it\/product\/buy-3-fmc-3-fluorometcatinone\/","title":{"rendered":"Acquista 3-FMC 3-fluorometcatinone"},"content":{"rendered":"<p><strong>Acquista la polvere 3-FMC per scopi di ricerca<\/strong><\/p>\n<p>CONTROLLA IL PRODOTTO CHIMICO IN POLVERE 3-FMC<\/p>\n<p>Acquista il prodotto chimico in polvere 3-FMC alla rinfusa.<\/p>\n<p>Effettua il tuo ordine online oggi.<\/p>\n<p>Prezzi all&#8217;ingrosso bassi garantiti.<\/p>\n<p>La polvere 3-FMC \u00e8 uno stimolante classificato chimicamente come fenetilamina, anfetamina e catinone. \u00c8 l&#8217;isomero strutturale del 4-FMC (Flephedrone) (RS)<\/p>\n<p>-1-(3-Fluorophenyl)<\/p>\n<p>-2-methylaminopropan-1-one<\/p>\n<p>Solo uso reagente<\/p>\n<p>https:\/\/www.bestglobalmeds.com\/product\/research-chemicals\/3-fmc\/<\/p>\n<div class=\"product-next-previous\">\n<div class=\"product-prev\"><\/div><\/div>\n","protected":false},"excerpt":{"rendered":"<p>Acquista 3-FMC Powder Research Chemical in vendita in Europa. Acquista 3-fluoromethcatinone in polvere chimica all&#8217;ingrosso alla rinfusa. Ordina online oggi. Prezzo all&#8217;ingrosso economico garantito.<\/p>\n<p><em>Acquista 3<\/em>&#8211;<em>FMC<\/em>\u00a0Powder UK, Europa. <em>3<\/em>&#8211;<em>FMC<\/em>\u00a0Polvere in vendita, \u00e8 disponibile con il marchio flephedrone \u00e8 una droga sintetica con propriet\u00e0 stimolanti.<\/p>\n","protected":false},"featured_media":5354,"comment_status":"open","ping_status":"closed","template":"","meta":[],"product_brand":[],"product_cat":[2014],"product_tag":[2097,2098,2099,2100],"class_list":{"0":"post-5342","1":"product","2":"type-product","3":"status-publish","4":"has-post-thumbnail","6":"product_cat-compra-ricerca-prodotti-chimici","7":"product_tag-3-fmc-for-sale","8":"product_tag-buy-3-fmc","9":"product_tag-compra-ricerca-prodotti-chimici","10":"product_tag-dove-posso-comprare-3-fmc","12":"first","13":"instock","14":"shipping-taxable","15":"purchasable","16":"product-type-variable","17":"has-default-attributes"},"yoast_head":"<!-- This site is optimized with the Yoast SEO plugin v27.3 - https:\/\/yoast.com\/product\/yoast-seo-wordpress\/ -->\n<title>Acquista 3-FMC 3-fluorometcatinone - I migliori farmaci globali<\/title>\n<meta name=\"description\" content=\"Acquista 3-FMC Powder Research Chemical in vendita Europa. Acquista 3-fluoromethcatinone in polvere chimica all&#039;ingrosso alla rinfusa. Ordina online oggi. Prezzo all&#039;ingrosso economico garantito.\" \/>\n<meta name=\"robots\" content=\"index, follow, max-snippet:-1, max-image-preview:large, max-video-preview:-1\" \/>\n<link rel=\"canonical\" href=\"https:\/\/medicinasinc.com\/it\/product\/buy-3-fmc-3-fluorometcatinone\/\" \/>\n<meta property=\"og:locale\" content=\"it_IT\" \/>\n<meta property=\"og:type\" content=\"article\" \/>\n<meta property=\"og:title\" content=\"Acquista 3-FMC 3-fluorometcatinone - I migliori farmaci globali\" \/>\n<meta property=\"og:description\" content=\"Acquista 3-FMC Powder Research Chemical in vendita Europa. Acquista 3-fluoromethcatinone in polvere chimica all&#039;ingrosso alla rinfusa. Ordina online oggi. Prezzo all&#039;ingrosso economico garantito.\" \/>\n<meta property=\"og:url\" content=\"https:\/\/medicinasinc.com\/it\/product\/buy-3-fmc-3-fluorometcatinone\/\" \/>\n<meta property=\"og:site_name\" content=\"Medicinas Inc\" \/>\n<meta property=\"article:modified_time\" content=\"2022-03-17T00:19:21+00:00\" \/>\n<meta property=\"og:image\" content=\"https:\/\/medicinasinc.com\/it\/wp-content\/uploads\/sites\/4\/2022\/02\/buy-3-FMC.jpg\" \/>\n\t<meta property=\"og:image:width\" content=\"500\" \/>\n\t<meta property=\"og:image:height\" content=\"375\" \/>\n\t<meta property=\"og:image:type\" content=\"image\/jpeg\" \/>\n<meta name=\"twitter:card\" content=\"summary_large_image\" \/>\n<meta name=\"twitter:label1\" content=\"Tempo di lettura stimato\" \/>\n\t<meta name=\"twitter:data1\" content=\"1 minuto\" \/>\n<script type=\"application\/ld+json\" class=\"yoast-schema-graph\">{\"@context\":\"https:\\\/\\\/schema.org\",\"@graph\":[{\"@type\":\"WebPage\",\"@id\":\"https:\\\/\\\/medicinasinc.com\\\/it\\\/product\\\/buy-3-fmc-3-fluorometcatinone\\\/\",\"url\":\"https:\\\/\\\/medicinasinc.com\\\/it\\\/product\\\/buy-3-fmc-3-fluorometcatinone\\\/\",\"name\":\"Acquista 3-FMC 3-fluorometcatinone - I migliori farmaci globali\",\"isPartOf\":{\"@id\":\"https:\\\/\\\/medicinasinc.com\\\/it\\\/#website\"},\"primaryImageOfPage\":{\"@id\":\"https:\\\/\\\/medicinasinc.com\\\/it\\\/product\\\/buy-3-fmc-3-fluorometcatinone\\\/#primaryimage\"},\"image\":{\"@id\":\"https:\\\/\\\/medicinasinc.com\\\/it\\\/product\\\/buy-3-fmc-3-fluorometcatinone\\\/#primaryimage\"},\"thumbnailUrl\":\"https:\\\/\\\/medicinasinc.com\\\/it\\\/wp-content\\\/uploads\\\/sites\\\/4\\\/2022\\\/02\\\/buy-3-FMC.jpg\",\"datePublished\":\"2022-02-21T21:20:00+00:00\",\"dateModified\":\"2022-03-17T00:19:21+00:00\",\"description\":\"Acquista 3-FMC Powder Research Chemical in vendita Europa. Acquista 3-fluoromethcatinone in polvere chimica all'ingrosso alla rinfusa. Ordina online oggi. Prezzo all'ingrosso economico garantito.\",\"breadcrumb\":{\"@id\":\"https:\\\/\\\/medicinasinc.com\\\/it\\\/product\\\/buy-3-fmc-3-fluorometcatinone\\\/#breadcrumb\"},\"inLanguage\":\"it-IT\",\"potentialAction\":[{\"@type\":\"ReadAction\",\"target\":[\"https:\\\/\\\/medicinasinc.com\\\/it\\\/product\\\/buy-3-fmc-3-fluorometcatinone\\\/\"]}]},{\"@type\":\"ImageObject\",\"inLanguage\":\"it-IT\",\"@id\":\"https:\\\/\\\/medicinasinc.com\\\/it\\\/product\\\/buy-3-fmc-3-fluorometcatinone\\\/#primaryimage\",\"url\":\"https:\\\/\\\/medicinasinc.com\\\/it\\\/wp-content\\\/uploads\\\/sites\\\/4\\\/2022\\\/02\\\/buy-3-FMC.jpg\",\"contentUrl\":\"https:\\\/\\\/medicinasinc.com\\\/it\\\/wp-content\\\/uploads\\\/sites\\\/4\\\/2022\\\/02\\\/buy-3-FMC.jpg\",\"width\":500,\"height\":375},{\"@type\":\"BreadcrumbList\",\"@id\":\"https:\\\/\\\/medicinasinc.com\\\/it\\\/product\\\/buy-3-fmc-3-fluorometcatinone\\\/#breadcrumb\",\"itemListElement\":[{\"@type\":\"ListItem\",\"position\":1,\"name\":\"Negozio\",\"item\":\"https:\\\/\\\/medicinasinc.com\\\/it\\\/negozio\\\/\"},{\"@type\":\"ListItem\",\"position\":2,\"name\":\"Acquista 3-FMC 3-fluorometcatinone\"}]},{\"@type\":\"WebSite\",\"@id\":\"https:\\\/\\\/medicinasinc.com\\\/it\\\/#website\",\"url\":\"https:\\\/\\\/medicinasinc.com\\\/it\\\/\",\"name\":\"Medicinas Inc\",\"description\":\"Health Medical Clinic\",\"potentialAction\":[{\"@type\":\"SearchAction\",\"target\":{\"@type\":\"EntryPoint\",\"urlTemplate\":\"https:\\\/\\\/medicinasinc.com\\\/it\\\/?s={search_term_string}\"},\"query-input\":{\"@type\":\"PropertyValueSpecification\",\"valueRequired\":true,\"valueName\":\"search_term_string\"}}],\"inLanguage\":\"it-IT\"}]}<\/script>\n<!-- \/ Yoast SEO plugin. -->","yoast_head_json":{"title":"Acquista 3-FMC 3-fluorometcatinone - I migliori farmaci globali","description":"Acquista 3-FMC Powder Research Chemical in vendita Europa. Acquista 3-fluoromethcatinone in polvere chimica all'ingrosso alla rinfusa. Ordina online oggi. Prezzo all'ingrosso economico garantito.","robots":{"index":"index","follow":"follow","max-snippet":"max-snippet:-1","max-image-preview":"max-image-preview:large","max-video-preview":"max-video-preview:-1"},"canonical":"https:\/\/medicinasinc.com\/it\/product\/buy-3-fmc-3-fluorometcatinone\/","og_locale":"it_IT","og_type":"article","og_title":"Acquista 3-FMC 3-fluorometcatinone - I migliori farmaci globali","og_description":"Acquista 3-FMC Powder Research Chemical in vendita Europa. Acquista 3-fluoromethcatinone in polvere chimica all'ingrosso alla rinfusa. Ordina online oggi. Prezzo all'ingrosso economico garantito.","og_url":"https:\/\/medicinasinc.com\/it\/product\/buy-3-fmc-3-fluorometcatinone\/","og_site_name":"Medicinas Inc","article_modified_time":"2022-03-17T00:19:21+00:00","og_image":[{"width":500,"height":375,"url":"https:\/\/medicinasinc.com\/it\/wp-content\/uploads\/sites\/4\/2022\/02\/buy-3-FMC.jpg","type":"image\/jpeg"}],"twitter_card":"summary_large_image","twitter_misc":{"Tempo di lettura stimato":"1 minuto"},"schema":{"@context":"https:\/\/schema.org","@graph":[{"@type":"WebPage","@id":"https:\/\/medicinasinc.com\/it\/product\/buy-3-fmc-3-fluorometcatinone\/","url":"https:\/\/medicinasinc.com\/it\/product\/buy-3-fmc-3-fluorometcatinone\/","name":"Acquista 3-FMC 3-fluorometcatinone - I migliori farmaci globali","isPartOf":{"@id":"https:\/\/medicinasinc.com\/it\/#website"},"primaryImageOfPage":{"@id":"https:\/\/medicinasinc.com\/it\/product\/buy-3-fmc-3-fluorometcatinone\/#primaryimage"},"image":{"@id":"https:\/\/medicinasinc.com\/it\/product\/buy-3-fmc-3-fluorometcatinone\/#primaryimage"},"thumbnailUrl":"https:\/\/medicinasinc.com\/it\/wp-content\/uploads\/sites\/4\/2022\/02\/buy-3-FMC.jpg","datePublished":"2022-02-21T21:20:00+00:00","dateModified":"2022-03-17T00:19:21+00:00","description":"Acquista 3-FMC Powder Research Chemical in vendita Europa. Acquista 3-fluoromethcatinone in polvere chimica all'ingrosso alla rinfusa. Ordina online oggi. Prezzo all'ingrosso economico garantito.","breadcrumb":{"@id":"https:\/\/medicinasinc.com\/it\/product\/buy-3-fmc-3-fluorometcatinone\/#breadcrumb"},"inLanguage":"it-IT","potentialAction":[{"@type":"ReadAction","target":["https:\/\/medicinasinc.com\/it\/product\/buy-3-fmc-3-fluorometcatinone\/"]}]},{"@type":"ImageObject","inLanguage":"it-IT","@id":"https:\/\/medicinasinc.com\/it\/product\/buy-3-fmc-3-fluorometcatinone\/#primaryimage","url":"https:\/\/medicinasinc.com\/it\/wp-content\/uploads\/sites\/4\/2022\/02\/buy-3-FMC.jpg","contentUrl":"https:\/\/medicinasinc.com\/it\/wp-content\/uploads\/sites\/4\/2022\/02\/buy-3-FMC.jpg","width":500,"height":375},{"@type":"BreadcrumbList","@id":"https:\/\/medicinasinc.com\/it\/product\/buy-3-fmc-3-fluorometcatinone\/#breadcrumb","itemListElement":[{"@type":"ListItem","position":1,"name":"Negozio","item":"https:\/\/medicinasinc.com\/it\/negozio\/"},{"@type":"ListItem","position":2,"name":"Acquista 3-FMC 3-fluorometcatinone"}]},{"@type":"WebSite","@id":"https:\/\/medicinasinc.com\/it\/#website","url":"https:\/\/medicinasinc.com\/it\/","name":"Medicinas Inc","description":"Health Medical Clinic","potentialAction":[{"@type":"SearchAction","target":{"@type":"EntryPoint","urlTemplate":"https:\/\/medicinasinc.com\/it\/?s={search_term_string}"},"query-input":{"@type":"PropertyValueSpecification","valueRequired":true,"valueName":"search_term_string"}}],"inLanguage":"it-IT"}]}},"_links":{"self":[{"href":"https:\/\/medicinasinc.com\/it\/wp-json\/wp\/v2\/product\/5342","targetHints":{"allow":["GET"]}}],"collection":[{"href":"https:\/\/medicinasinc.com\/it\/wp-json\/wp\/v2\/product"}],"about":[{"href":"https:\/\/medicinasinc.com\/it\/wp-json\/wp\/v2\/types\/product"}],"replies":[{"embeddable":true,"href":"https:\/\/medicinasinc.com\/it\/wp-json\/wp\/v2\/comments?post=5342"}],"wp:featuredmedia":[{"embeddable":true,"href":"https:\/\/medicinasinc.com\/it\/wp-json\/wp\/v2\/media\/5354"}],"wp:attachment":[{"href":"https:\/\/medicinasinc.com\/it\/wp-json\/wp\/v2\/media?parent=5342"}],"wp:term":[{"taxonomy":"product_brand","embeddable":true,"href":"https:\/\/medicinasinc.com\/it\/wp-json\/wp\/v2\/product_brand?post=5342"},{"taxonomy":"product_cat","embeddable":true,"href":"https:\/\/medicinasinc.com\/it\/wp-json\/wp\/v2\/product_cat?post=5342"},{"taxonomy":"product_tag","embeddable":true,"href":"https:\/\/medicinasinc.com\/it\/wp-json\/wp\/v2\/product_tag?post=5342"}],"curies":[{"name":"wp","href":"https:\/\/api.w.org\/{rel}","templated":true}]}}