{"id":5341,"date":"2022-02-21T21:16:40","date_gmt":"2022-02-21T21:16:40","guid":{"rendered":"https:\/\/medicinasinc.com\/it\/?post_type=product&#038;p=5341"},"modified":"2022-03-17T00:19:32","modified_gmt":"2022-03-17T00:19:32","slug":"buy-2c-e-research-chemical","status":"publish","type":"product","link":"https:\/\/medicinasinc.com\/it\/product\/buy-2c-e-research-chemical\/","title":{"rendered":"Acquista 2C-E Research Chemical"},"content":{"rendered":"<p>2C-E Research Chemical pu\u00f2 essere acquistato online.<\/p>\n<p>2C-E Research Chemical pu\u00f2 essere acquistato online.<\/p>\n<p>Fornitore di 2c e, 2ce Research Chemical, 2c e buyer, 2c e in vendita<\/p>\n<p>Acquisto online di prodotti chimici di ricerca 2C-E<\/p>\n<p>Alexander Shulgin scopre il farmaco 2C-E e ottiene un ampio seguito.<\/p>\n<p>Acquisto online di Prodotti chimici di ricerca 2C-E<\/p>\n<p>L&#8217;agente chimico 2C-E (viaggio) \u00e8 un membro della famiglia 2C, che comprende anche 2C-I e 2C-H. 2C-E \u00e8 un composto allucinogeno derivato dalla feniletilamina. A seguito di una serie di test di ricerca, ora sappiamo che la dose tipica di 2C-E in polvere per somministrazione intranasale non deve superare i 5 milligrammi. Tuttavia, la dose non deve superare circa 10-20 milligrammi se usata per via orale. \u00c8 stato riferito che dopo circa 10 minuti di inalazione attraverso il naso, si verifica un bruciore significativo. Shulgin si riferisce a 2C-E, insieme alla mescalina, 2C-T-2, 2C-B e 2C-T-7, come la \u00abmezza dozzina magica\u00bb nel suo libro PiHKAL. L&#8217;acquisto online di prodotti chimici di ricerca 2C-E<\/p>\n<p>2C-E ha i seguenti effetti: un&#8217;esplosione di energia, un aumento dell&#8217;inventiva, effetti visivi e un aumento della tattica. Inoltre, ci sono cambiamenti nella coscienza, difficolt\u00e0 di concentrazione, il polso accelera e la temperatura corporea pu\u00f2 aumentare leggermente. Inoltre, 2C-E provoca vertigini, nausea, ipersensibilit\u00e0 al rumore e panico. 2C-E in vendita su Internet<\/p>\n<p>La durata dell&#8217;azione di 2C-E \u00e8 in genere compresa tra 4 e 9 ore. Quando confrontiamo 2C-E con 2C-I durante i test, scopriamo che 2C-E produce impatti visivi e uditivi pi\u00f9 evidenti.<\/p>\n<p>Puoi acquistare 2C-E (viaggio) sul nostro sito Web solo per indagini chimiche e prove di laboratorio; tuttavia, dovresti prima determinare se questa preparazione \u00e8 legale nella tua localit\u00e0. Forniamo materiali di alta qualit\u00e0.<\/p>\n","protected":false},"excerpt":{"rendered":"<p>&nbsp;<\/p>\n<p>Acquista 2C-E Research Chemical in vendita online in Europa, Regno Unito, UE. Acquista 2C-E Research Chemical. 2C-E (4-etil-2,5-dimetossi) sale\/polvere: un&#8217;anfetamina psichedelica.<\/p>\n<p><em>Acquista 2C<\/em>&#8211;<em>E<\/em> Fornitore approvato per la ricerca chimica. Massima purezza, prezzi equi, consegna rapida garantita, politica di rimborso\/restituzione, ottimo servizio clienti.<\/p>\n","protected":false},"featured_media":5352,"comment_status":"open","ping_status":"closed","template":"","meta":[],"product_brand":[],"product_cat":[2014],"product_tag":[2027,2028,2029,2041,2042,2033,2034,2035,2037,2036,2031,2039,2046,2038,2040,2043,2044,2047,2048,2032,2049,2051,2052,2053,2054,2055,2057,2058,2059,2061,2062,2070,2067,2068,2071,2090,2072,2069,2063,2073,2065,2074,2075,2060,2085,2066,2080,2081,2082,2084,2083,2045,2056,2064,2076,2077,2096,2095,2030,2078,2091,2086,2087,2088,2079,2089,2094,2093,2092,2050],"class_list":{"0":"post-5341","1":"product","2":"type-product","3":"status-publish","4":"has-post-thumbnail","6":"product_cat-compra-ricerca-prodotti-chimici","7":"product_tag-2c-e-acquista-online","8":"product_tag-2c-e","9":"product_tag-2c-e-compra","10":"product_tag-2c-e-dose-eroica","11":"product_tag-2c-e--una-fenetilamina-psichedelica-della-famiglia-2c--stata-sintetizzata-per-la-prima-da-alexander-shulgin","12":"product_tag-2c-e-effects","13":"product_tag-2c-e-erfahrung","14":"product_tag-2c-e-erowid","15":"product_tag-2c-e-esperienza","16":"product_tag-2c-e-europa","17":"product_tag-2c-e-farmaco-in-vendita","18":"product_tag-2c-e-for-sale-chemical-element","19":"product_tag-2c-e-online","20":"product_tag-2c-e-in-vendita","21":"product_tag-2c-e-vendita-online","22":"product_tag-2c-e-kaufen","23":"product_tag-2c-e-kopen","24":"product_tag-2c-e-psychonaut","25":"product_tag-2c-e-reddit","26":"product_tag-2c-e-test-antidroga","27":"product_tag-2c-e-sell","28":"product_tag-2c-e-wiki","29":"product_tag-2c-e-wikipedia","30":"product_tag-2c-e-nbome","31":"product_tag-2c-ef-venditore","32":"product_tag-2c-i","33":"product_tag-4-etil-2","34":"product_tag-4-metil-2-5-dimetossiamfetamina","35":"product_tag-5-dimetossi","36":"product_tag-compra-2c-e","37":"product_tag-compra-2c-e-4-etil-2","38":"product_tag-acquista-2c-e-con-consegna-eu-giorno-prossimo","39":"product_tag-buy-2c-e-online-usa","40":"product_tag-buy-2c-e-research-chemical","41":"product_tag-buy-2c-e2c-online-usa","42":"product_tag-acquisto-2c-i","43":"product_tag-compra-2c-i","44":"product_tag-buy-2c-e-research-chemicals-online","45":"product_tag-acquista-2c-e-dosaggio-online","46":"product_tag-comprare-farmaco-allucinogeno-2c-e-online","47":"product_tag-compra-2c-e-tensione-muscolare-online","48":"product_tag-buy-online-2c-e-research-chemicals","49":"product_tag-buy-research-chemicals-nederland-doc-2c-e-online","50":"product_tag-and-other-psychedelics","51":"product_tag-life-boostr-2c-e-rc-vendor","52":"product_tag-buy-2c-e-online","53":"product_tag-come-acquistare-2c-e-online","54":"product_tag-come-acquistare-2c-i","55":"product_tag-come-acquistare-ricerca-prodotti-chimici-online","56":"product_tag-come-prendere-2c-e-research-chemicals","57":"product_tag-come-ottenere-ricerca-sostanze-chimiche","58":"product_tag-2c-e-netherlands-buy-rc","59":"product_tag-2ce-compra","60":"product_tag-compra-2c-farmaco-elettronico","61":"product_tag-dmt","62":"product_tag-dmt-nexus-2c-e","63":"product_tag-dove-acquistare-2c-i","64":"product_tag-dove-posso-comprare-2c-e-online","65":"product_tag-2c-e-farmaco","66":"product_tag-do-ssris-interferiscono-con-i-funghi","67":"product_tag-il-posto-migliore-per-acquistare-2c-i","68":"product_tag-mescalina","69":"product_tag-order-2c-e-online","70":"product_tag-order-2c-i","71":"product_tag-get-2c-e-research-chemical-online","72":"product_tag-prezzo-al-grammo-di-2c-e","73":"product_tag-qual--il-valore-di-strada-di-una-fiala-di-2c-e","74":"product_tag-qual--la-differenza-tra-2c-i-e-2c-e","75":"product_tag-quali-esattamente-sono-gli-effetti-2c-es-e-perch--popolare-tra-le-persone-che-usano-droga","76":"product_tag-2c-e-sintesi","78":"first","79":"instock","80":"shipping-taxable","81":"purchasable","82":"product-type-variable","83":"has-default-attributes"},"yoast_head":"<!-- This site is optimized with the Yoast SEO plugin v27.3 - https:\/\/yoast.com\/product\/yoast-seo-wordpress\/ -->\n<title>Acquista 2C-E Research Chemical - I migliori farmaci globali<\/title>\n<meta name=\"description\" content=\"Acquista 2C-E Research Chemical in vendita online in Europa, Regno Unito, UE. Acquista 2C-E Research Chemical. 2C-E (4-etil-2,5-dimetossi) sale\/polvere: un&#039;anfetamina psichedelica.\" \/>\n<meta name=\"robots\" content=\"index, follow, max-snippet:-1, max-image-preview:large, max-video-preview:-1\" \/>\n<link rel=\"canonical\" href=\"https:\/\/medicinasinc.com\/it\/product\/buy-2c-e-research-chemical\/\" \/>\n<meta property=\"og:locale\" content=\"it_IT\" \/>\n<meta property=\"og:type\" content=\"article\" \/>\n<meta property=\"og:title\" content=\"Acquista 2C-E Research Chemical - I migliori farmaci globali\" \/>\n<meta property=\"og:description\" content=\"Acquista 2C-E Research Chemical in vendita online in Europa, Regno Unito, UE. Acquista 2C-E Research Chemical. 2C-E (4-etil-2,5-dimetossi) sale\/polvere: un&#039;anfetamina psichedelica.\" \/>\n<meta property=\"og:url\" content=\"https:\/\/medicinasinc.com\/it\/product\/buy-2c-e-research-chemical\/\" \/>\n<meta property=\"og:site_name\" content=\"Medicinas Inc\" \/>\n<meta property=\"article:modified_time\" content=\"2022-03-17T00:19:32+00:00\" \/>\n<meta property=\"og:image\" content=\"https:\/\/medicinasinc.com\/it\/wp-content\/uploads\/sites\/4\/2022\/02\/Buy-2C-E.jpg\" \/>\n\t<meta property=\"og:image:width\" content=\"234\" \/>\n\t<meta property=\"og:image:height\" content=\"215\" \/>\n\t<meta property=\"og:image:type\" content=\"image\/jpeg\" \/>\n<meta name=\"twitter:card\" content=\"summary_large_image\" \/>\n<meta name=\"twitter:label1\" content=\"Tempo di lettura stimato\" \/>\n\t<meta name=\"twitter:data1\" content=\"2 minuti\" \/>\n<script type=\"application\/ld+json\" class=\"yoast-schema-graph\">{\"@context\":\"https:\\\/\\\/schema.org\",\"@graph\":[{\"@type\":\"WebPage\",\"@id\":\"https:\\\/\\\/medicinasinc.com\\\/it\\\/product\\\/buy-2c-e-research-chemical\\\/\",\"url\":\"https:\\\/\\\/medicinasinc.com\\\/it\\\/product\\\/buy-2c-e-research-chemical\\\/\",\"name\":\"Acquista 2C-E Research Chemical - I migliori farmaci globali\",\"isPartOf\":{\"@id\":\"https:\\\/\\\/medicinasinc.com\\\/it\\\/#website\"},\"primaryImageOfPage\":{\"@id\":\"https:\\\/\\\/medicinasinc.com\\\/it\\\/product\\\/buy-2c-e-research-chemical\\\/#primaryimage\"},\"image\":{\"@id\":\"https:\\\/\\\/medicinasinc.com\\\/it\\\/product\\\/buy-2c-e-research-chemical\\\/#primaryimage\"},\"thumbnailUrl\":\"https:\\\/\\\/medicinasinc.com\\\/it\\\/wp-content\\\/uploads\\\/sites\\\/4\\\/2022\\\/02\\\/Buy-2C-E.jpg\",\"datePublished\":\"2022-02-21T21:16:40+00:00\",\"dateModified\":\"2022-03-17T00:19:32+00:00\",\"description\":\"Acquista 2C-E Research Chemical in vendita online in Europa, Regno Unito, UE. Acquista 2C-E Research Chemical. 2C-E (4-etil-2,5-dimetossi) sale\\\/polvere: un'anfetamina psichedelica.\",\"breadcrumb\":{\"@id\":\"https:\\\/\\\/medicinasinc.com\\\/it\\\/product\\\/buy-2c-e-research-chemical\\\/#breadcrumb\"},\"inLanguage\":\"it-IT\",\"potentialAction\":[{\"@type\":\"ReadAction\",\"target\":[\"https:\\\/\\\/medicinasinc.com\\\/it\\\/product\\\/buy-2c-e-research-chemical\\\/\"]}]},{\"@type\":\"ImageObject\",\"inLanguage\":\"it-IT\",\"@id\":\"https:\\\/\\\/medicinasinc.com\\\/it\\\/product\\\/buy-2c-e-research-chemical\\\/#primaryimage\",\"url\":\"https:\\\/\\\/medicinasinc.com\\\/it\\\/wp-content\\\/uploads\\\/sites\\\/4\\\/2022\\\/02\\\/Buy-2C-E.jpg\",\"contentUrl\":\"https:\\\/\\\/medicinasinc.com\\\/it\\\/wp-content\\\/uploads\\\/sites\\\/4\\\/2022\\\/02\\\/Buy-2C-E.jpg\",\"width\":234,\"height\":215},{\"@type\":\"BreadcrumbList\",\"@id\":\"https:\\\/\\\/medicinasinc.com\\\/it\\\/product\\\/buy-2c-e-research-chemical\\\/#breadcrumb\",\"itemListElement\":[{\"@type\":\"ListItem\",\"position\":1,\"name\":\"Negozio\",\"item\":\"https:\\\/\\\/medicinasinc.com\\\/it\\\/negozio\\\/\"},{\"@type\":\"ListItem\",\"position\":2,\"name\":\"Acquista 2C-E Research Chemical\"}]},{\"@type\":\"WebSite\",\"@id\":\"https:\\\/\\\/medicinasinc.com\\\/it\\\/#website\",\"url\":\"https:\\\/\\\/medicinasinc.com\\\/it\\\/\",\"name\":\"Medicinas Inc\",\"description\":\"Health Medical Clinic\",\"potentialAction\":[{\"@type\":\"SearchAction\",\"target\":{\"@type\":\"EntryPoint\",\"urlTemplate\":\"https:\\\/\\\/medicinasinc.com\\\/it\\\/?s={search_term_string}\"},\"query-input\":{\"@type\":\"PropertyValueSpecification\",\"valueRequired\":true,\"valueName\":\"search_term_string\"}}],\"inLanguage\":\"it-IT\"}]}<\/script>\n<!-- \/ Yoast SEO plugin. -->","yoast_head_json":{"title":"Acquista 2C-E Research Chemical - I migliori farmaci globali","description":"Acquista 2C-E Research Chemical in vendita online in Europa, Regno Unito, UE. Acquista 2C-E Research Chemical. 2C-E (4-etil-2,5-dimetossi) sale\/polvere: un'anfetamina psichedelica.","robots":{"index":"index","follow":"follow","max-snippet":"max-snippet:-1","max-image-preview":"max-image-preview:large","max-video-preview":"max-video-preview:-1"},"canonical":"https:\/\/medicinasinc.com\/it\/product\/buy-2c-e-research-chemical\/","og_locale":"it_IT","og_type":"article","og_title":"Acquista 2C-E Research Chemical - I migliori farmaci globali","og_description":"Acquista 2C-E Research Chemical in vendita online in Europa, Regno Unito, UE. Acquista 2C-E Research Chemical. 2C-E (4-etil-2,5-dimetossi) sale\/polvere: un'anfetamina psichedelica.","og_url":"https:\/\/medicinasinc.com\/it\/product\/buy-2c-e-research-chemical\/","og_site_name":"Medicinas Inc","article_modified_time":"2022-03-17T00:19:32+00:00","og_image":[{"width":234,"height":215,"url":"https:\/\/medicinasinc.com\/it\/wp-content\/uploads\/sites\/4\/2022\/02\/Buy-2C-E.jpg","type":"image\/jpeg"}],"twitter_card":"summary_large_image","twitter_misc":{"Tempo di lettura stimato":"2 minuti"},"schema":{"@context":"https:\/\/schema.org","@graph":[{"@type":"WebPage","@id":"https:\/\/medicinasinc.com\/it\/product\/buy-2c-e-research-chemical\/","url":"https:\/\/medicinasinc.com\/it\/product\/buy-2c-e-research-chemical\/","name":"Acquista 2C-E Research Chemical - I migliori farmaci globali","isPartOf":{"@id":"https:\/\/medicinasinc.com\/it\/#website"},"primaryImageOfPage":{"@id":"https:\/\/medicinasinc.com\/it\/product\/buy-2c-e-research-chemical\/#primaryimage"},"image":{"@id":"https:\/\/medicinasinc.com\/it\/product\/buy-2c-e-research-chemical\/#primaryimage"},"thumbnailUrl":"https:\/\/medicinasinc.com\/it\/wp-content\/uploads\/sites\/4\/2022\/02\/Buy-2C-E.jpg","datePublished":"2022-02-21T21:16:40+00:00","dateModified":"2022-03-17T00:19:32+00:00","description":"Acquista 2C-E Research Chemical in vendita online in Europa, Regno Unito, UE. Acquista 2C-E Research Chemical. 2C-E (4-etil-2,5-dimetossi) sale\/polvere: un'anfetamina psichedelica.","breadcrumb":{"@id":"https:\/\/medicinasinc.com\/it\/product\/buy-2c-e-research-chemical\/#breadcrumb"},"inLanguage":"it-IT","potentialAction":[{"@type":"ReadAction","target":["https:\/\/medicinasinc.com\/it\/product\/buy-2c-e-research-chemical\/"]}]},{"@type":"ImageObject","inLanguage":"it-IT","@id":"https:\/\/medicinasinc.com\/it\/product\/buy-2c-e-research-chemical\/#primaryimage","url":"https:\/\/medicinasinc.com\/it\/wp-content\/uploads\/sites\/4\/2022\/02\/Buy-2C-E.jpg","contentUrl":"https:\/\/medicinasinc.com\/it\/wp-content\/uploads\/sites\/4\/2022\/02\/Buy-2C-E.jpg","width":234,"height":215},{"@type":"BreadcrumbList","@id":"https:\/\/medicinasinc.com\/it\/product\/buy-2c-e-research-chemical\/#breadcrumb","itemListElement":[{"@type":"ListItem","position":1,"name":"Negozio","item":"https:\/\/medicinasinc.com\/it\/negozio\/"},{"@type":"ListItem","position":2,"name":"Acquista 2C-E Research Chemical"}]},{"@type":"WebSite","@id":"https:\/\/medicinasinc.com\/it\/#website","url":"https:\/\/medicinasinc.com\/it\/","name":"Medicinas Inc","description":"Health Medical Clinic","potentialAction":[{"@type":"SearchAction","target":{"@type":"EntryPoint","urlTemplate":"https:\/\/medicinasinc.com\/it\/?s={search_term_string}"},"query-input":{"@type":"PropertyValueSpecification","valueRequired":true,"valueName":"search_term_string"}}],"inLanguage":"it-IT"}]}},"_links":{"self":[{"href":"https:\/\/medicinasinc.com\/it\/wp-json\/wp\/v2\/product\/5341","targetHints":{"allow":["GET"]}}],"collection":[{"href":"https:\/\/medicinasinc.com\/it\/wp-json\/wp\/v2\/product"}],"about":[{"href":"https:\/\/medicinasinc.com\/it\/wp-json\/wp\/v2\/types\/product"}],"replies":[{"embeddable":true,"href":"https:\/\/medicinasinc.com\/it\/wp-json\/wp\/v2\/comments?post=5341"}],"wp:featuredmedia":[{"embeddable":true,"href":"https:\/\/medicinasinc.com\/it\/wp-json\/wp\/v2\/media\/5352"}],"wp:attachment":[{"href":"https:\/\/medicinasinc.com\/it\/wp-json\/wp\/v2\/media?parent=5341"}],"wp:term":[{"taxonomy":"product_brand","embeddable":true,"href":"https:\/\/medicinasinc.com\/it\/wp-json\/wp\/v2\/product_brand?post=5341"},{"taxonomy":"product_cat","embeddable":true,"href":"https:\/\/medicinasinc.com\/it\/wp-json\/wp\/v2\/product_cat?post=5341"},{"taxonomy":"product_tag","embeddable":true,"href":"https:\/\/medicinasinc.com\/it\/wp-json\/wp\/v2\/product_tag?post=5341"}],"curies":[{"name":"wp","href":"https:\/\/api.w.org\/{rel}","templated":true}]}}