{"id":5324,"date":"2022-02-21T20:59:08","date_gmt":"2022-02-21T20:59:08","guid":{"rendered":"https:\/\/medicinasinc.com\/it\/?post_type=product&#038;p=5324"},"modified":"2022-03-17T00:20:03","modified_gmt":"2022-03-17T00:20:03","slug":"compra-vicodin","status":"publish","type":"product","link":"https:\/\/medicinasinc.com\/it\/product\/compra-vicodin\/","title":{"rendered":"Compra Vicodin"},"content":{"rendered":"<p>Acquisto online di pillole di idrocodone Vicodin<\/p>\n<p>VICODIN\u00ae (compresse di idrocodone bitartrato e acetaminofene, USP 5 mg\/300 mg): una o due compresse ogni quattro o sei ore secondo necessit\u00e0 per il dolore negli adulti. La dose massima giornaliera non deve superare le otto compresse.<\/p>\n<p>Acquisto online di pillole di idrocodone Vicodin<br \/> Acquista Vicodin online<\/p>\n<p>Vicodin contiene una combinazione di idrocodone e paracetamolo. L&#8217;idrocodone \u00e8 un farmaco antidolorifico oppioide. Spesso gli oppioidi sono chiamati narcotici. Il paracetamolo \u00e8 un analgesico meno potente che potenzia gli effetti dell&#8217;idrocodone. Vicodin pu\u00f2 essere acquistato online e vicodin \u00e8 disponibile anche per la vendita online. Le pillole di Vicodin sono usate per trattare il dolore da lieve a moderatamente grave. Vicodin pu\u00f2 anche essere incluso per l&#8217;uso non indicato in questa guida ai farmaci.<\/p>\n<p>Utilizzo<\/p>\n<p>Il farmaco combinato \u00e8 destinato al trattamento del dolore da lieve a moderatamente grave. Questo d\u00e0 sollievo dal dolore tramite morfina (idrocodone) e non oppioidi (paracetamolo). L&#8217;idrocodone altera la percezione e la risposta del tuo corpo al dolore all&#8217;interno del cervello. Il paracetamolo pu\u00f2 anche aiutare a ridurre la gravit\u00e0 della febbre. Il medicinale non \u00e8 consentito ai bambini di et\u00e0 inferiore ai sei anni a causa di un aumentato rischio di effetti avversi (come respirazione lenta e superficiale).<\/p>\n<p>Qual \u200b\u200b\u00e8 lo scopo di questo farmaco?<\/p>\n<p>L&#8217;idrocodone \u00e8 combinato con altre sostanze chimiche e, per varie indicazioni, vengono somministrati numerosi farmaci combinati. Alcuni medicinali combinati di idrocodone sono usati per trattare il dolore da lieve a grave. Altri farmaci contenenti una combinazione di idrocodone vengono utilizzati per ridurre la tosse. L&#8217;idrocodone \u00e8 un antidolorifico oppioide (narcotico) e una famiglia di farmaci noti come antitosse. L&#8217;idrocodone allevia il dolore modificando la risposta del cervello e del sistema nervoso al dolore. L&#8217;idrocodone allevia la tosse inibendo l&#8217;attivit\u00e0 cerebrale associata alla tosse. Stai assumendo idrocodone in combinazione con almeno un altro farmaco, ma la monografia offre solo informazioni sull&#8217;idrocodone. Leggi le sostanze aggiuntive nel farmaco a base di idrocodone che stai assumendo.<\/p>\n<p>Come utilizzare?<\/p>\n<p>I prodotti combinati di idrocodone sono disponibili nelle seguenti forme: pillola, gel, pasta, soluzione ( chiarificazione del liquido), gel a rilascio prolungato (ad azione prolungata) e sospensione suspense (liquida) ad azione prolungata per somministrazione orale. La compressa, la capsula, lo sciroppo o la soluzione possono essere assunte ogni 4-6 ore secondo necessit\u00e0. Normalmente, ogni 12 ore, vengono assunte capsule a rilascio prolungato e sospensioni a rilascio prolungato secondo necessit\u00e0. Se assumi regolarmente idrocodone, dovrebbe essere assunto alla stessa ora ogni giorno. Seguire attentamente le indicazioni sull&#8217;etichetta della prescrizione e ottenere chiarimenti dal farmacista o dal medico, se necessario. Agitare bene la sospensione a scarica prolungata prima dell&#8217;uso per assicurarsi che la sostanza sia distribuita uniformemente. Si sconsiglia di combinare la sospensione a rilascio prolungato con altre sostanze o liquidi, come l&#8217;acqua.<\/p>\n<p>Se si utilizza una combinazione di idrocodone, uno sciroppo o una sospensione a rilascio prolungato, non utilizzare una tazza da t\u00e8 domestica per misura la tua dose. I cucchiaini da t\u00e8 domestici non sono strumenti di misurazione accurati e se controlli le tue dosi usando un cucchiaino domestico, rischi di assumere troppe o troppo poche pillole. Piuttosto, usa un dispositivo di misurazione ben definito, come un contagocce, un cucchiaio di medicina o una siringa orale.<\/p>\n<p>Questo medicinale combinato \u00e8 usato per trattare il dolore che va da lieve a grave. Comprende un analgesico oppioide (idrocodone) e un analgesico non oppioide (paracetamolo). L&#8217;idrocodone altera il modo in cui il tuo corpo percepisce e risponde al dolore agendo sul cervello. Il paracetamolo pu\u00f2 anche aiutare a ridurre la febbre.<\/p>\n<p>Questo prodotto non \u00e8 consigliato ai bambini di et\u00e0 inferiore ai sei anni a causa di un aumentato rischio di gravi effetti avversi (come respirazione superficiale\/lenta).<\/p>\n<p>L&#8217;idrocodone \u00e8 vicodin?, L&#8217;idrocodone \u00e8 vicodin?, L&#8217;idrocodone \u00e8 vicodin?, L&#8217;idrocodone \u00e8 vicodin?, L&#8217;idrocodone \u00e8 vicodin?, L&#8217;idrocodone \u00e8 vicodin?, L&#8217;idrocodone \u00e8 vicodin?, L&#8217;idrocodone \u00e8 vicodin?, L&#8217;idrocodone \u00e8 vicodin? \u00e8 vicodin idrocodone, \u00e8 vicodin idrocodone, \u00e8 vicodin idrocodone, \u00e8 vicodin idrocodone, \u00e8 vicodin idrocodone, \u00e8 vicodin idrocodone, \u00e8 idrocodone uguale a vicodin, qual \u00e8 la differenza tra vicodin e idrocodone, qual \u00e8 la differenza tra vicodin e idrocodone, vicodin vs idrocodone Il vicodin e l&#8217;idrocodone sono intercambiabili? l&#8217;idrocodone \u00e8 equivalente a vicodin o percocet? Il vicodin \u00e8 pi\u00f9 forte dell&#8217;idrocodone? L&#8217;idrocodone e il vicodin sono la stessa cosa? Qual \u00e8 la differenza tra vicodin e idrocodone, idrocodone e vicodin, vicodin idrocodone, idrocodone \u00e8 uguale a vicodin, vicodin \u00e8 uguale a idrocodone, idrocodone o vicodin, vicodin contro idrocodone, idrocodone vicodin?<\/p>\n","protected":false},"excerpt":{"rendered":"<div class=\"woocommerce-product-details__short-description\">\n<p>Ogni compressa di Vicodin contiene 300 mg di acetaminofene e tre diversi livelli di dose di idrocodone: 5 mg, 7,5 mg e 10 mg.<\/p>\n<p>Online farmacia dove \u00e8 possibile acquistare compresse di idrocodone Vicodin.<\/p>\n<p>Informare il medico o il farmacista prima di assumere questo farmaco se si \u00e8 allergici ad esso; o a qualsiasi altro narcotico (come morfina, codeina); o a qualsiasi altro farmaco.<\/p>\n<\/p><\/div>\n","protected":false},"featured_media":5335,"comment_status":"open","ping_status":"closed","template":"","meta":[],"product_brand":[],"product_cat":[1117],"product_tag":[1916,1917,1918,1919,1920,1923,1969,1970,1924,1925,1926,1987,2010,2008,1935,1922,1921,2012,2011,2009,1927,1928,1929,1968,1977,1978,1997,1944,1943,1952,1998,1930,1981,1931,1980,1979,1932,1933,1940,1951,1941,1942,1934,1985,1946,1947,1948,1949,1938,1937,1950,1778,1994,1995,1993,1996,1999,2013,1936,1939,2006,1954,1953,1992,1955,1956,2000,1957,1958,1959,1961,1962,1963,1964,1965,1966,1967,1974,1975,1976,1982,1971,1972,1973,1984,1986,1988,1990,1989,1945,1991,1983,2003,2001,2002,1787,2004,2005,2007,1960],"class_list":{"0":"post-5324","1":"product","2":"type-product","3":"status-publish","4":"has-post-thumbnail","6":"product_cat-comprare-pillole-sesso-dolore-per-dormire","7":"product_tag-1p466-vicodin","8":"product_tag-20-mg-vicodin","9":"product_tag-2172-pillola-vicodin","10":"product_tag-5-325-vicodin","11":"product_tag-5-mg-vicodin","12":"product_tag-compra-vicodin-online","13":"product_tag-vicodin-alcool","14":"product_tag-vicodin-alternative","15":"product_tag-buy-vicodin-overnight-delivery","16":"product_tag-can-you-take-advil-with-vicodin","17":"product_tag-can-you-take-vicodin-and-ibuprofen-together","18":"product_tag-vicodin-house","19":"product_tag-che-aspetto-ha-il-vicodin","20":"product_tag-che-aspetto-ha-una-pillola-vicodin","21":"product_tag-come-si-scrive-vicodin","22":"product_tag-compra-vicodin-dal-canada","23":"product_tag-compra-vicodin","24":"product_tag-cos-vicodin","25":"product_tag-cosa--in-vicodin","26":"product_tag-cosa-fa-vicodin","27":"product_tag-cwe-vicodin","28":"product_tag-darvocet-contro-vicodin","29":"product_tag-difference-between-norco-and-vicodin","30":"product_tag-vicodin-dipendenza","31":"product_tag-vicodin-dose","32":"product_tag-dosi-di-vicodin","33":"product_tag-vicodin-shelf-life","34":"product_tag--vicodin-un-oppioide","35":"product_tag--percocet-pi-forte-del-vicodin","36":"product_tag-effetti-collaterali-del-vicodin","37":"product_tag-vicodin-effetti-collaterali","38":"product_tag-effetti-del-vicodin","39":"product_tag-effetti-vicodin","40":"product_tag-erowid-vicodin","41":"product_tag-farmaci-vicodin","42":"product_tag-vicodin-droga","43":"product_tag-flexeril-e-vicodin","44":"product_tag-gabapentin-e-vicodin","45":"product_tag-idrocodone-vicodin","46":"product_tag-immagini-di-vicodin","47":"product_tag-ip-109-pillola-vicodin","48":"product_tag-is-hydrocodone-vicodin","49":"product_tag-nome-generico-per-vicodin","50":"product_tag-vicodin-nome-generico","51":"product_tag-norco-5-325-vs-vicodin","52":"product_tag-norco-vicodin","53":"product_tag-norco-contro-vicodin","54":"product_tag-ossicodone-vs-vicodin","55":"product_tag-per-quanto-tempo-vicodin-rimane-nel-tuo-sistema-per-un-test-antidroga","56":"product_tag-per-quanto-tempo-vicodin-rimane-nel-tuo-sistema","57":"product_tag-percocet-and-vicodin","58":"product_tag-percocet-contro-vicodin","59":"product_tag-vicodin-pillola","60":"product_tag-pillole-di-vicodin","61":"product_tag-vicodin-pillole-dolorifiche","62":"product_tag-vicodin-programma","63":"product_tag-vicodin-forze","64":"product_tag-qual--la-differenza-tra-vicodin-e-percocet","65":"product_tag-quanto-dura-vicodin","66":"product_tag-quanto-tempo-impiega-il-vicodin-a-lavorare","67":"product_tag-vicodin-ritiro","68":"product_tag-sintomi-di-astinenza-vicodin","69":"product_tag-snorting-vicodin","70":"product_tag-overdose-di-vicodin","71":"product_tag-tramadol-hcl-50mg-vs-vicodin","72":"product_tag-tramadolo-vs-vicodin","73":"product_tag-vicodin-usi","74":"product_tag-vicodin","75":"product_tag-vicodin-10","76":"product_tag-vicodin-10-milligrammi","77":"product_tag-vicodin-30-mg","78":"product_tag-vicodin-5","79":"product_tag-vicodin-5-300","80":"product_tag-vicodin-5-300-mg","81":"product_tag-vicodin-5-325-mg","82":"product_tag-vicodin-7-5","83":"product_tag-vicodin-750","84":"product_tag-vicodin-and-xanax","85":"product_tag-vicodin-dosage","86":"product_tag-vicodin-dosage-5-325","87":"product_tag-vicodin-es","88":"product_tag-vicodin-and-advil","89":"product_tag-vicodin-e-alcol","90":"product_tag-vicodin-e-oxycontin-sono-esempi-di","91":"product_tag-vicodin-generico","92":"product_tag-vicodin-high","93":"product_tag-vicodin-hp","94":"product_tag-vicodin-online","95":"product_tag-vicodin-messico","96":"product_tag-naturale-vicodin","97":"product_tag-vicodin-online-pernottamento","98":"product_tag-vicodin-per-emicrania","99":"product_tag-vicodin-vs-codeina","100":"product_tag-vicodin-vs-norco","101":"product_tag-vicodin-vs-ossicodone","102":"product_tag-vicodin-vs-percocet","103":"product_tag-vicodin-vs-tramadol","104":"product_tag-vicodin-vs-tylenol-3","105":"product_tag-vicodin-xanax","106":"product_tag-vicodin-10-mg","108":"first","109":"instock","110":"shipping-taxable","111":"purchasable","112":"product-type-variable","113":"has-default-attributes"},"yoast_head":"<!-- This site is optimized with the Yoast SEO plugin v27.3 - https:\/\/yoast.com\/product\/yoast-seo-wordpress\/ -->\n<title>Acquista online le pillole di idrocodone Vicodin - Best Global Meds<\/title>\n<meta name=\"description\" content=\"Acquista online le pillole di idrocodone Vicodin. Ogni compressa di Vicodin contiene 300 mg di acetaminofene ed \u00e8 disponibile in tre diversi livelli di dosaggio di idrocodone: 5 mg, 7,5 mg e 10 mg.\" \/>\n<meta name=\"robots\" content=\"index, follow, max-snippet:-1, max-image-preview:large, max-video-preview:-1\" \/>\n<link rel=\"canonical\" href=\"https:\/\/medicinasinc.com\/it\/product\/compra-vicodin\/\" \/>\n<meta property=\"og:locale\" content=\"it_IT\" \/>\n<meta property=\"og:type\" content=\"article\" \/>\n<meta property=\"og:title\" content=\"Acquista online le pillole di idrocodone Vicodin - Best Global Meds\" \/>\n<meta property=\"og:description\" content=\"Acquista online le pillole di idrocodone Vicodin. Ogni compressa di Vicodin contiene 300 mg di acetaminofene ed \u00e8 disponibile in tre diversi livelli di dosaggio di idrocodone: 5 mg, 7,5 mg e 10 mg.\" \/>\n<meta property=\"og:url\" content=\"https:\/\/medicinasinc.com\/it\/product\/compra-vicodin\/\" \/>\n<meta property=\"og:site_name\" content=\"Medicinas Inc\" \/>\n<meta property=\"article:modified_time\" content=\"2022-03-17T00:20:03+00:00\" \/>\n<meta property=\"og:image\" content=\"https:\/\/medicinasinc.com\/it\/wp-content\/uploads\/sites\/4\/2022\/02\/Buy-Vicodin.jpg\" \/>\n\t<meta property=\"og:image:width\" content=\"428\" \/>\n\t<meta property=\"og:image:height\" content=\"293\" \/>\n\t<meta property=\"og:image:type\" content=\"image\/jpeg\" \/>\n<meta name=\"twitter:card\" content=\"summary_large_image\" \/>\n<meta name=\"twitter:label1\" content=\"Tempo di lettura stimato\" \/>\n\t<meta name=\"twitter:data1\" content=\"4 minuti\" \/>\n<script type=\"application\/ld+json\" class=\"yoast-schema-graph\">{\"@context\":\"https:\\\/\\\/schema.org\",\"@graph\":[{\"@type\":\"WebPage\",\"@id\":\"https:\\\/\\\/medicinasinc.com\\\/it\\\/product\\\/compra-vicodin\\\/\",\"url\":\"https:\\\/\\\/medicinasinc.com\\\/it\\\/product\\\/compra-vicodin\\\/\",\"name\":\"Acquista online le pillole di idrocodone Vicodin - Best Global Meds\",\"isPartOf\":{\"@id\":\"https:\\\/\\\/medicinasinc.com\\\/it\\\/#website\"},\"primaryImageOfPage\":{\"@id\":\"https:\\\/\\\/medicinasinc.com\\\/it\\\/product\\\/compra-vicodin\\\/#primaryimage\"},\"image\":{\"@id\":\"https:\\\/\\\/medicinasinc.com\\\/it\\\/product\\\/compra-vicodin\\\/#primaryimage\"},\"thumbnailUrl\":\"https:\\\/\\\/medicinasinc.com\\\/it\\\/wp-content\\\/uploads\\\/sites\\\/4\\\/2022\\\/02\\\/Buy-Vicodin.jpg\",\"datePublished\":\"2022-02-21T20:59:08+00:00\",\"dateModified\":\"2022-03-17T00:20:03+00:00\",\"description\":\"Acquista online le pillole di idrocodone Vicodin. Ogni compressa di Vicodin contiene 300 mg di acetaminofene ed \u00e8 disponibile in tre diversi livelli di dosaggio di idrocodone: 5 mg, 7,5 mg e 10 mg.\",\"breadcrumb\":{\"@id\":\"https:\\\/\\\/medicinasinc.com\\\/it\\\/product\\\/compra-vicodin\\\/#breadcrumb\"},\"inLanguage\":\"it-IT\",\"potentialAction\":[{\"@type\":\"ReadAction\",\"target\":[\"https:\\\/\\\/medicinasinc.com\\\/it\\\/product\\\/compra-vicodin\\\/\"]}]},{\"@type\":\"ImageObject\",\"inLanguage\":\"it-IT\",\"@id\":\"https:\\\/\\\/medicinasinc.com\\\/it\\\/product\\\/compra-vicodin\\\/#primaryimage\",\"url\":\"https:\\\/\\\/medicinasinc.com\\\/it\\\/wp-content\\\/uploads\\\/sites\\\/4\\\/2022\\\/02\\\/Buy-Vicodin.jpg\",\"contentUrl\":\"https:\\\/\\\/medicinasinc.com\\\/it\\\/wp-content\\\/uploads\\\/sites\\\/4\\\/2022\\\/02\\\/Buy-Vicodin.jpg\",\"width\":428,\"height\":293},{\"@type\":\"BreadcrumbList\",\"@id\":\"https:\\\/\\\/medicinasinc.com\\\/it\\\/product\\\/compra-vicodin\\\/#breadcrumb\",\"itemListElement\":[{\"@type\":\"ListItem\",\"position\":1,\"name\":\"Negozio\",\"item\":\"https:\\\/\\\/medicinasinc.com\\\/it\\\/negozio\\\/\"},{\"@type\":\"ListItem\",\"position\":2,\"name\":\"Compra Vicodin\"}]},{\"@type\":\"WebSite\",\"@id\":\"https:\\\/\\\/medicinasinc.com\\\/it\\\/#website\",\"url\":\"https:\\\/\\\/medicinasinc.com\\\/it\\\/\",\"name\":\"Medicinas Inc\",\"description\":\"Health Medical Clinic\",\"potentialAction\":[{\"@type\":\"SearchAction\",\"target\":{\"@type\":\"EntryPoint\",\"urlTemplate\":\"https:\\\/\\\/medicinasinc.com\\\/it\\\/?s={search_term_string}\"},\"query-input\":{\"@type\":\"PropertyValueSpecification\",\"valueRequired\":true,\"valueName\":\"search_term_string\"}}],\"inLanguage\":\"it-IT\"}]}<\/script>\n<!-- \/ Yoast SEO plugin. -->","yoast_head_json":{"title":"Acquista online le pillole di idrocodone Vicodin - Best Global Meds","description":"Acquista online le pillole di idrocodone Vicodin. Ogni compressa di Vicodin contiene 300 mg di acetaminofene ed \u00e8 disponibile in tre diversi livelli di dosaggio di idrocodone: 5 mg, 7,5 mg e 10 mg.","robots":{"index":"index","follow":"follow","max-snippet":"max-snippet:-1","max-image-preview":"max-image-preview:large","max-video-preview":"max-video-preview:-1"},"canonical":"https:\/\/medicinasinc.com\/it\/product\/compra-vicodin\/","og_locale":"it_IT","og_type":"article","og_title":"Acquista online le pillole di idrocodone Vicodin - Best Global Meds","og_description":"Acquista online le pillole di idrocodone Vicodin. Ogni compressa di Vicodin contiene 300 mg di acetaminofene ed \u00e8 disponibile in tre diversi livelli di dosaggio di idrocodone: 5 mg, 7,5 mg e 10 mg.","og_url":"https:\/\/medicinasinc.com\/it\/product\/compra-vicodin\/","og_site_name":"Medicinas Inc","article_modified_time":"2022-03-17T00:20:03+00:00","og_image":[{"width":428,"height":293,"url":"https:\/\/medicinasinc.com\/it\/wp-content\/uploads\/sites\/4\/2022\/02\/Buy-Vicodin.jpg","type":"image\/jpeg"}],"twitter_card":"summary_large_image","twitter_misc":{"Tempo di lettura stimato":"4 minuti"},"schema":{"@context":"https:\/\/schema.org","@graph":[{"@type":"WebPage","@id":"https:\/\/medicinasinc.com\/it\/product\/compra-vicodin\/","url":"https:\/\/medicinasinc.com\/it\/product\/compra-vicodin\/","name":"Acquista online le pillole di idrocodone Vicodin - Best Global Meds","isPartOf":{"@id":"https:\/\/medicinasinc.com\/it\/#website"},"primaryImageOfPage":{"@id":"https:\/\/medicinasinc.com\/it\/product\/compra-vicodin\/#primaryimage"},"image":{"@id":"https:\/\/medicinasinc.com\/it\/product\/compra-vicodin\/#primaryimage"},"thumbnailUrl":"https:\/\/medicinasinc.com\/it\/wp-content\/uploads\/sites\/4\/2022\/02\/Buy-Vicodin.jpg","datePublished":"2022-02-21T20:59:08+00:00","dateModified":"2022-03-17T00:20:03+00:00","description":"Acquista online le pillole di idrocodone Vicodin. Ogni compressa di Vicodin contiene 300 mg di acetaminofene ed \u00e8 disponibile in tre diversi livelli di dosaggio di idrocodone: 5 mg, 7,5 mg e 10 mg.","breadcrumb":{"@id":"https:\/\/medicinasinc.com\/it\/product\/compra-vicodin\/#breadcrumb"},"inLanguage":"it-IT","potentialAction":[{"@type":"ReadAction","target":["https:\/\/medicinasinc.com\/it\/product\/compra-vicodin\/"]}]},{"@type":"ImageObject","inLanguage":"it-IT","@id":"https:\/\/medicinasinc.com\/it\/product\/compra-vicodin\/#primaryimage","url":"https:\/\/medicinasinc.com\/it\/wp-content\/uploads\/sites\/4\/2022\/02\/Buy-Vicodin.jpg","contentUrl":"https:\/\/medicinasinc.com\/it\/wp-content\/uploads\/sites\/4\/2022\/02\/Buy-Vicodin.jpg","width":428,"height":293},{"@type":"BreadcrumbList","@id":"https:\/\/medicinasinc.com\/it\/product\/compra-vicodin\/#breadcrumb","itemListElement":[{"@type":"ListItem","position":1,"name":"Negozio","item":"https:\/\/medicinasinc.com\/it\/negozio\/"},{"@type":"ListItem","position":2,"name":"Compra Vicodin"}]},{"@type":"WebSite","@id":"https:\/\/medicinasinc.com\/it\/#website","url":"https:\/\/medicinasinc.com\/it\/","name":"Medicinas Inc","description":"Health Medical Clinic","potentialAction":[{"@type":"SearchAction","target":{"@type":"EntryPoint","urlTemplate":"https:\/\/medicinasinc.com\/it\/?s={search_term_string}"},"query-input":{"@type":"PropertyValueSpecification","valueRequired":true,"valueName":"search_term_string"}}],"inLanguage":"it-IT"}]}},"_links":{"self":[{"href":"https:\/\/medicinasinc.com\/it\/wp-json\/wp\/v2\/product\/5324","targetHints":{"allow":["GET"]}}],"collection":[{"href":"https:\/\/medicinasinc.com\/it\/wp-json\/wp\/v2\/product"}],"about":[{"href":"https:\/\/medicinasinc.com\/it\/wp-json\/wp\/v2\/types\/product"}],"replies":[{"embeddable":true,"href":"https:\/\/medicinasinc.com\/it\/wp-json\/wp\/v2\/comments?post=5324"}],"wp:featuredmedia":[{"embeddable":true,"href":"https:\/\/medicinasinc.com\/it\/wp-json\/wp\/v2\/media\/5335"}],"wp:attachment":[{"href":"https:\/\/medicinasinc.com\/it\/wp-json\/wp\/v2\/media?parent=5324"}],"wp:term":[{"taxonomy":"product_brand","embeddable":true,"href":"https:\/\/medicinasinc.com\/it\/wp-json\/wp\/v2\/product_brand?post=5324"},{"taxonomy":"product_cat","embeddable":true,"href":"https:\/\/medicinasinc.com\/it\/wp-json\/wp\/v2\/product_cat?post=5324"},{"taxonomy":"product_tag","embeddable":true,"href":"https:\/\/medicinasinc.com\/it\/wp-json\/wp\/v2\/product_tag?post=5324"}],"curies":[{"name":"wp","href":"https:\/\/api.w.org\/{rel}","templated":true}]}}