{"id":5323,"date":"2022-02-21T20:57:56","date_gmt":"2022-02-21T20:57:56","guid":{"rendered":"https:\/\/medicinasinc.com\/it\/?post_type=product&#038;p=5323"},"modified":"2022-03-17T00:20:12","modified_gmt":"2022-03-17T00:20:12","slug":"buy-ultram-tramadol-200-mg","status":"publish","type":"product","link":"https:\/\/medicinasinc.com\/it\/product\/buy-ultram-tramadol-200-mg\/","title":{"rendered":"Acquista Ultram Tramadol 200 mg"},"content":{"rendered":"<p>200 mg di tramadolo<\/p>\n<p>Il tramadolo \u00e8 un rilassante muscolare davvero unico con un lieve effetto mu-oppioide (rispetto ad altri oppioidi) e un lieve effetto monoaminergico (rispetto agli antidepressivi triciclici). Il tramadolo ha un profilo di effetti collaterali tollerabile rispetto agli antidepressivi triciclici e ai farmaci antiepilettici.<\/p>\n<p>La tolleranza e la dipendenza sono conseguenze mediche non comuni, sebbene esistano. L&#8217;attivit\u00e0 di Tramadol non si limita alla neuropatia; diminuisce anche le sensazioni spiacevoli (nocicettive), rendendolo uno dei quattro tipi di dolore.<\/p>\n<p>Descrizione:<\/p>\n<p>Il tramadolo non \u00e8 per i deboli di cuore, poich\u00e9 \u00e8 un potente psicoattivo sostanza. L&#8217;effetto analgesico impiega 15-30 minuti per avere effetto e dura 6 ore. Pu\u00f2 essere utilizzato anche con paracetamolo. Il tramadolo \u00e8 un sedativo.<\/p>\n<p>Il tramadolo, in quanto farmaco estremamente potente, deve essere assunto esattamente come prescritto. Il medico \u00e8 in ultima analisi responsabile della determinazione della durata del trattamento. L&#8217;uso illegale di droghe pu\u00f2 avere ripercussioni gravi, persino letali. Durante la terapia con Tramadol, dovresti evitare di guidare un&#8217;auto o altre attivit\u00e0 che richiedono un alto livello di concentrazione.<\/p>\n<p>Dato che il tramadolo \u00e8 un agonista degli oppioidi, ha il potenziale per creare effetti sia mentali che fisici dipendenza. La Convenzione internazionale classifica questa sostanza chimica come narcotico. Di conseguenza, \u00e8 disponibile solo su prescrizione medica. Gli antidolorifici non oppioidi sono prescritti solo quando i farmaci non oppioidi sono inefficaci.<\/p>\n<p>Farmaci:<\/p>\n<p>Prendere il tramadolo per via orale come prescritto dal medico, spesso ogni 4-6 ore secondo necessit\u00e0. Tramadol \u00e8 sicuro da assumere con o senza cibo. In caso di nausea, il tramadolo assunto con il cibo pu\u00f2 aiutare. Ulteriori misure per alleviare la nausea possono essere affrontate con il medico o il farmacista (come sdraiarsi per 1 o 2 ore con il minor movimento possibile della testa). Il nostro sito Web ti consente di acquistare tramadolo 200 mg online.<\/p>\n<p>La dose si basa sulle tue condizioni mediche e sulla reazione al trattamento. Per ridurre al minimo il rischio di effetti indesiderati, il medico potrebbe suggerirti di iniziare con una dose bassa di tramadolo e aumentarla gradualmente. Aderire secondo il consiglio del medico. La dose giornaliera massima raccomandata \u00e8 di 400 mg. La dose massima raccomandata per le persone di et\u00e0 superiore ai 75 anni \u00e8 di 300 mg al giorno. Non aumentare il dosaggio di tramadolo, usarlo pi\u00f9 frequentemente o per un periodo di tempo prolungato rispetto a quanto prescritto. Quando viene prescritto tramadolo, deve essere interrotto immediatamente.<\/p>\n<p>Si raccomanda di usare il tramadolo online a basso costo con estrema cautela in<\/p>\n<p>Individui che sono dipendenti da oppioidi; coloro che hanno subito una lesione cerebrale, shock o un ridotto livello di coscienza per un motivo sconosciuto; e<\/p>\n<p>In aggiunta a disturbi del centro respiratorio o della funzione respiratoria,<\/p>\n<p>un corrispondente aumento della pressione intracranica (ICP).<br \/> malfunzionamento del sistema renale ed epatico<\/p>\n<p>Il tramadolo cloridrato deve essere assunto con cautela negli individui sensibili agli oppiacei.<\/p>\n","protected":false},"excerpt":{"rendered":"<p>La farmacia online per l&#8217;acquisto di compresse di Ultram Tramadol 200mg<\/p>\n<p>Tramadol Ultram acquista online.<\/p>\n<p>Ordina Tramadol Cod durante la notte. Consegna notturna economica di Tramadol<\/p>\n<p>Scopri dove\u00a0ordinare Tramadol\u00a0online senza prescrizione medica al costo pi\u00f9 conveniente. &#8230; Compresse disponibili nei seguenti dosaggi: 50 mg, 100 mg, 150 mg e 200 mg.<\/p>\n<div class=\"product-next-previous\">\n<div class=\"product-prev\"><\/div>\n<\/p><\/div>\n","protected":false},"featured_media":5333,"comment_status":"open","ping_status":"closed","template":"","meta":[],"product_brand":[],"product_cat":[1117],"product_tag":[1905,1906,1907,1904,1909,1914,1912,1910,1913,1911,1915,1908],"class_list":{"0":"post-5323","1":"product","2":"type-product","3":"status-publish","4":"has-post-thumbnail","6":"product_cat-comprare-pillole-sesso-dolore-per-dormire","7":"product_tag-compra-tramadol-online-a-buon-mercato","8":"product_tag-compra-tramadol-online-durante-la-notte","9":"product_tag-cheap-tramadol-without-a-prescription","10":"product_tag-compra-tramadol-in-florida","11":"product_tag-generic-ultram-er","12":"product_tag-interazioni-ultra-farmaco","13":"product_tag-tramadolo-cloridrato-paracetamolo","14":"product_tag-pernottamento-tramadol","15":"product_tag-tramadolo-effetti-collaterali-cani","16":"product_tag-tramadolo-hcl-50-mg-usato","17":"product_tag-ultram-er-200","18":"product_tag-economico-ultram-senza-prescrizione","20":"first","21":"instock","22":"shipping-taxable","23":"purchasable","24":"product-type-variable","25":"has-default-attributes"},"yoast_head":"<!-- This site is optimized with the Yoast SEO plugin v27.3 - https:\/\/yoast.com\/product\/yoast-seo-wordpress\/ -->\n<title>Acquista Ultram Tramadol 200 mg pillole online - Best Global Meds<\/title>\n<meta name=\"description\" content=\"Acquista Tramadol Ultram 200 mg\u00a0online. Ordina Tramadol\u00a0Pernottamento Cod. Dettagli:\u00a0Tramadol\u00a0economico\u00a0consegna online durante la notte\" \/>\n<meta name=\"robots\" content=\"index, follow, max-snippet:-1, max-image-preview:large, max-video-preview:-1\" \/>\n<link rel=\"canonical\" href=\"https:\/\/medicinasinc.com\/it\/product\/buy-ultram-tramadol-200-mg\/\" \/>\n<meta property=\"og:locale\" content=\"it_IT\" \/>\n<meta property=\"og:type\" content=\"article\" \/>\n<meta property=\"og:title\" content=\"Acquista Ultram Tramadol 200 mg pillole online - Best Global Meds\" \/>\n<meta property=\"og:description\" content=\"Acquista Tramadol Ultram 200 mg\u00a0online. Ordina Tramadol\u00a0Pernottamento Cod. Dettagli:\u00a0Tramadol\u00a0economico\u00a0consegna online durante la notte\" \/>\n<meta property=\"og:url\" content=\"https:\/\/medicinasinc.com\/it\/product\/buy-ultram-tramadol-200-mg\/\" \/>\n<meta property=\"og:site_name\" content=\"Medicinas Inc\" \/>\n<meta property=\"article:modified_time\" content=\"2022-03-17T00:20:12+00:00\" \/>\n<meta property=\"og:image\" content=\"https:\/\/medicinasinc.com\/it\/wp-content\/uploads\/sites\/4\/2022\/02\/Buy-Ultram-Tramadol-200mg.jpg\" \/>\n\t<meta property=\"og:image:width\" content=\"300\" \/>\n\t<meta property=\"og:image:height\" content=\"225\" \/>\n\t<meta property=\"og:image:type\" content=\"image\/jpeg\" \/>\n<meta name=\"twitter:card\" content=\"summary_large_image\" \/>\n<meta name=\"twitter:label1\" content=\"Tempo di lettura stimato\" \/>\n\t<meta name=\"twitter:data1\" content=\"2 minuti\" \/>\n<script type=\"application\/ld+json\" class=\"yoast-schema-graph\">{\"@context\":\"https:\\\/\\\/schema.org\",\"@graph\":[{\"@type\":\"WebPage\",\"@id\":\"https:\\\/\\\/medicinasinc.com\\\/it\\\/product\\\/buy-ultram-tramadol-200-mg\\\/\",\"url\":\"https:\\\/\\\/medicinasinc.com\\\/it\\\/product\\\/buy-ultram-tramadol-200-mg\\\/\",\"name\":\"Acquista Ultram Tramadol 200 mg pillole online - Best Global Meds\",\"isPartOf\":{\"@id\":\"https:\\\/\\\/medicinasinc.com\\\/it\\\/#website\"},\"primaryImageOfPage\":{\"@id\":\"https:\\\/\\\/medicinasinc.com\\\/it\\\/product\\\/buy-ultram-tramadol-200-mg\\\/#primaryimage\"},\"image\":{\"@id\":\"https:\\\/\\\/medicinasinc.com\\\/it\\\/product\\\/buy-ultram-tramadol-200-mg\\\/#primaryimage\"},\"thumbnailUrl\":\"https:\\\/\\\/medicinasinc.com\\\/it\\\/wp-content\\\/uploads\\\/sites\\\/4\\\/2022\\\/02\\\/Buy-Ultram-Tramadol-200mg.jpg\",\"datePublished\":\"2022-02-21T20:57:56+00:00\",\"dateModified\":\"2022-03-17T00:20:12+00:00\",\"description\":\"Acquista Tramadol Ultram 200 mg\u00a0online. Ordina Tramadol\u00a0Pernottamento Cod. Dettagli:\u00a0Tramadol\u00a0economico\u00a0consegna online durante la notte\",\"breadcrumb\":{\"@id\":\"https:\\\/\\\/medicinasinc.com\\\/it\\\/product\\\/buy-ultram-tramadol-200-mg\\\/#breadcrumb\"},\"inLanguage\":\"it-IT\",\"potentialAction\":[{\"@type\":\"ReadAction\",\"target\":[\"https:\\\/\\\/medicinasinc.com\\\/it\\\/product\\\/buy-ultram-tramadol-200-mg\\\/\"]}]},{\"@type\":\"ImageObject\",\"inLanguage\":\"it-IT\",\"@id\":\"https:\\\/\\\/medicinasinc.com\\\/it\\\/product\\\/buy-ultram-tramadol-200-mg\\\/#primaryimage\",\"url\":\"https:\\\/\\\/medicinasinc.com\\\/it\\\/wp-content\\\/uploads\\\/sites\\\/4\\\/2022\\\/02\\\/Buy-Ultram-Tramadol-200mg.jpg\",\"contentUrl\":\"https:\\\/\\\/medicinasinc.com\\\/it\\\/wp-content\\\/uploads\\\/sites\\\/4\\\/2022\\\/02\\\/Buy-Ultram-Tramadol-200mg.jpg\",\"width\":300,\"height\":225},{\"@type\":\"BreadcrumbList\",\"@id\":\"https:\\\/\\\/medicinasinc.com\\\/it\\\/product\\\/buy-ultram-tramadol-200-mg\\\/#breadcrumb\",\"itemListElement\":[{\"@type\":\"ListItem\",\"position\":1,\"name\":\"Negozio\",\"item\":\"https:\\\/\\\/medicinasinc.com\\\/it\\\/negozio\\\/\"},{\"@type\":\"ListItem\",\"position\":2,\"name\":\"Acquista Ultram Tramadol 200 mg\"}]},{\"@type\":\"WebSite\",\"@id\":\"https:\\\/\\\/medicinasinc.com\\\/it\\\/#website\",\"url\":\"https:\\\/\\\/medicinasinc.com\\\/it\\\/\",\"name\":\"Medicinas Inc\",\"description\":\"Health Medical Clinic\",\"potentialAction\":[{\"@type\":\"SearchAction\",\"target\":{\"@type\":\"EntryPoint\",\"urlTemplate\":\"https:\\\/\\\/medicinasinc.com\\\/it\\\/?s={search_term_string}\"},\"query-input\":{\"@type\":\"PropertyValueSpecification\",\"valueRequired\":true,\"valueName\":\"search_term_string\"}}],\"inLanguage\":\"it-IT\"}]}<\/script>\n<!-- \/ Yoast SEO plugin. -->","yoast_head_json":{"title":"Acquista Ultram Tramadol 200 mg pillole online - Best Global Meds","description":"Acquista Tramadol Ultram 200 mg\u00a0online. Ordina Tramadol\u00a0Pernottamento Cod. Dettagli:\u00a0Tramadol\u00a0economico\u00a0consegna online durante la notte","robots":{"index":"index","follow":"follow","max-snippet":"max-snippet:-1","max-image-preview":"max-image-preview:large","max-video-preview":"max-video-preview:-1"},"canonical":"https:\/\/medicinasinc.com\/it\/product\/buy-ultram-tramadol-200-mg\/","og_locale":"it_IT","og_type":"article","og_title":"Acquista Ultram Tramadol 200 mg pillole online - Best Global Meds","og_description":"Acquista Tramadol Ultram 200 mg\u00a0online. Ordina Tramadol\u00a0Pernottamento Cod. Dettagli:\u00a0Tramadol\u00a0economico\u00a0consegna online durante la notte","og_url":"https:\/\/medicinasinc.com\/it\/product\/buy-ultram-tramadol-200-mg\/","og_site_name":"Medicinas Inc","article_modified_time":"2022-03-17T00:20:12+00:00","og_image":[{"width":300,"height":225,"url":"https:\/\/medicinasinc.com\/it\/wp-content\/uploads\/sites\/4\/2022\/02\/Buy-Ultram-Tramadol-200mg.jpg","type":"image\/jpeg"}],"twitter_card":"summary_large_image","twitter_misc":{"Tempo di lettura stimato":"2 minuti"},"schema":{"@context":"https:\/\/schema.org","@graph":[{"@type":"WebPage","@id":"https:\/\/medicinasinc.com\/it\/product\/buy-ultram-tramadol-200-mg\/","url":"https:\/\/medicinasinc.com\/it\/product\/buy-ultram-tramadol-200-mg\/","name":"Acquista Ultram Tramadol 200 mg pillole online - Best Global Meds","isPartOf":{"@id":"https:\/\/medicinasinc.com\/it\/#website"},"primaryImageOfPage":{"@id":"https:\/\/medicinasinc.com\/it\/product\/buy-ultram-tramadol-200-mg\/#primaryimage"},"image":{"@id":"https:\/\/medicinasinc.com\/it\/product\/buy-ultram-tramadol-200-mg\/#primaryimage"},"thumbnailUrl":"https:\/\/medicinasinc.com\/it\/wp-content\/uploads\/sites\/4\/2022\/02\/Buy-Ultram-Tramadol-200mg.jpg","datePublished":"2022-02-21T20:57:56+00:00","dateModified":"2022-03-17T00:20:12+00:00","description":"Acquista Tramadol Ultram 200 mg\u00a0online. Ordina Tramadol\u00a0Pernottamento Cod. Dettagli:\u00a0Tramadol\u00a0economico\u00a0consegna online durante la notte","breadcrumb":{"@id":"https:\/\/medicinasinc.com\/it\/product\/buy-ultram-tramadol-200-mg\/#breadcrumb"},"inLanguage":"it-IT","potentialAction":[{"@type":"ReadAction","target":["https:\/\/medicinasinc.com\/it\/product\/buy-ultram-tramadol-200-mg\/"]}]},{"@type":"ImageObject","inLanguage":"it-IT","@id":"https:\/\/medicinasinc.com\/it\/product\/buy-ultram-tramadol-200-mg\/#primaryimage","url":"https:\/\/medicinasinc.com\/it\/wp-content\/uploads\/sites\/4\/2022\/02\/Buy-Ultram-Tramadol-200mg.jpg","contentUrl":"https:\/\/medicinasinc.com\/it\/wp-content\/uploads\/sites\/4\/2022\/02\/Buy-Ultram-Tramadol-200mg.jpg","width":300,"height":225},{"@type":"BreadcrumbList","@id":"https:\/\/medicinasinc.com\/it\/product\/buy-ultram-tramadol-200-mg\/#breadcrumb","itemListElement":[{"@type":"ListItem","position":1,"name":"Negozio","item":"https:\/\/medicinasinc.com\/it\/negozio\/"},{"@type":"ListItem","position":2,"name":"Acquista Ultram Tramadol 200 mg"}]},{"@type":"WebSite","@id":"https:\/\/medicinasinc.com\/it\/#website","url":"https:\/\/medicinasinc.com\/it\/","name":"Medicinas Inc","description":"Health Medical Clinic","potentialAction":[{"@type":"SearchAction","target":{"@type":"EntryPoint","urlTemplate":"https:\/\/medicinasinc.com\/it\/?s={search_term_string}"},"query-input":{"@type":"PropertyValueSpecification","valueRequired":true,"valueName":"search_term_string"}}],"inLanguage":"it-IT"}]}},"_links":{"self":[{"href":"https:\/\/medicinasinc.com\/it\/wp-json\/wp\/v2\/product\/5323","targetHints":{"allow":["GET"]}}],"collection":[{"href":"https:\/\/medicinasinc.com\/it\/wp-json\/wp\/v2\/product"}],"about":[{"href":"https:\/\/medicinasinc.com\/it\/wp-json\/wp\/v2\/types\/product"}],"replies":[{"embeddable":true,"href":"https:\/\/medicinasinc.com\/it\/wp-json\/wp\/v2\/comments?post=5323"}],"wp:featuredmedia":[{"embeddable":true,"href":"https:\/\/medicinasinc.com\/it\/wp-json\/wp\/v2\/media\/5333"}],"wp:attachment":[{"href":"https:\/\/medicinasinc.com\/it\/wp-json\/wp\/v2\/media?parent=5323"}],"wp:term":[{"taxonomy":"product_brand","embeddable":true,"href":"https:\/\/medicinasinc.com\/it\/wp-json\/wp\/v2\/product_brand?post=5323"},{"taxonomy":"product_cat","embeddable":true,"href":"https:\/\/medicinasinc.com\/it\/wp-json\/wp\/v2\/product_cat?post=5323"},{"taxonomy":"product_tag","embeddable":true,"href":"https:\/\/medicinasinc.com\/it\/wp-json\/wp\/v2\/product_tag?post=5323"}],"curies":[{"name":"wp","href":"https:\/\/api.w.org\/{rel}","templated":true}]}}