{"id":5322,"date":"2022-02-21T20:57:13","date_gmt":"2022-02-21T20:57:13","guid":{"rendered":"https:\/\/medicinasinc.com\/it\/?post_type=product&#038;p=5322"},"modified":"2022-03-17T00:20:26","modified_gmt":"2022-03-17T00:20:26","slug":"tramadolo-100-mg","status":"publish","type":"product","link":"https:\/\/medicinasinc.com\/it\/product\/tramadolo-100-mg\/","title":{"rendered":"Tramadolo 100 mg"},"content":{"rendered":"<p>Tramadol 100mg per forti dolori<\/p>\n<p>Alcune ferite richiedono anni per guarire, durante i quali la vittima deve sopportare il disagio. Il dolore associato alla lesione pu\u00f2 variare da lieve a grave, a seconda della profondit\u00e0 e delle dimensioni della ferita. Tuttavia, il dolore lancinante pu\u00f2 occasionalmente interrompere la normale routine dell&#8217;individuo. In tali casi, le persone dovranno escogitare un mezzo di sopravvivenza. Possono raggiungere la sopravvivenza prevista alleviando parte del dolore. Possono acquistare tramadolo 100 mg online da una variet\u00e0 di fonti per avere un sollievo immediato dal dolore.<\/p>\n<p>Tramadol 100 mg \u00e8 efficace<\/p>\n<p>Acquista Tramadol 100 mg online per alleviare il dolore e consentire loro di continuare con la loro routine. Tuttavia, il tramadolo funziona in modo diverso rispetto agli altri farmaci. La funzione primaria della compressa \u00e8 quella di alleviare il dolore, non di curare la lesione. Le compresse hanno un effetto sui nervi del dolore del cervello. Intorpidisce le vene, impedendo loro di provare dolore. Di conseguenza, l&#8217;intorpidimento li aiuter\u00e0 a sopravvivere alla giornata senza interferire con la loro normale routine.<\/p>\n<p>Reazioni avverse gravi<\/p>\n<p>L&#8217;intorpidimento del dolore si verifica nel cervello e le compresse modificano il modo in cui le funzioni cerebrali, provocando una serie di difficolt\u00e0. Gli effetti collaterali gravi includono intorpidimento del cervello, perdita di memoria transitoria e altri disturbi di questa natura. Vertigini e altre difficolt\u00e0 saranno un evento comune. Di conseguenza, la dose individuale delle compresse dovr\u00e0 essere aggiustata per evitare gravi effetti avversi.<\/p>\n<p>La dose giornaliera raccomandata della compressa \u00e8 compresa tra 50 e 300 mg e deve essere utilizzata solo una volta al giorno. \u00c8 possibile ottenere tramadolo online da una variet\u00e0 di siti Web, ma l&#8217;ingestione dovrebbe essere basata sulla raccomandazione di un medico. Il consiglio del medico sar\u00e0 fondamentale per prevenire conseguenze avverse.<\/p>\n","protected":false},"excerpt":{"rendered":"<div class=\"woocommerce-product-details__short-description\">\n<p>Le compresse di Tramadol SR 100mg possono essere acquistate online. Acquista Tramadol Online Tramal SR 100mg senza prescrizione medica a un prezzo inferiore dell&#8217;80% rispetto a quello che pagheresti in una farmacia statunitense.<\/p>\n<\/p><\/div>\n","protected":false},"featured_media":5331,"comment_status":"open","ping_status":"closed","template":"","meta":[],"product_brand":[],"product_cat":[1117],"product_tag":[],"class_list":{"0":"post-5322","1":"product","2":"type-product","3":"status-publish","4":"has-post-thumbnail","6":"product_cat-comprare-pillole-sesso-dolore-per-dormire","8":"first","9":"instock","10":"shipping-taxable","11":"purchasable","12":"product-type-variable","13":"has-default-attributes"},"yoast_head":"<!-- This site is optimized with the Yoast SEO plugin v27.3 - https:\/\/yoast.com\/product\/yoast-seo-wordpress\/ -->\n<title>Acquista le pillole di Tramal SR 100mg online - Best Best Global Meds<\/title>\n<meta name=\"description\" content=\"Acquista online le compresse di Tramal SR 100mg. Acquista Tramadol Online Tramal SR 100mg senza prescrizione medica all&#039;80% in meno rispetto alle farmacie statunitensi.\" \/>\n<meta name=\"robots\" content=\"index, follow, max-snippet:-1, max-image-preview:large, max-video-preview:-1\" \/>\n<link rel=\"canonical\" href=\"https:\/\/medicinasinc.com\/it\/product\/tramadolo-100-mg\/\" \/>\n<meta property=\"og:locale\" content=\"it_IT\" \/>\n<meta property=\"og:type\" content=\"article\" \/>\n<meta property=\"og:title\" content=\"Acquista le pillole di Tramal SR 100mg online - Best Best Global Meds\" \/>\n<meta property=\"og:description\" content=\"Acquista online le compresse di Tramal SR 100mg. Acquista Tramadol Online Tramal SR 100mg senza prescrizione medica all&#039;80% in meno rispetto alle farmacie statunitensi.\" \/>\n<meta property=\"og:url\" content=\"https:\/\/medicinasinc.com\/it\/product\/tramadolo-100-mg\/\" \/>\n<meta property=\"og:site_name\" content=\"Medicinas Inc\" \/>\n<meta property=\"article:modified_time\" content=\"2022-03-17T00:20:26+00:00\" \/>\n<meta property=\"og:image\" content=\"https:\/\/medicinasinc.com\/it\/wp-content\/uploads\/sites\/4\/2022\/02\/Tramadol-100mg-1.jpg\" \/>\n\t<meta property=\"og:image:width\" content=\"600\" \/>\n\t<meta property=\"og:image:height\" content=\"358\" \/>\n\t<meta property=\"og:image:type\" content=\"image\/jpeg\" \/>\n<meta name=\"twitter:card\" content=\"summary_large_image\" \/>\n<meta name=\"twitter:label1\" content=\"Tempo di lettura stimato\" \/>\n\t<meta name=\"twitter:data1\" content=\"2 minuti\" \/>\n<script type=\"application\/ld+json\" class=\"yoast-schema-graph\">{\"@context\":\"https:\\\/\\\/schema.org\",\"@graph\":[{\"@type\":\"WebPage\",\"@id\":\"https:\\\/\\\/medicinasinc.com\\\/it\\\/product\\\/tramadolo-100-mg\\\/\",\"url\":\"https:\\\/\\\/medicinasinc.com\\\/it\\\/product\\\/tramadolo-100-mg\\\/\",\"name\":\"Acquista le pillole di Tramal SR 100mg online - Best Best Global Meds\",\"isPartOf\":{\"@id\":\"https:\\\/\\\/medicinasinc.com\\\/it\\\/#website\"},\"primaryImageOfPage\":{\"@id\":\"https:\\\/\\\/medicinasinc.com\\\/it\\\/product\\\/tramadolo-100-mg\\\/#primaryimage\"},\"image\":{\"@id\":\"https:\\\/\\\/medicinasinc.com\\\/it\\\/product\\\/tramadolo-100-mg\\\/#primaryimage\"},\"thumbnailUrl\":\"https:\\\/\\\/medicinasinc.com\\\/it\\\/wp-content\\\/uploads\\\/sites\\\/4\\\/2022\\\/02\\\/Tramadol-100mg-1.jpg\",\"datePublished\":\"2022-02-21T20:57:13+00:00\",\"dateModified\":\"2022-03-17T00:20:26+00:00\",\"description\":\"Acquista online le compresse di Tramal SR 100mg. Acquista Tramadol Online Tramal SR 100mg senza prescrizione medica all'80% in meno rispetto alle farmacie statunitensi.\",\"breadcrumb\":{\"@id\":\"https:\\\/\\\/medicinasinc.com\\\/it\\\/product\\\/tramadolo-100-mg\\\/#breadcrumb\"},\"inLanguage\":\"it-IT\",\"potentialAction\":[{\"@type\":\"ReadAction\",\"target\":[\"https:\\\/\\\/medicinasinc.com\\\/it\\\/product\\\/tramadolo-100-mg\\\/\"]}]},{\"@type\":\"ImageObject\",\"inLanguage\":\"it-IT\",\"@id\":\"https:\\\/\\\/medicinasinc.com\\\/it\\\/product\\\/tramadolo-100-mg\\\/#primaryimage\",\"url\":\"https:\\\/\\\/medicinasinc.com\\\/it\\\/wp-content\\\/uploads\\\/sites\\\/4\\\/2022\\\/02\\\/Tramadol-100mg-1.jpg\",\"contentUrl\":\"https:\\\/\\\/medicinasinc.com\\\/it\\\/wp-content\\\/uploads\\\/sites\\\/4\\\/2022\\\/02\\\/Tramadol-100mg-1.jpg\",\"width\":600,\"height\":358},{\"@type\":\"BreadcrumbList\",\"@id\":\"https:\\\/\\\/medicinasinc.com\\\/it\\\/product\\\/tramadolo-100-mg\\\/#breadcrumb\",\"itemListElement\":[{\"@type\":\"ListItem\",\"position\":1,\"name\":\"Negozio\",\"item\":\"https:\\\/\\\/medicinasinc.com\\\/it\\\/negozio\\\/\"},{\"@type\":\"ListItem\",\"position\":2,\"name\":\"Tramadolo 100 mg\"}]},{\"@type\":\"WebSite\",\"@id\":\"https:\\\/\\\/medicinasinc.com\\\/it\\\/#website\",\"url\":\"https:\\\/\\\/medicinasinc.com\\\/it\\\/\",\"name\":\"Medicinas Inc\",\"description\":\"Health Medical Clinic\",\"potentialAction\":[{\"@type\":\"SearchAction\",\"target\":{\"@type\":\"EntryPoint\",\"urlTemplate\":\"https:\\\/\\\/medicinasinc.com\\\/it\\\/?s={search_term_string}\"},\"query-input\":{\"@type\":\"PropertyValueSpecification\",\"valueRequired\":true,\"valueName\":\"search_term_string\"}}],\"inLanguage\":\"it-IT\"}]}<\/script>\n<!-- \/ Yoast SEO plugin. -->","yoast_head_json":{"title":"Acquista le pillole di Tramal SR 100mg online - Best Best Global Meds","description":"Acquista online le compresse di Tramal SR 100mg. Acquista Tramadol Online Tramal SR 100mg senza prescrizione medica all'80% in meno rispetto alle farmacie statunitensi.","robots":{"index":"index","follow":"follow","max-snippet":"max-snippet:-1","max-image-preview":"max-image-preview:large","max-video-preview":"max-video-preview:-1"},"canonical":"https:\/\/medicinasinc.com\/it\/product\/tramadolo-100-mg\/","og_locale":"it_IT","og_type":"article","og_title":"Acquista le pillole di Tramal SR 100mg online - Best Best Global Meds","og_description":"Acquista online le compresse di Tramal SR 100mg. Acquista Tramadol Online Tramal SR 100mg senza prescrizione medica all'80% in meno rispetto alle farmacie statunitensi.","og_url":"https:\/\/medicinasinc.com\/it\/product\/tramadolo-100-mg\/","og_site_name":"Medicinas Inc","article_modified_time":"2022-03-17T00:20:26+00:00","og_image":[{"width":600,"height":358,"url":"https:\/\/medicinasinc.com\/it\/wp-content\/uploads\/sites\/4\/2022\/02\/Tramadol-100mg-1.jpg","type":"image\/jpeg"}],"twitter_card":"summary_large_image","twitter_misc":{"Tempo di lettura stimato":"2 minuti"},"schema":{"@context":"https:\/\/schema.org","@graph":[{"@type":"WebPage","@id":"https:\/\/medicinasinc.com\/it\/product\/tramadolo-100-mg\/","url":"https:\/\/medicinasinc.com\/it\/product\/tramadolo-100-mg\/","name":"Acquista le pillole di Tramal SR 100mg online - Best Best Global Meds","isPartOf":{"@id":"https:\/\/medicinasinc.com\/it\/#website"},"primaryImageOfPage":{"@id":"https:\/\/medicinasinc.com\/it\/product\/tramadolo-100-mg\/#primaryimage"},"image":{"@id":"https:\/\/medicinasinc.com\/it\/product\/tramadolo-100-mg\/#primaryimage"},"thumbnailUrl":"https:\/\/medicinasinc.com\/it\/wp-content\/uploads\/sites\/4\/2022\/02\/Tramadol-100mg-1.jpg","datePublished":"2022-02-21T20:57:13+00:00","dateModified":"2022-03-17T00:20:26+00:00","description":"Acquista online le compresse di Tramal SR 100mg. Acquista Tramadol Online Tramal SR 100mg senza prescrizione medica all'80% in meno rispetto alle farmacie statunitensi.","breadcrumb":{"@id":"https:\/\/medicinasinc.com\/it\/product\/tramadolo-100-mg\/#breadcrumb"},"inLanguage":"it-IT","potentialAction":[{"@type":"ReadAction","target":["https:\/\/medicinasinc.com\/it\/product\/tramadolo-100-mg\/"]}]},{"@type":"ImageObject","inLanguage":"it-IT","@id":"https:\/\/medicinasinc.com\/it\/product\/tramadolo-100-mg\/#primaryimage","url":"https:\/\/medicinasinc.com\/it\/wp-content\/uploads\/sites\/4\/2022\/02\/Tramadol-100mg-1.jpg","contentUrl":"https:\/\/medicinasinc.com\/it\/wp-content\/uploads\/sites\/4\/2022\/02\/Tramadol-100mg-1.jpg","width":600,"height":358},{"@type":"BreadcrumbList","@id":"https:\/\/medicinasinc.com\/it\/product\/tramadolo-100-mg\/#breadcrumb","itemListElement":[{"@type":"ListItem","position":1,"name":"Negozio","item":"https:\/\/medicinasinc.com\/it\/negozio\/"},{"@type":"ListItem","position":2,"name":"Tramadolo 100 mg"}]},{"@type":"WebSite","@id":"https:\/\/medicinasinc.com\/it\/#website","url":"https:\/\/medicinasinc.com\/it\/","name":"Medicinas Inc","description":"Health Medical Clinic","potentialAction":[{"@type":"SearchAction","target":{"@type":"EntryPoint","urlTemplate":"https:\/\/medicinasinc.com\/it\/?s={search_term_string}"},"query-input":{"@type":"PropertyValueSpecification","valueRequired":true,"valueName":"search_term_string"}}],"inLanguage":"it-IT"}]}},"_links":{"self":[{"href":"https:\/\/medicinasinc.com\/it\/wp-json\/wp\/v2\/product\/5322","targetHints":{"allow":["GET"]}}],"collection":[{"href":"https:\/\/medicinasinc.com\/it\/wp-json\/wp\/v2\/product"}],"about":[{"href":"https:\/\/medicinasinc.com\/it\/wp-json\/wp\/v2\/types\/product"}],"replies":[{"embeddable":true,"href":"https:\/\/medicinasinc.com\/it\/wp-json\/wp\/v2\/comments?post=5322"}],"wp:featuredmedia":[{"embeddable":true,"href":"https:\/\/medicinasinc.com\/it\/wp-json\/wp\/v2\/media\/5331"}],"wp:attachment":[{"href":"https:\/\/medicinasinc.com\/it\/wp-json\/wp\/v2\/media?parent=5322"}],"wp:term":[{"taxonomy":"product_brand","embeddable":true,"href":"https:\/\/medicinasinc.com\/it\/wp-json\/wp\/v2\/product_brand?post=5322"},{"taxonomy":"product_cat","embeddable":true,"href":"https:\/\/medicinasinc.com\/it\/wp-json\/wp\/v2\/product_cat?post=5322"},{"taxonomy":"product_tag","embeddable":true,"href":"https:\/\/medicinasinc.com\/it\/wp-json\/wp\/v2\/product_tag?post=5322"}],"curies":[{"name":"wp","href":"https:\/\/api.w.org\/{rel}","templated":true}]}}