{"id":5309,"date":"2022-02-21T18:36:34","date_gmt":"2022-02-21T18:36:34","guid":{"rendered":"https:\/\/medicinasinc.com\/it\/?post_type=product&#038;p=5309"},"modified":"2022-03-17T00:20:48","modified_gmt":"2022-03-17T00:20:48","slug":"comprare-restoril-30-mg-temazepam-pillole","status":"publish","type":"product","link":"https:\/\/medicinasinc.com\/it\/product\/comprare-restoril-30-mg-temazepam-pillole\/","title":{"rendered":"Acquista Restoril 30 mg di compresse di Temazepam"},"content":{"rendered":"<div class=\"product-next-previous\">\n<div>\n<p>La farmacia online per l&#8217;acquisto di compresse di Restoril Temezepam (30Mg)<br \/> Restoril: cos&#8217;\u00e8 e come si usa?<\/p>\n<p> Restoril \u00e8 un farmaco da prescrizione che viene usato per trattare i problemi di insonnia. Restoril pu\u00f2 essere assunto da solo o in combinazione con altri farmaci.<\/p>\n<p>Restoril \u00e8 un farmaco sedativo\/ipnotico.<\/p>\n<p>Restoril non \u00e8 noto per essere sicuro o efficace nei bambini.<\/p>\n<p>Quali sono i probabili rischi associati a Restoril?<\/p>\n<p>Restoril pu\u00f2 avere gravi effetti avversi, inclusi i seguenti:<\/p>\n<p>Confusione, agitazione, aggressivit\u00e0, allucinazioni, ansia, problemi di memoria, e l&#8217;umore triste sono tutti sintomi di schizofrenia.<\/p>\n<p>&nbsp;<\/p>\n<p>Il temazepam, come molte altre benzodiazepine simili e correlate, funziona come un modulatore del GABA ed \u00e8 in grado di indurre una serie di effetti, tra cui sonnolenza, ipnosi, rilassamento muscolare scheletrico, attivit\u00e0 anticonvulsivante e azione ansiolitica 6,7,13,14.<\/p>\n<p>Sebbene la sintesi chimica del temazepam sia stata scoperta nel 1965 9, il suo uso moderno diffuso non \u00e8 iniziato fino a quando l&#8217;uso effettivo del farmaco come trattamento per l&#8217;insonnia \u00e8 stato riconosciuto e autorizzato in seguito. Prima che il temazepam diventasse un farmaco comunemente prescritto per i civili, era \u2013 e continua ad essere \u2013 usato dalle forze armate statunitensi come farmaco sedativo-ipnotico che doveva essere assunto da soldati, piloti e altri al fine di ottenere il riposo necessario per il recupero medico o manovre e operazioni programmate 10. Indipendentemente da ci\u00f2, il temazepam \u00e8 diventato uno dei farmaci pi\u00f9 prescritti in tutto il mondo, con milioni di prescrizioni scritte ogni anno. Sfortunatamente, a causa del suo uso diffuso e della natura intrinseca dei suoi effetti farmacologici, il temazepam, come molte altre benzodiazepine, ha un notevole potenziale di abuso ed \u00e8 in grado di indurre i consumatori a sviluppare tolleranza ai farmaci, dipendenza fisica e dipendenza.<\/p>\n<p>GroupsApproved, InvestigationalStructureSmall Molecules<\/p>\n<div class=\"structure\"><a class=\"moldbi-vector-thumbnail\" href=\"https:\/\/go.drugbank.com\/structures\/DB00231\/image.svg\"><img decoding=\"async\" src=\"https:\/\/go.drugbank.com\/structures\/DB00231\/thumb.svg\" alt=\"Thumb\" \/><\/a><\/div>\n<dl class=\"right-dl col- xl-6 col-lg-12\"><\/dl>\n<\/p><\/div>\n<div class=\"product-prev\"><strong>temazepam (restoril), temazepam restaril, restaril temazepam, temazepam (restoril) effetti collaterali, temazepam (restoril, acquista restoril temazepam online, acquista temazepam (restoril), generic restoril temazepam, temazepam restaril acquista, restaril (temazepam) 30mg in vendita, \u00e8 temazepam uguale a restaril, temazepam (restoril) davis, temazepam (restoril) pill bottl e, dove puoi acquistare temazepam (restoril), temazepam (restoril) cvs, temazepam (restoril) buy, temazepam come restaril, temazepam (restoril)\u00a0<img decoding=\"async\" class=\"emoji\" role=\"img\" src=\"https:\/ \/sworg\/images\/core\/emoji\/13.1.0\/svg\/2714.svg\" alt=\"\u2714\" \/>\u00a0<img decoding=\"async\" class=\"emoji\" role=\"img\" src=\"https:\/\/sworg\/images \/core\/emoji\/13.1.0\/svg\/2714.svg\" alt=\"\u2714\" \/>\u00a0<img decoding=\"async\" class=\"emoji\" role=\"img\" src=\"https:\/\/sworg\/images\/core\/emoji\/ 13.1.0\/svg\/2714.svg\" alt=\"\u2714\" \/>, ripristino temazepam 30mg, alternativa sicura al ripristino (temazepam), prezzo temazepam (restoril), temazepam (restoril) otc, temazepam ripristino effetti collaterali, temazepam (marca name restaril), restaril (temazepam)<\/strong><\/div><\/div>\n<div class=\"product-next-previous\">\n<div class=\"product-prev\"><\/div><\/div>\n","protected":false},"excerpt":{"rendered":"<p>Acquista Restoril 30mg Temezepam compresse possono essere acquistate online.<\/p>\n<p>Marca:\u00a0<strong>Restoril<\/strong><br \/> Generico:\u00a0<strong>Temazepam<\/strong><br \/> Forza Disponibile: 30mg<br \/> Confezione: blister<br \/> Prodotto da: Novartis<\/p>\n<p>&nbsp;<\/p>\n","protected":false},"featured_media":5319,"comment_status":"open","ping_status":"closed","template":"","meta":[],"product_brand":[],"product_cat":[1117],"product_tag":[1851,1852,1863,1855,1878,1854,1872,1870,1853,1871,1856,1857,1859,1862,1858,1861,1860,1865,1866,1867,1868,1869,1864,1873,1874,1876,1877,1875],"class_list":{"0":"post-5309","1":"product","2":"type-product","3":"status-publish","4":"has-post-thumbnail","6":"product_cat-comprare-pillole-sesso-dolore-per-dormire","7":"product_tag-acquistare-restoril-temazepam-online","8":"product_tag-buy-temazepam-restoril","9":"product_tag-alternativa-sicura-al-restoril-temazepam","10":"product_tag-sostituto-da-banco-del-temazepam","11":"product_tag-dove-puoi-acquistare-temazepam-restoril","12":"product_tag--temazepam-lo-stesso-di-restoril","13":"product_tag-temazepam-restoril-effetti-collaterali","14":"product_tag-temazepam-restoril-bottiglia-pillola","15":"product_tag-generic-restoril-temazepam","16":"product_tag-temazepam-restoril-prezzo","17":"product_tag-restoril-temazepam-30mg-for-sale","18":"product_tag-restoril-15-mg","19":"product_tag-restoril-30-mg-prezzo","20":"product_tag-restoril-temazepam-30mg","21":"product_tag-restil-15-mg-in-linea","22":"product_tag-restoril-temazepam","23":"product_tag-tablet-restoril-on-line","24":"product_tag-temazepam-restoril","25":"product_tag-temazepam-restoril---","26":"product_tag-temazepam-restoril-cvs","27":"product_tag-temazepam-restoril-davis","28":"product_tag-temazepam-restoril-otc","29":"product_tag-temazepam-marca-restoril","30":"product_tag-temazepam-30-mg","31":"product_tag-temazepam-30-mg-effetti-collaterali","32":"product_tag-temazepam-come-restoril","33":"product_tag-temazepam-perdita-di-peso","34":"product_tag-temazepam-restoril-compra","36":"first","37":"instock","38":"shipping-taxable","39":"purchasable","40":"product-type-variable","41":"has-default-attributes"},"yoast_head":"<!-- This site is optimized with the Yoast SEO plugin v27.3 - https:\/\/yoast.com\/product\/yoast-seo-wordpress\/ -->\n<title>Acquista Restoril 30 mg di compresse di Temazepam - Best Best Global Meds<\/title>\n<meta name=\"description\" content=\"La pillola con impronta RESTORIL 30 mg M FOR SLEEP \u00e8 blu\/marrone, a forma di capsula ed \u00e8 stata identificata come Restoril 30 mg. Acquista RESTORIL 30 mg M PER IL SONNO.\" \/>\n<meta name=\"robots\" content=\"index, follow, max-snippet:-1, max-image-preview:large, max-video-preview:-1\" \/>\n<link rel=\"canonical\" href=\"https:\/\/medicinasinc.com\/it\/product\/comprare-restoril-30-mg-temazepam-pillole\/\" \/>\n<meta property=\"og:locale\" content=\"it_IT\" \/>\n<meta property=\"og:type\" content=\"article\" \/>\n<meta property=\"og:title\" content=\"Acquista Restoril 30 mg di compresse di Temazepam - Best Best Global Meds\" \/>\n<meta property=\"og:description\" content=\"La pillola con impronta RESTORIL 30 mg M FOR SLEEP \u00e8 blu\/marrone, a forma di capsula ed \u00e8 stata identificata come Restoril 30 mg. Acquista RESTORIL 30 mg M PER IL SONNO.\" \/>\n<meta property=\"og:url\" content=\"https:\/\/medicinasinc.com\/it\/product\/comprare-restoril-30-mg-temazepam-pillole\/\" \/>\n<meta property=\"og:site_name\" content=\"Medicinas Inc\" \/>\n<meta property=\"article:modified_time\" content=\"2022-03-17T00:20:48+00:00\" \/>\n<meta property=\"og:image\" content=\"https:\/\/medicinasinc.com\/it\/wp-content\/uploads\/sites\/4\/2022\/02\/Buy-Restoril-30-mg-Temazepam-pills.jpg\" \/>\n\t<meta property=\"og:image:width\" content=\"2064\" \/>\n\t<meta property=\"og:image:height\" content=\"1073\" \/>\n\t<meta property=\"og:image:type\" content=\"image\/jpeg\" \/>\n<meta name=\"twitter:card\" content=\"summary_large_image\" \/>\n<meta name=\"twitter:label1\" content=\"Tempo di lettura stimato\" \/>\n\t<meta name=\"twitter:data1\" content=\"3 minuti\" \/>\n<script type=\"application\/ld+json\" class=\"yoast-schema-graph\">{\"@context\":\"https:\\\/\\\/schema.org\",\"@graph\":[{\"@type\":\"WebPage\",\"@id\":\"https:\\\/\\\/medicinasinc.com\\\/it\\\/product\\\/comprare-restoril-30-mg-temazepam-pillole\\\/\",\"url\":\"https:\\\/\\\/medicinasinc.com\\\/it\\\/product\\\/comprare-restoril-30-mg-temazepam-pillole\\\/\",\"name\":\"Acquista Restoril 30 mg di compresse di Temazepam - Best Best Global Meds\",\"isPartOf\":{\"@id\":\"https:\\\/\\\/medicinasinc.com\\\/it\\\/#website\"},\"primaryImageOfPage\":{\"@id\":\"https:\\\/\\\/medicinasinc.com\\\/it\\\/product\\\/comprare-restoril-30-mg-temazepam-pillole\\\/#primaryimage\"},\"image\":{\"@id\":\"https:\\\/\\\/medicinasinc.com\\\/it\\\/product\\\/comprare-restoril-30-mg-temazepam-pillole\\\/#primaryimage\"},\"thumbnailUrl\":\"https:\\\/\\\/medicinasinc.com\\\/it\\\/wp-content\\\/uploads\\\/sites\\\/4\\\/2022\\\/02\\\/Buy-Restoril-30-mg-Temazepam-pills.jpg\",\"datePublished\":\"2022-02-21T18:36:34+00:00\",\"dateModified\":\"2022-03-17T00:20:48+00:00\",\"description\":\"La pillola con impronta RESTORIL 30 mg M FOR SLEEP \u00e8 blu\\\/marrone, a forma di capsula ed \u00e8 stata identificata come Restoril 30 mg. Acquista RESTORIL 30 mg M PER IL SONNO.\",\"breadcrumb\":{\"@id\":\"https:\\\/\\\/medicinasinc.com\\\/it\\\/product\\\/comprare-restoril-30-mg-temazepam-pillole\\\/#breadcrumb\"},\"inLanguage\":\"it-IT\",\"potentialAction\":[{\"@type\":\"ReadAction\",\"target\":[\"https:\\\/\\\/medicinasinc.com\\\/it\\\/product\\\/comprare-restoril-30-mg-temazepam-pillole\\\/\"]}]},{\"@type\":\"ImageObject\",\"inLanguage\":\"it-IT\",\"@id\":\"https:\\\/\\\/medicinasinc.com\\\/it\\\/product\\\/comprare-restoril-30-mg-temazepam-pillole\\\/#primaryimage\",\"url\":\"https:\\\/\\\/medicinasinc.com\\\/it\\\/wp-content\\\/uploads\\\/sites\\\/4\\\/2022\\\/02\\\/Buy-Restoril-30-mg-Temazepam-pills.jpg\",\"contentUrl\":\"https:\\\/\\\/medicinasinc.com\\\/it\\\/wp-content\\\/uploads\\\/sites\\\/4\\\/2022\\\/02\\\/Buy-Restoril-30-mg-Temazepam-pills.jpg\",\"width\":2064,\"height\":1073},{\"@type\":\"BreadcrumbList\",\"@id\":\"https:\\\/\\\/medicinasinc.com\\\/it\\\/product\\\/comprare-restoril-30-mg-temazepam-pillole\\\/#breadcrumb\",\"itemListElement\":[{\"@type\":\"ListItem\",\"position\":1,\"name\":\"Negozio\",\"item\":\"https:\\\/\\\/medicinasinc.com\\\/it\\\/negozio\\\/\"},{\"@type\":\"ListItem\",\"position\":2,\"name\":\"Acquista Restoril 30 mg di compresse di Temazepam\"}]},{\"@type\":\"WebSite\",\"@id\":\"https:\\\/\\\/medicinasinc.com\\\/it\\\/#website\",\"url\":\"https:\\\/\\\/medicinasinc.com\\\/it\\\/\",\"name\":\"Medicinas Inc\",\"description\":\"Health Medical Clinic\",\"potentialAction\":[{\"@type\":\"SearchAction\",\"target\":{\"@type\":\"EntryPoint\",\"urlTemplate\":\"https:\\\/\\\/medicinasinc.com\\\/it\\\/?s={search_term_string}\"},\"query-input\":{\"@type\":\"PropertyValueSpecification\",\"valueRequired\":true,\"valueName\":\"search_term_string\"}}],\"inLanguage\":\"it-IT\"}]}<\/script>\n<!-- \/ Yoast SEO plugin. -->","yoast_head_json":{"title":"Acquista Restoril 30 mg di compresse di Temazepam - Best Best Global Meds","description":"La pillola con impronta RESTORIL 30 mg M FOR SLEEP \u00e8 blu\/marrone, a forma di capsula ed \u00e8 stata identificata come Restoril 30 mg. Acquista RESTORIL 30 mg M PER IL SONNO.","robots":{"index":"index","follow":"follow","max-snippet":"max-snippet:-1","max-image-preview":"max-image-preview:large","max-video-preview":"max-video-preview:-1"},"canonical":"https:\/\/medicinasinc.com\/it\/product\/comprare-restoril-30-mg-temazepam-pillole\/","og_locale":"it_IT","og_type":"article","og_title":"Acquista Restoril 30 mg di compresse di Temazepam - Best Best Global Meds","og_description":"La pillola con impronta RESTORIL 30 mg M FOR SLEEP \u00e8 blu\/marrone, a forma di capsula ed \u00e8 stata identificata come Restoril 30 mg. Acquista RESTORIL 30 mg M PER IL SONNO.","og_url":"https:\/\/medicinasinc.com\/it\/product\/comprare-restoril-30-mg-temazepam-pillole\/","og_site_name":"Medicinas Inc","article_modified_time":"2022-03-17T00:20:48+00:00","og_image":[{"width":2064,"height":1073,"url":"https:\/\/medicinasinc.com\/it\/wp-content\/uploads\/sites\/4\/2022\/02\/Buy-Restoril-30-mg-Temazepam-pills.jpg","type":"image\/jpeg"}],"twitter_card":"summary_large_image","twitter_misc":{"Tempo di lettura stimato":"3 minuti"},"schema":{"@context":"https:\/\/schema.org","@graph":[{"@type":"WebPage","@id":"https:\/\/medicinasinc.com\/it\/product\/comprare-restoril-30-mg-temazepam-pillole\/","url":"https:\/\/medicinasinc.com\/it\/product\/comprare-restoril-30-mg-temazepam-pillole\/","name":"Acquista Restoril 30 mg di compresse di Temazepam - Best Best Global Meds","isPartOf":{"@id":"https:\/\/medicinasinc.com\/it\/#website"},"primaryImageOfPage":{"@id":"https:\/\/medicinasinc.com\/it\/product\/comprare-restoril-30-mg-temazepam-pillole\/#primaryimage"},"image":{"@id":"https:\/\/medicinasinc.com\/it\/product\/comprare-restoril-30-mg-temazepam-pillole\/#primaryimage"},"thumbnailUrl":"https:\/\/medicinasinc.com\/it\/wp-content\/uploads\/sites\/4\/2022\/02\/Buy-Restoril-30-mg-Temazepam-pills.jpg","datePublished":"2022-02-21T18:36:34+00:00","dateModified":"2022-03-17T00:20:48+00:00","description":"La pillola con impronta RESTORIL 30 mg M FOR SLEEP \u00e8 blu\/marrone, a forma di capsula ed \u00e8 stata identificata come Restoril 30 mg. Acquista RESTORIL 30 mg M PER IL SONNO.","breadcrumb":{"@id":"https:\/\/medicinasinc.com\/it\/product\/comprare-restoril-30-mg-temazepam-pillole\/#breadcrumb"},"inLanguage":"it-IT","potentialAction":[{"@type":"ReadAction","target":["https:\/\/medicinasinc.com\/it\/product\/comprare-restoril-30-mg-temazepam-pillole\/"]}]},{"@type":"ImageObject","inLanguage":"it-IT","@id":"https:\/\/medicinasinc.com\/it\/product\/comprare-restoril-30-mg-temazepam-pillole\/#primaryimage","url":"https:\/\/medicinasinc.com\/it\/wp-content\/uploads\/sites\/4\/2022\/02\/Buy-Restoril-30-mg-Temazepam-pills.jpg","contentUrl":"https:\/\/medicinasinc.com\/it\/wp-content\/uploads\/sites\/4\/2022\/02\/Buy-Restoril-30-mg-Temazepam-pills.jpg","width":2064,"height":1073},{"@type":"BreadcrumbList","@id":"https:\/\/medicinasinc.com\/it\/product\/comprare-restoril-30-mg-temazepam-pillole\/#breadcrumb","itemListElement":[{"@type":"ListItem","position":1,"name":"Negozio","item":"https:\/\/medicinasinc.com\/it\/negozio\/"},{"@type":"ListItem","position":2,"name":"Acquista Restoril 30 mg di compresse di Temazepam"}]},{"@type":"WebSite","@id":"https:\/\/medicinasinc.com\/it\/#website","url":"https:\/\/medicinasinc.com\/it\/","name":"Medicinas Inc","description":"Health Medical Clinic","potentialAction":[{"@type":"SearchAction","target":{"@type":"EntryPoint","urlTemplate":"https:\/\/medicinasinc.com\/it\/?s={search_term_string}"},"query-input":{"@type":"PropertyValueSpecification","valueRequired":true,"valueName":"search_term_string"}}],"inLanguage":"it-IT"}]}},"_links":{"self":[{"href":"https:\/\/medicinasinc.com\/it\/wp-json\/wp\/v2\/product\/5309","targetHints":{"allow":["GET"]}}],"collection":[{"href":"https:\/\/medicinasinc.com\/it\/wp-json\/wp\/v2\/product"}],"about":[{"href":"https:\/\/medicinasinc.com\/it\/wp-json\/wp\/v2\/types\/product"}],"replies":[{"embeddable":true,"href":"https:\/\/medicinasinc.com\/it\/wp-json\/wp\/v2\/comments?post=5309"}],"wp:featuredmedia":[{"embeddable":true,"href":"https:\/\/medicinasinc.com\/it\/wp-json\/wp\/v2\/media\/5319"}],"wp:attachment":[{"href":"https:\/\/medicinasinc.com\/it\/wp-json\/wp\/v2\/media?parent=5309"}],"wp:term":[{"taxonomy":"product_brand","embeddable":true,"href":"https:\/\/medicinasinc.com\/it\/wp-json\/wp\/v2\/product_brand?post=5309"},{"taxonomy":"product_cat","embeddable":true,"href":"https:\/\/medicinasinc.com\/it\/wp-json\/wp\/v2\/product_cat?post=5309"},{"taxonomy":"product_tag","embeddable":true,"href":"https:\/\/medicinasinc.com\/it\/wp-json\/wp\/v2\/product_tag?post=5309"}],"curies":[{"name":"wp","href":"https:\/\/api.w.org\/{rel}","templated":true}]}}