{"id":5296,"date":"2022-02-21T18:20:49","date_gmt":"2022-02-21T18:20:49","guid":{"rendered":"https:\/\/medicinasinc.com\/it\/?post_type=product&#038;p=5296"},"modified":"2022-03-17T00:20:56","modified_gmt":"2022-03-17T00:20:56","slug":"buy-phenida-10mg-pillole","status":"publish","type":"product","link":"https:\/\/medicinasinc.com\/it\/product\/buy-phenida-10mg-pillole\/","title":{"rendered":"Acquista Phenida 10mg Pillole"},"content":{"rendered":"<p>Phenida (metilfenidato hcl) Le pillole da 10 mg possono essere acquistate su Internet.<\/p>\n<p>Abbiamo la migliore farmacia online dove puoi acquistare Phenida, quindi acquistala ora.<\/p>\n<p>PHENIDA \u00e8 un farmaco che aiuta le persone con ADD\/ADHD. Qui \u00e8 dove puoi trovare maggiori informazioni su ADD\/ADHD e altri fenidi.<\/p>\n<p>ADD\/ADHD:<\/p>\n<p>Se hai l&#8217;ADHD, potresti non essere in grado di mantenere la tua attenzione, sii troppo attivo o non essere in grado di controllare il tuo comportamento. L&#8217;et\u00e0 e lo sviluppo di una persona non possono creare questi problemi di ADHD se sono al di fuori dell&#8217;intervallo normale per l&#8217;et\u00e0 o lo sviluppo di quella persona.<\/p>\n<p>Farmaci per ADD e ADHD? Questo sito vende fenida (metilfenidato hcl) 10 mg.<\/p>\n<p>Il disturbo da deficit di attenzione e iperattivit\u00e0 (ADHD) \u00e8 uno dei disturbi infantili pi\u00f9 comuni e pu\u00f2 durare fino all&#8217;adolescenza e anche all&#8217;et\u00e0 adulta. Tra i sintomi ci sono difficolt\u00e0 a rimanere concentrati e prestare attenzione, difficolt\u00e0 a controllare il comportamento e iperattivit\u00e0 (iperattivit\u00e0).<\/p>\n<p>Per acquistare le compresse ADD (Attention Deficit Disorder) online senza prescrizione medica, puoi visitare il sito Web .<\/p>\n<p>I seguenti sono i diversi tipi di metilfenidato: metilfenidato HCL, metilfenidato HCL, metilfenidato HCL ER, metilfenidato HCL, metilfenidato HCL, metilfenidato HCL, metilfenidato HCL 20 mg, metilfenidato HCL 10 mg e metilfenidato HCL cd. Quando acquisti compresse di metilfenidato hcl, cosa sono? metilfenidato hcl er 20 mg, metilfenidato hcl 18 mg, metilfenidato hcl er cd, metilfenidato hcl er 10 mg, forme di dosaggio di metilfenidato hcl e metilfenidato hcl vs metilfenidato hcl sono alcune delle domande che le persone mi fanno.<\/p>\n","protected":false},"excerpt":{"rendered":"<div class=\"woocommerce-product-details__short-description\">\n<p>Phenida 10mg Pills possono essere acquistate online. sonniferi da banco, farmacia online nel Regno Unito, pillole di steroidi in vendita, sonniferi forti, farmaci antidolorifici.<\/p>\n<\/p><\/div>\n","protected":false},"featured_media":5307,"comment_status":"open","ping_status":"closed","template":"","meta":[],"product_brand":[],"product_cat":[1117],"product_tag":[1794,1800,1799,1795,1836,1797,1801,1798,1803,1802,1826,1847,1848,1846,1849,1808,1807,1809,1827,1831,1832,1837,1804,1843,1845,1805,1806,1810,1814,1815,1816,1817,1822,1823,1824,1825,1811,1812,1819,1820,1821,1813,1818,1828,1796,1829,1830,1835,1833,1834,1841,1840,1839,1844,1838,1842,1850],"class_list":{"0":"post-5296","1":"product","2":"type-product","3":"status-publish","4":"has-post-thumbnail","6":"product_cat-comprare-pillole-sesso-dolore-per-dormire","7":"product_tag-accepts-paypal","8":"product_tag-compra-fenida-online","9":"product_tag-acquistare-fenida-metilfenidato-hcl-10mg-online","10":"product_tag-adhd","11":"product_tag-phenida-bottiglia","12":"product_tag-bulgaria-phenida","13":"product_tag-buy-phenidano-prescription","14":"product_tag-negozio-fenida","15":"product_tag-buyphenidacarta-di-credito","16":"product_tag-comprare-fenida-10mg","17":"product_tag-metilfenidato-hcl-er-compresse","18":"product_tag-cos-metilfenidato-hcl","19":"product_tag-cos-fenida","20":"product_tag-cosa-significa-fenida","21":"product_tag-dove-acquistare-phenida","22":"product_tag--fenida-come-ritalin","23":"product_tag--fenida-stesso-adderale","24":"product_tag--phenida-stesso-sadder","25":"product_tag-metilfenidato-hcl-effetti-collaterali","26":"product_tag-fenida","27":"product_tag-fenida-metilfenidato-hcl-10-mg","28":"product_tag-fenida-bulgeria","29":"product_tag-generico-ritalin-fenida","30":"product_tag-fenida-ritalin","31":"product_tag-phenida-zafa","32":"product_tag-generic-phenida","33":"product_tag--focalina-chiamato-anche-fenida","34":"product_tag-methylphenidate-hcl","35":"product_tag-methylphenidate-hcl-20mg","36":"product_tag-methylphenidate-hcl-5mg","37":"product_tag-methylphenidate-hcl-cd","38":"product_tag-methylphenidate-hcl-dosage-forms","39":"product_tag-methylphenidate-hcl-er-27-mg","40":"product_tag-methylphenidate-hcl-er-36-mg","41":"product_tag-methylphenidate-hcl-er-54-mg","42":"product_tag-methylphenidate-hcl-er-cd","43":"product_tag-metilfenidato-hcl-10-mg","44":"product_tag-metilfenidato-hcl-18-mg","45":"product_tag-metilfenidato-hcl-er-10-mg","46":"product_tag-metilfenidato-hcl-er-18-mg","47":"product_tag-metilfenidato-hcl-er-20-mg","48":"product_tag-metilfenidato-hcl-20-mg","49":"product_tag-metilfenidato-hcl-er","50":"product_tag-metilfenidato-vs-metilfenidato-hcl","51":"product_tag-miglior-fenida-metilfenidato-hcl-10mg-online","52":"product_tag-senza-ricetta","53":"product_tag-orderphenida","54":"product_tag-phenida-methylphenidate-hcl-10mg-review","55":"product_tag-fenida-metilfenidato-hcl-10mg-in-vendita-online","56":"product_tag-fenida-metilfenidato-hcl-10mg-prezzo","57":"product_tag-phenida-online-trusted-farmacia-bitcoin","58":"product_tag-phenida-farmacia-online","59":"product_tag-phenida-online","60":"product_tag-phenida-ritalin-zafa","61":"product_tag-phenida-senza-ricetta","62":"product_tag-phenida-recensioni","63":"product_tag-zafa-fenida","65":"first","66":"instock","67":"shipping-taxable","68":"purchasable","69":"product-type-variable","70":"has-default-attributes"},"yoast_head":"<!-- This site is optimized with the Yoast SEO plugin v27.3 - https:\/\/yoast.com\/product\/yoast-seo-wordpress\/ -->\n<title>Acquista Phenida 10mg Pills - I migliori migliori farmaci globali<\/title>\n<meta name=\"description\" content=\"Acquista online le pillole Phenida 10mg. sonniferi da banco, pillole d&#039;ordine online, pillole di steroidi in vendita, sonniferi forti, farmaci antidolorifici, farmacia online uk.\" \/>\n<meta name=\"robots\" content=\"index, follow, max-snippet:-1, max-image-preview:large, max-video-preview:-1\" \/>\n<link rel=\"canonical\" href=\"https:\/\/medicinasinc.com\/it\/product\/buy-phenida-10mg-pillole\/\" \/>\n<meta property=\"og:locale\" content=\"it_IT\" \/>\n<meta property=\"og:type\" content=\"article\" \/>\n<meta property=\"og:title\" content=\"Acquista Phenida 10mg Pills - I migliori migliori farmaci globali\" \/>\n<meta property=\"og:description\" content=\"Acquista online le pillole Phenida 10mg. sonniferi da banco, pillole d&#039;ordine online, pillole di steroidi in vendita, sonniferi forti, farmaci antidolorifici, farmacia online uk.\" \/>\n<meta property=\"og:url\" content=\"https:\/\/medicinasinc.com\/it\/product\/buy-phenida-10mg-pillole\/\" \/>\n<meta property=\"og:site_name\" content=\"Medicinas Inc\" \/>\n<meta property=\"article:modified_time\" content=\"2022-03-17T00:20:56+00:00\" \/>\n<meta property=\"og:image\" content=\"https:\/\/medicinasinc.com\/it\/wp-content\/uploads\/sites\/4\/2022\/02\/buy-phenida-10mg-pills-online.jpg\" \/>\n\t<meta property=\"og:image:width\" content=\"600\" \/>\n\t<meta property=\"og:image:height\" content=\"600\" \/>\n\t<meta property=\"og:image:type\" content=\"image\/jpeg\" \/>\n<meta name=\"twitter:card\" content=\"summary_large_image\" \/>\n<meta name=\"twitter:label1\" content=\"Tempo di lettura stimato\" \/>\n\t<meta name=\"twitter:data1\" content=\"2 minuti\" \/>\n<script type=\"application\/ld+json\" class=\"yoast-schema-graph\">{\"@context\":\"https:\\\/\\\/schema.org\",\"@graph\":[{\"@type\":\"WebPage\",\"@id\":\"https:\\\/\\\/medicinasinc.com\\\/it\\\/product\\\/buy-phenida-10mg-pillole\\\/\",\"url\":\"https:\\\/\\\/medicinasinc.com\\\/it\\\/product\\\/buy-phenida-10mg-pillole\\\/\",\"name\":\"Acquista Phenida 10mg Pills - I migliori migliori farmaci globali\",\"isPartOf\":{\"@id\":\"https:\\\/\\\/medicinasinc.com\\\/it\\\/#website\"},\"primaryImageOfPage\":{\"@id\":\"https:\\\/\\\/medicinasinc.com\\\/it\\\/product\\\/buy-phenida-10mg-pillole\\\/#primaryimage\"},\"image\":{\"@id\":\"https:\\\/\\\/medicinasinc.com\\\/it\\\/product\\\/buy-phenida-10mg-pillole\\\/#primaryimage\"},\"thumbnailUrl\":\"https:\\\/\\\/medicinasinc.com\\\/it\\\/wp-content\\\/uploads\\\/sites\\\/4\\\/2022\\\/02\\\/buy-phenida-10mg-pills-online.jpg\",\"datePublished\":\"2022-02-21T18:20:49+00:00\",\"dateModified\":\"2022-03-17T00:20:56+00:00\",\"description\":\"Acquista online le pillole Phenida 10mg. sonniferi da banco, pillole d'ordine online, pillole di steroidi in vendita, sonniferi forti, farmaci antidolorifici, farmacia online uk.\",\"breadcrumb\":{\"@id\":\"https:\\\/\\\/medicinasinc.com\\\/it\\\/product\\\/buy-phenida-10mg-pillole\\\/#breadcrumb\"},\"inLanguage\":\"it-IT\",\"potentialAction\":[{\"@type\":\"ReadAction\",\"target\":[\"https:\\\/\\\/medicinasinc.com\\\/it\\\/product\\\/buy-phenida-10mg-pillole\\\/\"]}]},{\"@type\":\"ImageObject\",\"inLanguage\":\"it-IT\",\"@id\":\"https:\\\/\\\/medicinasinc.com\\\/it\\\/product\\\/buy-phenida-10mg-pillole\\\/#primaryimage\",\"url\":\"https:\\\/\\\/medicinasinc.com\\\/it\\\/wp-content\\\/uploads\\\/sites\\\/4\\\/2022\\\/02\\\/buy-phenida-10mg-pills-online.jpg\",\"contentUrl\":\"https:\\\/\\\/medicinasinc.com\\\/it\\\/wp-content\\\/uploads\\\/sites\\\/4\\\/2022\\\/02\\\/buy-phenida-10mg-pills-online.jpg\",\"width\":600,\"height\":600},{\"@type\":\"BreadcrumbList\",\"@id\":\"https:\\\/\\\/medicinasinc.com\\\/it\\\/product\\\/buy-phenida-10mg-pillole\\\/#breadcrumb\",\"itemListElement\":[{\"@type\":\"ListItem\",\"position\":1,\"name\":\"Negozio\",\"item\":\"https:\\\/\\\/medicinasinc.com\\\/it\\\/negozio\\\/\"},{\"@type\":\"ListItem\",\"position\":2,\"name\":\"Acquista Phenida 10mg Pillole\"}]},{\"@type\":\"WebSite\",\"@id\":\"https:\\\/\\\/medicinasinc.com\\\/it\\\/#website\",\"url\":\"https:\\\/\\\/medicinasinc.com\\\/it\\\/\",\"name\":\"Medicinas Inc\",\"description\":\"Health Medical Clinic\",\"potentialAction\":[{\"@type\":\"SearchAction\",\"target\":{\"@type\":\"EntryPoint\",\"urlTemplate\":\"https:\\\/\\\/medicinasinc.com\\\/it\\\/?s={search_term_string}\"},\"query-input\":{\"@type\":\"PropertyValueSpecification\",\"valueRequired\":true,\"valueName\":\"search_term_string\"}}],\"inLanguage\":\"it-IT\"}]}<\/script>\n<!-- \/ Yoast SEO plugin. -->","yoast_head_json":{"title":"Acquista Phenida 10mg Pills - I migliori migliori farmaci globali","description":"Acquista online le pillole Phenida 10mg. sonniferi da banco, pillole d'ordine online, pillole di steroidi in vendita, sonniferi forti, farmaci antidolorifici, farmacia online uk.","robots":{"index":"index","follow":"follow","max-snippet":"max-snippet:-1","max-image-preview":"max-image-preview:large","max-video-preview":"max-video-preview:-1"},"canonical":"https:\/\/medicinasinc.com\/it\/product\/buy-phenida-10mg-pillole\/","og_locale":"it_IT","og_type":"article","og_title":"Acquista Phenida 10mg Pills - I migliori migliori farmaci globali","og_description":"Acquista online le pillole Phenida 10mg. sonniferi da banco, pillole d'ordine online, pillole di steroidi in vendita, sonniferi forti, farmaci antidolorifici, farmacia online uk.","og_url":"https:\/\/medicinasinc.com\/it\/product\/buy-phenida-10mg-pillole\/","og_site_name":"Medicinas Inc","article_modified_time":"2022-03-17T00:20:56+00:00","og_image":[{"width":600,"height":600,"url":"https:\/\/medicinasinc.com\/it\/wp-content\/uploads\/sites\/4\/2022\/02\/buy-phenida-10mg-pills-online.jpg","type":"image\/jpeg"}],"twitter_card":"summary_large_image","twitter_misc":{"Tempo di lettura stimato":"2 minuti"},"schema":{"@context":"https:\/\/schema.org","@graph":[{"@type":"WebPage","@id":"https:\/\/medicinasinc.com\/it\/product\/buy-phenida-10mg-pillole\/","url":"https:\/\/medicinasinc.com\/it\/product\/buy-phenida-10mg-pillole\/","name":"Acquista Phenida 10mg Pills - I migliori migliori farmaci globali","isPartOf":{"@id":"https:\/\/medicinasinc.com\/it\/#website"},"primaryImageOfPage":{"@id":"https:\/\/medicinasinc.com\/it\/product\/buy-phenida-10mg-pillole\/#primaryimage"},"image":{"@id":"https:\/\/medicinasinc.com\/it\/product\/buy-phenida-10mg-pillole\/#primaryimage"},"thumbnailUrl":"https:\/\/medicinasinc.com\/it\/wp-content\/uploads\/sites\/4\/2022\/02\/buy-phenida-10mg-pills-online.jpg","datePublished":"2022-02-21T18:20:49+00:00","dateModified":"2022-03-17T00:20:56+00:00","description":"Acquista online le pillole Phenida 10mg. sonniferi da banco, pillole d'ordine online, pillole di steroidi in vendita, sonniferi forti, farmaci antidolorifici, farmacia online uk.","breadcrumb":{"@id":"https:\/\/medicinasinc.com\/it\/product\/buy-phenida-10mg-pillole\/#breadcrumb"},"inLanguage":"it-IT","potentialAction":[{"@type":"ReadAction","target":["https:\/\/medicinasinc.com\/it\/product\/buy-phenida-10mg-pillole\/"]}]},{"@type":"ImageObject","inLanguage":"it-IT","@id":"https:\/\/medicinasinc.com\/it\/product\/buy-phenida-10mg-pillole\/#primaryimage","url":"https:\/\/medicinasinc.com\/it\/wp-content\/uploads\/sites\/4\/2022\/02\/buy-phenida-10mg-pills-online.jpg","contentUrl":"https:\/\/medicinasinc.com\/it\/wp-content\/uploads\/sites\/4\/2022\/02\/buy-phenida-10mg-pills-online.jpg","width":600,"height":600},{"@type":"BreadcrumbList","@id":"https:\/\/medicinasinc.com\/it\/product\/buy-phenida-10mg-pillole\/#breadcrumb","itemListElement":[{"@type":"ListItem","position":1,"name":"Negozio","item":"https:\/\/medicinasinc.com\/it\/negozio\/"},{"@type":"ListItem","position":2,"name":"Acquista Phenida 10mg Pillole"}]},{"@type":"WebSite","@id":"https:\/\/medicinasinc.com\/it\/#website","url":"https:\/\/medicinasinc.com\/it\/","name":"Medicinas Inc","description":"Health Medical Clinic","potentialAction":[{"@type":"SearchAction","target":{"@type":"EntryPoint","urlTemplate":"https:\/\/medicinasinc.com\/it\/?s={search_term_string}"},"query-input":{"@type":"PropertyValueSpecification","valueRequired":true,"valueName":"search_term_string"}}],"inLanguage":"it-IT"}]}},"_links":{"self":[{"href":"https:\/\/medicinasinc.com\/it\/wp-json\/wp\/v2\/product\/5296","targetHints":{"allow":["GET"]}}],"collection":[{"href":"https:\/\/medicinasinc.com\/it\/wp-json\/wp\/v2\/product"}],"about":[{"href":"https:\/\/medicinasinc.com\/it\/wp-json\/wp\/v2\/types\/product"}],"replies":[{"embeddable":true,"href":"https:\/\/medicinasinc.com\/it\/wp-json\/wp\/v2\/comments?post=5296"}],"wp:featuredmedia":[{"embeddable":true,"href":"https:\/\/medicinasinc.com\/it\/wp-json\/wp\/v2\/media\/5307"}],"wp:attachment":[{"href":"https:\/\/medicinasinc.com\/it\/wp-json\/wp\/v2\/media?parent=5296"}],"wp:term":[{"taxonomy":"product_brand","embeddable":true,"href":"https:\/\/medicinasinc.com\/it\/wp-json\/wp\/v2\/product_brand?post=5296"},{"taxonomy":"product_cat","embeddable":true,"href":"https:\/\/medicinasinc.com\/it\/wp-json\/wp\/v2\/product_cat?post=5296"},{"taxonomy":"product_tag","embeddable":true,"href":"https:\/\/medicinasinc.com\/it\/wp-json\/wp\/v2\/product_tag?post=5296"}],"curies":[{"name":"wp","href":"https:\/\/api.w.org\/{rel}","templated":true}]}}