{"id":5295,"date":"2022-02-21T18:18:17","date_gmt":"2022-02-21T18:18:17","guid":{"rendered":"https:\/\/medicinasinc.com\/it\/?post_type=product&#038;p=5295"},"modified":"2022-03-17T00:21:13","modified_gmt":"2022-03-17T00:21:13","slug":"buy-percocet-10mg-pillole","status":"publish","type":"product","link":"https:\/\/medicinasinc.com\/it\/product\/buy-percocet-10mg-pillole\/","title":{"rendered":"Acquista Percocet 10 mg pillole"},"content":{"rendered":"<h1 style=\"text-align: center\">Compra le pillole di Percocet 10mg online.<\/h1>\n<div class=\"Section\" style=\"text-align: center\">\n<h1>DESCRIZIONE<\/h1>\n<p class=\"First\"><span class=\"Bold\">L&#8217;ossicodone cloridrato e il paracetamolo sono disponibili in compresse per somministrazione orale.<\/span><\/p>\n<p>Ogni compressa per somministrazione orale contiene ossicodone cloridrato e paracetamolo nei seguenti dosaggi :<\/p>\n<p>Ossicodone cloridrato, USP\u00a0\u00a0\u00a0\u00a0\u00a0\u00a0\u00a0\u00a0\u00a0\u00a0\u00a0\u00a0 2,5 mg*<br \/> (*2,5 mg di ossicodone\u00a0cloridrato equivalgono a 2,2409 mg di ossicodone.)<br \/> Acetaminofene, USP\u00a0\u00a0\u00a0\u00a0\u00a0\u00a0\u00a0\u00a0\u00a0\u00a0\u00a0\u00a0\u00a0\u00a0 \u00a0\u00a0\u00a0\u00a0\u00a0\u00a0\u00a0\u00a0\u00a0\u00a0\u00a0\u00a0 325 mg<\/p>\n<p> Ossicodone cloridrato, USP\u00a0\u00a0\u00a0\u00a0\u00a0\u00a0\u00a0\u00a0\u00a0\u00a0\u00a0\u00a0 5 mg*<br \/> (*5 mg di ossicodone\u00a0cloridrato equivalgono a 4,4815 mg di ossicodone.)<br \/> Acetaminofene, USP\u00a0\u00a0\u00a0\u00a0\u00a0\u00a0\u00a0\u00a0\u00a0\u00a0\u00a0\u00a0\u00a0\u00a0\u00a0 \u00a0\u00a0\u00a0\u00a0\u00a0\u00a0\u00a0\u00a0\u00a0\u00a0\u00a0 325 mg<\/p>\n<p>Ossicodone cloridrato, USP\u00a0\u00a0\u00a0\u00a0\u00a0\u00a0\u00a0\u00a0\u00a0\u00a0\u00a0\u00a0\u00a0\u00a0\u00a0\u00a0\u00a0\u00a0\u00a0\u00a0 \u00a0\u00a0\u00a0\u00a0\u00a0\u00a0\u00a0\u00a0\u00a0\u00a0\u00a0 325 mg<\/p>\n<p>Ossicodone cloridrato, USP\u00a0\u00a0\u00a0\u00a0\u00a0\u00a0br \/&gt; (*7,5 mg di ossicodone\u00a0cloridrato equivalgono a 6,7228 mg di ossicodone.)<br \/> Acetaminofene, USP\u00a0\u00a0\u00a0\u00a0\u00a0\u00a0\u00a0\u00a0\u00a0\u00a0\u00a0\u00a0\u00a0\u00a0\u00a0 \u00a0\u00a0\u00a0\u00a0\u00a0\u00a0\u00a0\u00a0\u00a0\u00a0\u00a0\u00a0 325 mg<\/p>\n<p>Ossicodone H cloridrato, USP\u00a0\u00a0\u00a0\u00a0\u00a0\u00a0\u00a0\u00a0\u00a0\u00a0\u00a0 10 mg*<br \/> (*10 mg di ossicodone cloridrato equivalgono a 8,9637 mg di ossicodone.)<br \/> Acetaminofene, USP\u00a0\u00a0\u00a0\u00a0\u00a0\u00a0\u00a0\u00a0\u00a0\u00a0\u00a0\u00a0\u00a0\u00a0\u00a0 \u00a0\u00a0\u00a0\u00a0\u00a0\u00a0\u00a0\u00a0\u00a0\u00a0\u00a0 325 mg<\/p>\n<p>Tutti i dosaggi di\u00a0<strong>PERCOCET<\/p>\n<p> strong&gt;\u00a0contengono anche i seguenti ingredienti inattivi: biossido di silicio colloidale, croscarmellosa sodica, cellulosa microcristallina, povidone, amido di mais pregelatinizzato e acido stearico. Pu\u00f2 contenere anche crospovidone. Inoltre, il dosaggio da 2,5 mg\/325 mg contiene FD&amp;C Red No. 40 Aluminium Lake e il dosaggio da 5 mg\/325 mg contiene FD&amp;C Blue No. 1 Aluminium Lake. La forza di 7,5 mg\/325 mg contiene FD&amp;C Yellow No. 6 Aluminium Lake. Il dosaggio di 10 mg\/325 mg contiene D&amp;C Yellow No. 10 Aluminium Lake. Il dosaggio di 7,5 mg\/325 mg e il dosaggio di 10 mg\/325 mg possono contenere anche amido di mais.<\/p>\n<p>Le compresse di ossicodone cloridrato e acetaminofene contengono ossicodone, 14-idrossidiidrocodeinone, un analgesico oppioide semisintetico che si presenta come bianco a polvere cristallina fine biancastra. La formula molecolare dell&#8217;ossicodone cloridrato \u00e8 C<span class=\"Sub\">18<\/span>H<span class=\"Sub\">21<\/span>NO<span class=\"Sub\">4<\/span>\u00a0\u2219 HCl e il peso molecolare \u00e8 351,82. \u00c8 derivato dall&#8217;alcaloide dell&#8217;oppio, la tebaina, e pu\u00f2 essere rappresentato dalla seguente formula strutturale:<\/p>\n<div class=\"Figure\"><img decoding=\"async\" src=\"https:\/\/www.endo.com\/Image%20Library \/Endo\/EndoPharma\/Products\/Prescribing_Information\/pert-oxy-and-apap-tab-usp-1.jpg\" alt=\"struttura chimica dell'ossicodone cloridrato\" \/><\/div>\n<p>Le compresse di ossicodone cloridrato e acetaminofene contengono paracetamolo, 4\u2032-idrossiacetanilide, \u00e8 un analgesico e antipiretico non oppiaceo, non salicilato che si presenta come una polvere cristallina bianca, inodore. La formula molecolare per il paracetamolo \u00e8 C<span class=\"Sub\">8<\/span>H<span class=\"Sub\">9<\/span>NO<span class=\"Sub\">2<\/span>\u00a0e la il peso molecolare \u00e8 151,16. Pu\u00f2 essere rappresentato dalla seguente formula strutturale:<\/p>\n<div class=\"Figure\"><img decoding=\"async\" src=\"https:\/\/www.endo.com\/Image%20Library\/Endo\/EndoPharma\/Products\/Prescribing_Information\/pert -oxy-and-apap-tab-usp-2.jpg\" alt=\"Formula strutturale acetaminofene\" \/>&nbsp;<\/p>\n<p class=\"MultiMediaCaption\">Formula strutturale acetaminofene<\/p>\n<\/p><\/div><\/div>\n<div class=\"Section\" style=\"text-align: center\">\n<p>Ogni compressa, per somministrazione orale, contiene ossicodone cloridrato e paracetamolo nei seguenti dosaggi:<\/p>\n<p>Ossicodone cloridrato, USP\u00a02,5 mg*<br \/> Acetaminofene, USP 325 mg<br \/> *2,5 mg di ossicodone HCl equivalgono a 2,2409 mg di ossicodone.<\/p>\n<p>Ossicodone cloridrato, USP\u00a05 mg*<br \/> Acetaminofene, USP 325 mg<br \/> *5 mg di ossicodone HCl equivalgono a 4,4815 mg di ossicodone.<\/p>\n<p>Ossicodone cloridrato, USP\u00a07,5 mg*<br \/> Acetaminofene, USP 325 mg<br \/> *7,5 mg ossicodone HCl \u00e8 equivalente a 6,7228 mg di ossicodone.<\/p>\n<p>Ossicodone cloridrato, USP\u00a010 mg*<br \/> Acetami nophen, USP 325 mg<br \/> *10 mg di ossicodone HCl equivalgono a 8,9637 mg di ossicodone.<\/p>\n<p>Tutti i dosaggi di PERCOCET contengono anche i seguenti ingredienti inattivi: Biossido di silicio colloidale, croscarmellosa sodica, crospovidone, cellulosa microcristallina, povidone, amido di mais pregelatinizzato e acido stearico. Inoltre, il dosaggio da 2,5 mg\/325 mg contiene FD&amp;C Red No. 40 Aluminium Lake e il dosaggio da 5 mg\/325 mg contiene FD&amp;C Blue No. 1 Aluminium Lake. Il dosaggio di 7,5 mg\/325 mg contiene FD&amp;C Yellow No. 6 Aluminium Lake. Il dosaggio di 10 mg\/325 mg contiene D&amp;C Yellow No. 10 Aluminium Lake. I dosaggi da 7,5 mg\/325 mg e 10 mg\/325 mg possono contenere anche amido di mais.<\/p>\n<p>L&#8217;ossicodone, 14-idrossidiidrocodeinone, \u00e8 un analgesico oppioide semisintetico che si presenta come una polvere cristallina bianca, inodore, con una soluzione salina , sapore amaro. La formula molecolare dell&#8217;ossicodone cloridrato \u00e8 C<sub>18<\/sub>H<sub>21<\/sub>NO<sub>4<\/sub>\u2022HCl e il peso molecolare \u00e8 351,82. \u00c8 derivato dall&#8217;alcaloide dell&#8217;oppio tebaina e pu\u00f2 essere rappresentato dalla seguente formula strutturale:<\/p>\n<p>&nbsp;<\/p>\n<table class=\"blackpic\" width=\"256\" cellspacing=\"0\">\n<tbody>\n<tr>\n<td><img loading=\"lazy\" decoding=\"async\" title=\"Ossicodone - illustrazione della formula strutturale\" src=\"https:\/\/images.rxlist.com\/images\/rxlist\/oxyapap1.gif\" alt=\"Ossicodone - illustrazione della formula strutturale\" width=\"256\" height=\"154\" \/><\/td>\n<\/tr>\n<\/tbody>\n<\/table>\n<p>&nbsp;<\/p>\n<p>Il paracetamolo, 4\u2032-idrossiacetanilide, non \u00e8 un -oppiaceo, analgesico non salicilato e antipiretico che si presenta come una polvere cristallina bianca, inodore, dal sapore leggermente amaro. La formula molecolare del paracetamolo \u00e8 C<sub>8<\/sub>H<sub>9<\/sub>NO<sub>2<\/sub>\u00a0e il peso molecolare \u00e8 151,17. Pu\u00f2 essere rappresentato dalla seguente formula strutturale:<\/p>\n<p>&nbsp;<\/p>\n<table class=\"blackpic\" width=\"232\" cellspacing=\"0\">\n<tbody>\n<tr>\n<td> <img decoding=\"async\" title=\"Acetaminofene - illustrazione della formula strutturale\" src=\"https:\/\/images.rxlist.com\/images\/rxlist\/oxyapap2.gif\" alt=\"Acetaminofene - illustrazione della formula strutturale\" width=\"232\" height=\"106 \" \/><\/td>\n<\/tr>\n<\/tbody>\n<\/table><\/div>\n<p style=\"text-align: center\">Compra le pillole di Percocet 10mg online. Sono disponibili anche altre\u00a0pillole\u00a0come l&#8217;ossicodone. Sonniferi da banco in vendita a prezzi molto convenienti.<\/p>\n<p style=\"text-align: center\"><strong>per quanto tempo il percocet rimane nel tuo sistema, per quanto tempo il percocet rimane nel tuo sistema , che aspetto ha un percocet, come si sente il percocet, per quanto tempo rimane il percocet nelle urine, che cos&#8217;\u00e8 un percocet, che aspetto ha il percocet, a cosa serve il percocet, come farsi prescrivere il percocet, per quanto tempo il percocet rimanere nelle urine, cosa c&#8217;\u00e8 in percocet, quanto dura percocet, che aspetto ha un percocet 10, quanto tempo dura l&#8217;astinenza di percocet, di che colore \u00e8 percocet, perch\u00e9 il percocet ti fa prudere, cosa ti fa il percocet, cosa si sente un sballo di percocet, che aspetto hanno le pillole di percocet, quanto costa percocet, che aspetto ha un percocet 30, a quanto posso vendere percocet 5 325, a quanti percocet overdose, cos&#8217;\u00e8 pi\u00f9 forte norco o percocet, prurito percocet come fermarsi, quanto costa percocet senza assicurazione, quanto dura percocet high, quanto tempo rimane un percocet nel tuo sistema, che \u00e8 pi\u00f9 forte ossicodone o percocet, cos&#8217;\u00e8 pi\u00f9 forte vicodin o percocet, dove trovare il percocet, come ti fa sentire il percocet<\/strong><\/p>\n","protected":false},"excerpt":{"rendered":"<div class=\"woocommerce-product-details__short-description\">\n<p>Acquista le pillole di Percocet 10mg online. Sonniferi forti, farmaci antidolorifici, farmacia online nel Regno Unito, farmaci antidolorifici in vendita, farmaci antidolorifici, acquisto di farmaci online, acquistare antidolorifici online, acquistare antidolorifici online.<\/p>\n<\/p><\/div>\n","protected":false},"featured_media":5305,"comment_status":"open","ping_status":"closed","template":"","meta":[],"product_brand":[],"product_cat":[1117],"product_tag":[1721,1722,1792,1723,1724,1735,1775,1789,1788,1725,1790,1791,1761,1732,1784,1726,1763,1727,1762,1730,1731,1780,1734,1691,1736,1737,1738,1739,1745,1746,1747,1748,1749,1750,1751,1752,1753,1756,1757,1765,1729,1766,1740,1742,1743,1744,1755,1758,1769,1759,1760,1767,1772,1773,1774,1776,1777,1778,1733,1793,1741,1754,1768,1770,1781,1782,1771,1728,1779,1783,1764,1786,1785,1787],"class_list":{"0":"post-5295","1":"product","2":"type-product","3":"status-publish","4":"has-post-thumbnail","6":"product_cat-comprare-pillole-sesso-dolore-per-dormire","7":"product_tag-30-mg-percocet","8":"product_tag-5-mg-percocet","9":"product_tag-a-cosa-serve-percocet","10":"product_tag-blue-perct","11":"product_tag-buy-percocet-online","12":"product_tag-molly-percocet-canzone","13":"product_tag-percocet-canzone","14":"product_tag-che-aspetto-ha-un-percocet","15":"product_tag-cosa-fa-percocet-pillole-sembrano","16":"product_tag-cheap-percocet-pills","17":"product_tag-cosa-percocet-sembra","18":"product_tag-cosa--percocet","19":"product_tag-dosaggio-di-percocet","20":"product_tag--ossicodone-lo-stesso-percocet","21":"product_tag-effetti-collaterali-di-percocet","22":"product_tag-effetti-di-percozione","23":"product_tag-effetti-percocet","24":"product_tag-falso-perfetto","25":"product_tag-percocet-droga","26":"product_tag-how-long-does-percocet-stay-in-your-system","27":"product_tag-how-long-does-percocet-stay-in-your-urine","28":"product_tag-immagini-di-pillole-percocet","29":"product_tag-molly-percocet","30":"product_tag-ossicodone-vs-percocet","31":"product_tag-ossicontin-vs-percocet","32":"product_tag-pain-pills-for-sale-percocet","33":"product_tag-percocet-10","34":"product_tag-percocet-10-immagini","35":"product_tag-percocet-10-mg","36":"product_tag-percocet-15","37":"product_tag-percocet-15-mg","38":"product_tag-percocet-20-mg","39":"product_tag-percocet-30","40":"product_tag-percocet-30-mg","41":"product_tag-percocet-325","42":"product_tag-percocet-5","43":"product_tag-percocet-5-mg","44":"product_tag-percocet-512","45":"product_tag-percocet-7-5","46":"product_tag-percocet-alta","47":"product_tag-generico-percocet","48":"product_tag-percocet-in-spagnolo","49":"product_tag-percocet-10-giallo","50":"product_tag-percocet-10-325-efectos","51":"product_tag-percocet-10-325-efectos-bianco","52":"product_tag-percocet-10-325-espanolo","53":"product_tag-percocet-5-325-precio","54":"product_tag-percocet-7-5-325-effetti","55":"product_tag-percocet-pillole-dolore","56":"product_tag-percocet-e-alcol","57":"product_tag-percocet-e-xanax","58":"product_tag-percocet-molly","59":"product_tag-percocet-pills-for-sale","60":"product_tag-percocet-pills-images","61":"product_tag-percocet-side-effects","62":"product_tag-percocet-street-value","63":"product_tag-percocet-contro-tramadolo","64":"product_tag-percocet-contro-vicodin","65":"product_tag-prurito-percocetta","66":"product_tag-giallo-perca","67":"product_tag-percocet-10-325","68":"product_tag-percocet-5-325","69":"product_tag-percocet-online","70":"product_tag-percocet-pillola","71":"product_tag-pillole-che-sembrano-percocet","72":"product_tag-pillole-che-sembrano-percocet-5mg","73":"product_tag-pillole-di-percocet","74":"product_tag-pillole-false","75":"product_tag-percocet-ritiro","76":"product_tag-rosa-perc-c3-a9t","77":"product_tag-sensazione-di-percocet","78":"product_tag-tramadolo-vs-percocet","79":"product_tag-valore-di-percocet","80":"product_tag-vicodin-vs-percocet","82":"first","83":"instock","84":"shipping-taxable","85":"purchasable","86":"product-type-variable","87":"has-default-attributes"},"yoast_head":"<!-- This site is optimized with the Yoast SEO plugin v27.3 - https:\/\/yoast.com\/product\/yoast-seo-wordpress\/ -->\n<title>Acquista le pillole Percocet 10mg - Best Best Global Meds<\/title>\n<meta name=\"description\" content=\"Acquista le pillole di Percocet 10mg online. Sonniferi forti, farmaci antidolorifici, farmacia online nel Regno Unito, farmaci antidolorifici in vendita, farmaci antidolorifici, acquisto di medicinali online, acquistare antidolorifici online, acquistare antidolorifici online.\" \/>\n<meta name=\"robots\" content=\"index, follow, max-snippet:-1, max-image-preview:large, max-video-preview:-1\" \/>\n<link rel=\"canonical\" href=\"https:\/\/medicinasinc.com\/it\/product\/buy-percocet-10mg-pillole\/\" \/>\n<meta property=\"og:locale\" content=\"it_IT\" \/>\n<meta property=\"og:type\" content=\"article\" \/>\n<meta property=\"og:title\" content=\"Acquista le pillole Percocet 10mg - Best Best Global Meds\" \/>\n<meta property=\"og:description\" content=\"Acquista le pillole di Percocet 10mg online. Sonniferi forti, farmaci antidolorifici, farmacia online nel Regno Unito, farmaci antidolorifici in vendita, farmaci antidolorifici, acquisto di medicinali online, acquistare antidolorifici online, acquistare antidolorifici online.\" \/>\n<meta property=\"og:url\" content=\"https:\/\/medicinasinc.com\/it\/product\/buy-percocet-10mg-pillole\/\" \/>\n<meta property=\"og:site_name\" content=\"Medicinas Inc\" \/>\n<meta property=\"article:modified_time\" content=\"2022-03-17T00:21:13+00:00\" \/>\n<meta property=\"og:image\" content=\"https:\/\/medicinasinc.com\/it\/wp-content\/uploads\/sites\/4\/2022\/02\/Buy-Percocet-10mg-pills.jpg\" \/>\n\t<meta property=\"og:image:width\" content=\"600\" \/>\n\t<meta property=\"og:image:height\" content=\"400\" \/>\n\t<meta property=\"og:image:type\" content=\"image\/jpeg\" \/>\n<meta name=\"twitter:card\" content=\"summary_large_image\" \/>\n<meta name=\"twitter:label1\" content=\"Tempo di lettura stimato\" \/>\n\t<meta name=\"twitter:data1\" content=\"5 minuti\" \/>\n<script type=\"application\/ld+json\" class=\"yoast-schema-graph\">{\"@context\":\"https:\\\/\\\/schema.org\",\"@graph\":[{\"@type\":\"WebPage\",\"@id\":\"https:\\\/\\\/medicinasinc.com\\\/it\\\/product\\\/buy-percocet-10mg-pillole\\\/\",\"url\":\"https:\\\/\\\/medicinasinc.com\\\/it\\\/product\\\/buy-percocet-10mg-pillole\\\/\",\"name\":\"Acquista le pillole Percocet 10mg - Best Best Global Meds\",\"isPartOf\":{\"@id\":\"https:\\\/\\\/medicinasinc.com\\\/it\\\/#website\"},\"primaryImageOfPage\":{\"@id\":\"https:\\\/\\\/medicinasinc.com\\\/it\\\/product\\\/buy-percocet-10mg-pillole\\\/#primaryimage\"},\"image\":{\"@id\":\"https:\\\/\\\/medicinasinc.com\\\/it\\\/product\\\/buy-percocet-10mg-pillole\\\/#primaryimage\"},\"thumbnailUrl\":\"https:\\\/\\\/medicinasinc.com\\\/it\\\/wp-content\\\/uploads\\\/sites\\\/4\\\/2022\\\/02\\\/Buy-Percocet-10mg-pills.jpg\",\"datePublished\":\"2022-02-21T18:18:17+00:00\",\"dateModified\":\"2022-03-17T00:21:13+00:00\",\"description\":\"Acquista le pillole di Percocet 10mg online. Sonniferi forti, farmaci antidolorifici, farmacia online nel Regno Unito, farmaci antidolorifici in vendita, farmaci antidolorifici, acquisto di medicinali online, acquistare antidolorifici online, acquistare antidolorifici online.\",\"breadcrumb\":{\"@id\":\"https:\\\/\\\/medicinasinc.com\\\/it\\\/product\\\/buy-percocet-10mg-pillole\\\/#breadcrumb\"},\"inLanguage\":\"it-IT\",\"potentialAction\":[{\"@type\":\"ReadAction\",\"target\":[\"https:\\\/\\\/medicinasinc.com\\\/it\\\/product\\\/buy-percocet-10mg-pillole\\\/\"]}]},{\"@type\":\"ImageObject\",\"inLanguage\":\"it-IT\",\"@id\":\"https:\\\/\\\/medicinasinc.com\\\/it\\\/product\\\/buy-percocet-10mg-pillole\\\/#primaryimage\",\"url\":\"https:\\\/\\\/medicinasinc.com\\\/it\\\/wp-content\\\/uploads\\\/sites\\\/4\\\/2022\\\/02\\\/Buy-Percocet-10mg-pills.jpg\",\"contentUrl\":\"https:\\\/\\\/medicinasinc.com\\\/it\\\/wp-content\\\/uploads\\\/sites\\\/4\\\/2022\\\/02\\\/Buy-Percocet-10mg-pills.jpg\",\"width\":600,\"height\":400},{\"@type\":\"BreadcrumbList\",\"@id\":\"https:\\\/\\\/medicinasinc.com\\\/it\\\/product\\\/buy-percocet-10mg-pillole\\\/#breadcrumb\",\"itemListElement\":[{\"@type\":\"ListItem\",\"position\":1,\"name\":\"Negozio\",\"item\":\"https:\\\/\\\/medicinasinc.com\\\/it\\\/negozio\\\/\"},{\"@type\":\"ListItem\",\"position\":2,\"name\":\"Acquista Percocet 10 mg pillole\"}]},{\"@type\":\"WebSite\",\"@id\":\"https:\\\/\\\/medicinasinc.com\\\/it\\\/#website\",\"url\":\"https:\\\/\\\/medicinasinc.com\\\/it\\\/\",\"name\":\"Medicinas Inc\",\"description\":\"Health Medical Clinic\",\"potentialAction\":[{\"@type\":\"SearchAction\",\"target\":{\"@type\":\"EntryPoint\",\"urlTemplate\":\"https:\\\/\\\/medicinasinc.com\\\/it\\\/?s={search_term_string}\"},\"query-input\":{\"@type\":\"PropertyValueSpecification\",\"valueRequired\":true,\"valueName\":\"search_term_string\"}}],\"inLanguage\":\"it-IT\"}]}<\/script>\n<!-- \/ Yoast SEO plugin. -->","yoast_head_json":{"title":"Acquista le pillole Percocet 10mg - Best Best Global Meds","description":"Acquista le pillole di Percocet 10mg online. Sonniferi forti, farmaci antidolorifici, farmacia online nel Regno Unito, farmaci antidolorifici in vendita, farmaci antidolorifici, acquisto di medicinali online, acquistare antidolorifici online, acquistare antidolorifici online.","robots":{"index":"index","follow":"follow","max-snippet":"max-snippet:-1","max-image-preview":"max-image-preview:large","max-video-preview":"max-video-preview:-1"},"canonical":"https:\/\/medicinasinc.com\/it\/product\/buy-percocet-10mg-pillole\/","og_locale":"it_IT","og_type":"article","og_title":"Acquista le pillole Percocet 10mg - Best Best Global Meds","og_description":"Acquista le pillole di Percocet 10mg online. Sonniferi forti, farmaci antidolorifici, farmacia online nel Regno Unito, farmaci antidolorifici in vendita, farmaci antidolorifici, acquisto di medicinali online, acquistare antidolorifici online, acquistare antidolorifici online.","og_url":"https:\/\/medicinasinc.com\/it\/product\/buy-percocet-10mg-pillole\/","og_site_name":"Medicinas Inc","article_modified_time":"2022-03-17T00:21:13+00:00","og_image":[{"width":600,"height":400,"url":"https:\/\/medicinasinc.com\/it\/wp-content\/uploads\/sites\/4\/2022\/02\/Buy-Percocet-10mg-pills.jpg","type":"image\/jpeg"}],"twitter_card":"summary_large_image","twitter_misc":{"Tempo di lettura stimato":"5 minuti"},"schema":{"@context":"https:\/\/schema.org","@graph":[{"@type":"WebPage","@id":"https:\/\/medicinasinc.com\/it\/product\/buy-percocet-10mg-pillole\/","url":"https:\/\/medicinasinc.com\/it\/product\/buy-percocet-10mg-pillole\/","name":"Acquista le pillole Percocet 10mg - Best Best Global Meds","isPartOf":{"@id":"https:\/\/medicinasinc.com\/it\/#website"},"primaryImageOfPage":{"@id":"https:\/\/medicinasinc.com\/it\/product\/buy-percocet-10mg-pillole\/#primaryimage"},"image":{"@id":"https:\/\/medicinasinc.com\/it\/product\/buy-percocet-10mg-pillole\/#primaryimage"},"thumbnailUrl":"https:\/\/medicinasinc.com\/it\/wp-content\/uploads\/sites\/4\/2022\/02\/Buy-Percocet-10mg-pills.jpg","datePublished":"2022-02-21T18:18:17+00:00","dateModified":"2022-03-17T00:21:13+00:00","description":"Acquista le pillole di Percocet 10mg online. Sonniferi forti, farmaci antidolorifici, farmacia online nel Regno Unito, farmaci antidolorifici in vendita, farmaci antidolorifici, acquisto di medicinali online, acquistare antidolorifici online, acquistare antidolorifici online.","breadcrumb":{"@id":"https:\/\/medicinasinc.com\/it\/product\/buy-percocet-10mg-pillole\/#breadcrumb"},"inLanguage":"it-IT","potentialAction":[{"@type":"ReadAction","target":["https:\/\/medicinasinc.com\/it\/product\/buy-percocet-10mg-pillole\/"]}]},{"@type":"ImageObject","inLanguage":"it-IT","@id":"https:\/\/medicinasinc.com\/it\/product\/buy-percocet-10mg-pillole\/#primaryimage","url":"https:\/\/medicinasinc.com\/it\/wp-content\/uploads\/sites\/4\/2022\/02\/Buy-Percocet-10mg-pills.jpg","contentUrl":"https:\/\/medicinasinc.com\/it\/wp-content\/uploads\/sites\/4\/2022\/02\/Buy-Percocet-10mg-pills.jpg","width":600,"height":400},{"@type":"BreadcrumbList","@id":"https:\/\/medicinasinc.com\/it\/product\/buy-percocet-10mg-pillole\/#breadcrumb","itemListElement":[{"@type":"ListItem","position":1,"name":"Negozio","item":"https:\/\/medicinasinc.com\/it\/negozio\/"},{"@type":"ListItem","position":2,"name":"Acquista Percocet 10 mg pillole"}]},{"@type":"WebSite","@id":"https:\/\/medicinasinc.com\/it\/#website","url":"https:\/\/medicinasinc.com\/it\/","name":"Medicinas Inc","description":"Health Medical Clinic","potentialAction":[{"@type":"SearchAction","target":{"@type":"EntryPoint","urlTemplate":"https:\/\/medicinasinc.com\/it\/?s={search_term_string}"},"query-input":{"@type":"PropertyValueSpecification","valueRequired":true,"valueName":"search_term_string"}}],"inLanguage":"it-IT"}]}},"_links":{"self":[{"href":"https:\/\/medicinasinc.com\/it\/wp-json\/wp\/v2\/product\/5295","targetHints":{"allow":["GET"]}}],"collection":[{"href":"https:\/\/medicinasinc.com\/it\/wp-json\/wp\/v2\/product"}],"about":[{"href":"https:\/\/medicinasinc.com\/it\/wp-json\/wp\/v2\/types\/product"}],"replies":[{"embeddable":true,"href":"https:\/\/medicinasinc.com\/it\/wp-json\/wp\/v2\/comments?post=5295"}],"wp:featuredmedia":[{"embeddable":true,"href":"https:\/\/medicinasinc.com\/it\/wp-json\/wp\/v2\/media\/5305"}],"wp:attachment":[{"href":"https:\/\/medicinasinc.com\/it\/wp-json\/wp\/v2\/media?parent=5295"}],"wp:term":[{"taxonomy":"product_brand","embeddable":true,"href":"https:\/\/medicinasinc.com\/it\/wp-json\/wp\/v2\/product_brand?post=5295"},{"taxonomy":"product_cat","embeddable":true,"href":"https:\/\/medicinasinc.com\/it\/wp-json\/wp\/v2\/product_cat?post=5295"},{"taxonomy":"product_tag","embeddable":true,"href":"https:\/\/medicinasinc.com\/it\/wp-json\/wp\/v2\/product_tag?post=5295"}],"curies":[{"name":"wp","href":"https:\/\/api.w.org\/{rel}","templated":true}]}}