{"id":5293,"date":"2022-02-21T18:15:16","date_gmt":"2022-02-21T18:15:16","guid":{"rendered":"https:\/\/medicinasinc.com\/it\/?post_type=product&#038;p=5293"},"modified":"2022-03-17T00:21:33","modified_gmt":"2022-03-17T00:21:33","slug":"comprare-ossicodone-40mg-pillole","status":"publish","type":"product","link":"https:\/\/medicinasinc.com\/it\/product\/comprare-ossicodone-40mg-pillole\/","title":{"rendered":"Acquista le pillole di OxyCodone 40mg"},"content":{"rendered":"<p>Acquisto online di compresse di Ossicodone da 40 mg.<\/p>\n<p>Acquisto online di compresse di Ossicodone da 40 mg. Inoltre, vendiamo codeina. In tutto il mondo vengono utilizzati antidolorifici e altri farmaci.<\/p>\n<p>La farmacia online per l&#8217;acquisto di compresse di OxyCodone da 40 mg.<\/p>\n<p>Acquista Oxycodone Online | Acquista Ossicodone 40 mg senza prescrizione medica<\/p>\n<p>Puoi ottenere la consegna espressa utilizzando una carta di credito.<\/p>\n<p>Questo medicinale \u00e8 usato per alleviare il dolore grave e persistente (come dovuto a cancro).<\/p>\n<p>L&#8217;ossicodone \u00e8 un analgesico oppioide. Agisce alterando il modo in cui il tuo corpo percepisce e risponde al dolore nel cervello.<\/p>\n<p>Le dosi pi\u00f9 elevate di questo farmaco (pi\u00f9 di 40 mg per compressa) devono essere utilizzate solo se hai assunto dosi da moderate ad alte di farmaci antidolorifici oppioidi su base regolare. Questi punti di forza possono causare un sovradosaggio (e forse la morte) se assunti da qualcuno che non ha utilizzato oppioidi in modo coerente.<\/p>\n<p>Evitare l&#8217;uso di ossicodone a rilascio prolungato per trattare il dolore che \u00e8 minimo o si risolver\u00e0 entro un breve termine. pochi giorni. Questo farmaco non \u00e8 destinato all&#8217;uso &#8220;secondo necessit\u00e0&#8221;.<\/p>\n","protected":false},"excerpt":{"rendered":"<div class=\"woocommerce-product-details__short-description\">\n<p>La farmacia online per l&#8217;acquisto di compresse di OxyCodone da 40 mg. Acquista Ossicodone Online | Acquista ossicodone 40 mg senza prescrizione medica \u00c8 possibile ottenere la consegna espressa utilizzando un bonifico bancario.<\/p>\n<p>Acquista pillole di ossicodone 40 mg online nel Regno Unito e in Europa, ordina pillole di ossicodone a buon mercato online con&#8230; Puoi acquistare compresse di ossicodone online senza prescrizione medica (No RX).<\/p>\n<\/p><\/div>\n","protected":false},"featured_media":5301,"comment_status":"open","ping_status":"closed","template":"","meta":[],"product_brand":[],"product_cat":[1117],"product_tag":[1638,1639,1640,1720,1718,1719,1717,1642,1641,1671,1698,1675,1713,1644,1688,1676,1699,1677,1709,1643,1685,1646,1647,1650,1651,1652,1649,1660,1661,1662,1663,1665,1667,1668,1669,1670,1684,1681,1682,1683,1672,1673,1674,1678,1680,1679,1645,1691,1692,1694,1693,1700,1701,1703,1696,1697,1056,1705,1653,1654,1648,1657,1658,1659,1664,1666,1689,1690,1695,1704,1706,1708,1686,1655,1687,1707,1656,1711,1710,1712,1714,1702,1716,1715],"class_list":{"0":"post-5293","1":"product","2":"type-product","3":"status-publish","4":"has-post-thumbnail","6":"product_cat-comprare-pillole-sesso-dolore-per-dormire","7":"product_tag-15-mg-di-ossicodone","8":"product_tag-20-mg-di-ossicodone","9":"product_tag-20mg-oxycodone","10":"product_tag-cos-roxicodone","11":"product_tag-cos-ossi","12":"product_tag-cos-ossimorfone","13":"product_tag-cosa-fa-ossicodone","14":"product_tag-dihydroxycodeinone","15":"product_tag-diidroidrossicodeinone","16":"product_tag-dipendenza-da-ossicodone","17":"product_tag-dosaggio-di-ossicontin","18":"product_tag-dosi-di-ossicodone","19":"product_tag-droga-roxy","20":"product_tag--ossicodone-un-oppioide","21":"product_tag-effetti-collaterali-dellossicodone","22":"product_tag-effetti-ossicodone","23":"product_tag-effetti-oxycontin","24":"product_tag-ossicodone-emivita","25":"product_tag-antidolorifici-da-prescrizione","26":"product_tag-how-long-does-oxycodone-last","27":"product_tag-ossicodone-ingredienti","28":"product_tag-liquid-oxycontin","29":"product_tag-opioid-painkillers","30":"product_tag-ossi","31":"product_tag-ossi-10","32":"product_tag-ossi-5-mg","33":"product_tag-ossicodone","34":"product_tag-ossicodone-10","35":"product_tag-ossicodone-10-mg","36":"product_tag-ossicodone-10mg-rosa","37":"product_tag-ossicodone-15-mg","38":"product_tag-ossicodone-20-mg","39":"product_tag-ossicodone-30-mg","40":"product_tag-ossicodone-5","41":"product_tag-ossicodone-5-325","42":"product_tag-ossicodone-5-mg","43":"product_tag-ossicodone-a-rilascio-immediato","44":"product_tag-ossicodone-alto","45":"product_tag-ossicodone-cloridrato","46":"product_tag-ossicodone-cloridrato-5-mg","47":"product_tag-ossicodone-e-alcol","48":"product_tag-ossicodone-e-ibuprofene","49":"product_tag-ossicodone-e-tilenolo","50":"product_tag-ossicodone-hcl","51":"product_tag-ossicodone-hcl-5mg","52":"product_tag-ossicodone-hcl-5-mg-compressa","53":"product_tag-ossicodone-liquido","54":"product_tag-ossicodone-vs-percocet","55":"product_tag-ossicodone-acetaminofene","56":"product_tag-ossicodone-apap","57":"product_tag-ossicodone-acetaminofene-5-325","58":"product_tag-ossicontin-generico","59":"product_tag-ossicontin-ir","60":"product_tag-ossicontin-vs-ossicodone","61":"product_tag-ossicontina","62":"product_tag-ossicontin-30-mg","63":"product_tag-ossicontin-80-mg","64":"product_tag-ossicotone","65":"product_tag-ossidroga","66":"product_tag-ossi-farmaci","67":"product_tag-oxicodona","68":"product_tag-oxycodine","69":"product_tag-oxycodon","70":"product_tag-oxycodone","71":"product_tag-oxycodone-15mg","72":"product_tag-oxycodone-20mg","73":"product_tag-oxycodone-uses","74":"product_tag-oxycodone-vs-oxycontin","75":"product_tag-oxycodonum","76":"product_tag-oxycoton","77":"product_tag-oxys","78":"product_tag-pillola-20","79":"product_tag-pillola-di-ossicodone","80":"product_tag-ossipillola","81":"product_tag-pillole-di-ossicodone","82":"product_tag-pillole-di-ossitocina","83":"product_tag-ossipillole","84":"product_tag-roxy-10","85":"product_tag-roxicodone-vs-ossicodone","86":"product_tag-roxy-30s","87":"product_tag-side-effects-of-oxycodone","88":"product_tag-sovradosaggio-di-ossicontina","89":"product_tag-tipi-di-antidolorifici","90":"product_tag-tipi-di-oppioidi","92":"first","93":"instock","94":"shipping-taxable","95":"purchasable","96":"product-type-variable","97":"has-default-attributes"},"yoast_head":"<!-- This site is optimized with the Yoast SEO plugin v27.3 - https:\/\/yoast.com\/product\/yoast-seo-wordpress\/ -->\n<title>Acquista OxyCodone 40 mg pillole - Best Best Global Meds<\/title>\n<meta name=\"description\" content=\"Acquista pillole di ossicodone da 40 mg in vendita nel Regno Unito, in Europa online, ordina pillole di ossicodone da 40 mg a buon mercato online con ... Puoi acquistare compresse di ossicodone online senza prescrizione medica (senza RX).\" \/>\n<meta name=\"robots\" content=\"index, follow, max-snippet:-1, max-image-preview:large, max-video-preview:-1\" \/>\n<link rel=\"canonical\" href=\"https:\/\/medicinasinc.com\/it\/product\/comprare-ossicodone-40mg-pillole\/\" \/>\n<meta property=\"og:locale\" content=\"it_IT\" \/>\n<meta property=\"og:type\" content=\"article\" \/>\n<meta property=\"og:title\" content=\"Acquista OxyCodone 40 mg pillole - Best Best Global Meds\" \/>\n<meta property=\"og:description\" content=\"Acquista pillole di ossicodone da 40 mg in vendita nel Regno Unito, in Europa online, ordina pillole di ossicodone da 40 mg a buon mercato online con ... Puoi acquistare compresse di ossicodone online senza prescrizione medica (senza RX).\" \/>\n<meta property=\"og:url\" content=\"https:\/\/medicinasinc.com\/it\/product\/comprare-ossicodone-40mg-pillole\/\" \/>\n<meta property=\"og:site_name\" content=\"Medicinas Inc\" \/>\n<meta property=\"article:modified_time\" content=\"2022-03-17T00:21:33+00:00\" \/>\n<meta property=\"og:image\" content=\"https:\/\/medicinasinc.com\/it\/wp-content\/uploads\/sites\/4\/2022\/02\/Buy-OxyCodone-40mg.jpg\" \/>\n\t<meta property=\"og:image:width\" content=\"600\" \/>\n\t<meta property=\"og:image:height\" content=\"400\" \/>\n\t<meta property=\"og:image:type\" content=\"image\/jpeg\" \/>\n<meta name=\"twitter:card\" content=\"summary_large_image\" \/>\n<meta name=\"twitter:label1\" content=\"Tempo di lettura stimato\" \/>\n\t<meta name=\"twitter:data1\" content=\"1 minuto\" \/>\n<script type=\"application\/ld+json\" class=\"yoast-schema-graph\">{\"@context\":\"https:\\\/\\\/schema.org\",\"@graph\":[{\"@type\":\"WebPage\",\"@id\":\"https:\\\/\\\/medicinasinc.com\\\/it\\\/product\\\/comprare-ossicodone-40mg-pillole\\\/\",\"url\":\"https:\\\/\\\/medicinasinc.com\\\/it\\\/product\\\/comprare-ossicodone-40mg-pillole\\\/\",\"name\":\"Acquista OxyCodone 40 mg pillole - Best Best Global Meds\",\"isPartOf\":{\"@id\":\"https:\\\/\\\/medicinasinc.com\\\/it\\\/#website\"},\"primaryImageOfPage\":{\"@id\":\"https:\\\/\\\/medicinasinc.com\\\/it\\\/product\\\/comprare-ossicodone-40mg-pillole\\\/#primaryimage\"},\"image\":{\"@id\":\"https:\\\/\\\/medicinasinc.com\\\/it\\\/product\\\/comprare-ossicodone-40mg-pillole\\\/#primaryimage\"},\"thumbnailUrl\":\"https:\\\/\\\/medicinasinc.com\\\/it\\\/wp-content\\\/uploads\\\/sites\\\/4\\\/2022\\\/02\\\/Buy-OxyCodone-40mg.jpg\",\"datePublished\":\"2022-02-21T18:15:16+00:00\",\"dateModified\":\"2022-03-17T00:21:33+00:00\",\"description\":\"Acquista pillole di ossicodone da 40 mg in vendita nel Regno Unito, in Europa online, ordina pillole di ossicodone da 40 mg a buon mercato online con ... Puoi acquistare compresse di ossicodone online senza prescrizione medica (senza RX).\",\"breadcrumb\":{\"@id\":\"https:\\\/\\\/medicinasinc.com\\\/it\\\/product\\\/comprare-ossicodone-40mg-pillole\\\/#breadcrumb\"},\"inLanguage\":\"it-IT\",\"potentialAction\":[{\"@type\":\"ReadAction\",\"target\":[\"https:\\\/\\\/medicinasinc.com\\\/it\\\/product\\\/comprare-ossicodone-40mg-pillole\\\/\"]}]},{\"@type\":\"ImageObject\",\"inLanguage\":\"it-IT\",\"@id\":\"https:\\\/\\\/medicinasinc.com\\\/it\\\/product\\\/comprare-ossicodone-40mg-pillole\\\/#primaryimage\",\"url\":\"https:\\\/\\\/medicinasinc.com\\\/it\\\/wp-content\\\/uploads\\\/sites\\\/4\\\/2022\\\/02\\\/Buy-OxyCodone-40mg.jpg\",\"contentUrl\":\"https:\\\/\\\/medicinasinc.com\\\/it\\\/wp-content\\\/uploads\\\/sites\\\/4\\\/2022\\\/02\\\/Buy-OxyCodone-40mg.jpg\",\"width\":600,\"height\":400},{\"@type\":\"BreadcrumbList\",\"@id\":\"https:\\\/\\\/medicinasinc.com\\\/it\\\/product\\\/comprare-ossicodone-40mg-pillole\\\/#breadcrumb\",\"itemListElement\":[{\"@type\":\"ListItem\",\"position\":1,\"name\":\"Negozio\",\"item\":\"https:\\\/\\\/medicinasinc.com\\\/it\\\/negozio\\\/\"},{\"@type\":\"ListItem\",\"position\":2,\"name\":\"Acquista le pillole di OxyCodone 40mg\"}]},{\"@type\":\"WebSite\",\"@id\":\"https:\\\/\\\/medicinasinc.com\\\/it\\\/#website\",\"url\":\"https:\\\/\\\/medicinasinc.com\\\/it\\\/\",\"name\":\"Medicinas Inc\",\"description\":\"Health Medical Clinic\",\"potentialAction\":[{\"@type\":\"SearchAction\",\"target\":{\"@type\":\"EntryPoint\",\"urlTemplate\":\"https:\\\/\\\/medicinasinc.com\\\/it\\\/?s={search_term_string}\"},\"query-input\":{\"@type\":\"PropertyValueSpecification\",\"valueRequired\":true,\"valueName\":\"search_term_string\"}}],\"inLanguage\":\"it-IT\"}]}<\/script>\n<!-- \/ Yoast SEO plugin. -->","yoast_head_json":{"title":"Acquista OxyCodone 40 mg pillole - Best Best Global Meds","description":"Acquista pillole di ossicodone da 40 mg in vendita nel Regno Unito, in Europa online, ordina pillole di ossicodone da 40 mg a buon mercato online con ... Puoi acquistare compresse di ossicodone online senza prescrizione medica (senza RX).","robots":{"index":"index","follow":"follow","max-snippet":"max-snippet:-1","max-image-preview":"max-image-preview:large","max-video-preview":"max-video-preview:-1"},"canonical":"https:\/\/medicinasinc.com\/it\/product\/comprare-ossicodone-40mg-pillole\/","og_locale":"it_IT","og_type":"article","og_title":"Acquista OxyCodone 40 mg pillole - Best Best Global Meds","og_description":"Acquista pillole di ossicodone da 40 mg in vendita nel Regno Unito, in Europa online, ordina pillole di ossicodone da 40 mg a buon mercato online con ... Puoi acquistare compresse di ossicodone online senza prescrizione medica (senza RX).","og_url":"https:\/\/medicinasinc.com\/it\/product\/comprare-ossicodone-40mg-pillole\/","og_site_name":"Medicinas Inc","article_modified_time":"2022-03-17T00:21:33+00:00","og_image":[{"width":600,"height":400,"url":"https:\/\/medicinasinc.com\/it\/wp-content\/uploads\/sites\/4\/2022\/02\/Buy-OxyCodone-40mg.jpg","type":"image\/jpeg"}],"twitter_card":"summary_large_image","twitter_misc":{"Tempo di lettura stimato":"1 minuto"},"schema":{"@context":"https:\/\/schema.org","@graph":[{"@type":"WebPage","@id":"https:\/\/medicinasinc.com\/it\/product\/comprare-ossicodone-40mg-pillole\/","url":"https:\/\/medicinasinc.com\/it\/product\/comprare-ossicodone-40mg-pillole\/","name":"Acquista OxyCodone 40 mg pillole - Best Best Global Meds","isPartOf":{"@id":"https:\/\/medicinasinc.com\/it\/#website"},"primaryImageOfPage":{"@id":"https:\/\/medicinasinc.com\/it\/product\/comprare-ossicodone-40mg-pillole\/#primaryimage"},"image":{"@id":"https:\/\/medicinasinc.com\/it\/product\/comprare-ossicodone-40mg-pillole\/#primaryimage"},"thumbnailUrl":"https:\/\/medicinasinc.com\/it\/wp-content\/uploads\/sites\/4\/2022\/02\/Buy-OxyCodone-40mg.jpg","datePublished":"2022-02-21T18:15:16+00:00","dateModified":"2022-03-17T00:21:33+00:00","description":"Acquista pillole di ossicodone da 40 mg in vendita nel Regno Unito, in Europa online, ordina pillole di ossicodone da 40 mg a buon mercato online con ... Puoi acquistare compresse di ossicodone online senza prescrizione medica (senza RX).","breadcrumb":{"@id":"https:\/\/medicinasinc.com\/it\/product\/comprare-ossicodone-40mg-pillole\/#breadcrumb"},"inLanguage":"it-IT","potentialAction":[{"@type":"ReadAction","target":["https:\/\/medicinasinc.com\/it\/product\/comprare-ossicodone-40mg-pillole\/"]}]},{"@type":"ImageObject","inLanguage":"it-IT","@id":"https:\/\/medicinasinc.com\/it\/product\/comprare-ossicodone-40mg-pillole\/#primaryimage","url":"https:\/\/medicinasinc.com\/it\/wp-content\/uploads\/sites\/4\/2022\/02\/Buy-OxyCodone-40mg.jpg","contentUrl":"https:\/\/medicinasinc.com\/it\/wp-content\/uploads\/sites\/4\/2022\/02\/Buy-OxyCodone-40mg.jpg","width":600,"height":400},{"@type":"BreadcrumbList","@id":"https:\/\/medicinasinc.com\/it\/product\/comprare-ossicodone-40mg-pillole\/#breadcrumb","itemListElement":[{"@type":"ListItem","position":1,"name":"Negozio","item":"https:\/\/medicinasinc.com\/it\/negozio\/"},{"@type":"ListItem","position":2,"name":"Acquista le pillole di OxyCodone 40mg"}]},{"@type":"WebSite","@id":"https:\/\/medicinasinc.com\/it\/#website","url":"https:\/\/medicinasinc.com\/it\/","name":"Medicinas Inc","description":"Health Medical Clinic","potentialAction":[{"@type":"SearchAction","target":{"@type":"EntryPoint","urlTemplate":"https:\/\/medicinasinc.com\/it\/?s={search_term_string}"},"query-input":{"@type":"PropertyValueSpecification","valueRequired":true,"valueName":"search_term_string"}}],"inLanguage":"it-IT"}]}},"_links":{"self":[{"href":"https:\/\/medicinasinc.com\/it\/wp-json\/wp\/v2\/product\/5293","targetHints":{"allow":["GET"]}}],"collection":[{"href":"https:\/\/medicinasinc.com\/it\/wp-json\/wp\/v2\/product"}],"about":[{"href":"https:\/\/medicinasinc.com\/it\/wp-json\/wp\/v2\/types\/product"}],"replies":[{"embeddable":true,"href":"https:\/\/medicinasinc.com\/it\/wp-json\/wp\/v2\/comments?post=5293"}],"wp:featuredmedia":[{"embeddable":true,"href":"https:\/\/medicinasinc.com\/it\/wp-json\/wp\/v2\/media\/5301"}],"wp:attachment":[{"href":"https:\/\/medicinasinc.com\/it\/wp-json\/wp\/v2\/media?parent=5293"}],"wp:term":[{"taxonomy":"product_brand","embeddable":true,"href":"https:\/\/medicinasinc.com\/it\/wp-json\/wp\/v2\/product_brand?post=5293"},{"taxonomy":"product_cat","embeddable":true,"href":"https:\/\/medicinasinc.com\/it\/wp-json\/wp\/v2\/product_cat?post=5293"},{"taxonomy":"product_tag","embeddable":true,"href":"https:\/\/medicinasinc.com\/it\/wp-json\/wp\/v2\/product_tag?post=5293"}],"curies":[{"name":"wp","href":"https:\/\/api.w.org\/{rel}","templated":true}]}}