{"id":5264,"date":"2022-02-20T22:53:05","date_gmt":"2022-02-20T22:53:05","guid":{"rendered":"https:\/\/medicinasinc.com\/it\/?post_type=product&#038;p=5264"},"modified":"2022-03-17T00:21:55","modified_gmt":"2022-03-17T00:21:55","slug":"comprare-motrin-ibuprofene-600-mg-pillole","status":"publish","type":"product","link":"https:\/\/medicinasinc.com\/it\/product\/comprare-motrin-ibuprofene-600-mg-pillole\/","title":{"rendered":"Acquista Motrin Ibuprofene 600 mg compresse"},"content":{"rendered":"<p>Le pillole di Motrin \u2013 Ibuprofene 600 mg possono essere acquistate online.<br \/> Le compresse di Motrin Ibuprofene 600 mg possono essere acquistate online.<\/p>\n<p>L&#8217;ibuprofene 600 mg \u00e8 disponibile in compresse. \u00c8 un membro della classe di farmaci noti come FANS &#8211; Farmaci antinfiammatori non steroidei. \u00c8 usato per trattare l&#8217;artrosi, l&#8217;artrite reumatoide, l&#8217;artrite spinale, le articolazioni gonfie, la spalla congelata, la borsite, la tendinite, la tenosinovite, il mal di schiena, le distorsioni e gli stiramenti.<\/p>\n<p>Le compresse di ibuprofene da 600 mg devono essere tenute fuori dai bambini vista e raggiungere. Deve essere conservato nella sua confezione originale e mantenuto a una temperatura non superiore a 25 gradi Celsius.<\/p>\n","protected":false},"excerpt":{"rendered":"<div class=\"woocommerce-product-details__short-description\">\n<p>Le compresse di Motrin \u2013 Ibuprofene 600 mg possono essere acquistate online. Acquista Ibuprofene Online a costi estremamente bassi. Gli ordini all&#8217;ingrosso si qualificano per la spedizione gratuita. Se stai cercando di acquistare farmaci da prescrizione online senza prescrizione medica, la tua ricerca \u00e8 terminata.<\/p>\n<p>L&#8217;ibuprofene 600 mg \u00e8 disponibile sotto forma di compresse. \u00c8 un membro della classe di farmaci noti come FANS &#8211; Farmaci antinfiammatori non steroidei.<\/p>\n<p>Ibuprofene 600 mg compresse, ibuprofene 600 mg forza di prescrizione, ibuprofene 600 mg da banco, ibuprofene 600 mg dosaggio per adulti, ibuprofene 600 mg costo per pillola, ibuprofene 600 mg stivali, motrin 600 mg, 600 mg di ibuprofene da banco uk<\/p>\n<\/p><\/div>\n","protected":false},"featured_media":5282,"comment_status":"open","ping_status":"closed","template":"","meta":[],"product_brand":[],"product_cat":[1117],"product_tag":[1571,1572,1573,1583,1589,1578,1577,1585,1621,1600,1601,1602,1607,1604,1603,1605,1606,1610,1609,1608,1586,1591,1592,1593,1596,1598,1587,1588,1584,1590,1597,1594,1595,1599,1611,1612,1613,1579,1581,1624,1622,1614,1617,1616,1615,1580,1618,1619,1623,1625,1626,1620,1627,1628,1582,1574,1575,1576],"class_list":{"0":"post-5264","1":"product","2":"type-product","3":"status-publish","4":"has-post-thumbnail","6":"product_cat-comprare-pillole-sesso-dolore-per-dormire","7":"product_tag-600-mg-di-ibuprofene-da-banco-nel-regno-unito","8":"product_tag-advil-motrin-ibuprofen","9":"product_tag-are-ibuprofen-and-motrin-the-same","10":"product_tag-ibuprofene-200-mg-compresse","11":"product_tag-ibuprofene-600-mg-compresse","12":"product_tag-difference-between-motrin-and-ibuprofen","13":"product_tag-differenza-tra-ibuprofene-e-motrin","14":"product_tag-ibuprofene-600-mg-dosaggio-per-adulti","15":"product_tag-dosaggio-di-motrin-ibuprofene","16":"product_tag--ibuprofene-e-motrin-la-stessa-cosa","17":"product_tag-is-ibuprofene-motrin","18":"product_tag--ibuprofene-lo-stesso-di-motrin","19":"product_tag--motrin-simile-ibuprofene","20":"product_tag--motrin-e-ibuprofene-la-stessa-cosa","21":"product_tag--motrin-e-ibuprofene-lo-stesso","22":"product_tag-is-motrin-ibuprofene","23":"product_tag-is-motrin-ibuprofene-o-acetaminofene","24":"product_tag--motrin-la-stessa-cosa-di-ibuprofene","25":"product_tag--motrin-lo-stesso-di-ibuprofene","26":"product_tag--motrin-come-ibuprofene","27":"product_tag-ibuprofen-600-mg-over-the-counter","28":"product_tag-ibuprofen-and-motrin","29":"product_tag-ibuprofen-is-motrin","30":"product_tag-ibuprofen-motrin","31":"product_tag-ibuprofen-motrin-800mg","32":"product_tag-ibuprofen-vs-motrin","33":"product_tag-ibuprofene-600-mg-forza-di-prescrizione","34":"product_tag-ibuprofene-600-mg-prezzo-per-pillola","35":"product_tag-ibuprofene-600-mg-stivali","36":"product_tag-ibuprofene-advil-motrin","37":"product_tag-ibuprofene-come-motrin","38":"product_tag-ibuprofene-motrin-600-mg","39":"product_tag-ibuprofene-motrin-800-mg","40":"product_tag-is-ibuprofen-and-motrin-the-same","41":"product_tag-motrin-600-mg","42":"product_tag-motrin-600-mg-vs-ibuprofene","43":"product_tag-motrin-800-vs-ibuprofen","44":"product_tag-fa-motrin-contiene-ibuprofene","45":"product_tag-il-motrin-contiene-ibuprofene","46":"product_tag-motrin-contro-ibuprofene","47":"product_tag-motrin-is-ibuprofene","48":"product_tag-motrin-e-ibuprofene","49":"product_tag-motrin-e-ibuprofene-insieme","50":"product_tag-motrin-e-ibuprofene-la-stessa-cosa","51":"product_tag-motrin-e-ibuprofene-lo-stesso","52":"product_tag-fa-motrin-avere-ibuprofene","53":"product_tag-motrin-ib","54":"product_tag-motrin-ibuprofene","55":"product_tag-motrin-the-same-as-ibuprofen","56":"product_tag-motrin-vs-advil-vs-ibuprofene","57":"product_tag-motrin-vs-ibuprofene","58":"product_tag-motrin-ibuprofene-200-mg","59":"product_tag-qual--la-differenza-tra-ibuprofene-e-motrin","60":"product_tag-qual--la-differenza-tra-motrin-e-ibuprofene","61":"product_tag-quanto-ibuprofene-in-motrin","62":"product_tag-sono-ibuprofene-e-motrin-la-stessa-cosa","63":"product_tag-sono-motrin-e-ibuprofene-lo-stesso","64":"product_tag-sono-motrin-e-ibuprofene-la-stessa-cosa","66":"first","67":"instock","68":"shipping-taxable","69":"purchasable","70":"product-type-variable","71":"has-default-attributes"},"yoast_head":"<!-- This site is optimized with the Yoast SEO plugin v27.3 - https:\/\/yoast.com\/product\/yoast-seo-wordpress\/ -->\n<title>Acquista Motrin Ibuprofene 600 mg pillole - Best Best Global Meds<\/title>\n<meta name=\"description\" content=\"Acquista Motrin Ibuprofene 600 mg pillole online. Acquista Ibuprofene 600mg online a prezzi molto economici. Spedizione gratuita per ordini all&#039;ingrosso. Se stavi cercando di acquistare farmaci online senza prescrizione medica, la tua ricerca \u00e8 finita.\" \/>\n<meta name=\"robots\" content=\"index, follow, max-snippet:-1, max-image-preview:large, max-video-preview:-1\" \/>\n<link rel=\"canonical\" href=\"https:\/\/medicinasinc.com\/it\/product\/comprare-motrin-ibuprofene-600-mg-pillole\/\" \/>\n<meta property=\"og:locale\" content=\"it_IT\" \/>\n<meta property=\"og:type\" content=\"article\" \/>\n<meta property=\"og:title\" content=\"Acquista Motrin Ibuprofene 600 mg pillole - Best Best Global Meds\" \/>\n<meta property=\"og:description\" content=\"Acquista Motrin Ibuprofene 600 mg pillole online. Acquista Ibuprofene 600mg online a prezzi molto economici. Spedizione gratuita per ordini all&#039;ingrosso. Se stavi cercando di acquistare farmaci online senza prescrizione medica, la tua ricerca \u00e8 finita.\" \/>\n<meta property=\"og:url\" content=\"https:\/\/medicinasinc.com\/it\/product\/comprare-motrin-ibuprofene-600-mg-pillole\/\" \/>\n<meta property=\"og:site_name\" content=\"Medicinas Inc\" \/>\n<meta property=\"article:modified_time\" content=\"2022-03-17T00:21:55+00:00\" \/>\n<meta property=\"og:image\" content=\"https:\/\/medicinasinc.com\/it\/wp-content\/uploads\/sites\/4\/2022\/02\/Buy-Motrin-Ibuprofen-600mg.jpg\" \/>\n\t<meta property=\"og:image:width\" content=\"1200\" \/>\n\t<meta property=\"og:image:height\" content=\"1200\" \/>\n\t<meta property=\"og:image:type\" content=\"image\/jpeg\" \/>\n<meta name=\"twitter:card\" content=\"summary_large_image\" \/>\n<meta name=\"twitter:label1\" content=\"Tempo di lettura stimato\" \/>\n\t<meta name=\"twitter:data1\" content=\"1 minuto\" \/>\n<script type=\"application\/ld+json\" class=\"yoast-schema-graph\">{\"@context\":\"https:\\\/\\\/schema.org\",\"@graph\":[{\"@type\":\"WebPage\",\"@id\":\"https:\\\/\\\/medicinasinc.com\\\/it\\\/product\\\/comprare-motrin-ibuprofene-600-mg-pillole\\\/\",\"url\":\"https:\\\/\\\/medicinasinc.com\\\/it\\\/product\\\/comprare-motrin-ibuprofene-600-mg-pillole\\\/\",\"name\":\"Acquista Motrin Ibuprofene 600 mg pillole - Best Best Global Meds\",\"isPartOf\":{\"@id\":\"https:\\\/\\\/medicinasinc.com\\\/it\\\/#website\"},\"primaryImageOfPage\":{\"@id\":\"https:\\\/\\\/medicinasinc.com\\\/it\\\/product\\\/comprare-motrin-ibuprofene-600-mg-pillole\\\/#primaryimage\"},\"image\":{\"@id\":\"https:\\\/\\\/medicinasinc.com\\\/it\\\/product\\\/comprare-motrin-ibuprofene-600-mg-pillole\\\/#primaryimage\"},\"thumbnailUrl\":\"https:\\\/\\\/medicinasinc.com\\\/it\\\/wp-content\\\/uploads\\\/sites\\\/4\\\/2022\\\/02\\\/Buy-Motrin-Ibuprofen-600mg.jpg\",\"datePublished\":\"2022-02-20T22:53:05+00:00\",\"dateModified\":\"2022-03-17T00:21:55+00:00\",\"description\":\"Acquista Motrin Ibuprofene 600 mg pillole online. Acquista Ibuprofene 600mg online a prezzi molto economici. Spedizione gratuita per ordini all'ingrosso. Se stavi cercando di acquistare farmaci online senza prescrizione medica, la tua ricerca \u00e8 finita.\",\"breadcrumb\":{\"@id\":\"https:\\\/\\\/medicinasinc.com\\\/it\\\/product\\\/comprare-motrin-ibuprofene-600-mg-pillole\\\/#breadcrumb\"},\"inLanguage\":\"it-IT\",\"potentialAction\":[{\"@type\":\"ReadAction\",\"target\":[\"https:\\\/\\\/medicinasinc.com\\\/it\\\/product\\\/comprare-motrin-ibuprofene-600-mg-pillole\\\/\"]}]},{\"@type\":\"ImageObject\",\"inLanguage\":\"it-IT\",\"@id\":\"https:\\\/\\\/medicinasinc.com\\\/it\\\/product\\\/comprare-motrin-ibuprofene-600-mg-pillole\\\/#primaryimage\",\"url\":\"https:\\\/\\\/medicinasinc.com\\\/it\\\/wp-content\\\/uploads\\\/sites\\\/4\\\/2022\\\/02\\\/Buy-Motrin-Ibuprofen-600mg.jpg\",\"contentUrl\":\"https:\\\/\\\/medicinasinc.com\\\/it\\\/wp-content\\\/uploads\\\/sites\\\/4\\\/2022\\\/02\\\/Buy-Motrin-Ibuprofen-600mg.jpg\",\"width\":1200,\"height\":1200},{\"@type\":\"BreadcrumbList\",\"@id\":\"https:\\\/\\\/medicinasinc.com\\\/it\\\/product\\\/comprare-motrin-ibuprofene-600-mg-pillole\\\/#breadcrumb\",\"itemListElement\":[{\"@type\":\"ListItem\",\"position\":1,\"name\":\"Negozio\",\"item\":\"https:\\\/\\\/medicinasinc.com\\\/it\\\/negozio\\\/\"},{\"@type\":\"ListItem\",\"position\":2,\"name\":\"Acquista Motrin Ibuprofene 600 mg compresse\"}]},{\"@type\":\"WebSite\",\"@id\":\"https:\\\/\\\/medicinasinc.com\\\/it\\\/#website\",\"url\":\"https:\\\/\\\/medicinasinc.com\\\/it\\\/\",\"name\":\"Medicinas Inc\",\"description\":\"Health Medical Clinic\",\"potentialAction\":[{\"@type\":\"SearchAction\",\"target\":{\"@type\":\"EntryPoint\",\"urlTemplate\":\"https:\\\/\\\/medicinasinc.com\\\/it\\\/?s={search_term_string}\"},\"query-input\":{\"@type\":\"PropertyValueSpecification\",\"valueRequired\":true,\"valueName\":\"search_term_string\"}}],\"inLanguage\":\"it-IT\"}]}<\/script>\n<!-- \/ Yoast SEO plugin. -->","yoast_head_json":{"title":"Acquista Motrin Ibuprofene 600 mg pillole - Best Best Global Meds","description":"Acquista Motrin Ibuprofene 600 mg pillole online. Acquista Ibuprofene 600mg online a prezzi molto economici. Spedizione gratuita per ordini all'ingrosso. Se stavi cercando di acquistare farmaci online senza prescrizione medica, la tua ricerca \u00e8 finita.","robots":{"index":"index","follow":"follow","max-snippet":"max-snippet:-1","max-image-preview":"max-image-preview:large","max-video-preview":"max-video-preview:-1"},"canonical":"https:\/\/medicinasinc.com\/it\/product\/comprare-motrin-ibuprofene-600-mg-pillole\/","og_locale":"it_IT","og_type":"article","og_title":"Acquista Motrin Ibuprofene 600 mg pillole - Best Best Global Meds","og_description":"Acquista Motrin Ibuprofene 600 mg pillole online. Acquista Ibuprofene 600mg online a prezzi molto economici. Spedizione gratuita per ordini all'ingrosso. Se stavi cercando di acquistare farmaci online senza prescrizione medica, la tua ricerca \u00e8 finita.","og_url":"https:\/\/medicinasinc.com\/it\/product\/comprare-motrin-ibuprofene-600-mg-pillole\/","og_site_name":"Medicinas Inc","article_modified_time":"2022-03-17T00:21:55+00:00","og_image":[{"width":1200,"height":1200,"url":"https:\/\/medicinasinc.com\/it\/wp-content\/uploads\/sites\/4\/2022\/02\/Buy-Motrin-Ibuprofen-600mg.jpg","type":"image\/jpeg"}],"twitter_card":"summary_large_image","twitter_misc":{"Tempo di lettura stimato":"1 minuto"},"schema":{"@context":"https:\/\/schema.org","@graph":[{"@type":"WebPage","@id":"https:\/\/medicinasinc.com\/it\/product\/comprare-motrin-ibuprofene-600-mg-pillole\/","url":"https:\/\/medicinasinc.com\/it\/product\/comprare-motrin-ibuprofene-600-mg-pillole\/","name":"Acquista Motrin Ibuprofene 600 mg pillole - Best Best Global Meds","isPartOf":{"@id":"https:\/\/medicinasinc.com\/it\/#website"},"primaryImageOfPage":{"@id":"https:\/\/medicinasinc.com\/it\/product\/comprare-motrin-ibuprofene-600-mg-pillole\/#primaryimage"},"image":{"@id":"https:\/\/medicinasinc.com\/it\/product\/comprare-motrin-ibuprofene-600-mg-pillole\/#primaryimage"},"thumbnailUrl":"https:\/\/medicinasinc.com\/it\/wp-content\/uploads\/sites\/4\/2022\/02\/Buy-Motrin-Ibuprofen-600mg.jpg","datePublished":"2022-02-20T22:53:05+00:00","dateModified":"2022-03-17T00:21:55+00:00","description":"Acquista Motrin Ibuprofene 600 mg pillole online. Acquista Ibuprofene 600mg online a prezzi molto economici. Spedizione gratuita per ordini all'ingrosso. Se stavi cercando di acquistare farmaci online senza prescrizione medica, la tua ricerca \u00e8 finita.","breadcrumb":{"@id":"https:\/\/medicinasinc.com\/it\/product\/comprare-motrin-ibuprofene-600-mg-pillole\/#breadcrumb"},"inLanguage":"it-IT","potentialAction":[{"@type":"ReadAction","target":["https:\/\/medicinasinc.com\/it\/product\/comprare-motrin-ibuprofene-600-mg-pillole\/"]}]},{"@type":"ImageObject","inLanguage":"it-IT","@id":"https:\/\/medicinasinc.com\/it\/product\/comprare-motrin-ibuprofene-600-mg-pillole\/#primaryimage","url":"https:\/\/medicinasinc.com\/it\/wp-content\/uploads\/sites\/4\/2022\/02\/Buy-Motrin-Ibuprofen-600mg.jpg","contentUrl":"https:\/\/medicinasinc.com\/it\/wp-content\/uploads\/sites\/4\/2022\/02\/Buy-Motrin-Ibuprofen-600mg.jpg","width":1200,"height":1200},{"@type":"BreadcrumbList","@id":"https:\/\/medicinasinc.com\/it\/product\/comprare-motrin-ibuprofene-600-mg-pillole\/#breadcrumb","itemListElement":[{"@type":"ListItem","position":1,"name":"Negozio","item":"https:\/\/medicinasinc.com\/it\/negozio\/"},{"@type":"ListItem","position":2,"name":"Acquista Motrin Ibuprofene 600 mg compresse"}]},{"@type":"WebSite","@id":"https:\/\/medicinasinc.com\/it\/#website","url":"https:\/\/medicinasinc.com\/it\/","name":"Medicinas Inc","description":"Health Medical Clinic","potentialAction":[{"@type":"SearchAction","target":{"@type":"EntryPoint","urlTemplate":"https:\/\/medicinasinc.com\/it\/?s={search_term_string}"},"query-input":{"@type":"PropertyValueSpecification","valueRequired":true,"valueName":"search_term_string"}}],"inLanguage":"it-IT"}]}},"_links":{"self":[{"href":"https:\/\/medicinasinc.com\/it\/wp-json\/wp\/v2\/product\/5264","targetHints":{"allow":["GET"]}}],"collection":[{"href":"https:\/\/medicinasinc.com\/it\/wp-json\/wp\/v2\/product"}],"about":[{"href":"https:\/\/medicinasinc.com\/it\/wp-json\/wp\/v2\/types\/product"}],"replies":[{"embeddable":true,"href":"https:\/\/medicinasinc.com\/it\/wp-json\/wp\/v2\/comments?post=5264"}],"wp:featuredmedia":[{"embeddable":true,"href":"https:\/\/medicinasinc.com\/it\/wp-json\/wp\/v2\/media\/5282"}],"wp:attachment":[{"href":"https:\/\/medicinasinc.com\/it\/wp-json\/wp\/v2\/media?parent=5264"}],"wp:term":[{"taxonomy":"product_brand","embeddable":true,"href":"https:\/\/medicinasinc.com\/it\/wp-json\/wp\/v2\/product_brand?post=5264"},{"taxonomy":"product_cat","embeddable":true,"href":"https:\/\/medicinasinc.com\/it\/wp-json\/wp\/v2\/product_cat?post=5264"},{"taxonomy":"product_tag","embeddable":true,"href":"https:\/\/medicinasinc.com\/it\/wp-json\/wp\/v2\/product_tag?post=5264"}],"curies":[{"name":"wp","href":"https:\/\/api.w.org\/{rel}","templated":true}]}}