{"id":5262,"date":"2022-02-20T22:49:49","date_gmt":"2022-02-20T22:49:49","guid":{"rendered":"https:\/\/medicinasinc.com\/it\/?post_type=product&#038;p=5262"},"modified":"2022-03-17T00:22:12","modified_gmt":"2022-03-17T00:22:12","slug":"buy-onax-2mg-alprazolam","status":"publish","type":"product","link":"https:\/\/medicinasinc.com\/it\/product\/buy-onax-2mg-alprazolam\/","title":{"rendered":"Acquista Onax 2mg Alprazolam"},"content":{"rendered":"<p>Compra le pillole Onax 2mg Alprazolam online | Acquista Onax online | Acquista barrette Onax<\/p>\n<p>Cos&#8217;\u00e8 Onax? Acquisto Onax Online<\/p>\n<p>Le barrette Onax 2mg (Alprazolam) sono famose per il loro effetto sedativo. \u00c8 usato per trattare la privazione del sonno a qualsiasi ora del giorno e della notte. Xanax XR \u00e8 una benzodiazepina usata per trattare l&#8217;ansia, il disturbo di panico e la depressione. Se stai acquistando Onax 2mg da noi, assicurati di averne veramente bisogno e che Onax sia consigliato da un medico. PandaPharmacy.com non \u00e8 responsabile per eventuali danni o effetti avversi causati da Xanax 3mg.<\/p>\n<p>L&#8217;abuso del farmaco pu\u00f2 comportare un grado limitato di dipendenza fisica o psicologica rispetto ai farmaci della tabella 3. \u00c8 possibile ottenere online barrette Onax 2mg con noi indipendentemente dal metodo di pagamento. Accettiamo anche PayPal. Oltre a PayPal, i vaglia postali possono essere utilizzati per acquistare barrette Onax 2mg. Tieni presente che questo farmaco \u00e8 estremamente dannoso e pu\u00f2 portare alla dipendenza. Il nostro Onax sarebbe di grado superiore. Si prega di leggere il nostro &#8220;&#8221; per ottenere la maggior parte delle soluzioni alle domande che sono sorte nella tua testa.<\/p>\n<p>Cos&#8217;\u00e8 Onax? Acquisto Onax Online<\/p>\n<p>Le barrette Onax 2mg (Alprazolam) sono famose per le loro propriet\u00e0 sedative. \u00c8 usato per trattare la privazione del sonno a qualsiasi ora del giorno e della notte. Xanax XR \u00e8 una benzodiazepina usata per trattare l&#8217;ansia, il disturbo di panico e la depressione. Se stai acquistando Onax 2mg da noi, assicurati di averne veramente bisogno e che Onax sia approvato dal tuo medico. PandaPharmacy.com non \u00e8 responsabile per eventuali danni o effetti avversi causati da Xanax 3mg.<\/p>\n<p>L&#8217;abuso del farmaco pu\u00f2 comportare un grado limitato di dipendenza fisica o psicologica rispetto ai farmaci della tabella 3.<\/p>\n<p>Puoi ricevere le barre Onax 2mg online con noi indipendentemente dal metodo di pagamento. Accettiamo anche PayPal. Oltre a PayPal, i vaglia postali possono essere utilizzati per acquistare barrette Onax 2mg. Tieni presente che questo farmaco \u00e8 estremamente dannoso e pu\u00f2 portare alla dipendenza. Il nostro Onax sarebbe di grado superiore. Si prega di leggere il nostro &#8221; per ottenere risposte alla maggior parte dei problemi che sono sorti nei tuoi pensieri. Ordina<\/p>\n","protected":false},"excerpt":{"rendered":"<p>Acquisto online di compresse di Onax 2mg Alprazolam. L&#8217;alprazolam \u00e8 usato per trattare l&#8217;ansia, la frenesia e il disagio associato alla miseria. Acquisto online di compresse di Onax 2mg Alprazolam&#8221;. Alprazolam 2mg Onax<\/p>\n<p>Onax 2mg barrette\/compresse da acquistare<\/p>\n<p>Onax (Alprazolam) \u00e8 usato per trattare l&#8217;ansia, gli attacchi di panico, l&#8217;insonnia (difficolt\u00e0 a dormire) e l&#8217;ansia associata alla depressione.<\/p>\n<p>Puoi acquistare Onax 2mg online da noi; le nostre pillole Onax 2mg sono di altissima qualit\u00e0. Onax 2mg \u00e8 il nome ufficiale del farmaco. Queste pillole verranno inviate in modo discreto.<\/p>\n<p>Acquista barrette Onax 2mg (Alprazolam), noto per il suo effetto sedativo. Viene utilizzato per combattere la privazione del sonno a qualsiasi ora del giorno e della notte.<\/p>\n","protected":false},"featured_media":5278,"comment_status":"open","ping_status":"closed","template":"","meta":[],"product_brand":[],"product_cat":[1117],"product_tag":[1523,1520,1537,1553,1538,1535,1522,1541,1521,1524,1531,1539,1549,1527,1528,1529,1533,1532,1530,1534,1536,1526,1540,1542,1525,1543,1544,1545,1558,1547,1550,1551,1552,1557,1559,1546,1554,1560,1555,1556,1548,1561,1562],"class_list":{"0":"post-5262","1":"product","2":"type-product","3":"status-publish","4":"has-post-thumbnail","6":"product_cat-comprare-pillole-sesso-dolore-per-dormire","7":"product_tag-compra-onax-online","8":"product_tag-are-onax-bars-good","9":"product_tag-barre-di-onax","10":"product_tag-onax-xanax-barre","11":"product_tag-onax-barre-3mg","12":"product_tag-barrette-onax-2mg","13":"product_tag-buy-onax-2mg","14":"product_tag-onax-mal-di-testa","15":"product_tag-buy-onax","16":"product_tag-dj-onax","17":"product_tag-identificatore-di-onax-2-pillola","18":"product_tag-onax-barre-in-vendita","19":"product_tag-onax-vlack-kitchenaid-mixer","20":"product_tag-onax","21":"product_tag-onax-2","22":"product_tag-onax-2-barre","23":"product_tag-onax-2mg","24":"product_tag-onax-2-pillola-bianca","25":"product_tag-onax-2-pillola-id","26":"product_tag-onax-2mg-bar","27":"product_tag-soluzioni-onax-ag-it","28":"product_tag-ocean-farmaceutica-onax","29":"product_tag-onax-dr-germantown","30":"product_tag-onax-llc","31":"product_tag-lunga-pillola-bianca-onax","32":"product_tag-onax-orv-park-mojave-ca-immagini","33":"product_tag-onax-pc-ames","34":"product_tag-onax-pex","35":"product_tag-pillola-bianca-onax","36":"product_tag-onax-punta-cana","37":"product_tag-onax-vs-xanax","38":"product_tag-onax-white-pill","39":"product_tag-onax-xanax","40":"product_tag-pillola-barra-bianca-onax","41":"product_tag-pillola-bianca-onax-2","42":"product_tag-pillola-onax","43":"product_tag-pillola-onax-2","44":"product_tag-pillola-rettangolare-bianca-onax-2","45":"product_tag-reddit-onax","46":"product_tag-reddit-onax-for-your-nose","47":"product_tag-statue-di-onax","48":"product_tag-xanax-2mg-onax","49":"product_tag-xanax-barre-onax","51":"first","52":"instock","53":"shipping-taxable","54":"purchasable","55":"product-type-variable","56":"has-default-attributes"},"yoast_head":"<!-- This site is optimized with the Yoast SEO plugin v27.3 - https:\/\/yoast.com\/product\/yoast-seo-wordpress\/ -->\n<title>Acquista le pillole Onax 2mg Alprazolam - Best Best Global Meds<\/title>\n<meta name=\"description\" content=\"acquista onax 2mg barrette\/compresse:\u00a0Onax\u00a0(Alprazolam) tratta l&#039;ansia, il disturbo di panico, l&#039;insonnia (difficolt\u00e0 a dormire) e l&#039;ansia causata dalla depressione.\" \/>\n<meta name=\"robots\" content=\"index, follow, max-snippet:-1, max-image-preview:large, max-video-preview:-1\" \/>\n<link rel=\"canonical\" href=\"https:\/\/medicinasinc.com\/it\/product\/buy-onax-2mg-alprazolam\/\" \/>\n<meta property=\"og:locale\" content=\"it_IT\" \/>\n<meta property=\"og:type\" content=\"article\" \/>\n<meta property=\"og:title\" content=\"Acquista le pillole Onax 2mg Alprazolam - Best Best Global Meds\" \/>\n<meta property=\"og:description\" content=\"acquista onax 2mg barrette\/compresse:\u00a0Onax\u00a0(Alprazolam) tratta l&#039;ansia, il disturbo di panico, l&#039;insonnia (difficolt\u00e0 a dormire) e l&#039;ansia causata dalla depressione.\" \/>\n<meta property=\"og:url\" content=\"https:\/\/medicinasinc.com\/it\/product\/buy-onax-2mg-alprazolam\/\" \/>\n<meta property=\"og:site_name\" content=\"Medicinas Inc\" \/>\n<meta property=\"article:modified_time\" content=\"2022-03-17T00:22:12+00:00\" \/>\n<meta property=\"og:image\" content=\"https:\/\/medicinasinc.com\/it\/wp-content\/uploads\/sites\/4\/2022\/02\/Buy-Onax-2mg.jpg\" \/>\n\t<meta property=\"og:image:width\" content=\"400\" \/>\n\t<meta property=\"og:image:height\" content=\"300\" \/>\n\t<meta property=\"og:image:type\" content=\"image\/jpeg\" \/>\n<meta name=\"twitter:card\" content=\"summary_large_image\" \/>\n<meta name=\"twitter:label1\" content=\"Tempo di lettura stimato\" \/>\n\t<meta name=\"twitter:data1\" content=\"2 minuti\" \/>\n<script type=\"application\/ld+json\" class=\"yoast-schema-graph\">{\"@context\":\"https:\\\/\\\/schema.org\",\"@graph\":[{\"@type\":\"WebPage\",\"@id\":\"https:\\\/\\\/medicinasinc.com\\\/it\\\/product\\\/buy-onax-2mg-alprazolam\\\/\",\"url\":\"https:\\\/\\\/medicinasinc.com\\\/it\\\/product\\\/buy-onax-2mg-alprazolam\\\/\",\"name\":\"Acquista le pillole Onax 2mg Alprazolam - Best Best Global Meds\",\"isPartOf\":{\"@id\":\"https:\\\/\\\/medicinasinc.com\\\/it\\\/#website\"},\"primaryImageOfPage\":{\"@id\":\"https:\\\/\\\/medicinasinc.com\\\/it\\\/product\\\/buy-onax-2mg-alprazolam\\\/#primaryimage\"},\"image\":{\"@id\":\"https:\\\/\\\/medicinasinc.com\\\/it\\\/product\\\/buy-onax-2mg-alprazolam\\\/#primaryimage\"},\"thumbnailUrl\":\"https:\\\/\\\/medicinasinc.com\\\/it\\\/wp-content\\\/uploads\\\/sites\\\/4\\\/2022\\\/02\\\/Buy-Onax-2mg.jpg\",\"datePublished\":\"2022-02-20T22:49:49+00:00\",\"dateModified\":\"2022-03-17T00:22:12+00:00\",\"description\":\"acquista onax 2mg barrette\\\/compresse:\u00a0Onax\u00a0(Alprazolam) tratta l'ansia, il disturbo di panico, l'insonnia (difficolt\u00e0 a dormire) e l'ansia causata dalla depressione.\",\"breadcrumb\":{\"@id\":\"https:\\\/\\\/medicinasinc.com\\\/it\\\/product\\\/buy-onax-2mg-alprazolam\\\/#breadcrumb\"},\"inLanguage\":\"it-IT\",\"potentialAction\":[{\"@type\":\"ReadAction\",\"target\":[\"https:\\\/\\\/medicinasinc.com\\\/it\\\/product\\\/buy-onax-2mg-alprazolam\\\/\"]}]},{\"@type\":\"ImageObject\",\"inLanguage\":\"it-IT\",\"@id\":\"https:\\\/\\\/medicinasinc.com\\\/it\\\/product\\\/buy-onax-2mg-alprazolam\\\/#primaryimage\",\"url\":\"https:\\\/\\\/medicinasinc.com\\\/it\\\/wp-content\\\/uploads\\\/sites\\\/4\\\/2022\\\/02\\\/Buy-Onax-2mg.jpg\",\"contentUrl\":\"https:\\\/\\\/medicinasinc.com\\\/it\\\/wp-content\\\/uploads\\\/sites\\\/4\\\/2022\\\/02\\\/Buy-Onax-2mg.jpg\",\"width\":400,\"height\":300},{\"@type\":\"BreadcrumbList\",\"@id\":\"https:\\\/\\\/medicinasinc.com\\\/it\\\/product\\\/buy-onax-2mg-alprazolam\\\/#breadcrumb\",\"itemListElement\":[{\"@type\":\"ListItem\",\"position\":1,\"name\":\"Negozio\",\"item\":\"https:\\\/\\\/medicinasinc.com\\\/it\\\/negozio\\\/\"},{\"@type\":\"ListItem\",\"position\":2,\"name\":\"Acquista Onax 2mg Alprazolam\"}]},{\"@type\":\"WebSite\",\"@id\":\"https:\\\/\\\/medicinasinc.com\\\/it\\\/#website\",\"url\":\"https:\\\/\\\/medicinasinc.com\\\/it\\\/\",\"name\":\"Medicinas Inc\",\"description\":\"Health Medical Clinic\",\"potentialAction\":[{\"@type\":\"SearchAction\",\"target\":{\"@type\":\"EntryPoint\",\"urlTemplate\":\"https:\\\/\\\/medicinasinc.com\\\/it\\\/?s={search_term_string}\"},\"query-input\":{\"@type\":\"PropertyValueSpecification\",\"valueRequired\":true,\"valueName\":\"search_term_string\"}}],\"inLanguage\":\"it-IT\"}]}<\/script>\n<!-- \/ Yoast SEO plugin. -->","yoast_head_json":{"title":"Acquista le pillole Onax 2mg Alprazolam - Best Best Global Meds","description":"acquista onax 2mg barrette\/compresse:\u00a0Onax\u00a0(Alprazolam) tratta l'ansia, il disturbo di panico, l'insonnia (difficolt\u00e0 a dormire) e l'ansia causata dalla depressione.","robots":{"index":"index","follow":"follow","max-snippet":"max-snippet:-1","max-image-preview":"max-image-preview:large","max-video-preview":"max-video-preview:-1"},"canonical":"https:\/\/medicinasinc.com\/it\/product\/buy-onax-2mg-alprazolam\/","og_locale":"it_IT","og_type":"article","og_title":"Acquista le pillole Onax 2mg Alprazolam - Best Best Global Meds","og_description":"acquista onax 2mg barrette\/compresse:\u00a0Onax\u00a0(Alprazolam) tratta l'ansia, il disturbo di panico, l'insonnia (difficolt\u00e0 a dormire) e l'ansia causata dalla depressione.","og_url":"https:\/\/medicinasinc.com\/it\/product\/buy-onax-2mg-alprazolam\/","og_site_name":"Medicinas Inc","article_modified_time":"2022-03-17T00:22:12+00:00","og_image":[{"width":400,"height":300,"url":"https:\/\/medicinasinc.com\/it\/wp-content\/uploads\/sites\/4\/2022\/02\/Buy-Onax-2mg.jpg","type":"image\/jpeg"}],"twitter_card":"summary_large_image","twitter_misc":{"Tempo di lettura stimato":"2 minuti"},"schema":{"@context":"https:\/\/schema.org","@graph":[{"@type":"WebPage","@id":"https:\/\/medicinasinc.com\/it\/product\/buy-onax-2mg-alprazolam\/","url":"https:\/\/medicinasinc.com\/it\/product\/buy-onax-2mg-alprazolam\/","name":"Acquista le pillole Onax 2mg Alprazolam - Best Best Global Meds","isPartOf":{"@id":"https:\/\/medicinasinc.com\/it\/#website"},"primaryImageOfPage":{"@id":"https:\/\/medicinasinc.com\/it\/product\/buy-onax-2mg-alprazolam\/#primaryimage"},"image":{"@id":"https:\/\/medicinasinc.com\/it\/product\/buy-onax-2mg-alprazolam\/#primaryimage"},"thumbnailUrl":"https:\/\/medicinasinc.com\/it\/wp-content\/uploads\/sites\/4\/2022\/02\/Buy-Onax-2mg.jpg","datePublished":"2022-02-20T22:49:49+00:00","dateModified":"2022-03-17T00:22:12+00:00","description":"acquista onax 2mg barrette\/compresse:\u00a0Onax\u00a0(Alprazolam) tratta l'ansia, il disturbo di panico, l'insonnia (difficolt\u00e0 a dormire) e l'ansia causata dalla depressione.","breadcrumb":{"@id":"https:\/\/medicinasinc.com\/it\/product\/buy-onax-2mg-alprazolam\/#breadcrumb"},"inLanguage":"it-IT","potentialAction":[{"@type":"ReadAction","target":["https:\/\/medicinasinc.com\/it\/product\/buy-onax-2mg-alprazolam\/"]}]},{"@type":"ImageObject","inLanguage":"it-IT","@id":"https:\/\/medicinasinc.com\/it\/product\/buy-onax-2mg-alprazolam\/#primaryimage","url":"https:\/\/medicinasinc.com\/it\/wp-content\/uploads\/sites\/4\/2022\/02\/Buy-Onax-2mg.jpg","contentUrl":"https:\/\/medicinasinc.com\/it\/wp-content\/uploads\/sites\/4\/2022\/02\/Buy-Onax-2mg.jpg","width":400,"height":300},{"@type":"BreadcrumbList","@id":"https:\/\/medicinasinc.com\/it\/product\/buy-onax-2mg-alprazolam\/#breadcrumb","itemListElement":[{"@type":"ListItem","position":1,"name":"Negozio","item":"https:\/\/medicinasinc.com\/it\/negozio\/"},{"@type":"ListItem","position":2,"name":"Acquista Onax 2mg Alprazolam"}]},{"@type":"WebSite","@id":"https:\/\/medicinasinc.com\/it\/#website","url":"https:\/\/medicinasinc.com\/it\/","name":"Medicinas Inc","description":"Health Medical Clinic","potentialAction":[{"@type":"SearchAction","target":{"@type":"EntryPoint","urlTemplate":"https:\/\/medicinasinc.com\/it\/?s={search_term_string}"},"query-input":{"@type":"PropertyValueSpecification","valueRequired":true,"valueName":"search_term_string"}}],"inLanguage":"it-IT"}]}},"_links":{"self":[{"href":"https:\/\/medicinasinc.com\/it\/wp-json\/wp\/v2\/product\/5262","targetHints":{"allow":["GET"]}}],"collection":[{"href":"https:\/\/medicinasinc.com\/it\/wp-json\/wp\/v2\/product"}],"about":[{"href":"https:\/\/medicinasinc.com\/it\/wp-json\/wp\/v2\/types\/product"}],"replies":[{"embeddable":true,"href":"https:\/\/medicinasinc.com\/it\/wp-json\/wp\/v2\/comments?post=5262"}],"wp:featuredmedia":[{"embeddable":true,"href":"https:\/\/medicinasinc.com\/it\/wp-json\/wp\/v2\/media\/5278"}],"wp:attachment":[{"href":"https:\/\/medicinasinc.com\/it\/wp-json\/wp\/v2\/media?parent=5262"}],"wp:term":[{"taxonomy":"product_brand","embeddable":true,"href":"https:\/\/medicinasinc.com\/it\/wp-json\/wp\/v2\/product_brand?post=5262"},{"taxonomy":"product_cat","embeddable":true,"href":"https:\/\/medicinasinc.com\/it\/wp-json\/wp\/v2\/product_cat?post=5262"},{"taxonomy":"product_tag","embeddable":true,"href":"https:\/\/medicinasinc.com\/it\/wp-json\/wp\/v2\/product_tag?post=5262"}],"curies":[{"name":"wp","href":"https:\/\/api.w.org\/{rel}","templated":true}]}}