{"id":5239,"date":"2022-02-20T22:28:45","date_gmt":"2022-02-20T22:28:45","guid":{"rendered":"https:\/\/medicinasinc.com\/it\/?post_type=product&#038;p=5239"},"modified":"2022-03-17T00:22:25","modified_gmt":"2022-03-17T00:22:25","slug":"comprare-magnus-mr-morfina-30mg-online","status":"publish","type":"product","link":"https:\/\/medicinasinc.com\/it\/product\/comprare-magnus-mr-morfina-30mg-online\/","title":{"rendered":"Acquista Magnus MR Morphine 30mg online"},"content":{"rendered":"<div id=\"productDescription\" class=\"productGeneral largeText\">\n<p>Magnus MR Morphine 30mg acquista online<br \/> Magnus MR (morfina solfato) 30 mg capsule Acquista Magnus MR (morfina solfato) 30 mg capsule online in modo sicuro<\/p>\n<p>Capsula Magnus MR (morfina solfato) da 30 mg \u2013 Ordine senza ricetta \u2013 Consegna durante la notte<\/p>\n<p>Magnus MR (morfina solfato) 30 mg in vendita negli Stati Uniti d&#8217;America \u2013 Farmacia antidolorifici affidabile<\/p>\n<p>Magnus MR in vendita (solfato di morfina) 30mg online ai prezzi pi\u00f9 bassi in EUROPA &amp; AMERICA<\/p>\n<p>Dove e come acquistare in sicurezza Magnus MR (Morphine Sulphate) 30mg online oggi<\/p>\n<p>1. Rhotard Morphine SR 30mg Compresse Morphgesic SR 30mg Compresse in vendita<\/p>\n<p>2. Composizione in termini qualitativi e quantitativi<br \/> Morphgesic SR 30mg Compresse\/Rhotard Morfina SR 30mg Compresse<br \/> Ogni compressa contiene 30 mg di morfina solfato.<br \/> Eccipienti con effetto ben definito:<br \/> Glucosio (63.000 mg per compressa).<\/p>\n<p>3. Formulazione farmacologica<br \/> Compresse a rilascio controllato<br \/> Ogni compressa da 30 mg \u00e8 una compressa rotonda biconvessa rivestita con film di colore viola.<\/p>\n<p>4. Specifiche cliniche<br \/> 4.1 Indicazioni per l&#8217;uso<br \/> Le compresse di Rhotard Morphine SR \/ Morphgesic SR sono destinate agli adulti per il trattamento del dolore intenso per un periodo di tempo prolungato.<\/p>\n<p>4.2 Posologia e tecnica di somministrazione <br \/> Posologia Popolazione pediatrica<br \/> L&#8217;uso delle pillole Rhotard Morphine SR \/ Morphgesic SR nei bambini non \u00e8 raccomandato.<\/p>\n<p>Adulti: il dosaggio \u00e8 determinato dall&#8217;intensit\u00e0 del dolore e dall&#8217;anamnesi precedente del paziente di uso analgesico. In genere, le compresse devono essere assunte due volte al giorno a intervalli di 12 ore. Per i pazienti con dolore intenso \u00e8 indicata una dose iniziale di una o due compresse da 10 mg (10 mg) due volte al giorno. Si raccomanda di aumentare la dose di morfina all&#8217;aumentare della gravit\u00e0 del dolore per ottenere l&#8217;attenuazione desiderata. Il dosaggio pu\u00f2 essere aggiustato combinando compresse di diversi dosaggi (10, 30, 60 e 100 mg) o utilizzando da sole compresse di un dosaggio maggiore.<br \/> Si suggerisce che i pazienti che sono passati da un altro preparato di morfina orale con biodisponibilit\u00e0 paragonabile alla morfina liquida orale ottenere la stessa dose di morfina totale in un periodo di 24 ore. L&#8217;intera dose deve essere divisa a met\u00e0 e somministrata al mattino e alla sera. Potrebbero essere necessari una titolazione della dose e un esame clinico.<br \/> Se un paziente ha ricevuto morfina per via parenterale prima di passare a Rhotard Morphine SR\/Morphgesic SR compresse, potrebbe essere necessaria una dose maggiore di morfina. Saranno necessari aggiustamenti individuali del dosaggio per compensare qualsiasi perdita di efficacia analgesica dovuta alla somministrazione orale. Dopo questo periodo iniziale, il dosaggio deve essere determinato dal medico.<br \/> In alcuni pazienti pu\u00f2 essere necessaria un&#8217;integrazione di morfina parenterale, il che \u00e8 del tutto appropriato. Tuttavia, \u00e8 necessario prestare attenzione riguardo al dosaggio totale di morfina, nonch\u00e9 agli effetti ritardati della morfina nella formulazione Rhotard Morphine SR\/ Morphgesic SR.<br \/> Le compresse di Rhotard Morphine SR\/Morphgesic SR devono essere usate con cautela dopo l&#8217;intervento (come con tutti preparati di morfina), ma soprattutto dopo un intervento chirurgico addominale.<br \/> La motilit\u00e0 nello stomaco dovrebbe essere ripresa e deve essere mantenuta.<\/p>\n<p>Tecnica di somministrazione<br \/> Le compresse orali di Rhotard Morphine SR \/ Morphgesic SR non devono essere masticato.<\/p>\n<p>5.1 Propriet\u00e0 farmacodinamiche<br \/> Gruppo di agenti farmacoterapeutici: oppiacei<br \/> N02A \u00e8 il codice ATC.<\/p>\n<p>Meccanismo di efficacia<br \/> MAGNUS MR SULFATE ER 30 La MG agisce come agonista dei recettori degli oppiacei del sistema nervoso centrale, principalmente dei recettori Mu e, in misura minore, dei recettori Kappa. Si presume che l&#8217;analgesia sopraspinale, la depressione respiratoria e l&#8217;euforia siano mediate dai recettori Mu, mentre si pensa che l&#8217;analgesia spinale, la miosi e la sedazione siano mediate dai recettori Kappa.<\/p>\n<p>Sistema nervoso centrale: i principali effetti terapeutici della morfina sono analgesia e sonnolenza (cio\u00e8 sonnolenza e ansiolisi). MAGNUS MR SULFATE ER 30 MG esercita un effetto sedativo sui centri respiratori del tronco encefalico. La morfina agisce direttamente sul centro della tosse nel midollo, sopprimendo il riflesso della tosse. Gli effetti antitosse sono possibili a dosi inferiori a quelle richieste per l&#8217;analgesia. La morfina induce miosi nell&#8217;oscurit\u00e0 completa. Sebbene le pupille puntiformi siano indicative di un sovradosaggio di oppioidi, non sono diagnostiche (ad es., lesioni pontine di origine emorragica o ischemica possono produrre risultati simili). L&#8217;ipossia pu\u00f2 manifestarsi come midriasi marcata piuttosto che come miosi nel contesto di un sovradosaggio di morfina.<\/p>\n<p>MAGNUS MR SULFATE ER 30 MG e analgesici simili possono potenzialmente causare dipendenza fisica e psicologica e devono essere usati con cautela. Inoltre, pu\u00f2 svilupparsi tolleranza.<\/p>\n<p>Muscoli lisci del tratto gastrointestinale e altri muscoli lisci<br \/> MAGNUS MR SULFATE ER 30 MG inibisce la motilit\u00e0 aumentando il tono della muscolatura liscia nello stomaco e nell&#8217;antro duodenale. La digestione del cibo \u00e8 rallentata nell&#8217;intestino tenue e le contrazioni propulsive sono ridotte. La stitichezza \u00e8 causata da una diminuzione delle onde peristaltiche di propulsione nel colon e da un aumento del tono fino al punto di spasmo. La morfina, in generale, aumenta il tono della muscolatura liscia, in particolare negli sfinteri del sistema gastrointestinale e biliare. La morfina pu\u00f2 causare spasmi nello sfintere di Oddi, aumentando cos\u00ec la pressione intrabiliare.<\/p>\n<p>MAGNUS MR SULFATE ER 30 MG pu\u00f2 causare il rilascio di istamina con o senza vasodilatazione periferica associata. Prurito, vampate di calore, occhi rossi, sudorazione e\/o ipotensione ortostatica sono tutti segni di rilascio di istamina e\/o vasodilatazione periferica.<\/p>\n<p>Endocrinologia<br \/> \u00c8 stato dimostrato che gli oppioidi hanno un effetto sull&#8217;ipotalamo- assi ipofisi-surrenali o -gonadici. Si possono osservare diverse alterazioni, tra cui un aumento della prolattina sierica e una diminuzione del cortisolo plasmatico e del testosterone in presenza di livelli di ACTH, LH o FSH anormalmente bassi o normali. Alcune donne in premenopausa possono avere una quantit\u00e0 insufficiente di estrogeni. Queste alterazioni ormonali possono produrre segni clinici.<\/p>\n<p>Ulteriori conseguenze farmacologiche<br \/> La ricerca in vitro e sugli animali rivela che gli oppioidi naturali, come la morfina, hanno una variet\u00e0 di effetti sui componenti del sistema immunitario; tuttavia, la rilevanza clinica di questi risultati \u00e8 incerta.<\/p>\n<p>Sono disponibili modalit\u00e0 di somministrazione orale, sottocutanea, intramuscolare, endovenosa, intraspinale e rettale. I dosaggi parenterali possono essere somministrati come iniezioni intermittenti o come infusioni continue o intermittenti, a seconda delle esigenze analgesiche del paziente.<\/p>\n<p>UTILIZZI<br \/> Questo medicinale \u00e8 usato per alleviare il dolore severo e persistente (come come dovuto al cancro). La morfina \u00e8 classificata come analgesico oppioide (narcotico). Agisce alterando il modo in cui il tuo corpo percepisce e risponde al dolore nel cervello.<\/p>\n<p>Le dosi pi\u00f9 elevate di questo farmaco (100 mg o pi\u00f9 per compressa) devono essere utilizzate solo se hai assunto dosi da moderate ad alte di farmaci antidolorifici oppioidi su base regolare. Questi punti di forza possono causare un sovradosaggio (e forse la morte) se assunti da qualcuno che non ha utilizzato oppioidi in modo coerente.<\/p>\n<p>Evita di usare la morfina a rilascio prolungato per trattare il dolore che \u00e8 moderato o si risolver\u00e0 entro un pochi giorni. Questo farmaco non \u00e8 destinato all&#8217;uso &#8220;secondo necessit\u00e0&#8221;.<\/p>\n<p>MAGNUS MR SULFATE ER 30 MG COMPRESSE ISTRUZIONI PER L&#8217;USO<\/p>\n<p>Prima di iniziare a usare la morfina e ogni volta che si riceve una ricarica, leggi la Guida ai farmaci rilasciata dal tuo farmacista. Consultare il proprio medico o il farmacista in caso di domande.<\/p>\n<p>Prendete questo farmaco regolarmente, non come necessario per il dolore intenso (breakthrough), come consigliato dal medico. Assumere questo farmaco con o senza pasti, di solito ogni 8-12 ore, come consigliato dal medico. Alcuni marchi dovrebbero essere presi solo una volta ogni 12 ore. In caso di nausea, pu\u00f2 essere utile assumerlo questo farmaco durante i pasti. Consultare il proprio medico o farmacista per altre strategie per alleviare la nausea (come sdraiarsi per 1 o 2 ore con il minor movimento possibile della testa). Consultare il medico se la nausea persiste.<\/p>\n<p>Consumare le compresse nella loro interezza. La compressa non deve essere rotta, frantumata, masticata o sciolta. Ci\u00f2 pu\u00f2 comportare l&#8217;intero rilascio del farmaco, aumentando il pericolo di sovradosaggio di morfina.<\/p>\n<p>Il dosaggio \u00e8 determinato dalla tua storia medica e dalla reazione al trattamento. Non aumentare la dose o assumere questo farmaco pi\u00f9 frequentemente o per un periodo di tempo pi\u00f9 lungo di quanto suggerito, poich\u00e9 il rischio di manifestare effetti collaterali potrebbe aumentare. Quando richiesto, interrompi il medicinale in modo appropriato.<\/p>\n<p>Se interrompe bruscamente l&#8217;uso di questo farmaco, potrebbero verificarsi sintomi di astinenza (come irrequietezza, lacrimazione agli occhi, naso che cola, nausea, sudorazione, dolori muscolari). Per evitare l&#8217;astinenza, il medico pu\u00f2 ridurre gradualmente la dose. \u00c8 pi\u00f9 probabile che si verifichino sintomi da astinenza se hai assunto morfina per un periodo di tempo prolungato o in dosi elevate. Informare immediatamente il medico o il farmacista se si hanno sintomi di astinenza.<\/p>\n<p>Quando questo farmaco viene utilizzato per un periodo di tempo prolungato, potrebbe perdere la sua efficacia. Consulta il tuo medico se questo farmaco smette di funzionare correttamente.<\/p>\n<p>Sebbene questo farmaco avvantaggia un gran numero di persone, pu\u00f2 occasionalmente provocare dipendenza. Questo rischio pu\u00f2 aumentare se si soffre di un disturbo da uso di sostanze (come l&#8217;uso eccessivo di droghe\/alcool o la dipendenza). Per ridurre al minimo il pericolo di dipendenza, utilizzare questo farmaco esattamente come indicato. Consultare il proprio medico o farmacista per ulteriori informazioni.<\/p>\n<\/p><\/div>\n<div class=\"product-next-previous\">\n<div class=\"product-prev\"><\/div><\/div>\n","protected":false},"excerpt":{"rendered":"<div class=\"woocommerce-product-details__short-description\">\n<p>Magnus MR Morphine 30mg \u00e8 disponibile per l&#8217;acquisto online. La morfina agisce come analgesico oppioide agendo come agonista sui recettori saturabili degli oppioidi nel SNC e in altri organi.<\/p>\n<p>Le pillole Magnus MR (Morphine Sulfate) da 30 mg sono disponibili senza prescrizione medica online (No RX). Morfina 30mg in vendita nel Regno Unito e in Europa<\/p>\n<\/p><\/div>\n","protected":false},"featured_media":5258,"comment_status":"closed","ping_status":"closed","template":"","meta":[],"product_brand":[],"product_cat":[1117],"product_tag":[1514,1515,1516,1517,1518,1519],"class_list":{"0":"post-5239","1":"product","2":"type-product","3":"status-publish","4":"has-post-thumbnail","6":"product_cat-comprare-pillole-sesso-dolore-per-dormire","7":"product_tag-buy-magnus-mr-30mg-morphine-sulphate","8":"product_tag-magnus-mr-morfina-solfato-30mg","9":"product_tag-magnus-mr-morfina-solfato-prezzo-strada","10":"product_tag-magnus-mr-morphine-sulphate-street-price-for-bottle","11":"product_tag-magnus-mr-30-mg-morphine-sulphate","12":"product_tag-magnus-mr-morfina-30mg","14":"first","15":"instock","16":"shipping-taxable","17":"purchasable","18":"product-type-variable"},"yoast_head":"<!-- This site is optimized with the Yoast SEO plugin v27.3 - https:\/\/yoast.com\/product\/yoast-seo-wordpress\/ -->\n<title>Acquista Magnus MR Morphine 30mg - I migliori farmaci globali migliori<\/title>\n<meta name=\"description\" content=\"Puoi\u00a0acquistare le capsule Magnus MR\u00a0(Morfina\u00a0solfato)\u00a030 mg\u00a0online\u00a0senza prescrizione medica (No RX). Morfina 30mg in vendita Regno Unito, Europa\" \/>\n<meta name=\"robots\" content=\"index, follow, max-snippet:-1, max-image-preview:large, max-video-preview:-1\" \/>\n<link rel=\"canonical\" href=\"https:\/\/medicinasinc.com\/it\/product\/comprare-magnus-mr-morfina-30mg-online\/\" \/>\n<meta property=\"og:locale\" content=\"it_IT\" \/>\n<meta property=\"og:type\" content=\"article\" \/>\n<meta property=\"og:title\" content=\"Acquista Magnus MR Morphine 30mg - I migliori farmaci globali migliori\" \/>\n<meta property=\"og:description\" content=\"Puoi\u00a0acquistare le capsule Magnus MR\u00a0(Morfina\u00a0solfato)\u00a030 mg\u00a0online\u00a0senza prescrizione medica (No RX). Morfina 30mg in vendita Regno Unito, Europa\" \/>\n<meta property=\"og:url\" content=\"https:\/\/medicinasinc.com\/it\/product\/comprare-magnus-mr-morfina-30mg-online\/\" \/>\n<meta property=\"og:site_name\" content=\"Medicinas Inc\" \/>\n<meta property=\"article:modified_time\" content=\"2022-03-17T00:22:25+00:00\" \/>\n<meta property=\"og:image\" content=\"https:\/\/medicinasinc.com\/it\/wp-content\/uploads\/sites\/4\/2022\/02\/Buy-Magnus-MR-Morphine-30mg.jpg\" \/>\n\t<meta property=\"og:image:width\" content=\"600\" \/>\n\t<meta property=\"og:image:height\" content=\"600\" \/>\n\t<meta property=\"og:image:type\" content=\"image\/jpeg\" \/>\n<meta name=\"twitter:card\" content=\"summary_large_image\" \/>\n<meta name=\"twitter:label1\" content=\"Tempo di lettura stimato\" \/>\n\t<meta name=\"twitter:data1\" content=\"7 minuti\" \/>\n<script type=\"application\/ld+json\" class=\"yoast-schema-graph\">{\"@context\":\"https:\\\/\\\/schema.org\",\"@graph\":[{\"@type\":\"WebPage\",\"@id\":\"https:\\\/\\\/medicinasinc.com\\\/it\\\/product\\\/comprare-magnus-mr-morfina-30mg-online\\\/\",\"url\":\"https:\\\/\\\/medicinasinc.com\\\/it\\\/product\\\/comprare-magnus-mr-morfina-30mg-online\\\/\",\"name\":\"Acquista Magnus MR Morphine 30mg - I migliori farmaci globali migliori\",\"isPartOf\":{\"@id\":\"https:\\\/\\\/medicinasinc.com\\\/it\\\/#website\"},\"primaryImageOfPage\":{\"@id\":\"https:\\\/\\\/medicinasinc.com\\\/it\\\/product\\\/comprare-magnus-mr-morfina-30mg-online\\\/#primaryimage\"},\"image\":{\"@id\":\"https:\\\/\\\/medicinasinc.com\\\/it\\\/product\\\/comprare-magnus-mr-morfina-30mg-online\\\/#primaryimage\"},\"thumbnailUrl\":\"https:\\\/\\\/medicinasinc.com\\\/it\\\/wp-content\\\/uploads\\\/sites\\\/4\\\/2022\\\/02\\\/Buy-Magnus-MR-Morphine-30mg.jpg\",\"datePublished\":\"2022-02-20T22:28:45+00:00\",\"dateModified\":\"2022-03-17T00:22:25+00:00\",\"description\":\"Puoi\u00a0acquistare le capsule Magnus MR\u00a0(Morfina\u00a0solfato)\u00a030 mg\u00a0online\u00a0senza prescrizione medica (No RX). Morfina 30mg in vendita Regno Unito, Europa\",\"breadcrumb\":{\"@id\":\"https:\\\/\\\/medicinasinc.com\\\/it\\\/product\\\/comprare-magnus-mr-morfina-30mg-online\\\/#breadcrumb\"},\"inLanguage\":\"it-IT\",\"potentialAction\":[{\"@type\":\"ReadAction\",\"target\":[\"https:\\\/\\\/medicinasinc.com\\\/it\\\/product\\\/comprare-magnus-mr-morfina-30mg-online\\\/\"]}]},{\"@type\":\"ImageObject\",\"inLanguage\":\"it-IT\",\"@id\":\"https:\\\/\\\/medicinasinc.com\\\/it\\\/product\\\/comprare-magnus-mr-morfina-30mg-online\\\/#primaryimage\",\"url\":\"https:\\\/\\\/medicinasinc.com\\\/it\\\/wp-content\\\/uploads\\\/sites\\\/4\\\/2022\\\/02\\\/Buy-Magnus-MR-Morphine-30mg.jpg\",\"contentUrl\":\"https:\\\/\\\/medicinasinc.com\\\/it\\\/wp-content\\\/uploads\\\/sites\\\/4\\\/2022\\\/02\\\/Buy-Magnus-MR-Morphine-30mg.jpg\",\"width\":600,\"height\":600},{\"@type\":\"BreadcrumbList\",\"@id\":\"https:\\\/\\\/medicinasinc.com\\\/it\\\/product\\\/comprare-magnus-mr-morfina-30mg-online\\\/#breadcrumb\",\"itemListElement\":[{\"@type\":\"ListItem\",\"position\":1,\"name\":\"Negozio\",\"item\":\"https:\\\/\\\/medicinasinc.com\\\/it\\\/negozio\\\/\"},{\"@type\":\"ListItem\",\"position\":2,\"name\":\"Acquista Magnus MR Morphine 30mg online\"}]},{\"@type\":\"WebSite\",\"@id\":\"https:\\\/\\\/medicinasinc.com\\\/it\\\/#website\",\"url\":\"https:\\\/\\\/medicinasinc.com\\\/it\\\/\",\"name\":\"Medicinas Inc\",\"description\":\"Health Medical Clinic\",\"potentialAction\":[{\"@type\":\"SearchAction\",\"target\":{\"@type\":\"EntryPoint\",\"urlTemplate\":\"https:\\\/\\\/medicinasinc.com\\\/it\\\/?s={search_term_string}\"},\"query-input\":{\"@type\":\"PropertyValueSpecification\",\"valueRequired\":true,\"valueName\":\"search_term_string\"}}],\"inLanguage\":\"it-IT\"}]}<\/script>\n<!-- \/ Yoast SEO plugin. -->","yoast_head_json":{"title":"Acquista Magnus MR Morphine 30mg - I migliori farmaci globali migliori","description":"Puoi\u00a0acquistare le capsule Magnus MR\u00a0(Morfina\u00a0solfato)\u00a030 mg\u00a0online\u00a0senza prescrizione medica (No RX). Morfina 30mg in vendita Regno Unito, Europa","robots":{"index":"index","follow":"follow","max-snippet":"max-snippet:-1","max-image-preview":"max-image-preview:large","max-video-preview":"max-video-preview:-1"},"canonical":"https:\/\/medicinasinc.com\/it\/product\/comprare-magnus-mr-morfina-30mg-online\/","og_locale":"it_IT","og_type":"article","og_title":"Acquista Magnus MR Morphine 30mg - I migliori farmaci globali migliori","og_description":"Puoi\u00a0acquistare le capsule Magnus MR\u00a0(Morfina\u00a0solfato)\u00a030 mg\u00a0online\u00a0senza prescrizione medica (No RX). Morfina 30mg in vendita Regno Unito, Europa","og_url":"https:\/\/medicinasinc.com\/it\/product\/comprare-magnus-mr-morfina-30mg-online\/","og_site_name":"Medicinas Inc","article_modified_time":"2022-03-17T00:22:25+00:00","og_image":[{"width":600,"height":600,"url":"https:\/\/medicinasinc.com\/it\/wp-content\/uploads\/sites\/4\/2022\/02\/Buy-Magnus-MR-Morphine-30mg.jpg","type":"image\/jpeg"}],"twitter_card":"summary_large_image","twitter_misc":{"Tempo di lettura stimato":"7 minuti"},"schema":{"@context":"https:\/\/schema.org","@graph":[{"@type":"WebPage","@id":"https:\/\/medicinasinc.com\/it\/product\/comprare-magnus-mr-morfina-30mg-online\/","url":"https:\/\/medicinasinc.com\/it\/product\/comprare-magnus-mr-morfina-30mg-online\/","name":"Acquista Magnus MR Morphine 30mg - I migliori farmaci globali migliori","isPartOf":{"@id":"https:\/\/medicinasinc.com\/it\/#website"},"primaryImageOfPage":{"@id":"https:\/\/medicinasinc.com\/it\/product\/comprare-magnus-mr-morfina-30mg-online\/#primaryimage"},"image":{"@id":"https:\/\/medicinasinc.com\/it\/product\/comprare-magnus-mr-morfina-30mg-online\/#primaryimage"},"thumbnailUrl":"https:\/\/medicinasinc.com\/it\/wp-content\/uploads\/sites\/4\/2022\/02\/Buy-Magnus-MR-Morphine-30mg.jpg","datePublished":"2022-02-20T22:28:45+00:00","dateModified":"2022-03-17T00:22:25+00:00","description":"Puoi\u00a0acquistare le capsule Magnus MR\u00a0(Morfina\u00a0solfato)\u00a030 mg\u00a0online\u00a0senza prescrizione medica (No RX). Morfina 30mg in vendita Regno Unito, Europa","breadcrumb":{"@id":"https:\/\/medicinasinc.com\/it\/product\/comprare-magnus-mr-morfina-30mg-online\/#breadcrumb"},"inLanguage":"it-IT","potentialAction":[{"@type":"ReadAction","target":["https:\/\/medicinasinc.com\/it\/product\/comprare-magnus-mr-morfina-30mg-online\/"]}]},{"@type":"ImageObject","inLanguage":"it-IT","@id":"https:\/\/medicinasinc.com\/it\/product\/comprare-magnus-mr-morfina-30mg-online\/#primaryimage","url":"https:\/\/medicinasinc.com\/it\/wp-content\/uploads\/sites\/4\/2022\/02\/Buy-Magnus-MR-Morphine-30mg.jpg","contentUrl":"https:\/\/medicinasinc.com\/it\/wp-content\/uploads\/sites\/4\/2022\/02\/Buy-Magnus-MR-Morphine-30mg.jpg","width":600,"height":600},{"@type":"BreadcrumbList","@id":"https:\/\/medicinasinc.com\/it\/product\/comprare-magnus-mr-morfina-30mg-online\/#breadcrumb","itemListElement":[{"@type":"ListItem","position":1,"name":"Negozio","item":"https:\/\/medicinasinc.com\/it\/negozio\/"},{"@type":"ListItem","position":2,"name":"Acquista Magnus MR Morphine 30mg online"}]},{"@type":"WebSite","@id":"https:\/\/medicinasinc.com\/it\/#website","url":"https:\/\/medicinasinc.com\/it\/","name":"Medicinas Inc","description":"Health Medical Clinic","potentialAction":[{"@type":"SearchAction","target":{"@type":"EntryPoint","urlTemplate":"https:\/\/medicinasinc.com\/it\/?s={search_term_string}"},"query-input":{"@type":"PropertyValueSpecification","valueRequired":true,"valueName":"search_term_string"}}],"inLanguage":"it-IT"}]}},"_links":{"self":[{"href":"https:\/\/medicinasinc.com\/it\/wp-json\/wp\/v2\/product\/5239","targetHints":{"allow":["GET"]}}],"collection":[{"href":"https:\/\/medicinasinc.com\/it\/wp-json\/wp\/v2\/product"}],"about":[{"href":"https:\/\/medicinasinc.com\/it\/wp-json\/wp\/v2\/types\/product"}],"replies":[{"embeddable":true,"href":"https:\/\/medicinasinc.com\/it\/wp-json\/wp\/v2\/comments?post=5239"}],"wp:featuredmedia":[{"embeddable":true,"href":"https:\/\/medicinasinc.com\/it\/wp-json\/wp\/v2\/media\/5258"}],"wp:attachment":[{"href":"https:\/\/medicinasinc.com\/it\/wp-json\/wp\/v2\/media?parent=5239"}],"wp:term":[{"taxonomy":"product_brand","embeddable":true,"href":"https:\/\/medicinasinc.com\/it\/wp-json\/wp\/v2\/product_brand?post=5239"},{"taxonomy":"product_cat","embeddable":true,"href":"https:\/\/medicinasinc.com\/it\/wp-json\/wp\/v2\/product_cat?post=5239"},{"taxonomy":"product_tag","embeddable":true,"href":"https:\/\/medicinasinc.com\/it\/wp-json\/wp\/v2\/product_tag?post=5239"}],"curies":[{"name":"wp","href":"https:\/\/api.w.org\/{rel}","templated":true}]}}