{"id":5237,"date":"2022-02-20T22:24:46","date_gmt":"2022-02-20T22:24:46","guid":{"rendered":"https:\/\/medicinasinc.com\/it\/?post_type=product&#038;p=5237"},"modified":"2022-03-17T00:22:46","modified_gmt":"2022-03-17T00:22:46","slug":"buy-lioresal-baclofen-25mg-pillole","status":"publish","type":"product","link":"https:\/\/medicinasinc.com\/it\/product\/buy-lioresal-baclofen-25mg-pillole\/","title":{"rendered":"Acquista le pillole Lioresal Baclofen 25mg"},"content":{"rendered":"<p>Le pillole di Lioresal Baclofen 25mg possono essere acquistate online.<\/p>\n<p>INDICAZIONI<\/p>\n<p>Lioresal (baclofene) \u00e8 un antispasmodico e miorilassante.<\/p>\n<p>Il baclofene \u00e8 usato per trattare spasmi muscolari, disagio e rigidit\u00e0 associati alla sclerosi multipla.<\/p>\n<p>Il baclofene pu\u00f2 essere utilizzato per condizioni aggiuntive non incluse in questa guida ai farmaci.<\/p>\n<p>ISTRUZIONI<\/p>\n<p>Prenda esattamente come indicato dal tuo medico. Consumare non pi\u00f9 o meno della quantit\u00e0 suggerita o per un periodo pi\u00f9 lungo di quello raccomandato. Rispettare le indicazioni specificate sull&#8217;etichetta del farmaco.<\/p>\n<p>Il medico pu\u00f2 occasionalmente aggiustare la dose per assicurarsi di ricevere i migliori risultati possibili.<br \/> Consultare il medico se i disturbi muscolari persistono dopo due settimane di trattamento con questo medicinale. Non interrompa questo medicinale senza prima consultare il medico. Quando si interrompe l&#8217;assunzione di baclofene dopo un periodo prolungato di utilizzo, \u00e8 possibile che si manifestino sintomi di astinenza come convulsioni o allucinazioni. Potrebbe essere necessario utilizzare il farmaco sempre meno fino a quando non lo si interrompe completamente.<\/p>\n<p>DOSAGGIO<\/p>\n<p>Prenda il farmaco esattamente come prescritto dal medico.<\/p>\n<p>Pazienti adulti con spasticit\u00e0 del midollo spinale: dopo le prime 24 ore, la dose giornaliera per i pazienti adulti deve essere aumentata gradualmente con incrementi del 10-30% e solo una volta ogni 24 ore, fino a ottenere l&#8217;impatto terapeutico desiderato.<\/p>\n<p>Adulti con Spasticit\u00e0 Cerebrale: Dopo le prime 24 ore, la dose giornaliera deve essere aumentata gradualmente del 5-15% ogni 24 ore, fino ad ottenere l&#8217;impatto terapeutico desiderato.<\/p>\n<p>Dopo le prime 24 ore, la dose giornaliera dovrebbe essere gradualmente aumentato del 5-15 percento ogni 24 ore, fino a ottenere l&#8217;effetto terapeutico desiderato. Se un aumento della dose giornaliera non produce una risposta clinica significativa, verificare la buona funzionalit\u00e0 del microinfusore e la perviet\u00e0 del catetere. Durante la fase di screening e il periodo di titolazione della dose immediatamente successivo all&#8217;impianto, i pazienti devono essere monitorati regolarmente in un ambiente ben attrezzato e dotato di personale. L&#8217;attrezzatura per la rianimazione dovrebbe essere prontamente disponibile in caso di effetti avversi potenzialmente fatali o inaccettabili.<\/p>\n<p>CONSERVAZIONE<\/p>\n<p>Non \u00e8 richiesta la refrigerazione.<\/p>\n<p>Conservare a temperatura inferiore a 86\u00b0F ( 30\u00b0C).<\/p>\n<p>Evita il congelamento.<\/p>\n<p>Evita la sterilizzazione a caldo.<\/p>\n<p>INFORMAZIONI AGGIUNTIVE:<\/p>\n<p>Il baclofen \u00e8 il componente attivo.<\/p>\n<p>Lioresal \u00e8 un analgesico. Riduce significativamente la frequenza e l&#8217;intensit\u00e0 degli spasmi muscolari causati da malattie neurologiche come la sclerosi multipla.<\/p>\n<p>IMPORTANTI INFORMAZIONI SULLA SICUREZZA<\/p>\n<p>Se sei allergico al baclofen, dovresti evitare di usarlo.<\/p>\n<p>Informare il medico se si dispone di una qualsiasi delle seguenti condizioni aggiuntive per assicurarsi di poter assumere in sicurezza il baclofene:<\/p>\n<p>malattia dei reni<\/p>\n<p>una malattia convulsiva come epilessia; o<\/p>\n<p>una storia personale o familiare di ictus o coaguli di sangue.<\/p>\n<p>L&#8217;uso di baclofene pu\u00f2 aumentare il rischio di sviluppare una cisti ovarica. Consultare il proprio medico in merito al proprio rischio specifico. Classificazione di gravidanza FDA C. Non \u00e8 noto se il baclofen sia tossico per il feto. Informi il medico se \u00e8 incinta o desidera rimanere incinta durante l&#8217;assunzione di questo medicinale. Non \u00e8 noto se il baclofene penetri nel latte materno o se sia dannoso per i bambini che allattano al seno. L&#8217;allattamento al seno deve essere evitato durante l&#8217;assunzione di baclofene. Non somministrare mai questo farmaco a un bambino di et\u00e0 inferiore ai 12 anni. Gli anziani possono essere pi\u00f9 suscettibili agli effetti di questo farmaco.<\/p>\n<p>Informazioni sulla sicurezza che sono fondamentali<\/p>\n<p>Questo farmaco ha il potenziale per influenzare il tuo pensiero e le tue reazioni. Fai attenzione se guidi o fai qualsiasi altra cosa che richieda attenzione. Il consumo di alcol pu\u00f2 esacerbare alcuni effetti avversi del baclofene. Evitare l&#8217;uso di baclofene nei momenti in cui \u00e8 richiesto il tono muscolare per il corretto equilibrio e mobilit\u00e0 durante attivit\u00e0 specifiche. In alcune circostanze, essere in uno stato di basso tono muscolare pu\u00f2 mettere a rischio la tua sicurezza fisica.<\/p>\n<div class=\"product-next-previous\">\n<div class=\"product-prev\">\n<p><strong>EFFETTI COLLATERALI<\/strong><\/p>\n<p>Richiedi assistenza medica di emergenza se hai uno qualsiasi di questi segni di una reazione allergica: orticaria; respirazione difficile; gonfiore del viso, delle labbra, della lingua o della gola. Chiama subito il tuo medico se hai un grave effetto collaterale come:<\/p>\n<p>convulsioni (convulsioni);<\/p>\n<p>confusione, allucinazioni; oppure<\/p>\n<p>un battito cardiaco irregolare.<\/p>\n<p>Effetti collaterali meno gravi possono includere:<\/p>\n<p>sonnolenza, vertigini, debolezza, sensazione di stanchezza;<\/p>\n<p>mal di testa ;<\/p>\n<p>problemi di sonno (insonnia);<\/p>\n<p>nausea, costipazione; oppure<\/p>\n<p>urinare pi\u00f9 spesso del solito.<\/p>\n<p>Questo non \u00e8 un elenco completo degli effetti collaterali e potrebbero verificarsi altri.<\/p>\n<p>Chiamare il medico per un consiglio medico sugli effetti collaterali effetti.<\/p>\n<\/p><\/div><\/div>\n<div class=\"product-next-previous\">\n<div class=\"product-prev\"><\/div><\/div>\n","protected":false},"excerpt":{"rendered":"<p>Compra le pillole Lioresal Baclofen 25mg in vendita in Europa e nel Regno Unito online. Baclofene formula tridimensionale Le compresse di Lioresal devono essere deglutite intere, con il cibo. La dose iniziale \u00e8 di 5 mg tre volte al giorno.<\/p>\n<p>Lioresal 25 mg compressa (10 compresse) pu\u00f2 essere acquistata online. BACLOFEN 25MG \u00e8 il nome generico. Lioresal\u00a0&#8230; Baclofene 25 mg \u00e8 contenuto in ogni compressa Lioresal 25 mg non rivestita.<\/p>\n<p>utilizzo del baclofene nelle pillole di baclofen nel Regno Unito cosa sono&#8230; medicamento lioresal 25 mg baclofen lioresal 10 mg compressa<\/p>\n<p>10 mg baclofene compressa<\/p>\n","protected":false},"featured_media":5254,"comment_status":"open","ping_status":"closed","template":"","meta":[],"product_brand":[],"product_cat":[1117],"product_tag":[1445,1440,1441,1442,1446,1447,1449,1451,1452,1453,1454,1455,1443,1448,1463,1450,1456,1467,1468,1466,1460,1457,1458,1459,1462,1461,1464,1465,1444,1469,1439],"class_list":{"0":"post-5237","1":"product","2":"type-product","3":"status-publish","4":"has-post-thumbnail","6":"product_cat-comprare-pillole-sesso-dolore-per-dormire","7":"product_tag-baclofen-lioresal-effetti-collaterali","8":"product_tag-baclofen-lioresal","9":"product_tag-baclofen-lioresal-20mg","10":"product_tag-baclofen-lioresal-1-2-mesi","11":"product_tag-baclofen-10-mg-generic-for-lioresal-do-you-need-to-eat-before","12":"product_tag-baclofen-gablofen-lioresal","13":"product_tag-baclofen-lioresal-compra-messico","14":"product_tag-baclofen-lioresal-orale-intratecale","15":"product_tag-baclofen-lioresal-tizanidine-zanaflex","16":"product_tag-baclofen-lioresal-why-am-i-so-tired","17":"product_tag-baclofen-vs-lioresal","18":"product_tag-baclofene","19":"product_tag-baclofen-lioresal-10-mg-orale-ta","20":"product_tag-baclofen-lioresal-10-mg","21":"product_tag-lioresal-baclofen","22":"product_tag-baclofen-lioresal-classe-di-droga","23":"product_tag-dantrolene-dantrium","24":"product_tag-dosaggio-lioresale","25":"product_tag-effetti-collaterali-lioresal","26":"product_tag-lioresal-baclofen-prospetto","27":"product_tag-lioresal-10-mg-compresse","28":"product_tag-lioresal-10-mg-baclofene","29":"product_tag-lioresal-10-mg-dosage","30":"product_tag-lioresal-10-mg-effetti-collaterali","31":"product_tag-lioresal-25-effetti-collaterali","32":"product_tag-lioresal-25-mg-baclofene","33":"product_tag-lioresal-baclofene-10-mg","34":"product_tag-lioresal-baclofene-25-mg","35":"product_tag-baclofen-lioresal-stimolante","36":"product_tag-tizanidina","37":"product_tag-un-uso-non-etichettato-per-baclofene-lioresal--per-il-trattamento","39":"first","40":"instock","41":"shipping-taxable","42":"purchasable","43":"product-type-variable","44":"has-default-attributes"},"yoast_head":"<!-- This site is optimized with the Yoast SEO plugin v27.3 - https:\/\/yoast.com\/product\/yoast-seo-wordpress\/ -->\n<title>Acquista le pillole Lioresal Baclofen 25mg - Best Global Meds<\/title>\n<meta name=\"description\" content=\"Acquista Lioresal Baclofen 25mg pillole in vendita Europa, Regno Unito online. Baclofen 3d Le compresse di Lioresal devono essere assunte per via orale, con il cibo. La dose iniziale \u00e8 di 5 mg 3 volte al giorno.\" \/>\n<meta name=\"robots\" content=\"index, follow, max-snippet:-1, max-image-preview:large, max-video-preview:-1\" \/>\n<link rel=\"canonical\" href=\"https:\/\/medicinasinc.com\/it\/product\/buy-lioresal-baclofen-25mg-pillole\/\" \/>\n<meta property=\"og:locale\" content=\"it_IT\" \/>\n<meta property=\"og:type\" content=\"article\" \/>\n<meta property=\"og:title\" content=\"Acquista le pillole Lioresal Baclofen 25mg - Best Global Meds\" \/>\n<meta property=\"og:description\" content=\"Acquista Lioresal Baclofen 25mg pillole in vendita Europa, Regno Unito online. Baclofen 3d Le compresse di Lioresal devono essere assunte per via orale, con il cibo. La dose iniziale \u00e8 di 5 mg 3 volte al giorno.\" \/>\n<meta property=\"og:url\" content=\"https:\/\/medicinasinc.com\/it\/product\/buy-lioresal-baclofen-25mg-pillole\/\" \/>\n<meta property=\"og:site_name\" content=\"Medicinas Inc\" \/>\n<meta property=\"article:modified_time\" content=\"2022-03-17T00:22:46+00:00\" \/>\n<meta property=\"og:image\" content=\"https:\/\/medicinasinc.com\/it\/wp-content\/uploads\/sites\/4\/2022\/02\/Buy-Lioresal-Baclofen-25mg.jpg\" \/>\n\t<meta property=\"og:image:width\" content=\"1280\" \/>\n\t<meta property=\"og:image:height\" content=\"720\" \/>\n\t<meta property=\"og:image:type\" content=\"image\/jpeg\" \/>\n<meta name=\"twitter:card\" content=\"summary_large_image\" \/>\n<meta name=\"twitter:label1\" content=\"Tempo di lettura stimato\" \/>\n\t<meta name=\"twitter:data1\" content=\"3 minuti\" \/>\n<script type=\"application\/ld+json\" class=\"yoast-schema-graph\">{\"@context\":\"https:\\\/\\\/schema.org\",\"@graph\":[{\"@type\":\"WebPage\",\"@id\":\"https:\\\/\\\/medicinasinc.com\\\/it\\\/product\\\/buy-lioresal-baclofen-25mg-pillole\\\/\",\"url\":\"https:\\\/\\\/medicinasinc.com\\\/it\\\/product\\\/buy-lioresal-baclofen-25mg-pillole\\\/\",\"name\":\"Acquista le pillole Lioresal Baclofen 25mg - Best Global Meds\",\"isPartOf\":{\"@id\":\"https:\\\/\\\/medicinasinc.com\\\/it\\\/#website\"},\"primaryImageOfPage\":{\"@id\":\"https:\\\/\\\/medicinasinc.com\\\/it\\\/product\\\/buy-lioresal-baclofen-25mg-pillole\\\/#primaryimage\"},\"image\":{\"@id\":\"https:\\\/\\\/medicinasinc.com\\\/it\\\/product\\\/buy-lioresal-baclofen-25mg-pillole\\\/#primaryimage\"},\"thumbnailUrl\":\"https:\\\/\\\/medicinasinc.com\\\/it\\\/wp-content\\\/uploads\\\/sites\\\/4\\\/2022\\\/02\\\/Buy-Lioresal-Baclofen-25mg.jpg\",\"datePublished\":\"2022-02-20T22:24:46+00:00\",\"dateModified\":\"2022-03-17T00:22:46+00:00\",\"description\":\"Acquista Lioresal Baclofen 25mg pillole in vendita Europa, Regno Unito online. Baclofen 3d Le compresse di Lioresal devono essere assunte per via orale, con il cibo. La dose iniziale \u00e8 di 5 mg 3 volte al giorno.\",\"breadcrumb\":{\"@id\":\"https:\\\/\\\/medicinasinc.com\\\/it\\\/product\\\/buy-lioresal-baclofen-25mg-pillole\\\/#breadcrumb\"},\"inLanguage\":\"it-IT\",\"potentialAction\":[{\"@type\":\"ReadAction\",\"target\":[\"https:\\\/\\\/medicinasinc.com\\\/it\\\/product\\\/buy-lioresal-baclofen-25mg-pillole\\\/\"]}]},{\"@type\":\"ImageObject\",\"inLanguage\":\"it-IT\",\"@id\":\"https:\\\/\\\/medicinasinc.com\\\/it\\\/product\\\/buy-lioresal-baclofen-25mg-pillole\\\/#primaryimage\",\"url\":\"https:\\\/\\\/medicinasinc.com\\\/it\\\/wp-content\\\/uploads\\\/sites\\\/4\\\/2022\\\/02\\\/Buy-Lioresal-Baclofen-25mg.jpg\",\"contentUrl\":\"https:\\\/\\\/medicinasinc.com\\\/it\\\/wp-content\\\/uploads\\\/sites\\\/4\\\/2022\\\/02\\\/Buy-Lioresal-Baclofen-25mg.jpg\",\"width\":1280,\"height\":720},{\"@type\":\"BreadcrumbList\",\"@id\":\"https:\\\/\\\/medicinasinc.com\\\/it\\\/product\\\/buy-lioresal-baclofen-25mg-pillole\\\/#breadcrumb\",\"itemListElement\":[{\"@type\":\"ListItem\",\"position\":1,\"name\":\"Negozio\",\"item\":\"https:\\\/\\\/medicinasinc.com\\\/it\\\/negozio\\\/\"},{\"@type\":\"ListItem\",\"position\":2,\"name\":\"Acquista le pillole Lioresal Baclofen 25mg\"}]},{\"@type\":\"WebSite\",\"@id\":\"https:\\\/\\\/medicinasinc.com\\\/it\\\/#website\",\"url\":\"https:\\\/\\\/medicinasinc.com\\\/it\\\/\",\"name\":\"Medicinas Inc\",\"description\":\"Health Medical Clinic\",\"potentialAction\":[{\"@type\":\"SearchAction\",\"target\":{\"@type\":\"EntryPoint\",\"urlTemplate\":\"https:\\\/\\\/medicinasinc.com\\\/it\\\/?s={search_term_string}\"},\"query-input\":{\"@type\":\"PropertyValueSpecification\",\"valueRequired\":true,\"valueName\":\"search_term_string\"}}],\"inLanguage\":\"it-IT\"}]}<\/script>\n<!-- \/ Yoast SEO plugin. -->","yoast_head_json":{"title":"Acquista le pillole Lioresal Baclofen 25mg - Best Global Meds","description":"Acquista Lioresal Baclofen 25mg pillole in vendita Europa, Regno Unito online. Baclofen 3d Le compresse di Lioresal devono essere assunte per via orale, con il cibo. La dose iniziale \u00e8 di 5 mg 3 volte al giorno.","robots":{"index":"index","follow":"follow","max-snippet":"max-snippet:-1","max-image-preview":"max-image-preview:large","max-video-preview":"max-video-preview:-1"},"canonical":"https:\/\/medicinasinc.com\/it\/product\/buy-lioresal-baclofen-25mg-pillole\/","og_locale":"it_IT","og_type":"article","og_title":"Acquista le pillole Lioresal Baclofen 25mg - Best Global Meds","og_description":"Acquista Lioresal Baclofen 25mg pillole in vendita Europa, Regno Unito online. Baclofen 3d Le compresse di Lioresal devono essere assunte per via orale, con il cibo. La dose iniziale \u00e8 di 5 mg 3 volte al giorno.","og_url":"https:\/\/medicinasinc.com\/it\/product\/buy-lioresal-baclofen-25mg-pillole\/","og_site_name":"Medicinas Inc","article_modified_time":"2022-03-17T00:22:46+00:00","og_image":[{"width":1280,"height":720,"url":"https:\/\/medicinasinc.com\/it\/wp-content\/uploads\/sites\/4\/2022\/02\/Buy-Lioresal-Baclofen-25mg.jpg","type":"image\/jpeg"}],"twitter_card":"summary_large_image","twitter_misc":{"Tempo di lettura stimato":"3 minuti"},"schema":{"@context":"https:\/\/schema.org","@graph":[{"@type":"WebPage","@id":"https:\/\/medicinasinc.com\/it\/product\/buy-lioresal-baclofen-25mg-pillole\/","url":"https:\/\/medicinasinc.com\/it\/product\/buy-lioresal-baclofen-25mg-pillole\/","name":"Acquista le pillole Lioresal Baclofen 25mg - Best Global Meds","isPartOf":{"@id":"https:\/\/medicinasinc.com\/it\/#website"},"primaryImageOfPage":{"@id":"https:\/\/medicinasinc.com\/it\/product\/buy-lioresal-baclofen-25mg-pillole\/#primaryimage"},"image":{"@id":"https:\/\/medicinasinc.com\/it\/product\/buy-lioresal-baclofen-25mg-pillole\/#primaryimage"},"thumbnailUrl":"https:\/\/medicinasinc.com\/it\/wp-content\/uploads\/sites\/4\/2022\/02\/Buy-Lioresal-Baclofen-25mg.jpg","datePublished":"2022-02-20T22:24:46+00:00","dateModified":"2022-03-17T00:22:46+00:00","description":"Acquista Lioresal Baclofen 25mg pillole in vendita Europa, Regno Unito online. Baclofen 3d Le compresse di Lioresal devono essere assunte per via orale, con il cibo. La dose iniziale \u00e8 di 5 mg 3 volte al giorno.","breadcrumb":{"@id":"https:\/\/medicinasinc.com\/it\/product\/buy-lioresal-baclofen-25mg-pillole\/#breadcrumb"},"inLanguage":"it-IT","potentialAction":[{"@type":"ReadAction","target":["https:\/\/medicinasinc.com\/it\/product\/buy-lioresal-baclofen-25mg-pillole\/"]}]},{"@type":"ImageObject","inLanguage":"it-IT","@id":"https:\/\/medicinasinc.com\/it\/product\/buy-lioresal-baclofen-25mg-pillole\/#primaryimage","url":"https:\/\/medicinasinc.com\/it\/wp-content\/uploads\/sites\/4\/2022\/02\/Buy-Lioresal-Baclofen-25mg.jpg","contentUrl":"https:\/\/medicinasinc.com\/it\/wp-content\/uploads\/sites\/4\/2022\/02\/Buy-Lioresal-Baclofen-25mg.jpg","width":1280,"height":720},{"@type":"BreadcrumbList","@id":"https:\/\/medicinasinc.com\/it\/product\/buy-lioresal-baclofen-25mg-pillole\/#breadcrumb","itemListElement":[{"@type":"ListItem","position":1,"name":"Negozio","item":"https:\/\/medicinasinc.com\/it\/negozio\/"},{"@type":"ListItem","position":2,"name":"Acquista le pillole Lioresal Baclofen 25mg"}]},{"@type":"WebSite","@id":"https:\/\/medicinasinc.com\/it\/#website","url":"https:\/\/medicinasinc.com\/it\/","name":"Medicinas Inc","description":"Health Medical Clinic","potentialAction":[{"@type":"SearchAction","target":{"@type":"EntryPoint","urlTemplate":"https:\/\/medicinasinc.com\/it\/?s={search_term_string}"},"query-input":{"@type":"PropertyValueSpecification","valueRequired":true,"valueName":"search_term_string"}}],"inLanguage":"it-IT"}]}},"_links":{"self":[{"href":"https:\/\/medicinasinc.com\/it\/wp-json\/wp\/v2\/product\/5237","targetHints":{"allow":["GET"]}}],"collection":[{"href":"https:\/\/medicinasinc.com\/it\/wp-json\/wp\/v2\/product"}],"about":[{"href":"https:\/\/medicinasinc.com\/it\/wp-json\/wp\/v2\/types\/product"}],"replies":[{"embeddable":true,"href":"https:\/\/medicinasinc.com\/it\/wp-json\/wp\/v2\/comments?post=5237"}],"wp:featuredmedia":[{"embeddable":true,"href":"https:\/\/medicinasinc.com\/it\/wp-json\/wp\/v2\/media\/5254"}],"wp:attachment":[{"href":"https:\/\/medicinasinc.com\/it\/wp-json\/wp\/v2\/media?parent=5237"}],"wp:term":[{"taxonomy":"product_brand","embeddable":true,"href":"https:\/\/medicinasinc.com\/it\/wp-json\/wp\/v2\/product_brand?post=5237"},{"taxonomy":"product_cat","embeddable":true,"href":"https:\/\/medicinasinc.com\/it\/wp-json\/wp\/v2\/product_cat?post=5237"},{"taxonomy":"product_tag","embeddable":true,"href":"https:\/\/medicinasinc.com\/it\/wp-json\/wp\/v2\/product_tag?post=5237"}],"curies":[{"name":"wp","href":"https:\/\/api.w.org\/{rel}","templated":true}]}}