{"id":5236,"date":"2022-02-20T22:23:28","date_gmt":"2022-02-20T22:23:28","guid":{"rendered":"https:\/\/medicinasinc.com\/it\/?post_type=product&#038;p=5236"},"modified":"2022-03-17T00:22:54","modified_gmt":"2022-03-17T00:22:54","slug":"comprare-lexotanil-bromazepam-3mg-pillole-online","status":"publish","type":"product","link":"https:\/\/medicinasinc.com\/it\/product\/comprare-lexotanil-bromazepam-3mg-pillole-online\/","title":{"rendered":"Acquista le pillole di Lexotanil Bromazepam 3mg online"},"content":{"rendered":"<p>Lexotanil Bromazepam 3 mg compresse da acquistare online<br \/> Lexotanil Bromazepam 3 mg compresse online | lexotanil bromazepam<br \/> Qual \u00e8 lo scopo di bromazepam lexotanil 3 mg?<br \/> Il bromazepam (nome commerciale Lexotan\u00ae) \u00e8 una benzodiazepina. Viene utilizzato principalmente per aiutare nel trattamento dei sintomi di ansia. Inoltre, pu\u00f2 essere utilizzato per alleviare i sintomi di panico e ansia sociale. \u00c8 prodotto sotto forma di compresse.<\/p>\n<p>Qual \u200b\u200b\u00e8 la dose tipica di bromazepam?<\/p>\n<p>Il bromazepam \u00e8 generalmente prescritto negli adulti per l&#8217;ansia a una dose di 3-18 mg al giorno, comunemente distribuita il giorno. Negli anziani, la dose deve essere ridotta della met\u00e0, cio\u00e8 met\u00e0 della dose per adulti.<\/p>\n<p>Come e quando deve essere assunto Lexotan lexotanil 3 mg?<\/p>\n<p>Seduto o in piedi, deglutire le pillole con almeno mezzo bicchiere d&#8217;acqua. Questo assicura che raggiunga lo stomaco e non si depositi in gola. Il bromazepam \u00e8 sicuro da assumere prima, con o dopo aver mangiato.<\/p>\n<p>Quanto tempo impiegher\u00e0 il bromazepam ad avere effetto?<br \/> Il bromazepam spesso inizia a funzionare dopo circa un&#8217;ora. L&#8217;effetto pu\u00f2 quindi intensificarsi nel corso di diversi giorni o settimane.<br \/> Per quanto tempo devo continuare a prendere lexotanil 3 mg?<br \/> Questo pu\u00f2 variare a seconda dello scopo per cui lo stai assumendo. LEXOTANIL, spesso scritto Lexotan<\/p>\n<p>Posso interrompere bruscamente l&#8217;assunzione di bromazepam?<\/p>\n<p>Se prendi bromazepam su base giornaliera per pi\u00f9 di circa 4-6 settimane, potresti sviluppare una dipendenza da esso , ma questo non \u00e8 un problema se lo prendi per l&#8217;epilessia. Se lo stai assumendo regolarmente, pu\u00f2 essere prudente ridurre gradualmente la dose nell&#8217;arco di alcuni giorni o settimane. Dovresti discuterne in dettaglio con il tuo medico curante, medico, infermiere o farmacista. Se lo prendi &#8220;al bisogno&#8221; ogni pochi giorni, dovresti essere in grado di interromperlo quando non ne hai pi\u00f9 bisogno. 3 lexotanil<\/p>\n<p>Cosa devo fare se dimentico una dose di Lexotan?<br \/> Prenda la dose mancante non appena se ne ricorda, a meno che non siano trascorse meno di 4 ore dalla dose successiva.<br \/> Se ricorda di aver seguito questo, prenda semplicemente la dose successiva come al solito. Non tentare di recuperare il ritardo assumendo due dosi contemporaneamente, poich\u00e9 ci\u00f2 potrebbe comportare un aumento degli effetti avversi.<br \/> Posso consumare alcol quando sono in trattamento con bromazepam? Acquista BROMAZEPAM LEXOTANIL, noto anche come Lexotan 3 MG.<br \/> Se bevi alcolici durante l&#8217;assunzione di LEXOTANIL, potresti avvertire una maggiore sonnolenza. Ci\u00f2 \u00e8 particolarmente critico se guiderai o utilizzerai macchinari e dovresti ricevere consigli al riguardo.<\/p>\n<p>Che tipo di effetti avversi potrei avere se prendo bromazepam? Acquista BROMAZEPAM LEXOTANIL, noto anche come Lexotan 3 MG.<\/p>\n<p> Numerosi individui ottengono: Solo poche persone ottengono: Solo poche persone selezionate ottengono:<br \/> Vertigini<br \/> Sonnolenza<br \/> Il il giorno dopo potresti sentirti instabile in piedi.<br \/> Mal di testa<br \/> Confusione<br \/> Insonnia (dimenticare le cose)<br \/> Non allarmarti per il seguente elenco di effetti avversi. Alcuni individui non hanno alcun effetto negativo, mentre altri potrebbero riscontrarne alcuni che non sono inclusi qui. Se ritieni di avere un effetto collaterale dovuto ai farmaci, consulta il medico, l&#8217;infermiere o il farmacista.<\/p>\n<p>\u00c8 sicuro per me guidare o andare in bicicletta durante l&#8217;assunzione di LEXOTANIL?<\/p>\n<p> Il bromazepam pu\u00f2 compromettere la tua capacit\u00e0 di guidare e indurre lievi capogiri e stordimento.<\/p>\n<p>Fai attenzione quando guidi o usi macchinari finch\u00e9 non sai come il bromazepam ha effetti su di te. Dovresti usare cautela poich\u00e9 potrebbe rallentare il tuo tempo di reazione.<\/p>\n","protected":false},"excerpt":{"rendered":"<p>Le compresse di Lexotanil Bromazepam 3mg possono essere acquistate online. Il bromazepam (Lexotanil) \u00e8 un membro della classe di farmaci delle benzodiazepine, che comprende antidepressivi, agenti antipanico e miorilassanti.<\/p>\n<p>Bromazepam \u00e8 una benzodiazepina a breve durata d&#8217;azione con un esordio lento che viene usata frequentemente. 8230; Compresse, 3 mg, compresse orali, Alti-bromazepam 3 mg, i migliori farmaci globali<\/p>\n<p>Acquista Bromazepam online senza prescrizione medica | Acquista Lexotan 6mg online senza prescrizione medica<\/p>\n<p>Bromazepam (Lexotanil) \u00e8 una benzodiazepina.<\/p>\n","protected":false},"featured_media":5252,"comment_status":"open","ping_status":"closed","template":"","meta":[],"product_brand":[],"product_cat":[1117],"product_tag":[1419,1421,1420,1426,1422,1423,1427,1438,1429,1431,1432,1433,1434,1435,1436,1437,1430,1428,1425,1424],"class_list":{"0":"post-5236","1":"product","2":"type-product","3":"status-publish","4":"has-post-thumbnail","6":"product_cat-comprare-pillole-sesso-dolore-per-dormire","7":"product_tag-3-mg","8":"product_tag-3mg-klonopin","9":"product_tag-3mg","10":"product_tag-comprare-lexotanil-bromazepam","11":"product_tag-bromazepam","12":"product_tag-bromazepam-lexotanil","13":"product_tag-buy-lexotanil-bromazepam-from-canada","14":"product_tag-compresse-pillole-farmaci","15":"product_tag-is-lexapro-a-benzodiazepine","16":"product_tag-lexatin","17":"product_tag-lexomil","18":"product_tag-lexotan","19":"product_tag-lexotan-3mg","20":"product_tag-lexotanil","21":"product_tag-lexotanil-bromazepam","22":"product_tag-lexotanil-bromazepam-3mg","23":"product_tag-lexapro-nome-generico","24":"product_tag-puoi-overdose-su-lexapro","25":"product_tag-bromazepam-lexotanil-in-vendita","26":"product_tag-bromazepam-lexotanil-6mg-in-vendita","28":"first","29":"instock","30":"shipping-taxable","31":"purchasable","32":"product-type-variable","33":"has-default-attributes"},"yoast_head":"<!-- This site is optimized with the Yoast SEO plugin v27.3 - https:\/\/yoast.com\/product\/yoast-seo-wordpress\/ -->\n<title>Acquista le pillole di Lexotanil Bromazepam 3mg online - Best Best Global Meds<\/title>\n<meta name=\"description\" content=\"Acquista Lexotanil Bromazepam 3mg pillole in vendita online uk, europe. Il bromazepam (Lexotanil) fa parte del gruppo di farmaci noti come benzodiazepine, una classe di antidepressivi, agenti antipanico e miorilassanti.\" \/>\n<meta name=\"robots\" content=\"index, follow, max-snippet:-1, max-image-preview:large, max-video-preview:-1\" \/>\n<link rel=\"canonical\" href=\"https:\/\/medicinasinc.com\/it\/product\/comprare-lexotanil-bromazepam-3mg-pillole-online\/\" \/>\n<meta property=\"og:locale\" content=\"it_IT\" \/>\n<meta property=\"og:type\" content=\"article\" \/>\n<meta property=\"og:title\" content=\"Acquista le pillole di Lexotanil Bromazepam 3mg online - Best Best Global Meds\" \/>\n<meta property=\"og:description\" content=\"Acquista Lexotanil Bromazepam 3mg pillole in vendita online uk, europe. Il bromazepam (Lexotanil) fa parte del gruppo di farmaci noti come benzodiazepine, una classe di antidepressivi, agenti antipanico e miorilassanti.\" \/>\n<meta property=\"og:url\" content=\"https:\/\/medicinasinc.com\/it\/product\/comprare-lexotanil-bromazepam-3mg-pillole-online\/\" \/>\n<meta property=\"og:site_name\" content=\"Medicinas Inc\" \/>\n<meta property=\"article:modified_time\" content=\"2022-03-17T00:22:54+00:00\" \/>\n<meta property=\"og:image\" content=\"https:\/\/medicinasinc.com\/it\/wp-content\/uploads\/sites\/4\/2022\/02\/Buy-Lexotan-Bromazepam-3mg.jpg\" \/>\n\t<meta property=\"og:image:width\" content=\"600\" \/>\n\t<meta property=\"og:image:height\" content=\"600\" \/>\n\t<meta property=\"og:image:type\" content=\"image\/jpeg\" \/>\n<meta name=\"twitter:card\" content=\"summary_large_image\" \/>\n<meta name=\"twitter:label1\" content=\"Tempo di lettura stimato\" \/>\n\t<meta name=\"twitter:data1\" content=\"3 minuti\" \/>\n<script type=\"application\/ld+json\" class=\"yoast-schema-graph\">{\"@context\":\"https:\\\/\\\/schema.org\",\"@graph\":[{\"@type\":\"WebPage\",\"@id\":\"https:\\\/\\\/medicinasinc.com\\\/it\\\/product\\\/comprare-lexotanil-bromazepam-3mg-pillole-online\\\/\",\"url\":\"https:\\\/\\\/medicinasinc.com\\\/it\\\/product\\\/comprare-lexotanil-bromazepam-3mg-pillole-online\\\/\",\"name\":\"Acquista le pillole di Lexotanil Bromazepam 3mg online - Best Best Global Meds\",\"isPartOf\":{\"@id\":\"https:\\\/\\\/medicinasinc.com\\\/it\\\/#website\"},\"primaryImageOfPage\":{\"@id\":\"https:\\\/\\\/medicinasinc.com\\\/it\\\/product\\\/comprare-lexotanil-bromazepam-3mg-pillole-online\\\/#primaryimage\"},\"image\":{\"@id\":\"https:\\\/\\\/medicinasinc.com\\\/it\\\/product\\\/comprare-lexotanil-bromazepam-3mg-pillole-online\\\/#primaryimage\"},\"thumbnailUrl\":\"https:\\\/\\\/medicinasinc.com\\\/it\\\/wp-content\\\/uploads\\\/sites\\\/4\\\/2022\\\/02\\\/Buy-Lexotan-Bromazepam-3mg.jpg\",\"datePublished\":\"2022-02-20T22:23:28+00:00\",\"dateModified\":\"2022-03-17T00:22:54+00:00\",\"description\":\"Acquista Lexotanil Bromazepam 3mg pillole in vendita online uk, europe. Il bromazepam (Lexotanil) fa parte del gruppo di farmaci noti come benzodiazepine, una classe di antidepressivi, agenti antipanico e miorilassanti.\",\"breadcrumb\":{\"@id\":\"https:\\\/\\\/medicinasinc.com\\\/it\\\/product\\\/comprare-lexotanil-bromazepam-3mg-pillole-online\\\/#breadcrumb\"},\"inLanguage\":\"it-IT\",\"potentialAction\":[{\"@type\":\"ReadAction\",\"target\":[\"https:\\\/\\\/medicinasinc.com\\\/it\\\/product\\\/comprare-lexotanil-bromazepam-3mg-pillole-online\\\/\"]}]},{\"@type\":\"ImageObject\",\"inLanguage\":\"it-IT\",\"@id\":\"https:\\\/\\\/medicinasinc.com\\\/it\\\/product\\\/comprare-lexotanil-bromazepam-3mg-pillole-online\\\/#primaryimage\",\"url\":\"https:\\\/\\\/medicinasinc.com\\\/it\\\/wp-content\\\/uploads\\\/sites\\\/4\\\/2022\\\/02\\\/Buy-Lexotan-Bromazepam-3mg.jpg\",\"contentUrl\":\"https:\\\/\\\/medicinasinc.com\\\/it\\\/wp-content\\\/uploads\\\/sites\\\/4\\\/2022\\\/02\\\/Buy-Lexotan-Bromazepam-3mg.jpg\",\"width\":600,\"height\":600},{\"@type\":\"BreadcrumbList\",\"@id\":\"https:\\\/\\\/medicinasinc.com\\\/it\\\/product\\\/comprare-lexotanil-bromazepam-3mg-pillole-online\\\/#breadcrumb\",\"itemListElement\":[{\"@type\":\"ListItem\",\"position\":1,\"name\":\"Negozio\",\"item\":\"https:\\\/\\\/medicinasinc.com\\\/it\\\/negozio\\\/\"},{\"@type\":\"ListItem\",\"position\":2,\"name\":\"Acquista le pillole di Lexotanil Bromazepam 3mg online\"}]},{\"@type\":\"WebSite\",\"@id\":\"https:\\\/\\\/medicinasinc.com\\\/it\\\/#website\",\"url\":\"https:\\\/\\\/medicinasinc.com\\\/it\\\/\",\"name\":\"Medicinas Inc\",\"description\":\"Health Medical Clinic\",\"potentialAction\":[{\"@type\":\"SearchAction\",\"target\":{\"@type\":\"EntryPoint\",\"urlTemplate\":\"https:\\\/\\\/medicinasinc.com\\\/it\\\/?s={search_term_string}\"},\"query-input\":{\"@type\":\"PropertyValueSpecification\",\"valueRequired\":true,\"valueName\":\"search_term_string\"}}],\"inLanguage\":\"it-IT\"}]}<\/script>\n<!-- \/ Yoast SEO plugin. -->","yoast_head_json":{"title":"Acquista le pillole di Lexotanil Bromazepam 3mg online - Best Best Global Meds","description":"Acquista Lexotanil Bromazepam 3mg pillole in vendita online uk, europe. Il bromazepam (Lexotanil) fa parte del gruppo di farmaci noti come benzodiazepine, una classe di antidepressivi, agenti antipanico e miorilassanti.","robots":{"index":"index","follow":"follow","max-snippet":"max-snippet:-1","max-image-preview":"max-image-preview:large","max-video-preview":"max-video-preview:-1"},"canonical":"https:\/\/medicinasinc.com\/it\/product\/comprare-lexotanil-bromazepam-3mg-pillole-online\/","og_locale":"it_IT","og_type":"article","og_title":"Acquista le pillole di Lexotanil Bromazepam 3mg online - Best Best Global Meds","og_description":"Acquista Lexotanil Bromazepam 3mg pillole in vendita online uk, europe. Il bromazepam (Lexotanil) fa parte del gruppo di farmaci noti come benzodiazepine, una classe di antidepressivi, agenti antipanico e miorilassanti.","og_url":"https:\/\/medicinasinc.com\/it\/product\/comprare-lexotanil-bromazepam-3mg-pillole-online\/","og_site_name":"Medicinas Inc","article_modified_time":"2022-03-17T00:22:54+00:00","og_image":[{"width":600,"height":600,"url":"https:\/\/medicinasinc.com\/it\/wp-content\/uploads\/sites\/4\/2022\/02\/Buy-Lexotan-Bromazepam-3mg.jpg","type":"image\/jpeg"}],"twitter_card":"summary_large_image","twitter_misc":{"Tempo di lettura stimato":"3 minuti"},"schema":{"@context":"https:\/\/schema.org","@graph":[{"@type":"WebPage","@id":"https:\/\/medicinasinc.com\/it\/product\/comprare-lexotanil-bromazepam-3mg-pillole-online\/","url":"https:\/\/medicinasinc.com\/it\/product\/comprare-lexotanil-bromazepam-3mg-pillole-online\/","name":"Acquista le pillole di Lexotanil Bromazepam 3mg online - Best Best Global Meds","isPartOf":{"@id":"https:\/\/medicinasinc.com\/it\/#website"},"primaryImageOfPage":{"@id":"https:\/\/medicinasinc.com\/it\/product\/comprare-lexotanil-bromazepam-3mg-pillole-online\/#primaryimage"},"image":{"@id":"https:\/\/medicinasinc.com\/it\/product\/comprare-lexotanil-bromazepam-3mg-pillole-online\/#primaryimage"},"thumbnailUrl":"https:\/\/medicinasinc.com\/it\/wp-content\/uploads\/sites\/4\/2022\/02\/Buy-Lexotan-Bromazepam-3mg.jpg","datePublished":"2022-02-20T22:23:28+00:00","dateModified":"2022-03-17T00:22:54+00:00","description":"Acquista Lexotanil Bromazepam 3mg pillole in vendita online uk, europe. Il bromazepam (Lexotanil) fa parte del gruppo di farmaci noti come benzodiazepine, una classe di antidepressivi, agenti antipanico e miorilassanti.","breadcrumb":{"@id":"https:\/\/medicinasinc.com\/it\/product\/comprare-lexotanil-bromazepam-3mg-pillole-online\/#breadcrumb"},"inLanguage":"it-IT","potentialAction":[{"@type":"ReadAction","target":["https:\/\/medicinasinc.com\/it\/product\/comprare-lexotanil-bromazepam-3mg-pillole-online\/"]}]},{"@type":"ImageObject","inLanguage":"it-IT","@id":"https:\/\/medicinasinc.com\/it\/product\/comprare-lexotanil-bromazepam-3mg-pillole-online\/#primaryimage","url":"https:\/\/medicinasinc.com\/it\/wp-content\/uploads\/sites\/4\/2022\/02\/Buy-Lexotan-Bromazepam-3mg.jpg","contentUrl":"https:\/\/medicinasinc.com\/it\/wp-content\/uploads\/sites\/4\/2022\/02\/Buy-Lexotan-Bromazepam-3mg.jpg","width":600,"height":600},{"@type":"BreadcrumbList","@id":"https:\/\/medicinasinc.com\/it\/product\/comprare-lexotanil-bromazepam-3mg-pillole-online\/#breadcrumb","itemListElement":[{"@type":"ListItem","position":1,"name":"Negozio","item":"https:\/\/medicinasinc.com\/it\/negozio\/"},{"@type":"ListItem","position":2,"name":"Acquista le pillole di Lexotanil Bromazepam 3mg online"}]},{"@type":"WebSite","@id":"https:\/\/medicinasinc.com\/it\/#website","url":"https:\/\/medicinasinc.com\/it\/","name":"Medicinas Inc","description":"Health Medical Clinic","potentialAction":[{"@type":"SearchAction","target":{"@type":"EntryPoint","urlTemplate":"https:\/\/medicinasinc.com\/it\/?s={search_term_string}"},"query-input":{"@type":"PropertyValueSpecification","valueRequired":true,"valueName":"search_term_string"}}],"inLanguage":"it-IT"}]}},"_links":{"self":[{"href":"https:\/\/medicinasinc.com\/it\/wp-json\/wp\/v2\/product\/5236","targetHints":{"allow":["GET"]}}],"collection":[{"href":"https:\/\/medicinasinc.com\/it\/wp-json\/wp\/v2\/product"}],"about":[{"href":"https:\/\/medicinasinc.com\/it\/wp-json\/wp\/v2\/types\/product"}],"replies":[{"embeddable":true,"href":"https:\/\/medicinasinc.com\/it\/wp-json\/wp\/v2\/comments?post=5236"}],"wp:featuredmedia":[{"embeddable":true,"href":"https:\/\/medicinasinc.com\/it\/wp-json\/wp\/v2\/media\/5252"}],"wp:attachment":[{"href":"https:\/\/medicinasinc.com\/it\/wp-json\/wp\/v2\/media?parent=5236"}],"wp:term":[{"taxonomy":"product_brand","embeddable":true,"href":"https:\/\/medicinasinc.com\/it\/wp-json\/wp\/v2\/product_brand?post=5236"},{"taxonomy":"product_cat","embeddable":true,"href":"https:\/\/medicinasinc.com\/it\/wp-json\/wp\/v2\/product_cat?post=5236"},{"taxonomy":"product_tag","embeddable":true,"href":"https:\/\/medicinasinc.com\/it\/wp-json\/wp\/v2\/product_tag?post=5236"}],"curies":[{"name":"wp","href":"https:\/\/api.w.org\/{rel}","templated":true}]}}